{"id":3397,"date":"2023-12-07T14:57:24","date_gmt":"2023-12-07T14:57:24","guid":{"rendered":"https:\/\/uk-gb.net\/liikeviisumi-englantiin-yhdistynyt-kuningaskunta\/"},"modified":"2025-07-17T16:00:13","modified_gmt":"2025-07-17T15:00:13","slug":"liikeviisumi-englantiin-yhdistynyt-kuningaskunta","status":"publish","type":"page","link":"https:\/\/uk-gb.net\/fi\/liikeviisumi-englantiin-yhdistynyt-kuningaskunta\/","title":{"rendered":"Brittil\u00e4inen viisumi Yhdistyneess\u00e4 kuningaskunnassa oleskelua varten"},"content":{"rendered":"\n<h1 class=\"wp-block-heading\">Yritysviisumi Yhdistyneeseen kuningaskuntaan<\/h1>\n\n<p><strong>Yhdistyneen kuningaskunnan bisnesviisumi<\/strong> (Standard Visitor Visa &#8211; Business category) antaa ulkomaisille ammattilaisille mahdollisuuden oleskella tilap\u00e4isesti Yhdistyneess\u00e4 kuningaskunnassa liike-, opiskelu- tai yhteisty\u00f6tarkoituksessa. Viisumin haltija ei voi ty\u00f6skennell\u00e4 brittil\u00e4isen yrityksen palveluksessa, mutta se sallii tietyt tarkoin m\u00e4\u00e4ritellyt ty\u00f6teht\u00e4v\u00e4t. <\/p>\n\n<p><strong>Alle kuuden kuukauden oleskelu<\/strong>: Sinun ei tarvitse hankkia liikeviisumia, vaan voit hakea s\u00e4hk\u00f6ist\u00e4 matkustuslupaa (ETA) t\u00e4ytt\u00e4m\u00e4ll\u00e4 <a href=\"https:\/\/uk-gb.net\/fi\/online-eta-viisumi-englannista\/\">ETA-lomakkeen verkossa<\/a>.<\/p>\n\n<div style=\"height:10px\" aria-hidden=\"true\" class=\"wp-block-spacer\"><\/div>\n\n<h2 class=\"wp-block-heading\">Mik\u00e4 on Yhdistyneen kuningaskunnan yritysviisumin tarkoitus?<\/h2>\n\n<p>Liikemiesviisumi on tarkoitettu vierailijoille, jotka haluavat vierailla Yhdistyneess\u00e4 kuningaskunnassa <strong>ammatillisista<\/strong> syist\u00e4 ilman, ett\u00e4 he ottavat vastaan palkattua ty\u00f6t\u00e4 paikan p\u00e4\u00e4ll\u00e4. Se on tarkoitettu yritysten johtajille, edustajille, tutkijoille, luennoitsijoille, sijoittajille tai ulkomaisen yrityksen j\u00e4senille, joilla on yhteyksi\u00e4 brittil\u00e4isiin yksik\u00f6ihin. <\/p>\n\n<p>Sen avulla voit erityisesti :<\/p>\n\n<ul class=\"wp-block-list\">\n<li>Osallistu <strong>kokouksiin<\/strong>, <strong>konferensseihin<\/strong> tai <strong>messuille<\/strong><\/li>\n\n\n\n<li><strong>Kaupallisten sopimusten<\/strong> allekirjoittaminen<\/li>\n\n\n\n<li><strong>Tarkastusten<\/strong>, <strong>tarkastusten<\/strong> ja <strong>neuvottelujen<\/strong> suorittaminen.<\/li>\n\n\n\n<li>Pid\u00e4 <strong>esitelm\u00e4<\/strong> tai osallistu seminaariin<\/li>\n\n\n\n<li>Osallistu <strong>lyhyelle kurssille<\/strong> (Yhdistyneen kuningaskunnan ty\u00f6nantajan maksamatta j\u00e4tt\u00e4m\u00e4lle).<\/li>\n\n\n\n<li>Tiettyjen <strong>tieteellisten tai akateemisten teht\u00e4vien<\/strong> suorittaminen tunnustetuille yliopistoille tai laitoksille.<\/li>\n<\/ul>\n\n<div style=\"height:10px\" aria-hidden=\"true\" class=\"wp-block-spacer\"><\/div>\n\n<h2 class=\"wp-block-heading\">Kuka voi hakea Yhdistyneen kuningaskunnan yritysviisumia?<\/h2>\n\n<p>Yritysviisumi on avoinna kaikille ulkomaalaisille, jotka eiv\u00e4t voi saada <a href=\"https:\/\/uk-gb.net\/fi\/eta-englanti-iso-britannia\/\">s\u00e4hk\u00f6ist\u00e4 ETA-matkustuslupaa<\/a> tai jotka haluavat varmistaa oikeudelliset puitteet tietylle yritystoiminnalle.<\/p>\n\n<p>Euroopan unionin, Yhdysvaltojen, Kanadan ja muiden viisumivapaiden maiden kansalaiset voivat joissakin tapauksissa tulla maahan ilman viisumia rajoitettua liiketoimintaa varten, mutta <strong>viisumia suositellaan<\/strong> toistuviin, pitkiin tai arkaluonteisiin matkoihin.<\/p>\n\n<h2 class=\"wp-block-heading\">Miten voin hakea?<\/h2>\n\n<p><a href=\"https:\/\/uk-gb.net\/fi\/yhdistyneen-kuningaskunnan-viisumihakemusmenettely\/\">Yhdistyneen kuningaskunnan viisumimenettelyn<\/a> p\u00e4\u00e4vaiheet ovat seuraavat:<\/p>\n\n<ol class=\"wp-block-list\">\n<li>K\u00e4y virallisella <a href=\"https:\/\/www.gov.uk\/uk-expansion-worker-visa\">gov.uk-sivustolla<\/a><\/li>\n\n\n\n<li>T\u00e4yt\u00e4 <strong>online-lomake<\/strong><\/li>\n\n\n\n<li><a href=\"https:\/\/uk-gb.net\/fi\/kuinka-paljon-englannin-viisumi-maksaa\/\">Maksa viisumimaksut<\/a> verkossa<\/li>\n\n\n\n<li>Varaa <strong>aika viisuminhakukeskukseen<\/strong> biometrist\u00e4 rekister\u00f6inti\u00e4 varten.<\/li>\n\n\n\n<li>Toimita <strong>tositteet<\/strong><\/li>\n\n\n\n<li>Seuraa hakemustasi lopulliseen p\u00e4\u00e4t\u00f6kseen asti<\/li>\n<\/ol>\n\n<div style=\"height:10px\" aria-hidden=\"true\" class=\"wp-block-spacer\"><\/div>\n\n<h2 class=\"wp-block-heading\">Yritysviisumin kustannukset Yhdistyneeseen kuningaskuntaan<\/h2>\n\n<figure class=\"wp-block-table\"><table><tbody><tr><td><strong>Tavallinen vierailijaviisumi<\/strong><\/td><td class=\"has-text-align-center\" data-align=\"center\"><strong>Viisumimaksut<\/strong><\/td><\/tr><tr><td>Viisumi enint\u00e4\u00e4n 6 kuukauden oleskelua varten<\/td><td class=\"has-text-align-center\" data-align=\"center\">115 \u00a3<\/td><\/tr><tr><td>2 vuoden viisumi<\/td><td class=\"has-text-align-center\" data-align=\"center\">400 \u00a3<\/td><\/tr><tr><td>5 vuoden viisumi<\/td><td class=\"has-text-align-center\" data-align=\"center\">771 \u00a3<\/td><\/tr><tr><td>10 vuoden viisumi<\/td><td class=\"has-text-align-center\" data-align=\"center\">963 \u00a3<\/td><\/tr><\/tbody><\/table><figcaption class=\"wp-element-caption\">Taulukko liiketoimintaviisumin maksuista<\/figcaption><\/figure>\n\n<p>Lis\u00e4tietoja on sivulla, jossa on t\u00e4ydellinen luettelo <a href=\"https:\/\/uk-gb.net\/fi\/kuinka-paljon-englannin-viisumi-maksaa\/\">Yhdistyneen kuningaskunnan viisumimaksuista<\/a>.<\/p>\n\n<h2 class=\"wp-block-heading\">Voinko ty\u00f6skennell\u00e4 Yhdistyneess\u00e4 kuningaskunnassa bisnesviisumilla?<\/h2>\n\n<p>Ei. Liikeviisumi <strong>ei oikeuta palkkaty\u00f6h\u00f6n<\/strong> brittil\u00e4isess\u00e4 yrityksess\u00e4. Se ei my\u00f6sk\u00e4\u00e4n anna sinulle oikeutta hakea ty\u00f6t\u00e4 tai asettua pysyv\u00e4sti Yhdistyneeseen kuningaskuntaan.  <\/p>\n\n<p>S\u00e4\u00e4nn\u00f6llist\u00e4, palkattua tai pitk\u00e4kestoista ammatillista toimintaa varten on hankittava erityinen <strong>ty\u00f6viisumi<\/strong> (esim. Skilled Worker -viisumi).<\/p>\n\n<h2 class=\"wp-block-heading\">Mik\u00e4 on PBS:n pistepohjainen viisumij\u00e4rjestelm\u00e4?<\/h2>\n\n<p>Yhdistyneen kuningaskunnan <a href=\"https:\/\/uk-gb.net\/fi\/pbs-pistejarjestelma-viisumin-saamiseksi-englantiin\/\">pistepohjainen j\u00e4rjestelm\u00e4<\/a> (PBS) on suunnattu ensisijaisesti <strong>ammattitaitoisille ty\u00f6ntekij\u00f6ille<\/strong>, <strong>kansainv\u00e4lisille opiskelijoille<\/strong> ja <strong>innovatiivisille profiileille<\/strong>, jotka pystyv\u00e4t vastaamaan Yhdistyneen kuningaskunnan taloudellisiin tarpeisiin. J\u00e4rjestelm\u00e4 ei salli ihmisten tulla ammattitaidottomiin t\u00f6ihin tai pidempiaikaiseen oleskeluun ilman vahvistettua ty\u00f6tarjousta. <\/p>\n\n<p>Ennen hakemuksen j\u00e4tt\u00e4mist\u00e4 on t\u00e4rke\u00e4\u00e4 :<\/p>\n\n<ul class=\"wp-block-list\">\n<li>Ennakoida viisumin hakemiseen kuluva aika ja kustannukset.<\/li>\n\n\n\n<li>Tarkista, ett\u00e4 olet saavuttanut v\u00e4hint\u00e4\u00e4n 70 pistett\u00e4.<\/li>\n\n\n\n<li>Ota yhteytt\u00e4 maahanmuuttoneuvojaan, jos tilanteesi on monimutkainen.<\/li>\n<\/ul>\n\n<div style=\"height:10px\" aria-hidden=\"true\" class=\"wp-block-spacer\"><\/div>\n\n<p><\/p>\n","protected":false},"excerpt":{"rendered":"<p>Yritysviisumi Yhdistyneeseen kuningaskuntaan Yhdistyneen kuningaskunnan bisnesviisumi (Standard Visitor Visa &#8211; Business category) antaa ulkomaisille ammattilaisille mahdollisuuden oleskella tilap\u00e4isesti Yhdistyneess\u00e4 kuningaskunnassa liike-, opiskelu- tai yhteisty\u00f6tarkoituksessa. Viisumin haltija ei voi ty\u00f6skennell\u00e4 brittil\u00e4isen yrityksen palveluksessa, mutta se sallii tietyt tarkoin m\u00e4\u00e4ritellyt ty\u00f6teht\u00e4v\u00e4t. Alle kuuden kuukauden oleskelu: Sinun ei tarvitse hankkia liikeviisumia, vaan voit hakea s\u00e4hk\u00f6ist\u00e4 matkustuslupaa (ETA) t\u00e4ytt\u00e4m\u00e4ll\u00e4 [&hellip;]<\/p>\n","protected":false},"author":1,"featured_media":0,"parent":0,"menu_order":0,"comment_status":"closed","ping_status":"closed","template":"","meta":{"footnotes":""},"class_list":["post-3397","page","type-page","status-publish","hentry"],"yoast_head":"<!-- This site is optimized with the Yoast SEO plugin v27.4 - https:\/\/yoast.com\/product\/yoast-seo-wordpress\/ -->\n<title>Brittil\u00e4inen viisumi Yhdistyneess\u00e4 kuningaskunnassa oleskelua varten - UK GB<\/title>\n<meta name=\"description\" content=\"Mitk\u00e4 ovat edellytykset liikematkaviisumin saamiselle Yhdistyneeseen kuningaskuntaan liikematkustamista varten?\" \/>\n<meta name=\"robots\" content=\"index, follow, max-snippet:-1, max-image-preview:large, max-video-preview:-1\" \/>\n<link rel=\"canonical\" href=\"https:\/\/uk-gb.net\/fi\/liikeviisumi-englantiin-yhdistynyt-kuningaskunta\/\" \/>\n<meta property=\"og:locale\" content=\"fi_FI\" \/>\n<meta property=\"og:type\" content=\"article\" \/>\n<meta property=\"og:title\" content=\"Brittil\u00e4inen viisumi Yhdistyneess\u00e4 kuningaskunnassa oleskelua varten - UK GB\" \/>\n<meta property=\"og:description\" content=\"Mitk\u00e4 ovat edellytykset liikematkaviisumin saamiselle Yhdistyneeseen kuningaskuntaan liikematkustamista varten?\" \/>\n<meta property=\"og:url\" content=\"https:\/\/uk-gb.net\/fi\/liikeviisumi-englantiin-yhdistynyt-kuningaskunta\/\" \/>\n<meta property=\"og:site_name\" content=\"UK GB\" \/>\n<meta property=\"article:modified_time\" content=\"2025-07-17T15:00:13+00:00\" \/>\n<meta name=\"twitter:card\" content=\"summary_large_image\" \/>\n<meta name=\"twitter:label1\" content=\"Arvioitu lukuaika\" \/>\n\t<meta name=\"twitter:data1\" content=\"2 minuuttia\" \/>\n<script type=\"application\/ld+json\" class=\"yoast-schema-graph\">{\"@context\":\"https:\\\/\\\/schema.org\",\"@graph\":[{\"@type\":\"WebPage\",\"@id\":\"https:\\\/\\\/uk-gb.net\\\/fi\\\/liikeviisumi-englantiin-yhdistynyt-kuningaskunta\\\/\",\"url\":\"https:\\\/\\\/uk-gb.net\\\/fi\\\/liikeviisumi-englantiin-yhdistynyt-kuningaskunta\\\/\",\"name\":\"Brittil\u00e4inen viisumi Yhdistyneess\u00e4 kuningaskunnassa oleskelua varten - UK GB\",\"isPartOf\":{\"@id\":\"https:\\\/\\\/uk-gb.net\\\/fi\\\/#website\"},\"datePublished\":\"2023-12-07T14:57:24+00:00\",\"dateModified\":\"2025-07-17T15:00:13+00:00\",\"description\":\"Mitk\u00e4 ovat edellytykset liikematkaviisumin saamiselle Yhdistyneeseen kuningaskuntaan liikematkustamista varten?\",\"inLanguage\":\"fi\",\"potentialAction\":[{\"@type\":\"ReadAction\",\"target\":[\"https:\\\/\\\/uk-gb.net\\\/fi\\\/liikeviisumi-englantiin-yhdistynyt-kuningaskunta\\\/\"]}]},{\"@type\":\"WebSite\",\"@id\":\"https:\\\/\\\/uk-gb.net\\\/fi\\\/#website\",\"url\":\"https:\\\/\\\/uk-gb.net\\\/fi\\\/\",\"name\":\"UK GB\",\"description\":\"Travel to the UK\",\"potentialAction\":[{\"@type\":\"SearchAction\",\"target\":{\"@type\":\"EntryPoint\",\"urlTemplate\":\"https:\\\/\\\/uk-gb.net\\\/fi\\\/?s={search_term_string}\"},\"query-input\":{\"@type\":\"PropertyValueSpecification\",\"valueRequired\":true,\"valueName\":\"search_term_string\"}}],\"inLanguage\":\"fi\"}]}<\/script>\n<!-- \/ Yoast SEO plugin. -->","yoast_head_json":{"title":"Brittil\u00e4inen viisumi Yhdistyneess\u00e4 kuningaskunnassa oleskelua varten - UK GB","description":"Mitk\u00e4 ovat edellytykset liikematkaviisumin saamiselle Yhdistyneeseen kuningaskuntaan liikematkustamista varten?","robots":{"index":"index","follow":"follow","max-snippet":"max-snippet:-1","max-image-preview":"max-image-preview:large","max-video-preview":"max-video-preview:-1"},"canonical":"https:\/\/uk-gb.net\/fi\/liikeviisumi-englantiin-yhdistynyt-kuningaskunta\/","og_locale":"fi_FI","og_type":"article","og_title":"Brittil\u00e4inen viisumi Yhdistyneess\u00e4 kuningaskunnassa oleskelua varten - UK GB","og_description":"Mitk\u00e4 ovat edellytykset liikematkaviisumin saamiselle Yhdistyneeseen kuningaskuntaan liikematkustamista varten?","og_url":"https:\/\/uk-gb.net\/fi\/liikeviisumi-englantiin-yhdistynyt-kuningaskunta\/","og_site_name":"UK GB","article_modified_time":"2025-07-17T15:00:13+00:00","twitter_card":"summary_large_image","twitter_misc":{"Arvioitu lukuaika":"2 minuuttia"},"schema":{"@context":"https:\/\/schema.org","@graph":[{"@type":"WebPage","@id":"https:\/\/uk-gb.net\/fi\/liikeviisumi-englantiin-yhdistynyt-kuningaskunta\/","url":"https:\/\/uk-gb.net\/fi\/liikeviisumi-englantiin-yhdistynyt-kuningaskunta\/","name":"Brittil\u00e4inen viisumi Yhdistyneess\u00e4 kuningaskunnassa oleskelua varten - UK GB","isPartOf":{"@id":"https:\/\/uk-gb.net\/fi\/#website"},"datePublished":"2023-12-07T14:57:24+00:00","dateModified":"2025-07-17T15:00:13+00:00","description":"Mitk\u00e4 ovat edellytykset liikematkaviisumin saamiselle Yhdistyneeseen kuningaskuntaan liikematkustamista varten?","inLanguage":"fi","potentialAction":[{"@type":"ReadAction","target":["https:\/\/uk-gb.net\/fi\/liikeviisumi-englantiin-yhdistynyt-kuningaskunta\/"]}]},{"@type":"WebSite","@id":"https:\/\/uk-gb.net\/fi\/#website","url":"https:\/\/uk-gb.net\/fi\/","name":"UK GB","description":"Travel to the UK","potentialAction":[{"@type":"SearchAction","target":{"@type":"EntryPoint","urlTemplate":"https:\/\/uk-gb.net\/fi\/?s={search_term_string}"},"query-input":{"@type":"PropertyValueSpecification","valueRequired":true,"valueName":"search_term_string"}}],"inLanguage":"fi"}]}},"_links":{"self":[{"href":"https:\/\/uk-gb.net\/fi\/wp-json\/wp\/v2\/pages\/3397","targetHints":{"allow":["GET"]}}],"collection":[{"href":"https:\/\/uk-gb.net\/fi\/wp-json\/wp\/v2\/pages"}],"about":[{"href":"https:\/\/uk-gb.net\/fi\/wp-json\/wp\/v2\/types\/page"}],"author":[{"embeddable":true,"href":"https:\/\/uk-gb.net\/fi\/wp-json\/wp\/v2\/users\/1"}],"replies":[{"embeddable":true,"href":"https:\/\/uk-gb.net\/fi\/wp-json\/wp\/v2\/comments?post=3397"}],"version-history":[{"count":0,"href":"https:\/\/uk-gb.net\/fi\/wp-json\/wp\/v2\/pages\/3397\/revisions"}],"wp:attachment":[{"href":"https:\/\/uk-gb.net\/fi\/wp-json\/wp\/v2\/media?parent=3397"}],"curies":[{"name":"wp","href":"https:\/\/api.w.org\/{rel}","templated":true}]}}