{"id":3395,"date":"2023-12-07T14:52:18","date_gmt":"2023-12-07T14:52:18","guid":{"rendered":"https:\/\/uk-gb.net\/pbs-pistejarjestelma-viisumin-saamiseksi-englantiin\/"},"modified":"2025-07-17T15:25:11","modified_gmt":"2025-07-17T14:25:11","slug":"pbs-pistejarjestelma-viisumin-saamiseksi-englantiin","status":"publish","type":"page","link":"https:\/\/uk-gb.net\/fi\/pbs-pistejarjestelma-viisumin-saamiseksi-englantiin\/","title":{"rendered":"PBS-pistej\u00e4rjestelm\u00e4 viisumin saamiseksi Englantiin"},"content":{"rendered":"\n<h1 class=\"wp-block-heading\">PBS-pistej\u00e4rjestelm\u00e4 Yhdistyneen kuningaskunnan viisumin saamiseksi<\/h1>\n\n<p>Euroopan unionista eroamisensa j\u00e4lkeen Yhdistynyt kuningaskunta on ottanut k\u00e4ytt\u00f6\u00f6n <strong>pistepohjaisen maahanmuuttoj\u00e4rjestelm\u00e4n<\/strong>, joka tunnetaan my\u00f6s nimell\u00e4 <strong>PBS (Points-Based System)<\/strong>. PBS vahvistaa <a href=\"https:\/\/uk-gb.net\/fi\/yhdistyneen-kuningaskunnan-viisumihakemusmenettely\/\">Yhdistyneen kuningaskunnan viisumihakemusprosessia<\/a>. J\u00e4rjestelm\u00e4\u00e4 sovelletaan ulkomaalaisiin, jotka haluavat ty\u00f6skennell\u00e4, opiskella tai asua Yhdistyneess\u00e4 kuningaskunnassa, riippumatta heid\u00e4n kansalaisuudestaan.  <\/p>\n\n<h2 class=\"wp-block-heading\">Mik\u00e4 on Yhdistyneen kuningaskunnan pistepohjainen j\u00e4rjestelm\u00e4?<\/h2>\n\n<p><a href=\"https:\/\/www.gov.uk\/government\/publications\/uk-points-based-immigration-system-employer-information\/the-uks-points-based-immigration-system-an-introduction-for-employers\">PBS-pistej\u00e4rjestelm\u00e4<\/a> on arviointij\u00e4rjestelm\u00e4, jossa jokaiselle <a href=\"https:\/\/uk-gb.net\/fi\/erityyppisia-brittilaisia-viisumeja\/\">Yhdistyneen kuningaskunnan viisumin<\/a> hakijalle jaetaan tietty m\u00e4\u00e4r\u00e4 pisteit\u00e4 selke\u00e4sti m\u00e4\u00e4riteltyjen kriteerien perusteella. Saadakseen viisumin hakijan on saavutettava <strong>v\u00e4himm\u00e4ispistem\u00e4\u00e4r\u00e4<\/strong>, joka on yleens\u00e4 <strong>70 pistett\u00e4<\/strong>. <\/p>\n\n<p>J\u00e4rjestelm\u00e4n tavoitteena on edist\u00e4\u00e4 p\u00e4tevi\u00e4 ja riippumattomia profiileja, jotka vastaavat maan taloudellisia tarpeita erityisesti niukasti tarjolla olevilla aloilla (terveydenhuolto, tekniikka, insin\u00f6\u00f6ritieteet jne.).<\/p>\n\n<h2 class=\"wp-block-heading\">Ket\u00e4 PBS-j\u00e4rjestelm\u00e4 koskee?<\/h2>\n\n<p>Pistepohjaista j\u00e4rjestelm\u00e4\u00e4 sovelletaan useisiin viisumityyppeihin, kuten :<\/p>\n\n<ul class=\"wp-block-list\">\n<li><strong>Ammattitaitoisen<\/strong> ty\u00f6ntekij\u00e4n viisumi<\/li>\n\n\n\n<li><strong>Maailmanlaajuinen lahjakkuusviisumi<\/strong><\/li>\n\n\n\n<li><strong>Opiskelijaviisumi<\/strong><\/li>\n\n\n\n<li><strong>Innovaattorin perustajan viisumi<\/strong><\/li>\n\n\n\n<li><strong>Tilap\u00e4isen<\/strong> ty\u00f6ntekij\u00e4n viisumi<\/li>\n<\/ul>\n\n<div style=\"height:10px\" aria-hidden=\"true\" class=\"wp-block-spacer\"><\/div>\n\n<p>Kullakin viisumityypill\u00e4 on omat kriteerins\u00e4 ja pistekynnyksens\u00e4.<\/p>\n\n<h2 class=\"wp-block-heading\">Miten pisteit\u00e4 my\u00f6nnet\u00e4\u00e4n?<\/h2>\n\n<p>Pisteit\u00e4 annetaan useiden tekij\u00f6iden perusteella, mukaan lukien :<\/p>\n\n<figure class=\"wp-block-table\"><table><thead><tr><th class=\"has-text-align-left\" data-align=\"left\"><strong>Kriteerit<\/strong><\/th><th class=\"has-text-align-center\" data-align=\"center\"><strong>Pisteiden m\u00e4\u00e4r\u00e4<\/strong><\/th><th class=\"has-text-align-center\" data-align=\"center\"><strong>Onko se pakollista?<\/strong><\/th><\/tr><\/thead><tbody><tr><td class=\"has-text-align-left\" data-align=\"left\">Sponsorin vahvistama ty\u00f6tarjous<\/td><td class=\"has-text-align-center\" data-align=\"center\">20 pistett\u00e4<\/td><td class=\"has-text-align-center\" data-align=\"center\">Kyll\u00e4<\/td><\/tr><tr><td class=\"has-text-align-left\" data-align=\"left\">Ammatillinen p\u00e4tevyystaso<\/td><td class=\"has-text-align-center\" data-align=\"center\">20 pistett\u00e4<\/td><td class=\"has-text-align-center\" data-align=\"center\">Kyll\u00e4<\/td><\/tr><tr><td class=\"has-text-align-left\" data-align=\"left\">Englannin kielen taito (B1-taso)<\/td><td class=\"has-text-align-center\" data-align=\"center\">10 pistett\u00e4<\/td><td class=\"has-text-align-center\" data-align=\"center\">Kyll\u00e4<\/td><\/tr><tr><td class=\"has-text-align-left\" data-align=\"left\">V\u00e4hint\u00e4\u00e4n 26 200 punnan vuosipalkka<\/td><td class=\"has-text-align-center\" data-align=\"center\">20 pistett\u00e4<\/td><td class=\"has-text-align-center\" data-align=\"center\">Kyll\u00e4 (joitakin poikkeuksia lukuun ottamatta)<\/td><\/tr><tr><td class=\"has-text-align-left\" data-align=\"left\">Pula-ammatti<\/td><td class=\"has-text-align-center\" data-align=\"center\">20 pistett\u00e4<\/td><td class=\"has-text-align-center\" data-align=\"center\">Ei<\/td><\/tr><tr><td class=\"has-text-align-left\" data-align=\"left\">Tohtorin tutkinto (STEM)<\/td><td class=\"has-text-align-center\" data-align=\"center\">10-20 pistett\u00e4<\/td><td class=\"has-text-align-center\" data-align=\"center\">Ei<\/td><\/tr><\/tbody><\/table><figcaption class=\"wp-element-caption\">Esimerkki: P\u00e4tev\u00e4 ty\u00f6ntekij\u00e4, jolla on ty\u00f6tarjous nopeasti kasvavassa ammatissa, hyv\u00e4 englannin kielen taito ja yli 26 200 punnan palkka, saavuttaa helposti vaaditut 70 pistett\u00e4.<\/figcaption><\/figure>\n\n<h2 class=\"wp-block-heading\">Mit\u00e4 vaiheita PBS-j\u00e4rjestelm\u00e4n kautta tapahtuvaan hakemiseen liittyy?<\/h2>\n\n<ol class=\"wp-block-list\">\n<li>Tunnista profiiliasi vastaava <a href=\"https:\/\/uk-gb.net\/fi\/erityyppisia-brittilaisia-viisumeja\/\">Yhdistyneen kuningaskunnan viisumityyppi<\/a>.<\/li>\n\n\n\n<li>Tarkista kelpoisuusehdot ja laske pisteesi<\/li>\n\n\n\n<li>Hanki sponsori tai sponsorikirje (ty\u00f6nantaja, yliopisto jne.).<\/li>\n\n\n\n<li>Ker\u00e4\u00e4 tarvittavat todistusasiakirjat (ty\u00f6sopimus, englanninkielinen todistus, taloudelliset todisteet jne.).<\/li>\n\n\n\n<li>T\u00e4yt\u00e4 s\u00e4hk\u00f6inen lomake osoitteessa <a href=\"https:\/\/www.gov.uk\/\">gov.uk.<\/a><\/li>\n\n\n\n<li>Maksa <a href=\"https:\/\/uk-gb.net\/fi\/kuinka-paljon-englannin-viisumi-maksaa\/\">viisumimaksut<\/a> ja terveydenhuoltomaksu (IHS).<\/li>\n\n\n\n<li>Varaa <a href=\"https:\/\/uk-gb.net\/fi\/viisumiajanvaraus-englannin-suurlahetysto\/\">aika suurl\u00e4hetyst\u00f6n haastatteluun.<\/a><\/li>\n<\/ol>\n\n<div style=\"height:10px\" aria-hidden=\"true\" class=\"wp-block-spacer\"><\/div>\n\n<h2 class=\"wp-block-heading\">Opiskelijaviisumin erityispiirteet PBS-j\u00e4rjestelm\u00e4ss\u00e4<\/h2>\n\n<p><a href=\"https:\/\/uk-gb.net\/fi\/opiskelijaviisumi-englanti-iso-britannia\/\">Opiskelijaviisumia<\/a> varten pisteit\u00e4 my\u00f6nnet\u00e4\u00e4n seuraavasti:<\/p>\n\n<ul class=\"wp-block-list\">\n<li>50 pistett\u00e4: akkreditoidun oppilaitoksen antama vahvistus opintojen hyv\u00e4ksymisest\u00e4 (CAS).<\/li>\n\n\n\n<li>10 pistett\u00e4: todisteet riitt\u00e4vist\u00e4 taloudellisista resursseista<\/li>\n\n\n\n<li>10 pistett\u00e4: englannin kielen taito (useimmissa tapauksissa v\u00e4hint\u00e4\u00e4n B2-taso).<\/li>\n<\/ul>\n\n<div style=\"height:10px\" aria-hidden=\"true\" class=\"wp-block-spacer\"><\/div>\n\n<p>Opiskelijaviisumia varten tarvitaan my\u00f6s <strong>70 pistett\u00e4<\/strong>.<\/p>\n","protected":false},"excerpt":{"rendered":"<p>PBS-pistej\u00e4rjestelm\u00e4 Yhdistyneen kuningaskunnan viisumin saamiseksi Euroopan unionista eroamisensa j\u00e4lkeen Yhdistynyt kuningaskunta on ottanut k\u00e4ytt\u00f6\u00f6n pistepohjaisen maahanmuuttoj\u00e4rjestelm\u00e4n, joka tunnetaan my\u00f6s nimell\u00e4 PBS (Points-Based System). PBS vahvistaa Yhdistyneen kuningaskunnan viisumihakemusprosessia. J\u00e4rjestelm\u00e4\u00e4 sovelletaan ulkomaalaisiin, jotka haluavat ty\u00f6skennell\u00e4, opiskella tai asua Yhdistyneess\u00e4 kuningaskunnassa, riippumatta heid\u00e4n kansalaisuudestaan. Mik\u00e4 on Yhdistyneen kuningaskunnan pistepohjainen j\u00e4rjestelm\u00e4? PBS-pistej\u00e4rjestelm\u00e4 on arviointij\u00e4rjestelm\u00e4, jossa jokaiselle Yhdistyneen kuningaskunnan [&hellip;]<\/p>\n","protected":false},"author":1,"featured_media":0,"parent":0,"menu_order":0,"comment_status":"closed","ping_status":"closed","template":"","meta":{"footnotes":""},"class_list":["post-3395","page","type-page","status-publish","hentry"],"yoast_head":"<!-- This site is optimized with the Yoast SEO plugin v27.4 - https:\/\/yoast.com\/product\/yoast-seo-wordpress\/ -->\n<title>PBS-pistej\u00e4rjestelm\u00e4 viisumin saamiseksi Englantiin - UK GB<\/title>\n<meta name=\"description\" content=\"PBS-j\u00e4rjestelm\u00e4 on suunnattu ammattitaitoisille ty\u00f6ntekij\u00f6ille, kansainv\u00e4lisille opiskelijoille ja innovatiivisille profiileille, jotka haluavat ty\u00f6skennell\u00e4 Yhdistyneess\u00e4 kuningaskunnassa.\" \/>\n<meta name=\"robots\" content=\"index, follow, max-snippet:-1, max-image-preview:large, max-video-preview:-1\" \/>\n<link rel=\"canonical\" href=\"https:\/\/uk-gb.net\/fi\/pbs-pistejarjestelma-viisumin-saamiseksi-englantiin\/\" \/>\n<meta property=\"og:locale\" content=\"fi_FI\" \/>\n<meta property=\"og:type\" content=\"article\" \/>\n<meta property=\"og:title\" content=\"PBS-pistej\u00e4rjestelm\u00e4 viisumin saamiseksi Englantiin - UK GB\" \/>\n<meta property=\"og:description\" content=\"PBS-j\u00e4rjestelm\u00e4 on suunnattu ammattitaitoisille ty\u00f6ntekij\u00f6ille, kansainv\u00e4lisille opiskelijoille ja innovatiivisille profiileille, jotka haluavat ty\u00f6skennell\u00e4 Yhdistyneess\u00e4 kuningaskunnassa.\" \/>\n<meta property=\"og:url\" content=\"https:\/\/uk-gb.net\/fi\/pbs-pistejarjestelma-viisumin-saamiseksi-englantiin\/\" \/>\n<meta property=\"og:site_name\" content=\"UK GB\" \/>\n<meta property=\"article:modified_time\" content=\"2025-07-17T14:25:11+00:00\" \/>\n<meta name=\"twitter:card\" content=\"summary_large_image\" \/>\n<meta name=\"twitter:label1\" content=\"Arvioitu lukuaika\" \/>\n\t<meta name=\"twitter:data1\" content=\"2 minuuttia\" \/>\n<script type=\"application\/ld+json\" class=\"yoast-schema-graph\">{\"@context\":\"https:\\\/\\\/schema.org\",\"@graph\":[{\"@type\":\"WebPage\",\"@id\":\"https:\\\/\\\/uk-gb.net\\\/fi\\\/pbs-pistejarjestelma-viisumin-saamiseksi-englantiin\\\/\",\"url\":\"https:\\\/\\\/uk-gb.net\\\/fi\\\/pbs-pistejarjestelma-viisumin-saamiseksi-englantiin\\\/\",\"name\":\"PBS-pistej\u00e4rjestelm\u00e4 viisumin saamiseksi Englantiin - UK GB\",\"isPartOf\":{\"@id\":\"https:\\\/\\\/uk-gb.net\\\/fi\\\/#website\"},\"datePublished\":\"2023-12-07T14:52:18+00:00\",\"dateModified\":\"2025-07-17T14:25:11+00:00\",\"description\":\"PBS-j\u00e4rjestelm\u00e4 on suunnattu ammattitaitoisille ty\u00f6ntekij\u00f6ille, kansainv\u00e4lisille opiskelijoille ja innovatiivisille profiileille, jotka haluavat ty\u00f6skennell\u00e4 Yhdistyneess\u00e4 kuningaskunnassa.\",\"inLanguage\":\"fi\",\"potentialAction\":[{\"@type\":\"ReadAction\",\"target\":[\"https:\\\/\\\/uk-gb.net\\\/fi\\\/pbs-pistejarjestelma-viisumin-saamiseksi-englantiin\\\/\"]}]},{\"@type\":\"WebSite\",\"@id\":\"https:\\\/\\\/uk-gb.net\\\/fi\\\/#website\",\"url\":\"https:\\\/\\\/uk-gb.net\\\/fi\\\/\",\"name\":\"UK GB\",\"description\":\"Travel to the UK\",\"potentialAction\":[{\"@type\":\"SearchAction\",\"target\":{\"@type\":\"EntryPoint\",\"urlTemplate\":\"https:\\\/\\\/uk-gb.net\\\/fi\\\/?s={search_term_string}\"},\"query-input\":{\"@type\":\"PropertyValueSpecification\",\"valueRequired\":true,\"valueName\":\"search_term_string\"}}],\"inLanguage\":\"fi\"}]}<\/script>\n<!-- \/ Yoast SEO plugin. -->","yoast_head_json":{"title":"PBS-pistej\u00e4rjestelm\u00e4 viisumin saamiseksi Englantiin - UK GB","description":"PBS-j\u00e4rjestelm\u00e4 on suunnattu ammattitaitoisille ty\u00f6ntekij\u00f6ille, kansainv\u00e4lisille opiskelijoille ja innovatiivisille profiileille, jotka haluavat ty\u00f6skennell\u00e4 Yhdistyneess\u00e4 kuningaskunnassa.","robots":{"index":"index","follow":"follow","max-snippet":"max-snippet:-1","max-image-preview":"max-image-preview:large","max-video-preview":"max-video-preview:-1"},"canonical":"https:\/\/uk-gb.net\/fi\/pbs-pistejarjestelma-viisumin-saamiseksi-englantiin\/","og_locale":"fi_FI","og_type":"article","og_title":"PBS-pistej\u00e4rjestelm\u00e4 viisumin saamiseksi Englantiin - UK GB","og_description":"PBS-j\u00e4rjestelm\u00e4 on suunnattu ammattitaitoisille ty\u00f6ntekij\u00f6ille, kansainv\u00e4lisille opiskelijoille ja innovatiivisille profiileille, jotka haluavat ty\u00f6skennell\u00e4 Yhdistyneess\u00e4 kuningaskunnassa.","og_url":"https:\/\/uk-gb.net\/fi\/pbs-pistejarjestelma-viisumin-saamiseksi-englantiin\/","og_site_name":"UK GB","article_modified_time":"2025-07-17T14:25:11+00:00","twitter_card":"summary_large_image","twitter_misc":{"Arvioitu lukuaika":"2 minuuttia"},"schema":{"@context":"https:\/\/schema.org","@graph":[{"@type":"WebPage","@id":"https:\/\/uk-gb.net\/fi\/pbs-pistejarjestelma-viisumin-saamiseksi-englantiin\/","url":"https:\/\/uk-gb.net\/fi\/pbs-pistejarjestelma-viisumin-saamiseksi-englantiin\/","name":"PBS-pistej\u00e4rjestelm\u00e4 viisumin saamiseksi Englantiin - UK GB","isPartOf":{"@id":"https:\/\/uk-gb.net\/fi\/#website"},"datePublished":"2023-12-07T14:52:18+00:00","dateModified":"2025-07-17T14:25:11+00:00","description":"PBS-j\u00e4rjestelm\u00e4 on suunnattu ammattitaitoisille ty\u00f6ntekij\u00f6ille, kansainv\u00e4lisille opiskelijoille ja innovatiivisille profiileille, jotka haluavat ty\u00f6skennell\u00e4 Yhdistyneess\u00e4 kuningaskunnassa.","inLanguage":"fi","potentialAction":[{"@type":"ReadAction","target":["https:\/\/uk-gb.net\/fi\/pbs-pistejarjestelma-viisumin-saamiseksi-englantiin\/"]}]},{"@type":"WebSite","@id":"https:\/\/uk-gb.net\/fi\/#website","url":"https:\/\/uk-gb.net\/fi\/","name":"UK GB","description":"Travel to the UK","potentialAction":[{"@type":"SearchAction","target":{"@type":"EntryPoint","urlTemplate":"https:\/\/uk-gb.net\/fi\/?s={search_term_string}"},"query-input":{"@type":"PropertyValueSpecification","valueRequired":true,"valueName":"search_term_string"}}],"inLanguage":"fi"}]}},"_links":{"self":[{"href":"https:\/\/uk-gb.net\/fi\/wp-json\/wp\/v2\/pages\/3395","targetHints":{"allow":["GET"]}}],"collection":[{"href":"https:\/\/uk-gb.net\/fi\/wp-json\/wp\/v2\/pages"}],"about":[{"href":"https:\/\/uk-gb.net\/fi\/wp-json\/wp\/v2\/types\/page"}],"author":[{"embeddable":true,"href":"https:\/\/uk-gb.net\/fi\/wp-json\/wp\/v2\/users\/1"}],"replies":[{"embeddable":true,"href":"https:\/\/uk-gb.net\/fi\/wp-json\/wp\/v2\/comments?post=3395"}],"version-history":[{"count":0,"href":"https:\/\/uk-gb.net\/fi\/wp-json\/wp\/v2\/pages\/3395\/revisions"}],"wp:attachment":[{"href":"https:\/\/uk-gb.net\/fi\/wp-json\/wp\/v2\/media?parent=3395"}],"curies":[{"name":"wp","href":"https:\/\/api.w.org\/{rel}","templated":true}]}}