{"id":3393,"date":"2023-12-07T16:48:46","date_gmt":"2023-12-07T16:48:46","guid":{"rendered":"https:\/\/uk-gb.net\/viisumiajanvaraus-englannin-suurlahetysto\/"},"modified":"2025-11-28T10:57:36","modified_gmt":"2025-11-28T10:57:36","slug":"viisumiajanvaraus-englannin-suurlahetysto","status":"publish","type":"page","link":"https:\/\/uk-gb.net\/fi\/viisumiajanvaraus-englannin-suurlahetysto\/","title":{"rendered":"Haastattelu Yhdistyneen kuningaskunnan suurl\u00e4hetyst\u00f6ss\u00e4 viisumin hakemista varten"},"content":{"rendered":"\n<h1 class=\"wp-block-heading\">K\u00e4ynti Britannian suurl\u00e4hetyst\u00f6ss\u00e4 viisumin hakemista varten<\/h1>\n\n<p>Ulkomaalaisten, jotka haluavat matkustaa Yhdistyneeseen kuningaskuntaan ja jotka eiv\u00e4t ole oikeutettuja ETA-ohjelmaan, on hankittava viisumi. T\u00e4m\u00e4 edellytt\u00e4\u00e4 yleens\u00e4 <g id=\"gid_0\">konsulihaastattelua<\/g>. T\u00e4m\u00e4 tapahtuu <strong>hyv\u00e4ksytyss\u00e4 viisumikeskuksessa<\/strong> tai suoraan <a href=\"https:\/\/uk-gb.net\/fi\/englanti-iso-britannian-suurlahetysto-suomessa\/\">Yhdistyneen kuningaskunnan suurl\u00e4hetyst\u00f6ss\u00e4<\/a> asuinmaasta riippuen.   Voit tutustua <a href=\"https:\/\/www.gov.uk\/find-a-visa-application-centre\">viisumikeskusten luetteloon maittain<\/a> ja varata ajan sinua l\u00e4himp\u00e4n\u00e4 olevaan keskukseen.<\/p>\n\n<p><strong>Lyhytaikaista oleskelua varten<\/strong>: Viisumia ei tarvitse hankkia; t\u00e4yt\u00e4 vain <a href=\"https:\/\/uk-gb.net\/fi\/online-eta-viisumi-englannista\/\">ETA-lomake verkossa<\/a>.<\/p>\n\n<div style=\"height:10px\" aria-hidden=\"true\" class=\"wp-block-spacer\"><\/div>\n\n<h2 class=\"wp-block-heading\">Miksi huolto on tarpeen?<\/h2>\n\n<p>Konsulihaastattelu on t\u00e4rke\u00e4 vaihe viisumihakemusprosessissa. Sen avulla Yhdistyneen kuningaskunnan viranomaiset voivat : <\/p>\n\n<ul class=\"wp-block-list\">\n<li>Tarkistetaan hakijan henkil\u00f6llisyys<\/li>\n\n\n\n<li>Matkasuunnitelmien vilpitt\u00f6myyden arviointi<\/li>\n\n\n\n<li>Varmistaa, ett\u00e4 hakija noudattaa maahantuloehtoja ja poistuu Yhdistyneest\u00e4 kuningaskunnasta viisumin voimassaolon p\u00e4\u00e4ttyess\u00e4.<\/li>\n<\/ul>\n\n<p>Haastattelun avulla <strong>estet\u00e4\u00e4n petokset<\/strong> ja varmistetaan, ett\u00e4 viisumi my\u00f6nnet\u00e4\u00e4n vain henkil\u00f6ille, jotka t\u00e4ytt\u00e4v\u00e4t kelpoisuusehdot.<\/p>\n\n<h2 class=\"wp-block-heading\">Haastattelup\u00e4iv\u00e4n\u00e4 mukaan otettavat asiakirjat<\/h2>\n\n<p>Sinun on otettava vastaanottoajankohtana mukaasi seuraavat asiakirjat:<\/p>\n\n<ul class=\"wp-block-list\">\n<li><strong>Tulostettu vahvistus<\/strong> s\u00e4hk\u00f6postitse saadusta <strong>tapaamisesta<\/strong> <\/li>\n\n\n\n<li><strong>Kuitti<\/strong> <a href=\"https:\/\/uk-gb.net\/fi\/kuinka-paljon-englannin-viisumi-maksaa\/\">viisumihakemusmaksun<\/a> <strong>maksamisesta<\/strong> <\/li>\n\n\n\n<li><strong>voimassa oleva passi<\/strong> (tai tarvittaessa alkuper\u00e4inen oleskelulupa).<\/li>\n\n\n\n<li>Kaikki <strong>vaadittavat todistusasiakirjat<\/strong> ja niiden j\u00e4ljenn\u00f6kset asiakirja-aineistoa varten.<\/li>\n\n\n\n<li><strong>Viisumihakemuslomakkeen<\/strong> tulostettu <strong>kansilehti<\/strong> <\/li>\n<\/ul>\n\n<div style=\"height:10px\" aria-hidden=\"true\" class=\"wp-block-spacer\"><\/div>\n\n<p>Varmista, ett\u00e4 kaikki asiakirjat ovat <strong>alkuper\u00e4isi\u00e4<\/strong>, selkeit\u00e4 ja ajan tasalla. Puuttuvat asiakirjat voivat viiv\u00e4stytt\u00e4\u00e4 tai jopa peruuttaa menettelyn. <\/p>\n\n<h2 class=\"wp-block-heading\">Miten tapaaminen suurl\u00e4hetyst\u00f6ss\u00e4 toimii?<\/h2>\n\n<p>On suositeltavaa saapua keskukseen <strong>v\u00e4hint\u00e4\u00e4n 15 minuuttia ennen tapaamisaikaa<\/strong>, jotta p\u00e4\u00e4set turvatarkastusten l\u00e4pi. Kun olet p\u00e4\u00e4ssyt keskukseen, noudatetaan yleens\u00e4 seuraavia vaiheita: <\/p>\n\n<ol class=\"wp-block-list\">\n<li><strong>Henkil\u00f6llisyyden ja asiakirjojen tarkastaminen<\/strong><\/li>\n\n\n\n<li><strong>Sormenj\u00e4lkien ottaminen ja biometrinen valokuvaus<\/strong><\/li>\n\n\n\n<li><strong>Konsulivirkamiehen haastattelu<\/strong><\/li>\n<\/ol>\n\n<div style=\"height:10px\" aria-hidden=\"true\" class=\"wp-block-spacer\"><\/div>\n\n<p>Haastattelu tehd\u00e4\u00e4n yleens\u00e4 <strong>englanniksi<\/strong>. Tietyiss\u00e4 tapauksissa edustaja voi ilmaista itse\u00e4\u00e4n paikallisella kielell\u00e4, jos h\u00e4n osaa sit\u00e4. Esitettyjen kysymysten tarkoituksena on selvitt\u00e4\u00e4 :  <\/p>\n\n<ul class=\"wp-block-list\">\n<li>Yhdistyneess\u00e4 kuningaskunnassa <strong>oleskelun syy<\/strong> <\/li>\n\n\n\n<li><strong>Matkaohjelma<\/strong>: p\u00e4iv\u00e4m\u00e4\u00e4r\u00e4t, paikat, majoitus<\/li>\n\n\n\n<li><strong>Taloudelliset valmiudet<\/strong> kattaa oleskelusta ja paluumatkasta aiheutuvat kustannukset.<\/li>\n<\/ul>\n\n<div style=\"height:10px\" aria-hidden=\"true\" class=\"wp-block-spacer\"><\/div>\n\n<h2 class=\"wp-block-heading\">Kuinka kauan haastattelu kest\u00e4\u00e4?<\/h2>\n\n<p>Keskim\u00e4\u00e4r\u00e4inen haastattelu Yhdistyneen kuningaskunnan viisumia varten kest\u00e4\u00e4 noin <strong>30 minuuttia<\/strong>, mutta se voi vaihdella tapauksen monimutkaisuudesta riippuen. Jos konsulivirkailija katsoo tarpeelliseksi k\u00e4sitell\u00e4 tiettyj\u00e4 asioita yksityiskohtaisemmin, haastattelu voi kest\u00e4\u00e4 <strong>jopa tunnin tai enemm\u00e4n<\/strong>. <\/p>\n\n<h2 class=\"wp-block-heading\">Ent\u00e4 tapaamisen j\u00e4lkeen?<\/h2>\n\n<p>Kun haastattelu on p\u00e4\u00e4ttynyt, keskus pit\u00e4\u00e4 passisi hallussaan hakemuksen k\u00e4sittelyn ajan. Saat <strong>ilmoituksen s\u00e4hk\u00f6postitse tai tekstiviestill\u00e4<\/strong> heti, kun p\u00e4\u00e4t\u00f6s on tehty. Sen j\u00e4lkeen passi palautetaan sinulle postitse tai se noudetaan keskuksesta sen mukaan, mink\u00e4 vaihtoehdon valitsit ajanvarauksen yhteydess\u00e4.  <\/p>\n\n<p><strong>Huomaa<\/strong>: H\u00e4t\u00e4tapauksissa tai lyhyiss\u00e4 m\u00e4\u00e4r\u00e4ajoissa jotkin keskukset tarjoavat <strong>nopeutettuja palveluja<\/strong> lis\u00e4maksusta.<\/p>\n","protected":false},"excerpt":{"rendered":"<p>K\u00e4ynti Britannian suurl\u00e4hetyst\u00f6ss\u00e4 viisumin hakemista varten Ulkomaalaisten, jotka haluavat matkustaa Yhdistyneeseen kuningaskuntaan ja jotka eiv\u00e4t ole oikeutettuja ETA-ohjelmaan, on hankittava viisumi. T\u00e4m\u00e4 edellytt\u00e4\u00e4 yleens\u00e4 konsulihaastattelua. T\u00e4m\u00e4 tapahtuu hyv\u00e4ksytyss\u00e4 viisumikeskuksessa tai suoraan Yhdistyneen kuningaskunnan suurl\u00e4hetyst\u00f6ss\u00e4 asuinmaasta riippuen. Voit tutustua viisumikeskusten luetteloon maittain ja varata ajan sinua l\u00e4himp\u00e4n\u00e4 olevaan keskukseen. Lyhytaikaista oleskelua varten: Viisumia ei tarvitse hankkia; [&hellip;]<\/p>\n","protected":false},"author":1,"featured_media":0,"parent":0,"menu_order":0,"comment_status":"closed","ping_status":"closed","template":"","meta":{"footnotes":""},"class_list":["post-3393","page","type-page","status-publish","hentry"],"yoast_head":"<!-- This site is optimized with the Yoast SEO plugin v27.4 - https:\/\/yoast.com\/product\/yoast-seo-wordpress\/ -->\n<title>Haastattelu Yhdistyneen kuningaskunnan suurl\u00e4hetyst\u00f6ss\u00e4 viisumin hakemista varten - UK GB<\/title>\n<meta name=\"description\" content=\"Miten varaat ajan Ison-Britannian suurl\u00e4hetyst\u00f6st\u00e4 viimeistell\u00e4ksesi viisumihakemuksesi Yhdistyneeseen kuningaskuntaan?\" \/>\n<meta name=\"robots\" content=\"index, follow, max-snippet:-1, max-image-preview:large, max-video-preview:-1\" \/>\n<link rel=\"canonical\" href=\"https:\/\/uk-gb.net\/fi\/viisumiajanvaraus-englannin-suurlahetysto\/\" \/>\n<meta property=\"og:locale\" content=\"fi_FI\" \/>\n<meta property=\"og:type\" content=\"article\" \/>\n<meta property=\"og:title\" content=\"Haastattelu Yhdistyneen kuningaskunnan suurl\u00e4hetyst\u00f6ss\u00e4 viisumin hakemista varten - UK GB\" \/>\n<meta property=\"og:description\" content=\"Miten varaat ajan Ison-Britannian suurl\u00e4hetyst\u00f6st\u00e4 viimeistell\u00e4ksesi viisumihakemuksesi Yhdistyneeseen kuningaskuntaan?\" \/>\n<meta property=\"og:url\" content=\"https:\/\/uk-gb.net\/fi\/viisumiajanvaraus-englannin-suurlahetysto\/\" \/>\n<meta property=\"og:site_name\" content=\"UK GB\" \/>\n<meta property=\"article:modified_time\" content=\"2025-11-28T10:57:36+00:00\" \/>\n<meta name=\"twitter:card\" content=\"summary_large_image\" \/>\n<meta name=\"twitter:label1\" content=\"Arvioitu lukuaika\" \/>\n\t<meta name=\"twitter:data1\" content=\"2 minuuttia\" \/>\n<script type=\"application\/ld+json\" class=\"yoast-schema-graph\">{\"@context\":\"https:\\\/\\\/schema.org\",\"@graph\":[{\"@type\":\"WebPage\",\"@id\":\"https:\\\/\\\/uk-gb.net\\\/fi\\\/viisumiajanvaraus-englannin-suurlahetysto\\\/\",\"url\":\"https:\\\/\\\/uk-gb.net\\\/fi\\\/viisumiajanvaraus-englannin-suurlahetysto\\\/\",\"name\":\"Haastattelu Yhdistyneen kuningaskunnan suurl\u00e4hetyst\u00f6ss\u00e4 viisumin hakemista varten - UK GB\",\"isPartOf\":{\"@id\":\"https:\\\/\\\/uk-gb.net\\\/fi\\\/#website\"},\"datePublished\":\"2023-12-07T16:48:46+00:00\",\"dateModified\":\"2025-11-28T10:57:36+00:00\",\"description\":\"Miten varaat ajan Ison-Britannian suurl\u00e4hetyst\u00f6st\u00e4 viimeistell\u00e4ksesi viisumihakemuksesi Yhdistyneeseen kuningaskuntaan?\",\"inLanguage\":\"fi\",\"potentialAction\":[{\"@type\":\"ReadAction\",\"target\":[\"https:\\\/\\\/uk-gb.net\\\/fi\\\/viisumiajanvaraus-englannin-suurlahetysto\\\/\"]}]},{\"@type\":\"WebSite\",\"@id\":\"https:\\\/\\\/uk-gb.net\\\/fi\\\/#website\",\"url\":\"https:\\\/\\\/uk-gb.net\\\/fi\\\/\",\"name\":\"UK GB\",\"description\":\"Travel to the UK\",\"potentialAction\":[{\"@type\":\"SearchAction\",\"target\":{\"@type\":\"EntryPoint\",\"urlTemplate\":\"https:\\\/\\\/uk-gb.net\\\/fi\\\/?s={search_term_string}\"},\"query-input\":{\"@type\":\"PropertyValueSpecification\",\"valueRequired\":true,\"valueName\":\"search_term_string\"}}],\"inLanguage\":\"fi\"}]}<\/script>\n<!-- \/ Yoast SEO plugin. -->","yoast_head_json":{"title":"Haastattelu Yhdistyneen kuningaskunnan suurl\u00e4hetyst\u00f6ss\u00e4 viisumin hakemista varten - UK GB","description":"Miten varaat ajan Ison-Britannian suurl\u00e4hetyst\u00f6st\u00e4 viimeistell\u00e4ksesi viisumihakemuksesi Yhdistyneeseen kuningaskuntaan?","robots":{"index":"index","follow":"follow","max-snippet":"max-snippet:-1","max-image-preview":"max-image-preview:large","max-video-preview":"max-video-preview:-1"},"canonical":"https:\/\/uk-gb.net\/fi\/viisumiajanvaraus-englannin-suurlahetysto\/","og_locale":"fi_FI","og_type":"article","og_title":"Haastattelu Yhdistyneen kuningaskunnan suurl\u00e4hetyst\u00f6ss\u00e4 viisumin hakemista varten - UK GB","og_description":"Miten varaat ajan Ison-Britannian suurl\u00e4hetyst\u00f6st\u00e4 viimeistell\u00e4ksesi viisumihakemuksesi Yhdistyneeseen kuningaskuntaan?","og_url":"https:\/\/uk-gb.net\/fi\/viisumiajanvaraus-englannin-suurlahetysto\/","og_site_name":"UK GB","article_modified_time":"2025-11-28T10:57:36+00:00","twitter_card":"summary_large_image","twitter_misc":{"Arvioitu lukuaika":"2 minuuttia"},"schema":{"@context":"https:\/\/schema.org","@graph":[{"@type":"WebPage","@id":"https:\/\/uk-gb.net\/fi\/viisumiajanvaraus-englannin-suurlahetysto\/","url":"https:\/\/uk-gb.net\/fi\/viisumiajanvaraus-englannin-suurlahetysto\/","name":"Haastattelu Yhdistyneen kuningaskunnan suurl\u00e4hetyst\u00f6ss\u00e4 viisumin hakemista varten - UK GB","isPartOf":{"@id":"https:\/\/uk-gb.net\/fi\/#website"},"datePublished":"2023-12-07T16:48:46+00:00","dateModified":"2025-11-28T10:57:36+00:00","description":"Miten varaat ajan Ison-Britannian suurl\u00e4hetyst\u00f6st\u00e4 viimeistell\u00e4ksesi viisumihakemuksesi Yhdistyneeseen kuningaskuntaan?","inLanguage":"fi","potentialAction":[{"@type":"ReadAction","target":["https:\/\/uk-gb.net\/fi\/viisumiajanvaraus-englannin-suurlahetysto\/"]}]},{"@type":"WebSite","@id":"https:\/\/uk-gb.net\/fi\/#website","url":"https:\/\/uk-gb.net\/fi\/","name":"UK GB","description":"Travel to the UK","potentialAction":[{"@type":"SearchAction","target":{"@type":"EntryPoint","urlTemplate":"https:\/\/uk-gb.net\/fi\/?s={search_term_string}"},"query-input":{"@type":"PropertyValueSpecification","valueRequired":true,"valueName":"search_term_string"}}],"inLanguage":"fi"}]}},"_links":{"self":[{"href":"https:\/\/uk-gb.net\/fi\/wp-json\/wp\/v2\/pages\/3393","targetHints":{"allow":["GET"]}}],"collection":[{"href":"https:\/\/uk-gb.net\/fi\/wp-json\/wp\/v2\/pages"}],"about":[{"href":"https:\/\/uk-gb.net\/fi\/wp-json\/wp\/v2\/types\/page"}],"author":[{"embeddable":true,"href":"https:\/\/uk-gb.net\/fi\/wp-json\/wp\/v2\/users\/1"}],"replies":[{"embeddable":true,"href":"https:\/\/uk-gb.net\/fi\/wp-json\/wp\/v2\/comments?post=3393"}],"version-history":[{"count":0,"href":"https:\/\/uk-gb.net\/fi\/wp-json\/wp\/v2\/pages\/3393\/revisions"}],"wp:attachment":[{"href":"https:\/\/uk-gb.net\/fi\/wp-json\/wp\/v2\/media?parent=3393"}],"curies":[{"name":"wp","href":"https:\/\/api.w.org\/{rel}","templated":true}]}}