{"id":3391,"date":"2024-02-25T10:31:56","date_gmt":"2024-02-25T10:31:56","guid":{"rendered":"https:\/\/uk-gb.net\/yhdistyneen-kuningaskunnan-viisumihakemusmenettely\/"},"modified":"2025-07-17T15:26:39","modified_gmt":"2025-07-17T14:26:39","slug":"yhdistyneen-kuningaskunnan-viisumihakemusmenettely","status":"publish","type":"page","link":"https:\/\/uk-gb.net\/fi\/yhdistyneen-kuningaskunnan-viisumihakemusmenettely\/","title":{"rendered":"Yhdistyneen kuningaskunnan viisumihakemusmenettely"},"content":{"rendered":"\n<h1 class=\"wp-block-heading\">Menettely viisumin saamiseksi Yhdistyneeseen kuningaskuntaan matkustamista varten<\/h1>\n\n<p>Jos et voi saada <a href=\"https:\/\/uk-gb.net\/fi\/eta-englanti-iso-britannia\/\">ETA-viisumia<\/a>, sinun on hankittava <a href=\"https:\/\/uk-gb.net\/fi\/erityyppisia-brittilaisia-viisumeja\/\">Yhdistyneen kuningaskunnan viisumi<\/a> saapuaksesi Yhdistyneeseen kuningaskuntaan. Hakemus tehd\u00e4\u00e4n useassa vaiheessa, ja se aloitetaan aina verkkolomakkeella, mink\u00e4 j\u00e4lkeen on varattava aika suurl\u00e4hetyst\u00f6\u00f6n tai hyv\u00e4ksyttyyn hakukeskukseen. <\/p>\n\n<p><strong>Alle kuuden kuukauden<\/strong> <strong>matkailu- tai ty\u00f6matkailua varten<\/strong>: Viisumin sijasta viisumikelpoisten maiden kansalaiset voivat <a href=\"https:\/\/uk-gb.net\/fi\/online-eta-viisumi-englannista\/\">hakea ETA-viisumia verkossa<\/a>. Menettely on nopeampi ja tapahtuu 100-prosenttisesti verkossa. <\/p>\n\n<div style=\"height:10px\" aria-hidden=\"true\" class=\"wp-block-spacer\"><\/div>\n\n<h2 class=\"wp-block-heading\">Miten haen Yhdistyneen kuningaskunnan viisumia?<\/h2>\n\n<p>Voit hakea Yhdistyneen kuningaskunnan viisumia verkossa. Yhdistyneen kuningaskunnan viisumihakemusmenettelyss\u00e4 on useita pakollisia vaiheita: <\/p>\n\n<ol class=\"wp-block-list\">\n<li>M\u00e4\u00e4rit\u00e4, <a href=\"https:\/\/uk-gb.net\/fi\/erityyppisia-brittilaisia-viisumeja\/\">mink\u00e4 tyyppist\u00e4 viisumia Yhdistyneeseen kuningaskuntaan<\/a> tarvitaan matkan syyn mukaan (matkailu, opiskelu, ty\u00f6, kauttakulku);<\/li>\n\n\n\n<li>Ker\u00e4\u00e4 kaikki Yhdistyneen kuningaskunnan viranomaisten vaatimat todistusasiakirjat;<\/li>\n\n\n\n<li>T\u00e4yt\u00e4 viisumihakemuslomake Yhdistyneen kuningaskunnan hallituksen virallisella verkkosivustolla: <a class=\"\" href=\"https:\/\/www.gov.uk\/\">gov.uk<\/a>;<\/li>\n\n\n\n<li>Maksa <a href=\"https:\/\/uk-gb.net\/fi\/kuinka-paljon-englannin-viisumi-maksaa\/\">viisumimaksu<\/a> verkossa hakemuksen j\u00e4tt\u00e4misen yhteydess\u00e4;<\/li>\n\n\n\n<li>Varaa aika <a href=\"https:\/\/uk-gb.net\/fi\/viisumiajanvaraus-englannin-suurlahetysto\/\">Britannian suurl\u00e4hetyst\u00f6st\u00e4<\/a> tai hyv\u00e4ksytyst\u00e4 viisumikeskuksesta;<\/li>\n\n\n\n<li>Toimita kaikki alkuper\u00e4iset asiakirjat ja todistusaineisto <a href=\"https:\/\/uk-gb.net\/fi\/viisumiajanvaraus-englannin-suurlahetysto\/\">viisumik\u00e4ynnill\u00e4 suurl\u00e4hetyst\u00f6ss\u00e4<\/a>;<\/li>\n\n\n\n<li>Osallistu konsulivirkamiehen haastatteluun, jos viisumityyppisi edellytt\u00e4\u00e4 sit\u00e4.<\/li>\n<\/ol>\n\n<div style=\"height:10px\" aria-hidden=\"true\" class=\"wp-block-spacer\"><\/div>\n\n<h2 class=\"wp-block-heading\">Mit\u00e4 asiakirjoja tarvitaan?<\/h2>\n\n<p>Vaadittavat asiakirjat riippuvat haettavasta viisumista, mutta niiden on yleens\u00e4 annettava Britannian viranomaisille mahdollisuus :<\/p>\n\n<ul class=\"wp-block-list\">\n<li>Tarkista, ett\u00e4 tulet Yhdistyneeseen kuningaskuntaan <strong>sallittua toimintaa<\/strong> varten;<\/li>\n\n\n\n<li>Vahvista, ett\u00e4 <strong>poistut maasta viisumisi voimassaolon p\u00e4\u00e4ttyess\u00e4<\/strong>;<\/li>\n\n\n\n<li>Osoita, ett\u00e4 voit <strong>rahoittaa oman<\/strong> ja mahdollisten saattajien <strong>oleskelun<\/strong>;<\/li>\n\n\n\n<li>Osoita, ett\u00e4 <strong>pystyt maksamaan paluumatkasi<\/strong> tai seuraavan m\u00e4\u00e4r\u00e4np\u00e4\u00e4si.<\/li>\n<\/ul>\n\n<div style=\"height:10px\" aria-hidden=\"true\" class=\"wp-block-spacer\"><\/div>\n\n<p>Kaikki tositteet on toimitettava <strong>digitaalisessa muodossa skannattuina<\/strong> <strong>alkuper\u00e4isist\u00e4 asiakirjoista<\/strong>. Oikeaksi todistamattomat valokopiot tai k\u00e4\u00e4nn\u00f6kset voivat johtaa hakemuksen hylk\u00e4\u00e4miseen. <\/p>\n\n<h2 class=\"wp-block-heading\">K\u00e4sittelyajat ja ennakointi<\/h2>\n\n<p>Viisumihakemuksen tavanomainen k\u00e4sittelyaika on keskim\u00e4\u00e4rin <strong>3 viikkoa<\/strong> konsuliviranomaisen tapaamisp\u00e4iv\u00e4st\u00e4. On suositeltavaa j\u00e4tt\u00e4\u00e4 hakemus <strong>v\u00e4hint\u00e4\u00e4n kuukautta ennen suunniteltua l\u00e4ht\u00f6\u00e4<\/strong>, erityisesti kiireisin\u00e4 aikoina. <\/p>\n\n<p><strong>Priority-palveluvaihtoehdot<\/strong> ovat saatavilla lis\u00e4maksusta.<\/p>\n\n<h2 class=\"wp-block-heading\">Voinko muuttaa tai peruuttaa viisumihakemukseni?<\/h2>\n\n<p>Kun olet j\u00e4tt\u00e4nyt hakemuksen ja maksanut <a href=\"https:\/\/uk-gb.net\/fi\/kuinka-paljon-englannin-viisumi-maksaa\/\">viisumimaksun<\/a>, et voi en\u00e4\u00e4 <strong>muuttaa antamiasi tietoja<\/strong> tai saada hyvityst\u00e4, jos hakemus peruutetaan. Jos olet tehnyt virheen tai muuttanut suunnitelmiasi, sinun on j\u00e4tett\u00e4v\u00e4 <strong>kokonaan uusi hakemus<\/strong> ja maksettava uudet maksut. <\/p>\n\n<h2 class=\"wp-block-heading\">Mit\u00e4 eroa on viisumilla ja ETA-viisumilla?<\/h2>\n\n<p><strong>Viisumi<\/strong> on perusteellisen tarkastuksen j\u00e4lkeen my\u00f6nnett\u00e4v\u00e4 vakiolupa, jota tarvitaan usein pitk\u00e4\u00e4 oleskelua varten tai ETA-ohjelman ulkopuolisten maiden kansalaisilta.<\/p>\n\n<p><strong>ETA<\/strong> on <strong>nopeampi<\/strong> ja <strong>halvempi<\/strong> (16 puntaa), ja se on tarkoitettu tietyille viisumivapaille matkustajille. Se on voimassa <strong>2 vuotta<\/strong>, kun oleskelu kest\u00e4\u00e4 <strong>alle 6 kuukautta<\/strong>. <\/p>\n","protected":false},"excerpt":{"rendered":"<p>Menettely viisumin saamiseksi Yhdistyneeseen kuningaskuntaan matkustamista varten Jos et voi saada ETA-viisumia, sinun on hankittava Yhdistyneen kuningaskunnan viisumi saapuaksesi Yhdistyneeseen kuningaskuntaan. Hakemus tehd\u00e4\u00e4n useassa vaiheessa, ja se aloitetaan aina verkkolomakkeella, mink\u00e4 j\u00e4lkeen on varattava aika suurl\u00e4hetyst\u00f6\u00f6n tai hyv\u00e4ksyttyyn hakukeskukseen. Alle kuuden kuukauden matkailu- tai ty\u00f6matkailua varten: Viisumin sijasta viisumikelpoisten maiden kansalaiset voivat hakea ETA-viisumia verkossa. [&hellip;]<\/p>\n","protected":false},"author":1,"featured_media":0,"parent":0,"menu_order":0,"comment_status":"closed","ping_status":"closed","template":"","meta":{"footnotes":""},"class_list":["post-3391","page","type-page","status-publish","hentry"],"yoast_head":"<!-- This site is optimized with the Yoast SEO plugin v27.4 - https:\/\/yoast.com\/product\/yoast-seo-wordpress\/ -->\n<title>Yhdistyneen kuningaskunnan viisumihakemusmenettely - UK GB<\/title>\n<meta name=\"description\" content=\"Selvit\u00e4, miten voit hakea viisumia verkossa Yhdistyneeseen kuningaskuntaan suuntautuvaa matkaasi varten muutamassa vaiheessa.\" \/>\n<meta name=\"robots\" content=\"index, follow, max-snippet:-1, max-image-preview:large, max-video-preview:-1\" \/>\n<link rel=\"canonical\" href=\"https:\/\/uk-gb.net\/fi\/yhdistyneen-kuningaskunnan-viisumihakemusmenettely\/\" \/>\n<meta property=\"og:locale\" content=\"fi_FI\" \/>\n<meta property=\"og:type\" content=\"article\" \/>\n<meta property=\"og:title\" content=\"Yhdistyneen kuningaskunnan viisumihakemusmenettely - UK GB\" \/>\n<meta property=\"og:description\" content=\"Selvit\u00e4, miten voit hakea viisumia verkossa Yhdistyneeseen kuningaskuntaan suuntautuvaa matkaasi varten muutamassa vaiheessa.\" \/>\n<meta property=\"og:url\" content=\"https:\/\/uk-gb.net\/fi\/yhdistyneen-kuningaskunnan-viisumihakemusmenettely\/\" \/>\n<meta property=\"og:site_name\" content=\"UK GB\" \/>\n<meta property=\"article:modified_time\" content=\"2025-07-17T14:26:39+00:00\" \/>\n<meta name=\"twitter:card\" content=\"summary_large_image\" \/>\n<meta name=\"twitter:label1\" content=\"Arvioitu lukuaika\" \/>\n\t<meta name=\"twitter:data1\" content=\"2 minuuttia\" \/>\n<script type=\"application\/ld+json\" class=\"yoast-schema-graph\">{\"@context\":\"https:\\\/\\\/schema.org\",\"@graph\":[{\"@type\":\"WebPage\",\"@id\":\"https:\\\/\\\/uk-gb.net\\\/fi\\\/yhdistyneen-kuningaskunnan-viisumihakemusmenettely\\\/\",\"url\":\"https:\\\/\\\/uk-gb.net\\\/fi\\\/yhdistyneen-kuningaskunnan-viisumihakemusmenettely\\\/\",\"name\":\"Yhdistyneen kuningaskunnan viisumihakemusmenettely - UK GB\",\"isPartOf\":{\"@id\":\"https:\\\/\\\/uk-gb.net\\\/fi\\\/#website\"},\"datePublished\":\"2024-02-25T10:31:56+00:00\",\"dateModified\":\"2025-07-17T14:26:39+00:00\",\"description\":\"Selvit\u00e4, miten voit hakea viisumia verkossa Yhdistyneeseen kuningaskuntaan suuntautuvaa matkaasi varten muutamassa vaiheessa.\",\"inLanguage\":\"fi\",\"potentialAction\":[{\"@type\":\"ReadAction\",\"target\":[\"https:\\\/\\\/uk-gb.net\\\/fi\\\/yhdistyneen-kuningaskunnan-viisumihakemusmenettely\\\/\"]}]},{\"@type\":\"WebSite\",\"@id\":\"https:\\\/\\\/uk-gb.net\\\/fi\\\/#website\",\"url\":\"https:\\\/\\\/uk-gb.net\\\/fi\\\/\",\"name\":\"UK GB\",\"description\":\"Travel to the UK\",\"potentialAction\":[{\"@type\":\"SearchAction\",\"target\":{\"@type\":\"EntryPoint\",\"urlTemplate\":\"https:\\\/\\\/uk-gb.net\\\/fi\\\/?s={search_term_string}\"},\"query-input\":{\"@type\":\"PropertyValueSpecification\",\"valueRequired\":true,\"valueName\":\"search_term_string\"}}],\"inLanguage\":\"fi\"}]}<\/script>\n<!-- \/ Yoast SEO plugin. -->","yoast_head_json":{"title":"Yhdistyneen kuningaskunnan viisumihakemusmenettely - UK GB","description":"Selvit\u00e4, miten voit hakea viisumia verkossa Yhdistyneeseen kuningaskuntaan suuntautuvaa matkaasi varten muutamassa vaiheessa.","robots":{"index":"index","follow":"follow","max-snippet":"max-snippet:-1","max-image-preview":"max-image-preview:large","max-video-preview":"max-video-preview:-1"},"canonical":"https:\/\/uk-gb.net\/fi\/yhdistyneen-kuningaskunnan-viisumihakemusmenettely\/","og_locale":"fi_FI","og_type":"article","og_title":"Yhdistyneen kuningaskunnan viisumihakemusmenettely - UK GB","og_description":"Selvit\u00e4, miten voit hakea viisumia verkossa Yhdistyneeseen kuningaskuntaan suuntautuvaa matkaasi varten muutamassa vaiheessa.","og_url":"https:\/\/uk-gb.net\/fi\/yhdistyneen-kuningaskunnan-viisumihakemusmenettely\/","og_site_name":"UK GB","article_modified_time":"2025-07-17T14:26:39+00:00","twitter_card":"summary_large_image","twitter_misc":{"Arvioitu lukuaika":"2 minuuttia"},"schema":{"@context":"https:\/\/schema.org","@graph":[{"@type":"WebPage","@id":"https:\/\/uk-gb.net\/fi\/yhdistyneen-kuningaskunnan-viisumihakemusmenettely\/","url":"https:\/\/uk-gb.net\/fi\/yhdistyneen-kuningaskunnan-viisumihakemusmenettely\/","name":"Yhdistyneen kuningaskunnan viisumihakemusmenettely - UK GB","isPartOf":{"@id":"https:\/\/uk-gb.net\/fi\/#website"},"datePublished":"2024-02-25T10:31:56+00:00","dateModified":"2025-07-17T14:26:39+00:00","description":"Selvit\u00e4, miten voit hakea viisumia verkossa Yhdistyneeseen kuningaskuntaan suuntautuvaa matkaasi varten muutamassa vaiheessa.","inLanguage":"fi","potentialAction":[{"@type":"ReadAction","target":["https:\/\/uk-gb.net\/fi\/yhdistyneen-kuningaskunnan-viisumihakemusmenettely\/"]}]},{"@type":"WebSite","@id":"https:\/\/uk-gb.net\/fi\/#website","url":"https:\/\/uk-gb.net\/fi\/","name":"UK GB","description":"Travel to the UK","potentialAction":[{"@type":"SearchAction","target":{"@type":"EntryPoint","urlTemplate":"https:\/\/uk-gb.net\/fi\/?s={search_term_string}"},"query-input":{"@type":"PropertyValueSpecification","valueRequired":true,"valueName":"search_term_string"}}],"inLanguage":"fi"}]}},"_links":{"self":[{"href":"https:\/\/uk-gb.net\/fi\/wp-json\/wp\/v2\/pages\/3391","targetHints":{"allow":["GET"]}}],"collection":[{"href":"https:\/\/uk-gb.net\/fi\/wp-json\/wp\/v2\/pages"}],"about":[{"href":"https:\/\/uk-gb.net\/fi\/wp-json\/wp\/v2\/types\/page"}],"author":[{"embeddable":true,"href":"https:\/\/uk-gb.net\/fi\/wp-json\/wp\/v2\/users\/1"}],"replies":[{"embeddable":true,"href":"https:\/\/uk-gb.net\/fi\/wp-json\/wp\/v2\/comments?post=3391"}],"version-history":[{"count":0,"href":"https:\/\/uk-gb.net\/fi\/wp-json\/wp\/v2\/pages\/3391\/revisions"}],"wp:attachment":[{"href":"https:\/\/uk-gb.net\/fi\/wp-json\/wp\/v2\/media?parent=3391"}],"curies":[{"name":"wp","href":"https:\/\/api.w.org\/{rel}","templated":true}]}}