{"id":3389,"date":"2023-12-19T16:07:33","date_gmt":"2023-12-19T16:07:33","guid":{"rendered":"https:\/\/uk-gb.net\/iphone-hakemus-eta-viisumi-englantiin\/"},"modified":"2025-11-13T16:17:20","modified_gmt":"2025-11-13T16:17:20","slug":"iphone-hakemus-eta-viisumi-englantiin","status":"publish","type":"page","link":"https:\/\/uk-gb.net\/fi\/iphone-hakemus-eta-viisumi-englantiin\/","title":{"rendered":"Yhdistyneen kuningaskunnan virallinen ETA-hakemus"},"content":{"rendered":"\n<h1 class=\"wp-block-heading\">ETA-hakemus Yhdistynyt kuningaskunta<\/h1>\n\n<p>Yhdistynyt kuningaskunta on ottanut k\u00e4ytt\u00f6\u00f6n mobiilisovelluksen, joka on tarkoitettu <a href=\"https:\/\/uk-gb.net\/fi\/eta-englanti-iso-britannia\/\">Yhdistyneeseen kuningaskuntaan teht\u00e4vien eTA-hakemusten<\/a> hallinnointiin. T\u00e4m\u00e4 digitaalinen sovellus tarjoaa k\u00e4yt\u00e4nn\u00f6llisen ja tehokkaan ratkaisun matkustajille, jotka tulevat <a href=\"https:\/\/uk-gb.net\/fi\/maat-jotka-voivat-hakea-eta-uk-ta\/\">maista, jotka voivat saada eTA-luvan Yhdistyneeseen kuningaskuntaan<\/a>.<\/p>\n\n<p><strong>Saat t\u00e4m\u00e4n matkustusluvan muutamassa minuutissa<\/strong> t\u00e4ytt\u00e4m\u00e4ll\u00e4 <a href=\"https:\/\/uk-gb.net\/fi\/online-eta-viisumi-englannista\/\">ETA-lomakkeen verkossa<\/a>.<\/p>\n\n<h2 class=\"wp-block-heading\">Mik\u00e4 on Yhdistyneen kuningaskunnan ETA-hakemus?<\/h2>\n\n<p>Yhdistyneen kuningaskunnan hallitus on perustanut sovelluksen, jonka tarkoituksena on helpottaa ETA-luvan hakemista Yhdistyneeseen kuningaskuntaan saapumista varten. Se on tarkoitettu <a href=\"https:\/\/uk-gb.net\/fi\/maat-jotka-voivat-hakea-eta-uk-ta\/\">matkustajille, jotka voivat saada viisumivapauden<\/a> ja jotka haluavat oleskella Yhdistyneess\u00e4 kuningaskunnassa lyhyen aikaa. Helppok\u00e4ytt\u00f6inen ja 100-prosenttisesti mobiililaitteilla toimiva sovellus otettiin k\u00e4ytt\u00f6\u00f6n vuonna 2024.  <\/p>\n\n<h2 class=\"wp-block-heading\">Miten Yhdistyneen kuningaskunnan ETA-hakemus toimii?<\/h2>\n\n<p>Sovellus on ladattavissa ilmaiseksi Android- ja iOS-kaupoista. Sen avulla voit l\u00e4hett\u00e4\u00e4 matkustuslupahakemuksen vain muutamassa minuutissa. Matkustajien on :  <\/p>\n\n<ul class=\"wp-block-list\">\n<li>T\u00e4yt\u00e4 henkil\u00f6- ja passitietosi<\/li>\n\n\n\n<li>Vastaa lyhyeen turvallisuuskyselyyn<\/li>\n\n\n\n<li>ETA-maksujen turvallinen maksaminen<\/li>\n<\/ul>\n\n<div style=\"height:10px\" aria-hidden=\"true\" class=\"wp-block-spacer\"><\/div>\n\n<p>Kun hakemus on hyv\u00e4ksytty, ETA <strong>my\u00f6nnet\u00e4\u00e4n<\/strong> yleens\u00e4 <strong>kolmen ty\u00f6p\u00e4iv\u00e4n kuluessa<\/strong> ja liitet\u00e4\u00e4n s\u00e4hk\u00f6isesti matkustajan passiin. Paperisia asiakirjoja ei tarvita. <\/p>\n\n<h2 class=\"wp-block-heading\">Mit\u00e4 etuja Yhdistyneen kuningaskunnan ETA-hakemuksesta on?<\/h2>\n\n<p>Yhdistyneen kuningaskunnan ETA-sovellus on nopea, intuitiivinen ja t\u00e4ysin paperiton. Sen avulla v\u00e4ltet\u00e4\u00e4n aikaa viev\u00e4t menettelyt, jotka liittyv\u00e4t <a href=\"https:\/\/uk-gb.net\/fi\/turistiviisumi-englantiin\/\">Yhdistyneen kuningaskunnan viisumin hankkimiseen turistivierailuja varten<\/a>.   <\/p>\n\n<p>Matkustajat voivat seurata hakemuksensa tilaa reaaliajassa, saada ilmoituksia ja pit\u00e4\u00e4 digitaalista kirjaa matkustusluvastaan. Se lyhent\u00e4\u00e4 merkitt\u00e4v\u00e4sti odotusaikoja ja yksinkertaistaa <a href=\"https:\/\/uk-gb.net\/fi\/viisumi-uk\/\">Yhdistyneeseen kuningaskuntaan saapumiseen liittyvi\u00e4 muodollisuuksia<\/a>. <\/p>\n\n<h2 class=\"wp-block-heading\">Onko asiakastukea verkossa?<\/h2>\n\n<p>Sovellus tarjoaa verkkotukea, joka auttaa k\u00e4ytt\u00e4ji\u00e4 prosessin kaikissa vaiheissa. Integroitu UKK vastaa useimmin kysyttyihin kysymyksiin, ja chat-robotti tarjoaa v\u00e4litt\u00f6mi\u00e4 vastauksia reaaliajassa. <\/p>\n\n<p>N\u00e4iden ominaisuuksien ansiosta eTA-sovellus on matkustajille v\u00e4ltt\u00e4m\u00e4t\u00f6n ty\u00f6kalu, joka yksinkertaistaa hakuprosessia ja tarjoaa turvallisen ja tehokkaan k\u00e4ytt\u00f6kokemuksen. T\u00e4m\u00e4 on paljon yksinkertaisempaa kuin <a href=\"https:\/\/uk-gb.net\/fi\/yhdistyneen-kuningaskunnan-viisumihakemusmenettely\/\">Yhdistyneen kuningaskunnan viisumin hakeminen<\/a>. <\/p>\n\n<h2 class=\"wp-block-heading\">Yhdistyneen kuningaskunnan eTA-sovellus Applen App Storessa<\/h2>\n\n<p>T\u00e4m\u00e4 on Yhdistyneen kuningaskunnan viranomaisten virallinen sovellus, jonka avulla matkustajat voivat hakea eTA-lupaa matkapuhelimella.<\/p>\n\n<figure class=\"wp-block-image size-full\"><img fetchpriority=\"high\" decoding=\"async\" width=\"486\" height=\"822\" src=\"https:\/\/uk-gb.net\/wp-content\/uploads\/2024\/05\/uk-esta-app.jpg\" alt=\"eTA UK iPhone-sovellus\" class=\"wp-image-2351\" srcset=\"https:\/\/uk-gb.net\/wp-content\/uploads\/2024\/05\/uk-esta-app.jpg 486w, https:\/\/uk-gb.net\/wp-content\/uploads\/2024\/05\/uk-esta-app-177x300.jpg 177w\" sizes=\"(max-width: 486px) 100vw, 486px\" \/><figcaption class=\"wp-element-caption\">Kuva App Storessa olevasta iPhone-sovelluksesta eTA UK:n hakemista varten.<\/figcaption><\/figure>\n\n<p><\/p>\n","protected":false},"excerpt":{"rendered":"<p>ETA-hakemus Yhdistynyt kuningaskunta Yhdistynyt kuningaskunta on ottanut k\u00e4ytt\u00f6\u00f6n mobiilisovelluksen, joka on tarkoitettu Yhdistyneeseen kuningaskuntaan teht\u00e4vien eTA-hakemusten hallinnointiin. T\u00e4m\u00e4 digitaalinen sovellus tarjoaa k\u00e4yt\u00e4nn\u00f6llisen ja tehokkaan ratkaisun matkustajille, jotka tulevat maista, jotka voivat saada eTA-luvan Yhdistyneeseen kuningaskuntaan. Saat t\u00e4m\u00e4n matkustusluvan muutamassa minuutissa t\u00e4ytt\u00e4m\u00e4ll\u00e4 ETA-lomakkeen verkossa. Mik\u00e4 on Yhdistyneen kuningaskunnan ETA-hakemus? Yhdistyneen kuningaskunnan hallitus on perustanut sovelluksen, jonka [&hellip;]<\/p>\n","protected":false},"author":1,"featured_media":0,"parent":0,"menu_order":0,"comment_status":"closed","ping_status":"closed","template":"","meta":{"footnotes":""},"class_list":["post-3389","page","type-page","status-publish","hentry"],"yoast_head":"<!-- This site is optimized with the Yoast SEO plugin v27.4 - https:\/\/yoast.com\/product\/yoast-seo-wordpress\/ -->\n<title>Yhdistyneen kuningaskunnan virallinen ETA-hakemus - UK GB<\/title>\n<meta name=\"description\" content=\"Tutustu IPhone-sovellukseen, jonka avulla voit hallita eTA-hakemustasi Yhdistyneeseen kuningaskuntaan matkustamista varten.\" \/>\n<meta name=\"robots\" content=\"index, follow, max-snippet:-1, max-image-preview:large, max-video-preview:-1\" \/>\n<link rel=\"canonical\" href=\"https:\/\/uk-gb.net\/fi\/iphone-hakemus-eta-viisumi-englantiin\/\" \/>\n<meta property=\"og:locale\" content=\"fi_FI\" \/>\n<meta property=\"og:type\" content=\"article\" \/>\n<meta property=\"og:title\" content=\"Yhdistyneen kuningaskunnan virallinen ETA-hakemus - UK GB\" \/>\n<meta property=\"og:description\" content=\"Tutustu IPhone-sovellukseen, jonka avulla voit hallita eTA-hakemustasi Yhdistyneeseen kuningaskuntaan matkustamista varten.\" \/>\n<meta property=\"og:url\" content=\"https:\/\/uk-gb.net\/fi\/iphone-hakemus-eta-viisumi-englantiin\/\" \/>\n<meta property=\"og:site_name\" content=\"UK GB\" \/>\n<meta property=\"article:modified_time\" content=\"2025-11-13T16:17:20+00:00\" \/>\n<meta property=\"og:image\" content=\"https:\/\/uk-gb.net\/wp-content\/uploads\/2024\/05\/uk-esta-app.jpg\" \/>\n\t<meta property=\"og:image:width\" content=\"486\" \/>\n\t<meta property=\"og:image:height\" content=\"822\" \/>\n\t<meta property=\"og:image:type\" content=\"image\/jpeg\" \/>\n<meta name=\"twitter:card\" content=\"summary_large_image\" \/>\n<meta name=\"twitter:label1\" content=\"Arvioitu lukuaika\" \/>\n\t<meta name=\"twitter:data1\" content=\"2 minuuttia\" \/>\n<script type=\"application\/ld+json\" class=\"yoast-schema-graph\">{\"@context\":\"https:\\\/\\\/schema.org\",\"@graph\":[{\"@type\":\"WebPage\",\"@id\":\"https:\\\/\\\/uk-gb.net\\\/fi\\\/iphone-hakemus-eta-viisumi-englantiin\\\/\",\"url\":\"https:\\\/\\\/uk-gb.net\\\/fi\\\/iphone-hakemus-eta-viisumi-englantiin\\\/\",\"name\":\"Yhdistyneen kuningaskunnan virallinen ETA-hakemus - UK GB\",\"isPartOf\":{\"@id\":\"https:\\\/\\\/uk-gb.net\\\/fi\\\/#website\"},\"primaryImageOfPage\":{\"@id\":\"https:\\\/\\\/uk-gb.net\\\/fi\\\/iphone-hakemus-eta-viisumi-englantiin\\\/#primaryimage\"},\"image\":{\"@id\":\"https:\\\/\\\/uk-gb.net\\\/fi\\\/iphone-hakemus-eta-viisumi-englantiin\\\/#primaryimage\"},\"thumbnailUrl\":\"https:\\\/\\\/uk-gb.net\\\/wp-content\\\/uploads\\\/2024\\\/05\\\/uk-esta-app.jpg\",\"datePublished\":\"2023-12-19T16:07:33+00:00\",\"dateModified\":\"2025-11-13T16:17:20+00:00\",\"description\":\"Tutustu IPhone-sovellukseen, jonka avulla voit hallita eTA-hakemustasi Yhdistyneeseen kuningaskuntaan matkustamista varten.\",\"inLanguage\":\"fi\",\"potentialAction\":[{\"@type\":\"ReadAction\",\"target\":[\"https:\\\/\\\/uk-gb.net\\\/fi\\\/iphone-hakemus-eta-viisumi-englantiin\\\/\"]}]},{\"@type\":\"ImageObject\",\"inLanguage\":\"fi\",\"@id\":\"https:\\\/\\\/uk-gb.net\\\/fi\\\/iphone-hakemus-eta-viisumi-englantiin\\\/#primaryimage\",\"url\":\"https:\\\/\\\/uk-gb.net\\\/wp-content\\\/uploads\\\/2024\\\/05\\\/uk-esta-app.jpg\",\"contentUrl\":\"https:\\\/\\\/uk-gb.net\\\/wp-content\\\/uploads\\\/2024\\\/05\\\/uk-esta-app.jpg\"},{\"@type\":\"WebSite\",\"@id\":\"https:\\\/\\\/uk-gb.net\\\/fi\\\/#website\",\"url\":\"https:\\\/\\\/uk-gb.net\\\/fi\\\/\",\"name\":\"UK GB\",\"description\":\"Travel to the UK\",\"potentialAction\":[{\"@type\":\"SearchAction\",\"target\":{\"@type\":\"EntryPoint\",\"urlTemplate\":\"https:\\\/\\\/uk-gb.net\\\/fi\\\/?s={search_term_string}\"},\"query-input\":{\"@type\":\"PropertyValueSpecification\",\"valueRequired\":true,\"valueName\":\"search_term_string\"}}],\"inLanguage\":\"fi\"}]}<\/script>\n<!-- \/ Yoast SEO plugin. -->","yoast_head_json":{"title":"Yhdistyneen kuningaskunnan virallinen ETA-hakemus - UK GB","description":"Tutustu IPhone-sovellukseen, jonka avulla voit hallita eTA-hakemustasi Yhdistyneeseen kuningaskuntaan matkustamista varten.","robots":{"index":"index","follow":"follow","max-snippet":"max-snippet:-1","max-image-preview":"max-image-preview:large","max-video-preview":"max-video-preview:-1"},"canonical":"https:\/\/uk-gb.net\/fi\/iphone-hakemus-eta-viisumi-englantiin\/","og_locale":"fi_FI","og_type":"article","og_title":"Yhdistyneen kuningaskunnan virallinen ETA-hakemus - UK GB","og_description":"Tutustu IPhone-sovellukseen, jonka avulla voit hallita eTA-hakemustasi Yhdistyneeseen kuningaskuntaan matkustamista varten.","og_url":"https:\/\/uk-gb.net\/fi\/iphone-hakemus-eta-viisumi-englantiin\/","og_site_name":"UK GB","article_modified_time":"2025-11-13T16:17:20+00:00","og_image":[{"width":486,"height":822,"url":"https:\/\/uk-gb.net\/wp-content\/uploads\/2024\/05\/uk-esta-app.jpg","type":"image\/jpeg"}],"twitter_card":"summary_large_image","twitter_misc":{"Arvioitu lukuaika":"2 minuuttia"},"schema":{"@context":"https:\/\/schema.org","@graph":[{"@type":"WebPage","@id":"https:\/\/uk-gb.net\/fi\/iphone-hakemus-eta-viisumi-englantiin\/","url":"https:\/\/uk-gb.net\/fi\/iphone-hakemus-eta-viisumi-englantiin\/","name":"Yhdistyneen kuningaskunnan virallinen ETA-hakemus - UK GB","isPartOf":{"@id":"https:\/\/uk-gb.net\/fi\/#website"},"primaryImageOfPage":{"@id":"https:\/\/uk-gb.net\/fi\/iphone-hakemus-eta-viisumi-englantiin\/#primaryimage"},"image":{"@id":"https:\/\/uk-gb.net\/fi\/iphone-hakemus-eta-viisumi-englantiin\/#primaryimage"},"thumbnailUrl":"https:\/\/uk-gb.net\/wp-content\/uploads\/2024\/05\/uk-esta-app.jpg","datePublished":"2023-12-19T16:07:33+00:00","dateModified":"2025-11-13T16:17:20+00:00","description":"Tutustu IPhone-sovellukseen, jonka avulla voit hallita eTA-hakemustasi Yhdistyneeseen kuningaskuntaan matkustamista varten.","inLanguage":"fi","potentialAction":[{"@type":"ReadAction","target":["https:\/\/uk-gb.net\/fi\/iphone-hakemus-eta-viisumi-englantiin\/"]}]},{"@type":"ImageObject","inLanguage":"fi","@id":"https:\/\/uk-gb.net\/fi\/iphone-hakemus-eta-viisumi-englantiin\/#primaryimage","url":"https:\/\/uk-gb.net\/wp-content\/uploads\/2024\/05\/uk-esta-app.jpg","contentUrl":"https:\/\/uk-gb.net\/wp-content\/uploads\/2024\/05\/uk-esta-app.jpg"},{"@type":"WebSite","@id":"https:\/\/uk-gb.net\/fi\/#website","url":"https:\/\/uk-gb.net\/fi\/","name":"UK GB","description":"Travel to the UK","potentialAction":[{"@type":"SearchAction","target":{"@type":"EntryPoint","urlTemplate":"https:\/\/uk-gb.net\/fi\/?s={search_term_string}"},"query-input":{"@type":"PropertyValueSpecification","valueRequired":true,"valueName":"search_term_string"}}],"inLanguage":"fi"}]}},"_links":{"self":[{"href":"https:\/\/uk-gb.net\/fi\/wp-json\/wp\/v2\/pages\/3389","targetHints":{"allow":["GET"]}}],"collection":[{"href":"https:\/\/uk-gb.net\/fi\/wp-json\/wp\/v2\/pages"}],"about":[{"href":"https:\/\/uk-gb.net\/fi\/wp-json\/wp\/v2\/types\/page"}],"author":[{"embeddable":true,"href":"https:\/\/uk-gb.net\/fi\/wp-json\/wp\/v2\/users\/1"}],"replies":[{"embeddable":true,"href":"https:\/\/uk-gb.net\/fi\/wp-json\/wp\/v2\/comments?post=3389"}],"version-history":[{"count":0,"href":"https:\/\/uk-gb.net\/fi\/wp-json\/wp\/v2\/pages\/3389\/revisions"}],"wp:attachment":[{"href":"https:\/\/uk-gb.net\/fi\/wp-json\/wp\/v2\/media?parent=3389"}],"curies":[{"name":"wp","href":"https:\/\/api.w.org\/{rel}","templated":true}]}}