{"id":3387,"date":"2024-02-25T15:25:14","date_gmt":"2024-02-25T15:25:14","guid":{"rendered":"https:\/\/uk-gb.net\/contact\/"},"modified":"2025-05-23T12:39:26","modified_gmt":"2025-05-23T11:39:26","slug":"contact","status":"publish","type":"page","link":"https:\/\/uk-gb.net\/fi\/contact\/","title":{"rendered":"Ota yhteytt\u00e4"},"content":{"rendered":"\n<h1 class=\"wp-block-heading\">Yhteydenottolomake<\/h1>\n\n<p>Olemme yksityisomistuksessa oleva online-tietosivusto lomailusta Yhdistyneess\u00e4 kuningaskunnassa. <\/p>\n\n<p>Emme ole mill\u00e4\u00e4n tavoin yhteydess\u00e4 Yhdistyneen kuningaskunnan hallintoon tai mihink\u00e4\u00e4n muuhun hallintoon. Emme voi antaa tukea menettelyyn, joka suoritetaan virallisella verkkosivustolla tai yksityisell\u00e4 verkkosivustolla, joka tarjoaa apua hallinnollisissa muodollisuuksissa. <\/p>\n\n<p>Verkkosivustomme sis\u00e4lt\u00e4\u00e4 erilaisia mainoshyperlinkkej\u00e4 kolmansien osapuolten verkkosivustoille. Meill\u00e4 ei ole linkki\u00e4 n\u00e4ihin sivustoihin tai emme valvo niit\u00e4, emmek\u00e4 ole vastuussa niiden tietosuojak\u00e4yt\u00e4nn\u00f6ist\u00e4 tai kaupallisista k\u00e4yt\u00e4nn\u00f6ist\u00e4.<\/p>\n<div class=\"wpforms-container wpforms-container-full wpforms-block wpforms-block-97737c9a-6459-48bb-9e26-bc200d497ab8 wpforms-render-modern\" id=\"wpforms-1497\"><form id=\"wpforms-form-1497\" class=\"wpforms-validate wpforms-form wpforms-ajax-form\" data-formid=\"1497\" method=\"post\" enctype=\"multipart\/form-data\" action=\"\/fi\/wp-json\/wp\/v2\/pages\/3387\" data-token=\"5a7230bfbb725c417f3474e217d91740\" data-token-time=\"1776494623\"><noscript class=\"wpforms-error-noscript\">Please enable JavaScript in your browser to complete this form.<\/noscript><div id=\"wpforms-error-noscript\" style=\"display: none;\">Please enable JavaScript in your browser to complete this form.<\/div><div class=\"wpforms-field-container\"><div id=\"wpforms-1497-field_0-container\" class=\"wpforms-field wpforms-field-name\" data-field-id=\"0\"><label class=\"wpforms-field-label\" for=\"wpforms-1497-field_0\">Name <span class=\"wpforms-required-label\" aria-hidden=\"true\">*<\/span><\/label><input type=\"text\" id=\"wpforms-1497-field_0\" class=\"wpforms-field-medium wpforms-field-required\" name=\"wpforms[fields][0]\" aria-errormessage=\"wpforms-1497-field_0-error\" required><\/div><div id=\"wpforms-1497-field_1-container\" class=\"wpforms-field wpforms-field-email\" data-field-id=\"1\"><label class=\"wpforms-field-label\" for=\"wpforms-1497-field_1\">E-mail <span class=\"wpforms-required-label\" aria-hidden=\"true\">*<\/span><\/label><input type=\"email\" id=\"wpforms-1497-field_1\" class=\"wpforms-field-medium wpforms-field-required\" name=\"wpforms[fields][1]\" spellcheck=\"false\" aria-errormessage=\"wpforms-1497-field_1-error\" required><\/div><div id=\"wpforms-1497-field_2-container\" class=\"wpforms-field wpforms-field-textarea\" data-field-id=\"2\"><label class=\"wpforms-field-label\" for=\"wpforms-1497-field_2\">Message<\/label><textarea id=\"wpforms-1497-field_2\" class=\"wpforms-field-medium\" name=\"wpforms[fields][2]\" aria-errormessage=\"wpforms-1497-field_2-error\" ><\/textarea><\/div><\/div><!-- .wpforms-field-container --><div class=\"wpforms-submit-container\" ><input type=\"hidden\" name=\"wpforms[id]\" value=\"1497\"><input type=\"hidden\" name=\"page_title\" value=\"\"><input type=\"hidden\" name=\"page_url\" value=\"https:\/\/uk-gb.net\/fi\/wp-json\/wp\/v2\/pages\/3387\"><input type=\"hidden\" name=\"url_referer\" value=\"\"><button type=\"submit\" name=\"wpforms[submit]\" id=\"wpforms-submit-1497\" class=\"wpforms-submit\" data-alt-text=\"in progress\" data-submit-text=\"OK\" aria-live=\"assertive\" value=\"wpforms-submit\">OK<\/button><img decoding=\"async\" src=\"https:\/\/uk-gb.net\/wp-content\/plugins\/wpforms-lite\/assets\/images\/submit-spin.svg\" class=\"wpforms-submit-spinner\" style=\"display: none;\" width=\"26\" height=\"26\" alt=\"Loading\"><\/div><\/form><\/div>  <!-- .wpforms-container -->","protected":false},"excerpt":{"rendered":"<p>Yhteydenottolomake Olemme yksityisomistuksessa oleva online-tietosivusto lomailusta Yhdistyneess\u00e4 kuningaskunnassa. Emme ole mill\u00e4\u00e4n tavoin yhteydess\u00e4 Yhdistyneen kuningaskunnan hallintoon tai mihink\u00e4\u00e4n muuhun hallintoon. Emme voi antaa tukea menettelyyn, joka suoritetaan virallisella verkkosivustolla tai yksityisell\u00e4 verkkosivustolla, joka tarjoaa apua hallinnollisissa muodollisuuksissa. Verkkosivustomme sis\u00e4lt\u00e4\u00e4 erilaisia mainoshyperlinkkej\u00e4 kolmansien osapuolten verkkosivustoille. Meill\u00e4 ei ole linkki\u00e4 n\u00e4ihin sivustoihin tai emme valvo niit\u00e4, emmek\u00e4 [&hellip;]<\/p>\n","protected":false},"author":1,"featured_media":0,"parent":0,"menu_order":0,"comment_status":"closed","ping_status":"closed","template":"","meta":{"footnotes":""},"class_list":["post-3387","page","type-page","status-publish","hentry"],"yoast_head":"<!-- This site is optimized with the Yoast SEO plugin v27.4 - https:\/\/yoast.com\/product\/yoast-seo-wordpress\/ -->\n<title>Ota yhteytt\u00e4 - UK GB<\/title>\n<meta name=\"description\" content=\"uk-gb.net verkkosivuston yhteydenottolomake\" \/>\n<meta name=\"robots\" content=\"noindex, nofollow\" \/>\n<meta property=\"og:locale\" content=\"fi_FI\" \/>\n<meta property=\"og:type\" content=\"article\" \/>\n<meta property=\"og:title\" content=\"Ota yhteytt\u00e4 - UK GB\" \/>\n<meta property=\"og:description\" content=\"uk-gb.net verkkosivuston yhteydenottolomake\" \/>\n<meta property=\"og:url\" content=\"https:\/\/uk-gb.net\/fi\/contact\/\" \/>\n<meta property=\"og:site_name\" content=\"UK GB\" \/>\n<meta property=\"article:modified_time\" content=\"2025-05-23T11:39:26+00:00\" \/>\n<meta name=\"twitter:card\" content=\"summary_large_image\" \/>\n<script type=\"application\/ld+json\" class=\"yoast-schema-graph\">{\"@context\":\"https:\\\/\\\/schema.org\",\"@graph\":[{\"@type\":\"WebPage\",\"@id\":\"https:\\\/\\\/uk-gb.net\\\/fi\\\/contact\\\/\",\"url\":\"https:\\\/\\\/uk-gb.net\\\/fi\\\/contact\\\/\",\"name\":\"Ota yhteytt\u00e4 - UK GB\",\"isPartOf\":{\"@id\":\"https:\\\/\\\/uk-gb.net\\\/fi\\\/#website\"},\"datePublished\":\"2024-02-25T15:25:14+00:00\",\"dateModified\":\"2025-05-23T11:39:26+00:00\",\"description\":\"uk-gb.net verkkosivuston yhteydenottolomake\",\"inLanguage\":\"fi\",\"potentialAction\":[{\"@type\":\"ReadAction\",\"target\":[\"https:\\\/\\\/uk-gb.net\\\/fi\\\/contact\\\/\"]}]},{\"@type\":\"WebSite\",\"@id\":\"https:\\\/\\\/uk-gb.net\\\/fi\\\/#website\",\"url\":\"https:\\\/\\\/uk-gb.net\\\/fi\\\/\",\"name\":\"UK GB\",\"description\":\"Travel to the UK\",\"potentialAction\":[{\"@type\":\"SearchAction\",\"target\":{\"@type\":\"EntryPoint\",\"urlTemplate\":\"https:\\\/\\\/uk-gb.net\\\/fi\\\/?s={search_term_string}\"},\"query-input\":{\"@type\":\"PropertyValueSpecification\",\"valueRequired\":true,\"valueName\":\"search_term_string\"}}],\"inLanguage\":\"fi\"}]}<\/script>\n<!-- \/ Yoast SEO plugin. -->","yoast_head_json":{"title":"Ota yhteytt\u00e4 - UK GB","description":"uk-gb.net verkkosivuston yhteydenottolomake","robots":{"index":"noindex","follow":"nofollow"},"og_locale":"fi_FI","og_type":"article","og_title":"Ota yhteytt\u00e4 - UK GB","og_description":"uk-gb.net verkkosivuston yhteydenottolomake","og_url":"https:\/\/uk-gb.net\/fi\/contact\/","og_site_name":"UK GB","article_modified_time":"2025-05-23T11:39:26+00:00","twitter_card":"summary_large_image","schema":{"@context":"https:\/\/schema.org","@graph":[{"@type":"WebPage","@id":"https:\/\/uk-gb.net\/fi\/contact\/","url":"https:\/\/uk-gb.net\/fi\/contact\/","name":"Ota yhteytt\u00e4 - UK GB","isPartOf":{"@id":"https:\/\/uk-gb.net\/fi\/#website"},"datePublished":"2024-02-25T15:25:14+00:00","dateModified":"2025-05-23T11:39:26+00:00","description":"uk-gb.net verkkosivuston yhteydenottolomake","inLanguage":"fi","potentialAction":[{"@type":"ReadAction","target":["https:\/\/uk-gb.net\/fi\/contact\/"]}]},{"@type":"WebSite","@id":"https:\/\/uk-gb.net\/fi\/#website","url":"https:\/\/uk-gb.net\/fi\/","name":"UK GB","description":"Travel to the UK","potentialAction":[{"@type":"SearchAction","target":{"@type":"EntryPoint","urlTemplate":"https:\/\/uk-gb.net\/fi\/?s={search_term_string}"},"query-input":{"@type":"PropertyValueSpecification","valueRequired":true,"valueName":"search_term_string"}}],"inLanguage":"fi"}]}},"_links":{"self":[{"href":"https:\/\/uk-gb.net\/fi\/wp-json\/wp\/v2\/pages\/3387","targetHints":{"allow":["GET"]}}],"collection":[{"href":"https:\/\/uk-gb.net\/fi\/wp-json\/wp\/v2\/pages"}],"about":[{"href":"https:\/\/uk-gb.net\/fi\/wp-json\/wp\/v2\/types\/page"}],"author":[{"embeddable":true,"href":"https:\/\/uk-gb.net\/fi\/wp-json\/wp\/v2\/users\/1"}],"replies":[{"embeddable":true,"href":"https:\/\/uk-gb.net\/fi\/wp-json\/wp\/v2\/comments?post=3387"}],"version-history":[{"count":0,"href":"https:\/\/uk-gb.net\/fi\/wp-json\/wp\/v2\/pages\/3387\/revisions"}],"wp:attachment":[{"href":"https:\/\/uk-gb.net\/fi\/wp-json\/wp\/v2\/media?parent=3387"}],"curies":[{"name":"wp","href":"https:\/\/api.w.org\/{rel}","templated":true}]}}