{"id":3385,"date":"2023-11-21T14:15:17","date_gmt":"2023-11-21T14:15:17","guid":{"rendered":"https:\/\/uk-gb.net\/eta-englanti-iso-britannia\/"},"modified":"2026-04-02T11:32:33","modified_gmt":"2026-04-02T10:32:33","slug":"eta-englanti-iso-britannia","status":"publish","type":"page","link":"https:\/\/uk-gb.net\/fi\/eta-englanti-iso-britannia\/","title":{"rendered":"ETA England Yhdistyneeseen kuningaskuntaan matkustettaessa"},"content":{"rendered":"\n<h1 class=\"wp-block-heading\">ETA Brittil\u00e4inen s\u00e4hk\u00f6inen matkustuslupa<\/h1>\n\n<p>S\u00e4hk\u00f6inen matkustuslupa (ETA, Electronic Travel Authorisation) on Yhdistyneess\u00e4 kuningaskunnassa k\u00e4ytt\u00f6\u00f6n otettu j\u00e4rjestelm\u00e4, jonka avulla tietyt ulkomaalaiset voivat oleskella maassa ilman perinteist\u00e4 viisumia. ETA on tarkoitettu lyhytaikaista oleskelua varten, ja se on suunnattu viisumivapauden piiriin kuuluvista maista tuleville matkustajille. <\/p>\n\n<p><strong>Saat t\u00e4m\u00e4n matkustusluvan muutamassa minuutissa<\/strong> t\u00e4ytt\u00e4m\u00e4ll\u00e4 <a href=\"https:\/\/uk-gb.net\/fi\/online-eta-viisumi-englannista\/\">ETA-lomakkeen verkossa<\/a>.<\/p>\n\n<div style=\"height:10px\" aria-hidden=\"true\" class=\"wp-block-spacer\"><\/div>\n\n<h2 class=\"wp-block-heading\">Mit\u00e4 ETA tarkoittaa Yhdistyneelle kuningaskunnalle?<\/h2>\n\n<p>ETA on digitaalinen lupa, joka on pakollinen tiettyjen maiden kansalaisille, jotka haluavat vierailla Yhdistyneess\u00e4 kuningaskunnassa matkailun, liikeasioinnin tai v\u00e4lilaskun vuoksi. Lupa on voimassa lyhytaikaista oleskelua varten, ja se korvaa osittain perinteiset viisumimenettelyt. Hakemus tehd\u00e4\u00e4n verkossa suojatun portaalin kautta, ja siihen vastataan nopeasti, mik\u00e4 yksinkertaistaa maahantulomuodollisuuksia Yhdistyneeseen kuningaskuntaan.  <\/p>\n\n<h2 class=\"wp-block-heading\">Kuka voi saada ETA-luvan Yhdistyneeseen kuningaskuntaan?<\/h2>\n\n<p>ETA on suunnattu sellaisten maiden kansalaisille, jotka eiv\u00e4t voi tulla Yhdistyneeseen kuningaskuntaan viisumivapaasti. Yhdistyneen kuningaskunnan viranomaiset p\u00e4ivitt\u00e4v\u00e4t s\u00e4\u00e4nn\u00f6llisesti <a href=\"https:\/\/uk-gb.net\/fi\/maat-jotka-voivat-hakea-eta-uk-ta\/\">luetteloa viisumikelpoisista<\/a> maista. Siksi on t\u00e4rke\u00e4\u00e4 tarkistaa ennen oleskelun suunnittelua, voitko kansalaisuutesi perusteella hakea ETA-viisumia.  <\/p>\n\n<p>Jokaisen matkustajan, my\u00f6s alaik\u00e4isten ja vauvojen, on haettava erikseen. Kukaan matkustaja ei saa tulla sis\u00e4\u00e4n ilman ennakkolupaa. <\/p>\n\n<h2 class=\"wp-block-heading\">Miten haen Yhdistyneen kuningaskunnan ETA-lupaa?<\/h2>\n\n<p>ETA-hakemus tehd\u00e4\u00e4n verkossa <a href=\"https:\/\/www.gov.uk\/guidance\/apply-for-an-electronic-travel-authorisation-eta\">Yhdistyneen kuningaskunnan hallituksen virallisella verkkosivustolla<\/a>. Lomake on t\u00e4ytett\u00e4v\u00e4 huolellisesti ja siin\u00e4 on oltava seuraavat tiedot: <\/p>\n\n<ul class=\"wp-block-list\">\n<li>Henkil\u00f6tiedot (nimi, syntym\u00e4aika jne.)<\/li>\n\n\n\n<li>Tiedot matkustamiseen k\u00e4ytetyst\u00e4 passista<\/li>\n\n\n\n<li>Tiedot oleskelustasi (tarkoitus, kesto jne.).<\/li>\n<\/ul>\n\n<p>Kun <a href=\"https:\/\/uk-gb.net\/fi\/online-eta-viisumi-englannista\/\">s\u00e4hk\u00f6inen lomake<\/a> on toimitettu, hakemuksen vahvistaminen edellytt\u00e4\u00e4 maksun maksamista.<\/p>\n\n<h2 class=\"wp-block-heading\">Lataa ETA-sovellus iPhonelle?<\/h2>\n\n<p>Prosessin helpottamiseksi Yhdistyneen kuningaskunnan hallitus on ottanut k\u00e4ytt\u00f6\u00f6n <a href=\"https:\/\/uk-gb.net\/fi\/iphone-hakemus-eta-viisumi-englantiin\/\">erityisen ETA-mobiilisovelluksen<\/a>, joka on saatavilla <strong>App Storesta<\/strong> (iOS) viisumivapausohjelmaan kuuluvissa maissa. <\/p>\n\n<p>Sovelluksen avulla voit t\u00e4ytt\u00e4\u00e4, l\u00e4hett\u00e4\u00e4 ja seurata hakemuksesi suoraan puhelimestasi t\u00e4ysin turvallisesti. Etsi App Storesta \u201dUK ETA\u201d ja asenna se ilmaiseksi, niin voit aloittaa menettelyn iPhonestasi. <\/p>\n\n<h2 class=\"wp-block-heading\">Milloin minun pit\u00e4isi hakea verkossa?<\/h2>\n\n<p>ETA-lupaa on ehdottomasti haettava <strong>ennen<\/strong> Yhdistyneeseen kuningaskuntaan <strong>l\u00e4ht\u00f6\u00e4<\/strong>. Vaikka useimmat hakemukset k\u00e4sitell\u00e4\u00e4n muutamassa tunnissa, viranomaiset suosittelevat, ett\u00e4 hakemus j\u00e4tet\u00e4\u00e4n <strong>v\u00e4hint\u00e4\u00e4n kolme p\u00e4iv\u00e4\u00e4 ennen matkaa<\/strong>. N\u00e4in varaudutaan k\u00e4sittelyss\u00e4 mahdollisesti ilmeneviin viivytyksiin.  <\/p>\n\n<p>Teoriassa on mahdollista matkustaa hakemuksen ollessa kesken edellytt\u00e4en, ett\u00e4 hakemus on j\u00e4tetty asianmukaisesti ennen lennolle l\u00e4ht\u00f6\u00e4. Luvan viiv\u00e4styminen tai ep\u00e4\u00e4minen on kuitenkin riski. <\/p>\n\n<h2 class=\"wp-block-heading\">Kuinka paljon Yhdistyneen kuningaskunnan ETA maksaa?<\/h2>\n\n<p>Yhdistyneeseen kuningaskuntaan suuntautuvan ETA-luvan hinta on kiinte\u00e4 matkustajan i\u00e4st\u00e4 riippumatta. Maksu kattaa hallinnolliset k\u00e4sittelykulut, ja se on maksettava suoraan virallisella verkkosivustolla hakemuksen tekohetkell\u00e4. <\/p>\n\n<p>Maksamasi hinta muuttuu s\u00e4\u00e4nn\u00f6llisesti, joten tarkista viimeisin ETA <a href=\"https:\/\/uk-gb.net\/fi\/hinta-eta-uk\/\">UK -hinta.<\/a><\/p>\n\n<p>Maksu on huomattavasti alhaisempi kuin <a href=\"https:\/\/uk-gb.net\/fi\/kuinka-paljon-englannin-viisumi-maksaa\/\">Yhdistyneen kuningaskunnan viisumimaksu<\/a>, joten ETA-viisumi on helpommin saatavilla lyhytaikaista matkailu- tai ty\u00f6matkailua varten.<\/p>\n\n<h2 class=\"wp-block-heading\">Kuinka kauan kest\u00e4\u00e4 ETA:n saaminen?<\/h2>\n\n<p>ETA-hakemukset k\u00e4sitell\u00e4\u00e4n yleens\u00e4 nopeasti. Useimmissa tapauksissa vastaus l\u00e4hetet\u00e4\u00e4n muutaman tunnin kuluessa <a href=\"https:\/\/uk-gb.net\/fi\/online-eta-viisumi-englannista\/\">ETA-lomakkeen l\u00e4hett\u00e4misest\u00e4 verkossa<\/a>. Jotkin hakemukset saattavat kuitenkin vaatia lis\u00e4tutkimuksia. Sen vuoksi on suositeltavaa j\u00e4tt\u00e4\u00e4 hakemus <strong>v\u00e4hint\u00e4\u00e4n 72 tuntia ennen l\u00e4ht\u00f6\u00e4<\/strong>, jotta viiv\u00e4stysten tai viime hetken hylk\u00e4ysten riski pienenee.   <\/p>\n\n<h2 class=\"wp-block-heading\">Mit\u00e4 minun pit\u00e4isi tehd\u00e4, jos ETA-lupani ev\u00e4t\u00e4\u00e4n?<\/h2>\n\n<p>Jos ETA-hakemuksesi hyl\u00e4t\u00e4\u00e4n, syyn\u00e4 voi olla virhe annetuissa tiedoissa. T\u00e4ss\u00e4 tapauksessa voit j\u00e4tt\u00e4\u00e4 uuden, <strong>korjatun hakemuksen.<\/strong> <\/p>\n\n<p>Jos <strong>et kuitenkaan ole oikeutettu<\/strong> ETA-ohjelmaan, sinun on haettava <a href=\"https:\/\/uk-gb.net\/fi\/turistiviisumi-englantiin\/\">Yhdistyneen kuningaskunnan viisumia<\/a>. T\u00e4m\u00e4 menettely kest\u00e4\u00e4 pidemp\u00e4\u00e4n ja sis\u00e4lt\u00e4\u00e4 <a href=\"https:\/\/uk-gb.net\/fi\/viisumiajanvaraus-englannin-suurlahetysto\/\">pakollisen konsulihaastattelun<\/a> l\u00e4himm\u00e4ss\u00e4 Yhdistyneen kuningaskunnan suurl\u00e4hetyst\u00f6ss\u00e4 tai viisumikeskuksessa. <\/p>\n","protected":false},"excerpt":{"rendered":"<p>ETA Brittil\u00e4inen s\u00e4hk\u00f6inen matkustuslupa S\u00e4hk\u00f6inen matkustuslupa (ETA, Electronic Travel Authorisation) on Yhdistyneess\u00e4 kuningaskunnassa k\u00e4ytt\u00f6\u00f6n otettu j\u00e4rjestelm\u00e4, jonka avulla tietyt ulkomaalaiset voivat oleskella maassa ilman perinteist\u00e4 viisumia. ETA on tarkoitettu lyhytaikaista oleskelua varten, ja se on suunnattu viisumivapauden piiriin kuuluvista maista tuleville matkustajille. Saat t\u00e4m\u00e4n matkustusluvan muutamassa minuutissa t\u00e4ytt\u00e4m\u00e4ll\u00e4 ETA-lomakkeen verkossa. Mit\u00e4 ETA tarkoittaa Yhdistyneelle kuningaskunnalle? [&hellip;]<\/p>\n","protected":false},"author":1,"featured_media":0,"parent":0,"menu_order":0,"comment_status":"closed","ping_status":"closed","template":"","meta":{"footnotes":""},"class_list":["post-3385","page","type-page","status-publish","hentry"],"yoast_head":"<!-- This site is optimized with the Yoast SEO plugin v27.4 - https:\/\/yoast.com\/product\/yoast-seo-wordpress\/ -->\n<title>ETA England Yhdistyneeseen kuningaskuntaan matkustettaessa<\/title>\n<meta name=\"description\" content=\"Hae ETA-lupaa verkossa, jotta saat matkustusluvan Yhdistyneeseen kuningaskuntaan nopeasti.\" \/>\n<meta name=\"robots\" content=\"index, follow, max-snippet:-1, max-image-preview:large, max-video-preview:-1\" \/>\n<link rel=\"canonical\" href=\"https:\/\/uk-gb.net\/fi\/eta-englanti-iso-britannia\/\" \/>\n<meta property=\"og:locale\" content=\"fi_FI\" \/>\n<meta property=\"og:type\" content=\"article\" \/>\n<meta property=\"og:title\" content=\"ETA England Yhdistyneeseen kuningaskuntaan matkustettaessa\" \/>\n<meta property=\"og:description\" content=\"Hae ETA-lupaa verkossa, jotta saat matkustusluvan Yhdistyneeseen kuningaskuntaan nopeasti.\" \/>\n<meta property=\"og:url\" content=\"https:\/\/uk-gb.net\/fi\/eta-englanti-iso-britannia\/\" \/>\n<meta property=\"og:site_name\" content=\"UK GB\" \/>\n<meta property=\"article:modified_time\" content=\"2026-04-02T10:32:33+00:00\" \/>\n<meta name=\"twitter:card\" content=\"summary_large_image\" \/>\n<meta name=\"twitter:label1\" content=\"Arvioitu lukuaika\" \/>\n\t<meta name=\"twitter:data1\" content=\"3 minuuttia\" \/>\n<script type=\"application\/ld+json\" class=\"yoast-schema-graph\">{\"@context\":\"https:\\\/\\\/schema.org\",\"@graph\":[{\"@type\":\"WebPage\",\"@id\":\"https:\\\/\\\/uk-gb.net\\\/fi\\\/eta-englanti-iso-britannia\\\/\",\"url\":\"https:\\\/\\\/uk-gb.net\\\/fi\\\/eta-englanti-iso-britannia\\\/\",\"name\":\"ETA England Yhdistyneeseen kuningaskuntaan matkustettaessa\",\"isPartOf\":{\"@id\":\"https:\\\/\\\/uk-gb.net\\\/fi\\\/#website\"},\"datePublished\":\"2023-11-21T14:15:17+00:00\",\"dateModified\":\"2026-04-02T10:32:33+00:00\",\"description\":\"Hae ETA-lupaa verkossa, jotta saat matkustusluvan Yhdistyneeseen kuningaskuntaan nopeasti.\",\"inLanguage\":\"fi\",\"potentialAction\":[{\"@type\":\"ReadAction\",\"target\":[\"https:\\\/\\\/uk-gb.net\\\/fi\\\/eta-englanti-iso-britannia\\\/\"]}]},{\"@type\":\"WebSite\",\"@id\":\"https:\\\/\\\/uk-gb.net\\\/fi\\\/#website\",\"url\":\"https:\\\/\\\/uk-gb.net\\\/fi\\\/\",\"name\":\"UK GB\",\"description\":\"Travel to the UK\",\"potentialAction\":[{\"@type\":\"SearchAction\",\"target\":{\"@type\":\"EntryPoint\",\"urlTemplate\":\"https:\\\/\\\/uk-gb.net\\\/fi\\\/?s={search_term_string}\"},\"query-input\":{\"@type\":\"PropertyValueSpecification\",\"valueRequired\":true,\"valueName\":\"search_term_string\"}}],\"inLanguage\":\"fi\"}]}<\/script>\n<!-- \/ Yoast SEO plugin. -->","yoast_head_json":{"title":"ETA England Yhdistyneeseen kuningaskuntaan matkustettaessa","description":"Hae ETA-lupaa verkossa, jotta saat matkustusluvan Yhdistyneeseen kuningaskuntaan nopeasti.","robots":{"index":"index","follow":"follow","max-snippet":"max-snippet:-1","max-image-preview":"max-image-preview:large","max-video-preview":"max-video-preview:-1"},"canonical":"https:\/\/uk-gb.net\/fi\/eta-englanti-iso-britannia\/","og_locale":"fi_FI","og_type":"article","og_title":"ETA England Yhdistyneeseen kuningaskuntaan matkustettaessa","og_description":"Hae ETA-lupaa verkossa, jotta saat matkustusluvan Yhdistyneeseen kuningaskuntaan nopeasti.","og_url":"https:\/\/uk-gb.net\/fi\/eta-englanti-iso-britannia\/","og_site_name":"UK GB","article_modified_time":"2026-04-02T10:32:33+00:00","twitter_card":"summary_large_image","twitter_misc":{"Arvioitu lukuaika":"3 minuuttia"},"schema":{"@context":"https:\/\/schema.org","@graph":[{"@type":"WebPage","@id":"https:\/\/uk-gb.net\/fi\/eta-englanti-iso-britannia\/","url":"https:\/\/uk-gb.net\/fi\/eta-englanti-iso-britannia\/","name":"ETA England Yhdistyneeseen kuningaskuntaan matkustettaessa","isPartOf":{"@id":"https:\/\/uk-gb.net\/fi\/#website"},"datePublished":"2023-11-21T14:15:17+00:00","dateModified":"2026-04-02T10:32:33+00:00","description":"Hae ETA-lupaa verkossa, jotta saat matkustusluvan Yhdistyneeseen kuningaskuntaan nopeasti.","inLanguage":"fi","potentialAction":[{"@type":"ReadAction","target":["https:\/\/uk-gb.net\/fi\/eta-englanti-iso-britannia\/"]}]},{"@type":"WebSite","@id":"https:\/\/uk-gb.net\/fi\/#website","url":"https:\/\/uk-gb.net\/fi\/","name":"UK GB","description":"Travel to the UK","potentialAction":[{"@type":"SearchAction","target":{"@type":"EntryPoint","urlTemplate":"https:\/\/uk-gb.net\/fi\/?s={search_term_string}"},"query-input":{"@type":"PropertyValueSpecification","valueRequired":true,"valueName":"search_term_string"}}],"inLanguage":"fi"}]}},"_links":{"self":[{"href":"https:\/\/uk-gb.net\/fi\/wp-json\/wp\/v2\/pages\/3385","targetHints":{"allow":["GET"]}}],"collection":[{"href":"https:\/\/uk-gb.net\/fi\/wp-json\/wp\/v2\/pages"}],"about":[{"href":"https:\/\/uk-gb.net\/fi\/wp-json\/wp\/v2\/types\/page"}],"author":[{"embeddable":true,"href":"https:\/\/uk-gb.net\/fi\/wp-json\/wp\/v2\/users\/1"}],"replies":[{"embeddable":true,"href":"https:\/\/uk-gb.net\/fi\/wp-json\/wp\/v2\/comments?post=3385"}],"version-history":[{"count":0,"href":"https:\/\/uk-gb.net\/fi\/wp-json\/wp\/v2\/pages\/3385\/revisions"}],"wp:attachment":[{"href":"https:\/\/uk-gb.net\/fi\/wp-json\/wp\/v2\/media?parent=3385"}],"curies":[{"name":"wp","href":"https:\/\/api.w.org\/{rel}","templated":true}]}}