{"id":3383,"date":"2023-11-21T14:40:24","date_gmt":"2023-11-21T14:40:24","guid":{"rendered":"https:\/\/uk-gb.net\/online-eta-viisumi-englannista\/"},"modified":"2026-01-16T09:58:57","modified_gmt":"2026-01-16T09:58:57","slug":"online-eta-viisumi-englannista","status":"publish","type":"page","link":"https:\/\/uk-gb.net\/fi\/online-eta-viisumi-englannista\/","title":{"rendered":"Online ETA-lomake Englantia varten"},"content":{"rendered":"\t\t<div data-elementor-type=\"wp-page\" data-elementor-id=\"3383\" class=\"elementor elementor-3383 elementor-520\" data-elementor-post-type=\"page\">\n\t\t\t\t\t\t<section class=\"elementor-section elementor-top-section elementor-element elementor-element-c2dd1d6 elementor-section-boxed elementor-section-height-default elementor-section-height-default\" data-id=\"c2dd1d6\" data-element_type=\"section\" data-e-type=\"section\">\n\t\t\t\t\t\t<div class=\"elementor-container elementor-column-gap-default\">\n\t\t\t\t\t<div class=\"elementor-column elementor-col-100 elementor-top-column elementor-element elementor-element-cbe591\" data-id=\"cbe591\" data-element_type=\"column\" data-e-type=\"column\">\n\t\t\t<div class=\"elementor-widget-wrap elementor-element-populated\">\n\t\t\t\t\t\t<div class=\"elementor-element elementor-element-2213ec2d elementor-widget elementor-widget-heading\" data-id=\"2213ec2d\" data-element_type=\"widget\" data-e-type=\"widget\" data-widget_type=\"heading.default\">\n\t\t\t\t<div class=\"elementor-widget-container\">\n\t\t\t\t\t<h1 class=\"elementor-heading-title elementor-size-default\">Online ETA-lomake<\/h1>\t\t\t\t<\/div>\n\t\t\t\t<\/div>\n\t\t\t\t\t<\/div>\n\t\t<\/div>\n\t\t\t\t\t<\/div>\n\t\t<\/section>\n\t\t\t\t<section class=\"elementor-section elementor-top-section elementor-element elementor-element-70d757c3 elementor-section-boxed elementor-section-height-default elementor-section-height-default\" data-id=\"70d757c3\" data-element_type=\"section\" data-e-type=\"section\">\n\t\t\t\t\t\t<div class=\"elementor-container elementor-column-gap-default\">\n\t\t\t\t\t<div class=\"elementor-column elementor-col-100 elementor-top-column elementor-element elementor-element-411bf69e\" data-id=\"411bf69e\" data-element_type=\"column\" data-e-type=\"column\">\n\t\t\t<div class=\"elementor-widget-wrap elementor-element-populated\">\n\t\t\t\t\t\t<div class=\"elementor-element elementor-element-225ba8f6 elementor-widget elementor-widget-text-editor\" data-id=\"225ba8f6\" data-element_type=\"widget\" data-e-type=\"widget\" data-widget_type=\"text-editor.default\">\n\t\t\t\t<div class=\"elementor-widget-container\">\n\t\t\t\t\t\t\t\t\t<p>Jos oleskelet Yhdistyneess\u00e4 kuningaskunnassa alle 6 kuukautta, maahantulomuodollisuudet voidaan hoitaa kokonaan verkossa. Suurl\u00e4hetyst\u00f6\u00f6n ei tarvitse varata aikaa: tarvitset vain s\u00e4hk\u00f6isen matkustusluvan (ETA). Tarkista, <a href=\"https:\/\/uk-gb.net\/fi\/maat-jotka-voivat-hakea-eta-uk-ta\/\">kuuluuko maasi ETA-menettelyyn oikeutettujen maiden joukkoon.<\/a>  <\/p>\t\t\t\t\t\t\t\t<\/div>\n\t\t\t\t<\/div>\n\t\t\t\t\t<\/div>\n\t\t<\/div>\n\t\t\t\t\t<\/div>\n\t\t<\/section>\n\t\t\t\t<section class=\"elementor-section elementor-top-section elementor-element elementor-element-70a7e55 elementor-section-boxed elementor-section-height-default elementor-section-height-default\" data-id=\"70a7e55\" data-element_type=\"section\" data-e-type=\"section\">\n\t\t\t\t\t\t<div class=\"elementor-container elementor-column-gap-default\">\n\t\t\t\t\t<div class=\"elementor-column elementor-col-100 elementor-top-column elementor-element elementor-element-8b7d2c5\" data-id=\"8b7d2c5\" data-element_type=\"column\" data-e-type=\"column\">\n\t\t\t<div class=\"elementor-widget-wrap elementor-element-populated\">\n\t\t\t\t\t\t<div class=\"elementor-element elementor-element-ef71c78 elementor-mobile-align-center elementor-widget elementor-widget-button\" data-id=\"ef71c78\" data-element_type=\"widget\" data-e-type=\"widget\" data-widget_type=\"button.default\">\n\t\t\t\t<div class=\"elementor-widget-container\">\n\t\t\t\t\t\t\t\t\t<div class=\"elementor-button-wrapper\">\n\t\t\t\t\t<a class=\"elementor-button elementor-button-link elementor-size-sm\" href=\"https:\/\/uk-gb.net\/fr\/recommends\/eta-uk-en\/\">\n\t\t\t\t\t\t<span class=\"elementor-button-content-wrapper\">\n\t\t\t\t\t\t\t\t\t<span class=\"elementor-button-text\">T\u00e4yt\u00e4 lomake<\/span>\n\t\t\t\t\t<\/span>\n\t\t\t\t\t<\/a>\n\t\t\t\t<\/div>\n\t\t\t\t\t\t\t\t<\/div>\n\t\t\t\t<\/div>\n\t\t\t\t\t<\/div>\n\t\t<\/div>\n\t\t\t\t\t<\/div>\n\t\t<\/section>\n\t\t\t\t<section class=\"elementor-section elementor-top-section elementor-element elementor-element-8041bbd elementor-section-boxed elementor-section-height-default elementor-section-height-default\" data-id=\"8041bbd\" data-element_type=\"section\" data-e-type=\"section\">\n\t\t\t\t\t\t<div class=\"elementor-container elementor-column-gap-default\">\n\t\t\t\t\t<div class=\"elementor-column elementor-col-100 elementor-top-column elementor-element elementor-element-c8c4ad6\" data-id=\"c8c4ad6\" data-element_type=\"column\" data-e-type=\"column\">\n\t\t\t<div class=\"elementor-widget-wrap elementor-element-populated\">\n\t\t\t\t\t\t<div class=\"elementor-element elementor-element-3b0a135 elementor-widget elementor-widget-spacer\" data-id=\"3b0a135\" data-element_type=\"widget\" data-e-type=\"widget\" data-widget_type=\"spacer.default\">\n\t\t\t\t<div class=\"elementor-widget-container\">\n\t\t\t\t\t\t\t<div class=\"elementor-spacer\">\n\t\t\t<div class=\"elementor-spacer-inner\"><\/div>\n\t\t<\/div>\n\t\t\t\t\t\t<\/div>\n\t\t\t\t<\/div>\n\t\t\t\t\t<\/div>\n\t\t<\/div>\n\t\t\t\t\t<\/div>\n\t\t<\/section>\n\t\t\t\t<section class=\"elementor-section elementor-top-section elementor-element elementor-element-38d3e578 elementor-section-boxed elementor-section-height-default elementor-section-height-default\" data-id=\"38d3e578\" data-element_type=\"section\" data-e-type=\"section\">\n\t\t\t\t\t\t<div class=\"elementor-container elementor-column-gap-default\">\n\t\t\t\t\t<div class=\"elementor-column elementor-col-100 elementor-top-column elementor-element elementor-element-1f487c15\" data-id=\"1f487c15\" data-element_type=\"column\" data-e-type=\"column\">\n\t\t\t<div class=\"elementor-widget-wrap elementor-element-populated\">\n\t\t\t\t\t\t<div class=\"elementor-element elementor-element-7ae26322 elementor-widget elementor-widget-text-editor\" data-id=\"7ae26322\" data-element_type=\"widget\" data-e-type=\"widget\" data-widget_type=\"text-editor.default\">\n\t\t\t\t<div class=\"elementor-widget-container\">\n\t\t\t\t\t\t\t\t\t<p>Online-hakemuksen t\u00e4ytt\u00e4minen kest\u00e4\u00e4 vain muutaman minuutin, jos sinulla on matkustusasiakirjasi. Sinun on t\u00e4ytett\u00e4v\u00e4 pyydetyt henkil\u00f6tiedot, jotta saat ETA-arvosi. Maksu suoritetaan verkossa, kun lomake on vahvistettu. T\u00e4m\u00e4n j\u00e4lkeen saat vahvistuksen ETA-lennostasi s\u00e4hk\u00f6postitse.   <\/p>\t\t\t\t\t\t\t\t<\/div>\n\t\t\t\t<\/div>\n\t\t\t\t<div class=\"elementor-element elementor-element-7e392ed elementor-widget elementor-widget-text-editor\" data-id=\"7e392ed\" data-element_type=\"widget\" data-e-type=\"widget\" data-widget_type=\"text-editor.default\">\n\t\t\t\t<div class=\"elementor-widget-container\">\n\t\t\t\t\t\t\t\t\t<p><strong>Jos olet jonkin Euroopan maan kansalainen,<\/strong> <span style=\"font-weight: 400;\">sinun on huhtikuusta 2025<\/span> l\u00e4htien <span style=\"font-weight: 400;\">hankittava ETA<\/span> <a href=\"https:\/\/uk-gb.net\/fi\/eta-englanti-iso-britannia\/\">UK -matkustuslupa<\/a> <span style=\"font-weight: 400;\">ennen kuin<\/span> voit nousta lennolle Yhdistyneeseen kuningaskuntaan. Sinun on kirjauduttava viralliselle <a href=\"https:\/\/www.gov.uk\/\">gov.uk-sivustolle hakeaksesi<\/a> s\u00e4hk\u00f6ist\u00e4 matkustuslupaa.<\/p><p>Voit my\u00f6s ladata <a href=\"https:\/\/uk-gb.net\/fi\/iphone-hakemus-eta-viisumi-englantiin\/\">ETA-sovelluksen<\/a>, jolla voit hallinnoida Yhdistyneeseen kuningaskuntaan matkustamista koskevaa lupahakemustasi.<\/p>\t\t\t\t\t\t\t\t<\/div>\n\t\t\t\t<\/div>\n\t\t\t\t\t<\/div>\n\t\t<\/div>\n\t\t\t\t\t<\/div>\n\t\t<\/section>\n\t\t\t\t<section class=\"elementor-section elementor-top-section elementor-element elementor-element-622708a2 elementor-section-boxed elementor-section-height-default elementor-section-height-default\" data-id=\"622708a2\" data-element_type=\"section\" data-e-type=\"section\">\n\t\t\t\t\t\t<div class=\"elementor-container elementor-column-gap-default\">\n\t\t\t\t\t<div class=\"elementor-column elementor-col-100 elementor-top-column elementor-element elementor-element-579ef83\" data-id=\"579ef83\" data-element_type=\"column\" data-e-type=\"column\">\n\t\t\t<div class=\"elementor-widget-wrap elementor-element-populated\">\n\t\t\t\t\t\t<div class=\"elementor-element elementor-element-198e42c1 elementor-widget elementor-widget-heading\" data-id=\"198e42c1\" data-element_type=\"widget\" data-e-type=\"widget\" data-widget_type=\"heading.default\">\n\t\t\t\t<div class=\"elementor-widget-container\">\n\t\t\t\t\t<h2 class=\"elementor-heading-title elementor-size-default\">Kuinka kauan ETA-hakemuksen k\u00e4sittely kest\u00e4\u00e4?<\/h2>\t\t\t\t<\/div>\n\t\t\t\t<\/div>\n\t\t\t\t\t<\/div>\n\t\t<\/div>\n\t\t\t\t\t<\/div>\n\t\t<\/section>\n\t\t\t\t<section class=\"elementor-section elementor-top-section elementor-element elementor-element-7152df9 elementor-section-boxed elementor-section-height-default elementor-section-height-default\" data-id=\"7152df9\" data-element_type=\"section\" data-e-type=\"section\">\n\t\t\t\t\t\t<div class=\"elementor-container elementor-column-gap-default\">\n\t\t\t\t\t<div class=\"elementor-column elementor-col-100 elementor-top-column elementor-element elementor-element-3c28bea1\" data-id=\"3c28bea1\" data-element_type=\"column\" data-e-type=\"column\">\n\t\t\t<div class=\"elementor-widget-wrap elementor-element-populated\">\n\t\t\t\t\t\t<div class=\"elementor-element elementor-element-39ba44df elementor-widget elementor-widget-text-editor\" data-id=\"39ba44df\" data-element_type=\"widget\" data-e-type=\"widget\" data-widget_type=\"text-editor.default\">\n\t\t\t\t<div class=\"elementor-widget-container\">\n\t\t\t\t\t\t\t\t\t<p>Kun maksu on suoritettu, ETA-pyynt\u00f6 l\u00e4hetet\u00e4\u00e4n automaattisesti k\u00e4sitelt\u00e4v\u00e4ksi. Useimmissa tapauksissa menettely on t\u00e4ysin tietokoneistettu, ja vastaus <strong>l\u00e4hetet\u00e4\u00e4n s\u00e4hk\u00f6postitse muutamassa minuutissa<\/strong>. <\/p><p>Jotkin hakemukset saattavat kuitenkin vaatia lis\u00e4tutkimuksia. Yhdistyneen kuningaskunnan hallitus my\u00f6nt\u00e4\u00e4 hakemuksen k\u00e4sittelyyn enint\u00e4\u00e4n 3 p\u00e4iv\u00e4\u00e4. Siksi on eritt\u00e4in suositeltavaa, ett\u00e4 teet hakemuksen v\u00e4hint\u00e4\u00e4n 72 tuntia ennen Yhdistyneeseen kuningaskuntaan l\u00e4ht\u00f6\u00e4si.  <\/p>\t\t\t\t\t\t\t\t<\/div>\n\t\t\t\t<\/div>\n\t\t\t\t\t<\/div>\n\t\t<\/div>\n\t\t\t\t\t<\/div>\n\t\t<\/section>\n\t\t\t\t<section class=\"elementor-section elementor-top-section elementor-element elementor-element-3490f9f1 elementor-section-boxed elementor-section-height-default elementor-section-height-default\" data-id=\"3490f9f1\" data-element_type=\"section\" data-e-type=\"section\">\n\t\t\t\t\t\t<div class=\"elementor-container elementor-column-gap-default\">\n\t\t\t\t\t<div class=\"elementor-column elementor-col-100 elementor-top-column elementor-element elementor-element-4f4a9e0d\" data-id=\"4f4a9e0d\" data-element_type=\"column\" data-e-type=\"column\">\n\t\t\t<div class=\"elementor-widget-wrap elementor-element-populated\">\n\t\t\t\t\t\t<div class=\"elementor-element elementor-element-3d9782f1 elementor-widget elementor-widget-heading\" data-id=\"3d9782f1\" data-element_type=\"widget\" data-e-type=\"widget\" data-widget_type=\"heading.default\">\n\t\t\t\t<div class=\"elementor-widget-container\">\n\t\t\t\t\t<h2 class=\"elementor-heading-title elementor-size-default\">Kuinka kauan ETA on voimassa?<\/h2>\t\t\t\t<\/div>\n\t\t\t\t<\/div>\n\t\t\t\t\t<\/div>\n\t\t<\/div>\n\t\t\t\t\t<\/div>\n\t\t<\/section>\n\t\t\t\t<section class=\"elementor-section elementor-top-section elementor-element elementor-element-305c39ac elementor-section-boxed elementor-section-height-default elementor-section-height-default\" data-id=\"305c39ac\" data-element_type=\"section\" data-e-type=\"section\">\n\t\t\t\t\t\t<div class=\"elementor-container elementor-column-gap-default\">\n\t\t\t\t\t<div class=\"elementor-column elementor-col-100 elementor-top-column elementor-element elementor-element-4a39538\" data-id=\"4a39538\" data-element_type=\"column\" data-e-type=\"column\">\n\t\t\t<div class=\"elementor-widget-wrap elementor-element-populated\">\n\t\t\t\t\t\t<div class=\"elementor-element elementor-element-4fa20db5 elementor-widget elementor-widget-text-editor\" data-id=\"4fa20db5\" data-element_type=\"widget\" data-e-type=\"widget\" data-widget_type=\"text-editor.default\">\n\t\t\t\t<div class=\"elementor-widget-container\">\n\t\t\t\t\t\t\t\t\t<p><a href=\"https:\/\/uk-gb.net\/fi\/eta-englanti-iso-britannia\/\">ETA-lupa Yhdistyneeseen kuningaskuntaan on<\/a> <strong>voimassa kaksi vuotta hyv\u00e4ksymisp\u00e4iv\u00e4st\u00e4.<\/strong> T\u00e4n\u00e4 aikana voit tehd\u00e4 niin monta k\u00e4ynti\u00e4 kuin haluat, kunhan kukin <strong>k\u00e4ynti ei ylit\u00e4 kuutta kuukautta.<\/strong><\/p><p>ETA on sidottu hakemuksen tekohetkell\u00e4 k\u00e4ytettyyn passiin. Jos passi vanhenee tai uusitaan, tarvitaan uusi ETA-hakemus. Yli 6 kuukauden oleskelua varten on haettava <a href=\"https:\/\/uk-gb.net\/fi\/erityyppisia-brittilaisia-viisumeja\/\">Yhdistyneen kuningaskunnan viisumia<\/a>.  <\/p>\t\t\t\t\t\t\t\t<\/div>\n\t\t\t\t<\/div>\n\t\t\t\t\t<\/div>\n\t\t<\/div>\n\t\t\t\t\t<\/div>\n\t\t<\/section>\n\t\t\t\t<section class=\"elementor-section elementor-top-section elementor-element elementor-element-c525af0 elementor-section-boxed elementor-section-height-default elementor-section-height-default\" data-id=\"c525af0\" data-element_type=\"section\" data-e-type=\"section\">\n\t\t\t\t\t\t<div class=\"elementor-container elementor-column-gap-default\">\n\t\t\t\t\t<div class=\"elementor-column elementor-col-100 elementor-top-column elementor-element elementor-element-0665078\" data-id=\"0665078\" data-element_type=\"column\" data-e-type=\"column\">\n\t\t\t<div class=\"elementor-widget-wrap elementor-element-populated\">\n\t\t\t\t\t\t<div class=\"elementor-element elementor-element-74c424d elementor-widget-divider--view-line elementor-widget elementor-widget-divider\" data-id=\"74c424d\" data-element_type=\"widget\" data-e-type=\"widget\" data-widget_type=\"divider.default\">\n\t\t\t\t<div class=\"elementor-widget-container\">\n\t\t\t\t\t\t\t<div class=\"elementor-divider\">\n\t\t\t<span class=\"elementor-divider-separator\">\n\t\t\t\t\t\t<\/span>\n\t\t<\/div>\n\t\t\t\t\t\t<\/div>\n\t\t\t\t<\/div>\n\t\t\t\t\t<\/div>\n\t\t<\/div>\n\t\t\t\t\t<\/div>\n\t\t<\/section>\n\t\t\t\t<\/div>\n\t\t","protected":false},"excerpt":{"rendered":"<p>Online ETA-lomake Jos oleskelet Yhdistyneess\u00e4 kuningaskunnassa alle 6 kuukautta, maahantulomuodollisuudet voidaan hoitaa kokonaan verkossa. Suurl\u00e4hetyst\u00f6\u00f6n ei tarvitse varata aikaa: tarvitset vain s\u00e4hk\u00f6isen matkustusluvan (ETA). Tarkista, kuuluuko maasi ETA-menettelyyn oikeutettujen maiden joukkoon. T\u00e4yt\u00e4 lomake Online-hakemuksen t\u00e4ytt\u00e4minen kest\u00e4\u00e4 vain muutaman minuutin, jos sinulla on matkustusasiakirjasi. Sinun on t\u00e4ytett\u00e4v\u00e4 pyydetyt henkil\u00f6tiedot, jotta saat ETA-arvosi. Maksu suoritetaan verkossa, kun [&hellip;]<\/p>\n","protected":false},"author":1,"featured_media":0,"parent":0,"menu_order":0,"comment_status":"closed","ping_status":"closed","template":"","meta":{"footnotes":""},"class_list":["post-3383","page","type-page","status-publish","hentry"],"yoast_head":"<!-- This site is optimized with the Yoast SEO plugin v27.4 - https:\/\/yoast.com\/product\/yoast-seo-wordpress\/ -->\n<title>Online ETA-lomake Englantia varten - UK GB<\/title>\n<meta name=\"description\" content=\"Online ETA-viisumihakemuslomake Englannissa tai Yhdistyneess\u00e4 kuningaskunnassa matkailua tai liiketoimintaa varten tapahtuvaa oleskelua varten.\" \/>\n<meta name=\"robots\" content=\"index, follow, max-snippet:-1, max-image-preview:large, max-video-preview:-1\" \/>\n<link rel=\"canonical\" href=\"https:\/\/uk-gb.net\/fi\/online-eta-viisumi-englannista\/\" \/>\n<meta property=\"og:locale\" content=\"fi_FI\" \/>\n<meta property=\"og:type\" content=\"article\" \/>\n<meta property=\"og:title\" content=\"Online ETA-lomake Englantia varten - UK GB\" \/>\n<meta property=\"og:description\" content=\"Online ETA-viisumihakemuslomake Englannissa tai Yhdistyneess\u00e4 kuningaskunnassa matkailua tai liiketoimintaa varten tapahtuvaa oleskelua varten.\" \/>\n<meta property=\"og:url\" content=\"https:\/\/uk-gb.net\/fi\/online-eta-viisumi-englannista\/\" \/>\n<meta property=\"og:site_name\" content=\"UK GB\" \/>\n<meta property=\"article:modified_time\" content=\"2026-01-16T09:58:57+00:00\" \/>\n<meta name=\"twitter:card\" content=\"summary_large_image\" \/>\n<meta name=\"twitter:label1\" content=\"Arvioitu lukuaika\" \/>\n\t<meta name=\"twitter:data1\" content=\"1 minuutti\" \/>\n<script type=\"application\/ld+json\" class=\"yoast-schema-graph\">{\"@context\":\"https:\\\/\\\/schema.org\",\"@graph\":[{\"@type\":\"WebPage\",\"@id\":\"https:\\\/\\\/uk-gb.net\\\/fi\\\/online-eta-viisumi-englannista\\\/\",\"url\":\"https:\\\/\\\/uk-gb.net\\\/fi\\\/online-eta-viisumi-englannista\\\/\",\"name\":\"Online ETA-lomake Englantia varten - UK GB\",\"isPartOf\":{\"@id\":\"https:\\\/\\\/uk-gb.net\\\/fi\\\/#website\"},\"datePublished\":\"2023-11-21T14:40:24+00:00\",\"dateModified\":\"2026-01-16T09:58:57+00:00\",\"description\":\"Online ETA-viisumihakemuslomake Englannissa tai Yhdistyneess\u00e4 kuningaskunnassa matkailua tai liiketoimintaa varten tapahtuvaa oleskelua varten.\",\"inLanguage\":\"fi\",\"potentialAction\":[{\"@type\":\"ReadAction\",\"target\":[\"https:\\\/\\\/uk-gb.net\\\/fi\\\/online-eta-viisumi-englannista\\\/\"]}]},{\"@type\":\"WebSite\",\"@id\":\"https:\\\/\\\/uk-gb.net\\\/fi\\\/#website\",\"url\":\"https:\\\/\\\/uk-gb.net\\\/fi\\\/\",\"name\":\"UK GB\",\"description\":\"Travel to the UK\",\"potentialAction\":[{\"@type\":\"SearchAction\",\"target\":{\"@type\":\"EntryPoint\",\"urlTemplate\":\"https:\\\/\\\/uk-gb.net\\\/fi\\\/?s={search_term_string}\"},\"query-input\":{\"@type\":\"PropertyValueSpecification\",\"valueRequired\":true,\"valueName\":\"search_term_string\"}}],\"inLanguage\":\"fi\"}]}<\/script>\n<!-- \/ Yoast SEO plugin. -->","yoast_head_json":{"title":"Online ETA-lomake Englantia varten - UK GB","description":"Online ETA-viisumihakemuslomake Englannissa tai Yhdistyneess\u00e4 kuningaskunnassa matkailua tai liiketoimintaa varten tapahtuvaa oleskelua varten.","robots":{"index":"index","follow":"follow","max-snippet":"max-snippet:-1","max-image-preview":"max-image-preview:large","max-video-preview":"max-video-preview:-1"},"canonical":"https:\/\/uk-gb.net\/fi\/online-eta-viisumi-englannista\/","og_locale":"fi_FI","og_type":"article","og_title":"Online ETA-lomake Englantia varten - UK GB","og_description":"Online ETA-viisumihakemuslomake Englannissa tai Yhdistyneess\u00e4 kuningaskunnassa matkailua tai liiketoimintaa varten tapahtuvaa oleskelua varten.","og_url":"https:\/\/uk-gb.net\/fi\/online-eta-viisumi-englannista\/","og_site_name":"UK GB","article_modified_time":"2026-01-16T09:58:57+00:00","twitter_card":"summary_large_image","twitter_misc":{"Arvioitu lukuaika":"1 minuutti"},"schema":{"@context":"https:\/\/schema.org","@graph":[{"@type":"WebPage","@id":"https:\/\/uk-gb.net\/fi\/online-eta-viisumi-englannista\/","url":"https:\/\/uk-gb.net\/fi\/online-eta-viisumi-englannista\/","name":"Online ETA-lomake Englantia varten - UK GB","isPartOf":{"@id":"https:\/\/uk-gb.net\/fi\/#website"},"datePublished":"2023-11-21T14:40:24+00:00","dateModified":"2026-01-16T09:58:57+00:00","description":"Online ETA-viisumihakemuslomake Englannissa tai Yhdistyneess\u00e4 kuningaskunnassa matkailua tai liiketoimintaa varten tapahtuvaa oleskelua varten.","inLanguage":"fi","potentialAction":[{"@type":"ReadAction","target":["https:\/\/uk-gb.net\/fi\/online-eta-viisumi-englannista\/"]}]},{"@type":"WebSite","@id":"https:\/\/uk-gb.net\/fi\/#website","url":"https:\/\/uk-gb.net\/fi\/","name":"UK GB","description":"Travel to the UK","potentialAction":[{"@type":"SearchAction","target":{"@type":"EntryPoint","urlTemplate":"https:\/\/uk-gb.net\/fi\/?s={search_term_string}"},"query-input":{"@type":"PropertyValueSpecification","valueRequired":true,"valueName":"search_term_string"}}],"inLanguage":"fi"}]}},"_links":{"self":[{"href":"https:\/\/uk-gb.net\/fi\/wp-json\/wp\/v2\/pages\/3383","targetHints":{"allow":["GET"]}}],"collection":[{"href":"https:\/\/uk-gb.net\/fi\/wp-json\/wp\/v2\/pages"}],"about":[{"href":"https:\/\/uk-gb.net\/fi\/wp-json\/wp\/v2\/types\/page"}],"author":[{"embeddable":true,"href":"https:\/\/uk-gb.net\/fi\/wp-json\/wp\/v2\/users\/1"}],"replies":[{"embeddable":true,"href":"https:\/\/uk-gb.net\/fi\/wp-json\/wp\/v2\/comments?post=3383"}],"version-history":[{"count":0,"href":"https:\/\/uk-gb.net\/fi\/wp-json\/wp\/v2\/pages\/3383\/revisions"}],"wp:attachment":[{"href":"https:\/\/uk-gb.net\/fi\/wp-json\/wp\/v2\/media?parent=3383"}],"curies":[{"name":"wp","href":"https:\/\/api.w.org\/{rel}","templated":true}]}}