{"id":3381,"date":"2023-12-07T14:55:09","date_gmt":"2023-12-07T14:55:09","guid":{"rendered":"https:\/\/uk-gb.net\/erityyppisia-brittilaisia-viisumeja\/"},"modified":"2026-01-05T15:39:02","modified_gmt":"2026-01-05T15:39:02","slug":"erityyppisia-brittilaisia-viisumeja","status":"publish","type":"page","link":"https:\/\/uk-gb.net\/fi\/erityyppisia-brittilaisia-viisumeja\/","title":{"rendered":"Eri viisumit Yhdistyneeseen kuningaskuntaan matkustamista varten"},"content":{"rendered":"\n<h1 class=\"wp-block-heading\">T\u00e4rkeimm\u00e4t viisumit Yhdistyneeseen kuningaskuntaan<\/h1>\n\n<p>Yhdistynyt kuningaskunta tarjoaa useita erilaisia viisumityyppej\u00e4, jotka soveltuvat erilaisiin matkustajaprofiileihin: kauttakulkumatkailijat, opiskelijat, ammatinharjoittajat tai perheenj\u00e4senet, jotka seuraavat l\u00e4heist\u00e4\u00e4n. Kukin viisumi t\u00e4ytt\u00e4\u00e4 tietyt ehdot, ja se mahdollistaa vaihtelevan pituisen oleskelun Yhdistyneess\u00e4 kuningaskunnassa. <\/p>\n\n<p>Seuraavassa on yleiskatsaus <strong>Yhdistyneen kuningaskunnan my\u00f6nt\u00e4miin t\u00e4rkeimpiin viisumeihin<\/strong>:<\/p>\n\n<ul class=\"wp-block-list\">\n<li><strong>Transitviisumi<\/strong>: matkustajille, jotka tekev\u00e4t v\u00e4lilaskun tai vaihtavat lentokentt\u00e4\u00e4.<\/li>\n\n\n\n<li><strong>Perheviisumi<\/strong>: Yhdistyneess\u00e4 kuningaskunnassa asuvan puolison, lapsen tai vanhemman luokse.<\/li>\n\n\n\n<li><strong>Opiskelijaviisumi<\/strong>: korkeakouluopiskelua varten brittil\u00e4isess\u00e4 oppilaitoksessa.<\/li>\n\n\n\n<li><strong>Liikeviisumi<\/strong>: kokouksiin, konferensseihin tai ammatillisiin tapahtumiin osallistumista varten.<\/li>\n<\/ul>\n\n<div style=\"height:10px\" aria-hidden=\"true\" class=\"wp-block-spacer\"><\/div>\n\n<p>Vuodesta 2024 l\u00e4htien Yhdistynyt kuningaskunta on ottanut k\u00e4ytt\u00f6\u00f6n s\u00e4hk\u00f6isen matkustusluvan (ETA) tiettyjen viisumivapaiden maiden kansalaisille.<\/p>\n\n<p><strong>Voit tehd\u00e4 ETA-pyynn\u00f6n verkossa<\/strong> t\u00e4ytt\u00e4m\u00e4ll\u00e4 <a href=\"https:\/\/uk-gb.net\/fi\/online-eta-viisumi-englannista\/\">ETA-lomakkeen<\/a>.<\/p>\n\n<div style=\"height:10px\" aria-hidden=\"true\" class=\"wp-block-spacer\"><\/div>\n\n<h2 class=\"wp-block-heading\">Tarvitsenko viisumin Yhdistyneeseen kuningaskuntaan matkustamiseen?<\/h2>\n\n<p><a href=\"https:\/\/uk-gb.net\/fi\/viisumi-kauttakulku-valilasku-englanti-iso-britannia\/\">Kauttakulkuviisumi<\/a> vaaditaan matkustajilta, jotka joutuvat k\u00e4ym\u00e4\u00e4n rajatarkastuksen l\u00e4pi vaihtaessaan terminaalia tai lentoasemaa. Sen avulla voit my\u00f6s tehd\u00e4 <strong>pidemm\u00e4n v\u00e4lilaskun<\/strong> ja poistua v\u00e4liaikaisesti lentoasemalta ennen kuin jatkat lentoa toiseen kohteeseen.<\/p>\n\n<h2 class=\"wp-block-heading\">Opiskelu Yhdistyneess\u00e4 kuningaskunnassa: mik\u00e4 viisumi minun pit\u00e4isi hankkia?<\/h2>\n\n<p>Jos aiot opiskella pitk\u00e4\u00e4n Yhdistyneess\u00e4 kuningaskunnassa, sinun on haettava <a href=\"https:\/\/uk-gb.net\/fi\/opiskelijaviisumi-englanti-iso-britannia\/\">opiskelijaviisumia<\/a>. Saadaksesi sen, sinun on yleens\u00e4 :<\/p>\n\n<ul class=\"wp-block-list\">\n<li>Toimita yliopiston tai koulun my\u00f6nt\u00e4m\u00e4 <strong>sponsorikirje (CAS)<\/strong>.<\/li>\n\n\n\n<li>Todiste <strong>riitt\u00e4v\u00e4st\u00e4 englannin k<\/strong> ielen taidosta (vaaditaan hyv\u00e4ksytty testi).<\/li>\n\n\n\n<li><strong>Todistettava, ett\u00e4 sinulla on taloudellisia resursseja<\/strong> lukukausimaksujen ja elinkustannusten kattamiseen.<\/li>\n<\/ul>\n\n<div style=\"height:10px\" aria-hidden=\"true\" class=\"wp-block-spacer\"><\/div>\n\n<h2 class=\"wp-block-heading\">Perheenj\u00e4senen liittyminen: perheviisumi<\/h2>\n\n<p><a href=\"https:\/\/uk-gb.net\/fi\/perheviisumi-englanti-iso-britannia\/\">Yhdistyneen kuningaskunnan perheviisumin<\/a> avulla voit oleskella Yhdistyneess\u00e4 kuningaskunnassa yli kuusi kuukautta yhdess\u00e4 l\u00e4hisukulaisen (puolison, lapsen, vanhemman tai muun perheenj\u00e4senen) kanssa. T\u00e4m\u00e4ntyyppiseen viisumiin sovelletaan perhesiteit\u00e4, tuloja ja joskus my\u00f6s majoitusta koskevia kriteerej\u00e4. <a href=\"https:\/\/uk-gb.net\/fi\/lapsiviisumi-englanti-iso-britannia\/\">Yhdistyneeseen kuningaskuntaan on olemassa my\u00f6s lapsiviisumi<\/a>.  <\/p>\n\n<h2 class=\"wp-block-heading\">Liikematkat: milloin kannattaa hakea liikematkaviisumia?<\/h2>\n\n<p><a href=\"https:\/\/uk-gb.net\/fi\/liikeviisumi-englantiin-yhdistynyt-kuningaskunta\/\">Liikeviisumi<\/a> on tarkoitettu ulkomaisille ammattilaisille, jotka matkustavat Yhdistyneeseen kuningaskuntaan <strong>satunnaista toimintaa<\/strong> varten, josta ei makseta paikallista korvausta, kuten :<\/p>\n\n<ul class=\"wp-block-list\">\n<li>Kokoukseen tai konferenssiin osallistuminen<\/li>\n\n\n\n<li>Sopimusneuvottelut<\/li>\n\n\n\n<li>Tutkimuksen tekeminen tai akateemisen projektin esitt\u00e4minen.<\/li>\n<\/ul>\n\n<div style=\"height:10px\" aria-hidden=\"true\" class=\"wp-block-spacer\"><\/div>\n\n<p>T\u00e4m\u00e4 viisumi <strong>ei oikeuta ty\u00f6skentelem\u00e4\u00e4n brittil\u00e4isen yrityksen palveluksessa<\/strong> tai asettumaan pysyv\u00e4sti Yhdistyneeseen kuningaskuntaan.<\/p>\n","protected":false},"excerpt":{"rendered":"<p>T\u00e4rkeimm\u00e4t viisumit Yhdistyneeseen kuningaskuntaan Yhdistynyt kuningaskunta tarjoaa useita erilaisia viisumityyppej\u00e4, jotka soveltuvat erilaisiin matkustajaprofiileihin: kauttakulkumatkailijat, opiskelijat, ammatinharjoittajat tai perheenj\u00e4senet, jotka seuraavat l\u00e4heist\u00e4\u00e4n. Kukin viisumi t\u00e4ytt\u00e4\u00e4 tietyt ehdot, ja se mahdollistaa vaihtelevan pituisen oleskelun Yhdistyneess\u00e4 kuningaskunnassa. Seuraavassa on yleiskatsaus Yhdistyneen kuningaskunnan my\u00f6nt\u00e4miin t\u00e4rkeimpiin viisumeihin: Vuodesta 2024 l\u00e4htien Yhdistynyt kuningaskunta on ottanut k\u00e4ytt\u00f6\u00f6n s\u00e4hk\u00f6isen matkustusluvan (ETA) tiettyjen [&hellip;]<\/p>\n","protected":false},"author":1,"featured_media":0,"parent":0,"menu_order":0,"comment_status":"closed","ping_status":"closed","template":"","meta":{"footnotes":""},"class_list":["post-3381","page","type-page","status-publish","hentry"],"yoast_head":"<!-- This site is optimized with the Yoast SEO plugin v27.4 - https:\/\/yoast.com\/product\/yoast-seo-wordpress\/ -->\n<title>Eri viisumit Yhdistyneeseen kuningaskuntaan matkustamista varten - UK GB<\/title>\n<meta name=\"description\" content=\"Mit\u00e4 viisumeja on saatavilla ulkomaalaisille matkustajille, jotka haluavat vierailla Yhdistyneess\u00e4 kuningaskunnassa?\" \/>\n<meta name=\"robots\" content=\"index, follow, max-snippet:-1, max-image-preview:large, max-video-preview:-1\" \/>\n<link rel=\"canonical\" href=\"https:\/\/uk-gb.net\/fi\/erityyppisia-brittilaisia-viisumeja\/\" \/>\n<meta property=\"og:locale\" content=\"fi_FI\" \/>\n<meta property=\"og:type\" content=\"article\" \/>\n<meta property=\"og:title\" content=\"Eri viisumit Yhdistyneeseen kuningaskuntaan matkustamista varten - UK GB\" \/>\n<meta property=\"og:description\" content=\"Mit\u00e4 viisumeja on saatavilla ulkomaalaisille matkustajille, jotka haluavat vierailla Yhdistyneess\u00e4 kuningaskunnassa?\" \/>\n<meta property=\"og:url\" content=\"https:\/\/uk-gb.net\/fi\/erityyppisia-brittilaisia-viisumeja\/\" \/>\n<meta property=\"og:site_name\" content=\"UK GB\" \/>\n<meta property=\"article:modified_time\" content=\"2026-01-05T15:39:02+00:00\" \/>\n<meta name=\"twitter:card\" content=\"summary_large_image\" \/>\n<meta name=\"twitter:label1\" content=\"Arvioitu lukuaika\" \/>\n\t<meta name=\"twitter:data1\" content=\"2 minuuttia\" \/>\n<script type=\"application\/ld+json\" class=\"yoast-schema-graph\">{\"@context\":\"https:\\\/\\\/schema.org\",\"@graph\":[{\"@type\":\"WebPage\",\"@id\":\"https:\\\/\\\/uk-gb.net\\\/fi\\\/erityyppisia-brittilaisia-viisumeja\\\/\",\"url\":\"https:\\\/\\\/uk-gb.net\\\/fi\\\/erityyppisia-brittilaisia-viisumeja\\\/\",\"name\":\"Eri viisumit Yhdistyneeseen kuningaskuntaan matkustamista varten - UK GB\",\"isPartOf\":{\"@id\":\"https:\\\/\\\/uk-gb.net\\\/fi\\\/#website\"},\"datePublished\":\"2023-12-07T14:55:09+00:00\",\"dateModified\":\"2026-01-05T15:39:02+00:00\",\"description\":\"Mit\u00e4 viisumeja on saatavilla ulkomaalaisille matkustajille, jotka haluavat vierailla Yhdistyneess\u00e4 kuningaskunnassa?\",\"inLanguage\":\"fi\",\"potentialAction\":[{\"@type\":\"ReadAction\",\"target\":[\"https:\\\/\\\/uk-gb.net\\\/fi\\\/erityyppisia-brittilaisia-viisumeja\\\/\"]}]},{\"@type\":\"WebSite\",\"@id\":\"https:\\\/\\\/uk-gb.net\\\/fi\\\/#website\",\"url\":\"https:\\\/\\\/uk-gb.net\\\/fi\\\/\",\"name\":\"UK GB\",\"description\":\"Travel to the UK\",\"potentialAction\":[{\"@type\":\"SearchAction\",\"target\":{\"@type\":\"EntryPoint\",\"urlTemplate\":\"https:\\\/\\\/uk-gb.net\\\/fi\\\/?s={search_term_string}\"},\"query-input\":{\"@type\":\"PropertyValueSpecification\",\"valueRequired\":true,\"valueName\":\"search_term_string\"}}],\"inLanguage\":\"fi\"}]}<\/script>\n<!-- \/ Yoast SEO plugin. -->","yoast_head_json":{"title":"Eri viisumit Yhdistyneeseen kuningaskuntaan matkustamista varten - UK GB","description":"Mit\u00e4 viisumeja on saatavilla ulkomaalaisille matkustajille, jotka haluavat vierailla Yhdistyneess\u00e4 kuningaskunnassa?","robots":{"index":"index","follow":"follow","max-snippet":"max-snippet:-1","max-image-preview":"max-image-preview:large","max-video-preview":"max-video-preview:-1"},"canonical":"https:\/\/uk-gb.net\/fi\/erityyppisia-brittilaisia-viisumeja\/","og_locale":"fi_FI","og_type":"article","og_title":"Eri viisumit Yhdistyneeseen kuningaskuntaan matkustamista varten - UK GB","og_description":"Mit\u00e4 viisumeja on saatavilla ulkomaalaisille matkustajille, jotka haluavat vierailla Yhdistyneess\u00e4 kuningaskunnassa?","og_url":"https:\/\/uk-gb.net\/fi\/erityyppisia-brittilaisia-viisumeja\/","og_site_name":"UK GB","article_modified_time":"2026-01-05T15:39:02+00:00","twitter_card":"summary_large_image","twitter_misc":{"Arvioitu lukuaika":"2 minuuttia"},"schema":{"@context":"https:\/\/schema.org","@graph":[{"@type":"WebPage","@id":"https:\/\/uk-gb.net\/fi\/erityyppisia-brittilaisia-viisumeja\/","url":"https:\/\/uk-gb.net\/fi\/erityyppisia-brittilaisia-viisumeja\/","name":"Eri viisumit Yhdistyneeseen kuningaskuntaan matkustamista varten - UK GB","isPartOf":{"@id":"https:\/\/uk-gb.net\/fi\/#website"},"datePublished":"2023-12-07T14:55:09+00:00","dateModified":"2026-01-05T15:39:02+00:00","description":"Mit\u00e4 viisumeja on saatavilla ulkomaalaisille matkustajille, jotka haluavat vierailla Yhdistyneess\u00e4 kuningaskunnassa?","inLanguage":"fi","potentialAction":[{"@type":"ReadAction","target":["https:\/\/uk-gb.net\/fi\/erityyppisia-brittilaisia-viisumeja\/"]}]},{"@type":"WebSite","@id":"https:\/\/uk-gb.net\/fi\/#website","url":"https:\/\/uk-gb.net\/fi\/","name":"UK GB","description":"Travel to the UK","potentialAction":[{"@type":"SearchAction","target":{"@type":"EntryPoint","urlTemplate":"https:\/\/uk-gb.net\/fi\/?s={search_term_string}"},"query-input":{"@type":"PropertyValueSpecification","valueRequired":true,"valueName":"search_term_string"}}],"inLanguage":"fi"}]}},"_links":{"self":[{"href":"https:\/\/uk-gb.net\/fi\/wp-json\/wp\/v2\/pages\/3381","targetHints":{"allow":["GET"]}}],"collection":[{"href":"https:\/\/uk-gb.net\/fi\/wp-json\/wp\/v2\/pages"}],"about":[{"href":"https:\/\/uk-gb.net\/fi\/wp-json\/wp\/v2\/types\/page"}],"author":[{"embeddable":true,"href":"https:\/\/uk-gb.net\/fi\/wp-json\/wp\/v2\/users\/1"}],"replies":[{"embeddable":true,"href":"https:\/\/uk-gb.net\/fi\/wp-json\/wp\/v2\/comments?post=3381"}],"version-history":[{"count":0,"href":"https:\/\/uk-gb.net\/fi\/wp-json\/wp\/v2\/pages\/3381\/revisions"}],"wp:attachment":[{"href":"https:\/\/uk-gb.net\/fi\/wp-json\/wp\/v2\/media?parent=3381"}],"curies":[{"name":"wp","href":"https:\/\/api.w.org\/{rel}","templated":true}]}}