{"id":3377,"date":"2023-12-19T19:58:55","date_gmt":"2023-12-19T19:58:55","guid":{"rendered":"https:\/\/uk-gb.net\/maat-jotka-voivat-hakea-eta-uk-ta\/"},"modified":"2025-06-05T16:23:37","modified_gmt":"2025-06-05T15:23:37","slug":"maat-jotka-voivat-hakea-eta-uk-ta","status":"publish","type":"page","link":"https:\/\/uk-gb.net\/fi\/maat-jotka-voivat-hakea-eta-uk-ta\/","title":{"rendered":"ETA-maihin Yhdistyneess\u00e4 kuningaskunnassa oikeutetut maat"},"content":{"rendered":"\n<h1 class=\"wp-block-heading\">Mink\u00e4 maiden kansalaiset voivat saada ETA-luvan Yhdistynyt kuningaskunta<\/h1>\n\n<p>Seuraavassa on luettelo maista, joiden kansalaiset voivat matkustaa ETA-j\u00e4rjestelm\u00e4ll\u00e4 Yhdistyneeseen kuningaskuntaan, sek\u00e4 keskeiset p\u00e4iv\u00e4m\u00e4\u00e4r\u00e4t, jolloin j\u00e4rjestelm\u00e4 otettiin k\u00e4ytt\u00f6\u00f6n:<\/p>\n\n<figure class=\"wp-block-table\"><table><tbody><tr><td><strong>ETA:n hakukelpoiset maat ja hakup\u00e4iv\u00e4t<\/strong><\/td><td><strong>Matkustamista koskevan ETA-vaatimuksen alkamisp\u00e4iv\u00e4.<\/strong><\/td><\/tr><tr><td>Qatar<\/td><td>15. marraskuuta 2023<\/td><\/tr><tr><td>Saudi-Arabia, Bahrain, Yhdistyneet arabiemiirikunnat, Kuwait, Oman.<\/td><td>22. helmikuuta 2024<\/td><\/tr><tr><td>Antigua ja Barbuda, Argentiina, Australia, Bahama, Barbados, Belize, Botswana, Brasilia, Brunei, Kanada, Chile, Costa Rica, Grenada, Guatemala, Guyana, Hongkong, Israel, Japani, Kiribati, Israel, Japani, Macao, Malesia, Malediivit, Marshallinsaaret, Mauritius, Meksiko, Mikronesian liittovaltio, Nauru, Uusi-Seelanti, Nicaragua, Palau, Panama, Papua-Uusi-Guinea, Paraguay, Peru, Samoa, Seychellit, Singapore, Salomonsaaret, Etel\u00e4-Korea, Saint Kitts ja Nevis, Saint Lucia, Saint Vincent ja Grenadiinit, Taiwan, Tonga, Trinidad ja Tobago, Tuvalu, Yhdysvallat, Uruguay.<\/td><td>8. tammikuuta 2025<\/td><\/tr><tr><td><strong>Euroopan maat<\/strong>: Andorra, It\u00e4valta, Belgia, Bulgaria, Kroatia, Kypros, T\u0161ekki, Tanska, Viro, Suomi, Ranska, Saksa, Kreikka, Unkari, Islanti, Italia, Latvia, Liechtenstein, Liettua, Luxemburg, Malta, Monaco, Alankomaat, Norja, Puola, Portugali, Romania, San Marino, Slovakia, Slovenia, Espanja, Ruotsi, Sveitsi, T\u0161ekki, Unkari, Vatikaani.<\/td><td>2. huhtikuuta 2025<\/td><\/tr><\/tbody><\/table><figcaption class=\"wp-element-caption\">Luettelo maista, joilla on lupa pyyt\u00e4\u00e4 ETA-lupaa Yhdistyneelle kuningaskunnalle.<\/figcaption><\/figure>\n\n<p>EU-kansalaisten on sen vuoksi matkustettava Yhdistyneen kuningaskunnan ETA-todistuksella 2. huhtikuuta 2025 alkaen. Heid\u00e4n on <a href=\"https:\/\/uk-gb.net\/fi\/online-eta-viisumi-englannista\/\">haettava ETA-lupaa Yhdistyneest\u00e4 kuningaskunnasta verkossa<\/a>. <\/p>\n\n<h2 class=\"wp-block-heading\">ETA:sta my\u00f6nnett\u00e4v\u00e4t vapautukset<\/h2>\n\n<p>Seuraavien henkil\u00f6iden ei tarvitse hakea ETA-hakemusta:<\/p>\n\n<ul class=\"wp-block-list\">\n<li>Yhdistyneen kuningaskunnan tai Irlannin kansalaiset<\/li>\n\n\n\n<li>Voimassa olevan Yhdistyneen kuningaskunnan viisumin haltija<\/li>\n\n\n\n<li>Pysyv\u00e4sti tai tilap\u00e4isesti Yhdistyneess\u00e4 kuningaskunnassa asuvat (vakinainen tai ennalta vakinaistettu asema).<\/li>\n\n\n\n<li>Irlannissa laillisesti asuvat henkil\u00f6t, jotka matkustavat Irlannista tai Kanaalisaarilta.<\/li>\n\n\n\n<li>Alle 18-vuotiaat lapset, jotka osallistuvat j\u00e4rjestettyyn koulumatkalle (tietyin edellytyksin).<\/li>\n<\/ul>\n","protected":false},"excerpt":{"rendered":"<p>Mink\u00e4 maiden kansalaiset voivat saada ETA-luvan Yhdistynyt kuningaskunta Seuraavassa on luettelo maista, joiden kansalaiset voivat matkustaa ETA-j\u00e4rjestelm\u00e4ll\u00e4 Yhdistyneeseen kuningaskuntaan, sek\u00e4 keskeiset p\u00e4iv\u00e4m\u00e4\u00e4r\u00e4t, jolloin j\u00e4rjestelm\u00e4 otettiin k\u00e4ytt\u00f6\u00f6n: EU-kansalaisten on sen vuoksi matkustettava Yhdistyneen kuningaskunnan ETA-todistuksella 2. huhtikuuta 2025 alkaen. Heid\u00e4n on haettava ETA-lupaa Yhdistyneest\u00e4 kuningaskunnasta verkossa. ETA:sta my\u00f6nnett\u00e4v\u00e4t vapautukset Seuraavien henkil\u00f6iden ei tarvitse hakea ETA-hakemusta:<\/p>\n","protected":false},"author":1,"featured_media":0,"parent":0,"menu_order":0,"comment_status":"closed","ping_status":"closed","template":"","meta":{"footnotes":""},"class_list":["post-3377","page","type-page","status-publish","hentry"],"yoast_head":"<!-- This site is optimized with the Yoast SEO plugin v27.4 - https:\/\/yoast.com\/product\/yoast-seo-wordpress\/ -->\n<title>ETA-maihin Yhdistyneess\u00e4 kuningaskunnassa oikeutetut maat - UK GB<\/title>\n<meta name=\"description\" content=\"Seuraavassa on luettelo maista, joiden kansalaiset voivat hakea ETA-viisumia matkustaakseen Yhdistyneeseen kuningaskuntaan ilman viisumia.\" \/>\n<meta name=\"robots\" content=\"index, follow, max-snippet:-1, max-image-preview:large, max-video-preview:-1\" \/>\n<link rel=\"canonical\" href=\"https:\/\/uk-gb.net\/fi\/maat-jotka-voivat-hakea-eta-uk-ta\/\" \/>\n<meta property=\"og:locale\" content=\"fi_FI\" \/>\n<meta property=\"og:type\" content=\"article\" \/>\n<meta property=\"og:title\" content=\"ETA-maihin Yhdistyneess\u00e4 kuningaskunnassa oikeutetut maat - UK GB\" \/>\n<meta property=\"og:description\" content=\"Seuraavassa on luettelo maista, joiden kansalaiset voivat hakea ETA-viisumia matkustaakseen Yhdistyneeseen kuningaskuntaan ilman viisumia.\" \/>\n<meta property=\"og:url\" content=\"https:\/\/uk-gb.net\/fi\/maat-jotka-voivat-hakea-eta-uk-ta\/\" \/>\n<meta property=\"og:site_name\" content=\"UK GB\" \/>\n<meta property=\"article:modified_time\" content=\"2025-06-05T15:23:37+00:00\" \/>\n<meta name=\"twitter:card\" content=\"summary_large_image\" \/>\n<meta name=\"twitter:label1\" content=\"Arvioitu lukuaika\" \/>\n\t<meta name=\"twitter:data1\" content=\"1 minuutti\" \/>\n<script type=\"application\/ld+json\" class=\"yoast-schema-graph\">{\"@context\":\"https:\\\/\\\/schema.org\",\"@graph\":[{\"@type\":\"WebPage\",\"@id\":\"https:\\\/\\\/uk-gb.net\\\/fi\\\/maat-jotka-voivat-hakea-eta-uk-ta\\\/\",\"url\":\"https:\\\/\\\/uk-gb.net\\\/fi\\\/maat-jotka-voivat-hakea-eta-uk-ta\\\/\",\"name\":\"ETA-maihin Yhdistyneess\u00e4 kuningaskunnassa oikeutetut maat - UK GB\",\"isPartOf\":{\"@id\":\"https:\\\/\\\/uk-gb.net\\\/fi\\\/#website\"},\"datePublished\":\"2023-12-19T19:58:55+00:00\",\"dateModified\":\"2025-06-05T15:23:37+00:00\",\"description\":\"Seuraavassa on luettelo maista, joiden kansalaiset voivat hakea ETA-viisumia matkustaakseen Yhdistyneeseen kuningaskuntaan ilman viisumia.\",\"inLanguage\":\"fi\",\"potentialAction\":[{\"@type\":\"ReadAction\",\"target\":[\"https:\\\/\\\/uk-gb.net\\\/fi\\\/maat-jotka-voivat-hakea-eta-uk-ta\\\/\"]}]},{\"@type\":\"WebSite\",\"@id\":\"https:\\\/\\\/uk-gb.net\\\/fi\\\/#website\",\"url\":\"https:\\\/\\\/uk-gb.net\\\/fi\\\/\",\"name\":\"UK GB\",\"description\":\"Travel to the UK\",\"potentialAction\":[{\"@type\":\"SearchAction\",\"target\":{\"@type\":\"EntryPoint\",\"urlTemplate\":\"https:\\\/\\\/uk-gb.net\\\/fi\\\/?s={search_term_string}\"},\"query-input\":{\"@type\":\"PropertyValueSpecification\",\"valueRequired\":true,\"valueName\":\"search_term_string\"}}],\"inLanguage\":\"fi\"}]}<\/script>\n<!-- \/ Yoast SEO plugin. -->","yoast_head_json":{"title":"ETA-maihin Yhdistyneess\u00e4 kuningaskunnassa oikeutetut maat - UK GB","description":"Seuraavassa on luettelo maista, joiden kansalaiset voivat hakea ETA-viisumia matkustaakseen Yhdistyneeseen kuningaskuntaan ilman viisumia.","robots":{"index":"index","follow":"follow","max-snippet":"max-snippet:-1","max-image-preview":"max-image-preview:large","max-video-preview":"max-video-preview:-1"},"canonical":"https:\/\/uk-gb.net\/fi\/maat-jotka-voivat-hakea-eta-uk-ta\/","og_locale":"fi_FI","og_type":"article","og_title":"ETA-maihin Yhdistyneess\u00e4 kuningaskunnassa oikeutetut maat - UK GB","og_description":"Seuraavassa on luettelo maista, joiden kansalaiset voivat hakea ETA-viisumia matkustaakseen Yhdistyneeseen kuningaskuntaan ilman viisumia.","og_url":"https:\/\/uk-gb.net\/fi\/maat-jotka-voivat-hakea-eta-uk-ta\/","og_site_name":"UK GB","article_modified_time":"2025-06-05T15:23:37+00:00","twitter_card":"summary_large_image","twitter_misc":{"Arvioitu lukuaika":"1 minuutti"},"schema":{"@context":"https:\/\/schema.org","@graph":[{"@type":"WebPage","@id":"https:\/\/uk-gb.net\/fi\/maat-jotka-voivat-hakea-eta-uk-ta\/","url":"https:\/\/uk-gb.net\/fi\/maat-jotka-voivat-hakea-eta-uk-ta\/","name":"ETA-maihin Yhdistyneess\u00e4 kuningaskunnassa oikeutetut maat - UK GB","isPartOf":{"@id":"https:\/\/uk-gb.net\/fi\/#website"},"datePublished":"2023-12-19T19:58:55+00:00","dateModified":"2025-06-05T15:23:37+00:00","description":"Seuraavassa on luettelo maista, joiden kansalaiset voivat hakea ETA-viisumia matkustaakseen Yhdistyneeseen kuningaskuntaan ilman viisumia.","inLanguage":"fi","potentialAction":[{"@type":"ReadAction","target":["https:\/\/uk-gb.net\/fi\/maat-jotka-voivat-hakea-eta-uk-ta\/"]}]},{"@type":"WebSite","@id":"https:\/\/uk-gb.net\/fi\/#website","url":"https:\/\/uk-gb.net\/fi\/","name":"UK GB","description":"Travel to the UK","potentialAction":[{"@type":"SearchAction","target":{"@type":"EntryPoint","urlTemplate":"https:\/\/uk-gb.net\/fi\/?s={search_term_string}"},"query-input":{"@type":"PropertyValueSpecification","valueRequired":true,"valueName":"search_term_string"}}],"inLanguage":"fi"}]}},"_links":{"self":[{"href":"https:\/\/uk-gb.net\/fi\/wp-json\/wp\/v2\/pages\/3377","targetHints":{"allow":["GET"]}}],"collection":[{"href":"https:\/\/uk-gb.net\/fi\/wp-json\/wp\/v2\/pages"}],"about":[{"href":"https:\/\/uk-gb.net\/fi\/wp-json\/wp\/v2\/types\/page"}],"author":[{"embeddable":true,"href":"https:\/\/uk-gb.net\/fi\/wp-json\/wp\/v2\/users\/1"}],"replies":[{"embeddable":true,"href":"https:\/\/uk-gb.net\/fi\/wp-json\/wp\/v2\/comments?post=3377"}],"version-history":[{"count":0,"href":"https:\/\/uk-gb.net\/fi\/wp-json\/wp\/v2\/pages\/3377\/revisions"}],"wp:attachment":[{"href":"https:\/\/uk-gb.net\/fi\/wp-json\/wp\/v2\/media?parent=3377"}],"curies":[{"name":"wp","href":"https:\/\/api.w.org\/{rel}","templated":true}]}}