{"id":3375,"date":"2023-12-07T16:41:44","date_gmt":"2023-12-07T16:41:44","guid":{"rendered":"https:\/\/uk-gb.net\/kuinka-paljon-englannin-viisumi-maksaa\/"},"modified":"2025-11-17T16:01:49","modified_gmt":"2025-11-17T16:01:49","slug":"kuinka-paljon-englannin-viisumi-maksaa","status":"publish","type":"page","link":"https:\/\/uk-gb.net\/fi\/kuinka-paljon-englannin-viisumi-maksaa\/","title":{"rendered":"Viisumin hankkimisen kustannukset Englantiin matkustamista varten"},"content":{"rendered":"\n<h1 class=\"wp-block-heading\">Paljonko viisumi Yhdistyneeseen kuningaskuntaan matkustamiseen maksaa?<\/h1>\n\n<p>Kaikista Yhdistyneeseen kuningaskuntaan teht\u00e4vist\u00e4 viisumihakemuksista perit\u00e4\u00e4n pakollinen maksu. Maksu kattaa hakemusten tutkimisesta ja k\u00e4sittelyst\u00e4 aiheutuvat hallinnolliset kustannukset. Maksu vaihtelee <strong>haetun viisumityypin<\/strong>, <strong>oleskelun keston<\/strong> ja <strong>hakijan asuinmaan<\/strong> mukaan.  <\/p>\n\n<p><strong>Matkailijan oleskelua varten <\/strong>: Viisumia ei tarvitse hankkia; t\u00e4yt\u00e4 vain <a href=\"https:\/\/uk-gb.net\/fi\/online-eta-viisumi-englannista\/\">ETA-lomake verkossa<\/a>.<\/p>\n\n<div style=\"height:10px\" aria-hidden=\"true\" class=\"wp-block-spacer\"><\/div>\n\n<p>Seuraavassa on joitakin esimerkkej\u00e4 vuodelle <strong>2025<\/strong>:<\/p>\n\n<figure class=\"wp-block-table\"><table><tbody><tr><td><strong>Vierailijaviisumi<\/strong><\/td><td class=\"has-text-align-center\" data-align=\"center\"><strong>Viisumimaksut<\/strong><\/td><\/tr><tr><td>Lyhytaikainen <a href=\"https:\/\/uk-gb.net\/fi\/turistiviisumi-englantiin\/\">turistiviisumi<\/a> enint\u00e4\u00e4n 6 kuukaudeksi.<\/td><td class=\"has-text-align-center\" data-align=\"center\">\u00a3 115<\/td><\/tr><tr><td>Pitk\u00e4aikainen viisumi (2 vuotta)<\/td><td class=\"has-text-align-center\" data-align=\"center\">\u00a3 400<\/td><\/tr><tr><td>Pitk\u00e4aikainen viisumi (5 vuotta)<\/td><td class=\"has-text-align-center\" data-align=\"center\">\u00a3 771<\/td><\/tr><tr><td>Pitk\u00e4aikainen viisumi (10 vuotta)<\/td><td class=\"has-text-align-center\" data-align=\"center\">\u00a3 963<\/td><\/tr><\/tbody><\/table><figcaption class=\"wp-element-caption\">Viisumimaksutaulukko vierailijaviisumeista<\/figcaption><\/figure>\n\n<figure class=\"wp-block-table\"><table><tbody><tr><td><strong>Transit-viisumi<\/strong><\/td><td class=\"has-text-align-center\" data-align=\"center\"><strong><strong>Viisumimaksut<\/strong><\/strong><\/td><\/tr><tr><td>Suora lentokentt\u00e4kauttakulkuviisumi (DATV) kansainv\u00e4lisell\u00e4 vy\u00f6hykkeell\u00e4 oleskeleville matkustajille.<\/td><td class=\"has-text-align-center\" data-align=\"center\">\u00a3 39<\/td><\/tr><tr><td>Visitor in Transit -viisumi: matkustajille, joiden on kuljettava rajatarkastuksen l\u00e4pi.<\/td><td class=\"has-text-align-center\" data-align=\"center\">\u00a3 64<\/td><\/tr><\/tbody><\/table><figcaption class=\"wp-element-caption\">N\u00e4m\u00e4 viisumit sallivat enint\u00e4\u00e4n 48 tunnin oleskelun Yhdistyneess\u00e4 kuningaskunnassa.<\/figcaption><\/figure>\n\n<div style=\"height:10px\" aria-hidden=\"true\" class=\"wp-block-spacer\"><\/div>\n\n<h2 class=\"wp-block-heading\">Yhdistyneen kuningaskunnan opiskelijaviisumimaksut<\/h2>\n\n<p>Kansainv\u00e4listen opiskelijoiden, jotka haluavat opiskella Yhdistyneess\u00e4 kuningaskunnassa, on hankittava <a href=\"https:\/\/uk-gb.net\/fi\/opiskelijaviisumi-englanti-iso-britannia\/\">opiskelijaviisumi<\/a>.<\/p>\n\n<figure class=\"wp-block-table\"><table><tbody><tr><td><strong>Lyhytaikainen opiskelijaviisumi<\/strong><\/td><td class=\"has-text-align-center\" data-align=\"center\"><strong><strong>Viisumimaksut<\/strong><\/strong><\/td><\/tr><tr><td>Viisumihakemusmaksu<\/td><td class=\"has-text-align-center\" data-align=\"center\">\u00a3 524<\/td><\/tr><tr><td>Maahanmuuttajien terveydenhuoltomaksu vuodessa<\/td><td class=\"has-text-align-center\" data-align=\"center\">\u00a3 776<\/td><\/tr><\/tbody><\/table><figcaption class=\"wp-element-caption\">IHS-maksun suorittaminen on pakollista, ja se antaa mahdollisuuden k\u00e4ytt\u00e4\u00e4 kansallista terveydenhuoltopalvelua oleskelusi ajan.<\/figcaption><\/figure>\n\n<div style=\"height:10px\" aria-hidden=\"true\" class=\"wp-block-spacer\"><\/div>\n\n<h2 class=\"wp-block-heading\">Voiko Yhdistyneen kuningaskunnan viisumimaksut maksaa paikallisessa valuutassa?<\/h2>\n\n<p>Viisumimaksut vahvistetaan <strong>Englannin puntina (\u00a3<\/strong>). Maksu voidaan kuitenkin yleens\u00e4 suorittaa asuinmaan <g id=\"gid_1\">paikallisessa valuutassa<\/g> Yhdistyneen kuningaskunnan hallituksen soveltaman vaihtokurssin mukaan. T\u00e4m\u00e4 kurssi p\u00e4ivitet\u00e4\u00e4n s\u00e4\u00e4nn\u00f6llisesti, ja sit\u00e4 sovelletaan automaattisesti, kun maksat verkossa.  <\/p>\n","protected":false},"excerpt":{"rendered":"<p>Paljonko viisumi Yhdistyneeseen kuningaskuntaan matkustamiseen maksaa? Kaikista Yhdistyneeseen kuningaskuntaan teht\u00e4vist\u00e4 viisumihakemuksista perit\u00e4\u00e4n pakollinen maksu. Maksu kattaa hakemusten tutkimisesta ja k\u00e4sittelyst\u00e4 aiheutuvat hallinnolliset kustannukset. Maksu vaihtelee haetun viisumityypin, oleskelun keston ja hakijan asuinmaan mukaan. Matkailijan oleskelua varten : Viisumia ei tarvitse hankkia; t\u00e4yt\u00e4 vain ETA-lomake verkossa. Seuraavassa on joitakin esimerkkej\u00e4 vuodelle 2025: Vierailijaviisumi Viisumimaksut Lyhytaikainen turistiviisumi [&hellip;]<\/p>\n","protected":false},"author":1,"featured_media":0,"parent":0,"menu_order":0,"comment_status":"closed","ping_status":"closed","template":"","meta":{"footnotes":""},"class_list":["post-3375","page","type-page","status-publish","hentry"],"yoast_head":"<!-- This site is optimized with the Yoast SEO plugin v27.4 - https:\/\/yoast.com\/product\/yoast-seo-wordpress\/ -->\n<title>Viisumin hankkimisen kustannukset Englantiin matkustamista varten - UK GB<\/title>\n<meta name=\"description\" content=\"Mit\u00e4 hallinnollisia maksuja perit\u00e4\u00e4n viisumin hakemisesta Yhdistyneess\u00e4 kuningaskunnassa tapahtuvaa matkustamista varten?\" \/>\n<meta name=\"robots\" content=\"index, follow, max-snippet:-1, max-image-preview:large, max-video-preview:-1\" \/>\n<link rel=\"canonical\" href=\"https:\/\/uk-gb.net\/fi\/kuinka-paljon-englannin-viisumi-maksaa\/\" \/>\n<meta property=\"og:locale\" content=\"fi_FI\" \/>\n<meta property=\"og:type\" content=\"article\" \/>\n<meta property=\"og:title\" content=\"Viisumin hankkimisen kustannukset Englantiin matkustamista varten - UK GB\" \/>\n<meta property=\"og:description\" content=\"Mit\u00e4 hallinnollisia maksuja perit\u00e4\u00e4n viisumin hakemisesta Yhdistyneess\u00e4 kuningaskunnassa tapahtuvaa matkustamista varten?\" \/>\n<meta property=\"og:url\" content=\"https:\/\/uk-gb.net\/fi\/kuinka-paljon-englannin-viisumi-maksaa\/\" \/>\n<meta property=\"og:site_name\" content=\"UK GB\" \/>\n<meta property=\"article:modified_time\" content=\"2025-11-17T16:01:49+00:00\" \/>\n<meta name=\"twitter:card\" content=\"summary_large_image\" \/>\n<meta name=\"twitter:label1\" content=\"Arvioitu lukuaika\" \/>\n\t<meta name=\"twitter:data1\" content=\"1 minuutti\" \/>\n<script type=\"application\/ld+json\" class=\"yoast-schema-graph\">{\"@context\":\"https:\\\/\\\/schema.org\",\"@graph\":[{\"@type\":\"WebPage\",\"@id\":\"https:\\\/\\\/uk-gb.net\\\/fi\\\/kuinka-paljon-englannin-viisumi-maksaa\\\/\",\"url\":\"https:\\\/\\\/uk-gb.net\\\/fi\\\/kuinka-paljon-englannin-viisumi-maksaa\\\/\",\"name\":\"Viisumin hankkimisen kustannukset Englantiin matkustamista varten - UK GB\",\"isPartOf\":{\"@id\":\"https:\\\/\\\/uk-gb.net\\\/fi\\\/#website\"},\"datePublished\":\"2023-12-07T16:41:44+00:00\",\"dateModified\":\"2025-11-17T16:01:49+00:00\",\"description\":\"Mit\u00e4 hallinnollisia maksuja perit\u00e4\u00e4n viisumin hakemisesta Yhdistyneess\u00e4 kuningaskunnassa tapahtuvaa matkustamista varten?\",\"inLanguage\":\"fi\",\"potentialAction\":[{\"@type\":\"ReadAction\",\"target\":[\"https:\\\/\\\/uk-gb.net\\\/fi\\\/kuinka-paljon-englannin-viisumi-maksaa\\\/\"]}]},{\"@type\":\"WebSite\",\"@id\":\"https:\\\/\\\/uk-gb.net\\\/fi\\\/#website\",\"url\":\"https:\\\/\\\/uk-gb.net\\\/fi\\\/\",\"name\":\"UK GB\",\"description\":\"Travel to the UK\",\"potentialAction\":[{\"@type\":\"SearchAction\",\"target\":{\"@type\":\"EntryPoint\",\"urlTemplate\":\"https:\\\/\\\/uk-gb.net\\\/fi\\\/?s={search_term_string}\"},\"query-input\":{\"@type\":\"PropertyValueSpecification\",\"valueRequired\":true,\"valueName\":\"search_term_string\"}}],\"inLanguage\":\"fi\"}]}<\/script>\n<!-- \/ Yoast SEO plugin. -->","yoast_head_json":{"title":"Viisumin hankkimisen kustannukset Englantiin matkustamista varten - UK GB","description":"Mit\u00e4 hallinnollisia maksuja perit\u00e4\u00e4n viisumin hakemisesta Yhdistyneess\u00e4 kuningaskunnassa tapahtuvaa matkustamista varten?","robots":{"index":"index","follow":"follow","max-snippet":"max-snippet:-1","max-image-preview":"max-image-preview:large","max-video-preview":"max-video-preview:-1"},"canonical":"https:\/\/uk-gb.net\/fi\/kuinka-paljon-englannin-viisumi-maksaa\/","og_locale":"fi_FI","og_type":"article","og_title":"Viisumin hankkimisen kustannukset Englantiin matkustamista varten - UK GB","og_description":"Mit\u00e4 hallinnollisia maksuja perit\u00e4\u00e4n viisumin hakemisesta Yhdistyneess\u00e4 kuningaskunnassa tapahtuvaa matkustamista varten?","og_url":"https:\/\/uk-gb.net\/fi\/kuinka-paljon-englannin-viisumi-maksaa\/","og_site_name":"UK GB","article_modified_time":"2025-11-17T16:01:49+00:00","twitter_card":"summary_large_image","twitter_misc":{"Arvioitu lukuaika":"1 minuutti"},"schema":{"@context":"https:\/\/schema.org","@graph":[{"@type":"WebPage","@id":"https:\/\/uk-gb.net\/fi\/kuinka-paljon-englannin-viisumi-maksaa\/","url":"https:\/\/uk-gb.net\/fi\/kuinka-paljon-englannin-viisumi-maksaa\/","name":"Viisumin hankkimisen kustannukset Englantiin matkustamista varten - UK GB","isPartOf":{"@id":"https:\/\/uk-gb.net\/fi\/#website"},"datePublished":"2023-12-07T16:41:44+00:00","dateModified":"2025-11-17T16:01:49+00:00","description":"Mit\u00e4 hallinnollisia maksuja perit\u00e4\u00e4n viisumin hakemisesta Yhdistyneess\u00e4 kuningaskunnassa tapahtuvaa matkustamista varten?","inLanguage":"fi","potentialAction":[{"@type":"ReadAction","target":["https:\/\/uk-gb.net\/fi\/kuinka-paljon-englannin-viisumi-maksaa\/"]}]},{"@type":"WebSite","@id":"https:\/\/uk-gb.net\/fi\/#website","url":"https:\/\/uk-gb.net\/fi\/","name":"UK GB","description":"Travel to the UK","potentialAction":[{"@type":"SearchAction","target":{"@type":"EntryPoint","urlTemplate":"https:\/\/uk-gb.net\/fi\/?s={search_term_string}"},"query-input":{"@type":"PropertyValueSpecification","valueRequired":true,"valueName":"search_term_string"}}],"inLanguage":"fi"}]}},"_links":{"self":[{"href":"https:\/\/uk-gb.net\/fi\/wp-json\/wp\/v2\/pages\/3375","targetHints":{"allow":["GET"]}}],"collection":[{"href":"https:\/\/uk-gb.net\/fi\/wp-json\/wp\/v2\/pages"}],"about":[{"href":"https:\/\/uk-gb.net\/fi\/wp-json\/wp\/v2\/types\/page"}],"author":[{"embeddable":true,"href":"https:\/\/uk-gb.net\/fi\/wp-json\/wp\/v2\/users\/1"}],"replies":[{"embeddable":true,"href":"https:\/\/uk-gb.net\/fi\/wp-json\/wp\/v2\/comments?post=3375"}],"version-history":[{"count":0,"href":"https:\/\/uk-gb.net\/fi\/wp-json\/wp\/v2\/pages\/3375\/revisions"}],"wp:attachment":[{"href":"https:\/\/uk-gb.net\/fi\/wp-json\/wp\/v2\/media?parent=3375"}],"curies":[{"name":"wp","href":"https:\/\/api.w.org\/{rel}","templated":true}]}}