{"id":3373,"date":"2024-02-25T10:29:22","date_gmt":"2024-02-25T10:29:22","guid":{"rendered":"https:\/\/uk-gb.net\/hinta-eta-uk\/"},"modified":"2026-04-02T10:59:34","modified_gmt":"2026-04-02T09:59:34","slug":"hinta-eta-uk","status":"publish","type":"page","link":"https:\/\/uk-gb.net\/fi\/hinta-eta-uk\/","title":{"rendered":"ETA-palkinto Yhdistyneelle kuningaskunnalle"},"content":{"rendered":"\n<h1 class=\"wp-block-heading\">Kuinka paljon ETA-lupa maksaa Yhdistyneess\u00e4 kuningaskunnassa?<\/h1>\n\n<p>Jos olet sellaisen maan kansalainen, joka on oikeutettu Yhdistyneen kuningaskunnan <strong>viisumivapausohjelmaan<\/strong>, voit hakea <a href=\"https:\/\/uk-gb.net\/fi\/online-eta-viisumi-englannista\/\">ETA-lupaa<\/a> saapuaksesi Yhdistyneeseen kuningaskuntaan ilman <a href=\"https:\/\/uk-gb.net\/fi\/erityyppisia-brittilaisia-viisumeja\/\">viisumia<\/a>.  <\/p>\n\n<p><strong>Menettely on nopea ja tapahtuu 100-prosenttisesti verkossa<\/strong> t\u00e4ytt\u00e4m\u00e4ll\u00e4 <a href=\"https:\/\/uk-gb.net\/fi\/online-eta-viisumi-englannista\/\">ETA-lomake verkossa<\/a>.<\/p>\n\n<div style=\"height:10px\" aria-hidden=\"true\" class=\"wp-block-spacer\"><\/div>\n\n<h2 class=\"wp-block-heading\">ETA-tariffi Yhdistyneelle kuningaskunnalle<\/h2>\n\n<p>ETAn virallinen hinta on 8. huhtikuuta 2026 <strong>l\u00e4htien<\/strong> ollut <strong>20 puntaa<\/strong> eli noin 23 euroa <strong>.<\/strong> T\u00e4m\u00e4 on <strong>kiinte\u00e4 hinta,<\/strong> joka on sama kaikille hakijoille heid\u00e4n i\u00e4st\u00e4\u00e4n tai alkuper\u00e4maastaan riippumatta. <\/p>\n\n<p>T\u00e4m\u00e4 on huomattavasti v\u00e4hemm\u00e4n kuin <a href=\"https:\/\/uk-gb.net\/fi\/turistiviisumi-englantiin\/\">turistiviisumin<\/a> hinta, joka on v\u00e4hint\u00e4\u00e4n <strong>115 puntaa<\/strong> lyhytaikaista oleskelua varten.<\/p>\n\n<h2 class=\"wp-block-heading\">Miten asetan ETA:n?<\/h2>\n\n<p>Maksu suoritetaan <strong>suoraan verkossa<\/strong> hakemuksen yhteydess\u00e4 luottokortilla (Visa, Mastercard jne.). Maksu on <strong>pakollinen<\/strong>, jotta hakemus voidaan ottaa huomioon: k\u00e4sittely\u00e4 ei aloiteta ennen kuin maksu on vahvistettu. <\/p>\n\n<p>Kun maksu on suoritettu, j\u00e4rjestelm\u00e4 alkaa v\u00e4litt\u00f6m\u00e4sti tutkia tiedostoasi, ja vastaus l\u00e4hetet\u00e4\u00e4n yleens\u00e4 s\u00e4hk\u00f6postitse muutaman tunnin kuluessa (tai jopa 3 p\u00e4iv\u00e4n kuluessa, jos tarvitaan lis\u00e4analyysi\u00e4).<\/p>\n\n<h2 class=\"wp-block-heading\">Palautus ei ole mahdollista<\/h2>\n\n<p>ETA-maksua <strong>ei palauteta<\/strong>, vaikka hakemuksesi hyl\u00e4t\u00e4\u00e4n tai peruutetaan tai vaikka muuttaisit matkasuunnitelmiasi. Siksi on t\u00e4rke\u00e4\u00e4 tarkistaa <strong>kelpoisuutesi<\/strong> ennen menettelyn aloittamista, erityisesti jos vaihdat passia tai jos et ole <a href=\"https:\/\/uk-gb.net\/fi\/maat-jotka-voivat-hakea-eta-uk-ta\/\">ETA-ohjelmaan osallistuvan maan<\/a> kansalainen. <\/p>\n\n<h2 class=\"wp-block-heading\">ETA on voimassa 2 vuotta<\/h2>\n\n<p>ETA on <strong>voimassa 2 vuotta<\/strong> tai kunnes passisi umpeutuu, sen mukaan, kumpi tulee ensin. Sen avulla voit saapua Yhdistyneeseen kuningaskuntaan useita kertoja t\u00e4n\u00e4 aikana <strong>alle 6 kuukauden<\/strong> pituisia oleskeluja varten. <\/p>\n","protected":false},"excerpt":{"rendered":"<p>Kuinka paljon ETA-lupa maksaa Yhdistyneess\u00e4 kuningaskunnassa? Jos olet sellaisen maan kansalainen, joka on oikeutettu Yhdistyneen kuningaskunnan viisumivapausohjelmaan, voit hakea ETA-lupaa saapuaksesi Yhdistyneeseen kuningaskuntaan ilman viisumia. Menettely on nopea ja tapahtuu 100-prosenttisesti verkossa t\u00e4ytt\u00e4m\u00e4ll\u00e4 ETA-lomake verkossa. ETA-tariffi Yhdistyneelle kuningaskunnalle ETAn virallinen hinta on 8. huhtikuuta 2026 l\u00e4htien ollut 20 puntaa eli noin 23 euroa . T\u00e4m\u00e4 [&hellip;]<\/p>\n","protected":false},"author":1,"featured_media":0,"parent":0,"menu_order":0,"comment_status":"closed","ping_status":"closed","template":"","meta":{"footnotes":""},"class_list":["post-3373","page","type-page","status-publish","hentry"],"yoast_head":"<!-- This site is optimized with the Yoast SEO plugin v27.4 - https:\/\/yoast.com\/product\/yoast-seo-wordpress\/ -->\n<title>ETA-palkinto Yhdistyneelle kuningaskunnalle - UK GB<\/title>\n<meta name=\"description\" content=\"Mik\u00e4 on s\u00e4hk\u00f6isen ETA-matkustuslupahakemuksen vahvistamisesta verkossa maksettava hallinnollinen maksu?\" \/>\n<meta name=\"robots\" content=\"index, follow, max-snippet:-1, max-image-preview:large, max-video-preview:-1\" \/>\n<link rel=\"canonical\" href=\"https:\/\/uk-gb.net\/fi\/hinta-eta-uk\/\" \/>\n<meta property=\"og:locale\" content=\"fi_FI\" \/>\n<meta property=\"og:type\" content=\"article\" \/>\n<meta property=\"og:title\" content=\"ETA-palkinto Yhdistyneelle kuningaskunnalle - UK GB\" \/>\n<meta property=\"og:description\" content=\"Mik\u00e4 on s\u00e4hk\u00f6isen ETA-matkustuslupahakemuksen vahvistamisesta verkossa maksettava hallinnollinen maksu?\" \/>\n<meta property=\"og:url\" content=\"https:\/\/uk-gb.net\/fi\/hinta-eta-uk\/\" \/>\n<meta property=\"og:site_name\" content=\"UK GB\" \/>\n<meta property=\"article:modified_time\" content=\"2026-04-02T09:59:34+00:00\" \/>\n<meta name=\"twitter:card\" content=\"summary_large_image\" \/>\n<meta name=\"twitter:label1\" content=\"Arvioitu lukuaika\" \/>\n\t<meta name=\"twitter:data1\" content=\"1 minuutti\" \/>\n<script type=\"application\/ld+json\" class=\"yoast-schema-graph\">{\"@context\":\"https:\\\/\\\/schema.org\",\"@graph\":[{\"@type\":\"WebPage\",\"@id\":\"https:\\\/\\\/uk-gb.net\\\/fi\\\/hinta-eta-uk\\\/\",\"url\":\"https:\\\/\\\/uk-gb.net\\\/fi\\\/hinta-eta-uk\\\/\",\"name\":\"ETA-palkinto Yhdistyneelle kuningaskunnalle - UK GB\",\"isPartOf\":{\"@id\":\"https:\\\/\\\/uk-gb.net\\\/fi\\\/#website\"},\"datePublished\":\"2024-02-25T10:29:22+00:00\",\"dateModified\":\"2026-04-02T09:59:34+00:00\",\"description\":\"Mik\u00e4 on s\u00e4hk\u00f6isen ETA-matkustuslupahakemuksen vahvistamisesta verkossa maksettava hallinnollinen maksu?\",\"inLanguage\":\"fi\",\"potentialAction\":[{\"@type\":\"ReadAction\",\"target\":[\"https:\\\/\\\/uk-gb.net\\\/fi\\\/hinta-eta-uk\\\/\"]}]},{\"@type\":\"WebSite\",\"@id\":\"https:\\\/\\\/uk-gb.net\\\/fi\\\/#website\",\"url\":\"https:\\\/\\\/uk-gb.net\\\/fi\\\/\",\"name\":\"UK GB\",\"description\":\"Travel to the UK\",\"potentialAction\":[{\"@type\":\"SearchAction\",\"target\":{\"@type\":\"EntryPoint\",\"urlTemplate\":\"https:\\\/\\\/uk-gb.net\\\/fi\\\/?s={search_term_string}\"},\"query-input\":{\"@type\":\"PropertyValueSpecification\",\"valueRequired\":true,\"valueName\":\"search_term_string\"}}],\"inLanguage\":\"fi\"}]}<\/script>\n<!-- \/ Yoast SEO plugin. -->","yoast_head_json":{"title":"ETA-palkinto Yhdistyneelle kuningaskunnalle - UK GB","description":"Mik\u00e4 on s\u00e4hk\u00f6isen ETA-matkustuslupahakemuksen vahvistamisesta verkossa maksettava hallinnollinen maksu?","robots":{"index":"index","follow":"follow","max-snippet":"max-snippet:-1","max-image-preview":"max-image-preview:large","max-video-preview":"max-video-preview:-1"},"canonical":"https:\/\/uk-gb.net\/fi\/hinta-eta-uk\/","og_locale":"fi_FI","og_type":"article","og_title":"ETA-palkinto Yhdistyneelle kuningaskunnalle - UK GB","og_description":"Mik\u00e4 on s\u00e4hk\u00f6isen ETA-matkustuslupahakemuksen vahvistamisesta verkossa maksettava hallinnollinen maksu?","og_url":"https:\/\/uk-gb.net\/fi\/hinta-eta-uk\/","og_site_name":"UK GB","article_modified_time":"2026-04-02T09:59:34+00:00","twitter_card":"summary_large_image","twitter_misc":{"Arvioitu lukuaika":"1 minuutti"},"schema":{"@context":"https:\/\/schema.org","@graph":[{"@type":"WebPage","@id":"https:\/\/uk-gb.net\/fi\/hinta-eta-uk\/","url":"https:\/\/uk-gb.net\/fi\/hinta-eta-uk\/","name":"ETA-palkinto Yhdistyneelle kuningaskunnalle - UK GB","isPartOf":{"@id":"https:\/\/uk-gb.net\/fi\/#website"},"datePublished":"2024-02-25T10:29:22+00:00","dateModified":"2026-04-02T09:59:34+00:00","description":"Mik\u00e4 on s\u00e4hk\u00f6isen ETA-matkustuslupahakemuksen vahvistamisesta verkossa maksettava hallinnollinen maksu?","inLanguage":"fi","potentialAction":[{"@type":"ReadAction","target":["https:\/\/uk-gb.net\/fi\/hinta-eta-uk\/"]}]},{"@type":"WebSite","@id":"https:\/\/uk-gb.net\/fi\/#website","url":"https:\/\/uk-gb.net\/fi\/","name":"UK GB","description":"Travel to the UK","potentialAction":[{"@type":"SearchAction","target":{"@type":"EntryPoint","urlTemplate":"https:\/\/uk-gb.net\/fi\/?s={search_term_string}"},"query-input":{"@type":"PropertyValueSpecification","valueRequired":true,"valueName":"search_term_string"}}],"inLanguage":"fi"}]}},"_links":{"self":[{"href":"https:\/\/uk-gb.net\/fi\/wp-json\/wp\/v2\/pages\/3373","targetHints":{"allow":["GET"]}}],"collection":[{"href":"https:\/\/uk-gb.net\/fi\/wp-json\/wp\/v2\/pages"}],"about":[{"href":"https:\/\/uk-gb.net\/fi\/wp-json\/wp\/v2\/types\/page"}],"author":[{"embeddable":true,"href":"https:\/\/uk-gb.net\/fi\/wp-json\/wp\/v2\/users\/1"}],"replies":[{"embeddable":true,"href":"https:\/\/uk-gb.net\/fi\/wp-json\/wp\/v2\/comments?post=3373"}],"version-history":[{"count":0,"href":"https:\/\/uk-gb.net\/fi\/wp-json\/wp\/v2\/pages\/3373\/revisions"}],"wp:attachment":[{"href":"https:\/\/uk-gb.net\/fi\/wp-json\/wp\/v2\/media?parent=3373"}],"curies":[{"name":"wp","href":"https:\/\/api.w.org\/{rel}","templated":true}]}}