{"id":3367,"date":"2023-11-13T17:36:02","date_gmt":"2023-11-13T17:36:02","guid":{"rendered":"https:\/\/uk-gb.net\/oikeudellinen-huomautus\/"},"modified":"2025-07-17T15:00:54","modified_gmt":"2025-07-17T14:00:54","slug":"oikeudellinen-huomautus","status":"publish","type":"page","link":"https:\/\/uk-gb.net\/fi\/oikeudellinen-huomautus\/","title":{"rendered":"Oikeudelliset tiedot"},"content":{"rendered":"\n<h1 class=\"wp-block-heading\">Oikeudellinen huomautus<\/h1>\n\n<p>Julkaisemme matkailijoiden oleskelua Yhdistyneess\u00e4 kuningaskunnassa k\u00e4sittelev\u00e4\u00e4 verkkosivustoa. Verkkosivusto ja sit\u00e4 yll\u00e4pit\u00e4v\u00e4 yritys ovat riippumattomia julkishallinnosta. Heill\u00e4 ei ole mit\u00e4\u00e4n yhteytt\u00e4 Britannian hallintoon.  <\/p>\n\n<h2 class=\"wp-block-heading\">Verkkosivuston toimittaja<\/h2>\n\n<p>Sivuston julkaisee Maltalle rekister\u00f6ity konsulttiyritys, joka kuuluu Euroopan yhteis\u00f6\u00f6n. Julkaisup\u00e4\u00e4llikk\u00f6mme on Manuel Borg.  Ota meihin yhteytt\u00e4 k\u00e4ytt\u00e4m\u00e4ll\u00e4 <a href=\"https:\/\/uk-gb.net\/fi\/contact\/\">yhteydenottolomaketta<\/a>.<\/p>\n\n<p>Olemme yksityinen verkkosivusto, jonka tavoitteena on tarjota tietoa. Sivusto ei tarjoa mit\u00e4\u00e4n kaupallisia verkkopalveluja. <\/p>\n\n<p>Sivusto sis\u00e4lt\u00e4\u00e4 mainoshyperlinkkej\u00e4, jotka voivat ohjata k\u00e4ytt\u00e4ji\u00e4 kolmansien osapuolten ulkopuolisille verkkosivustoille: emme ole vastuussa niiden luottamuksellisuusk\u00e4yt\u00e4nn\u00f6ist\u00e4 tai kaupallisista k\u00e4yt\u00e4nn\u00f6ist\u00e4.<\/p>\n\n<h2 class=\"wp-block-heading\">Henkil\u00f6tietojen k\u00e4sittely<\/h2>\n\n<p>Emme ker\u00e4\u00e4 henkil\u00f6tietoja verkkolomakkeilla. Sivustomme ainoa lomake on yksinkertainen yhteydenottolomake. Yhteydenottoa varten sy\u00f6tetyt tiedot poistetaan s\u00e4\u00e4nn\u00f6llisesti. K\u00e4vij\u00f6ill\u00e4 on oikeus tutustua n\u00e4ihin tietoihin, muuttaa, oikaista ja poistaa ne.    Jos haluat k\u00e4ytt\u00e4\u00e4 t\u00e4t\u00e4 oikeutta, ota meihin yhteytt\u00e4 <a href=\"https:\/\/uk-gb.net\/fi\/contact\/\">yhteydenottolomakkeella<\/a>.<\/p>\n","protected":false},"excerpt":{"rendered":"<p>Oikeudellinen huomautus Julkaisemme matkailijoiden oleskelua Yhdistyneess\u00e4 kuningaskunnassa k\u00e4sittelev\u00e4\u00e4 verkkosivustoa. Verkkosivusto ja sit\u00e4 yll\u00e4pit\u00e4v\u00e4 yritys ovat riippumattomia julkishallinnosta. Heill\u00e4 ei ole mit\u00e4\u00e4n yhteytt\u00e4 Britannian hallintoon. Verkkosivuston toimittaja Sivuston julkaisee Maltalle rekister\u00f6ity konsulttiyritys, joka kuuluu Euroopan yhteis\u00f6\u00f6n. Julkaisup\u00e4\u00e4llikk\u00f6mme on Manuel Borg. Ota meihin yhteytt\u00e4 k\u00e4ytt\u00e4m\u00e4ll\u00e4 yhteydenottolomaketta. Olemme yksityinen verkkosivusto, jonka tavoitteena on tarjota tietoa. Sivusto ei tarjoa [&hellip;]<\/p>\n","protected":false},"author":1,"featured_media":0,"parent":0,"menu_order":0,"comment_status":"closed","ping_status":"closed","template":"","meta":{"footnotes":""},"class_list":["post-3367","page","type-page","status-publish","hentry"],"yoast_head":"<!-- This site is optimized with the Yoast SEO plugin v27.4 - https:\/\/yoast.com\/product\/yoast-seo-wordpress\/ -->\n<title>Oikeudelliset tiedot - UK GB<\/title>\n<meta name=\"description\" content=\"uk-gb.net-sivuston oikeudellinen huomautus\" \/>\n<meta name=\"robots\" content=\"noindex, nofollow\" \/>\n<meta property=\"og:locale\" content=\"fi_FI\" \/>\n<meta property=\"og:type\" content=\"article\" \/>\n<meta property=\"og:title\" content=\"Oikeudelliset tiedot - UK GB\" \/>\n<meta property=\"og:description\" content=\"uk-gb.net-sivuston oikeudellinen huomautus\" \/>\n<meta property=\"og:url\" content=\"https:\/\/uk-gb.net\/fi\/oikeudellinen-huomautus\/\" \/>\n<meta property=\"og:site_name\" content=\"UK GB\" \/>\n<meta property=\"article:modified_time\" content=\"2025-07-17T14:00:54+00:00\" \/>\n<meta name=\"twitter:card\" content=\"summary_large_image\" \/>\n<meta name=\"twitter:label1\" content=\"Arvioitu lukuaika\" \/>\n\t<meta name=\"twitter:data1\" content=\"1 minuutti\" \/>\n<script type=\"application\/ld+json\" class=\"yoast-schema-graph\">{\"@context\":\"https:\\\/\\\/schema.org\",\"@graph\":[{\"@type\":\"WebPage\",\"@id\":\"https:\\\/\\\/uk-gb.net\\\/fi\\\/oikeudellinen-huomautus\\\/\",\"url\":\"https:\\\/\\\/uk-gb.net\\\/fi\\\/oikeudellinen-huomautus\\\/\",\"name\":\"Oikeudelliset tiedot - UK GB\",\"isPartOf\":{\"@id\":\"https:\\\/\\\/uk-gb.net\\\/fi\\\/#website\"},\"datePublished\":\"2023-11-13T17:36:02+00:00\",\"dateModified\":\"2025-07-17T14:00:54+00:00\",\"description\":\"uk-gb.net-sivuston oikeudellinen huomautus\",\"inLanguage\":\"fi\",\"potentialAction\":[{\"@type\":\"ReadAction\",\"target\":[\"https:\\\/\\\/uk-gb.net\\\/fi\\\/oikeudellinen-huomautus\\\/\"]}]},{\"@type\":\"WebSite\",\"@id\":\"https:\\\/\\\/uk-gb.net\\\/fi\\\/#website\",\"url\":\"https:\\\/\\\/uk-gb.net\\\/fi\\\/\",\"name\":\"UK GB\",\"description\":\"Travel to the UK\",\"potentialAction\":[{\"@type\":\"SearchAction\",\"target\":{\"@type\":\"EntryPoint\",\"urlTemplate\":\"https:\\\/\\\/uk-gb.net\\\/fi\\\/?s={search_term_string}\"},\"query-input\":{\"@type\":\"PropertyValueSpecification\",\"valueRequired\":true,\"valueName\":\"search_term_string\"}}],\"inLanguage\":\"fi\"}]}<\/script>\n<!-- \/ Yoast SEO plugin. -->","yoast_head_json":{"title":"Oikeudelliset tiedot - UK GB","description":"uk-gb.net-sivuston oikeudellinen huomautus","robots":{"index":"noindex","follow":"nofollow"},"og_locale":"fi_FI","og_type":"article","og_title":"Oikeudelliset tiedot - UK GB","og_description":"uk-gb.net-sivuston oikeudellinen huomautus","og_url":"https:\/\/uk-gb.net\/fi\/oikeudellinen-huomautus\/","og_site_name":"UK GB","article_modified_time":"2025-07-17T14:00:54+00:00","twitter_card":"summary_large_image","twitter_misc":{"Arvioitu lukuaika":"1 minuutti"},"schema":{"@context":"https:\/\/schema.org","@graph":[{"@type":"WebPage","@id":"https:\/\/uk-gb.net\/fi\/oikeudellinen-huomautus\/","url":"https:\/\/uk-gb.net\/fi\/oikeudellinen-huomautus\/","name":"Oikeudelliset tiedot - UK GB","isPartOf":{"@id":"https:\/\/uk-gb.net\/fi\/#website"},"datePublished":"2023-11-13T17:36:02+00:00","dateModified":"2025-07-17T14:00:54+00:00","description":"uk-gb.net-sivuston oikeudellinen huomautus","inLanguage":"fi","potentialAction":[{"@type":"ReadAction","target":["https:\/\/uk-gb.net\/fi\/oikeudellinen-huomautus\/"]}]},{"@type":"WebSite","@id":"https:\/\/uk-gb.net\/fi\/#website","url":"https:\/\/uk-gb.net\/fi\/","name":"UK GB","description":"Travel to the UK","potentialAction":[{"@type":"SearchAction","target":{"@type":"EntryPoint","urlTemplate":"https:\/\/uk-gb.net\/fi\/?s={search_term_string}"},"query-input":{"@type":"PropertyValueSpecification","valueRequired":true,"valueName":"search_term_string"}}],"inLanguage":"fi"}]}},"_links":{"self":[{"href":"https:\/\/uk-gb.net\/fi\/wp-json\/wp\/v2\/pages\/3367","targetHints":{"allow":["GET"]}}],"collection":[{"href":"https:\/\/uk-gb.net\/fi\/wp-json\/wp\/v2\/pages"}],"about":[{"href":"https:\/\/uk-gb.net\/fi\/wp-json\/wp\/v2\/types\/page"}],"author":[{"embeddable":true,"href":"https:\/\/uk-gb.net\/fi\/wp-json\/wp\/v2\/users\/1"}],"replies":[{"embeddable":true,"href":"https:\/\/uk-gb.net\/fi\/wp-json\/wp\/v2\/comments?post=3367"}],"version-history":[{"count":0,"href":"https:\/\/uk-gb.net\/fi\/wp-json\/wp\/v2\/pages\/3367\/revisions"}],"wp:attachment":[{"href":"https:\/\/uk-gb.net\/fi\/wp-json\/wp\/v2\/media?parent=3367"}],"curies":[{"name":"wp","href":"https:\/\/api.w.org\/{rel}","templated":true}]}}