{"id":9950,"date":"2026-02-25T16:17:50","date_gmt":"2026-02-25T16:17:50","guid":{"rendered":"https:\/\/uk-gb.net\/causeway-coastal-route-es\/"},"modified":"2026-03-02T15:26:40","modified_gmt":"2026-03-02T15:26:40","slug":"causeway-coastal-route-es","status":"publish","type":"page","link":"https:\/\/uk-gb.net\/es\/causeway-coastal-route-es\/","title":{"rendered":"Ruta costera de Causeway: itinerario completo en Irlanda del Norte, mapa y consejos"},"content":{"rendered":"\n<h1 class=\"wp-block-heading\">Descubre la Ruta Costera de Causeway en Irlanda del Norte<\/h1>\n\n<p>La Ruta Costera de Causeway es uno de los viajes por carretera m\u00e1s bellos de Europa. Entre espectaculares acantilados, castillos en ruinas, playas salvajes y pueblos pintorescos, esta ruta une <a href=\"https:\/\/uk-gb.net\/es\/belfast\/\" type=\"page\" id=\"5344\">Belfast<\/a> con Derry (Londonderry) a lo largo de unos 200 km. <\/p>\n\n<p>Es imprescindible para <strong>descubrir Irlanda del Norte<\/strong>.<\/p>\n\n<figure class=\"wp-block-image size-large\"><img fetchpriority=\"high\" decoding=\"async\" width=\"1024\" height=\"458\" src=\"https:\/\/uk-gb.net\/wp-content\/uploads\/2026\/02\/causeway-carrick-a-rede-rope-bridge-1024x458.jpg\" alt=\"\" class=\"wp-image-9843\" srcset=\"https:\/\/uk-gb.net\/wp-content\/uploads\/2026\/02\/causeway-carrick-a-rede-rope-bridge-1024x458.jpg 1024w, https:\/\/uk-gb.net\/wp-content\/uploads\/2026\/02\/causeway-carrick-a-rede-rope-bridge-300x134.jpg 300w, https:\/\/uk-gb.net\/wp-content\/uploads\/2026\/02\/causeway-carrick-a-rede-rope-bridge-768x344.jpg 768w, https:\/\/uk-gb.net\/wp-content\/uploads\/2026\/02\/causeway-carrick-a-rede-rope-bridge.jpg 1050w\" sizes=\"(max-width: 1024px) 100vw, 1024px\" \/><\/figure>\n\n<h2 class=\"wp-block-heading\">Recorrido de la Ruta Costera de Causeway<\/h2>\n\n<p>La ruta sigue la costa norte de Irlanda del Norte y puede completarse en 1 \u00f3 3 d\u00edas, dependiendo de tu ritmo.<\/p>\n\n<p>\ud83d\udccd Pasos principales:<\/p>\n\n<ol class=\"wp-block-list\">\n<li>Belfast &#8211; punto de partida<\/li>\n\n\n\n<li>Castillo de Carrickfergus<\/li>\n\n\n\n<li>Carnlough &#8211; pueblo aut\u00e9ntico<\/li>\n\n\n\n<li>Puente de cuerda de Carrick-a-Rede<\/li>\n\n\n\n<li>Calzada de los Gigantes (sitio de la UNESCO)<\/li>\n\n\n\n<li>Castillo de Dunluce<\/li>\n\n\n\n<li>Portrush y Portstewart<\/li>\n\n\n\n<li>Templo de Mussenden<\/li>\n\n\n\n<li>Derry \/ Londonderry<\/li>\n<\/ol>\n\n<div style=\"height:10px\" aria-hidden=\"true\" class=\"wp-block-spacer\"><\/div>\n\n<h2 class=\"wp-block-heading\">Visitas obligadas<\/h2>\n\n<p><strong>Calzada del Gigante<\/strong>: Este lugar declarado Patrimonio de la Humanidad por la UNESCO es famoso por sus columnas hexagonales de basalto formadas por una erupci\u00f3n volc\u00e1nica. Es un paraje natural \u00fanico en el mundo, compuesto por 40.000 columnas de basalto formadas por una antigua actividad volc\u00e1nica. Explora las rutas de senderismo, admira las formaciones rocosas y visita el centro de visitantes para saber m\u00e1s sobre la leyenda que rodea el lugar.  <\/p>\n\n<figure class=\"wp-block-gallery has-nested-images columns-default is-cropped wp-block-gallery-1 is-layout-flex wp-block-gallery-is-layout-flex\">\n<figure class=\"wp-block-image size-large\"><img decoding=\"async\" width=\"1024\" height=\"566\" data-id=\"9845\" src=\"https:\/\/uk-gb.net\/wp-content\/uploads\/2026\/02\/giant-causeway-1-1024x566.jpg\" alt=\"\" class=\"wp-image-9845\" srcset=\"https:\/\/uk-gb.net\/wp-content\/uploads\/2026\/02\/giant-causeway-1-1024x566.jpg 1024w, https:\/\/uk-gb.net\/wp-content\/uploads\/2026\/02\/giant-causeway-1-300x166.jpg 300w, https:\/\/uk-gb.net\/wp-content\/uploads\/2026\/02\/giant-causeway-1-768x424.jpg 768w, https:\/\/uk-gb.net\/wp-content\/uploads\/2026\/02\/giant-causeway-1-1536x849.jpg 1536w, https:\/\/uk-gb.net\/wp-content\/uploads\/2026\/02\/giant-causeway-1.jpg 1549w\" sizes=\"(max-width: 1024px) 100vw, 1024px\" \/><figcaption class=\"wp-element-caption\"><strong>Calzada del Gigante<\/strong><\/figcaption><\/figure>\n<\/figure>\n\n<p><strong>Puente de cuerda de Carrick-a-Rede<\/strong>: Este puente colgante ofrece unas vistas espectaculares del mar y los acantilados circundantes. Cruza el puente para descargar adrenalina y disfrutar de la belleza natural de los alrededores. <\/p>\n\n<figure class=\"wp-block-image size-full\"><img decoding=\"async\" width=\"964\" height=\"522\" src=\"https:\/\/uk-gb.net\/wp-content\/uploads\/2026\/03\/carrick-a-rede-rope-bridge.jpg\" alt=\"\" class=\"wp-image-9849\" srcset=\"https:\/\/uk-gb.net\/wp-content\/uploads\/2026\/03\/carrick-a-rede-rope-bridge.jpg 964w, https:\/\/uk-gb.net\/wp-content\/uploads\/2026\/03\/carrick-a-rede-rope-bridge-300x162.jpg 300w, https:\/\/uk-gb.net\/wp-content\/uploads\/2026\/03\/carrick-a-rede-rope-bridge-768x416.jpg 768w\" sizes=\"(max-width: 964px) 100vw, 964px\" \/><figcaption class=\"wp-element-caption\"><strong>Puente de cuerda de Carrick-a-Rede<\/strong><\/figcaption><\/figure>\n\n<p><strong>Castillo de Dunluce<\/strong>: Encaramado a unos acantilados, este castillo medieval ofrece unas vistas impresionantes del oc\u00e9ano Atl\u00e1ntico. Visita sus ruinas, conoce su fascinante historia y disfruta de la campi\u00f1a circundante. <\/p>\n\n<figure class=\"wp-block-image size-large\"><img loading=\"lazy\" decoding=\"async\" width=\"1024\" height=\"509\" src=\"https:\/\/uk-gb.net\/wp-content\/uploads\/2026\/03\/Dunluce-castle-1024x509.jpg\" alt=\"\" class=\"wp-image-9848\" srcset=\"https:\/\/uk-gb.net\/wp-content\/uploads\/2026\/03\/Dunluce-castle-1024x509.jpg 1024w, https:\/\/uk-gb.net\/wp-content\/uploads\/2026\/03\/Dunluce-castle-300x149.jpg 300w, https:\/\/uk-gb.net\/wp-content\/uploads\/2026\/03\/Dunluce-castle-768x382.jpg 768w, https:\/\/uk-gb.net\/wp-content\/uploads\/2026\/03\/Dunluce-castle.jpg 1142w\" sizes=\"(max-width: 1024px) 100vw, 1024px\" \/><figcaption class=\"wp-element-caption\"><strong>Castillo de Dunluce<\/strong><\/figcaption><\/figure>\n\n<p>Consejos pr\u00e1cticos para tu viaje por carretera<\/p>\n\n<ul class=\"wp-block-list\">\n<li><strong>Mejor \u00e9poca para visitar<\/strong>: De mayo a septiembre ofrecen un clima m\u00e1s suave y d\u00edas m\u00e1s largos.<\/li>\n\n\n\n<li><strong>Alquiler de coches<\/strong>: Elige un coche c\u00f3modo para disfrutar al m\u00e1ximo del paisaje. Recuerda reservar con antelaci\u00f3n, sobre todo en temporada alta. <\/li>\n\n\n\n<li><strong>Alojamiento<\/strong>: Elige entre B&amp;B, hoteles o campings a lo largo de la ruta para vivir una experiencia aut\u00e9ntica.<\/li>\n\n\n\n<li><strong>Respeta el medio ambiente<\/strong>: Cuida los lugares que visites, ll\u00e9vate la basura y respeta la fauna local.<\/li>\n\n\n\n<li><strong>Tr\u00e1mites de viaje<\/strong>: Acu\u00e9rdate de anticipar tus <a href=\"https:\/\/uk-gb.net\/es\/visado-reino-unido\/\" type=\"page\" id=\"373\">tr\u00e1mites para el Reino Unido<\/a>.<\/li>\n<\/ul>\n\n<div style=\"height:10px\" aria-hidden=\"true\" class=\"wp-block-spacer\"><\/div>\n\n<h2 class=\"wp-block-heading\">\u00bfPor qu\u00e9 tomar la Ruta Costera de la Calzada?<\/h2>\n\n<p>Un viaje por carretera a lo largo de la Ruta Costera de Causeway es una experiencia inolvidable que combina belleza natural, historia y aventura. Tanto si quieres explorar lugares emblem\u00e1ticos como si simplemente quieres disfrutar del paisaje, esta ruta es imprescindible cuando visites Irlanda del Norte.   <\/p>\n\n<p>Planifica tu itinerario, coge tu c\u00e1mara y l\u00e1nzate a descubrir este tesoro escondido.<\/p>\n","protected":false},"excerpt":{"rendered":"<p>Descubre la Ruta Costera de Causeway en Irlanda del Norte La Ruta Costera de Causeway es uno de los viajes por carretera m\u00e1s bellos de Europa. Entre espectaculares acantilados, castillos en ruinas, playas salvajes y pueblos pintorescos, esta ruta une Belfast con Derry (Londonderry) a lo largo de unos 200 km. Es imprescindible para descubrir [&hellip;]<\/p>\n","protected":false},"author":1,"featured_media":0,"parent":0,"menu_order":0,"comment_status":"closed","ping_status":"closed","template":"","meta":{"footnotes":""},"class_list":["post-9950","page","type-page","status-publish","hentry"],"yoast_head":"<!-- This site is optimized with the Yoast SEO plugin v27.4 - https:\/\/yoast.com\/product\/yoast-seo-wordpress\/ -->\n<title>Ruta costera de Causeway: itinerario completo en Irlanda del Norte, mapa y consejos - UK GB<\/title>\n<meta name=\"description\" content=\"Ruta Costera de Causeway en Irlanda del Norte: itinerario detallado, mapa, etapas esenciales y lugares que ver entre Belfast y Derry.\" \/>\n<meta name=\"robots\" content=\"index, follow, max-snippet:-1, max-image-preview:large, max-video-preview:-1\" \/>\n<link rel=\"canonical\" href=\"https:\/\/uk-gb.net\/es\/causeway-coastal-route-es\/\" \/>\n<meta property=\"og:locale\" content=\"es_ES\" \/>\n<meta property=\"og:type\" content=\"article\" \/>\n<meta property=\"og:title\" content=\"Ruta costera de Causeway: itinerario completo en Irlanda del Norte, mapa y consejos - UK GB\" \/>\n<meta property=\"og:description\" content=\"Ruta Costera de Causeway en Irlanda del Norte: itinerario detallado, mapa, etapas esenciales y lugares que ver entre Belfast y Derry.\" \/>\n<meta property=\"og:url\" content=\"https:\/\/uk-gb.net\/es\/causeway-coastal-route-es\/\" \/>\n<meta property=\"og:site_name\" content=\"UK GB\" \/>\n<meta property=\"article:modified_time\" content=\"2026-03-02T15:26:40+00:00\" \/>\n<meta property=\"og:image\" content=\"https:\/\/uk-gb.net\/wp-content\/uploads\/2026\/02\/causeway-carrick-a-rede-rope-bridge.jpg\" \/>\n\t<meta property=\"og:image:width\" content=\"1050\" \/>\n\t<meta property=\"og:image:height\" content=\"470\" \/>\n\t<meta property=\"og:image:type\" content=\"image\/jpeg\" \/>\n<meta name=\"twitter:card\" content=\"summary_large_image\" \/>\n<meta name=\"twitter:label1\" content=\"Tiempo de lectura\" \/>\n\t<meta name=\"twitter:data1\" content=\"2 minutos\" \/>\n<script type=\"application\/ld+json\" class=\"yoast-schema-graph\">{\"@context\":\"https:\\\/\\\/schema.org\",\"@graph\":[{\"@type\":\"WebPage\",\"@id\":\"https:\\\/\\\/uk-gb.net\\\/es\\\/causeway-coastal-route-es\\\/\",\"url\":\"https:\\\/\\\/uk-gb.net\\\/es\\\/causeway-coastal-route-es\\\/\",\"name\":\"Ruta costera de Causeway: itinerario completo en Irlanda del Norte, mapa y consejos - UK GB\",\"isPartOf\":{\"@id\":\"https:\\\/\\\/uk-gb.net\\\/es\\\/#website\"},\"primaryImageOfPage\":{\"@id\":\"https:\\\/\\\/uk-gb.net\\\/es\\\/causeway-coastal-route-es\\\/#primaryimage\"},\"image\":{\"@id\":\"https:\\\/\\\/uk-gb.net\\\/es\\\/causeway-coastal-route-es\\\/#primaryimage\"},\"thumbnailUrl\":\"https:\\\/\\\/uk-gb.net\\\/wp-content\\\/uploads\\\/2026\\\/02\\\/causeway-carrick-a-rede-rope-bridge-1024x458.jpg\",\"datePublished\":\"2026-02-25T16:17:50+00:00\",\"dateModified\":\"2026-03-02T15:26:40+00:00\",\"description\":\"Ruta Costera de Causeway en Irlanda del Norte: itinerario detallado, mapa, etapas esenciales y lugares que ver entre Belfast y Derry.\",\"inLanguage\":\"es\",\"potentialAction\":[{\"@type\":\"ReadAction\",\"target\":[\"https:\\\/\\\/uk-gb.net\\\/es\\\/causeway-coastal-route-es\\\/\"]}]},{\"@type\":\"ImageObject\",\"inLanguage\":\"es\",\"@id\":\"https:\\\/\\\/uk-gb.net\\\/es\\\/causeway-coastal-route-es\\\/#primaryimage\",\"url\":\"https:\\\/\\\/uk-gb.net\\\/wp-content\\\/uploads\\\/2026\\\/02\\\/causeway-carrick-a-rede-rope-bridge-1024x458.jpg\",\"contentUrl\":\"https:\\\/\\\/uk-gb.net\\\/wp-content\\\/uploads\\\/2026\\\/02\\\/causeway-carrick-a-rede-rope-bridge-1024x458.jpg\"},{\"@type\":\"WebSite\",\"@id\":\"https:\\\/\\\/uk-gb.net\\\/es\\\/#website\",\"url\":\"https:\\\/\\\/uk-gb.net\\\/es\\\/\",\"name\":\"UK GB\",\"description\":\"Travel to the UK\",\"potentialAction\":[{\"@type\":\"SearchAction\",\"target\":{\"@type\":\"EntryPoint\",\"urlTemplate\":\"https:\\\/\\\/uk-gb.net\\\/es\\\/?s={search_term_string}\"},\"query-input\":{\"@type\":\"PropertyValueSpecification\",\"valueRequired\":true,\"valueName\":\"search_term_string\"}}],\"inLanguage\":\"es\"}]}<\/script>\n<!-- \/ Yoast SEO plugin. -->","yoast_head_json":{"title":"Ruta costera de Causeway: itinerario completo en Irlanda del Norte, mapa y consejos - UK GB","description":"Ruta Costera de Causeway en Irlanda del Norte: itinerario detallado, mapa, etapas esenciales y lugares que ver entre Belfast y Derry.","robots":{"index":"index","follow":"follow","max-snippet":"max-snippet:-1","max-image-preview":"max-image-preview:large","max-video-preview":"max-video-preview:-1"},"canonical":"https:\/\/uk-gb.net\/es\/causeway-coastal-route-es\/","og_locale":"es_ES","og_type":"article","og_title":"Ruta costera de Causeway: itinerario completo en Irlanda del Norte, mapa y consejos - UK GB","og_description":"Ruta Costera de Causeway en Irlanda del Norte: itinerario detallado, mapa, etapas esenciales y lugares que ver entre Belfast y Derry.","og_url":"https:\/\/uk-gb.net\/es\/causeway-coastal-route-es\/","og_site_name":"UK GB","article_modified_time":"2026-03-02T15:26:40+00:00","og_image":[{"width":1050,"height":470,"url":"https:\/\/uk-gb.net\/wp-content\/uploads\/2026\/02\/causeway-carrick-a-rede-rope-bridge.jpg","type":"image\/jpeg"}],"twitter_card":"summary_large_image","twitter_misc":{"Tiempo de lectura":"2 minutos"},"schema":{"@context":"https:\/\/schema.org","@graph":[{"@type":"WebPage","@id":"https:\/\/uk-gb.net\/es\/causeway-coastal-route-es\/","url":"https:\/\/uk-gb.net\/es\/causeway-coastal-route-es\/","name":"Ruta costera de Causeway: itinerario completo en Irlanda del Norte, mapa y consejos - UK GB","isPartOf":{"@id":"https:\/\/uk-gb.net\/es\/#website"},"primaryImageOfPage":{"@id":"https:\/\/uk-gb.net\/es\/causeway-coastal-route-es\/#primaryimage"},"image":{"@id":"https:\/\/uk-gb.net\/es\/causeway-coastal-route-es\/#primaryimage"},"thumbnailUrl":"https:\/\/uk-gb.net\/wp-content\/uploads\/2026\/02\/causeway-carrick-a-rede-rope-bridge-1024x458.jpg","datePublished":"2026-02-25T16:17:50+00:00","dateModified":"2026-03-02T15:26:40+00:00","description":"Ruta Costera de Causeway en Irlanda del Norte: itinerario detallado, mapa, etapas esenciales y lugares que ver entre Belfast y Derry.","inLanguage":"es","potentialAction":[{"@type":"ReadAction","target":["https:\/\/uk-gb.net\/es\/causeway-coastal-route-es\/"]}]},{"@type":"ImageObject","inLanguage":"es","@id":"https:\/\/uk-gb.net\/es\/causeway-coastal-route-es\/#primaryimage","url":"https:\/\/uk-gb.net\/wp-content\/uploads\/2026\/02\/causeway-carrick-a-rede-rope-bridge-1024x458.jpg","contentUrl":"https:\/\/uk-gb.net\/wp-content\/uploads\/2026\/02\/causeway-carrick-a-rede-rope-bridge-1024x458.jpg"},{"@type":"WebSite","@id":"https:\/\/uk-gb.net\/es\/#website","url":"https:\/\/uk-gb.net\/es\/","name":"UK GB","description":"Travel to the UK","potentialAction":[{"@type":"SearchAction","target":{"@type":"EntryPoint","urlTemplate":"https:\/\/uk-gb.net\/es\/?s={search_term_string}"},"query-input":{"@type":"PropertyValueSpecification","valueRequired":true,"valueName":"search_term_string"}}],"inLanguage":"es"}]}},"_links":{"self":[{"href":"https:\/\/uk-gb.net\/es\/wp-json\/wp\/v2\/pages\/9950","targetHints":{"allow":["GET"]}}],"collection":[{"href":"https:\/\/uk-gb.net\/es\/wp-json\/wp\/v2\/pages"}],"about":[{"href":"https:\/\/uk-gb.net\/es\/wp-json\/wp\/v2\/types\/page"}],"author":[{"embeddable":true,"href":"https:\/\/uk-gb.net\/es\/wp-json\/wp\/v2\/users\/1"}],"replies":[{"embeddable":true,"href":"https:\/\/uk-gb.net\/es\/wp-json\/wp\/v2\/comments?post=9950"}],"version-history":[{"count":0,"href":"https:\/\/uk-gb.net\/es\/wp-json\/wp\/v2\/pages\/9950\/revisions"}],"wp:attachment":[{"href":"https:\/\/uk-gb.net\/es\/wp-json\/wp\/v2\/media?parent=9950"}],"curies":[{"name":"wp","href":"https:\/\/api.w.org\/{rel}","templated":true}]}}