{"id":938,"date":"2023-12-19T15:51:50","date_gmt":"2023-12-19T15:51:50","guid":{"rendered":"https:\/\/uk-gb.net\/visado-para-oxford\/"},"modified":"2025-08-28T13:18:16","modified_gmt":"2025-08-28T12:18:16","slug":"visado-para-oxford","status":"publish","type":"page","link":"https:\/\/uk-gb.net\/es\/visado-para-oxford\/","title":{"rendered":"Visado para viajar a Oxford en el Reino Unido"},"content":{"rendered":"\n<h1 class=\"wp-block-heading\">\u00bfNecesito visado para viajar o hacer escala en Oxford?<\/h1>\n\n<p>Oxford es una ciudad del sureste de Inglaterra, a orillas del r\u00edo Cherwell y del r\u00edo T\u00e1mesis. Los extranjeros que deseen viajar a Oxford deben estar en posesi\u00f3n de un permiso de viaje v\u00e1lido expedido por el Reino Unido.  Existen varios tipos de autorizaci\u00f3n de viaje disponibles para viajar a Oxford.<\/p>\n\n<h2 class=\"wp-block-heading\">\u00bfNecesito un visado para ir a Oxford?<\/h2>\n\n<p><a href=\"https:\/\/www.visitbritain.com\/en\/destinations\/england\/oxford\">Oxford<\/a> es una ciudad importante de Inglaterra, por lo que todos los extranjeros que deseen entrar en el Reino Unido a trav\u00e9s de Oxford deben estar en posesi\u00f3n de un permiso de residencia. Dependiendo del prop\u00f3sito de su estancia en Oxford, los visitantes pueden solicitar un <a href=\"https:\/\/uk-gb.net\/es\/visado-turista-inglaterra-reino-unido\/\">visado de turista ingl\u00e9s<\/a>.<\/p>\n\n<p><strong>Para estancias inferiores a 6 meses<\/strong>: No necesita obtener un visado para Oxford, ya que la mayor\u00eda de los pa\u00edses europeos eximen a sus nacionales de la obligaci\u00f3n de visado. Sin embargo, desde abril de 2025, es necesario obtener una autorizaci\u00f3n electr\u00f3nica de viaje cumplimentando <a href=\"https:\/\/uk-gb.net\/es\/formulario-visado-eta-en-linea-inglaterra\/\">en l\u00ednea el formulario ETA<\/a>.<\/p>\n\n<div style=\"height:10px\" aria-hidden=\"true\" class=\"wp-block-spacer\"><\/div>\n\n<h2 class=\"wp-block-heading\">\u00bfNecesito visado para visitar Oxford?<\/h2>\n\n<p>Hay dos formas de llegar a Oxford:<\/p>\n\n<ul class=\"wp-block-list\">\n<li>Los viajeros pueden solicitar un <a href=\"https:\/\/uk-gb.net\/es\/visa-de-transito-en-inglaterra-reino-unido\/\">visado de tr\u00e1nsito al Reino Unido<\/a> para hacer escala en Oxford;<\/li>\n\n\n\n<li>Si el viajero es nacional de un <a href=\"https:\/\/uk-gb.net\/es\/paises-que-pueden-solicitar-eta-reino-unido\/\">pa\u00eds que puede acogerse a la ETA del Reino Unido<\/a>, puede <a href=\"https:\/\/uk-gb.net\/es\/formulario-visado-eta-en-linea-inglaterra\/\">solicitar una ETA<\/a> para visitar Oxford sin visado.<\/li>\n<\/ul>\n\n<div style=\"height:10px\" aria-hidden=\"true\" class=\"wp-block-spacer\"><\/div>\n\n<h2 class=\"wp-block-heading\">\u00bfCu\u00e1nto cuesta un visado para Oxford?<\/h2>\n\n<p>El precio del visado Oxford depende del tipo de visado que necesite para viajar al Reino Unido. La tasa administrativa para un visado de turista visitante de hasta 6 meses es de 115 \u00a3. Para estancias m\u00e1s largas, los <a href=\"https:\/\/uk-gb.net\/es\/precio-de-visa-para-inglaterra\/\">costes administrativos del visado<\/a> son m\u00e1s elevados. Si el viajero puede obtener una <a href=\"https:\/\/uk-gb.net\/es\/eta-inglaterra-reino-unido\/\">ETA para el Reino Unido<\/a>, pagar\u00e1 menos, ya que el <a href=\"https:\/\/uk-gb.net\/es\/precio-eta-reino-unido\/\">precio de una ETA<\/a> es de s\u00f3lo 16 \u00a3.<\/p>\n\n<h2 class=\"wp-block-heading\">\u00bfC\u00f3mo puedo obtener un visado para Oxford?<\/h2>\n\n<p>Para obtener un visado para Oxford, los extranjeros deben seguir un <a href=\"https:\/\/uk-gb.net\/es\/solicitud-procedimiento-visado-reino-unido\/\">procedimiento de solicitud de visado en l\u00ednea<\/a>. Este proceso consta de varias etapas:<\/p>\n\n<ul class=\"wp-block-list\">\n<li>Elija el tipo de visado en funci\u00f3n del motivo del viaje;<\/li>\n\n\n\n<li>Re\u00fana los justificantes necesarios;<\/li>\n\n\n\n<li>Rellene el formulario de solicitud de visado en l\u00ednea ;<\/li>\n\n\n\n<li>Pagar la <a href=\"https:\/\/uk-gb.net\/es\/precio-de-visa-para-inglaterra\/\">tasa de visado<\/a>;<\/li>\n\n\n\n<li>Concierte una cita con una <a href=\"https:\/\/uk-gb.net\/es\/embajada-britanica-en-espana\/\">embajada brit\u00e1nica<\/a>;<\/li>\n\n\n\n<li>Presentaci\u00f3n de documentos para finalizar la solicitud de visado;<\/li>\n\n\n\n<li>Asista a una <a href=\"https:\/\/uk-gb.net\/es\/cita-para-visa-embajada-inglaterra\/\">entrevista para el visado<\/a> si su solicitud lo requiere.<\/li>\n<\/ul>\n\n<div style=\"height:10px\" aria-hidden=\"true\" class=\"wp-block-spacer\"><\/div>\n\n<h2 class=\"wp-block-heading\">\u00bfNecesito autorizaci\u00f3n ETA para Oxford?<\/h2>\n\n<p>Un extranjero que cumpla los requisitos puede solicitar un ETA para Oxford. Se tarda muy poco en obtenerlo. El ETA para Oxford tiene una validez de 2 a\u00f1os para estancias de hasta 6 meses consecutivos en el Reino Unido.  <\/p>\n\n<h2 class=\"wp-block-heading\">Imagen de un visado para Oxford en el Reino Unido<\/h2>\n\n<p>Esta es una foto de un visado para Inglaterra. Este visado le permite entrar en el Reino Unido a trav\u00e9s de Oxford. <\/p>\n\n<figure class=\"wp-block-image size-full\"><img fetchpriority=\"high\" decoding=\"async\" width=\"564\" height=\"338\" src=\"https:\/\/uk-gb.net\/wp-content\/uploads\/2024\/03\/UK-visa-C.jpg\" alt=\"visado de turista Reino Unido\" class=\"wp-image-1890\" srcset=\"https:\/\/uk-gb.net\/wp-content\/uploads\/2024\/03\/UK-visa-C.jpg 564w, https:\/\/uk-gb.net\/wp-content\/uploads\/2024\/03\/UK-visa-C-300x180.jpg 300w\" sizes=\"(max-width: 564px) 100vw, 564px\" \/><figcaption class=\"wp-element-caption\">Foto <a href=\"https:\/\/uk-gb.net\/es\/visado-turista-inglaterra-reino-unido\/\">visado de turista Inglaterra<\/a><\/figcaption><\/figure>\n\n<p><\/p>\n","protected":false},"excerpt":{"rendered":"<p>\u00bfNecesito visado para viajar o hacer escala en Oxford? Oxford es una ciudad del sureste de Inglaterra, a orillas del r\u00edo Cherwell y del r\u00edo T\u00e1mesis. Los extranjeros que deseen viajar a Oxford deben estar en posesi\u00f3n de un permiso de viaje v\u00e1lido expedido por el Reino Unido. Existen varios tipos de autorizaci\u00f3n de viaje [&hellip;]<\/p>\n","protected":false},"author":1,"featured_media":0,"parent":0,"menu_order":0,"comment_status":"closed","ping_status":"closed","template":"","meta":{"footnotes":""},"class_list":["post-938","page","type-page","status-publish","hentry"],"yoast_head":"<!-- This site is optimized with the Yoast SEO plugin v27.3 - https:\/\/yoast.com\/product\/yoast-seo-wordpress\/ -->\n<title>Visado para viajar a Oxford en el Reino Unido - UK GB<\/title>\n<meta name=\"description\" content=\"Obtener un visado para viajar a Oxford. Se necesita permiso para viajar a Oxford o hacer escala en esta ciudad del Reino Unido.\" \/>\n<meta name=\"robots\" content=\"index, follow, max-snippet:-1, max-image-preview:large, max-video-preview:-1\" \/>\n<link rel=\"canonical\" href=\"https:\/\/uk-gb.net\/es\/visado-para-oxford\/\" \/>\n<meta property=\"og:locale\" content=\"es_ES\" \/>\n<meta property=\"og:type\" content=\"article\" \/>\n<meta property=\"og:title\" content=\"Visado para viajar a Oxford en el Reino Unido - UK GB\" \/>\n<meta property=\"og:description\" content=\"Obtener un visado para viajar a Oxford. Se necesita permiso para viajar a Oxford o hacer escala en esta ciudad del Reino Unido.\" \/>\n<meta property=\"og:url\" content=\"https:\/\/uk-gb.net\/es\/visado-para-oxford\/\" \/>\n<meta property=\"og:site_name\" content=\"UK GB\" \/>\n<meta property=\"article:modified_time\" content=\"2025-08-28T12:18:16+00:00\" \/>\n<meta property=\"og:image\" content=\"https:\/\/uk-gb.net\/wp-content\/uploads\/2024\/03\/UK-visa-C.jpg\" \/>\n<meta name=\"twitter:card\" content=\"summary_large_image\" \/>\n<meta name=\"twitter:label1\" content=\"Tiempo de lectura\" \/>\n\t<meta name=\"twitter:data1\" content=\"2 minutos\" \/>\n<script type=\"application\/ld+json\" class=\"yoast-schema-graph\">{\"@context\":\"https:\\\/\\\/schema.org\",\"@graph\":[{\"@type\":\"WebPage\",\"@id\":\"https:\\\/\\\/uk-gb.net\\\/es\\\/visado-para-oxford\\\/\",\"url\":\"https:\\\/\\\/uk-gb.net\\\/es\\\/visado-para-oxford\\\/\",\"name\":\"Visado para viajar a Oxford en el Reino Unido - UK GB\",\"isPartOf\":{\"@id\":\"https:\\\/\\\/uk-gb.net\\\/es\\\/#website\"},\"primaryImageOfPage\":{\"@id\":\"https:\\\/\\\/uk-gb.net\\\/es\\\/visado-para-oxford\\\/#primaryimage\"},\"image\":{\"@id\":\"https:\\\/\\\/uk-gb.net\\\/es\\\/visado-para-oxford\\\/#primaryimage\"},\"thumbnailUrl\":\"https:\\\/\\\/uk-gb.net\\\/wp-content\\\/uploads\\\/2024\\\/03\\\/UK-visa-C.jpg\",\"datePublished\":\"2023-12-19T15:51:50+00:00\",\"dateModified\":\"2025-08-28T12:18:16+00:00\",\"description\":\"Obtener un visado para viajar a Oxford. Se necesita permiso para viajar a Oxford o hacer escala en esta ciudad del Reino Unido.\",\"inLanguage\":\"es\",\"potentialAction\":[{\"@type\":\"ReadAction\",\"target\":[\"https:\\\/\\\/uk-gb.net\\\/es\\\/visado-para-oxford\\\/\"]}]},{\"@type\":\"ImageObject\",\"inLanguage\":\"es\",\"@id\":\"https:\\\/\\\/uk-gb.net\\\/es\\\/visado-para-oxford\\\/#primaryimage\",\"url\":\"https:\\\/\\\/uk-gb.net\\\/wp-content\\\/uploads\\\/2024\\\/03\\\/UK-visa-C.jpg\",\"contentUrl\":\"https:\\\/\\\/uk-gb.net\\\/wp-content\\\/uploads\\\/2024\\\/03\\\/UK-visa-C.jpg\"},{\"@type\":\"WebSite\",\"@id\":\"https:\\\/\\\/uk-gb.net\\\/es\\\/#website\",\"url\":\"https:\\\/\\\/uk-gb.net\\\/es\\\/\",\"name\":\"UK GB\",\"description\":\"Travel to the UK\",\"potentialAction\":[{\"@type\":\"SearchAction\",\"target\":{\"@type\":\"EntryPoint\",\"urlTemplate\":\"https:\\\/\\\/uk-gb.net\\\/es\\\/?s={search_term_string}\"},\"query-input\":{\"@type\":\"PropertyValueSpecification\",\"valueRequired\":true,\"valueName\":\"search_term_string\"}}],\"inLanguage\":\"es\"}]}<\/script>\n<!-- \/ Yoast SEO plugin. -->","yoast_head_json":{"title":"Visado para viajar a Oxford en el Reino Unido - UK GB","description":"Obtener un visado para viajar a Oxford. Se necesita permiso para viajar a Oxford o hacer escala en esta ciudad del Reino Unido.","robots":{"index":"index","follow":"follow","max-snippet":"max-snippet:-1","max-image-preview":"max-image-preview:large","max-video-preview":"max-video-preview:-1"},"canonical":"https:\/\/uk-gb.net\/es\/visado-para-oxford\/","og_locale":"es_ES","og_type":"article","og_title":"Visado para viajar a Oxford en el Reino Unido - UK GB","og_description":"Obtener un visado para viajar a Oxford. Se necesita permiso para viajar a Oxford o hacer escala en esta ciudad del Reino Unido.","og_url":"https:\/\/uk-gb.net\/es\/visado-para-oxford\/","og_site_name":"UK GB","article_modified_time":"2025-08-28T12:18:16+00:00","og_image":[{"url":"https:\/\/uk-gb.net\/wp-content\/uploads\/2024\/03\/UK-visa-C.jpg","type":"","width":"","height":""}],"twitter_card":"summary_large_image","twitter_misc":{"Tiempo de lectura":"2 minutos"},"schema":{"@context":"https:\/\/schema.org","@graph":[{"@type":"WebPage","@id":"https:\/\/uk-gb.net\/es\/visado-para-oxford\/","url":"https:\/\/uk-gb.net\/es\/visado-para-oxford\/","name":"Visado para viajar a Oxford en el Reino Unido - UK GB","isPartOf":{"@id":"https:\/\/uk-gb.net\/es\/#website"},"primaryImageOfPage":{"@id":"https:\/\/uk-gb.net\/es\/visado-para-oxford\/#primaryimage"},"image":{"@id":"https:\/\/uk-gb.net\/es\/visado-para-oxford\/#primaryimage"},"thumbnailUrl":"https:\/\/uk-gb.net\/wp-content\/uploads\/2024\/03\/UK-visa-C.jpg","datePublished":"2023-12-19T15:51:50+00:00","dateModified":"2025-08-28T12:18:16+00:00","description":"Obtener un visado para viajar a Oxford. Se necesita permiso para viajar a Oxford o hacer escala en esta ciudad del Reino Unido.","inLanguage":"es","potentialAction":[{"@type":"ReadAction","target":["https:\/\/uk-gb.net\/es\/visado-para-oxford\/"]}]},{"@type":"ImageObject","inLanguage":"es","@id":"https:\/\/uk-gb.net\/es\/visado-para-oxford\/#primaryimage","url":"https:\/\/uk-gb.net\/wp-content\/uploads\/2024\/03\/UK-visa-C.jpg","contentUrl":"https:\/\/uk-gb.net\/wp-content\/uploads\/2024\/03\/UK-visa-C.jpg"},{"@type":"WebSite","@id":"https:\/\/uk-gb.net\/es\/#website","url":"https:\/\/uk-gb.net\/es\/","name":"UK GB","description":"Travel to the UK","potentialAction":[{"@type":"SearchAction","target":{"@type":"EntryPoint","urlTemplate":"https:\/\/uk-gb.net\/es\/?s={search_term_string}"},"query-input":{"@type":"PropertyValueSpecification","valueRequired":true,"valueName":"search_term_string"}}],"inLanguage":"es"}]}},"_links":{"self":[{"href":"https:\/\/uk-gb.net\/es\/wp-json\/wp\/v2\/pages\/938","targetHints":{"allow":["GET"]}}],"collection":[{"href":"https:\/\/uk-gb.net\/es\/wp-json\/wp\/v2\/pages"}],"about":[{"href":"https:\/\/uk-gb.net\/es\/wp-json\/wp\/v2\/types\/page"}],"author":[{"embeddable":true,"href":"https:\/\/uk-gb.net\/es\/wp-json\/wp\/v2\/users\/1"}],"replies":[{"embeddable":true,"href":"https:\/\/uk-gb.net\/es\/wp-json\/wp\/v2\/comments?post=938"}],"version-history":[{"count":0,"href":"https:\/\/uk-gb.net\/es\/wp-json\/wp\/v2\/pages\/938\/revisions"}],"wp:attachment":[{"href":"https:\/\/uk-gb.net\/es\/wp-json\/wp\/v2\/media?parent=938"}],"curies":[{"name":"wp","href":"https:\/\/api.w.org\/{rel}","templated":true}]}}