{"id":930,"date":"2023-12-07T16:57:58","date_gmt":"2023-12-07T16:57:58","guid":{"rendered":"https:\/\/uk-gb.net\/visado-para-manchester\/"},"modified":"2025-11-04T09:24:52","modified_gmt":"2025-11-04T09:24:52","slug":"visado-para-manchester","status":"publish","type":"page","link":"https:\/\/uk-gb.net\/es\/visado-para-manchester\/","title":{"rendered":"Visados para viajes a Manchester o escalas"},"content":{"rendered":"\n<p><a href=\"https:\/\/uk-gb.net\/es\/manchester\/\">Manchester<\/a> es una ciudad del noroeste de Inglaterra, a orillas del r\u00edo Irwell. Conocida por su importante papel durante la Revoluci\u00f3n Industrial, ahora es famosa por su patrimonio industrial, su influyente escena musical y su importancia en el deporte, sobre todo a trav\u00e9s de sus renombrados clubes de f\u00fatbol. <\/p>\n\n<h1 class=\"wp-block-heading\">Visados para viajar a Manchester o hacer escala en esta ciudad<\/h1>\n\n<p><br\/>Los extranjeros que deseen viajar a <a href=\"https:\/\/uk-gb.net\/es\/manchester\/\">Manchester<\/a> deben estar en posesi\u00f3n de un permiso de viaje del Reino Unido. Hay varios tipos de autorizaci\u00f3n de viaje disponibles para viajar a Manchester.<\/p>\n\n<h2 class=\"wp-block-heading\">\u00bfNecesito visado para ir a Manchester?<\/h2>\n\n<p>Manchester es una de las principales ciudades de Inglaterra, por lo que todos los extranjeros que deseen entrar en el Reino Unido a trav\u00e9s de Manchester deben estar en posesi\u00f3n de un permiso de residencia. Dependiendo del prop\u00f3sito de su estancia en Manchester, los visitantes pueden solicitar un <a href=\"https:\/\/uk-gb.net\/es\/visado-turista-inglaterra-reino-unido\/\">visado de turista ingl\u00e9s<\/a>. <\/p>\n\n<p><strong>Para estancias inferiores a 6 meses<\/strong>: No es necesario obtener un visado para Manchester. Los nacionales que cumplan los requisitos pueden simplemente obtener una <a href=\"https:\/\/uk-gb.net\/es\/formulario-visado-eta-en-linea-inglaterra\/\">autorizaci\u00f3n de viaje ETA en l\u00ednea<\/a>.<\/p>\n\n<div style=\"height:10px\" aria-hidden=\"true\" class=\"wp-block-spacer\"><\/div>\n\n<h2 class=\"wp-block-heading\">\u00bfNecesito visado para hacer escala en Manchester?<\/h2>\n\n<p>Hay dos formas de hacer escala en Manchester:<\/p>\n\n<ul class=\"wp-block-list\">\n<li>Los viajeros pueden solicitar un <a href=\"https:\/\/uk-gb.net\/es\/visa-de-transito-en-inglaterra-reino-unido\/\">visado de tr\u00e1nsito<\/a> para hacer escala en Manchester ;<\/li>\n\n\n\n<li>Si el viajero es nacional de un <a href=\"https:\/\/uk-gb.net\/es\/paises-que-pueden-solicitar-eta-reino-unido\/\">pa\u00eds incluido en el Programa de Exenci\u00f3n de Visado del Reino Unido<\/a>, puede <a href=\"https:\/\/uk-gb.net\/es\/formulario-visado-eta-en-linea-inglaterra\/\">solicitar un visado brit\u00e1nico ETA<\/a> para hacer escala en Manchester sin necesidad de visado.<\/li>\n<\/ul>\n\n<div style=\"height:10px\" aria-hidden=\"true\" class=\"wp-block-spacer\"><\/div>\n\n<h2 class=\"wp-block-heading\">\u00bfCu\u00e1nto cuesta un visado a Manchester?<\/h2>\n\n<p>El precio del visado para Manchester depende del tipo de visado que necesite para viajar al Reino Unido. La tasa administrativa para un visado de turista visitante de hasta 6 meses es de 115 \u00a3. Para estancias m\u00e1s largas, los <a href=\"https:\/\/uk-gb.net\/es\/precio-de-visa-para-inglaterra\/\">costes administrativos del visado<\/a> son m\u00e1s elevados. Si el viajero puede obtener una <a href=\"https:\/\/uk-gb.net\/es\/eta-inglaterra-reino-unido\/\">ETA para el Reino Unido<\/a>, el <a href=\"https:\/\/uk-gb.net\/es\/precio-eta-reino-unido\/\">precio de una ETA<\/a> es de 16 \u00a3.<\/p>\n\n<h2 class=\"wp-block-heading\">\u00bfC\u00f3mo puedo obtener un visado para Manchester?<\/h2>\n\n<p>Para obtener un visado para Manchester, los extranjeros deben seguir un <a href=\"https:\/\/uk-gb.net\/es\/solicitud-procedimiento-visado-reino-unido\/\">procedimiento de solicitud de visado en l\u00ednea<\/a>. Este proceso consta de varias etapas:<\/p>\n\n<ul class=\"wp-block-list\">\n<li>Elija el tipo de visado en funci\u00f3n del motivo del viaje;<\/li>\n\n\n\n<li>Re\u00fana los justificantes necesarios;<\/li>\n\n\n\n<li>Rellene el formulario de solicitud de visado en l\u00ednea ;<\/li>\n\n\n\n<li>Pagar la <a href=\"https:\/\/uk-gb.net\/es\/precio-de-visa-para-inglaterra\/\">tasa de visado<\/a>;<\/li>\n\n\n\n<li>Concierte una cita con una <a href=\"https:\/\/uk-gb.net\/es\/embajada-britanica-en-espana\/\">embajada brit\u00e1nica<\/a>;<\/li>\n\n\n\n<li>Presentaci\u00f3n de documentos para finalizar la solicitud de visado;<\/li>\n\n\n\n<li>Asista a una <a href=\"https:\/\/uk-gb.net\/es\/cita-para-visa-embajada-inglaterra\/\">entrevista para el visado<\/a> si su solicitud lo requiere.<\/li>\n<\/ul>\n\n<div style=\"height:10px\" aria-hidden=\"true\" class=\"wp-block-spacer\"><\/div>\n\n<h2 class=\"wp-block-heading\">\u00bfNecesito autorizaci\u00f3n ETA para Manchester?<\/h2>\n\n<p>Un extranjero que cumpla los requisitos puede solicitar un ETA para Manchester. Se tarda muy poco en obtenerlo. El ETA para Manchester tiene una validez de 2 a\u00f1os para estancias de hasta 6 meses consecutivos en el Reino Unido.<\/p>\n\n<h2 class=\"wp-block-heading\">Imagen de un visado para Manchester en el Reino Unido<\/h2>\n\n<p>Esta es una foto de un visado para Inglaterra. Este visado le permite entrar en el Reino Unido a trav\u00e9s de la ciudad de Manchester.<\/p>\n\n<figure class=\"wp-block-image size-full\"><img fetchpriority=\"high\" decoding=\"async\" width=\"564\" height=\"338\" src=\"https:\/\/uk-gb.net\/wp-content\/uploads\/2024\/03\/UK-visa-C.jpg\" alt=\"visado de turista Reino Unido\" class=\"wp-image-1890\" srcset=\"https:\/\/uk-gb.net\/wp-content\/uploads\/2024\/03\/UK-visa-C.jpg 564w, https:\/\/uk-gb.net\/wp-content\/uploads\/2024\/03\/UK-visa-C-300x180.jpg 300w\" sizes=\"(max-width: 564px) 100vw, 564px\" \/><figcaption class=\"wp-element-caption\">Visado de turista con foto Inglaterra<\/figcaption><\/figure>\n\n<p><\/p>\n","protected":false},"excerpt":{"rendered":"<p>Manchester es una ciudad del noroeste de Inglaterra, a orillas del r\u00edo Irwell. Conocida por su importante papel durante la Revoluci\u00f3n Industrial, ahora es famosa por su patrimonio industrial, su influyente escena musical y su importancia en el deporte, sobre todo a trav\u00e9s de sus renombrados clubes de f\u00fatbol. Visados para viajar a Manchester o [&hellip;]<\/p>\n","protected":false},"author":1,"featured_media":0,"parent":0,"menu_order":0,"comment_status":"closed","ping_status":"closed","template":"","meta":{"footnotes":""},"class_list":["post-930","page","type-page","status-publish","hentry"],"yoast_head":"<!-- This site is optimized with the Yoast SEO plugin v27.3 - https:\/\/yoast.com\/product\/yoast-seo-wordpress\/ -->\n<title>Visados para viajes a Manchester o escalas - UK GB<\/title>\n<meta name=\"description\" content=\"\u00bfNecesito un visado o documento de viaje para Manchester o para una escala en Manchester en el Reino Unido?\" \/>\n<meta name=\"robots\" content=\"index, follow, max-snippet:-1, max-image-preview:large, max-video-preview:-1\" \/>\n<link rel=\"canonical\" href=\"https:\/\/uk-gb.net\/es\/visado-para-manchester\/\" \/>\n<meta property=\"og:locale\" content=\"es_ES\" \/>\n<meta property=\"og:type\" content=\"article\" \/>\n<meta property=\"og:title\" content=\"Visados para viajes a Manchester o escalas - UK GB\" \/>\n<meta property=\"og:description\" content=\"\u00bfNecesito un visado o documento de viaje para Manchester o para una escala en Manchester en el Reino Unido?\" \/>\n<meta property=\"og:url\" content=\"https:\/\/uk-gb.net\/es\/visado-para-manchester\/\" \/>\n<meta property=\"og:site_name\" content=\"UK GB\" \/>\n<meta property=\"article:modified_time\" content=\"2025-11-04T09:24:52+00:00\" \/>\n<meta property=\"og:image\" content=\"https:\/\/uk-gb.net\/wp-content\/uploads\/2024\/03\/UK-visa-C.jpg\" \/>\n\t<meta property=\"og:image:width\" content=\"564\" \/>\n\t<meta property=\"og:image:height\" content=\"338\" \/>\n\t<meta property=\"og:image:type\" content=\"image\/jpeg\" \/>\n<meta name=\"twitter:card\" content=\"summary_large_image\" \/>\n<meta name=\"twitter:label1\" content=\"Tiempo de lectura\" \/>\n\t<meta name=\"twitter:data1\" content=\"3 minutos\" \/>\n<script type=\"application\/ld+json\" class=\"yoast-schema-graph\">{\"@context\":\"https:\\\/\\\/schema.org\",\"@graph\":[{\"@type\":\"WebPage\",\"@id\":\"https:\\\/\\\/uk-gb.net\\\/es\\\/visado-para-manchester\\\/\",\"url\":\"https:\\\/\\\/uk-gb.net\\\/es\\\/visado-para-manchester\\\/\",\"name\":\"Visados para viajes a Manchester o escalas - UK GB\",\"isPartOf\":{\"@id\":\"https:\\\/\\\/uk-gb.net\\\/es\\\/#website\"},\"primaryImageOfPage\":{\"@id\":\"https:\\\/\\\/uk-gb.net\\\/es\\\/visado-para-manchester\\\/#primaryimage\"},\"image\":{\"@id\":\"https:\\\/\\\/uk-gb.net\\\/es\\\/visado-para-manchester\\\/#primaryimage\"},\"thumbnailUrl\":\"https:\\\/\\\/uk-gb.net\\\/wp-content\\\/uploads\\\/2024\\\/03\\\/UK-visa-C.jpg\",\"datePublished\":\"2023-12-07T16:57:58+00:00\",\"dateModified\":\"2025-11-04T09:24:52+00:00\",\"description\":\"\u00bfNecesito un visado o documento de viaje para Manchester o para una escala en Manchester en el Reino Unido?\",\"inLanguage\":\"es\",\"potentialAction\":[{\"@type\":\"ReadAction\",\"target\":[\"https:\\\/\\\/uk-gb.net\\\/es\\\/visado-para-manchester\\\/\"]}]},{\"@type\":\"ImageObject\",\"inLanguage\":\"es\",\"@id\":\"https:\\\/\\\/uk-gb.net\\\/es\\\/visado-para-manchester\\\/#primaryimage\",\"url\":\"https:\\\/\\\/uk-gb.net\\\/wp-content\\\/uploads\\\/2024\\\/03\\\/UK-visa-C.jpg\",\"contentUrl\":\"https:\\\/\\\/uk-gb.net\\\/wp-content\\\/uploads\\\/2024\\\/03\\\/UK-visa-C.jpg\"},{\"@type\":\"WebSite\",\"@id\":\"https:\\\/\\\/uk-gb.net\\\/es\\\/#website\",\"url\":\"https:\\\/\\\/uk-gb.net\\\/es\\\/\",\"name\":\"UK GB\",\"description\":\"Travel to the UK\",\"potentialAction\":[{\"@type\":\"SearchAction\",\"target\":{\"@type\":\"EntryPoint\",\"urlTemplate\":\"https:\\\/\\\/uk-gb.net\\\/es\\\/?s={search_term_string}\"},\"query-input\":{\"@type\":\"PropertyValueSpecification\",\"valueRequired\":true,\"valueName\":\"search_term_string\"}}],\"inLanguage\":\"es\"}]}<\/script>\n<!-- \/ Yoast SEO plugin. -->","yoast_head_json":{"title":"Visados para viajes a Manchester o escalas - UK GB","description":"\u00bfNecesito un visado o documento de viaje para Manchester o para una escala en Manchester en el Reino Unido?","robots":{"index":"index","follow":"follow","max-snippet":"max-snippet:-1","max-image-preview":"max-image-preview:large","max-video-preview":"max-video-preview:-1"},"canonical":"https:\/\/uk-gb.net\/es\/visado-para-manchester\/","og_locale":"es_ES","og_type":"article","og_title":"Visados para viajes a Manchester o escalas - UK GB","og_description":"\u00bfNecesito un visado o documento de viaje para Manchester o para una escala en Manchester en el Reino Unido?","og_url":"https:\/\/uk-gb.net\/es\/visado-para-manchester\/","og_site_name":"UK GB","article_modified_time":"2025-11-04T09:24:52+00:00","og_image":[{"width":564,"height":338,"url":"https:\/\/uk-gb.net\/wp-content\/uploads\/2024\/03\/UK-visa-C.jpg","type":"image\/jpeg"}],"twitter_card":"summary_large_image","twitter_misc":{"Tiempo de lectura":"3 minutos"},"schema":{"@context":"https:\/\/schema.org","@graph":[{"@type":"WebPage","@id":"https:\/\/uk-gb.net\/es\/visado-para-manchester\/","url":"https:\/\/uk-gb.net\/es\/visado-para-manchester\/","name":"Visados para viajes a Manchester o escalas - UK GB","isPartOf":{"@id":"https:\/\/uk-gb.net\/es\/#website"},"primaryImageOfPage":{"@id":"https:\/\/uk-gb.net\/es\/visado-para-manchester\/#primaryimage"},"image":{"@id":"https:\/\/uk-gb.net\/es\/visado-para-manchester\/#primaryimage"},"thumbnailUrl":"https:\/\/uk-gb.net\/wp-content\/uploads\/2024\/03\/UK-visa-C.jpg","datePublished":"2023-12-07T16:57:58+00:00","dateModified":"2025-11-04T09:24:52+00:00","description":"\u00bfNecesito un visado o documento de viaje para Manchester o para una escala en Manchester en el Reino Unido?","inLanguage":"es","potentialAction":[{"@type":"ReadAction","target":["https:\/\/uk-gb.net\/es\/visado-para-manchester\/"]}]},{"@type":"ImageObject","inLanguage":"es","@id":"https:\/\/uk-gb.net\/es\/visado-para-manchester\/#primaryimage","url":"https:\/\/uk-gb.net\/wp-content\/uploads\/2024\/03\/UK-visa-C.jpg","contentUrl":"https:\/\/uk-gb.net\/wp-content\/uploads\/2024\/03\/UK-visa-C.jpg"},{"@type":"WebSite","@id":"https:\/\/uk-gb.net\/es\/#website","url":"https:\/\/uk-gb.net\/es\/","name":"UK GB","description":"Travel to the UK","potentialAction":[{"@type":"SearchAction","target":{"@type":"EntryPoint","urlTemplate":"https:\/\/uk-gb.net\/es\/?s={search_term_string}"},"query-input":{"@type":"PropertyValueSpecification","valueRequired":true,"valueName":"search_term_string"}}],"inLanguage":"es"}]}},"_links":{"self":[{"href":"https:\/\/uk-gb.net\/es\/wp-json\/wp\/v2\/pages\/930","targetHints":{"allow":["GET"]}}],"collection":[{"href":"https:\/\/uk-gb.net\/es\/wp-json\/wp\/v2\/pages"}],"about":[{"href":"https:\/\/uk-gb.net\/es\/wp-json\/wp\/v2\/types\/page"}],"author":[{"embeddable":true,"href":"https:\/\/uk-gb.net\/es\/wp-json\/wp\/v2\/users\/1"}],"replies":[{"embeddable":true,"href":"https:\/\/uk-gb.net\/es\/wp-json\/wp\/v2\/comments?post=930"}],"version-history":[{"count":0,"href":"https:\/\/uk-gb.net\/es\/wp-json\/wp\/v2\/pages\/930\/revisions"}],"wp:attachment":[{"href":"https:\/\/uk-gb.net\/es\/wp-json\/wp\/v2\/media?parent=930"}],"curies":[{"name":"wp","href":"https:\/\/api.w.org\/{rel}","templated":true}]}}