{"id":923,"date":"2023-12-07T16:52:56","date_gmt":"2023-12-07T16:52:56","guid":{"rendered":"https:\/\/uk-gb.net\/visado-para-londres\/"},"modified":"2025-06-09T09:03:03","modified_gmt":"2025-06-09T08:03:03","slug":"visado-para-londres","status":"publish","type":"page","link":"https:\/\/uk-gb.net\/es\/visado-para-londres\/","title":{"rendered":"Visado para viajar a Londres o hacer escala"},"content":{"rendered":"\n<h1 class=\"wp-block-heading\">Visado para viajar o hacer escala en Londres<\/h1>\n\n<p><a href=\"https:\/\/uk-gb.net\/es\/londres\/\">Londres<\/a> es la principal puerta de entrada al Reino Unido para turistas, estudiantes, profesionales y viajeros en tr\u00e1nsito. Desde que el Reino Unido abandon\u00f3 la Uni\u00f3n Europea, los <a href=\"https:\/\/uk-gb.net\/es\/visado-reino-unido\/\">tr\u00e1mites para entrar en el Reino Unido<\/a> han cambiado. Dependiendo de tu nacionalidad, duraci\u00f3n de la estancia o motivo del viaje, es posible que necesites un visado o ETA. Aqu\u00ed tienes todo lo que necesitas saber para viajar o hacer escala en Londres legalmente.   <\/p>\n\n<h2 class=\"wp-block-heading\">\u00bfNecesito visado para Londres?<\/h2>\n\n<p>La necesidad de visado para visitar Londres depende de tu nacionalidad y del motivo de tu visita.<\/p>\n\n<p><strong>No necesitas visado si<\/strong>:<\/p>\n\n<ul class=\"wp-block-list\">\n<li>Eres ciudadano irland\u00e9s.<\/li>\n\n\n\n<li>Eres ciudadano de un pa\u00eds exento de visado y tu estancia es corta (menos de 6 meses) por turismo, una visita familiar, una breve misi\u00f3n de negocios o estudios de corta duraci\u00f3n.  <\/li>\n<\/ul>\n\n<p>Desde 2025, estos viajeros tienen que obtener una autorizaci\u00f3n electr\u00f3nica de viaje cumplimentando <a href=\"https:\/\/uk-gb.net\/es\/formulario-visado-eta-en-linea-inglaterra\/\">en l\u00ednea el formulario ETA<\/a>.<\/p>\n\n<p><strong>Necesitas un visado si<\/strong>:<\/p>\n\n<ul class=\"wp-block-list\">\n<li>Eres nacional de un pa\u00eds que no exige visado, ni siquiera para una estancia corta.<\/li>\n\n\n\n<li>Quieres trabajar, estudiar una larga temporada, establecerte o casarte en el Reino Unido.<\/li>\n\n\n\n<li>Quieres reunirte con un miembro de tu familia en Londres durante un periodo prolongado.<\/li>\n<\/ul>\n\n<p>Los turistas que deseen permanecer en el Reino Unido m\u00e1s de 6 meses deben obtener un <a href=\"https:\/\/uk-gb.net\/es\/visado-turista-inglaterra-reino-unido\/\">visado de turista ingl\u00e9s<\/a>.<\/p>\n\n<div style=\"height:10px\" aria-hidden=\"true\" class=\"wp-block-spacer\"><\/div>\n\n<h2 class=\"wp-block-heading\">La ETA: una alternativa al visado para visitar Londres<\/h2>\n\n<p><a href=\"https:\/\/uk-gb.net\/es\/eta-inglaterra-reino-unido\/\">La Autorizaci\u00f3n Electr\u00f3nica de Viaje<\/a> (ETA) es una autorizaci\u00f3n de viaje obligatoria para los nacionales de determinados pa\u00edses exentos de visado cuando visitan el Reino Unido.<\/p>\n\n<ul class=\"wp-block-list\">\n<li><a href=\"https:\/\/uk-gb.net\/es\/precio-eta-reino-unido\/\">Precio ETA<\/a>: 16 \u00a3 (unos 19 \u20ac)<\/li>\n\n\n\n<li>Validez: 2 a\u00f1os o hasta que caduque el pasaporte<\/li>\n\n\n\n<li>Estancia m\u00e1xima: 6 meses<\/li>\n\n\n\n<li>Uso: turismo, negocios, estudios cortos o tr\u00e1nsito<\/li>\n<\/ul>\n\n<p>Desde abril de 2025, es obligatorio que los ciudadanos europeos obtengan una <strong>ETA para Londres antes de salir<\/strong>.<\/p>\n\n<h2 class=\"wp-block-heading\">\u00bfNecesito visado para hacer escala en Londres?<\/h2>\n\n<p>Si haces escala en el aeropuerto de Londres (Heathrow, Gatwick, Stansted, Luton), los tr\u00e1mites var\u00edan en funci\u00f3n de si pasas o no por el control fronterizo brit\u00e1nico.<\/p>\n\n<h3 class=\"wp-block-heading\">Caso 1: tr\u00e1nsito sin salida del aeropuerto<\/h3>\n\n<p>Si te alojas en una zona internacional y no cambias de aeropuerto: Si eres nacional de un <a href=\"https:\/\/uk-gb.net\/es\/paises-que-pueden-solicitar-eta-reino-unido\/\">pa\u00eds miembro del Programa de Exenci\u00f3n de Visado del Reino Unido<\/a>, puedes solicitar un ETA del Reino Unido para hacer escala en Londres sin visado.<\/p>\n\n<h3 class=\"wp-block-heading\">Caso 2: tr\u00e1nsito con cruce de fronteras<\/h3>\n\n<p>Si tienes que cambiar de aeropuerto o pasar por la aduana (por ejemplo, para una escala larga): necesitar\u00e1s un <a href=\"https:\/\/uk-gb.net\/es\/visa-de-transito-en-inglaterra-reino-unido\/\">visado de tr\u00e1nsito<\/a> o un visado ETA, seg\u00fan tu nacionalidad.<\/p>\n\n<p>Conviene saber: incluso para un simple tr\u00e1nsito, algunos nacionales necesitan obtener un visado de tr\u00e1nsito brit\u00e1nico (Visado de Visitante en Tr\u00e1nsito).<\/p>\n\n<div style=\"height:10px\" aria-hidden=\"true\" class=\"wp-block-spacer\"><\/div>\n\n<h2 class=\"wp-block-heading\">\u00bfC\u00f3mo obtengo un visado o ETA para Londres?<\/h2>\n\n<p>He aqu\u00ed un resumen simplificado del procedimiento en funci\u00f3n de tu situaci\u00f3n como viajero.<\/p>\n\n<figure class=\"wp-block-table\"><table class=\"has-fixed-layout\"><thead><tr><th>Situaci\u00f3n<\/th><th class=\"has-text-align-center\" data-align=\"center\">Tipo de documento requerido<\/th><th class=\"has-text-align-left\" data-align=\"left\">Procedimiento<\/th><\/tr><\/thead><tbody><tr><td>Estancias cortas por turismo, negocios o estudios<\/td><td class=\"has-text-align-center\" data-align=\"center\">ETA<\/td><td class=\"has-text-align-left\" data-align=\"left\">Solicitud en l\u00ednea en <a href=\"https:\/\/www.gov.uk\/eta\">gov.uk<\/a>, pago con tarjeta de cr\u00e9dito<\/td><\/tr><tr><td>Residencia de m\u00e1s de 6 meses, trabajo, reagrupaci\u00f3n familiar<\/td><td class=\"has-text-align-center\" data-align=\"center\">Visado brit\u00e1nico<\/td><td class=\"has-text-align-left\" data-align=\"left\">Solicitud en l\u00ednea + cita en la embajada<\/td><\/tr><tr><td>Tr\u00e1nsito con salida de zona internacional<\/td><td class=\"has-text-align-center\" data-align=\"center\">ETA o visado de tr\u00e1nsito<\/td><td class=\"has-text-align-left\" data-align=\"left\">Seg\u00fan nacionalidad y aeropuerto<\/td><\/tr><\/tbody><\/table><\/figure>\n\n<p>Para obtener un visado para Londres, los extranjeros deben seguir un <a href=\"https:\/\/uk-gb.net\/es\/solicitud-procedimiento-visado-reino-unido\/\">procedimiento de solicitud de visado en l\u00ednea<\/a>. Este proceso consta de varias etapas:<\/p>\n\n<ul class=\"wp-block-list\">\n<li>Elija el tipo de visado en funci\u00f3n del motivo del viaje;<\/li>\n\n\n\n<li>Re\u00fana los justificantes necesarios;<\/li>\n\n\n\n<li>Rellene el formulario de solicitud de visado en l\u00ednea ;<\/li>\n\n\n\n<li>Pagar la <a href=\"https:\/\/uk-gb.net\/es\/precio-de-visa-para-inglaterra\/\">tasa de visado<\/a>;<\/li>\n\n\n\n<li>Concierte una cita con una <a href=\"https:\/\/uk-gb.net\/es\/embajada-britanica-en-espana\/\">embajada brit\u00e1nica<\/a>;<\/li>\n\n\n\n<li>Presentaci\u00f3n de documentos para finalizar la solicitud de visado;<\/li>\n\n\n\n<li>Asista a una <a href=\"https:\/\/uk-gb.net\/es\/cita-para-visa-embajada-inglaterra\/\">entrevista para el visado<\/a> si su solicitud lo requiere.<\/li>\n<\/ul>\n\n<div style=\"height:10px\" aria-hidden=\"true\" class=\"wp-block-spacer\"><\/div>\n\n<h2 class=\"wp-block-heading\">\u00bfQu\u00e9 documentos necesito para viajar a Londres?<\/h2>\n\n<p>Estos son los documentos m\u00e1s comunes que se exigen a la llegada al Reino Unido:<\/p>\n\n<ul class=\"wp-block-list\">\n<li>Desde el Brexit vuelve a ser obligatorio el <strong>pasaporte en vigor<\/strong>;<\/li>\n\n\n\n<li>Un <strong>ETA o visado<\/strong> v\u00e1lido ;<\/li>\n\n\n\n<li><strong>Prueba de que dispones de fondos suficientes<\/strong> para tu estancia ;<\/li>\n\n\n\n<li><strong>Prueba de alojamiento<\/strong>, como una reserva de hotel o una invitaci\u00f3n;<\/li>\n\n\n\n<li>Un <strong>billete de ida y vuelta<\/strong> en caso de tr\u00e1nsito.<\/li>\n<\/ul>\n\n<div style=\"height:10px\" aria-hidden=\"true\" class=\"wp-block-spacer\"><\/div>\n\n<h2 class=\"wp-block-heading\">Conclusi\u00f3n<\/h2>\n\n<p>Si vas a viajar a Londres o a trav\u00e9s de Londres, tendr\u00e1s que comprobar cuidadosamente tu situaci\u00f3n personal. La<strong>ETA es ahora obligatoria<\/strong> para muchos viajeros, incluso europeos, mientras que otros tendr\u00e1n que seguir la v\u00eda tradicional <a href=\"https:\/\/uk-gb.net\/es\/diferentes-tipos-de-visas-britanicas\/\">del visado brit\u00e1nico<\/a>. En caso de duda, lo mejor es hacer una simulaci\u00f3n en el <a href=\"https:\/\/www.gov.uk\/check-uk-visa\">sitio web oficial del gobierno brit\u00e1nico<\/a>.  <\/p>\n","protected":false},"excerpt":{"rendered":"<p>Visado para viajar o hacer escala en Londres Londres es la principal puerta de entrada al Reino Unido para turistas, estudiantes, profesionales y viajeros en tr\u00e1nsito. Desde que el Reino Unido abandon\u00f3 la Uni\u00f3n Europea, los tr\u00e1mites para entrar en el Reino Unido han cambiado. Dependiendo de tu nacionalidad, duraci\u00f3n de la estancia o motivo [&hellip;]<\/p>\n","protected":false},"author":1,"featured_media":0,"parent":0,"menu_order":0,"comment_status":"closed","ping_status":"closed","template":"","meta":{"footnotes":""},"class_list":["post-923","page","type-page","status-publish","hentry"],"yoast_head":"<!-- This site is optimized with the Yoast SEO plugin v27.3 - https:\/\/yoast.com\/product\/yoast-seo-wordpress\/ -->\n<title>Visado para viajar a Londres o hacer escala - UK GB<\/title>\n<meta name=\"description\" content=\"Para viajar al Reino Unido al aterrizar en Londres, necesitas obtener un visado o documento de viaje para Londres.\" \/>\n<meta name=\"robots\" content=\"index, follow, max-snippet:-1, max-image-preview:large, max-video-preview:-1\" \/>\n<link rel=\"canonical\" href=\"https:\/\/uk-gb.net\/es\/visado-para-londres\/\" \/>\n<meta property=\"og:locale\" content=\"es_ES\" \/>\n<meta property=\"og:type\" content=\"article\" \/>\n<meta property=\"og:title\" content=\"Visado para viajar a Londres o hacer escala - UK GB\" \/>\n<meta property=\"og:description\" content=\"Para viajar al Reino Unido al aterrizar en Londres, necesitas obtener un visado o documento de viaje para Londres.\" \/>\n<meta property=\"og:url\" content=\"https:\/\/uk-gb.net\/es\/visado-para-londres\/\" \/>\n<meta property=\"og:site_name\" content=\"UK GB\" \/>\n<meta property=\"article:modified_time\" content=\"2025-06-09T08:03:03+00:00\" \/>\n<meta name=\"twitter:card\" content=\"summary_large_image\" \/>\n<meta name=\"twitter:label1\" content=\"Tiempo de lectura\" \/>\n\t<meta name=\"twitter:data1\" content=\"4 minutos\" \/>\n<script type=\"application\/ld+json\" class=\"yoast-schema-graph\">{\"@context\":\"https:\\\/\\\/schema.org\",\"@graph\":[{\"@type\":\"WebPage\",\"@id\":\"https:\\\/\\\/uk-gb.net\\\/es\\\/visado-para-londres\\\/\",\"url\":\"https:\\\/\\\/uk-gb.net\\\/es\\\/visado-para-londres\\\/\",\"name\":\"Visado para viajar a Londres o hacer escala - UK GB\",\"isPartOf\":{\"@id\":\"https:\\\/\\\/uk-gb.net\\\/es\\\/#website\"},\"datePublished\":\"2023-12-07T16:52:56+00:00\",\"dateModified\":\"2025-06-09T08:03:03+00:00\",\"description\":\"Para viajar al Reino Unido al aterrizar en Londres, necesitas obtener un visado o documento de viaje para Londres.\",\"inLanguage\":\"es\",\"potentialAction\":[{\"@type\":\"ReadAction\",\"target\":[\"https:\\\/\\\/uk-gb.net\\\/es\\\/visado-para-londres\\\/\"]}]},{\"@type\":\"WebSite\",\"@id\":\"https:\\\/\\\/uk-gb.net\\\/es\\\/#website\",\"url\":\"https:\\\/\\\/uk-gb.net\\\/es\\\/\",\"name\":\"UK GB\",\"description\":\"Travel to the UK\",\"potentialAction\":[{\"@type\":\"SearchAction\",\"target\":{\"@type\":\"EntryPoint\",\"urlTemplate\":\"https:\\\/\\\/uk-gb.net\\\/es\\\/?s={search_term_string}\"},\"query-input\":{\"@type\":\"PropertyValueSpecification\",\"valueRequired\":true,\"valueName\":\"search_term_string\"}}],\"inLanguage\":\"es\"}]}<\/script>\n<!-- \/ Yoast SEO plugin. -->","yoast_head_json":{"title":"Visado para viajar a Londres o hacer escala - UK GB","description":"Para viajar al Reino Unido al aterrizar en Londres, necesitas obtener un visado o documento de viaje para Londres.","robots":{"index":"index","follow":"follow","max-snippet":"max-snippet:-1","max-image-preview":"max-image-preview:large","max-video-preview":"max-video-preview:-1"},"canonical":"https:\/\/uk-gb.net\/es\/visado-para-londres\/","og_locale":"es_ES","og_type":"article","og_title":"Visado para viajar a Londres o hacer escala - UK GB","og_description":"Para viajar al Reino Unido al aterrizar en Londres, necesitas obtener un visado o documento de viaje para Londres.","og_url":"https:\/\/uk-gb.net\/es\/visado-para-londres\/","og_site_name":"UK GB","article_modified_time":"2025-06-09T08:03:03+00:00","twitter_card":"summary_large_image","twitter_misc":{"Tiempo de lectura":"4 minutos"},"schema":{"@context":"https:\/\/schema.org","@graph":[{"@type":"WebPage","@id":"https:\/\/uk-gb.net\/es\/visado-para-londres\/","url":"https:\/\/uk-gb.net\/es\/visado-para-londres\/","name":"Visado para viajar a Londres o hacer escala - UK GB","isPartOf":{"@id":"https:\/\/uk-gb.net\/es\/#website"},"datePublished":"2023-12-07T16:52:56+00:00","dateModified":"2025-06-09T08:03:03+00:00","description":"Para viajar al Reino Unido al aterrizar en Londres, necesitas obtener un visado o documento de viaje para Londres.","inLanguage":"es","potentialAction":[{"@type":"ReadAction","target":["https:\/\/uk-gb.net\/es\/visado-para-londres\/"]}]},{"@type":"WebSite","@id":"https:\/\/uk-gb.net\/es\/#website","url":"https:\/\/uk-gb.net\/es\/","name":"UK GB","description":"Travel to the UK","potentialAction":[{"@type":"SearchAction","target":{"@type":"EntryPoint","urlTemplate":"https:\/\/uk-gb.net\/es\/?s={search_term_string}"},"query-input":{"@type":"PropertyValueSpecification","valueRequired":true,"valueName":"search_term_string"}}],"inLanguage":"es"}]}},"_links":{"self":[{"href":"https:\/\/uk-gb.net\/es\/wp-json\/wp\/v2\/pages\/923","targetHints":{"allow":["GET"]}}],"collection":[{"href":"https:\/\/uk-gb.net\/es\/wp-json\/wp\/v2\/pages"}],"about":[{"href":"https:\/\/uk-gb.net\/es\/wp-json\/wp\/v2\/types\/page"}],"author":[{"embeddable":true,"href":"https:\/\/uk-gb.net\/es\/wp-json\/wp\/v2\/users\/1"}],"replies":[{"embeddable":true,"href":"https:\/\/uk-gb.net\/es\/wp-json\/wp\/v2\/comments?post=923"}],"version-history":[{"count":0,"href":"https:\/\/uk-gb.net\/es\/wp-json\/wp\/v2\/pages\/923\/revisions"}],"wp:attachment":[{"href":"https:\/\/uk-gb.net\/es\/wp-json\/wp\/v2\/media?parent=923"}],"curies":[{"name":"wp","href":"https:\/\/api.w.org\/{rel}","templated":true}]}}