{"id":916,"date":"2023-12-07T17:06:53","date_gmt":"2023-12-07T17:06:53","guid":{"rendered":"https:\/\/uk-gb.net\/visa-para-liverpool\/"},"modified":"2025-06-12T08:56:35","modified_gmt":"2025-06-12T07:56:35","slug":"visa-para-liverpool","status":"publish","type":"page","link":"https:\/\/uk-gb.net\/es\/visa-para-liverpool\/","title":{"rendered":"Visado para viajar a Liverpool"},"content":{"rendered":"\n<h1 class=\"wp-block-heading\">Visados para viajar a Liverpool o hacer escala en Liverpool<\/h1>\n\n<p><a href=\"https:\/\/uk-gb.net\/es\/liverpool\/\">Liverpool<\/a>, famosa por su historia mar\u00edtima, sus monumentos culturales y su patrimonio musical, atrae cada a\u00f1o a numerosos visitantes internacionales. Tanto si vas a descubrir la ciudad de los Beatles como a asistir a un acontecimiento deportivo o simplemente a hacer escala en el aeropuerto de Liverpool, es esencial que conozcas los tr\u00e1mites de entrada. Dependiendo de tu nacionalidad y del motivo de tu visita, necesitar\u00e1s un <a href=\"https:\/\/uk-gb.net\/es\/visado-turista-inglaterra-reino-unido\/\">visado brit\u00e1nico<\/a> o una <a href=\"https:\/\/uk-gb.net\/es\/eta-inglaterra-reino-unido\/\">Autorizaci\u00f3n Electr\u00f3nica de Viaje (ETA)<\/a>.  <\/p>\n\n<p><strong>Para estancias inferiores a 6 meses<\/strong>: No es necesario obtener un visado de turista para Liverpool. Los nacionales de pa\u00edses europeos exentos de visado s\u00f3lo tienen que obtener una autorizaci\u00f3n de viaje cumplimentando el <a href=\"https:\/\/uk-gb.net\/es\/formulario-visado-eta-en-linea-inglaterra\/\">formulario ETA en l\u00ednea<\/a>. <\/p>\n\n<h2 class=\"wp-block-heading\">\u00bfNecesito visado para viajar a Liverpool?<\/h2>\n\n<h3 class=\"wp-block-heading\">No necesitas visado si :<\/h3>\n\n<ul class=\"wp-block-list\">\n<li>Eres <strong>ciudadano irland\u00e9s<\/strong>;<\/li>\n\n\n\n<li>Eres nacional de un <strong>pa\u00eds exento de visado<\/strong> para una estancia corta (turismo, negocios, visita familiar o estudios cortos de menos de 6 meses).<br\/>Desde 2025, estos viajeros deben obtener <a href=\"https:\/\/uk-gb.net\/es\/eta-inglaterra-reino-unido\/\">una autorizaci\u00f3n ETA<\/a> antes de su salida.<\/li>\n<\/ul>\n\n<h3 class=\"wp-block-heading\">Necesitas un visado si :<\/h3>\n\n<ul class=\"wp-block-list\">\n<li>Eres nacional de un pa\u00eds sujeto a la obligaci\u00f3n de visado, como India, China, Argelia, Nigeria, Pakist\u00e1n&#8230; ;<\/li>\n\n\n\n<li>\u00bfQuieres <strong>trabajar<\/strong>, <strong>estudiar durante mucho tiempo<\/strong> o <strong>instalarte en<\/strong> Liverpool?<\/li>\n\n\n\n<li>Vienes a reunirte con un miembro de tu familia en el Reino Unido para un traslado de larga duraci\u00f3n.<\/li>\n<\/ul>\n\n<div style=\"height:10px\" aria-hidden=\"true\" class=\"wp-block-spacer\"><\/div>\n\n<h2 class=\"wp-block-heading\">ETA: autorizaci\u00f3n simplificada para viajar a Liverpool<\/h2>\n\n<p><a href=\"https:\/\/uk-gb.net\/es\/eta-inglaterra-reino-unido\/\">La ETA<\/a> es una autorizaci\u00f3n de viaje obligatoria para los nacionales de determinados <a href=\"https:\/\/uk-gb.net\/es\/paises-que-pueden-solicitar-eta-reino-unido\/\">pa\u00edses exentos de visado para el Reino Unido<\/a>.<\/p>\n\n<ul class=\"wp-block-list\">\n<li><a href=\"https:\/\/uk-gb.net\/es\/precio-eta-reino-unido\/\">Precio ETA<\/a>: 16 \u00a3 (unos 19 \u20ac)<\/li>\n\n\n\n<li>Validez: 2 a\u00f1os o hasta que caduque el pasaporte<\/li>\n\n\n\n<li>Estancia m\u00e1xima: 6 meses<\/li>\n\n\n\n<li>Uso: turismo, negocios, estudios cortos o tr\u00e1nsito<\/li>\n<\/ul>\n\n<p>Desde abril de 2025, los ciudadanos de la UE est\u00e1n obligados a obtener un <strong>ETA para Liverpool antes de embarcar<\/strong>.<\/p>\n\n<h2 class=\"wp-block-heading\">\u00bfNecesito visado para hacer escala en Liverpool?<\/h2>\n\n<p><a href=\"https:\/\/uk-gb.net\/es\/liverpool\/\">Liverpool<\/a> tiene un aeropuerto internacional (el aeropuerto John Lennon de Liverpool), pero algunos pasajeros utilizan tambi\u00e9n el cercano aeropuerto de Manchester.<\/p>\n\n<h3 class=\"wp-block-heading\">Transita sin cruzar la frontera brit\u00e1nica:<\/h3>\n\n<ul class=\"wp-block-list\">\n<li>Si te alojas en una zona de tr\u00e1nsito internacional y no pasas por el control fronterizo, en algunos casos puedes estar exento de la obligaci\u00f3n de visado.<\/li>\n\n\n\n<li>Sin embargo, en la mayor\u00eda de los casos se requiere una <strong>ETA,<\/strong> incluso para el simple tr\u00e1nsito.<\/li>\n<\/ul>\n\n<h3 class=\"wp-block-heading\">Tr\u00e1nsito con cruce de fronteras (cambio de aeropuerto o escala prolongada) :<\/h3>\n\n<ul class=\"wp-block-list\">\n<li>Dependiendo de tu nacionalidad e itinerario, necesitar\u00e1s un <a href=\"https:\/\/uk-gb.net\/es\/visa-de-transito-en-inglaterra-reino-unido\/\">visado de tr\u00e1nsito<\/a> o <strong>ETA<\/strong> del Reino Unido. Las normas son estrictas, incluso para tr\u00e1nsitos cortos. Comprueba siempre tu situaci\u00f3n antes de partir.  <\/li>\n<\/ul>\n\n<div style=\"height:10px\" aria-hidden=\"true\" class=\"wp-block-spacer\"><\/div>\n\n<h2 class=\"wp-block-heading\">\u00bfPrecios de los diferentes visados para Liverpool?<\/h2>\n\n<p>El precio del visado para Liverpool depende del tipo de visado que necesite para viajar al Reino Unido. Para estancias m\u00e1s largas, los <a href=\"https:\/\/uk-gb.net\/es\/precio-de-visa-para-inglaterra\/\">costes administrativos del visado<\/a> son m\u00e1s elevados. Si el viajero puede obtener una <a href=\"https:\/\/uk-gb.net\/es\/eta-inglaterra-reino-unido\/\">ETA para el Reino Unido<\/a>, el precio ser\u00e1 inferior: El <a href=\"https:\/\/uk-gb.net\/es\/precio-eta-reino-unido\/\">precio de una ETA<\/a> es de 16 \u00a3.<\/p>\n\n<figure class=\"wp-block-table\"><table><thead><tr><th class=\"has-text-align-center\" data-align=\"center\">Tipo de documento<\/th><th class=\"has-text-align-center\" data-align=\"center\">Tasa<\/th><\/tr><\/thead><tbody><tr><td class=\"has-text-align-center\" data-align=\"center\">ETA<\/td><td class=\"has-text-align-center\" data-align=\"center\">16 \u00a3<\/td><\/tr><tr><td class=\"has-text-align-center\" data-align=\"center\">Visado de turista (6 meses)<\/td><td class=\"has-text-align-center\" data-align=\"center\">115 \u00a3<\/td><\/tr><tr><td class=\"has-text-align-center\" data-align=\"center\">Visado de tr\u00e1nsito<\/td><td class=\"has-text-align-center\" data-align=\"center\">64 \u00a3<\/td><\/tr><tr><td class=\"has-text-align-center\" data-align=\"center\">Visado de estudiante<\/td><td class=\"has-text-align-center\" data-align=\"center\">desde 490<\/td><\/tr><tr><td class=\"has-text-align-center\" data-align=\"center\">Visado de trabajo o familiar<\/td><td class=\"has-text-align-center\" data-align=\"center\">desde 1.846<\/td><\/tr><\/tbody><\/table><\/figure>\n\n<h2 class=\"wp-block-heading\">\u00bfC\u00f3mo solicito un visado para Liverpool?<\/h2>\n\n<p>Para obtener un visado para <a href=\"https:\/\/uk-gb.net\/es\/liverpool\/\">Liverpool<\/a>, los ciudadanos extranjeros deben seguir un <a href=\"https:\/\/uk-gb.net\/es\/solicitud-procedimiento-visado-reino-unido\/\">procedimiento de solicitud de visado en l\u00ednea<\/a>. Este proceso consta de varias etapas:<\/p>\n\n<ul class=\"wp-block-list\">\n<li>Elija el tipo de visado en funci\u00f3n del motivo del viaje;<\/li>\n\n\n\n<li>Re\u00fana los justificantes necesarios;<\/li>\n\n\n\n<li>Rellena el formulario de solicitud de visado en l\u00ednea en <a href=\"https:\/\/www.gov.uk\/standard-visitor\/apply-standard-visitor-visa\">gov.uk<\/a>;<\/li>\n\n\n\n<li>Pagar la <a href=\"https:\/\/uk-gb.net\/es\/precio-de-visa-para-inglaterra\/\">tasa de visado<\/a>;<\/li>\n\n\n\n<li>Concierte una cita con una <a href=\"https:\/\/uk-gb.net\/es\/embajada-britanica-en-espana\/\">embajada brit\u00e1nica<\/a>;<\/li>\n\n\n\n<li>Presentaci\u00f3n de documentos para finalizar la solicitud de visado;<\/li>\n\n\n\n<li>Asista a una <a href=\"https:\/\/uk-gb.net\/es\/cita-para-visa-embajada-inglaterra\/\">entrevista para el visado<\/a> si su solicitud lo requiere.<\/li>\n<\/ul>\n\n<div style=\"height:10px\" aria-hidden=\"true\" class=\"wp-block-spacer\"><\/div>\n\n<h2 class=\"wp-block-heading\">Resumen<\/h2>\n\n<p>Desde la reforma de las formalidades de entrada, es esencial que prepares cuidadosamente tu solicitud antes de viajar a Liverpool. El<strong>ETA es ahora obligatorio<\/strong> para la mayor\u00eda de los nacionales exentos de visado. Si no cumples las condiciones para obtener un ETA, necesitar\u00e1s un visado normal.  <\/p>\n\n<p>Antes de salir para Liverpool, comprueba tu situaci\u00f3n oficial en el sitio web del gobierno del Reino Unido: <a href=\"https:\/\/www.gov.uk\/check-uk-visa\">gov.uk\/check-uk-visa<\/a>.<\/p>\n\n<p><\/p>\n","protected":false},"excerpt":{"rendered":"<p>Visados para viajar a Liverpool o hacer escala en Liverpool Liverpool, famosa por su historia mar\u00edtima, sus monumentos culturales y su patrimonio musical, atrae cada a\u00f1o a numerosos visitantes internacionales. Tanto si vas a descubrir la ciudad de los Beatles como a asistir a un acontecimiento deportivo o simplemente a hacer escala en el aeropuerto [&hellip;]<\/p>\n","protected":false},"author":1,"featured_media":0,"parent":0,"menu_order":0,"comment_status":"closed","ping_status":"closed","template":"","meta":{"footnotes":""},"class_list":["post-916","page","type-page","status-publish","hentry"],"yoast_head":"<!-- This site is optimized with the Yoast SEO plugin v27.3 - https:\/\/yoast.com\/product\/yoast-seo-wordpress\/ -->\n<title>Visado para viajar a Liverpool - UK GB<\/title>\n<meta name=\"description\" content=\"\u00bfNecesitas un visado o documento de viaje para viajar a Liverpool? Echamos un vistazo a los tr\u00e1mites necesarios\" \/>\n<meta name=\"robots\" content=\"index, follow, max-snippet:-1, max-image-preview:large, max-video-preview:-1\" \/>\n<link rel=\"canonical\" href=\"https:\/\/uk-gb.net\/es\/visa-para-liverpool\/\" \/>\n<meta property=\"og:locale\" content=\"es_ES\" \/>\n<meta property=\"og:type\" content=\"article\" \/>\n<meta property=\"og:title\" content=\"Visado para viajar a Liverpool - UK GB\" \/>\n<meta property=\"og:description\" content=\"\u00bfNecesitas un visado o documento de viaje para viajar a Liverpool? Echamos un vistazo a los tr\u00e1mites necesarios\" \/>\n<meta property=\"og:url\" content=\"https:\/\/uk-gb.net\/es\/visa-para-liverpool\/\" \/>\n<meta property=\"og:site_name\" content=\"UK GB\" \/>\n<meta property=\"article:modified_time\" content=\"2025-06-12T07:56:35+00:00\" \/>\n<meta name=\"twitter:card\" content=\"summary_large_image\" \/>\n<meta name=\"twitter:label1\" content=\"Tiempo de lectura\" \/>\n\t<meta name=\"twitter:data1\" content=\"3 minutos\" \/>\n<script type=\"application\/ld+json\" class=\"yoast-schema-graph\">{\"@context\":\"https:\\\/\\\/schema.org\",\"@graph\":[{\"@type\":\"WebPage\",\"@id\":\"https:\\\/\\\/uk-gb.net\\\/es\\\/visa-para-liverpool\\\/\",\"url\":\"https:\\\/\\\/uk-gb.net\\\/es\\\/visa-para-liverpool\\\/\",\"name\":\"Visado para viajar a Liverpool - UK GB\",\"isPartOf\":{\"@id\":\"https:\\\/\\\/uk-gb.net\\\/es\\\/#website\"},\"datePublished\":\"2023-12-07T17:06:53+00:00\",\"dateModified\":\"2025-06-12T07:56:35+00:00\",\"description\":\"\u00bfNecesitas un visado o documento de viaje para viajar a Liverpool? Echamos un vistazo a los tr\u00e1mites necesarios\",\"inLanguage\":\"es\",\"potentialAction\":[{\"@type\":\"ReadAction\",\"target\":[\"https:\\\/\\\/uk-gb.net\\\/es\\\/visa-para-liverpool\\\/\"]}]},{\"@type\":\"WebSite\",\"@id\":\"https:\\\/\\\/uk-gb.net\\\/es\\\/#website\",\"url\":\"https:\\\/\\\/uk-gb.net\\\/es\\\/\",\"name\":\"UK GB\",\"description\":\"Travel to the UK\",\"potentialAction\":[{\"@type\":\"SearchAction\",\"target\":{\"@type\":\"EntryPoint\",\"urlTemplate\":\"https:\\\/\\\/uk-gb.net\\\/es\\\/?s={search_term_string}\"},\"query-input\":{\"@type\":\"PropertyValueSpecification\",\"valueRequired\":true,\"valueName\":\"search_term_string\"}}],\"inLanguage\":\"es\"}]}<\/script>\n<!-- \/ Yoast SEO plugin. -->","yoast_head_json":{"title":"Visado para viajar a Liverpool - UK GB","description":"\u00bfNecesitas un visado o documento de viaje para viajar a Liverpool? Echamos un vistazo a los tr\u00e1mites necesarios","robots":{"index":"index","follow":"follow","max-snippet":"max-snippet:-1","max-image-preview":"max-image-preview:large","max-video-preview":"max-video-preview:-1"},"canonical":"https:\/\/uk-gb.net\/es\/visa-para-liverpool\/","og_locale":"es_ES","og_type":"article","og_title":"Visado para viajar a Liverpool - UK GB","og_description":"\u00bfNecesitas un visado o documento de viaje para viajar a Liverpool? Echamos un vistazo a los tr\u00e1mites necesarios","og_url":"https:\/\/uk-gb.net\/es\/visa-para-liverpool\/","og_site_name":"UK GB","article_modified_time":"2025-06-12T07:56:35+00:00","twitter_card":"summary_large_image","twitter_misc":{"Tiempo de lectura":"3 minutos"},"schema":{"@context":"https:\/\/schema.org","@graph":[{"@type":"WebPage","@id":"https:\/\/uk-gb.net\/es\/visa-para-liverpool\/","url":"https:\/\/uk-gb.net\/es\/visa-para-liverpool\/","name":"Visado para viajar a Liverpool - UK GB","isPartOf":{"@id":"https:\/\/uk-gb.net\/es\/#website"},"datePublished":"2023-12-07T17:06:53+00:00","dateModified":"2025-06-12T07:56:35+00:00","description":"\u00bfNecesitas un visado o documento de viaje para viajar a Liverpool? Echamos un vistazo a los tr\u00e1mites necesarios","inLanguage":"es","potentialAction":[{"@type":"ReadAction","target":["https:\/\/uk-gb.net\/es\/visa-para-liverpool\/"]}]},{"@type":"WebSite","@id":"https:\/\/uk-gb.net\/es\/#website","url":"https:\/\/uk-gb.net\/es\/","name":"UK GB","description":"Travel to the UK","potentialAction":[{"@type":"SearchAction","target":{"@type":"EntryPoint","urlTemplate":"https:\/\/uk-gb.net\/es\/?s={search_term_string}"},"query-input":{"@type":"PropertyValueSpecification","valueRequired":true,"valueName":"search_term_string"}}],"inLanguage":"es"}]}},"_links":{"self":[{"href":"https:\/\/uk-gb.net\/es\/wp-json\/wp\/v2\/pages\/916","targetHints":{"allow":["GET"]}}],"collection":[{"href":"https:\/\/uk-gb.net\/es\/wp-json\/wp\/v2\/pages"}],"about":[{"href":"https:\/\/uk-gb.net\/es\/wp-json\/wp\/v2\/types\/page"}],"author":[{"embeddable":true,"href":"https:\/\/uk-gb.net\/es\/wp-json\/wp\/v2\/users\/1"}],"replies":[{"embeddable":true,"href":"https:\/\/uk-gb.net\/es\/wp-json\/wp\/v2\/comments?post=916"}],"version-history":[{"count":0,"href":"https:\/\/uk-gb.net\/es\/wp-json\/wp\/v2\/pages\/916\/revisions"}],"wp:attachment":[{"href":"https:\/\/uk-gb.net\/es\/wp-json\/wp\/v2\/media?parent=916"}],"curies":[{"name":"wp","href":"https:\/\/api.w.org\/{rel}","templated":true}]}}