{"id":909,"date":"2023-12-07T17:29:32","date_gmt":"2023-12-07T17:29:32","guid":{"rendered":"https:\/\/uk-gb.net\/visado-para-glasgow\/"},"modified":"2025-08-27T16:51:07","modified_gmt":"2025-08-27T15:51:07","slug":"visado-para-glasgow","status":"publish","type":"page","link":"https:\/\/uk-gb.net\/es\/visado-para-glasgow\/","title":{"rendered":"Visado para viajar a Glasgow"},"content":{"rendered":"\n<h1 class=\"wp-block-heading\">\u00bfNecesitas visado para viajar a Glasgow?<\/h1>\n\n<p>Glasgow es una ciudad del oeste de Escocia, a orillas del r\u00edo Clyde. Los extranjeros que deseen viajar a Glasgow deben estar en posesi\u00f3n de un permiso de viaje del Reino Unido. Existen varios tipos de autorizaci\u00f3n de viaje disponibles para viajar a Glasgow. Veamos las distintas opciones.<\/p>\n\n<h2 class=\"wp-block-heading\">\u00bfQu\u00e9 tipo de autorizaci\u00f3n de viaje necesito para Glasgow?<\/h2>\n\n<p><a href=\"https:\/\/www.visitscotland.com\/places-to-go\/glasgow\">Glasgow<\/a> es la capital de Escocia, por lo que todos los extranjeros que deseen entrar en el Reino Unido a trav\u00e9s de Glasgow deben estar en posesi\u00f3n de una autorizaci\u00f3n de viaje v\u00e1lida. Dependiendo del prop\u00f3sito de su estancia en Glasgow, los visitantes pueden solicitar un <a href=\"https:\/\/uk-gb.net\/es\/visado-turista-inglaterra-reino-unido\/\">visado de turista<\/a>.<\/p>\n\n<p><strong>Para estancias inferiores a 6 meses<\/strong>: No necesita obtener un visado para Glasgow, ya que la mayor\u00eda de los pa\u00edses europeos eximen a sus nacionales de la obligaci\u00f3n de visado. Sin embargo, desde marzo de 2025, estos nacionales exentos de visado deben obtener <a href=\"https:\/\/uk-gb.net\/es\/formulario-visado-eta-en-linea-inglaterra\/\">una autorizaci\u00f3n ETA en l\u00ednea<\/a> antes de embarcar hacia el Reino Unido.<\/p>\n\n<div style=\"height:10px\" aria-hidden=\"true\" class=\"wp-block-spacer\"><\/div>\n\n<h2 class=\"wp-block-heading\">\u00bfNecesito visado para hacer escala en Glasgow?<\/h2>\n\n<p>Hay dos formas de hacer escala en Glasgow:<\/p>\n\n<ul class=\"wp-block-list\">\n<li>Los viajeros pueden solicitar un <a href=\"https:\/\/uk-gb.net\/es\/visa-de-transito-en-inglaterra-reino-unido\/\">visado de tr\u00e1nsito<\/a> para hacer escala en Glasgow ;<\/li>\n\n\n\n<li>Si el viajero es nacional de un <a href=\"https:\/\/uk-gb.net\/es\/paises-que-pueden-solicitar-eta-reino-unido\/\">pa\u00eds incluido en el Programa de Exenci\u00f3n de Visado del Reino Unido<\/a>, puede <a href=\"https:\/\/uk-gb.net\/es\/formulario-visado-eta-en-linea-inglaterra\/\">solicitar un visado brit\u00e1nico ETA<\/a> para hacer escala en Glasgow sin necesidad de visado.<\/li>\n<\/ul>\n\n<div style=\"height:10px\" aria-hidden=\"true\" class=\"wp-block-spacer\"><\/div>\n\n<h2 class=\"wp-block-heading\">\u00bfCu\u00e1nto cuesta un visado a Glasgow?<\/h2>\n\n<p>El precio del visado para Glasgow depende del tipo de visado que necesite para viajar al Reino Unido. La tasa administrativa para un visado de turista visitante de hasta 6 meses es de 115 \u00a3. Para estancias m\u00e1s largas, los <a href=\"https:\/\/uk-gb.net\/es\/precio-de-visa-para-inglaterra\/\">costes administrativos del visado<\/a> son m\u00e1s elevados. Si el viajero puede obtener una <a href=\"https:\/\/uk-gb.net\/es\/eta-inglaterra-reino-unido\/\">ETA para el Reino Unido<\/a>, el precio ser\u00e1 inferior: El <a href=\"https:\/\/uk-gb.net\/es\/precio-eta-reino-unido\/\">precio de una ETA<\/a> es de 16 libras (unos 19 euros) por persona.<\/p>\n\n<h2 class=\"wp-block-heading\">\u00bfC\u00f3mo puedo obtener un visado para Glasgow?<\/h2>\n\n<p>Para obtener un visado para Glasgow, los extranjeros deben seguir un <a href=\"https:\/\/uk-gb.net\/es\/solicitud-procedimiento-visado-reino-unido\/\">procedimiento de solicitud de visado en l\u00ednea<\/a>. Este proceso consta de varias etapas:<\/p>\n\n<ul class=\"wp-block-list\">\n<li>Elija el tipo de visado en funci\u00f3n del motivo del viaje;<\/li>\n\n\n\n<li>Re\u00fana los justificantes necesarios;<\/li>\n\n\n\n<li>Rellene el formulario de solicitud de visado en l\u00ednea ;<\/li>\n\n\n\n<li>Pagar la <a href=\"https:\/\/uk-gb.net\/es\/precio-de-visa-para-inglaterra\/\">tasa de visado<\/a>;<\/li>\n\n\n\n<li>Concierte una cita con una <a href=\"https:\/\/uk-gb.net\/es\/embajada-britanica-en-espana\/\">embajada brit\u00e1nica<\/a>;<\/li>\n\n\n\n<li>Presentaci\u00f3n de documentos para finalizar la solicitud de visado;<\/li>\n\n\n\n<li>Asista a una <a href=\"https:\/\/uk-gb.net\/es\/cita-para-visa-embajada-inglaterra\/\">entrevista para el visado<\/a> si su solicitud lo requiere.<\/li>\n<\/ul>\n\n<div style=\"height:10px\" aria-hidden=\"true\" class=\"wp-block-spacer\"><\/div>\n\n<h2 class=\"wp-block-heading\">Utilizar una autorizaci\u00f3n ETA para viajar a Glasgow<\/h2>\n\n<p>Los extranjeros que re\u00fanan los requisitos necesarios pueden solicitar la autorizaci\u00f3n previa de viaje a Glasgow. Se tarda muy poco en obtenerlo. El ETA para Glasgow tiene una validez de 2 a\u00f1os para estancias de hasta 6 meses consecutivos en el Reino Unido.  <\/p>\n\n<p><\/p>\n","protected":false},"excerpt":{"rendered":"<p>\u00bfNecesitas visado para viajar a Glasgow? Glasgow es una ciudad del oeste de Escocia, a orillas del r\u00edo Clyde. Los extranjeros que deseen viajar a Glasgow deben estar en posesi\u00f3n de un permiso de viaje del Reino Unido. Existen varios tipos de autorizaci\u00f3n de viaje disponibles para viajar a Glasgow. Veamos las distintas opciones. \u00bfQu\u00e9 [&hellip;]<\/p>\n","protected":false},"author":1,"featured_media":0,"parent":0,"menu_order":0,"comment_status":"closed","ping_status":"closed","template":"","meta":{"footnotes":""},"class_list":["post-909","page","type-page","status-publish","hentry"],"yoast_head":"<!-- This site is optimized with the Yoast SEO plugin v27.3 - https:\/\/yoast.com\/product\/yoast-seo-wordpress\/ -->\n<title>Visado para viajar a Glasgow - UK GB<\/title>\n<meta name=\"description\" content=\"Obtener un visado para viajar a Glasgow. Se necesita un permiso de viaje para viajar a Glasgow o hacer escala en esta ciudad.\" \/>\n<meta name=\"robots\" content=\"index, follow, max-snippet:-1, max-image-preview:large, max-video-preview:-1\" \/>\n<link rel=\"canonical\" href=\"https:\/\/uk-gb.net\/es\/visado-para-glasgow\/\" \/>\n<meta property=\"og:locale\" content=\"es_ES\" \/>\n<meta property=\"og:type\" content=\"article\" \/>\n<meta property=\"og:title\" content=\"Visado para viajar a Glasgow - UK GB\" \/>\n<meta property=\"og:description\" content=\"Obtener un visado para viajar a Glasgow. Se necesita un permiso de viaje para viajar a Glasgow o hacer escala en esta ciudad.\" \/>\n<meta property=\"og:url\" content=\"https:\/\/uk-gb.net\/es\/visado-para-glasgow\/\" \/>\n<meta property=\"og:site_name\" content=\"UK GB\" \/>\n<meta property=\"article:modified_time\" content=\"2025-08-27T15:51:07+00:00\" \/>\n<meta name=\"twitter:card\" content=\"summary_large_image\" \/>\n<meta name=\"twitter:label1\" content=\"Tiempo de lectura\" \/>\n\t<meta name=\"twitter:data1\" content=\"2 minutos\" \/>\n<script type=\"application\/ld+json\" class=\"yoast-schema-graph\">{\"@context\":\"https:\\\/\\\/schema.org\",\"@graph\":[{\"@type\":\"WebPage\",\"@id\":\"https:\\\/\\\/uk-gb.net\\\/es\\\/visado-para-glasgow\\\/\",\"url\":\"https:\\\/\\\/uk-gb.net\\\/es\\\/visado-para-glasgow\\\/\",\"name\":\"Visado para viajar a Glasgow - UK GB\",\"isPartOf\":{\"@id\":\"https:\\\/\\\/uk-gb.net\\\/es\\\/#website\"},\"datePublished\":\"2023-12-07T17:29:32+00:00\",\"dateModified\":\"2025-08-27T15:51:07+00:00\",\"description\":\"Obtener un visado para viajar a Glasgow. Se necesita un permiso de viaje para viajar a Glasgow o hacer escala en esta ciudad.\",\"inLanguage\":\"es\",\"potentialAction\":[{\"@type\":\"ReadAction\",\"target\":[\"https:\\\/\\\/uk-gb.net\\\/es\\\/visado-para-glasgow\\\/\"]}]},{\"@type\":\"WebSite\",\"@id\":\"https:\\\/\\\/uk-gb.net\\\/es\\\/#website\",\"url\":\"https:\\\/\\\/uk-gb.net\\\/es\\\/\",\"name\":\"UK GB\",\"description\":\"Travel to the UK\",\"potentialAction\":[{\"@type\":\"SearchAction\",\"target\":{\"@type\":\"EntryPoint\",\"urlTemplate\":\"https:\\\/\\\/uk-gb.net\\\/es\\\/?s={search_term_string}\"},\"query-input\":{\"@type\":\"PropertyValueSpecification\",\"valueRequired\":true,\"valueName\":\"search_term_string\"}}],\"inLanguage\":\"es\"}]}<\/script>\n<!-- \/ Yoast SEO plugin. -->","yoast_head_json":{"title":"Visado para viajar a Glasgow - UK GB","description":"Obtener un visado para viajar a Glasgow. Se necesita un permiso de viaje para viajar a Glasgow o hacer escala en esta ciudad.","robots":{"index":"index","follow":"follow","max-snippet":"max-snippet:-1","max-image-preview":"max-image-preview:large","max-video-preview":"max-video-preview:-1"},"canonical":"https:\/\/uk-gb.net\/es\/visado-para-glasgow\/","og_locale":"es_ES","og_type":"article","og_title":"Visado para viajar a Glasgow - UK GB","og_description":"Obtener un visado para viajar a Glasgow. Se necesita un permiso de viaje para viajar a Glasgow o hacer escala en esta ciudad.","og_url":"https:\/\/uk-gb.net\/es\/visado-para-glasgow\/","og_site_name":"UK GB","article_modified_time":"2025-08-27T15:51:07+00:00","twitter_card":"summary_large_image","twitter_misc":{"Tiempo de lectura":"2 minutos"},"schema":{"@context":"https:\/\/schema.org","@graph":[{"@type":"WebPage","@id":"https:\/\/uk-gb.net\/es\/visado-para-glasgow\/","url":"https:\/\/uk-gb.net\/es\/visado-para-glasgow\/","name":"Visado para viajar a Glasgow - UK GB","isPartOf":{"@id":"https:\/\/uk-gb.net\/es\/#website"},"datePublished":"2023-12-07T17:29:32+00:00","dateModified":"2025-08-27T15:51:07+00:00","description":"Obtener un visado para viajar a Glasgow. Se necesita un permiso de viaje para viajar a Glasgow o hacer escala en esta ciudad.","inLanguage":"es","potentialAction":[{"@type":"ReadAction","target":["https:\/\/uk-gb.net\/es\/visado-para-glasgow\/"]}]},{"@type":"WebSite","@id":"https:\/\/uk-gb.net\/es\/#website","url":"https:\/\/uk-gb.net\/es\/","name":"UK GB","description":"Travel to the UK","potentialAction":[{"@type":"SearchAction","target":{"@type":"EntryPoint","urlTemplate":"https:\/\/uk-gb.net\/es\/?s={search_term_string}"},"query-input":{"@type":"PropertyValueSpecification","valueRequired":true,"valueName":"search_term_string"}}],"inLanguage":"es"}]}},"_links":{"self":[{"href":"https:\/\/uk-gb.net\/es\/wp-json\/wp\/v2\/pages\/909","targetHints":{"allow":["GET"]}}],"collection":[{"href":"https:\/\/uk-gb.net\/es\/wp-json\/wp\/v2\/pages"}],"about":[{"href":"https:\/\/uk-gb.net\/es\/wp-json\/wp\/v2\/types\/page"}],"author":[{"embeddable":true,"href":"https:\/\/uk-gb.net\/es\/wp-json\/wp\/v2\/users\/1"}],"replies":[{"embeddable":true,"href":"https:\/\/uk-gb.net\/es\/wp-json\/wp\/v2\/comments?post=909"}],"version-history":[{"count":0,"href":"https:\/\/uk-gb.net\/es\/wp-json\/wp\/v2\/pages\/909\/revisions"}],"wp:attachment":[{"href":"https:\/\/uk-gb.net\/es\/wp-json\/wp\/v2\/media?parent=909"}],"curies":[{"name":"wp","href":"https:\/\/api.w.org\/{rel}","templated":true}]}}