{"id":900,"date":"2023-12-07T16:56:29","date_gmt":"2023-12-07T16:56:29","guid":{"rendered":"https:\/\/uk-gb.net\/visado-para-edimburgo\/"},"modified":"2026-04-02T11:21:04","modified_gmt":"2026-04-02T10:21:04","slug":"visado-para-edimburgo","status":"publish","type":"page","link":"https:\/\/uk-gb.net\/es\/visado-para-edimburgo\/","title":{"rendered":"Visado para viajar a Edimburgo"},"content":{"rendered":"\n<p><a href=\"https:\/\/uk-gb.net\/es\/edimburgo\/\" type=\"page\" id=\"4933\">Edimburgo<\/a> es una ciudad del sureste de Escocia, a orillas del estuario del Forth. Capital de Escocia desde el siglo XV, es famosa por su patrimonio hist\u00f3rico, su notable arquitectura y su papel cultural, sobre todo a trav\u00e9s de festivales de renombre como el Festival Internacional de Edimburgo y el Fringe. <\/p>\n\n<h1 class=\"wp-block-heading\">Visado para viajar a Edimburgo<\/h1>\n\n<p><br\/>Los extranjeros que deseen viajar a Edimburgo deben estar en posesi\u00f3n de un permiso de viaje expedido por el Reino Unido. Existen varios tipos de autorizaci\u00f3n de viaje disponibles para viajar a Edimburgo. <\/p>\n\n<h2 class=\"wp-block-heading\">\u00bfNecesito visado para Edimburgo?<\/h2>\n\n<p><a href=\"https:\/\/uk-gb.net\/es\/edimburgo\/\" type=\"page\" id=\"4933\">Edimburgo<\/a> es la capital de Escocia, por lo que todos los extranjeros que deseen entrar en el Reino Unido a trav\u00e9s de Edimburgo deben estar en posesi\u00f3n de una autorizaci\u00f3n de viaje v\u00e1lida. Dependiendo del prop\u00f3sito de su estancia en Edimburgo, los visitantes pueden solicitar un <a href=\"https:\/\/uk-gb.net\/es\/visado-turista-inglaterra-reino-unido\/\">visado de turista<\/a>. <\/p>\n\n<p><strong>Para estancias inferiores a 6 meses<\/strong>: No es necesario obtener un visado para Edimburgo, ya que la mayor\u00eda de los pa\u00edses europeos eximen a sus nacionales de la obligaci\u00f3n de visado. Recientemente, algunos pa\u00edses de Oriente Pr\u00f3ximo tambi\u00e9n han podido obtener una <a href=\"https:\/\/uk-gb.net\/es\/formulario-visado-eta-en-linea-inglaterra\/\">autorizaci\u00f3n de viaje ETA en l\u00ednea<\/a> de forma sencilla y f\u00e1cil. <\/p>\n\n<div style=\"height:10px\" aria-hidden=\"true\" class=\"wp-block-spacer\"><\/div>\n\n<h2 class=\"wp-block-heading\">\u00bfNecesito visado para hacer escala en Edimburgo?<\/h2>\n\n<p>Hay dos formas de hacer escala en Edimburgo:<\/p>\n\n<ul class=\"wp-block-list\">\n<li>Los viajeros pueden solicitar un <a href=\"https:\/\/uk-gb.net\/es\/visa-de-transito-en-inglaterra-reino-unido\/\">visado de tr\u00e1nsito<\/a> para hacer escala en Edimburgo ;<\/li>\n\n\n\n<li>Si el viajero es nacional de un <a href=\"https:\/\/uk-gb.net\/es\/paises-que-pueden-solicitar-eta-reino-unido\/\">pa\u00eds miembro del Programa de Exenci\u00f3n de Visado del Reino Unido<\/a>, puede <a href=\"https:\/\/uk-gb.net\/es\/formulario-visado-eta-en-linea-inglaterra\/\">solicitar un ETA brit\u00e1nico<\/a> para hacer escala en Edimburgo sin visado.<\/li>\n<\/ul>\n\n<div style=\"height:10px\" aria-hidden=\"true\" class=\"wp-block-spacer\"><\/div>\n\n<h2 class=\"wp-block-heading\">\u00bfCu\u00e1nto cuesta un visado para Edimburgo?<\/h2>\n\n<p>El precio del visado para Edimburgo depende del tipo de visado que necesite para viajar al Reino Unido. La tasa administrativa para un visado de turista visitante de hasta 6 meses es de 115 \u00a3. Para estancias m\u00e1s largas, los <a href=\"https:\/\/uk-gb.net\/es\/precio-de-visa-para-inglaterra\/\">costes administrativos del visado<\/a> son m\u00e1s elevados. Si el viajero puede obtener una <a href=\"https:\/\/uk-gb.net\/es\/eta-inglaterra-reino-unido\/\">ETA para el Reino Unido<\/a>, el precio ser\u00e1 inferior: El <a href=\"https:\/\/uk-gb.net\/es\/precio-eta-reino-unido\/\">precio de una ETA<\/a> es ahora de 20 \u00a3.<\/p>\n\n<h2 class=\"wp-block-heading\">\u00bfC\u00f3mo puedo obtener un visado para Edimburgo?<\/h2>\n\n<p>Para obtener un visado para Edimburgo, los extranjeros deben seguir un <a href=\"https:\/\/uk-gb.net\/es\/solicitud-procedimiento-visado-reino-unido\/\">procedimiento de solicitud de visado en l\u00ednea<\/a>. Este proceso consta de varias etapas: <\/p>\n\n<ul class=\"wp-block-list\">\n<li>Elija el tipo de visado en funci\u00f3n del motivo del viaje;<\/li>\n\n\n\n<li>Re\u00fana los justificantes necesarios;<\/li>\n\n\n\n<li>Rellene el formulario de solicitud de visado en l\u00ednea ;<\/li>\n\n\n\n<li>Pagar la <a href=\"https:\/\/uk-gb.net\/es\/precio-de-visa-para-inglaterra\/\">tasa de visado<\/a>;<\/li>\n\n\n\n<li>Concierte una cita con una <a href=\"https:\/\/uk-gb.net\/es\/embajada-britanica-en-espana\/\">embajada brit\u00e1nica<\/a>;<\/li>\n\n\n\n<li>Presentaci\u00f3n de documentos para finalizar la solicitud de visado;<\/li>\n\n\n\n<li>Asista a una <a href=\"https:\/\/uk-gb.net\/es\/cita-para-visa-embajada-inglaterra\/\">entrevista para el visado<\/a> si su solicitud lo requiere.<\/li>\n<\/ul>\n\n<div style=\"height:10px\" aria-hidden=\"true\" class=\"wp-block-spacer\"><\/div>\n\n<h2 class=\"wp-block-heading\">\u00bfNecesito autorizaci\u00f3n ETA para Edimburgo?<\/h2>\n\n<p>Los extranjeros que re\u00fanan los requisitos necesarios pueden solicitar una autorizaci\u00f3n previa de viaje (ETA) para viajar a Edimburgo. Se tarda muy poco en obtenerlo. El ETA para Edimburgo tiene una validez de 2 a\u00f1os para estancias de hasta 6 meses consecutivos en el Reino Unido.  <\/p>\n","protected":false},"excerpt":{"rendered":"<p>Edimburgo es una ciudad del sureste de Escocia, a orillas del estuario del Forth. Capital de Escocia desde el siglo XV, es famosa por su patrimonio hist\u00f3rico, su notable arquitectura y su papel cultural, sobre todo a trav\u00e9s de festivales de renombre como el Festival Internacional de Edimburgo y el Fringe. Visado para viajar a [&hellip;]<\/p>\n","protected":false},"author":1,"featured_media":0,"parent":0,"menu_order":0,"comment_status":"closed","ping_status":"closed","template":"","meta":{"footnotes":""},"class_list":["post-900","page","type-page","status-publish","hentry"],"yoast_head":"<!-- This site is optimized with the Yoast SEO plugin v27.3 - https:\/\/yoast.com\/product\/yoast-seo-wordpress\/ -->\n<title>Visado para viajar a Edimburgo - UK GB<\/title>\n<meta name=\"description\" content=\"Obtener un visado o documento de viaje para Edimburgo. Se necesita permiso para viajar a Edimburgo o hacer escala en esta ciudad.\" \/>\n<meta name=\"robots\" content=\"index, follow, max-snippet:-1, max-image-preview:large, max-video-preview:-1\" \/>\n<link rel=\"canonical\" href=\"https:\/\/uk-gb.net\/es\/visado-para-edimburgo\/\" \/>\n<meta property=\"og:locale\" content=\"es_ES\" \/>\n<meta property=\"og:type\" content=\"article\" \/>\n<meta property=\"og:title\" content=\"Visado para viajar a Edimburgo - UK GB\" \/>\n<meta property=\"og:description\" content=\"Obtener un visado o documento de viaje para Edimburgo. Se necesita permiso para viajar a Edimburgo o hacer escala en esta ciudad.\" \/>\n<meta property=\"og:url\" content=\"https:\/\/uk-gb.net\/es\/visado-para-edimburgo\/\" \/>\n<meta property=\"og:site_name\" content=\"UK GB\" \/>\n<meta property=\"article:modified_time\" content=\"2026-04-02T10:21:04+00:00\" \/>\n<meta name=\"twitter:card\" content=\"summary_large_image\" \/>\n<meta name=\"twitter:label1\" content=\"Tiempo de lectura\" \/>\n\t<meta name=\"twitter:data1\" content=\"2 minutos\" \/>\n<script type=\"application\/ld+json\" class=\"yoast-schema-graph\">{\"@context\":\"https:\\\/\\\/schema.org\",\"@graph\":[{\"@type\":\"WebPage\",\"@id\":\"https:\\\/\\\/uk-gb.net\\\/es\\\/visado-para-edimburgo\\\/\",\"url\":\"https:\\\/\\\/uk-gb.net\\\/es\\\/visado-para-edimburgo\\\/\",\"name\":\"Visado para viajar a Edimburgo - UK GB\",\"isPartOf\":{\"@id\":\"https:\\\/\\\/uk-gb.net\\\/es\\\/#website\"},\"datePublished\":\"2023-12-07T16:56:29+00:00\",\"dateModified\":\"2026-04-02T10:21:04+00:00\",\"description\":\"Obtener un visado o documento de viaje para Edimburgo. Se necesita permiso para viajar a Edimburgo o hacer escala en esta ciudad.\",\"inLanguage\":\"es\",\"potentialAction\":[{\"@type\":\"ReadAction\",\"target\":[\"https:\\\/\\\/uk-gb.net\\\/es\\\/visado-para-edimburgo\\\/\"]}]},{\"@type\":\"WebSite\",\"@id\":\"https:\\\/\\\/uk-gb.net\\\/es\\\/#website\",\"url\":\"https:\\\/\\\/uk-gb.net\\\/es\\\/\",\"name\":\"UK GB\",\"description\":\"Travel to the UK\",\"potentialAction\":[{\"@type\":\"SearchAction\",\"target\":{\"@type\":\"EntryPoint\",\"urlTemplate\":\"https:\\\/\\\/uk-gb.net\\\/es\\\/?s={search_term_string}\"},\"query-input\":{\"@type\":\"PropertyValueSpecification\",\"valueRequired\":true,\"valueName\":\"search_term_string\"}}],\"inLanguage\":\"es\"}]}<\/script>\n<!-- \/ Yoast SEO plugin. -->","yoast_head_json":{"title":"Visado para viajar a Edimburgo - UK GB","description":"Obtener un visado o documento de viaje para Edimburgo. Se necesita permiso para viajar a Edimburgo o hacer escala en esta ciudad.","robots":{"index":"index","follow":"follow","max-snippet":"max-snippet:-1","max-image-preview":"max-image-preview:large","max-video-preview":"max-video-preview:-1"},"canonical":"https:\/\/uk-gb.net\/es\/visado-para-edimburgo\/","og_locale":"es_ES","og_type":"article","og_title":"Visado para viajar a Edimburgo - UK GB","og_description":"Obtener un visado o documento de viaje para Edimburgo. Se necesita permiso para viajar a Edimburgo o hacer escala en esta ciudad.","og_url":"https:\/\/uk-gb.net\/es\/visado-para-edimburgo\/","og_site_name":"UK GB","article_modified_time":"2026-04-02T10:21:04+00:00","twitter_card":"summary_large_image","twitter_misc":{"Tiempo de lectura":"2 minutos"},"schema":{"@context":"https:\/\/schema.org","@graph":[{"@type":"WebPage","@id":"https:\/\/uk-gb.net\/es\/visado-para-edimburgo\/","url":"https:\/\/uk-gb.net\/es\/visado-para-edimburgo\/","name":"Visado para viajar a Edimburgo - UK GB","isPartOf":{"@id":"https:\/\/uk-gb.net\/es\/#website"},"datePublished":"2023-12-07T16:56:29+00:00","dateModified":"2026-04-02T10:21:04+00:00","description":"Obtener un visado o documento de viaje para Edimburgo. Se necesita permiso para viajar a Edimburgo o hacer escala en esta ciudad.","inLanguage":"es","potentialAction":[{"@type":"ReadAction","target":["https:\/\/uk-gb.net\/es\/visado-para-edimburgo\/"]}]},{"@type":"WebSite","@id":"https:\/\/uk-gb.net\/es\/#website","url":"https:\/\/uk-gb.net\/es\/","name":"UK GB","description":"Travel to the UK","potentialAction":[{"@type":"SearchAction","target":{"@type":"EntryPoint","urlTemplate":"https:\/\/uk-gb.net\/es\/?s={search_term_string}"},"query-input":{"@type":"PropertyValueSpecification","valueRequired":true,"valueName":"search_term_string"}}],"inLanguage":"es"}]}},"_links":{"self":[{"href":"https:\/\/uk-gb.net\/es\/wp-json\/wp\/v2\/pages\/900","targetHints":{"allow":["GET"]}}],"collection":[{"href":"https:\/\/uk-gb.net\/es\/wp-json\/wp\/v2\/pages"}],"about":[{"href":"https:\/\/uk-gb.net\/es\/wp-json\/wp\/v2\/types\/page"}],"author":[{"embeddable":true,"href":"https:\/\/uk-gb.net\/es\/wp-json\/wp\/v2\/users\/1"}],"replies":[{"embeddable":true,"href":"https:\/\/uk-gb.net\/es\/wp-json\/wp\/v2\/comments?post=900"}],"version-history":[{"count":0,"href":"https:\/\/uk-gb.net\/es\/wp-json\/wp\/v2\/pages\/900\/revisions"}],"wp:attachment":[{"href":"https:\/\/uk-gb.net\/es\/wp-json\/wp\/v2\/media?parent=900"}],"curies":[{"name":"wp","href":"https:\/\/api.w.org\/{rel}","templated":true}]}}