{"id":870,"date":"2023-12-19T16:05:55","date_gmt":"2023-12-19T16:05:55","guid":{"rendered":"https:\/\/uk-gb.net\/visado-inglaterra-desde-arabia-saudita\/"},"modified":"2025-11-17T17:46:31","modified_gmt":"2025-11-17T17:46:31","slug":"visado-inglaterra-desde-arabia-saudita","status":"publish","type":"page","link":"https:\/\/uk-gb.net\/es\/visado-inglaterra-desde-arabia-saudita\/","title":{"rendered":"Visado para el Reino Unido procedente de Arabia Saud\u00ed"},"content":{"rendered":"\n<h1 class=\"wp-block-heading\">Visado de viaje al Reino Unido para ciudadanos de Arabia Saud\u00ed<\/h1>\n\n<p>\u00bfEres ciudadano o residente de Arabia Saud\u00ed y quieres viajar al Reino Unido? Inf\u00f3rmate sobre los tr\u00e1mites que debes cumplir, el sistema ETA, los tipos de visado disponibles y los pasos necesarios para presentar tu solicitud. <\/p>\n\n<h2 class=\"wp-block-heading\">\u00bfNecesito visado para viajar de Arabia Saud\u00ed al Reino Unido?<\/h2>\n\n<p>Desde el <strong>22 de febrero de 2024<\/strong>, los ciudadanos saud\u00edes ya no necesitan <a href=\"https:\/\/uk-gb.net\/es\/visado-turista-inglaterra-reino-unido\/\">visado de turista<\/a> para viajar al Reino Unido. Los ciudadanos saud\u00edes pueden obtener una autorizaci\u00f3n electr\u00f3nica de viaje que les permite permanecer en el Reino Unido hasta <strong>6 meses<\/strong>.<\/p>\n\n<p><strong>Para obtener esta autorizaci\u00f3n de viaje en s\u00f3lo unos minutos<\/strong>, rellena el <a href=\"https:\/\/uk-gb.net\/es\/formulario-visado-eta-en-linea-inglaterra\/\">formulario ETA en l\u00ednea<\/a>.<\/p>\n\n<div style=\"height:10px\" aria-hidden=\"true\" class=\"wp-block-spacer\"><\/div>\n\n<p>Esta autorizaci\u00f3n electr\u00f3nica de viaje te permite permanecer en el Reino Unido durante :<\/p>\n\n<ul class=\"wp-block-list\">\n<li>un viaje tur\u00edstico,<\/li>\n\n\n\n<li>un viaje de negocios,<\/li>\n\n\n\n<li>una visita familiar,<\/li>\n\n\n\n<li>una breve estancia de estudio,<\/li>\n\n\n\n<li>o tr\u00e1nsito aeroportuario.<\/li>\n<\/ul>\n\n<div style=\"height:10px\" aria-hidden=\"true\" class=\"wp-block-spacer\"><\/div>\n\n<h2 class=\"wp-block-heading\">\u00bfC\u00f3mo solicito un ETA para el Reino Unido desde Arabia Saud\u00ed?<\/h2>\n\n<p>Solicitar una <a href=\"https:\/\/uk-gb.net\/es\/eta-inglaterra-reino-unido\/\">ETA para el Reino Unido<\/a> es sencillo y 100% online:<\/p>\n\n<ol class=\"wp-block-list\">\n<li><strong>Visita el portal oficial<\/strong>: <a>gov.uk\/eta<\/a><\/li>\n\n\n\n<li>Rellena <strong>el formulario<\/strong> con los datos personales del viajero.<\/li>\n\n\n\n<li><strong>Sube una foto<\/strong> (como un selfie) directamente a trav\u00e9s del formulario o de la aplicaci\u00f3n m\u00f3vil.<\/li>\n\n\n\n<li><strong>Paga la tasa<\/strong> de unas <strong>16 libras (19 euros)<\/strong> con tarjeta de cr\u00e9dito.<\/li>\n\n\n\n<li><strong>Recibe tu ETA por correo electr\u00f3nico<\/strong> en unos minutos hasta un m\u00e1ximo de 3 d\u00edas.<\/li>\n<\/ol>\n\n<p>El ETA es <strong>v\u00e1lido durante 2 a\u00f1os<\/strong> o hasta que caduque el pasaporte. Permite <strong>m\u00faltiples entradas<\/strong> en el Reino Unido durante este periodo. <\/p>\n\n<h2 class=\"wp-block-heading\">\u00bfQui\u00e9n puede solicitar un ETA a Arabia Saud\u00ed?<\/h2>\n\n<p>El ETA s\u00f3lo est\u00e1 disponible para los <strong>ciudadanos<\/strong> saud\u00edes titulares de un <strong>pasaporte biom\u00e9trico<\/strong>. Los extranjeros residentes en Arabia Saud\u00ed que no sean ciudadanos de un pa\u00eds elegible deben <a href=\"https:\/\/uk-gb.net\/es\/solicitud-procedimiento-visado-reino-unido\/\">solicitar un visado brit\u00e1nico<\/a> en el <a href=\"https:\/\/uk-gb.net\/es\/embajada-britanica-en-espana\/\">Consulado Brit\u00e1nico<\/a>. <\/p>\n\n<h2 class=\"wp-block-heading\">\u00bfNecesito un visado si no cumplo las condiciones de la ETA?<\/h2>\n\n<p>S\u00ed. Si eres : <\/p>\n\n<ul class=\"wp-block-list\">\n<li>No ser nacional de un <a href=\"https:\/\/uk-gb.net\/es\/paises-que-pueden-solicitar-eta-reino-unido\/\">pa\u00eds con derecho a ETA<\/a>,<\/li>\n\n\n\n<li>O si deseas permanecer en el Reino Unido <strong>m\u00e1s de 6 meses<\/strong>,<\/li>\n\n\n\n<li>O si vas a <strong>trabajar, casarte o estudiar durante mucho tiempo<\/strong>,<\/li>\n<\/ul>\n\n<p>debes <strong>solicitar un visado est\u00e1ndar para el Reino Unido<\/strong>.<\/p>\n\n<h2 class=\"wp-block-heading\">\u00bfD\u00f3nde puedo solicitar un visado para el Reino Unido desde Arabia Saud\u00ed?<\/h2>\n\n<p>Las solicitudes de visado pueden realizarse en la p\u00e1gina web oficial <a class=\"\" href=\"https:\/\/www.gov.uk\">www.gov.uk.<\/a> Una vez que hayas enviado el formulario y pagado, tendr\u00e1s que <strong>pedir cita en un centro TLScontact<\/strong> o <strong>VFS Global<\/strong> en :<\/p>\n\n<ul class=\"wp-block-list\">\n<li>Riad<\/li>\n\n\n\n<li>Jeddah<\/li>\n\n\n\n<li>o Al Khobar<\/li>\n<\/ul>\n\n<p>Tendr\u00e1s que ir all\u00ed con los documentos originales y que te tomen <strong>las huellas dactilares biom\u00e9tricas<\/strong>.<\/p>\n\n<h2 class=\"wp-block-heading\">\u00bfQu\u00e9 tipos de visado hay disponibles?<\/h2>\n\n<p>Si no puedes obtener un ETA, puedes solicitar uno de los siguientes visados:<\/p>\n\n<ul class=\"wp-block-list\">\n<li><a href=\"https:\/\/uk-gb.net\/es\/visado-turista-inglaterra-reino-unido\/\">Visado de turista<\/a><\/li>\n\n\n\n<li><a href=\"https:\/\/uk-gb.net\/es\/visa-de-estudiante-para-inglaterra\/\">Visado de estudiante<\/a><\/li>\n\n\n\n<li><a href=\"https:\/\/uk-gb.net\/es\/visa-de-negocios-para-inglaterra-reino-unido\/\">Visado de negocios<\/a><\/li>\n\n\n\n<li><strong>Visado familiar<\/strong><\/li>\n\n\n\n<li><strong>Visado de trabajo<\/strong><\/li>\n\n\n\n<li><a href=\"https:\/\/uk-gb.net\/es\/visa-de-transito-en-inglaterra-reino-unido\/\">Visado de tr\u00e1nsito<\/a><\/li>\n<\/ul>\n\n<div style=\"height:10px\" aria-hidden=\"true\" class=\"wp-block-spacer\"><\/div>\n\n<h2 class=\"wp-block-heading\">\u00bfPuedo viajar al Reino Unido desde Arabia Saud\u00ed sin visado?<\/h2>\n\n<p>No, incluso para un simple <strong>tr\u00e1nsito aeroportuario sin salida<\/strong>, los ciudadanos saud\u00edes deben obtener <strong>una autorizaci\u00f3n ETA<\/strong> antes de partir hacia un destino a trav\u00e9s del Reino Unido.<\/p>\n\n<p>Los ciudadanos saud\u00edes pueden hacer escala en el Reino Unido de dos formas:<\/p>\n\n<ul class=\"wp-block-list\">\n<li>Los viajeros saud\u00edes pueden solicitar un <a href=\"https:\/\/uk-gb.net\/es\/visa-de-transito-en-inglaterra-reino-unido\/\">visado de tr\u00e1nsito<\/a> para hacer escala;<\/li>\n\n\n\n<li>Los viajeros saud\u00edes ya pueden viajar con autorizaci\u00f3n de <a href=\"https:\/\/uk-gb.net\/es\/eta-inglaterra-reino-unido\/\">ETA UK<\/a> para hacer escala en Inglaterra sin visado.<\/li>\n<\/ul>\n","protected":false},"excerpt":{"rendered":"<p>Visado de viaje al Reino Unido para ciudadanos de Arabia Saud\u00ed \u00bfEres ciudadano o residente de Arabia Saud\u00ed y quieres viajar al Reino Unido? Inf\u00f3rmate sobre los tr\u00e1mites que debes cumplir, el sistema ETA, los tipos de visado disponibles y los pasos necesarios para presentar tu solicitud. \u00bfNecesito visado para viajar de Arabia Saud\u00ed al [&hellip;]<\/p>\n","protected":false},"author":1,"featured_media":0,"parent":0,"menu_order":0,"comment_status":"closed","ping_status":"closed","template":"","meta":{"footnotes":""},"class_list":["post-870","page","type-page","status-publish","hentry"],"yoast_head":"<!-- This site is optimized with the Yoast SEO plugin v27.4 - https:\/\/yoast.com\/product\/yoast-seo-wordpress\/ -->\n<title>Visado para el Reino Unido procedente de Arabia Saud\u00ed - UK GB<\/title>\n<meta name=\"description\" content=\"\u00bfCu\u00e1les son los tr\u00e1mites administrativos para un ciudadano saud\u00ed que desee viajar al Reino Unido?\" \/>\n<meta name=\"robots\" content=\"index, follow, max-snippet:-1, max-image-preview:large, max-video-preview:-1\" \/>\n<link rel=\"canonical\" href=\"https:\/\/uk-gb.net\/es\/visado-inglaterra-desde-arabia-saudita\/\" \/>\n<meta property=\"og:locale\" content=\"es_ES\" \/>\n<meta property=\"og:type\" content=\"article\" \/>\n<meta property=\"og:title\" content=\"Visado para el Reino Unido procedente de Arabia Saud\u00ed - UK GB\" \/>\n<meta property=\"og:description\" content=\"\u00bfCu\u00e1les son los tr\u00e1mites administrativos para un ciudadano saud\u00ed que desee viajar al Reino Unido?\" \/>\n<meta property=\"og:url\" content=\"https:\/\/uk-gb.net\/es\/visado-inglaterra-desde-arabia-saudita\/\" \/>\n<meta property=\"og:site_name\" content=\"UK GB\" \/>\n<meta property=\"article:modified_time\" content=\"2025-11-17T17:46:31+00:00\" \/>\n<meta name=\"twitter:card\" content=\"summary_large_image\" \/>\n<meta name=\"twitter:label1\" content=\"Tiempo de lectura\" \/>\n\t<meta name=\"twitter:data1\" content=\"3 minutos\" \/>\n<script type=\"application\/ld+json\" class=\"yoast-schema-graph\">{\"@context\":\"https:\\\/\\\/schema.org\",\"@graph\":[{\"@type\":\"WebPage\",\"@id\":\"https:\\\/\\\/uk-gb.net\\\/es\\\/visado-inglaterra-desde-arabia-saudita\\\/\",\"url\":\"https:\\\/\\\/uk-gb.net\\\/es\\\/visado-inglaterra-desde-arabia-saudita\\\/\",\"name\":\"Visado para el Reino Unido procedente de Arabia Saud\u00ed - UK GB\",\"isPartOf\":{\"@id\":\"https:\\\/\\\/uk-gb.net\\\/es\\\/#website\"},\"datePublished\":\"2023-12-19T16:05:55+00:00\",\"dateModified\":\"2025-11-17T17:46:31+00:00\",\"description\":\"\u00bfCu\u00e1les son los tr\u00e1mites administrativos para un ciudadano saud\u00ed que desee viajar al Reino Unido?\",\"inLanguage\":\"es\",\"potentialAction\":[{\"@type\":\"ReadAction\",\"target\":[\"https:\\\/\\\/uk-gb.net\\\/es\\\/visado-inglaterra-desde-arabia-saudita\\\/\"]}]},{\"@type\":\"WebSite\",\"@id\":\"https:\\\/\\\/uk-gb.net\\\/es\\\/#website\",\"url\":\"https:\\\/\\\/uk-gb.net\\\/es\\\/\",\"name\":\"UK GB\",\"description\":\"Travel to the UK\",\"potentialAction\":[{\"@type\":\"SearchAction\",\"target\":{\"@type\":\"EntryPoint\",\"urlTemplate\":\"https:\\\/\\\/uk-gb.net\\\/es\\\/?s={search_term_string}\"},\"query-input\":{\"@type\":\"PropertyValueSpecification\",\"valueRequired\":true,\"valueName\":\"search_term_string\"}}],\"inLanguage\":\"es\"}]}<\/script>\n<!-- \/ Yoast SEO plugin. -->","yoast_head_json":{"title":"Visado para el Reino Unido procedente de Arabia Saud\u00ed - UK GB","description":"\u00bfCu\u00e1les son los tr\u00e1mites administrativos para un ciudadano saud\u00ed que desee viajar al Reino Unido?","robots":{"index":"index","follow":"follow","max-snippet":"max-snippet:-1","max-image-preview":"max-image-preview:large","max-video-preview":"max-video-preview:-1"},"canonical":"https:\/\/uk-gb.net\/es\/visado-inglaterra-desde-arabia-saudita\/","og_locale":"es_ES","og_type":"article","og_title":"Visado para el Reino Unido procedente de Arabia Saud\u00ed - UK GB","og_description":"\u00bfCu\u00e1les son los tr\u00e1mites administrativos para un ciudadano saud\u00ed que desee viajar al Reino Unido?","og_url":"https:\/\/uk-gb.net\/es\/visado-inglaterra-desde-arabia-saudita\/","og_site_name":"UK GB","article_modified_time":"2025-11-17T17:46:31+00:00","twitter_card":"summary_large_image","twitter_misc":{"Tiempo de lectura":"3 minutos"},"schema":{"@context":"https:\/\/schema.org","@graph":[{"@type":"WebPage","@id":"https:\/\/uk-gb.net\/es\/visado-inglaterra-desde-arabia-saudita\/","url":"https:\/\/uk-gb.net\/es\/visado-inglaterra-desde-arabia-saudita\/","name":"Visado para el Reino Unido procedente de Arabia Saud\u00ed - UK GB","isPartOf":{"@id":"https:\/\/uk-gb.net\/es\/#website"},"datePublished":"2023-12-19T16:05:55+00:00","dateModified":"2025-11-17T17:46:31+00:00","description":"\u00bfCu\u00e1les son los tr\u00e1mites administrativos para un ciudadano saud\u00ed que desee viajar al Reino Unido?","inLanguage":"es","potentialAction":[{"@type":"ReadAction","target":["https:\/\/uk-gb.net\/es\/visado-inglaterra-desde-arabia-saudita\/"]}]},{"@type":"WebSite","@id":"https:\/\/uk-gb.net\/es\/#website","url":"https:\/\/uk-gb.net\/es\/","name":"UK GB","description":"Travel to the UK","potentialAction":[{"@type":"SearchAction","target":{"@type":"EntryPoint","urlTemplate":"https:\/\/uk-gb.net\/es\/?s={search_term_string}"},"query-input":{"@type":"PropertyValueSpecification","valueRequired":true,"valueName":"search_term_string"}}],"inLanguage":"es"}]}},"_links":{"self":[{"href":"https:\/\/uk-gb.net\/es\/wp-json\/wp\/v2\/pages\/870","targetHints":{"allow":["GET"]}}],"collection":[{"href":"https:\/\/uk-gb.net\/es\/wp-json\/wp\/v2\/pages"}],"about":[{"href":"https:\/\/uk-gb.net\/es\/wp-json\/wp\/v2\/types\/page"}],"author":[{"embeddable":true,"href":"https:\/\/uk-gb.net\/es\/wp-json\/wp\/v2\/users\/1"}],"replies":[{"embeddable":true,"href":"https:\/\/uk-gb.net\/es\/wp-json\/wp\/v2\/comments?post=870"}],"version-history":[{"count":0,"href":"https:\/\/uk-gb.net\/es\/wp-json\/wp\/v2\/pages\/870\/revisions"}],"wp:attachment":[{"href":"https:\/\/uk-gb.net\/es\/wp-json\/wp\/v2\/media?parent=870"}],"curies":[{"name":"wp","href":"https:\/\/api.w.org\/{rel}","templated":true}]}}