{"id":862,"date":"2023-12-07T16:36:32","date_gmt":"2023-12-07T16:36:32","guid":{"rendered":"https:\/\/uk-gb.net\/visa-de-nino-para-inglaterra\/"},"modified":"2026-01-05T15:28:39","modified_gmt":"2026-01-05T15:28:39","slug":"visa-de-nino-para-inglaterra","status":"publish","type":"page","link":"https:\/\/uk-gb.net\/es\/visa-de-nino-para-inglaterra\/","title":{"rendered":"Visado infantil para viajar a Inglaterra y el Reino Unido"},"content":{"rendered":"\n<p>Los ni\u00f1os, al igual que los adultos, necesitan un visado para entrar en Inglaterra si no son ciudadanos de un pa\u00eds exento de visado. Los requisitos pueden variar en funci\u00f3n de la nacionalidad del menor y de la duraci\u00f3n de la estancia prevista. <\/p>\n\n<p><strong>Para una estancia de corta duraci\u00f3n en el Reino Unido<\/strong>: no es necesario que obtengas un visado para menores si eres nacional de un <a href=\"https:\/\/uk-gb.net\/es\/paises-que-pueden-solicitar-eta-reino-unido\/\">pa\u00eds que puede acogerse a la ETA del Reino Unido<\/a>. Basta con que cumplimentes el <a href=\"https:\/\/uk-gb.net\/es\/formulario-visado-eta-en-linea-inglaterra\/\">formulario eTA en l\u00ednea<\/a> en nombre de tu hijo.<\/p>\n\n<div style=\"height:10px\" aria-hidden=\"true\" class=\"wp-block-spacer\"><\/div>\n\n<h2 class=\"wp-block-heading\">\u00bfQu\u00e9 tipos de visado brit\u00e1nico hay para ni\u00f1os?<\/h2>\n\n<h3 class=\"wp-block-heading\">Visado de turista para ni\u00f1os<\/h3>\n\n<p>El <a href=\"https:\/\/uk-gb.net\/es\/visado-turista-inglaterra-reino-unido\/\">visado de turista del Reino Unido<\/a> es el tipo de visado m\u00e1s com\u00fan para los menores que viajan a Inglaterra de vacaciones o para visitar a amigos y familiares. Este visado permite una estancia de seis meses.<\/p>\n\n<h3 class=\"wp-block-heading\">Visado de estudiante para un hijo<\/h3>\n\n<p>Si tu hijo tiene previsto estudiar en Inglaterra, necesitar\u00e1 un <a href=\"https:\/\/uk-gb.net\/es\/visa-de-estudiante-para-inglaterra\/\">visado de estudiante brit\u00e1nico<\/a>. Hay distintos tipos de visado de estudiante, seg\u00fan la edad del menor y la duraci\u00f3n de sus estudios.<\/p>\n\n<h3 class=\"wp-block-heading\">Visado familiar para que un hijo pueda viajar al Reino Unido<\/h3>\n\n<p>Para los ni\u00f1os que se re\u00fanan con sus padres o tutores que vivan en Inglaterra, puede ser necesario un <a href=\"https:\/\/uk-gb.net\/es\/visa-familiar-para-inglaterra\/\">visado familiar ingl\u00e9s<\/a>. Este tipo de visado se utiliza generalmente para estancias de larga duraci\u00f3n.<\/p>\n\n<h2 class=\"wp-block-heading\">Procedimiento de solicitud de visado para un hijo menor<\/h2>\n\n<h3 class=\"wp-block-heading\">Documentos necesarios para solicitar un visado para ni\u00f1os<\/h3>\n\n<p>Aqu\u00ed tienes la lista de documentos necesarios para solicitar un visado para un hijo menor:<\/p>\n\n<ul class=\"wp-block-list\">\n<li>Un pasaporte v\u00e1lido para el menor.<\/li>\n\n\n\n<li>Una foto reciente de pasaporte.<\/li>\n\n\n\n<li>El impreso de solicitud de visado cumplimentado.<\/li>\n\n\n\n<li>Prueba de recursos econ\u00f3micos suficientes.<\/li>\n\n\n\n<li>Una carta de invitaci\u00f3n (si procede).<\/li>\n\n\n\n<li>Justificante de matr\u00edcula escolar (para visados de estudiante).<\/li>\n<\/ul>\n\n<div style=\"height:10px\" aria-hidden=\"true\" class=\"wp-block-spacer\"><\/div>\n\n<h3 class=\"wp-block-heading\">Pasos para solicitar un visado para un hijo<\/h3>\n\n<ul class=\"wp-block-list\">\n<li>Rellena el formulario de solicitud de visado en l\u00ednea en el sitio web del gobierno del Reino Unido.<\/li>\n\n\n\n<li>Pide <a href=\"https:\/\/uk-gb.net\/es\/cita-para-visa-embajada-inglaterra\/\">cita para solicitar un visado<\/a> en un centro de visados para presentar los documentos requeridos y facilitar los datos biom\u00e9tricos del menor.<\/li>\n\n\n\n<li>Paga las <a href=\"https:\/\/uk-gb.net\/es\/precio-de-visa-para-inglaterra\/\">tasas de visado<\/a> seg\u00fan el tipo de visado y la duraci\u00f3n de la estancia.<\/li>\n\n\n\n<li>Espera unas semanas a que se tramiten las solicitudes de visado antes de obtener una decisi\u00f3n definitiva.<\/li>\n<\/ul>\n\n<div style=\"height:10px\" aria-hidden=\"true\" class=\"wp-block-spacer\"><\/div>\n\n<div style=\"height:10px\" aria-hidden=\"true\" class=\"wp-block-spacer\"><\/div>\n","protected":false},"excerpt":{"rendered":"<p>Los ni\u00f1os, al igual que los adultos, necesitan un visado para entrar en Inglaterra si no son ciudadanos de un pa\u00eds exento de visado. Los requisitos pueden variar en funci\u00f3n de la nacionalidad del menor y de la duraci\u00f3n de la estancia prevista. Para una estancia de corta duraci\u00f3n en el Reino Unido: no es [&hellip;]<\/p>\n","protected":false},"author":1,"featured_media":0,"parent":0,"menu_order":0,"comment_status":"closed","ping_status":"closed","template":"","meta":{"footnotes":""},"class_list":["post-862","page","type-page","status-publish","hentry"],"yoast_head":"<!-- This site is optimized with the Yoast SEO plugin v27.3 - https:\/\/yoast.com\/product\/yoast-seo-wordpress\/ -->\n<title>Visado infantil para viajar a Inglaterra y el Reino Unido - UK GB<\/title>\n<meta name=\"description\" content=\"La obtenci\u00f3n de un visado de viaje para ni\u00f1os a Inglaterra le permite viajar al Reino Unido durante un periodo de tiempo determinado.\" \/>\n<meta name=\"robots\" content=\"index, follow, max-snippet:-1, max-image-preview:large, max-video-preview:-1\" \/>\n<link rel=\"canonical\" href=\"https:\/\/uk-gb.net\/es\/visa-de-nino-para-inglaterra\/\" \/>\n<meta property=\"og:locale\" content=\"es_ES\" \/>\n<meta property=\"og:type\" content=\"article\" \/>\n<meta property=\"og:title\" content=\"Visado infantil para viajar a Inglaterra y el Reino Unido - UK GB\" \/>\n<meta property=\"og:description\" content=\"La obtenci\u00f3n de un visado de viaje para ni\u00f1os a Inglaterra le permite viajar al Reino Unido durante un periodo de tiempo determinado.\" \/>\n<meta property=\"og:url\" content=\"https:\/\/uk-gb.net\/es\/visa-de-nino-para-inglaterra\/\" \/>\n<meta property=\"og:site_name\" content=\"UK GB\" \/>\n<meta property=\"article:modified_time\" content=\"2026-01-05T15:28:39+00:00\" \/>\n<meta name=\"twitter:card\" content=\"summary_large_image\" \/>\n<meta name=\"twitter:label1\" content=\"Tiempo de lectura\" \/>\n\t<meta name=\"twitter:data1\" content=\"2 minutos\" \/>\n<script type=\"application\/ld+json\" class=\"yoast-schema-graph\">{\"@context\":\"https:\\\/\\\/schema.org\",\"@graph\":[{\"@type\":\"WebPage\",\"@id\":\"https:\\\/\\\/uk-gb.net\\\/es\\\/visa-de-nino-para-inglaterra\\\/\",\"url\":\"https:\\\/\\\/uk-gb.net\\\/es\\\/visa-de-nino-para-inglaterra\\\/\",\"name\":\"Visado infantil para viajar a Inglaterra y el Reino Unido - UK GB\",\"isPartOf\":{\"@id\":\"https:\\\/\\\/uk-gb.net\\\/es\\\/#website\"},\"datePublished\":\"2023-12-07T16:36:32+00:00\",\"dateModified\":\"2026-01-05T15:28:39+00:00\",\"description\":\"La obtenci\u00f3n de un visado de viaje para ni\u00f1os a Inglaterra le permite viajar al Reino Unido durante un periodo de tiempo determinado.\",\"inLanguage\":\"es\",\"potentialAction\":[{\"@type\":\"ReadAction\",\"target\":[\"https:\\\/\\\/uk-gb.net\\\/es\\\/visa-de-nino-para-inglaterra\\\/\"]}]},{\"@type\":\"WebSite\",\"@id\":\"https:\\\/\\\/uk-gb.net\\\/es\\\/#website\",\"url\":\"https:\\\/\\\/uk-gb.net\\\/es\\\/\",\"name\":\"UK GB\",\"description\":\"Travel to the UK\",\"potentialAction\":[{\"@type\":\"SearchAction\",\"target\":{\"@type\":\"EntryPoint\",\"urlTemplate\":\"https:\\\/\\\/uk-gb.net\\\/es\\\/?s={search_term_string}\"},\"query-input\":{\"@type\":\"PropertyValueSpecification\",\"valueRequired\":true,\"valueName\":\"search_term_string\"}}],\"inLanguage\":\"es\"}]}<\/script>\n<!-- \/ Yoast SEO plugin. -->","yoast_head_json":{"title":"Visado infantil para viajar a Inglaterra y el Reino Unido - UK GB","description":"La obtenci\u00f3n de un visado de viaje para ni\u00f1os a Inglaterra le permite viajar al Reino Unido durante un periodo de tiempo determinado.","robots":{"index":"index","follow":"follow","max-snippet":"max-snippet:-1","max-image-preview":"max-image-preview:large","max-video-preview":"max-video-preview:-1"},"canonical":"https:\/\/uk-gb.net\/es\/visa-de-nino-para-inglaterra\/","og_locale":"es_ES","og_type":"article","og_title":"Visado infantil para viajar a Inglaterra y el Reino Unido - UK GB","og_description":"La obtenci\u00f3n de un visado de viaje para ni\u00f1os a Inglaterra le permite viajar al Reino Unido durante un periodo de tiempo determinado.","og_url":"https:\/\/uk-gb.net\/es\/visa-de-nino-para-inglaterra\/","og_site_name":"UK GB","article_modified_time":"2026-01-05T15:28:39+00:00","twitter_card":"summary_large_image","twitter_misc":{"Tiempo de lectura":"2 minutos"},"schema":{"@context":"https:\/\/schema.org","@graph":[{"@type":"WebPage","@id":"https:\/\/uk-gb.net\/es\/visa-de-nino-para-inglaterra\/","url":"https:\/\/uk-gb.net\/es\/visa-de-nino-para-inglaterra\/","name":"Visado infantil para viajar a Inglaterra y el Reino Unido - UK GB","isPartOf":{"@id":"https:\/\/uk-gb.net\/es\/#website"},"datePublished":"2023-12-07T16:36:32+00:00","dateModified":"2026-01-05T15:28:39+00:00","description":"La obtenci\u00f3n de un visado de viaje para ni\u00f1os a Inglaterra le permite viajar al Reino Unido durante un periodo de tiempo determinado.","inLanguage":"es","potentialAction":[{"@type":"ReadAction","target":["https:\/\/uk-gb.net\/es\/visa-de-nino-para-inglaterra\/"]}]},{"@type":"WebSite","@id":"https:\/\/uk-gb.net\/es\/#website","url":"https:\/\/uk-gb.net\/es\/","name":"UK GB","description":"Travel to the UK","potentialAction":[{"@type":"SearchAction","target":{"@type":"EntryPoint","urlTemplate":"https:\/\/uk-gb.net\/es\/?s={search_term_string}"},"query-input":{"@type":"PropertyValueSpecification","valueRequired":true,"valueName":"search_term_string"}}],"inLanguage":"es"}]}},"_links":{"self":[{"href":"https:\/\/uk-gb.net\/es\/wp-json\/wp\/v2\/pages\/862","targetHints":{"allow":["GET"]}}],"collection":[{"href":"https:\/\/uk-gb.net\/es\/wp-json\/wp\/v2\/pages"}],"about":[{"href":"https:\/\/uk-gb.net\/es\/wp-json\/wp\/v2\/types\/page"}],"author":[{"embeddable":true,"href":"https:\/\/uk-gb.net\/es\/wp-json\/wp\/v2\/users\/1"}],"replies":[{"embeddable":true,"href":"https:\/\/uk-gb.net\/es\/wp-json\/wp\/v2\/comments?post=862"}],"version-history":[{"count":0,"href":"https:\/\/uk-gb.net\/es\/wp-json\/wp\/v2\/pages\/862\/revisions"}],"wp:attachment":[{"href":"https:\/\/uk-gb.net\/es\/wp-json\/wp\/v2\/media?parent=862"}],"curies":[{"name":"wp","href":"https:\/\/api.w.org\/{rel}","templated":true}]}}