{"id":8557,"date":"2025-09-05T14:11:50","date_gmt":"2025-09-05T13:11:50","guid":{"rendered":"https:\/\/uk-gb.net\/road-trip-cotswolds-road\/"},"modified":"2025-09-06T13:37:50","modified_gmt":"2025-09-06T12:37:50","slug":"road-trip-cotswolds-road","status":"publish","type":"page","link":"https:\/\/uk-gb.net\/es\/road-trip-cotswolds-road\/","title":{"rendered":"Viaje por carretera a los Cotswolds desde Oxford: pueblos e itinerario"},"content":{"rendered":"\n<h1 class=\"wp-block-heading\">Cotswolds Viaje por carretera desde Oxford<\/h1>\n\n<p>A s\u00f3lo dos horas de <a href=\"https:\/\/uk-gb.net\/es\/londres\/\">Londres<\/a>, <a href=\"https:\/\/uk-gb.net\/es\/oxford\/\">Oxford<\/a> es el punto de partida ideal para descubrir los Cotswolds, declarados Zona de Extraordinaria Belleza Natural. Con sus pintorescos pueblos de piedra de miel, verdes colinas ondulantes y carreteras sinuosas, la Ruta de los Cotswolds es uno de los mejores viajes por carretera del Reino Unido. Esta ruta es perfecta para un fin de semana largo o un viaje de varios d\u00edas por la campi\u00f1a inglesa.  <\/p>\n\n<h2 class=\"wp-block-heading\">\u00bfPor qu\u00e9 elegir los Cotswolds para un viaje por carretera?<\/h2>\n\n<p>La regi\u00f3n cautiva por su atm\u00f3sfera intemporal y su rico patrimonio. Viajar a los Cotswolds significa disfrutar de : <\/p>\n\n<ul class=\"wp-block-list\">\n<li>pueblos emblem\u00e1ticos como Bibury, <a href=\"https:\/\/bourtoninfo.com\/\">Bourton-on-the-Water<\/a> y Stow-on-the-Wold<\/li>\n\n\n\n<li>casas solariegas hist\u00f3ricas, castillos y abad\u00edas medievales<\/li>\n\n\n\n<li>campi\u00f1a ondulada ideal para hacer senderismo y escapadas fotogr\u00e1ficas<\/li>\n\n\n\n<li>un estilo de vida t\u00edpicamente ingl\u00e9s, con pubs tradicionales, salones de t\u00e9 y mercados locales<\/li>\n<\/ul>\n\n<p>Es el destino perfecto para los amantes de la naturaleza, la historia y el encanto brit\u00e1nico.<\/p>\n\n<figure class=\"wp-block-image size-large\"><img decoding=\"async\" src=\"https:\/\/uk-gb.net\/wp-content\/uploads\/2025\/06\/cotswolds-road-1024x695.jpg\" alt=\"Foto del viaje por carretera a los Cotswolds\" class=\"wp-image-7731\"\/><figcaption class=\"wp-element-caption\">Imagen de viaje por carretera de los Cotswolds<\/figcaption><\/figure>\n\n<h2 class=\"wp-block-heading\">Itinerario desde Oxford<\/h2>\n\n<p>Desde Oxford, hay varias rutas por los Cotswolds. Un itinerario cl\u00e1sico de 3 a 5 d\u00edas incluye: <\/p>\n\n<ol class=\"wp-block-list\">\n<li>Oxford \u2192 Burford: primera parada en un pueblo apodado la \u00abPuerta de los Cotswolds\u00bb, con sus casas de piedra y tiendas de antig\u00fcedades.<\/li>\n\n\n\n<li>Bibury: considerado el pueblo m\u00e1s bonito de Inglaterra, junto con Arlington Row.<\/li>\n\n\n\n<li><a href=\"https:\/\/bourtoninfo.com\/\">Bourton-on-the-Water<\/a>: apodada la \u00abVenecia de los Cotswolds\u00bb, atravesada por encantadores puentecitos.<\/li>\n\n\n\n<li>Stow-on-the-Wold: antigua ciudad mercado medieval, famosa por su iglesia y sus antig\u00fcedades.<\/li>\n\n\n\n<li>Broadway y Chipping Campden: pueblos hist\u00f3ricos con casitas t\u00edpicas y punto de partida para explorar la Torre de Broadway.<\/li>\n\n\n\n<li>Vuelve a Oxford, pasando por algunos pueblos menos conocidos pero igualmente pintorescos.<\/li>\n<\/ol>\n\n<div style=\"height:10px\" aria-hidden=\"true\" class=\"wp-block-spacer\"><\/div>\n\n<h2 class=\"wp-block-heading\">\u00bfCu\u00e1ndo ir a los Cotswolds?<\/h2>\n\n<ul class=\"wp-block-list\">\n<li><strong>Primavera<\/strong>: ideal para admirar los jardines en flor, los campos de colza y disfrutar del clima suave.<\/li>\n\n\n\n<li><strong>Verano<\/strong>: la estaci\u00f3n m\u00e1s concurrida, perfecta para festivales y mercados, pero los pueblos pueden ser muy tur\u00edsticos.<\/li>\n\n\n\n<li><strong>Oto\u00f1o<\/strong>: una magn\u00edfica \u00e9poca del a\u00f1o, con los flamantes colores de los \u00e1rboles y un ambiente m\u00e1s tranquilo.<\/li>\n\n\n\n<li><strong>Invierno<\/strong>: ambiente rom\u00e1ntico, ideal para ir a bares junto a la chimenea, pero algunas atracciones tur\u00edsticas est\u00e1n cerradas.<\/li>\n<\/ul>\n\n<div style=\"height:10px\" aria-hidden=\"true\" class=\"wp-block-spacer\"><\/div>\n\n<h2 class=\"wp-block-heading\">Consejos pr\u00e1cticos para un buen viaje por carretera<\/h2>\n\n<p>El \u00e9xito de un viaje por carretera en los Cotswolds depende tanto de la elecci\u00f3n de la ruta como de la preparaci\u00f3n. En cuanto al transporte, es aconsejable optar por un coche peque\u00f1o para moverse con facilidad por las estrechas y sinuosas carreteras de la campi\u00f1a inglesa. Conducir por los Cotswolds es accesible y menos exigente que en algunas de las rutas m\u00e1s salvajes, como la <a href=\"https:\/\/uk-gb.net\/es\/north-coast-500-road-trip\/\">North Coast 500 de Escocia<\/a>, lo que la convierte en una ruta ideal para un primer viaje por carretera en el Reino Unido.  <\/p>\n\n<p>El alojamiento tambi\u00e9n desempe\u00f1a un papel fundamental en la experiencia. Los pueblos albergan un gran n\u00famero de casas de hu\u00e9spedes, casas rurales t\u00edpicas y hoteles con encanto. En temporada alta, el n\u00famero de turistas es elevado, por lo que es mejor reservar con antelaci\u00f3n para garantizar las mejores direcciones y evitar sorpresas desagradables. Planificar algunas paradas estrat\u00e9gicas te permite equilibrar las visitas culturales, las escapadas a la naturaleza y los momentos de relax en los pubs tradicionales que est\u00e1n en el coraz\u00f3n del modo de vida brit\u00e1nico.   <\/p>\n\n<p>Por \u00faltimo, una buena preparaci\u00f3n garantiza un viaje sin estr\u00e9s. Los Cotswolds tambi\u00e9n se pueden explorar a pie, por lo que conviene llevar calzado c\u00f3modo para visitar los pueblos y disfrutar de los paseos. El tiempo puede ser inconstante, as\u00ed que es mejor meter en la maleta ropa adecuada para todas las estaciones, incluso para el verano. Como la cobertura de red no siempre es fiable en algunas zonas rurales, es aconsejable llevar un GPS o descargar un mapa sin conexi\u00f3n. Y para partir sin preocupaciones, no olvides informarte con antelaci\u00f3n sobre <a href=\"https:\/\/uk-gb.net\/es\/visado-reino-unido\/\">los tr\u00e1mites del visado para el Reino Unido<\/a>, que son obligatorios para determinados viajeros en funci\u00f3n de su nacionalidad.    <\/p>\n\n<h2 class=\"wp-block-heading\">Lugares imprescindibles de la Ruta de los Cotswolds<\/h2>\n\n<ul class=\"wp-block-list\">\n<li><a href=\"https:\/\/www.bibury.com\/arlington-row\/\">Arlington Row en Bibury<\/a>, imagen emblem\u00e1tica de los Cotswolds<\/li>\n\n\n\n<li>El encantador pueblo de <a href=\"https:\/\/bourtoninfo.com\/\">Bourton-on-the-Water<\/a><\/li>\n\n\n\n<li><a href=\"https:\/\/broadwaytower.co.uk\/\">La Torre Broadway<\/a>, encaramada en lo alto de una colina que ofrece vistas panor\u00e1micas<\/li>\n\n\n\n<li>Mercado cubierto <a href=\"https:\/\/en.wikipedia.org\/wiki\/Chipping_Campden\">de Chipping Campden<\/a><\/li>\n\n\n\n<li>Rutas de senderismo como la <a href=\"https:\/\/www.nationaltrail.co.uk\/en_GB\/trails\/cotswold-way\/\">Cotswold Way<\/a><\/li>\n<\/ul>\n\n<div style=\"height:10px\" aria-hidden=\"true\" class=\"wp-block-spacer\"><\/div>\n\n<h2 class=\"wp-block-heading\">En pocas palabras<\/h2>\n\n<p>Un viaje por carretera a los Cotswolds desde Oxford es una inmersi\u00f3n en la Inglaterra de postal. Con sus pintorescos pueblos, su ondulante campi\u00f1a y su patrimonio hist\u00f3rico, esta ruta ofrece una aut\u00e9ntica escapada llena de encanto. Ya sea durante unos d\u00edas o una semana, es un viaje inolvidable por una de las regiones m\u00e1s bellas del Reino Unido.  <\/p>\n","protected":false},"excerpt":{"rendered":"<p>Cotswolds Viaje por carretera desde Oxford A s\u00f3lo dos horas de Londres, Oxford es el punto de partida ideal para descubrir los Cotswolds, declarados Zona de Extraordinaria Belleza Natural. Con sus pintorescos pueblos de piedra de miel, verdes colinas ondulantes y carreteras sinuosas, la Ruta de los Cotswolds es uno de los mejores viajes por [&hellip;]<\/p>\n","protected":false},"author":1,"featured_media":0,"parent":0,"menu_order":0,"comment_status":"closed","ping_status":"closed","template":"","meta":{"footnotes":""},"class_list":["post-8557","page","type-page","status-publish","hentry"],"yoast_head":"<!-- This site is optimized with the Yoast SEO plugin v27.4 - https:\/\/yoast.com\/product\/yoast-seo-wordpress\/ -->\n<title>Viaje por carretera a los Cotswolds desde Oxford: pueblos e itinerario - UK GB<\/title>\n<meta name=\"description\" content=\"Sal de Oxford en un viaje por carretera a trav\u00e9s de los Cotswolds. Descubre Bibury, Bourton-on-the-Water, Stow-on-the-Wold y los pueblos m\u00e1s bonitos.\" \/>\n<meta name=\"robots\" content=\"index, follow, max-snippet:-1, max-image-preview:large, max-video-preview:-1\" \/>\n<link rel=\"canonical\" href=\"https:\/\/uk-gb.net\/es\/road-trip-cotswolds-road\/\" \/>\n<meta property=\"og:locale\" content=\"es_ES\" \/>\n<meta property=\"og:type\" content=\"article\" \/>\n<meta property=\"og:title\" content=\"Viaje por carretera a los Cotswolds desde Oxford: pueblos e itinerario - UK GB\" \/>\n<meta property=\"og:description\" content=\"Sal de Oxford en un viaje por carretera a trav\u00e9s de los Cotswolds. Descubre Bibury, Bourton-on-the-Water, Stow-on-the-Wold y los pueblos m\u00e1s bonitos.\" \/>\n<meta property=\"og:url\" content=\"https:\/\/uk-gb.net\/es\/road-trip-cotswolds-road\/\" \/>\n<meta property=\"og:site_name\" content=\"UK GB\" \/>\n<meta property=\"article:modified_time\" content=\"2025-09-06T12:37:50+00:00\" \/>\n<meta property=\"og:image\" content=\"https:\/\/uk-gb.net\/wp-content\/uploads\/2025\/06\/cotswolds-road-e1750836905787.jpg\" \/>\n\t<meta property=\"og:image:width\" content=\"1200\" \/>\n\t<meta property=\"og:image:height\" content=\"698\" \/>\n\t<meta property=\"og:image:type\" content=\"image\/jpeg\" \/>\n<meta name=\"twitter:card\" content=\"summary_large_image\" \/>\n<meta name=\"twitter:label1\" content=\"Tiempo de lectura\" \/>\n\t<meta name=\"twitter:data1\" content=\"4 minutos\" \/>\n<script type=\"application\/ld+json\" class=\"yoast-schema-graph\">{\"@context\":\"https:\\\/\\\/schema.org\",\"@graph\":[{\"@type\":\"WebPage\",\"@id\":\"https:\\\/\\\/uk-gb.net\\\/es\\\/road-trip-cotswolds-road\\\/\",\"url\":\"https:\\\/\\\/uk-gb.net\\\/es\\\/road-trip-cotswolds-road\\\/\",\"name\":\"Viaje por carretera a los Cotswolds desde Oxford: pueblos e itinerario - UK GB\",\"isPartOf\":{\"@id\":\"https:\\\/\\\/uk-gb.net\\\/es\\\/#website\"},\"primaryImageOfPage\":{\"@id\":\"https:\\\/\\\/uk-gb.net\\\/es\\\/road-trip-cotswolds-road\\\/#primaryimage\"},\"image\":{\"@id\":\"https:\\\/\\\/uk-gb.net\\\/es\\\/road-trip-cotswolds-road\\\/#primaryimage\"},\"thumbnailUrl\":\"https:\\\/\\\/uk-gb.net\\\/wp-content\\\/uploads\\\/2025\\\/06\\\/cotswolds-road-1024x695.jpg\",\"datePublished\":\"2025-09-05T13:11:50+00:00\",\"dateModified\":\"2025-09-06T12:37:50+00:00\",\"description\":\"Sal de Oxford en un viaje por carretera a trav\u00e9s de los Cotswolds. Descubre Bibury, Bourton-on-the-Water, Stow-on-the-Wold y los pueblos m\u00e1s bonitos.\",\"inLanguage\":\"es\",\"potentialAction\":[{\"@type\":\"ReadAction\",\"target\":[\"https:\\\/\\\/uk-gb.net\\\/es\\\/road-trip-cotswolds-road\\\/\"]}]},{\"@type\":\"ImageObject\",\"inLanguage\":\"es\",\"@id\":\"https:\\\/\\\/uk-gb.net\\\/es\\\/road-trip-cotswolds-road\\\/#primaryimage\",\"url\":\"https:\\\/\\\/uk-gb.net\\\/wp-content\\\/uploads\\\/2025\\\/06\\\/cotswolds-road-1024x695.jpg\",\"contentUrl\":\"https:\\\/\\\/uk-gb.net\\\/wp-content\\\/uploads\\\/2025\\\/06\\\/cotswolds-road-1024x695.jpg\"},{\"@type\":\"WebSite\",\"@id\":\"https:\\\/\\\/uk-gb.net\\\/es\\\/#website\",\"url\":\"https:\\\/\\\/uk-gb.net\\\/es\\\/\",\"name\":\"UK GB\",\"description\":\"Travel to the UK\",\"potentialAction\":[{\"@type\":\"SearchAction\",\"target\":{\"@type\":\"EntryPoint\",\"urlTemplate\":\"https:\\\/\\\/uk-gb.net\\\/es\\\/?s={search_term_string}\"},\"query-input\":{\"@type\":\"PropertyValueSpecification\",\"valueRequired\":true,\"valueName\":\"search_term_string\"}}],\"inLanguage\":\"es\"}]}<\/script>\n<!-- \/ Yoast SEO plugin. -->","yoast_head_json":{"title":"Viaje por carretera a los Cotswolds desde Oxford: pueblos e itinerario - UK GB","description":"Sal de Oxford en un viaje por carretera a trav\u00e9s de los Cotswolds. Descubre Bibury, Bourton-on-the-Water, Stow-on-the-Wold y los pueblos m\u00e1s bonitos.","robots":{"index":"index","follow":"follow","max-snippet":"max-snippet:-1","max-image-preview":"max-image-preview:large","max-video-preview":"max-video-preview:-1"},"canonical":"https:\/\/uk-gb.net\/es\/road-trip-cotswolds-road\/","og_locale":"es_ES","og_type":"article","og_title":"Viaje por carretera a los Cotswolds desde Oxford: pueblos e itinerario - UK GB","og_description":"Sal de Oxford en un viaje por carretera a trav\u00e9s de los Cotswolds. Descubre Bibury, Bourton-on-the-Water, Stow-on-the-Wold y los pueblos m\u00e1s bonitos.","og_url":"https:\/\/uk-gb.net\/es\/road-trip-cotswolds-road\/","og_site_name":"UK GB","article_modified_time":"2025-09-06T12:37:50+00:00","og_image":[{"width":1200,"height":698,"url":"https:\/\/uk-gb.net\/wp-content\/uploads\/2025\/06\/cotswolds-road-e1750836905787.jpg","type":"image\/jpeg"}],"twitter_card":"summary_large_image","twitter_misc":{"Tiempo de lectura":"4 minutos"},"schema":{"@context":"https:\/\/schema.org","@graph":[{"@type":"WebPage","@id":"https:\/\/uk-gb.net\/es\/road-trip-cotswolds-road\/","url":"https:\/\/uk-gb.net\/es\/road-trip-cotswolds-road\/","name":"Viaje por carretera a los Cotswolds desde Oxford: pueblos e itinerario - UK GB","isPartOf":{"@id":"https:\/\/uk-gb.net\/es\/#website"},"primaryImageOfPage":{"@id":"https:\/\/uk-gb.net\/es\/road-trip-cotswolds-road\/#primaryimage"},"image":{"@id":"https:\/\/uk-gb.net\/es\/road-trip-cotswolds-road\/#primaryimage"},"thumbnailUrl":"https:\/\/uk-gb.net\/wp-content\/uploads\/2025\/06\/cotswolds-road-1024x695.jpg","datePublished":"2025-09-05T13:11:50+00:00","dateModified":"2025-09-06T12:37:50+00:00","description":"Sal de Oxford en un viaje por carretera a trav\u00e9s de los Cotswolds. Descubre Bibury, Bourton-on-the-Water, Stow-on-the-Wold y los pueblos m\u00e1s bonitos.","inLanguage":"es","potentialAction":[{"@type":"ReadAction","target":["https:\/\/uk-gb.net\/es\/road-trip-cotswolds-road\/"]}]},{"@type":"ImageObject","inLanguage":"es","@id":"https:\/\/uk-gb.net\/es\/road-trip-cotswolds-road\/#primaryimage","url":"https:\/\/uk-gb.net\/wp-content\/uploads\/2025\/06\/cotswolds-road-1024x695.jpg","contentUrl":"https:\/\/uk-gb.net\/wp-content\/uploads\/2025\/06\/cotswolds-road-1024x695.jpg"},{"@type":"WebSite","@id":"https:\/\/uk-gb.net\/es\/#website","url":"https:\/\/uk-gb.net\/es\/","name":"UK GB","description":"Travel to the UK","potentialAction":[{"@type":"SearchAction","target":{"@type":"EntryPoint","urlTemplate":"https:\/\/uk-gb.net\/es\/?s={search_term_string}"},"query-input":{"@type":"PropertyValueSpecification","valueRequired":true,"valueName":"search_term_string"}}],"inLanguage":"es"}]}},"_links":{"self":[{"href":"https:\/\/uk-gb.net\/es\/wp-json\/wp\/v2\/pages\/8557","targetHints":{"allow":["GET"]}}],"collection":[{"href":"https:\/\/uk-gb.net\/es\/wp-json\/wp\/v2\/pages"}],"about":[{"href":"https:\/\/uk-gb.net\/es\/wp-json\/wp\/v2\/types\/page"}],"author":[{"embeddable":true,"href":"https:\/\/uk-gb.net\/es\/wp-json\/wp\/v2\/users\/1"}],"replies":[{"embeddable":true,"href":"https:\/\/uk-gb.net\/es\/wp-json\/wp\/v2\/comments?post=8557"}],"version-history":[{"count":0,"href":"https:\/\/uk-gb.net\/es\/wp-json\/wp\/v2\/pages\/8557\/revisions"}],"wp:attachment":[{"href":"https:\/\/uk-gb.net\/es\/wp-json\/wp\/v2\/media?parent=8557"}],"curies":[{"name":"wp","href":"https:\/\/api.w.org\/{rel}","templated":true}]}}