{"id":855,"date":"2023-12-07T15:10:50","date_gmt":"2023-12-07T15:10:50","guid":{"rendered":"https:\/\/uk-gb.net\/visa-familiar-para-inglaterra\/"},"modified":"2026-01-06T14:15:49","modified_gmt":"2026-01-06T14:15:49","slug":"visa-familiar-para-inglaterra","status":"publish","type":"page","link":"https:\/\/uk-gb.net\/es\/visa-familiar-para-inglaterra\/","title":{"rendered":"Visado familiar para el Reino Unido"},"content":{"rendered":"\n<h1 class=\"wp-block-heading\">Visados familiares para viajar al Reino Unido<\/h1>\n\n<p>El visado familiar brit\u00e1nico permite a un extranjero reunirse con un miembro de su familia que viva legalmente en el Reino Unido. Este visado se aplica a c\u00f3nyuges, hijos, padres y otros familiares cercanos. Aqu\u00ed tienes una gu\u00eda completa sobre las condiciones, el procedimiento y los tipos de visado familiar disponibles para venir al Reino Unido.  <\/p>\n\n<p><strong>Para estancias cortas <\/strong>: No es necesario obtener un visado; basta con rellenar el <a href=\"https:\/\/uk-gb.net\/es\/formulario-visado-eta-en-linea-inglaterra\/\">formulario ETA en l\u00ednea<\/a>.<\/p>\n\n<div style=\"height:10px\" aria-hidden=\"true\" class=\"wp-block-spacer\"><\/div>\n\n<h2 class=\"wp-block-heading\">\u00bfQui\u00e9n puede solicitar un visado familiar para el Reino Unido?<\/h2>\n\n<p>El visado familiar cubre varias situaciones. Puedes solicitarlo si deseas : <\/p>\n\n<ul class=\"wp-block-list\">\n<li>Unirte a tu c\u00f3nyuge o pareja de hecho que vive en el Reino Unido ;<\/li>\n\n\n\n<li>Vivir con un progenitor o un hijo brit\u00e1nico o residir legalmente en el Reino Unido;<\/li>\n\n\n\n<li>\u00danete a una pareja de hecho si mantienes una relaci\u00f3n estable desde hace al menos 2 a\u00f1os;<\/li>\n\n\n\n<li>Acompa\u00f1ar a un miembro de tu familia que tenga estatuto de refugiado o protecci\u00f3n humanitaria en el Reino Unido.<\/li>\n<\/ul>\n\n<p>Por lo general, el miembro de la familia con el que te re\u00fanes debe ser ciudadano brit\u00e1nico, tener estatuto de residente permanente (ILR) o tener estatuto de refugiado.<\/p>\n\n<div style=\"height:10px\" aria-hidden=\"true\" class=\"wp-block-spacer\"><\/div>\n\n<p>Desde 2024, el Reino Unido aplica el sistema <a href=\"https:\/\/uk-gb.net\/es\/eta-inglaterra-reino-unido\/\">ETA brit\u00e1nico<\/a>. Los viajeros extranjeros que cumplan los requisitos ya pueden viajar <a href=\"https:\/\/uk-gb.net\/es\/diferentes-tipos-de-visas-britanicas\/\">sin visado al Reino Unido<\/a>.<\/p>\n\n<p><strong>Para hacer una solicitud de ETA en l\u00ednea<\/strong>, s\u00f3lo tienes que rellenar el <a href=\"https:\/\/uk-gb.net\/es\/formulario-visado-eta-en-linea-inglaterra\/\">formulario de ETA en l\u00ednea<\/a>.<\/p>\n\n<div style=\"height:10px\" aria-hidden=\"true\" class=\"wp-block-spacer\"><\/div>\n\n<h2 class=\"wp-block-heading\">Criterios de elegibilidad para los visados familiares<\/h2>\n\n<p>Para poder optar a un <a href=\"https:\/\/www.gov.uk\/uk-family-visa\">visado familiar del Reino Unido<\/a>, debes cumplir al menos las siguientes condiciones:<\/p>\n\n<ul class=\"wp-block-list\">\n<li>Mantener una relaci\u00f3n aut\u00e9ntica y reconocida con un ciudadano brit\u00e1nico o un residente permanente.<\/li>\n\n\n\n<li>Demostrar que tienes recursos econ\u00f3micos suficientes para cubrir tus necesidades sin recurrir a fondos p\u00fablicos.<\/li>\n\n\n\n<li>Conocimientos adecuados de ingl\u00e9s.<\/li>\n\n\n\n<li>Proporciona una prueba de alojamiento en Inglaterra.<\/li>\n<\/ul>\n\n<div style=\"height:10px\" aria-hidden=\"true\" class=\"wp-block-spacer\"><\/div>\n\n<h2 class=\"wp-block-heading\">Pasos para solicitar un visado familiar<\/h2>\n\n<ol class=\"wp-block-list\">\n<li>Rellena el <a href=\"https:\/\/uk-gb.net\/es\/solicitud-procedimiento-visado-reino-unido\/\">formulario de solicitud de visado en l\u00ednea<\/a> en el sitio web del gobierno del Reino Unido.<\/li>\n\n\n\n<li>Prepara todos los documentos necesarios, incluida la prueba de parentesco, las pruebas econ\u00f3micas y los resultados de las pruebas de idiomas.<\/li>\n\n\n\n<li>Presenta la solicitud en l\u00ednea y paga la <a href=\"https:\/\/uk-gb.net\/es\/precio-de-visa-para-inglaterra\/\">tasa de visado<\/a> aplicable.<\/li>\n\n\n\n<li>Pide cita en un centro de solicitud de visados para facilitar tus huellas dactilares y una foto.<\/li>\n<\/ol>\n\n<div style=\"height:10px\" aria-hidden=\"true\" class=\"wp-block-spacer\"><\/div>\n\n<p>La tramitaci\u00f3n de la solicitud de visado y la adopci\u00f3n de una decisi\u00f3n pueden tardar varias semanas.<\/p>\n\n<h2 class=\"wp-block-heading\">Documentos que hay que presentar al solicitar un visado<\/h2>\n\n<p>Los documentos m\u00ednimos necesarios para solicitar un visado familiar son :<\/p>\n\n<ul class=\"wp-block-list\">\n<li>Pasaporte en vigor.<\/li>\n\n\n\n<li>Prueba de parentesco (certificado de matrimonio, partida de nacimiento, etc.).<\/li>\n\n\n\n<li>Prueba de recursos econ\u00f3micos (extractos bancarios, cartas del empleador).<\/li>\n\n\n\n<li>Prueba de nivel de ingl\u00e9s (si procede).<\/li>\n\n\n\n<li>Prueba de alojamiento en Inglaterra.<\/li>\n<\/ul>\n","protected":false},"excerpt":{"rendered":"<p>Visados familiares para viajar al Reino Unido El visado familiar brit\u00e1nico permite a un extranjero reunirse con un miembro de su familia que viva legalmente en el Reino Unido. Este visado se aplica a c\u00f3nyuges, hijos, padres y otros familiares cercanos. Aqu\u00ed tienes una gu\u00eda completa sobre las condiciones, el procedimiento y los tipos de [&hellip;]<\/p>\n","protected":false},"author":1,"featured_media":0,"parent":0,"menu_order":0,"comment_status":"closed","ping_status":"closed","template":"","meta":{"footnotes":""},"class_list":["post-855","page","type-page","status-publish","hentry"],"yoast_head":"<!-- This site is optimized with the Yoast SEO plugin v27.3 - https:\/\/yoast.com\/product\/yoast-seo-wordpress\/ -->\n<title>Visado familiar para el Reino Unido - UK GB<\/title>\n<meta name=\"description\" content=\"Obtener un visado familiar para permanecer en Inglaterra y el Reino Unido mientras dure el visado obtenido\" \/>\n<meta name=\"robots\" content=\"index, follow, max-snippet:-1, max-image-preview:large, max-video-preview:-1\" \/>\n<link rel=\"canonical\" href=\"https:\/\/uk-gb.net\/es\/visa-familiar-para-inglaterra\/\" \/>\n<meta property=\"og:locale\" content=\"es_ES\" \/>\n<meta property=\"og:type\" content=\"article\" \/>\n<meta property=\"og:title\" content=\"Visado familiar para el Reino Unido - UK GB\" \/>\n<meta property=\"og:description\" content=\"Obtener un visado familiar para permanecer en Inglaterra y el Reino Unido mientras dure el visado obtenido\" \/>\n<meta property=\"og:url\" content=\"https:\/\/uk-gb.net\/es\/visa-familiar-para-inglaterra\/\" \/>\n<meta property=\"og:site_name\" content=\"UK GB\" \/>\n<meta property=\"article:modified_time\" content=\"2026-01-06T14:15:49+00:00\" \/>\n<meta name=\"twitter:card\" content=\"summary_large_image\" \/>\n<meta name=\"twitter:label1\" content=\"Tiempo de lectura\" \/>\n\t<meta name=\"twitter:data1\" content=\"2 minutos\" \/>\n<script type=\"application\/ld+json\" class=\"yoast-schema-graph\">{\"@context\":\"https:\\\/\\\/schema.org\",\"@graph\":[{\"@type\":\"WebPage\",\"@id\":\"https:\\\/\\\/uk-gb.net\\\/es\\\/visa-familiar-para-inglaterra\\\/\",\"url\":\"https:\\\/\\\/uk-gb.net\\\/es\\\/visa-familiar-para-inglaterra\\\/\",\"name\":\"Visado familiar para el Reino Unido - UK GB\",\"isPartOf\":{\"@id\":\"https:\\\/\\\/uk-gb.net\\\/es\\\/#website\"},\"datePublished\":\"2023-12-07T15:10:50+00:00\",\"dateModified\":\"2026-01-06T14:15:49+00:00\",\"description\":\"Obtener un visado familiar para permanecer en Inglaterra y el Reino Unido mientras dure el visado obtenido\",\"inLanguage\":\"es\",\"potentialAction\":[{\"@type\":\"ReadAction\",\"target\":[\"https:\\\/\\\/uk-gb.net\\\/es\\\/visa-familiar-para-inglaterra\\\/\"]}]},{\"@type\":\"WebSite\",\"@id\":\"https:\\\/\\\/uk-gb.net\\\/es\\\/#website\",\"url\":\"https:\\\/\\\/uk-gb.net\\\/es\\\/\",\"name\":\"UK GB\",\"description\":\"Travel to the UK\",\"potentialAction\":[{\"@type\":\"SearchAction\",\"target\":{\"@type\":\"EntryPoint\",\"urlTemplate\":\"https:\\\/\\\/uk-gb.net\\\/es\\\/?s={search_term_string}\"},\"query-input\":{\"@type\":\"PropertyValueSpecification\",\"valueRequired\":true,\"valueName\":\"search_term_string\"}}],\"inLanguage\":\"es\"}]}<\/script>\n<!-- \/ Yoast SEO plugin. -->","yoast_head_json":{"title":"Visado familiar para el Reino Unido - UK GB","description":"Obtener un visado familiar para permanecer en Inglaterra y el Reino Unido mientras dure el visado obtenido","robots":{"index":"index","follow":"follow","max-snippet":"max-snippet:-1","max-image-preview":"max-image-preview:large","max-video-preview":"max-video-preview:-1"},"canonical":"https:\/\/uk-gb.net\/es\/visa-familiar-para-inglaterra\/","og_locale":"es_ES","og_type":"article","og_title":"Visado familiar para el Reino Unido - UK GB","og_description":"Obtener un visado familiar para permanecer en Inglaterra y el Reino Unido mientras dure el visado obtenido","og_url":"https:\/\/uk-gb.net\/es\/visa-familiar-para-inglaterra\/","og_site_name":"UK GB","article_modified_time":"2026-01-06T14:15:49+00:00","twitter_card":"summary_large_image","twitter_misc":{"Tiempo de lectura":"2 minutos"},"schema":{"@context":"https:\/\/schema.org","@graph":[{"@type":"WebPage","@id":"https:\/\/uk-gb.net\/es\/visa-familiar-para-inglaterra\/","url":"https:\/\/uk-gb.net\/es\/visa-familiar-para-inglaterra\/","name":"Visado familiar para el Reino Unido - UK GB","isPartOf":{"@id":"https:\/\/uk-gb.net\/es\/#website"},"datePublished":"2023-12-07T15:10:50+00:00","dateModified":"2026-01-06T14:15:49+00:00","description":"Obtener un visado familiar para permanecer en Inglaterra y el Reino Unido mientras dure el visado obtenido","inLanguage":"es","potentialAction":[{"@type":"ReadAction","target":["https:\/\/uk-gb.net\/es\/visa-familiar-para-inglaterra\/"]}]},{"@type":"WebSite","@id":"https:\/\/uk-gb.net\/es\/#website","url":"https:\/\/uk-gb.net\/es\/","name":"UK GB","description":"Travel to the UK","potentialAction":[{"@type":"SearchAction","target":{"@type":"EntryPoint","urlTemplate":"https:\/\/uk-gb.net\/es\/?s={search_term_string}"},"query-input":{"@type":"PropertyValueSpecification","valueRequired":true,"valueName":"search_term_string"}}],"inLanguage":"es"}]}},"_links":{"self":[{"href":"https:\/\/uk-gb.net\/es\/wp-json\/wp\/v2\/pages\/855","targetHints":{"allow":["GET"]}}],"collection":[{"href":"https:\/\/uk-gb.net\/es\/wp-json\/wp\/v2\/pages"}],"about":[{"href":"https:\/\/uk-gb.net\/es\/wp-json\/wp\/v2\/types\/page"}],"author":[{"embeddable":true,"href":"https:\/\/uk-gb.net\/es\/wp-json\/wp\/v2\/users\/1"}],"replies":[{"embeddable":true,"href":"https:\/\/uk-gb.net\/es\/wp-json\/wp\/v2\/comments?post=855"}],"version-history":[{"count":0,"href":"https:\/\/uk-gb.net\/es\/wp-json\/wp\/v2\/pages\/855\/revisions"}],"wp:attachment":[{"href":"https:\/\/uk-gb.net\/es\/wp-json\/wp\/v2\/media?parent=855"}],"curies":[{"name":"wp","href":"https:\/\/api.w.org\/{rel}","templated":true}]}}