{"id":847,"date":"2023-12-07T15:07:43","date_gmt":"2023-12-07T15:07:43","guid":{"rendered":"https:\/\/uk-gb.net\/visa-de-estudiante-para-inglaterra\/"},"modified":"2025-06-05T10:50:55","modified_gmt":"2025-06-05T09:50:55","slug":"visa-de-estudiante-para-inglaterra","status":"publish","type":"page","link":"https:\/\/uk-gb.net\/es\/visa-de-estudiante-para-inglaterra\/","title":{"rendered":"Visado de estudiante para el Reino Unido"},"content":{"rendered":"\n<h1 class=\"wp-block-heading\">Visado para estudiar en el Reino Unido<\/h1>\n\n<p>El <strong>visado de estudiante brit\u00e1nico<\/strong>, conocido oficialmente como <strong>visado de estudiante<\/strong>, es obligatorio para todos los estudiantes internacionales que deseen estudiar en el Reino Unido durante m\u00e1s de 6 meses. Estudiar en Inglaterra, Escocia, Gales o Irlanda del Norte te da la oportunidad de estudiar en universidades de renombre mundial como Oxford, Cambridge, Edimburgo o la UCL. <\/p>\n\n<p><strong>Para una estancia escolar inferior a 6 meses<\/strong>: No necesitas obtener un visado de estudiante brit\u00e1nico; basta con que solicites una autorizaci\u00f3n de viaje cumplimentando el <a href=\"https:\/\/uk-gb.net\/es\/formulario-visado-eta-en-linea-inglaterra\/\">formulario ETA en l\u00ednea<\/a>.<\/p>\n\n<div style=\"height:10px\" aria-hidden=\"true\" class=\"wp-block-spacer\"><\/div>\n\n<h2 class=\"wp-block-heading\">\u00bfQui\u00e9n necesita un visado de estudiante para el Reino Unido?<\/h2>\n\n<p>Debes solicitar un visado de estudiante si :<\/p>\n\n<ul class=\"wp-block-list\">\n<li>Tienes 16 a\u00f1os o m\u00e1s<\/li>\n\n\n\n<li>Haber sido admitido en un centro educativo acreditado en el Reino Unido<\/li>\n\n\n\n<li>Desees seguir un <strong>programa de estudios de m\u00e1s de 6 meses de duraci\u00f3n<\/strong><\/li>\n\n\n\n<li><strong>No eres ciudadano brit\u00e1nico o irland\u00e9s<\/strong><\/li>\n\n\n\n<li>No re\u00fanen los requisitos para obtener un <a href=\"https:\/\/uk-gb.net\/es\/eta-inglaterra-reino-unido\/\">permiso de trabajo brit\u00e1nico<\/a><\/li>\n<\/ul>\n\n<blockquote class=\"wp-block-quote is-layout-flow wp-block-quote-is-layout-flow\">\n<p>Los ciudadanos de la UE tambi\u00e9n deben solicitar un visado de estudiante tras la salida del Reino Unido de la UE.<\/p>\n<\/blockquote>\n\n<h2 class=\"wp-block-heading\">Condiciones para obtener un visado de estudiante brit\u00e1nico<\/h2>\n\n<p>Para que tu solicitud sea aceptada, debes :<\/p>\n\n<p>\u2705 Recibir una <strong>Confirmaci\u00f3n de Aceptaci\u00f3n de Estudios (CAS<\/strong>), expedida por tu universidad o centro<br\/>\u2705 Demostrar que tienes un <strong>nivel suficiente de ingl\u00e9s<\/strong> (generalmente un nivel B2 para la ense\u00f1anza superior)<br\/>\u2705 Demostrar que tienes <strong>recursos econ\u00f3micos<\/strong> suficientes para cubrir los gastos de matr\u00edcula, alojamiento y manutenci\u00f3n en tu lugar de destino<br\/>\u2705 Pagar el <strong>Recargo Sanitario de Inmigraci\u00f3n<\/strong> para beneficiarte del NHS durante tus estudios<\/p>\n\n<div style=\"height:10px\" aria-hidden=\"true\" class=\"wp-block-spacer\"><\/div>\n\n<h2 class=\"wp-block-heading\">Periodo de validez del visado de estudiante<\/h2>\n\n<p>La duraci\u00f3n del visado depende de la duraci\u00f3n del programa escolar:<\/p>\n\n<ul class=\"wp-block-list\">\n<li><strong>Para cursos de 6 a 11 meses<\/strong>: visado de duraci\u00f3n equivalente<\/li>\n\n\n\n<li><strong>Licenciatura, M\u00e1ster o Doctorado<\/strong>: duraci\u00f3n del programa + 1 \u00f3 2 meses adicionales<\/li>\n\n\n\n<li>Posibilidad de prorrogar o renovar el visado en caso de ampliaci\u00f3n de estudios o cambio de establecimiento<\/li>\n<\/ul>\n\n<p>Los licenciados pueden solicitar entonces un <strong>Visado de Graduado<\/strong>, para permanecer hasta 2 a\u00f1os despu\u00e9s de finalizar sus estudios (3 a\u00f1os para un doctorado).<\/p>\n\n<h2 class=\"wp-block-heading\">\u00bfCu\u00e1nto cuesta un visado de estudiante para el Reino Unido?<\/h2>\n\n<figure class=\"wp-block-table\"><table><tbody><tr><td>Visado de estudiante (est\u00e1ndar)<\/td><td>490 \u00a3<\/td><\/tr><tr><td>Recargo sanitario de inmigraci\u00f3n (IHS)<\/td><td>776 al a\u00f1o (o 388 \u00a3 por 6 meses)<\/td><\/tr><\/tbody><\/table><\/figure>\n\n<p>La <a href=\"https:\/\/uk-gb.net\/es\/precio-de-visa-para-inglaterra\/\">tasa de visado<\/a> se paga por Internet en el momento de la solicitud. Esta tasa <strong>no es reembolsable<\/strong>, ni siquiera en caso de denegaci\u00f3n. <\/p>\n\n<h2 class=\"wp-block-heading\">C\u00f3mo solicitar un visado de estudiante<\/h2>\n\n<ol class=\"wp-block-list\">\n<li><strong>Recibir un CAS<\/strong> del establecimiento elegido<\/li>\n\n\n\n<li><strong>Crea una cuenta en gov.uk<\/strong> y rellena el formulario de solicitud<\/li>\n\n\n\n<li><strong>Pagar tasas de visado + IHS<\/strong><\/li>\n\n\n\n<li><strong>Pide cita en un centro de solicitud de visados<\/strong> para los datos biom\u00e9tricos<\/li>\n\n\n\n<li><strong>Presentar<\/strong> documentos justificativos<\/li>\n\n\n\n<li>Esperando la decisi\u00f3n<\/li>\n<\/ol>\n\n<blockquote class=\"wp-block-quote is-layout-flow wp-block-quote-is-layout-flow\">\n<p>Una vez aprobado, tu visado te permitir\u00e1 <strong>trabajar hasta 20 horas semanales<\/strong> durante los periodos lectivos, y a tiempo completo durante las vacaciones.<\/p>\n<\/blockquote>\n\n<h2 class=\"wp-block-heading\">\u00bfPuedo estudiar en el Reino Unido con una ETA y sin visado?<\/h2>\n\n<p>S\u00ed, <strong>en algunos casos<\/strong>, se puede realizar una visita escolar al Reino Unido durante unos meses con una <a href=\"https:\/\/uk-gb.net\/es\/eta-inglaterra-reino-unido\/\">ETA para el Reino Unido<\/a>, pero esto depende de la naturaleza exacta de la visita. Aqu\u00ed tienes los detalles: <\/p>\n\n<ul class=\"wp-block-list\">\n<li>La estancia es <strong>inferior a 6 meses<\/strong><\/li>\n\n\n\n<li>Es un <strong>intercambio escolar<\/strong> o un programa <strong>no remunerado<\/strong><\/li>\n\n\n\n<li>El establecimiento de acogida est\u00e1 <strong>acreditado<\/strong> en el Reino Unido<\/li>\n\n\n\n<li>El estudiante es nacional de un <a href=\"https:\/\/uk-gb.net\/es\/paises-que-pueden-solicitar-eta-reino-unido\/\">pa\u00eds con derecho a ETA<\/a> (UE, Canad\u00e1, Jap\u00f3n, etc.)<\/li>\n\n\n\n<li>El programa no incluye <strong>trabajo, pr\u00e1cticas remuneradas ni educaci\u00f3n formal de larga duraci\u00f3n.<\/strong><\/li>\n<\/ul>\n\n<blockquote class=\"wp-block-quote is-layout-flow wp-block-quote-is-layout-flow\">\n<p>Ejemplo: un estudiante europeo va a un colegio brit\u00e1nico durante un trimestre como parte de un programa de intercambio \u2192 s\u00f3lo se necesita una ETA.<\/p>\n<\/blockquote>\n","protected":false},"excerpt":{"rendered":"<p>Visado para estudiar en el Reino Unido El visado de estudiante brit\u00e1nico, conocido oficialmente como visado de estudiante, es obligatorio para todos los estudiantes internacionales que deseen estudiar en el Reino Unido durante m\u00e1s de 6 meses. Estudiar en Inglaterra, Escocia, Gales o Irlanda del Norte te da la oportunidad de estudiar en universidades de [&hellip;]<\/p>\n","protected":false},"author":1,"featured_media":0,"parent":0,"menu_order":0,"comment_status":"closed","ping_status":"closed","template":"","meta":{"footnotes":""},"class_list":["post-847","page","type-page","status-publish","hentry"],"yoast_head":"<!-- This site is optimized with the Yoast SEO plugin v27.3 - https:\/\/yoast.com\/product\/yoast-seo-wordpress\/ -->\n<title>Visado de estudiante para el Reino Unido - UK GB<\/title>\n<meta name=\"description\" content=\"Aqu\u00ed tienes la informaci\u00f3n principal sobre los visados de estudiante para estudiar y permanecer en el Reino Unido como parte de tu curso de estudios\" \/>\n<meta name=\"robots\" content=\"index, follow, max-snippet:-1, max-image-preview:large, max-video-preview:-1\" \/>\n<link rel=\"canonical\" href=\"https:\/\/uk-gb.net\/es\/visa-de-estudiante-para-inglaterra\/\" \/>\n<meta property=\"og:locale\" content=\"es_ES\" \/>\n<meta property=\"og:type\" content=\"article\" \/>\n<meta property=\"og:title\" content=\"Visado de estudiante para el Reino Unido - UK GB\" \/>\n<meta property=\"og:description\" content=\"Aqu\u00ed tienes la informaci\u00f3n principal sobre los visados de estudiante para estudiar y permanecer en el Reino Unido como parte de tu curso de estudios\" \/>\n<meta property=\"og:url\" content=\"https:\/\/uk-gb.net\/es\/visa-de-estudiante-para-inglaterra\/\" \/>\n<meta property=\"og:site_name\" content=\"UK GB\" \/>\n<meta property=\"article:modified_time\" content=\"2025-06-05T09:50:55+00:00\" \/>\n<meta name=\"twitter:card\" content=\"summary_large_image\" \/>\n<meta name=\"twitter:label1\" content=\"Tiempo de lectura\" \/>\n\t<meta name=\"twitter:data1\" content=\"3 minutos\" \/>\n<script type=\"application\/ld+json\" class=\"yoast-schema-graph\">{\"@context\":\"https:\\\/\\\/schema.org\",\"@graph\":[{\"@type\":\"WebPage\",\"@id\":\"https:\\\/\\\/uk-gb.net\\\/es\\\/visa-de-estudiante-para-inglaterra\\\/\",\"url\":\"https:\\\/\\\/uk-gb.net\\\/es\\\/visa-de-estudiante-para-inglaterra\\\/\",\"name\":\"Visado de estudiante para el Reino Unido - UK GB\",\"isPartOf\":{\"@id\":\"https:\\\/\\\/uk-gb.net\\\/es\\\/#website\"},\"datePublished\":\"2023-12-07T15:07:43+00:00\",\"dateModified\":\"2025-06-05T09:50:55+00:00\",\"description\":\"Aqu\u00ed tienes la informaci\u00f3n principal sobre los visados de estudiante para estudiar y permanecer en el Reino Unido como parte de tu curso de estudios\",\"inLanguage\":\"es\",\"potentialAction\":[{\"@type\":\"ReadAction\",\"target\":[\"https:\\\/\\\/uk-gb.net\\\/es\\\/visa-de-estudiante-para-inglaterra\\\/\"]}]},{\"@type\":\"WebSite\",\"@id\":\"https:\\\/\\\/uk-gb.net\\\/es\\\/#website\",\"url\":\"https:\\\/\\\/uk-gb.net\\\/es\\\/\",\"name\":\"UK GB\",\"description\":\"Travel to the UK\",\"potentialAction\":[{\"@type\":\"SearchAction\",\"target\":{\"@type\":\"EntryPoint\",\"urlTemplate\":\"https:\\\/\\\/uk-gb.net\\\/es\\\/?s={search_term_string}\"},\"query-input\":{\"@type\":\"PropertyValueSpecification\",\"valueRequired\":true,\"valueName\":\"search_term_string\"}}],\"inLanguage\":\"es\"}]}<\/script>\n<!-- \/ Yoast SEO plugin. -->","yoast_head_json":{"title":"Visado de estudiante para el Reino Unido - UK GB","description":"Aqu\u00ed tienes la informaci\u00f3n principal sobre los visados de estudiante para estudiar y permanecer en el Reino Unido como parte de tu curso de estudios","robots":{"index":"index","follow":"follow","max-snippet":"max-snippet:-1","max-image-preview":"max-image-preview:large","max-video-preview":"max-video-preview:-1"},"canonical":"https:\/\/uk-gb.net\/es\/visa-de-estudiante-para-inglaterra\/","og_locale":"es_ES","og_type":"article","og_title":"Visado de estudiante para el Reino Unido - UK GB","og_description":"Aqu\u00ed tienes la informaci\u00f3n principal sobre los visados de estudiante para estudiar y permanecer en el Reino Unido como parte de tu curso de estudios","og_url":"https:\/\/uk-gb.net\/es\/visa-de-estudiante-para-inglaterra\/","og_site_name":"UK GB","article_modified_time":"2025-06-05T09:50:55+00:00","twitter_card":"summary_large_image","twitter_misc":{"Tiempo de lectura":"3 minutos"},"schema":{"@context":"https:\/\/schema.org","@graph":[{"@type":"WebPage","@id":"https:\/\/uk-gb.net\/es\/visa-de-estudiante-para-inglaterra\/","url":"https:\/\/uk-gb.net\/es\/visa-de-estudiante-para-inglaterra\/","name":"Visado de estudiante para el Reino Unido - UK GB","isPartOf":{"@id":"https:\/\/uk-gb.net\/es\/#website"},"datePublished":"2023-12-07T15:07:43+00:00","dateModified":"2025-06-05T09:50:55+00:00","description":"Aqu\u00ed tienes la informaci\u00f3n principal sobre los visados de estudiante para estudiar y permanecer en el Reino Unido como parte de tu curso de estudios","inLanguage":"es","potentialAction":[{"@type":"ReadAction","target":["https:\/\/uk-gb.net\/es\/visa-de-estudiante-para-inglaterra\/"]}]},{"@type":"WebSite","@id":"https:\/\/uk-gb.net\/es\/#website","url":"https:\/\/uk-gb.net\/es\/","name":"UK GB","description":"Travel to the UK","potentialAction":[{"@type":"SearchAction","target":{"@type":"EntryPoint","urlTemplate":"https:\/\/uk-gb.net\/es\/?s={search_term_string}"},"query-input":{"@type":"PropertyValueSpecification","valueRequired":true,"valueName":"search_term_string"}}],"inLanguage":"es"}]}},"_links":{"self":[{"href":"https:\/\/uk-gb.net\/es\/wp-json\/wp\/v2\/pages\/847","targetHints":{"allow":["GET"]}}],"collection":[{"href":"https:\/\/uk-gb.net\/es\/wp-json\/wp\/v2\/pages"}],"about":[{"href":"https:\/\/uk-gb.net\/es\/wp-json\/wp\/v2\/types\/page"}],"author":[{"embeddable":true,"href":"https:\/\/uk-gb.net\/es\/wp-json\/wp\/v2\/users\/1"}],"replies":[{"embeddable":true,"href":"https:\/\/uk-gb.net\/es\/wp-json\/wp\/v2\/comments?post=847"}],"version-history":[{"count":0,"href":"https:\/\/uk-gb.net\/es\/wp-json\/wp\/v2\/pages\/847\/revisions"}],"wp:attachment":[{"href":"https:\/\/uk-gb.net\/es\/wp-json\/wp\/v2\/media?parent=847"}],"curies":[{"name":"wp","href":"https:\/\/api.w.org\/{rel}","templated":true}]}}