{"id":841,"date":"2023-12-07T16:39:43","date_gmt":"2023-12-07T16:39:43","guid":{"rendered":"https:\/\/uk-gb.net\/visa-de-transito-en-inglaterra-reino-unido\/"},"modified":"2025-06-04T15:42:29","modified_gmt":"2025-06-04T14:42:29","slug":"visa-de-transito-en-inglaterra-reino-unido","status":"publish","type":"page","link":"https:\/\/uk-gb.net\/es\/visa-de-transito-en-inglaterra-reino-unido\/","title":{"rendered":"Visado de tr\u00e1nsito para el Reino Unido"},"content":{"rendered":"\n<h1 class=\"wp-block-heading\">Tr\u00e1mites de tr\u00e1nsito en el Reino Unido<\/h1>\n\n<p>Si viajas a un tercer pa\u00eds con escala en el Reino Unido, es posible que necesites un visado <strong>de tr\u00e1nsito<\/strong>. Este tipo de visado permite a los pasajeros en tr\u00e1nsito pasar por un aeropuerto o cambiar de terminal sin permanecer en el Reino Unido. <\/p>\n\n<p><strong>Para el simple tr\u00e1nsito por el Reino Unido<\/strong>, en la mayor\u00eda de los casos no es necesario obtener un visado de tr\u00e1nsito. Puedes solicitar una Autorizaci\u00f3n Electr\u00f3nica de Viaje cumplimentando el <a href=\"https:\/\/uk-gb.net\/es\/formulario-visado-eta-en-linea-inglaterra\/\">formulario ETA en l\u00ednea<\/a>. <\/p>\n\n<div style=\"height:10px\" aria-hidden=\"true\" class=\"wp-block-spacer\"><\/div>\n\n<h2 class=\"wp-block-heading\">\u00bfQu\u00e9 es un visado de tr\u00e1nsito para hacer escala en el Reino Unido?<\/h2>\n\n<p>El visado de tr\u00e1nsito al Reino Unido es un documento oficial que permite a los extranjeros transitar por el Reino Unido sin quedarse permanentemente. Es <strong>obligatorio para determinados pasajeros<\/strong>, en funci\u00f3n de su nacionalidad, itinerario y tipo de tr\u00e1nsito. <\/p>\n\n<h2 class=\"wp-block-heading\">Los dos tipos de visado de tr\u00e1nsito del Reino Unido<\/h2>\n\n<h3 class=\"wp-block-heading\">Visado de Tr\u00e1nsito A\u00e9reo Directo (DATV)<\/h3>\n\n<p>Este visado es necesario si :<\/p>\n\n<ul class=\"wp-block-list\">\n<li>Estancia en la zona internacional de un aeropuerto del Reino Unido<\/li>\n\n\n\n<li>No pases el control de inmigraci\u00f3n<\/li>\n\n\n\n<li>Tener un vuelo de conexi\u00f3n en 24 horas<\/li>\n\n\n\n<li>Sin necesidad de recoger el equipaje ni cambiar de aeropuerto<\/li>\n<\/ul>\n\n<div style=\"height:10px\" aria-hidden=\"true\" class=\"wp-block-spacer\"><\/div>\n\n<h3 class=\"wp-block-heading\">Visado de visitante en tr\u00e1nsito<\/h3>\n\n<p>Este visado es necesario si :<\/p>\n\n<ul class=\"wp-block-list\">\n<li>Necesidad de salir de la zona internacional (cambio de terminal, aeropuerto, recogida de equipajes&#8230;)<\/li>\n\n\n\n<li>Tr\u00e1nsito por el Reino Unido inferior a 48 horas<\/li>\n\n\n\n<li>Deseas hacer una escala corta (una visita r\u00e1pida a la ciudad entre dos vuelos)<\/li>\n<\/ul>\n\n<div style=\"height:10px\" aria-hidden=\"true\" class=\"wp-block-spacer\"><\/div>\n\n<h2 class=\"wp-block-heading\">\u00bfCu\u00e1nto cuestan los distintos visados de tr\u00e1nsito?<\/h2>\n\n<p>Las tasas de los visados de tr\u00e1nsito en el Reino Unido var\u00edan en funci\u00f3n de varios factores, como el lugar de residencia y el tipo de visado que solicite. <a href=\"https:\/\/uk-gb.net\/es\/precio-de-visa-para-inglaterra\/\">Las tasas de visado<\/a> y la duraci\u00f3n de la estancia son :<\/p>\n\n<figure class=\"wp-block-table\"><table><tbody><tr><td class=\"has-text-align-center\" data-align=\"center\"><strong>Tipo de visado de tr\u00e1nsito del Reino Unido<\/strong><\/td><td class=\"has-text-align-center\" data-align=\"center\"><strong>Cuotas pagaderas en 2025<\/strong><\/td><td class=\"has-text-align-center\" data-align=\"center\"><strong>Duraci\u00f3n m\u00e1xima de la estancia<\/strong><\/td><\/tr><tr><td class=\"has-text-align-center\" data-align=\"center\">Visado de Tr\u00e1nsito A\u00e9reo Directo (DATV)<\/td><td class=\"has-text-align-center\" data-align=\"center\">\u00a3 39<\/td><td class=\"has-text-align-center\" data-align=\"center\">24 horas<\/td><\/tr><tr><td class=\"has-text-align-center\" data-align=\"center\">Visado de visitante en tr\u00e1nsito<\/td><td class=\"has-text-align-center\" data-align=\"center\">\u00a3 64<\/td><td class=\"has-text-align-center\" data-align=\"center\">48 horas<\/td><\/tr><\/tbody><\/table><figcaption class=\"wp-element-caption\">Tasas del visado de tr\u00e1nsito<\/figcaption><\/figure>\n\n<h2 class=\"wp-block-heading\">\u00bfQui\u00e9n necesita un visado de tr\u00e1nsito para el Reino Unido?<\/h2>\n\n<p>La necesidad de un visado depende de una serie de criterios:<\/p>\n\n<p>\u2705 <strong>NO necesitas un visado de tr\u00e1nsito<\/strong> si :<\/p>\n\n<ul class=\"wp-block-list\">\n<li>Eres ciudadano de un pa\u00eds exento de visado (por ejemplo, UE, EE.UU., Canad\u00e1, Australia, etc.)<\/li>\n\n\n\n<li>Eres titular de un <a href=\"https:\/\/uk-gb.net\/es\/diferentes-tipos-de-visas-britanicas\/\">visado<\/a> o <strong>permiso de residencia<\/strong> v\u00e1lido en el Reino Unido para EE.UU., Canad\u00e1, Nueva Zelanda, Australia o un pa\u00eds de la UE\/EEE, <strong>y vas a viajar a ese pa\u00eds o desde \u00e9l<\/strong><\/li>\n\n\n\n<li>Eres titular de una <a href=\"https:\/\/uk-gb.net\/es\/eta-inglaterra-reino-unido\/\">autorizaci\u00f3n electr\u00f3nica de viaje ETA<\/a> en determinados casos<\/li>\n<\/ul>\n\n<p>\u274c <strong>Necesitas un visado de tr\u00e1nsito<\/strong> si :<\/p>\n\n<ul class=\"wp-block-list\">\n<li>Eres nacional de un pa\u00eds que requiere visado (por ejemplo, India, Pakist\u00e1n, Nigeria, Ghana, Egipto, etc.)<\/li>\n\n\n\n<li>No cumples las condiciones de exenci\u00f3n anteriores<\/li>\n\n\n\n<li>Tu tr\u00e1nsito implica cambiar de aeropuerto o salir de la zona internacional<\/li>\n<\/ul>\n\n<div style=\"height:10px\" aria-hidden=\"true\" class=\"wp-block-spacer\"><\/div>\n\n<p>Visita la p\u00e1gina oficial <a>gov.uk\/check-uk-visa<\/a> para comprobar tu situaci\u00f3n.<\/p>\n\n<h2 class=\"wp-block-heading\">\u00bfCu\u00e1nto tiempo se tarda en obtener un visado de tr\u00e1nsito para el Reino Unido?<\/h2>\n\n<p>La tramitaci\u00f3n de una solicitud de visado de tr\u00e1nsito suele tardar <strong>unas 3 semanas<\/strong> despu\u00e9s de la cita biom\u00e9trica. Es aconsejable<strong>presentar la solicitud al menos un mes antes de viajar<\/strong>.   <\/p>\n","protected":false},"excerpt":{"rendered":"<p>Tr\u00e1mites de tr\u00e1nsito en el Reino Unido Si viajas a un tercer pa\u00eds con escala en el Reino Unido, es posible que necesites un visado de tr\u00e1nsito. Este tipo de visado permite a los pasajeros en tr\u00e1nsito pasar por un aeropuerto o cambiar de terminal sin permanecer en el Reino Unido. Para el simple tr\u00e1nsito [&hellip;]<\/p>\n","protected":false},"author":1,"featured_media":0,"parent":0,"menu_order":0,"comment_status":"closed","ping_status":"closed","template":"","meta":{"footnotes":""},"class_list":["post-841","page","type-page","status-publish","hentry"],"yoast_head":"<!-- This site is optimized with the Yoast SEO plugin v27.3 - https:\/\/yoast.com\/product\/yoast-seo-wordpress\/ -->\n<title>Visado de tr\u00e1nsito para el Reino Unido - UK GB<\/title>\n<meta name=\"description\" content=\"Describimos las normas vigentes relativas a la necesidad de un visado de tr\u00e1nsito en el Reino Unido\" \/>\n<meta name=\"robots\" content=\"index, follow, max-snippet:-1, max-image-preview:large, max-video-preview:-1\" \/>\n<link rel=\"canonical\" href=\"https:\/\/uk-gb.net\/es\/visa-de-transito-en-inglaterra-reino-unido\/\" \/>\n<meta property=\"og:locale\" content=\"es_ES\" \/>\n<meta property=\"og:type\" content=\"article\" \/>\n<meta property=\"og:title\" content=\"Visado de tr\u00e1nsito para el Reino Unido - UK GB\" \/>\n<meta property=\"og:description\" content=\"Describimos las normas vigentes relativas a la necesidad de un visado de tr\u00e1nsito en el Reino Unido\" \/>\n<meta property=\"og:url\" content=\"https:\/\/uk-gb.net\/es\/visa-de-transito-en-inglaterra-reino-unido\/\" \/>\n<meta property=\"og:site_name\" content=\"UK GB\" \/>\n<meta property=\"article:modified_time\" content=\"2025-06-04T14:42:29+00:00\" \/>\n<meta name=\"twitter:card\" content=\"summary_large_image\" \/>\n<meta name=\"twitter:label1\" content=\"Tiempo de lectura\" \/>\n\t<meta name=\"twitter:data1\" content=\"3 minutos\" \/>\n<script type=\"application\/ld+json\" class=\"yoast-schema-graph\">{\"@context\":\"https:\\\/\\\/schema.org\",\"@graph\":[{\"@type\":\"WebPage\",\"@id\":\"https:\\\/\\\/uk-gb.net\\\/es\\\/visa-de-transito-en-inglaterra-reino-unido\\\/\",\"url\":\"https:\\\/\\\/uk-gb.net\\\/es\\\/visa-de-transito-en-inglaterra-reino-unido\\\/\",\"name\":\"Visado de tr\u00e1nsito para el Reino Unido - UK GB\",\"isPartOf\":{\"@id\":\"https:\\\/\\\/uk-gb.net\\\/es\\\/#website\"},\"datePublished\":\"2023-12-07T16:39:43+00:00\",\"dateModified\":\"2025-06-04T14:42:29+00:00\",\"description\":\"Describimos las normas vigentes relativas a la necesidad de un visado de tr\u00e1nsito en el Reino Unido\",\"inLanguage\":\"es\",\"potentialAction\":[{\"@type\":\"ReadAction\",\"target\":[\"https:\\\/\\\/uk-gb.net\\\/es\\\/visa-de-transito-en-inglaterra-reino-unido\\\/\"]}]},{\"@type\":\"WebSite\",\"@id\":\"https:\\\/\\\/uk-gb.net\\\/es\\\/#website\",\"url\":\"https:\\\/\\\/uk-gb.net\\\/es\\\/\",\"name\":\"UK GB\",\"description\":\"Travel to the UK\",\"potentialAction\":[{\"@type\":\"SearchAction\",\"target\":{\"@type\":\"EntryPoint\",\"urlTemplate\":\"https:\\\/\\\/uk-gb.net\\\/es\\\/?s={search_term_string}\"},\"query-input\":{\"@type\":\"PropertyValueSpecification\",\"valueRequired\":true,\"valueName\":\"search_term_string\"}}],\"inLanguage\":\"es\"}]}<\/script>\n<!-- \/ Yoast SEO plugin. -->","yoast_head_json":{"title":"Visado de tr\u00e1nsito para el Reino Unido - UK GB","description":"Describimos las normas vigentes relativas a la necesidad de un visado de tr\u00e1nsito en el Reino Unido","robots":{"index":"index","follow":"follow","max-snippet":"max-snippet:-1","max-image-preview":"max-image-preview:large","max-video-preview":"max-video-preview:-1"},"canonical":"https:\/\/uk-gb.net\/es\/visa-de-transito-en-inglaterra-reino-unido\/","og_locale":"es_ES","og_type":"article","og_title":"Visado de tr\u00e1nsito para el Reino Unido - UK GB","og_description":"Describimos las normas vigentes relativas a la necesidad de un visado de tr\u00e1nsito en el Reino Unido","og_url":"https:\/\/uk-gb.net\/es\/visa-de-transito-en-inglaterra-reino-unido\/","og_site_name":"UK GB","article_modified_time":"2025-06-04T14:42:29+00:00","twitter_card":"summary_large_image","twitter_misc":{"Tiempo de lectura":"3 minutos"},"schema":{"@context":"https:\/\/schema.org","@graph":[{"@type":"WebPage","@id":"https:\/\/uk-gb.net\/es\/visa-de-transito-en-inglaterra-reino-unido\/","url":"https:\/\/uk-gb.net\/es\/visa-de-transito-en-inglaterra-reino-unido\/","name":"Visado de tr\u00e1nsito para el Reino Unido - UK GB","isPartOf":{"@id":"https:\/\/uk-gb.net\/es\/#website"},"datePublished":"2023-12-07T16:39:43+00:00","dateModified":"2025-06-04T14:42:29+00:00","description":"Describimos las normas vigentes relativas a la necesidad de un visado de tr\u00e1nsito en el Reino Unido","inLanguage":"es","potentialAction":[{"@type":"ReadAction","target":["https:\/\/uk-gb.net\/es\/visa-de-transito-en-inglaterra-reino-unido\/"]}]},{"@type":"WebSite","@id":"https:\/\/uk-gb.net\/es\/#website","url":"https:\/\/uk-gb.net\/es\/","name":"UK GB","description":"Travel to the UK","potentialAction":[{"@type":"SearchAction","target":{"@type":"EntryPoint","urlTemplate":"https:\/\/uk-gb.net\/es\/?s={search_term_string}"},"query-input":{"@type":"PropertyValueSpecification","valueRequired":true,"valueName":"search_term_string"}}],"inLanguage":"es"}]}},"_links":{"self":[{"href":"https:\/\/uk-gb.net\/es\/wp-json\/wp\/v2\/pages\/841","targetHints":{"allow":["GET"]}}],"collection":[{"href":"https:\/\/uk-gb.net\/es\/wp-json\/wp\/v2\/pages"}],"about":[{"href":"https:\/\/uk-gb.net\/es\/wp-json\/wp\/v2\/types\/page"}],"author":[{"embeddable":true,"href":"https:\/\/uk-gb.net\/es\/wp-json\/wp\/v2\/users\/1"}],"replies":[{"embeddable":true,"href":"https:\/\/uk-gb.net\/es\/wp-json\/wp\/v2\/comments?post=841"}],"version-history":[{"count":0,"href":"https:\/\/uk-gb.net\/es\/wp-json\/wp\/v2\/pages\/841\/revisions"}],"wp:attachment":[{"href":"https:\/\/uk-gb.net\/es\/wp-json\/wp\/v2\/media?parent=841"}],"curies":[{"name":"wp","href":"https:\/\/api.w.org\/{rel}","templated":true}]}}