{"id":834,"date":"2023-12-07T14:57:24","date_gmt":"2023-12-07T14:57:24","guid":{"rendered":"https:\/\/uk-gb.net\/visa-de-negocios-para-inglaterra-reino-unido\/"},"modified":"2025-06-11T13:05:47","modified_gmt":"2025-06-11T12:05:47","slug":"visa-de-negocios-para-inglaterra-reino-unido","status":"publish","type":"page","link":"https:\/\/uk-gb.net\/es\/visa-de-negocios-para-inglaterra-reino-unido\/","title":{"rendered":"Visado brit\u00e1nico de negocios para permanecer en el Reino Unido"},"content":{"rendered":"\n<h1 class=\"wp-block-heading\">Visado de negocios para el Reino Unido<\/h1>\n\n<p>El <strong>visado de negocios brit\u00e1nico<\/strong> (Visado de Visitante Est\u00e1ndar &#8211; categor\u00eda de negocios) permite a los profesionales extranjeros permanecer temporalmente en el Reino Unido con fines empresariales, acad\u00e9micos o de cooperaci\u00f3n. No permite a su titular trabajar para una empresa brit\u00e1nica, pero s\u00ed autoriza determinadas misiones bien definidas. <\/p>\n\n<p><strong>Para una estancia inferior a 6 meses<\/strong>: No necesitas obtener un visado de negocios; basta con que solicites una ETA (Autorizaci\u00f3n Electr\u00f3nica de Viaje) cumplimentando el <a href=\"https:\/\/uk-gb.net\/es\/formulario-visado-eta-en-linea-inglaterra\/\">formulario ETA en l\u00ednea<\/a>.<\/p>\n\n<div style=\"height:10px\" aria-hidden=\"true\" class=\"wp-block-spacer\"><\/div>\n\n<h2 class=\"wp-block-heading\">\u00bfPara qu\u00e9 sirve el visado de negocios del Reino Unido?<\/h2>\n\n<p>El visado de negocios est\u00e1 destinado a los visitantes que desean visitar el Reino Unido <strong>con fines profesionales<\/strong>, sin aceptar un empleo remunerado en el pa\u00eds. Est\u00e1 destinado a directores de empresa, representantes, investigadores, conferenciantes, inversores o miembros de una empresa extranjera con v\u00ednculos con entidades brit\u00e1nicas. <\/p>\n\n<p>En particular, te permite :<\/p>\n\n<ul class=\"wp-block-list\">\n<li>Asistir a <strong>reuniones<\/strong>, <strong>conferencias<\/strong> o <strong>ferias<\/strong><\/li>\n\n\n\n<li>Firma de <strong>contratos comerciales<\/strong><\/li>\n\n\n\n<li>Realizaci\u00f3n de <strong>auditor\u00edas<\/strong>, <strong>inspecciones<\/strong> y <strong>negociaciones<\/strong><\/li>\n\n\n\n<li>Dar una <strong>charla<\/strong> o participar en un seminario<\/li>\n\n\n\n<li>Hacer un <strong>curso breve<\/strong> (no pagado por una empresa del Reino Unido)<\/li>\n\n\n\n<li>Realizar determinadas <strong>misiones cient\u00edficas o acad\u00e9micas<\/strong> para universidades o institutos reconocidos.<\/li>\n<\/ul>\n\n<div style=\"height:10px\" aria-hidden=\"true\" class=\"wp-block-spacer\"><\/div>\n\n<h2 class=\"wp-block-heading\">\u00bfQui\u00e9n puede solicitar un visado de negocios para el Reino Unido?<\/h2>\n\n<p>El visado de negocios est\u00e1 abierto a cualquier extranjero que no pueda optar a una <a href=\"https:\/\/uk-gb.net\/es\/eta-inglaterra-reino-unido\/\">autorizaci\u00f3n electr\u00f3nica de viaje ETA<\/a>, o que desee asegurarse un marco jur\u00eddico para actividades empresariales espec\u00edficas.<\/p>\n\n<p>Los nacionales de la Uni\u00f3n Europea, Estados Unidos, Canad\u00e1 y otros pa\u00edses exentos de visado pueden, en algunos casos, entrar sin visado para actividades empresariales limitadas, pero <strong>se recomienda<\/strong> un <strong>visado<\/strong> para misiones repetidas, prolongadas o delicadas.<\/p>\n\n<h2 class=\"wp-block-heading\">\u00bfC\u00f3mo me inscribo?<\/h2>\n\n<p>Las principales etapas del <a href=\"https:\/\/uk-gb.net\/es\/solicitud-procedimiento-visado-reino-unido\/\">procedimiento de obtenci\u00f3n del visado brit\u00e1nico<\/a> son las siguientes:<\/p>\n\n<ol class=\"wp-block-list\">\n<li>Visita la p\u00e1gina oficial <a href=\"https:\/\/www.gov.uk\/uk-expansion-worker-visa\">de gov.uk<\/a><\/li>\n\n\n\n<li>Rellena el <strong>formulario online<\/strong><\/li>\n\n\n\n<li><a href=\"https:\/\/uk-gb.net\/es\/precio-de-visa-para-inglaterra\/\">Pagar las tasas del visado<\/a> por Internet<\/li>\n\n\n\n<li><strong>Pide cita en un centro de solicitud de visados<\/strong> para el registro biom\u00e9trico<\/li>\n\n\n\n<li>Aporta tus <strong>justificantes<\/strong><\/li>\n\n\n\n<li>Sigue tu solicitud hasta la decisi\u00f3n final<\/li>\n<\/ol>\n\n<div style=\"height:10px\" aria-hidden=\"true\" class=\"wp-block-spacer\"><\/div>\n\n<h2 class=\"wp-block-heading\">Coste de un visado de negocios para el Reino Unido<\/h2>\n\n<figure class=\"wp-block-table\"><table><tbody><tr><td><strong>Visado ordinario de visitante<\/strong><\/td><td class=\"has-text-align-center\" data-align=\"center\"><strong>Tasas de visado<\/strong><\/td><\/tr><tr><td>Visado para una estancia m\u00e1xima de 6 meses<\/td><td class=\"has-text-align-center\" data-align=\"center\">115 \u00a3<\/td><\/tr><tr><td>Visado de 2 a\u00f1os<\/td><td class=\"has-text-align-center\" data-align=\"center\">400 \u00a3<\/td><\/tr><tr><td>Visado de 5 a\u00f1os<\/td><td class=\"has-text-align-center\" data-align=\"center\">771 \u00a3<\/td><\/tr><tr><td>Visado de 10 a\u00f1os<\/td><td class=\"has-text-align-center\" data-align=\"center\">963 \u00a3<\/td><\/tr><\/tbody><\/table><figcaption class=\"wp-element-caption\">Tabla de tasas de los visados de negocios<\/figcaption><\/figure>\n\n<p>Para m\u00e1s informaci\u00f3n, consulta nuestra p\u00e1gina con la lista completa de <a href=\"https:\/\/uk-gb.net\/es\/precio-de-visa-para-inglaterra\/\">tasas de visado del Reino Unido<\/a>.<\/p>\n\n<h2 class=\"wp-block-heading\">\u00bfPuedo trabajar en el Reino Unido con un visado de negocios?<\/h2>\n\n<p>No. El visado de negocios <strong>no autoriza a trabajar por cuenta ajena<\/strong> en una empresa brit\u00e1nica. Tampoco te permite buscar empleo ni establecerte permanentemente en el Reino Unido. <\/p>\n\n<p>Debe obtenerse un <strong>visado de trabajo<\/strong> espec\u00edfico (por ejemplo, visado de Trabajador Cualificado) para cualquier actividad profesional regular, remunerada o prolongada.<\/p>\n\n<h2 class=\"wp-block-heading\">\u00bfQu\u00e9 es el sistema de visados por puntos PBS?<\/h2>\n\n<p>El <a href=\"https:\/\/uk-gb.net\/es\/sistema-de-puntos-visa-para-inglaterra-pbs\/\">sistema brit\u00e1nico basado en puntos<\/a> (PBS) est\u00e1 dirigido principalmente a <strong>trabajadores cualificados<\/strong>, <strong>estudiantes internacionales<\/strong> y <strong>perfiles innovadores<\/strong> capaces de satisfacer las necesidades econ\u00f3micas del Reino Unido. No permite venir para realizar trabajos no cualificados ni para estancias prolongadas sin una oferta de trabajo validada. <\/p>\n\n<p>Antes de presentar una solicitud, es imprescindible :<\/p>\n\n<ul class=\"wp-block-list\">\n<li>Anticipar el tiempo y los costes que conlleva solicitar un visado<\/li>\n\n\n\n<li>Comprueba que has alcanzado el m\u00ednimo de 70 puntos<\/li>\n\n\n\n<li>Consulta a un asesor de inmigraci\u00f3n si tu situaci\u00f3n es compleja<\/li>\n<\/ul>\n\n<div style=\"height:10px\" aria-hidden=\"true\" class=\"wp-block-spacer\"><\/div>\n\n<p><\/p>\n","protected":false},"excerpt":{"rendered":"<p>Visado de negocios para el Reino Unido El visado de negocios brit\u00e1nico (Visado de Visitante Est\u00e1ndar &#8211; categor\u00eda de negocios) permite a los profesionales extranjeros permanecer temporalmente en el Reino Unido con fines empresariales, acad\u00e9micos o de cooperaci\u00f3n. No permite a su titular trabajar para una empresa brit\u00e1nica, pero s\u00ed autoriza determinadas misiones bien definidas. [&hellip;]<\/p>\n","protected":false},"author":1,"featured_media":0,"parent":0,"menu_order":0,"comment_status":"closed","ping_status":"closed","template":"","meta":{"footnotes":""},"class_list":["post-834","page","type-page","status-publish","hentry"],"yoast_head":"<!-- This site is optimized with the Yoast SEO plugin v27.3 - https:\/\/yoast.com\/product\/yoast-seo-wordpress\/ -->\n<title>Visado brit\u00e1nico de negocios para permanecer en el Reino Unido - UK GB<\/title>\n<meta name=\"description\" content=\"\u00bfCu\u00e1les son las condiciones para obtener un visado de negocios para viajar al Reino Unido por motivos profesionales?\" \/>\n<meta name=\"robots\" content=\"index, follow, max-snippet:-1, max-image-preview:large, max-video-preview:-1\" \/>\n<link rel=\"canonical\" href=\"https:\/\/uk-gb.net\/es\/visa-de-negocios-para-inglaterra-reino-unido\/\" \/>\n<meta property=\"og:locale\" content=\"es_ES\" \/>\n<meta property=\"og:type\" content=\"article\" \/>\n<meta property=\"og:title\" content=\"Visado brit\u00e1nico de negocios para permanecer en el Reino Unido - UK GB\" \/>\n<meta property=\"og:description\" content=\"\u00bfCu\u00e1les son las condiciones para obtener un visado de negocios para viajar al Reino Unido por motivos profesionales?\" \/>\n<meta property=\"og:url\" content=\"https:\/\/uk-gb.net\/es\/visa-de-negocios-para-inglaterra-reino-unido\/\" \/>\n<meta property=\"og:site_name\" content=\"UK GB\" \/>\n<meta property=\"article:modified_time\" content=\"2025-06-11T12:05:47+00:00\" \/>\n<meta name=\"twitter:card\" content=\"summary_large_image\" \/>\n<meta name=\"twitter:label1\" content=\"Tiempo de lectura\" \/>\n\t<meta name=\"twitter:data1\" content=\"3 minutos\" \/>\n<script type=\"application\/ld+json\" class=\"yoast-schema-graph\">{\"@context\":\"https:\\\/\\\/schema.org\",\"@graph\":[{\"@type\":\"WebPage\",\"@id\":\"https:\\\/\\\/uk-gb.net\\\/es\\\/visa-de-negocios-para-inglaterra-reino-unido\\\/\",\"url\":\"https:\\\/\\\/uk-gb.net\\\/es\\\/visa-de-negocios-para-inglaterra-reino-unido\\\/\",\"name\":\"Visado brit\u00e1nico de negocios para permanecer en el Reino Unido - UK GB\",\"isPartOf\":{\"@id\":\"https:\\\/\\\/uk-gb.net\\\/es\\\/#website\"},\"datePublished\":\"2023-12-07T14:57:24+00:00\",\"dateModified\":\"2025-06-11T12:05:47+00:00\",\"description\":\"\u00bfCu\u00e1les son las condiciones para obtener un visado de negocios para viajar al Reino Unido por motivos profesionales?\",\"inLanguage\":\"es\",\"potentialAction\":[{\"@type\":\"ReadAction\",\"target\":[\"https:\\\/\\\/uk-gb.net\\\/es\\\/visa-de-negocios-para-inglaterra-reino-unido\\\/\"]}]},{\"@type\":\"WebSite\",\"@id\":\"https:\\\/\\\/uk-gb.net\\\/es\\\/#website\",\"url\":\"https:\\\/\\\/uk-gb.net\\\/es\\\/\",\"name\":\"UK GB\",\"description\":\"Travel to the UK\",\"potentialAction\":[{\"@type\":\"SearchAction\",\"target\":{\"@type\":\"EntryPoint\",\"urlTemplate\":\"https:\\\/\\\/uk-gb.net\\\/es\\\/?s={search_term_string}\"},\"query-input\":{\"@type\":\"PropertyValueSpecification\",\"valueRequired\":true,\"valueName\":\"search_term_string\"}}],\"inLanguage\":\"es\"}]}<\/script>\n<!-- \/ Yoast SEO plugin. -->","yoast_head_json":{"title":"Visado brit\u00e1nico de negocios para permanecer en el Reino Unido - UK GB","description":"\u00bfCu\u00e1les son las condiciones para obtener un visado de negocios para viajar al Reino Unido por motivos profesionales?","robots":{"index":"index","follow":"follow","max-snippet":"max-snippet:-1","max-image-preview":"max-image-preview:large","max-video-preview":"max-video-preview:-1"},"canonical":"https:\/\/uk-gb.net\/es\/visa-de-negocios-para-inglaterra-reino-unido\/","og_locale":"es_ES","og_type":"article","og_title":"Visado brit\u00e1nico de negocios para permanecer en el Reino Unido - UK GB","og_description":"\u00bfCu\u00e1les son las condiciones para obtener un visado de negocios para viajar al Reino Unido por motivos profesionales?","og_url":"https:\/\/uk-gb.net\/es\/visa-de-negocios-para-inglaterra-reino-unido\/","og_site_name":"UK GB","article_modified_time":"2025-06-11T12:05:47+00:00","twitter_card":"summary_large_image","twitter_misc":{"Tiempo de lectura":"3 minutos"},"schema":{"@context":"https:\/\/schema.org","@graph":[{"@type":"WebPage","@id":"https:\/\/uk-gb.net\/es\/visa-de-negocios-para-inglaterra-reino-unido\/","url":"https:\/\/uk-gb.net\/es\/visa-de-negocios-para-inglaterra-reino-unido\/","name":"Visado brit\u00e1nico de negocios para permanecer en el Reino Unido - UK GB","isPartOf":{"@id":"https:\/\/uk-gb.net\/es\/#website"},"datePublished":"2023-12-07T14:57:24+00:00","dateModified":"2025-06-11T12:05:47+00:00","description":"\u00bfCu\u00e1les son las condiciones para obtener un visado de negocios para viajar al Reino Unido por motivos profesionales?","inLanguage":"es","potentialAction":[{"@type":"ReadAction","target":["https:\/\/uk-gb.net\/es\/visa-de-negocios-para-inglaterra-reino-unido\/"]}]},{"@type":"WebSite","@id":"https:\/\/uk-gb.net\/es\/#website","url":"https:\/\/uk-gb.net\/es\/","name":"UK GB","description":"Travel to the UK","potentialAction":[{"@type":"SearchAction","target":{"@type":"EntryPoint","urlTemplate":"https:\/\/uk-gb.net\/es\/?s={search_term_string}"},"query-input":{"@type":"PropertyValueSpecification","valueRequired":true,"valueName":"search_term_string"}}],"inLanguage":"es"}]}},"_links":{"self":[{"href":"https:\/\/uk-gb.net\/es\/wp-json\/wp\/v2\/pages\/834","targetHints":{"allow":["GET"]}}],"collection":[{"href":"https:\/\/uk-gb.net\/es\/wp-json\/wp\/v2\/pages"}],"about":[{"href":"https:\/\/uk-gb.net\/es\/wp-json\/wp\/v2\/types\/page"}],"author":[{"embeddable":true,"href":"https:\/\/uk-gb.net\/es\/wp-json\/wp\/v2\/users\/1"}],"replies":[{"embeddable":true,"href":"https:\/\/uk-gb.net\/es\/wp-json\/wp\/v2\/comments?post=834"}],"version-history":[{"count":0,"href":"https:\/\/uk-gb.net\/es\/wp-json\/wp\/v2\/pages\/834\/revisions"}],"wp:attachment":[{"href":"https:\/\/uk-gb.net\/es\/wp-json\/wp\/v2\/media?parent=834"}],"curies":[{"name":"wp","href":"https:\/\/api.w.org\/{rel}","templated":true}]}}