{"id":8305,"date":"2025-08-27T10:56:06","date_gmt":"2025-08-27T09:56:06","guid":{"rendered":"https:\/\/uk-gb.net\/north-coast-500-road-trip\/"},"modified":"2025-08-27T12:03:24","modified_gmt":"2025-08-27T11:03:24","slug":"north-coast-500-road-trip","status":"publish","type":"page","link":"https:\/\/uk-gb.net\/es\/north-coast-500-road-trip\/","title":{"rendered":"Costa Norte 500: gu\u00eda completa de viaje por carretera a Escocia"},"content":{"rendered":"\n<h1 class=\"wp-block-heading\">El viaje por carretera brit\u00e1nico Costa Norte 500<\/h1>\n\n<p>La Costa Norte 500, a menudo denominada \u00abla Ruta 66 de Escocia\u00bb, es una de las rutas de viaje por carretera m\u00e1s bellas de Europa. Esta ruta de 830 kil\u00f3metros circunnavega las Tierras Altas del norte de Escocia, empezando en <a href=\"https:\/\/uk-gb.net\/es\/visita-inverness-escocia\/\">Inverness<\/a> y siguiendo costas salvajes, lagos misteriosos y castillos hist\u00f3ricos. Para los viajeros en busca de aventura, paisajes impresionantes y autenticidad escocesa, la NC500 se ha convertido en un itinerario imprescindible.  <\/p>\n\n<h2 class=\"wp-block-heading\">\u00bfPor qu\u00e9 elegir la Costa Norte 500?<\/h2>\n\n<p>Este viaje por carretera es \u00fanico porque combina varias experiencias en un solo viaje:<\/p>\n\n<ul class=\"wp-block-list\">\n<li>panoramas espectaculares con acantilados, playas de arena blanca y monta\u00f1as majestuosas<\/li>\n\n\n\n<li>carreteras sinuosas ideales para los amantes de la conducci\u00f3n<\/li>\n\n\n\n<li>paradas culturales con castillos, destiler\u00edas de whisky y pueblos pesqueros<\/li>\n\n\n\n<li>la posibilidad de observar una fauna poco com\u00fan: ciervos, delfines, focas y a veces incluso \u00e1guilas reales<\/li>\n<\/ul>\n\n<p>Es una ruta que atrae tanto a los entusiastas de la naturaleza como a los amantes de la historia y las tradiciones locales.<\/p>\n\n<figure class=\"wp-block-image size-large\"><img decoding=\"async\" src=\"https:\/\/uk-gb.net\/wp-content\/uploads\/2025\/06\/north-coast-500-road-trip-1024x576.jpeg\" alt=\"Viaje por carretera Costa Norte 500\" class=\"wp-image-7715\"\/><figcaption class=\"wp-element-caption\">Imagen del viaje por carretera Costa Norte 500<\/figcaption><\/figure>\n\n<h2 class=\"wp-block-heading\">El itinerario en detalle<\/h2>\n\n<p>El punto de partida suele ser <a href=\"https:\/\/uk-gb.net\/es\/visita-inverness-escocia\/\">Inverness<\/a>, la capital de las Highlands. Desde all\u00ed, el itinerario adopta la forma de un bucle: <\/p>\n\n<ul class=\"wp-block-list\">\n<li><strong>Costa este<\/strong>: <a href=\"https:\/\/www.dunrobincastle.co.uk\/\">castillos de Dunrobin<\/a>, escarpados acantilados y pueblos pesqueros<\/li>\n\n\n\n<li><strong>Costa norte<\/strong>: paisajes salvajes, playas solitarias y carreteras poco transitadas<\/li>\n\n\n\n<li><strong>Costa oeste<\/strong>: monta\u00f1as, lagos, carreteras estrechas y vistas espectaculares<\/li>\n\n\n\n<li><strong>Regreso a Inverness<\/strong>: por la <a href=\"https:\/\/www.akissfromuk.com\/visiter-torridon-wester-ross-ecosse\">regi\u00f3n de Torridon<\/a> y su impresionante paisaje<\/li>\n<\/ul>\n\n<p>Por t\u00e9rmino medio, deber\u00edas disponer de <strong>7 a 10 d\u00edas<\/strong> para disfrutar al m\u00e1ximo de la Costa Norte 500, aunque algunos viajeros optan por explorarla en quince d\u00edas para hacer el mayor n\u00famero posible de paradas.<\/p>\n\n<h2 class=\"wp-block-heading\">\u00bfCu\u00e1ndo deber\u00edas llevarte la NC500 de viaje por carretera?<\/h2>\n\n<p>El periodo ideal depende del tipo de experiencia que busques:<\/p>\n\n<ul class=\"wp-block-list\">\n<li><strong>Verano<\/strong>: es la temporada tur\u00edstica alta, con d\u00edas largos (hasta 18 horas de luz en junio) y temperaturas agradables. Es la \u00e9poca ideal para practicar senderismo, deportes acu\u00e1ticos y disfrutar plenamente del campo. Por otra parte, las carreteras y los alojamientos est\u00e1n m\u00e1s concurridos.  <\/li>\n\n\n\n<li><strong>Abril y octubre<\/strong>: estos meses de entretiempo ofrecen una gran alternativa, con menos gente y un ambiente m\u00e1s salvaje. Los colores oto\u00f1ales de octubre a\u00f1aden un encanto especial a las Tierras Altas. Sin embargo, el clima puede ser inestable, con m\u00e1s lluvia y viento.  <\/li>\n\n\n\n<li><strong>Invierno<\/strong>: los d\u00edas son cortos y algunas carreteras pueden ser dif\u00edciles, pero la experiencia es \u00fanica para los amantes de la soledad y los paisajes nevados. Tambi\u00e9n es una \u00e9poca estupenda para ver auroras boreales en el norte de Escocia, siempre que est\u00e9s bien preparado. <\/li>\n<\/ul>\n\n<h2 class=\"wp-block-heading\">La visita obligada a la Costa Norte 500<\/h2>\n\n<p>Entre las muchas etapas posibles, algunas son absolutamente imperdibles:<\/p>\n\n<ul class=\"wp-block-list\">\n<li><a href=\"https:\/\/www.dunrobincastle.co.uk\/\">El castillo de Dunrobin<\/a> y sus jardines inspirados en Versalles<\/li>\n\n\n\n<li>Las <a href=\"https:\/\/scotland.nordicvisitor.com\/travel-guide\/attractions\/northern-highlands\/durness-beach\/\">playas de arena blanca de Durness<\/a><\/li>\n\n\n\n<li>El pintoresco pueblo de <a href=\"https:\/\/www.ullapool.com\/\">Ullapool<\/a><\/li>\n\n\n\n<li>Las espectaculares carreteras de <a href=\"https:\/\/en.wikipedia.org\/wiki\/Bealach_na_B%C3%A0\">Bealach na B\u00e0<\/a> (Paso de Applecross)<\/li>\n\n\n\n<li>Destiler\u00edas de whisky escoc\u00e9s de la costa este<\/li>\n<\/ul>\n\n<div style=\"height:10px\" aria-hidden=\"true\" class=\"wp-block-spacer\"><\/div>\n\n<h2 class=\"wp-block-heading\">Consejos pr\u00e1cticos para un buen viaje por carretera<\/h2>\n\n<p>Un viaje por carretera por la Costa Norte 500 requiere un m\u00ednimo de organizaci\u00f3n para sacarle el m\u00e1ximo partido. Aqu\u00ed tienes algunas recomendaciones \u00fatiles: <\/p>\n\n<ol class=\"wp-block-list\">\n<li><strong>Elegir el veh\u00edculo adecuado<\/strong>: un coche convencional es suficiente, pero una furgoneta o una autocaravana te dan m\u00e1s libertad. Ten en cuenta que algunas carreteras son muy estrechas y sinuosas. <\/li>\n\n\n\n<li><strong>Reserva con antelaci\u00f3n en temporada alta<\/strong>: los alojamientos (hoteles, pensiones, albergues) se agotan r\u00e1pidamente en verano. Para una mayor flexibilidad, los campings y los aparcamientos de autocaravanas son una buena alternativa. <\/li>\n\n\n\n<li><strong>Aseg\u00farate de tener una conexi\u00f3n sin conexi\u00f3n<\/strong>: algunas zonas de las Tierras Altas no tienen cobertura de red. Descarga mapas GPS con antelaci\u00f3n o ll\u00e9vate un mapa en papel. <\/li>\n\n\n\n<li><strong>Lleva ropa adecuada<\/strong>: el clima escoc\u00e9s es impredecible. No es raro experimentar las cuatro estaciones en un solo d\u00eda. La ropa de lluvia, los forros polares y las botas de monta\u00f1a son esenciales.  <\/li>\n\n\n\n<li><strong>T\u00f3mate tu tiempo<\/strong>: algunas carreteras son de un solo carril, con zonas de paso para otros veh\u00edculos. Lo mejor es conducir despacio y disfrutar de las vistas. <\/li>\n\n\n\n<li><strong>Respeta la naturaleza y la poblaci\u00f3n local<\/strong>: la NC500 atraviesa zonas fr\u00e1giles y comunidades locales. Recoge la basura, evita acampar sin autorizaci\u00f3n y s\u00e9 respetuoso en los pueblos peque\u00f1os. <\/li>\n\n\n\n<li><strong>Formalidades de viaje<\/strong>: Los viajeros deben presentar un visado u obtener un <a href=\"https:\/\/uk-gb.net\/es\/eta-inglaterra-reino-unido\/\">ETA para el Reino Unido<\/a> antes de embarcar.<\/li>\n<\/ol>\n\n<p><\/p>\n","protected":false},"excerpt":{"rendered":"<p>El viaje por carretera brit\u00e1nico Costa Norte 500 La Costa Norte 500, a menudo denominada \u00abla Ruta 66 de Escocia\u00bb, es una de las rutas de viaje por carretera m\u00e1s bellas de Europa. Esta ruta de 830 kil\u00f3metros circunnavega las Tierras Altas del norte de Escocia, empezando en Inverness y siguiendo costas salvajes, lagos misteriosos [&hellip;]<\/p>\n","protected":false},"author":1,"featured_media":0,"parent":0,"menu_order":0,"comment_status":"closed","ping_status":"closed","template":"","meta":{"footnotes":""},"class_list":["post-8305","page","type-page","status-publish","hentry"],"yoast_head":"<!-- This site is optimized with the Yoast SEO plugin v27.3 - https:\/\/yoast.com\/product\/yoast-seo-wordpress\/ -->\n<title>Costa Norte 500: gu\u00eda completa de viaje por carretera a Escocia - UK GB<\/title>\n<meta name=\"description\" content=\"Descubre la Costa Norte 500, el legendario viaje por carretera a trav\u00e9s de las Tierras Altas escocesas. Itinerario y consejos pr\u00e1cticos para un viaje exitoso.\" \/>\n<meta name=\"robots\" content=\"index, follow, max-snippet:-1, max-image-preview:large, max-video-preview:-1\" \/>\n<link rel=\"canonical\" href=\"https:\/\/uk-gb.net\/es\/north-coast-500-road-trip\/\" \/>\n<meta property=\"og:locale\" content=\"es_ES\" \/>\n<meta property=\"og:type\" content=\"article\" \/>\n<meta property=\"og:title\" content=\"Costa Norte 500: gu\u00eda completa de viaje por carretera a Escocia - UK GB\" \/>\n<meta property=\"og:description\" content=\"Descubre la Costa Norte 500, el legendario viaje por carretera a trav\u00e9s de las Tierras Altas escocesas. Itinerario y consejos pr\u00e1cticos para un viaje exitoso.\" \/>\n<meta property=\"og:url\" content=\"https:\/\/uk-gb.net\/es\/north-coast-500-road-trip\/\" \/>\n<meta property=\"og:site_name\" content=\"UK GB\" \/>\n<meta property=\"article:modified_time\" content=\"2025-08-27T11:03:24+00:00\" \/>\n<meta property=\"og:image\" content=\"https:\/\/uk-gb.net\/wp-content\/uploads\/2025\/06\/north-coast-500-road-trip-e1750836403638.jpeg\" \/>\n\t<meta property=\"og:image:width\" content=\"1103\" \/>\n\t<meta property=\"og:image:height\" content=\"553\" \/>\n\t<meta property=\"og:image:type\" content=\"image\/jpeg\" \/>\n<meta name=\"twitter:card\" content=\"summary_large_image\" \/>\n<meta name=\"twitter:label1\" content=\"Tiempo de lectura\" \/>\n\t<meta name=\"twitter:data1\" content=\"4 minutos\" \/>\n<script type=\"application\/ld+json\" class=\"yoast-schema-graph\">{\"@context\":\"https:\\\/\\\/schema.org\",\"@graph\":[{\"@type\":\"WebPage\",\"@id\":\"https:\\\/\\\/uk-gb.net\\\/es\\\/north-coast-500-road-trip\\\/\",\"url\":\"https:\\\/\\\/uk-gb.net\\\/es\\\/north-coast-500-road-trip\\\/\",\"name\":\"Costa Norte 500: gu\u00eda completa de viaje por carretera a Escocia - UK GB\",\"isPartOf\":{\"@id\":\"https:\\\/\\\/uk-gb.net\\\/es\\\/#website\"},\"primaryImageOfPage\":{\"@id\":\"https:\\\/\\\/uk-gb.net\\\/es\\\/north-coast-500-road-trip\\\/#primaryimage\"},\"image\":{\"@id\":\"https:\\\/\\\/uk-gb.net\\\/es\\\/north-coast-500-road-trip\\\/#primaryimage\"},\"thumbnailUrl\":\"https:\\\/\\\/uk-gb.net\\\/wp-content\\\/uploads\\\/2025\\\/06\\\/north-coast-500-road-trip-1024x576.jpeg\",\"datePublished\":\"2025-08-27T09:56:06+00:00\",\"dateModified\":\"2025-08-27T11:03:24+00:00\",\"description\":\"Descubre la Costa Norte 500, el legendario viaje por carretera a trav\u00e9s de las Tierras Altas escocesas. Itinerario y consejos pr\u00e1cticos para un viaje exitoso.\",\"inLanguage\":\"es\",\"potentialAction\":[{\"@type\":\"ReadAction\",\"target\":[\"https:\\\/\\\/uk-gb.net\\\/es\\\/north-coast-500-road-trip\\\/\"]}]},{\"@type\":\"ImageObject\",\"inLanguage\":\"es\",\"@id\":\"https:\\\/\\\/uk-gb.net\\\/es\\\/north-coast-500-road-trip\\\/#primaryimage\",\"url\":\"https:\\\/\\\/uk-gb.net\\\/wp-content\\\/uploads\\\/2025\\\/06\\\/north-coast-500-road-trip-1024x576.jpeg\",\"contentUrl\":\"https:\\\/\\\/uk-gb.net\\\/wp-content\\\/uploads\\\/2025\\\/06\\\/north-coast-500-road-trip-1024x576.jpeg\"},{\"@type\":\"WebSite\",\"@id\":\"https:\\\/\\\/uk-gb.net\\\/es\\\/#website\",\"url\":\"https:\\\/\\\/uk-gb.net\\\/es\\\/\",\"name\":\"UK GB\",\"description\":\"Travel to the UK\",\"potentialAction\":[{\"@type\":\"SearchAction\",\"target\":{\"@type\":\"EntryPoint\",\"urlTemplate\":\"https:\\\/\\\/uk-gb.net\\\/es\\\/?s={search_term_string}\"},\"query-input\":{\"@type\":\"PropertyValueSpecification\",\"valueRequired\":true,\"valueName\":\"search_term_string\"}}],\"inLanguage\":\"es\"}]}<\/script>\n<!-- \/ Yoast SEO plugin. -->","yoast_head_json":{"title":"Costa Norte 500: gu\u00eda completa de viaje por carretera a Escocia - UK GB","description":"Descubre la Costa Norte 500, el legendario viaje por carretera a trav\u00e9s de las Tierras Altas escocesas. Itinerario y consejos pr\u00e1cticos para un viaje exitoso.","robots":{"index":"index","follow":"follow","max-snippet":"max-snippet:-1","max-image-preview":"max-image-preview:large","max-video-preview":"max-video-preview:-1"},"canonical":"https:\/\/uk-gb.net\/es\/north-coast-500-road-trip\/","og_locale":"es_ES","og_type":"article","og_title":"Costa Norte 500: gu\u00eda completa de viaje por carretera a Escocia - UK GB","og_description":"Descubre la Costa Norte 500, el legendario viaje por carretera a trav\u00e9s de las Tierras Altas escocesas. Itinerario y consejos pr\u00e1cticos para un viaje exitoso.","og_url":"https:\/\/uk-gb.net\/es\/north-coast-500-road-trip\/","og_site_name":"UK GB","article_modified_time":"2025-08-27T11:03:24+00:00","og_image":[{"width":1103,"height":553,"url":"https:\/\/uk-gb.net\/wp-content\/uploads\/2025\/06\/north-coast-500-road-trip-e1750836403638.jpeg","type":"image\/jpeg"}],"twitter_card":"summary_large_image","twitter_misc":{"Tiempo de lectura":"4 minutos"},"schema":{"@context":"https:\/\/schema.org","@graph":[{"@type":"WebPage","@id":"https:\/\/uk-gb.net\/es\/north-coast-500-road-trip\/","url":"https:\/\/uk-gb.net\/es\/north-coast-500-road-trip\/","name":"Costa Norte 500: gu\u00eda completa de viaje por carretera a Escocia - UK GB","isPartOf":{"@id":"https:\/\/uk-gb.net\/es\/#website"},"primaryImageOfPage":{"@id":"https:\/\/uk-gb.net\/es\/north-coast-500-road-trip\/#primaryimage"},"image":{"@id":"https:\/\/uk-gb.net\/es\/north-coast-500-road-trip\/#primaryimage"},"thumbnailUrl":"https:\/\/uk-gb.net\/wp-content\/uploads\/2025\/06\/north-coast-500-road-trip-1024x576.jpeg","datePublished":"2025-08-27T09:56:06+00:00","dateModified":"2025-08-27T11:03:24+00:00","description":"Descubre la Costa Norte 500, el legendario viaje por carretera a trav\u00e9s de las Tierras Altas escocesas. Itinerario y consejos pr\u00e1cticos para un viaje exitoso.","inLanguage":"es","potentialAction":[{"@type":"ReadAction","target":["https:\/\/uk-gb.net\/es\/north-coast-500-road-trip\/"]}]},{"@type":"ImageObject","inLanguage":"es","@id":"https:\/\/uk-gb.net\/es\/north-coast-500-road-trip\/#primaryimage","url":"https:\/\/uk-gb.net\/wp-content\/uploads\/2025\/06\/north-coast-500-road-trip-1024x576.jpeg","contentUrl":"https:\/\/uk-gb.net\/wp-content\/uploads\/2025\/06\/north-coast-500-road-trip-1024x576.jpeg"},{"@type":"WebSite","@id":"https:\/\/uk-gb.net\/es\/#website","url":"https:\/\/uk-gb.net\/es\/","name":"UK GB","description":"Travel to the UK","potentialAction":[{"@type":"SearchAction","target":{"@type":"EntryPoint","urlTemplate":"https:\/\/uk-gb.net\/es\/?s={search_term_string}"},"query-input":{"@type":"PropertyValueSpecification","valueRequired":true,"valueName":"search_term_string"}}],"inLanguage":"es"}]}},"_links":{"self":[{"href":"https:\/\/uk-gb.net\/es\/wp-json\/wp\/v2\/pages\/8305","targetHints":{"allow":["GET"]}}],"collection":[{"href":"https:\/\/uk-gb.net\/es\/wp-json\/wp\/v2\/pages"}],"about":[{"href":"https:\/\/uk-gb.net\/es\/wp-json\/wp\/v2\/types\/page"}],"author":[{"embeddable":true,"href":"https:\/\/uk-gb.net\/es\/wp-json\/wp\/v2\/users\/1"}],"replies":[{"embeddable":true,"href":"https:\/\/uk-gb.net\/es\/wp-json\/wp\/v2\/comments?post=8305"}],"version-history":[{"count":0,"href":"https:\/\/uk-gb.net\/es\/wp-json\/wp\/v2\/pages\/8305\/revisions"}],"wp:attachment":[{"href":"https:\/\/uk-gb.net\/es\/wp-json\/wp\/v2\/media?parent=8305"}],"curies":[{"name":"wp","href":"https:\/\/api.w.org\/{rel}","templated":true}]}}