{"id":820,"date":"2023-12-07T16:48:46","date_gmt":"2023-12-07T16:48:46","guid":{"rendered":"https:\/\/uk-gb.net\/cita-para-visa-embajada-inglaterra\/"},"modified":"2025-12-02T07:55:58","modified_gmt":"2025-12-02T07:55:58","slug":"cita-para-visa-embajada-inglaterra","status":"publish","type":"page","link":"https:\/\/uk-gb.net\/es\/cita-para-visa-embajada-inglaterra\/","title":{"rendered":"Entrevista en la embajada del Reino Unido para solicitar un visado"},"content":{"rendered":"\n<h1 class=\"wp-block-heading\">Visitar la Embajada Brit\u00e1nica para solicitar un visado<\/h1>\n\n<p>Los extranjeros que deseen viajar al Reino Unido y no puedan acogerse a la ETA deben obtener un visado. Esto suele implicar <g id=\"gid_0\">una entrevista consular<\/g>. \u00c9sta tiene lugar en un <strong>centro autorizado de solicitud de visados<\/strong> o directamente en una <a href=\"https:\/\/uk-gb.net\/es\/embajada-britanica-en-espana\/\">embajada brit\u00e1nica<\/a>, dependiendo del pa\u00eds de residencia.   Puedes consultar la <a href=\"https:\/\/www.gov.uk\/find-a-visa-application-centre\">lista de centros de solicitud de visados por pa\u00edses<\/a> para concertar una cita en el centro m\u00e1s cercano a tu domicilio.<\/p>\n\n<p><strong>Para una estancia de corta duraci\u00f3n<\/strong>: No es necesario obtener un visado; basta con rellenar el <a href=\"https:\/\/uk-gb.net\/es\/formulario-visado-eta-en-linea-inglaterra\/\">formulario ETA en l\u00ednea<\/a>.<\/p>\n\n<div style=\"height:10px\" aria-hidden=\"true\" class=\"wp-block-spacer\"><\/div>\n\n<h2 class=\"wp-block-heading\">\u00bfPor qu\u00e9 es necesario el mantenimiento?<\/h2>\n\n<p>La entrevista consular es una etapa crucial en el proceso de solicitud de visado. Permite a las autoridades brit\u00e1nicas : <\/p>\n\n<ul class=\"wp-block-list\">\n<li>Comprobar la identidad del solicitante<\/li>\n\n\n\n<li>Evaluar la sinceridad de tus planes de viaje<\/li>\n\n\n\n<li>Asegurarse de que el solicitante cumple las condiciones de entrada y abandonar\u00e1 el Reino Unido cuando expire su visado.<\/li>\n<\/ul>\n\n<p>Esta entrevista ayuda a <strong>evitar el fraude<\/strong> y a garantizar que s\u00f3lo se concede un visado a las personas que cumplen los criterios de elegibilidad.<\/p>\n\n<h2 class=\"wp-block-heading\">Documentos que debes llevar el d\u00eda de la entrevista<\/h2>\n\n<p>El d\u00eda de tu cita, debes llevar contigo los siguientes documentos:<\/p>\n\n<ul class=\"wp-block-list\">\n<li><strong>Confirmaci\u00f3n impresa de la cita<\/strong> recibida por correo electr\u00f3nico<\/li>\n\n\n\n<li><strong>Recibo de pago<\/strong> de <a href=\"https:\/\/uk-gb.net\/es\/precio-de-visa-para-inglaterra\/\">la tasa de solicitud de visado<\/a><\/li>\n\n\n\n<li><strong>Pasaporte en vigor<\/strong> (o permiso de residencia original, si procede)<\/li>\n\n\n\n<li>Todos los <strong>justificantes necesarios<\/strong>, con copias para el expediente<\/li>\n\n\n\n<li>La <strong>portada<\/strong> impresa <strong>del impreso de solicitud de visado<\/strong> <\/li>\n<\/ul>\n\n<div style=\"height:10px\" aria-hidden=\"true\" class=\"wp-block-spacer\"><\/div>\n\n<p>Aseg\u00farate de que todos los documentos sean <strong>originales<\/strong>, claros y est\u00e9n actualizados. La falta de documentos puede retrasar o incluso anular tu procedimiento. <\/p>\n\n<h2 class=\"wp-block-heading\">\u00bfC\u00f3mo funciona una cita en la embajada?<\/h2>\n\n<p>Es aconsejable llegar al centro <strong>al menos 15 minutos antes de la hora de la cita<\/strong>, para poder pasar los controles de seguridad. Una vez que hayas entrado en el centro, generalmente se siguen los siguientes pasos: <\/p>\n\n<ol class=\"wp-block-list\">\n<li><strong>Comprobaci\u00f3n de identidad y documentos<\/strong><\/li>\n\n\n\n<li><strong>Huellas dactilares y fotograf\u00eda biom\u00e9trica<\/strong><\/li>\n\n\n\n<li><strong>Entrevista con un funcionario consular<\/strong><\/li>\n<\/ol>\n\n<div style=\"height:10px\" aria-hidden=\"true\" class=\"wp-block-spacer\"><\/div>\n\n<p>La entrevista suele realizarse en <strong>ingl\u00e9s<\/strong>. En algunos casos, el agente puede expresarse en la lengua local si la domina. Las preguntas que se formulan tienen por objeto aclarar :  <\/p>\n\n<ul class=\"wp-block-list\">\n<li>El <strong>motivo de tu<\/strong> estancia en el Reino Unido<\/li>\n\n\n\n<li>El <strong>programa de viaje<\/strong>: fechas, lugares, alojamiento<\/li>\n\n\n\n<li><strong>Capacidad financiera<\/strong> para cubrir los gastos de la estancia y el viaje de vuelta<\/li>\n<\/ul>\n\n<div style=\"height:10px\" aria-hidden=\"true\" class=\"wp-block-spacer\"><\/div>\n\n<h2 class=\"wp-block-heading\">\u00bfCu\u00e1nto dura la entrevista?<\/h2>\n\n<p>La entrevista media para un visado brit\u00e1nico dura unos <strong>30 minutos<\/strong>, pero puede variar en funci\u00f3n de la complejidad del caso. Si el funcionario consular considera necesario profundizar en determinados puntos, la entrevista puede durar <strong>hasta una hora o m\u00e1s<\/strong>. <\/p>\n\n<h2 class=\"wp-block-heading\">\u00bfY despu\u00e9s de la cita?<\/h2>\n\n<p>Una vez finalizada la entrevista, el centro retendr\u00e1 tu pasaporte mientras se tramita la solicitud. Recibir\u00e1s <strong>una notificaci\u00f3n por correo electr\u00f3nico o mensaje de texto<\/strong> en cuanto se haya tomado la decisi\u00f3n. A continuaci\u00f3n, se te devolver\u00e1 el pasaporte por correo o se recoger\u00e1 en el centro, seg\u00fan la opci\u00f3n que hayas elegido al reservar la cita.  <\/p>\n\n<p><strong>Nota<\/strong>: Para urgencias o plazos cortos, algunos centros ofrecen <strong>servicios acelerados<\/strong> con un coste adicional.<\/p>\n","protected":false},"excerpt":{"rendered":"<p>Visitar la Embajada Brit\u00e1nica para solicitar un visado Los extranjeros que deseen viajar al Reino Unido y no puedan acogerse a la ETA deben obtener un visado. Esto suele implicar una entrevista consular. \u00c9sta tiene lugar en un centro autorizado de solicitud de visados o directamente en una embajada brit\u00e1nica, dependiendo del pa\u00eds de residencia. [&hellip;]<\/p>\n","protected":false},"author":1,"featured_media":0,"parent":0,"menu_order":0,"comment_status":"closed","ping_status":"closed","template":"","meta":{"footnotes":""},"class_list":["post-820","page","type-page","status-publish","hentry"],"yoast_head":"<!-- This site is optimized with the Yoast SEO plugin v27.3 - https:\/\/yoast.com\/product\/yoast-seo-wordpress\/ -->\n<title>Entrevista en la embajada del Reino Unido para solicitar un visado - UK GB<\/title>\n<meta name=\"description\" content=\"C\u00f3mo concertar una cita con la Embajada Brit\u00e1nica para finalizar su solicitud de visado para el Reino Unido\" \/>\n<meta name=\"robots\" content=\"index, follow, max-snippet:-1, max-image-preview:large, max-video-preview:-1\" \/>\n<link rel=\"canonical\" href=\"https:\/\/uk-gb.net\/es\/cita-para-visa-embajada-inglaterra\/\" \/>\n<meta property=\"og:locale\" content=\"es_ES\" \/>\n<meta property=\"og:type\" content=\"article\" \/>\n<meta property=\"og:title\" content=\"Entrevista en la embajada del Reino Unido para solicitar un visado - UK GB\" \/>\n<meta property=\"og:description\" content=\"C\u00f3mo concertar una cita con la Embajada Brit\u00e1nica para finalizar su solicitud de visado para el Reino Unido\" \/>\n<meta property=\"og:url\" content=\"https:\/\/uk-gb.net\/es\/cita-para-visa-embajada-inglaterra\/\" \/>\n<meta property=\"og:site_name\" content=\"UK GB\" \/>\n<meta property=\"article:modified_time\" content=\"2025-12-02T07:55:58+00:00\" \/>\n<meta name=\"twitter:card\" content=\"summary_large_image\" \/>\n<meta name=\"twitter:label1\" content=\"Tiempo de lectura\" \/>\n\t<meta name=\"twitter:data1\" content=\"3 minutos\" \/>\n<script type=\"application\/ld+json\" class=\"yoast-schema-graph\">{\"@context\":\"https:\\\/\\\/schema.org\",\"@graph\":[{\"@type\":\"WebPage\",\"@id\":\"https:\\\/\\\/uk-gb.net\\\/es\\\/cita-para-visa-embajada-inglaterra\\\/\",\"url\":\"https:\\\/\\\/uk-gb.net\\\/es\\\/cita-para-visa-embajada-inglaterra\\\/\",\"name\":\"Entrevista en la embajada del Reino Unido para solicitar un visado - UK GB\",\"isPartOf\":{\"@id\":\"https:\\\/\\\/uk-gb.net\\\/es\\\/#website\"},\"datePublished\":\"2023-12-07T16:48:46+00:00\",\"dateModified\":\"2025-12-02T07:55:58+00:00\",\"description\":\"C\u00f3mo concertar una cita con la Embajada Brit\u00e1nica para finalizar su solicitud de visado para el Reino Unido\",\"inLanguage\":\"es\",\"potentialAction\":[{\"@type\":\"ReadAction\",\"target\":[\"https:\\\/\\\/uk-gb.net\\\/es\\\/cita-para-visa-embajada-inglaterra\\\/\"]}]},{\"@type\":\"WebSite\",\"@id\":\"https:\\\/\\\/uk-gb.net\\\/es\\\/#website\",\"url\":\"https:\\\/\\\/uk-gb.net\\\/es\\\/\",\"name\":\"UK GB\",\"description\":\"Travel to the UK\",\"potentialAction\":[{\"@type\":\"SearchAction\",\"target\":{\"@type\":\"EntryPoint\",\"urlTemplate\":\"https:\\\/\\\/uk-gb.net\\\/es\\\/?s={search_term_string}\"},\"query-input\":{\"@type\":\"PropertyValueSpecification\",\"valueRequired\":true,\"valueName\":\"search_term_string\"}}],\"inLanguage\":\"es\"}]}<\/script>\n<!-- \/ Yoast SEO plugin. -->","yoast_head_json":{"title":"Entrevista en la embajada del Reino Unido para solicitar un visado - UK GB","description":"C\u00f3mo concertar una cita con la Embajada Brit\u00e1nica para finalizar su solicitud de visado para el Reino Unido","robots":{"index":"index","follow":"follow","max-snippet":"max-snippet:-1","max-image-preview":"max-image-preview:large","max-video-preview":"max-video-preview:-1"},"canonical":"https:\/\/uk-gb.net\/es\/cita-para-visa-embajada-inglaterra\/","og_locale":"es_ES","og_type":"article","og_title":"Entrevista en la embajada del Reino Unido para solicitar un visado - UK GB","og_description":"C\u00f3mo concertar una cita con la Embajada Brit\u00e1nica para finalizar su solicitud de visado para el Reino Unido","og_url":"https:\/\/uk-gb.net\/es\/cita-para-visa-embajada-inglaterra\/","og_site_name":"UK GB","article_modified_time":"2025-12-02T07:55:58+00:00","twitter_card":"summary_large_image","twitter_misc":{"Tiempo de lectura":"3 minutos"},"schema":{"@context":"https:\/\/schema.org","@graph":[{"@type":"WebPage","@id":"https:\/\/uk-gb.net\/es\/cita-para-visa-embajada-inglaterra\/","url":"https:\/\/uk-gb.net\/es\/cita-para-visa-embajada-inglaterra\/","name":"Entrevista en la embajada del Reino Unido para solicitar un visado - UK GB","isPartOf":{"@id":"https:\/\/uk-gb.net\/es\/#website"},"datePublished":"2023-12-07T16:48:46+00:00","dateModified":"2025-12-02T07:55:58+00:00","description":"C\u00f3mo concertar una cita con la Embajada Brit\u00e1nica para finalizar su solicitud de visado para el Reino Unido","inLanguage":"es","potentialAction":[{"@type":"ReadAction","target":["https:\/\/uk-gb.net\/es\/cita-para-visa-embajada-inglaterra\/"]}]},{"@type":"WebSite","@id":"https:\/\/uk-gb.net\/es\/#website","url":"https:\/\/uk-gb.net\/es\/","name":"UK GB","description":"Travel to the UK","potentialAction":[{"@type":"SearchAction","target":{"@type":"EntryPoint","urlTemplate":"https:\/\/uk-gb.net\/es\/?s={search_term_string}"},"query-input":{"@type":"PropertyValueSpecification","valueRequired":true,"valueName":"search_term_string"}}],"inLanguage":"es"}]}},"_links":{"self":[{"href":"https:\/\/uk-gb.net\/es\/wp-json\/wp\/v2\/pages\/820","targetHints":{"allow":["GET"]}}],"collection":[{"href":"https:\/\/uk-gb.net\/es\/wp-json\/wp\/v2\/pages"}],"about":[{"href":"https:\/\/uk-gb.net\/es\/wp-json\/wp\/v2\/types\/page"}],"author":[{"embeddable":true,"href":"https:\/\/uk-gb.net\/es\/wp-json\/wp\/v2\/users\/1"}],"replies":[{"embeddable":true,"href":"https:\/\/uk-gb.net\/es\/wp-json\/wp\/v2\/comments?post=820"}],"version-history":[{"count":0,"href":"https:\/\/uk-gb.net\/es\/wp-json\/wp\/v2\/pages\/820\/revisions"}],"wp:attachment":[{"href":"https:\/\/uk-gb.net\/es\/wp-json\/wp\/v2\/media?parent=820"}],"curies":[{"name":"wp","href":"https:\/\/api.w.org\/{rel}","templated":true}]}}