{"id":812,"date":"2023-12-07T16:41:44","date_gmt":"2023-12-07T16:41:44","guid":{"rendered":"https:\/\/uk-gb.net\/precio-de-visa-para-inglaterra\/"},"modified":"2025-11-17T16:56:33","modified_gmt":"2025-11-17T16:56:33","slug":"precio-de-visa-para-inglaterra","status":"publish","type":"page","link":"https:\/\/uk-gb.net\/es\/precio-de-visa-para-inglaterra\/","title":{"rendered":"Coste de obtenci\u00f3n del visado para viajar a Inglaterra"},"content":{"rendered":"\n<h1 class=\"wp-block-heading\">\u00bfCu\u00e1nto cuesta un visado para viajar al Reino Unido?<\/h1>\n\n<p>Todas las solicitudes de visado para el Reino Unido est\u00e1n sujetas a una tasa obligatoria. Esta tasa cubre los gastos administrativos de examen y tramitaci\u00f3n de las solicitudes. La tasa var\u00eda seg\u00fan el <strong>tipo de visado solicitado<\/strong>, la <strong>duraci\u00f3n de la estancia<\/strong> y <strong>el pa\u00eds de residencia del solicitante<\/strong>.  <\/p>\n\n<p><strong>Para una estancia tur\u00edstica <\/strong>: No es necesario obtener un visado; basta con rellenar el <a href=\"https:\/\/uk-gb.net\/es\/formulario-visado-eta-en-linea-inglaterra\/\">formulario ETA en l\u00ednea<\/a>.<\/p>\n\n<div style=\"height:10px\" aria-hidden=\"true\" class=\"wp-block-spacer\"><\/div>\n\n<p>Para el a\u00f1o <strong>2025<\/strong>, he aqu\u00ed algunos ejemplos indicativos:<\/p>\n\n<figure class=\"wp-block-table\"><table><tbody><tr><td><strong>Visa de turista<\/strong><\/td><td class=\"has-text-align-center\" data-align=\"center\"><strong>Tasas de visado<\/strong><\/td><\/tr><tr><td><a href=\"https:\/\/uk-gb.net\/es\/visado-turista-inglaterra-reino-unido\/\">Visado de turista<\/a> para estancias de corta duraci\u00f3n de hasta 6 meses<\/td><td class=\"has-text-align-center\" data-align=\"center\">\u00a3 115<\/td><\/tr><tr><td>Visado de larga duraci\u00f3n (2 a\u00f1os)<\/td><td class=\"has-text-align-center\" data-align=\"center\">\u00a3 400<\/td><\/tr><tr><td>Visado de larga duraci\u00f3n (5 a\u00f1os)<\/td><td class=\"has-text-align-center\" data-align=\"center\">\u00a3 771<\/td><\/tr><tr><td>Visado de larga duraci\u00f3n (10 a\u00f1os)<\/td><td class=\"has-text-align-center\" data-align=\"center\">\u00a3 963<\/td><\/tr><\/tbody><\/table><figcaption class=\"wp-element-caption\">Tabla de tasas para visados de visitante<\/figcaption><\/figure>\n\n<figure class=\"wp-block-table\"><table><tbody><tr><td><strong>Visado de tr\u00e1nsito<\/strong><\/td><td class=\"has-text-align-center\" data-align=\"center\"><strong><strong>Tasas de visado<\/strong><\/strong><\/td><\/tr><tr><td>Visado de Tr\u00e1nsito A\u00e9reo Directo (DATV) para pasajeros que permanezcan en la zona internacional<\/td><td class=\"has-text-align-center\" data-align=\"center\">\u00a3 39<\/td><\/tr><tr><td>Visado de Visitante en Tr\u00e1nsito: para pasajeros que tienen que pasar el control fronterizo<\/td><td class=\"has-text-align-center\" data-align=\"center\">\u00a3 64<\/td><\/tr><\/tbody><\/table><figcaption class=\"wp-element-caption\">Estos visados permiten una estancia m\u00e1xima de 48 horas en el Reino Unido.<\/figcaption><\/figure>\n\n<div style=\"height:10px\" aria-hidden=\"true\" class=\"wp-block-spacer\"><\/div>\n\n<h2 class=\"wp-block-heading\">Tasas de visado de estudiante para el Reino Unido<\/h2>\n\n<p>Los estudiantes internacionales que deseen estudiar en el Reino Unido deben obtener un <a href=\"https:\/\/uk-gb.net\/es\/visa-de-estudiante-para-inglaterra\/\">visado de estudiante<\/a>.<\/p>\n\n<figure class=\"wp-block-table\"><table><tbody><tr><td><strong>Visado de estudiante de corta duraci\u00f3n<\/strong><\/td><td class=\"has-text-align-center\" data-align=\"center\"><strong><strong>Tasas de visado<\/strong><\/strong><\/td><\/tr><tr><td>Tasa de solicitud de visado<\/td><td class=\"has-text-align-center\" data-align=\"center\">\u00a3 524<\/td><\/tr><tr><td>Recargo sanitario por inmigraci\u00f3n al a\u00f1o<\/td><td class=\"has-text-align-center\" data-align=\"center\">\u00a3 776<\/td><\/tr><\/tbody><\/table><figcaption class=\"wp-element-caption\">El pago del IHS es obligatorio y da acceso al Servicio Nacional de Salud durante tu estancia.<\/figcaption><\/figure>\n\n<div style=\"height:10px\" aria-hidden=\"true\" class=\"wp-block-spacer\"><\/div>\n\n<h2 class=\"wp-block-heading\">\u00bfSe pueden pagar las tasas del visado brit\u00e1nico en moneda local?<\/h2>\n\n<p>Las tasas del visado se fijan en <strong>libras esterlinas (\u00a3)<\/strong>. Sin embargo, normalmente el pago puede hacerse en la <g id=\"gid_1\">moneda local<\/g> del pa\u00eds de residencia, seg\u00fan el tipo de cambio aplicado por el gobierno del Reino Unido. Este tipo se actualiza peri\u00f3dicamente y se aplica autom\u00e1ticamente cuando pagas por Internet.  <\/p>\n","protected":false},"excerpt":{"rendered":"<p>\u00bfCu\u00e1nto cuesta un visado para viajar al Reino Unido? Todas las solicitudes de visado para el Reino Unido est\u00e1n sujetas a una tasa obligatoria. Esta tasa cubre los gastos administrativos de examen y tramitaci\u00f3n de las solicitudes. La tasa var\u00eda seg\u00fan el tipo de visado solicitado, la duraci\u00f3n de la estancia y el pa\u00eds de [&hellip;]<\/p>\n","protected":false},"author":1,"featured_media":0,"parent":0,"menu_order":0,"comment_status":"closed","ping_status":"closed","template":"","meta":{"footnotes":""},"class_list":["post-812","page","type-page","status-publish","hentry"],"yoast_head":"<!-- This site is optimized with the Yoast SEO plugin v27.3 - https:\/\/yoast.com\/product\/yoast-seo-wordpress\/ -->\n<title>Coste de obtenci\u00f3n del visado para viajar a Inglaterra - UK GB<\/title>\n<meta name=\"description\" content=\"\u00bfCu\u00e1les son las tasas administrativas para solicitar un visado para viajar por el Reino Unido?\" \/>\n<meta name=\"robots\" content=\"index, follow, max-snippet:-1, max-image-preview:large, max-video-preview:-1\" \/>\n<link rel=\"canonical\" href=\"https:\/\/uk-gb.net\/es\/precio-de-visa-para-inglaterra\/\" \/>\n<meta property=\"og:locale\" content=\"es_ES\" \/>\n<meta property=\"og:type\" content=\"article\" \/>\n<meta property=\"og:title\" content=\"Coste de obtenci\u00f3n del visado para viajar a Inglaterra - UK GB\" \/>\n<meta property=\"og:description\" content=\"\u00bfCu\u00e1les son las tasas administrativas para solicitar un visado para viajar por el Reino Unido?\" \/>\n<meta property=\"og:url\" content=\"https:\/\/uk-gb.net\/es\/precio-de-visa-para-inglaterra\/\" \/>\n<meta property=\"og:site_name\" content=\"UK GB\" \/>\n<meta property=\"article:modified_time\" content=\"2025-11-17T16:56:33+00:00\" \/>\n<meta name=\"twitter:card\" content=\"summary_large_image\" \/>\n<meta name=\"twitter:label1\" content=\"Tiempo de lectura\" \/>\n\t<meta name=\"twitter:data1\" content=\"2 minutos\" \/>\n<script type=\"application\/ld+json\" class=\"yoast-schema-graph\">{\"@context\":\"https:\\\/\\\/schema.org\",\"@graph\":[{\"@type\":\"WebPage\",\"@id\":\"https:\\\/\\\/uk-gb.net\\\/es\\\/precio-de-visa-para-inglaterra\\\/\",\"url\":\"https:\\\/\\\/uk-gb.net\\\/es\\\/precio-de-visa-para-inglaterra\\\/\",\"name\":\"Coste de obtenci\u00f3n del visado para viajar a Inglaterra - UK GB\",\"isPartOf\":{\"@id\":\"https:\\\/\\\/uk-gb.net\\\/es\\\/#website\"},\"datePublished\":\"2023-12-07T16:41:44+00:00\",\"dateModified\":\"2025-11-17T16:56:33+00:00\",\"description\":\"\u00bfCu\u00e1les son las tasas administrativas para solicitar un visado para viajar por el Reino Unido?\",\"inLanguage\":\"es\",\"potentialAction\":[{\"@type\":\"ReadAction\",\"target\":[\"https:\\\/\\\/uk-gb.net\\\/es\\\/precio-de-visa-para-inglaterra\\\/\"]}]},{\"@type\":\"WebSite\",\"@id\":\"https:\\\/\\\/uk-gb.net\\\/es\\\/#website\",\"url\":\"https:\\\/\\\/uk-gb.net\\\/es\\\/\",\"name\":\"UK GB\",\"description\":\"Travel to the UK\",\"potentialAction\":[{\"@type\":\"SearchAction\",\"target\":{\"@type\":\"EntryPoint\",\"urlTemplate\":\"https:\\\/\\\/uk-gb.net\\\/es\\\/?s={search_term_string}\"},\"query-input\":{\"@type\":\"PropertyValueSpecification\",\"valueRequired\":true,\"valueName\":\"search_term_string\"}}],\"inLanguage\":\"es\"}]}<\/script>\n<!-- \/ Yoast SEO plugin. -->","yoast_head_json":{"title":"Coste de obtenci\u00f3n del visado para viajar a Inglaterra - UK GB","description":"\u00bfCu\u00e1les son las tasas administrativas para solicitar un visado para viajar por el Reino Unido?","robots":{"index":"index","follow":"follow","max-snippet":"max-snippet:-1","max-image-preview":"max-image-preview:large","max-video-preview":"max-video-preview:-1"},"canonical":"https:\/\/uk-gb.net\/es\/precio-de-visa-para-inglaterra\/","og_locale":"es_ES","og_type":"article","og_title":"Coste de obtenci\u00f3n del visado para viajar a Inglaterra - UK GB","og_description":"\u00bfCu\u00e1les son las tasas administrativas para solicitar un visado para viajar por el Reino Unido?","og_url":"https:\/\/uk-gb.net\/es\/precio-de-visa-para-inglaterra\/","og_site_name":"UK GB","article_modified_time":"2025-11-17T16:56:33+00:00","twitter_card":"summary_large_image","twitter_misc":{"Tiempo de lectura":"2 minutos"},"schema":{"@context":"https:\/\/schema.org","@graph":[{"@type":"WebPage","@id":"https:\/\/uk-gb.net\/es\/precio-de-visa-para-inglaterra\/","url":"https:\/\/uk-gb.net\/es\/precio-de-visa-para-inglaterra\/","name":"Coste de obtenci\u00f3n del visado para viajar a Inglaterra - UK GB","isPartOf":{"@id":"https:\/\/uk-gb.net\/es\/#website"},"datePublished":"2023-12-07T16:41:44+00:00","dateModified":"2025-11-17T16:56:33+00:00","description":"\u00bfCu\u00e1les son las tasas administrativas para solicitar un visado para viajar por el Reino Unido?","inLanguage":"es","potentialAction":[{"@type":"ReadAction","target":["https:\/\/uk-gb.net\/es\/precio-de-visa-para-inglaterra\/"]}]},{"@type":"WebSite","@id":"https:\/\/uk-gb.net\/es\/#website","url":"https:\/\/uk-gb.net\/es\/","name":"UK GB","description":"Travel to the UK","potentialAction":[{"@type":"SearchAction","target":{"@type":"EntryPoint","urlTemplate":"https:\/\/uk-gb.net\/es\/?s={search_term_string}"},"query-input":{"@type":"PropertyValueSpecification","valueRequired":true,"valueName":"search_term_string"}}],"inLanguage":"es"}]}},"_links":{"self":[{"href":"https:\/\/uk-gb.net\/es\/wp-json\/wp\/v2\/pages\/812","targetHints":{"allow":["GET"]}}],"collection":[{"href":"https:\/\/uk-gb.net\/es\/wp-json\/wp\/v2\/pages"}],"about":[{"href":"https:\/\/uk-gb.net\/es\/wp-json\/wp\/v2\/types\/page"}],"author":[{"embeddable":true,"href":"https:\/\/uk-gb.net\/es\/wp-json\/wp\/v2\/users\/1"}],"replies":[{"embeddable":true,"href":"https:\/\/uk-gb.net\/es\/wp-json\/wp\/v2\/comments?post=812"}],"version-history":[{"count":0,"href":"https:\/\/uk-gb.net\/es\/wp-json\/wp\/v2\/pages\/812\/revisions"}],"wp:attachment":[{"href":"https:\/\/uk-gb.net\/es\/wp-json\/wp\/v2\/media?parent=812"}],"curies":[{"name":"wp","href":"https:\/\/api.w.org\/{rel}","templated":true}]}}