{"id":789,"date":"2023-12-19T19:58:55","date_gmt":"2023-12-19T19:58:55","guid":{"rendered":"https:\/\/uk-gb.net\/paises-que-pueden-solicitar-eta-reino-unido\/"},"modified":"2025-06-05T16:23:36","modified_gmt":"2025-06-05T15:23:36","slug":"paises-que-pueden-solicitar-eta-reino-unido","status":"publish","type":"page","link":"https:\/\/uk-gb.net\/es\/paises-que-pueden-solicitar-eta-reino-unido\/","title":{"rendered":"Pa\u00edses con derecho a ETA en el Reino Unido"},"content":{"rendered":"\n<h1 class=\"wp-block-heading\">Los nacionales de qu\u00e9 pa\u00edses pueden obtener una ETA Reino Unido<\/h1>\n\n<p>Aqu\u00ed tienes la lista de pa\u00edses cuyos nacionales pueden acogerse a la ETA para viajar al Reino Unido, junto con las fechas clave en que se introdujo el r\u00e9gimen:<\/p>\n\n<figure class=\"wp-block-table\"><table><tbody><tr><td><strong>Pa\u00edses que pueden optar al ETA y fechas de solicitud<\/strong><\/td><td><strong>Fecha de inicio del requisito de disponer de una ETA para viajar<\/strong><\/td><\/tr><tr><td>Qatar<\/td><td>15 de noviembre de 2023<\/td><\/tr><tr><td>Arabia Saud\u00ed, Bahr\u00e9in, Emiratos \u00c1rabes Unidos, Kuwait, Om\u00e1n<\/td><td>22 de febrero de 2024<\/td><\/tr><tr><td>Antigua y Barbuda, Argentina, Australia, Bahamas, Barbados, Belice, Botsuana, Brasil, Brun\u00e9i, Canad\u00e1, Chile, Costa Rica, Granada, Guatemala, Guyana, Hong Kong, Israel, Jap\u00f3n, Kiribati, Macao, Malasia, Maldivas, Islas Marshall, Mauricio, M\u00e9xico, Estados Federados de Micronesia, Nauru, Nueva Zelanda, Nicaragua, Palau, Panam\u00e1, Pap\u00faa Nueva Guinea, Paraguay, Per\u00fa, Samoa, Seychelles, Singapur, Islas Salom\u00f3n, Corea del Sur, San Crist\u00f3bal y Nieves, Santa Luc\u00eda, San Vicente y las Granadinas, Taiw\u00e1n, Tonga, Trinidad y Tobago, Tuvalu, Estados Unidos, Uruguay.<\/td><td>8 de enero de 2025<\/td><\/tr><tr><td><strong>Pa\u00edses europeos<\/strong>: Alemania, Andorra, Austria, B\u00e9lgica, Bulgaria, Chipre, Croacia, Dinamarca, Eslovaquia, Eslovenia, Espa\u00f1a, Estonia, Finlandia, Francia, Grecia, Hungr\u00eda, Islandia, Italia, Letonia, Liechtenstein, Lituania, Luxemburgo, Malta, M\u00f3naco, Noruega, Pa\u00edses Bajos, Polonia, Portugal, Rep\u00fablica Checa, Ruman\u00eda, San Marino, Suecia, Suiza y Ciudad del Vaticano.<\/td><td>2 de abril de 2025<\/td><\/tr><\/tbody><\/table><figcaption class=\"wp-element-caption\">Lista de pa\u00edses autorizados a solicitar una ETA para el Reino Unido<\/figcaption><\/figure>\n\n<p>Por tanto, los nacionales de la UE deber\u00e1n viajar con una ETA brit\u00e1nica a partir del 2 de abril de 2025. Deben <a href=\"https:\/\/uk-gb.net\/es\/formulario-visado-eta-en-linea-inglaterra\/\">solicitar una ETA brit\u00e1nica por internet<\/a>. <\/p>\n\n<h2 class=\"wp-block-heading\">Exenciones de ETA<\/h2>\n\n<p>Las siguientes personas no necesitan solicitar un ETA:<\/p>\n\n<ul class=\"wp-block-list\">\n<li>Ciudadanos brit\u00e1nicos o irlandeses<\/li>\n\n\n\n<li>Titular de un visado v\u00e1lido del Reino Unido<\/li>\n\n\n\n<li>Residentes permanentes o temporales en el Reino Unido (estatuto de asentado o preasentado)<\/li>\n\n\n\n<li>Residentes legales en Irlanda que viajen desde Irlanda o las Islas Anglonormandas<\/li>\n\n\n\n<li>Menores de 18 a\u00f1os que participen en una excursi\u00f3n escolar organizada (en determinadas condiciones)<\/li>\n<\/ul>\n","protected":false},"excerpt":{"rendered":"<p>Los nacionales de qu\u00e9 pa\u00edses pueden obtener una ETA Reino Unido Aqu\u00ed tienes la lista de pa\u00edses cuyos nacionales pueden acogerse a la ETA para viajar al Reino Unido, junto con las fechas clave en que se introdujo el r\u00e9gimen: Por tanto, los nacionales de la UE deber\u00e1n viajar con una ETA brit\u00e1nica a partir [&hellip;]<\/p>\n","protected":false},"author":1,"featured_media":0,"parent":0,"menu_order":0,"comment_status":"closed","ping_status":"closed","template":"","meta":{"footnotes":""},"class_list":["post-789","page","type-page","status-publish","hentry"],"yoast_head":"<!-- This site is optimized with the Yoast SEO plugin v27.3 - https:\/\/yoast.com\/product\/yoast-seo-wordpress\/ -->\n<title>Pa\u00edses con derecho a ETA en el Reino Unido - UK GB<\/title>\n<meta name=\"description\" content=\"Esta es la lista de pa\u00edses cuyos nacionales pueden solicitar un ETA para viajar al Reino Unido sin necesidad de visado\" \/>\n<meta name=\"robots\" content=\"index, follow, max-snippet:-1, max-image-preview:large, max-video-preview:-1\" \/>\n<link rel=\"canonical\" href=\"https:\/\/uk-gb.net\/es\/paises-que-pueden-solicitar-eta-reino-unido\/\" \/>\n<meta property=\"og:locale\" content=\"es_ES\" \/>\n<meta property=\"og:type\" content=\"article\" \/>\n<meta property=\"og:title\" content=\"Pa\u00edses con derecho a ETA en el Reino Unido - UK GB\" \/>\n<meta property=\"og:description\" content=\"Esta es la lista de pa\u00edses cuyos nacionales pueden solicitar un ETA para viajar al Reino Unido sin necesidad de visado\" \/>\n<meta property=\"og:url\" content=\"https:\/\/uk-gb.net\/es\/paises-que-pueden-solicitar-eta-reino-unido\/\" \/>\n<meta property=\"og:site_name\" content=\"UK GB\" \/>\n<meta property=\"article:modified_time\" content=\"2025-06-05T15:23:36+00:00\" \/>\n<meta name=\"twitter:card\" content=\"summary_large_image\" \/>\n<meta name=\"twitter:label1\" content=\"Tiempo de lectura\" \/>\n\t<meta name=\"twitter:data1\" content=\"1 minuto\" \/>\n<script type=\"application\/ld+json\" class=\"yoast-schema-graph\">{\"@context\":\"https:\\\/\\\/schema.org\",\"@graph\":[{\"@type\":\"WebPage\",\"@id\":\"https:\\\/\\\/uk-gb.net\\\/es\\\/paises-que-pueden-solicitar-eta-reino-unido\\\/\",\"url\":\"https:\\\/\\\/uk-gb.net\\\/es\\\/paises-que-pueden-solicitar-eta-reino-unido\\\/\",\"name\":\"Pa\u00edses con derecho a ETA en el Reino Unido - UK GB\",\"isPartOf\":{\"@id\":\"https:\\\/\\\/uk-gb.net\\\/es\\\/#website\"},\"datePublished\":\"2023-12-19T19:58:55+00:00\",\"dateModified\":\"2025-06-05T15:23:36+00:00\",\"description\":\"Esta es la lista de pa\u00edses cuyos nacionales pueden solicitar un ETA para viajar al Reino Unido sin necesidad de visado\",\"inLanguage\":\"es\",\"potentialAction\":[{\"@type\":\"ReadAction\",\"target\":[\"https:\\\/\\\/uk-gb.net\\\/es\\\/paises-que-pueden-solicitar-eta-reino-unido\\\/\"]}]},{\"@type\":\"WebSite\",\"@id\":\"https:\\\/\\\/uk-gb.net\\\/es\\\/#website\",\"url\":\"https:\\\/\\\/uk-gb.net\\\/es\\\/\",\"name\":\"UK GB\",\"description\":\"Travel to the UK\",\"potentialAction\":[{\"@type\":\"SearchAction\",\"target\":{\"@type\":\"EntryPoint\",\"urlTemplate\":\"https:\\\/\\\/uk-gb.net\\\/es\\\/?s={search_term_string}\"},\"query-input\":{\"@type\":\"PropertyValueSpecification\",\"valueRequired\":true,\"valueName\":\"search_term_string\"}}],\"inLanguage\":\"es\"}]}<\/script>\n<!-- \/ Yoast SEO plugin. -->","yoast_head_json":{"title":"Pa\u00edses con derecho a ETA en el Reino Unido - UK GB","description":"Esta es la lista de pa\u00edses cuyos nacionales pueden solicitar un ETA para viajar al Reino Unido sin necesidad de visado","robots":{"index":"index","follow":"follow","max-snippet":"max-snippet:-1","max-image-preview":"max-image-preview:large","max-video-preview":"max-video-preview:-1"},"canonical":"https:\/\/uk-gb.net\/es\/paises-que-pueden-solicitar-eta-reino-unido\/","og_locale":"es_ES","og_type":"article","og_title":"Pa\u00edses con derecho a ETA en el Reino Unido - UK GB","og_description":"Esta es la lista de pa\u00edses cuyos nacionales pueden solicitar un ETA para viajar al Reino Unido sin necesidad de visado","og_url":"https:\/\/uk-gb.net\/es\/paises-que-pueden-solicitar-eta-reino-unido\/","og_site_name":"UK GB","article_modified_time":"2025-06-05T15:23:36+00:00","twitter_card":"summary_large_image","twitter_misc":{"Tiempo de lectura":"1 minuto"},"schema":{"@context":"https:\/\/schema.org","@graph":[{"@type":"WebPage","@id":"https:\/\/uk-gb.net\/es\/paises-que-pueden-solicitar-eta-reino-unido\/","url":"https:\/\/uk-gb.net\/es\/paises-que-pueden-solicitar-eta-reino-unido\/","name":"Pa\u00edses con derecho a ETA en el Reino Unido - UK GB","isPartOf":{"@id":"https:\/\/uk-gb.net\/es\/#website"},"datePublished":"2023-12-19T19:58:55+00:00","dateModified":"2025-06-05T15:23:36+00:00","description":"Esta es la lista de pa\u00edses cuyos nacionales pueden solicitar un ETA para viajar al Reino Unido sin necesidad de visado","inLanguage":"es","potentialAction":[{"@type":"ReadAction","target":["https:\/\/uk-gb.net\/es\/paises-que-pueden-solicitar-eta-reino-unido\/"]}]},{"@type":"WebSite","@id":"https:\/\/uk-gb.net\/es\/#website","url":"https:\/\/uk-gb.net\/es\/","name":"UK GB","description":"Travel to the UK","potentialAction":[{"@type":"SearchAction","target":{"@type":"EntryPoint","urlTemplate":"https:\/\/uk-gb.net\/es\/?s={search_term_string}"},"query-input":{"@type":"PropertyValueSpecification","valueRequired":true,"valueName":"search_term_string"}}],"inLanguage":"es"}]}},"_links":{"self":[{"href":"https:\/\/uk-gb.net\/es\/wp-json\/wp\/v2\/pages\/789","targetHints":{"allow":["GET"]}}],"collection":[{"href":"https:\/\/uk-gb.net\/es\/wp-json\/wp\/v2\/pages"}],"about":[{"href":"https:\/\/uk-gb.net\/es\/wp-json\/wp\/v2\/types\/page"}],"author":[{"embeddable":true,"href":"https:\/\/uk-gb.net\/es\/wp-json\/wp\/v2\/users\/1"}],"replies":[{"embeddable":true,"href":"https:\/\/uk-gb.net\/es\/wp-json\/wp\/v2\/comments?post=789"}],"version-history":[{"count":0,"href":"https:\/\/uk-gb.net\/es\/wp-json\/wp\/v2\/pages\/789\/revisions"}],"wp:attachment":[{"href":"https:\/\/uk-gb.net\/es\/wp-json\/wp\/v2\/media?parent=789"}],"curies":[{"name":"wp","href":"https:\/\/api.w.org\/{rel}","templated":true}]}}