{"id":770,"date":"2023-12-07T14:55:09","date_gmt":"2023-12-07T14:55:09","guid":{"rendered":"https:\/\/uk-gb.net\/diferentes-tipos-de-visas-britanicas\/"},"modified":"2026-01-06T13:08:44","modified_gmt":"2026-01-06T13:08:44","slug":"diferentes-tipos-de-visas-britanicas","status":"publish","type":"page","link":"https:\/\/uk-gb.net\/es\/diferentes-tipos-de-visas-britanicas\/","title":{"rendered":"Los diferentes visados para viajar al Reino Unido"},"content":{"rendered":"\n<h1 class=\"wp-block-heading\">Los principales visados para el Reino Unido<\/h1>\n\n<p>El Reino Unido ofrece varios tipos de visado, adaptados a los distintos perfiles de viajeros: turistas en tr\u00e1nsito, estudiantes, profesionales o familiares que se re\u00fanen con un ser querido. Cada visado cumple unas condiciones espec\u00edficas y permite una estancia de duraci\u00f3n variable en el Reino Unido. <\/p>\n\n<p>Aqu\u00ed tienes un resumen de los <strong>principales visados expedidos por el Reino Unido<\/strong>:<\/p>\n\n<ul class=\"wp-block-list\">\n<li><strong>Visado de tr\u00e1nsito<\/strong>: para los viajeros que hacen escala o cambian de aeropuerto.<\/li>\n\n\n\n<li><strong>Visado familiar<\/strong>: para reunirse con un c\u00f3nyuge, hijo o padre que viva en el Reino Unido.<\/li>\n\n\n\n<li><strong>Visado de estudiante<\/strong>: para cursar estudios superiores en un centro brit\u00e1nico.<\/li>\n\n\n\n<li><strong>Visado de negocios<\/strong>: para asistir a reuniones, conferencias o actos profesionales.<\/li>\n<\/ul>\n\n<div style=\"height:10px\" aria-hidden=\"true\" class=\"wp-block-spacer\"><\/div>\n\n<p>Desde 2024, el Reino Unido ha introducido una Autorizaci\u00f3n Electr\u00f3nica de Viaje (ETA) para los nacionales de determinados pa\u00edses exentos de visado.<\/p>\n\n<p><strong>Para hacer una solicitud de ETA en l\u00ednea<\/strong>, s\u00f3lo tienes que rellenar el <a href=\"https:\/\/uk-gb.net\/es\/formulario-visado-eta-en-linea-inglaterra\/\">formulario de ETA en l\u00ednea<\/a>.<\/p>\n\n<div style=\"height:10px\" aria-hidden=\"true\" class=\"wp-block-spacer\"><\/div>\n\n<h2 class=\"wp-block-heading\">\u00bfNecesito visado para transitar por el Reino Unido?<\/h2>\n\n<p>Se exige un <a href=\"https:\/\/uk-gb.net\/es\/visa-de-transito-en-inglaterra-reino-unido\/\">visado de visitante en tr\u00e1nsito<\/a> a los viajeros que tienen que pasar por el control fronterizo al cambiar de terminal o aeropuerto. Tambi\u00e9n te permite hacer una <strong>escala prolongada<\/strong> y abandonar temporalmente el aeropuerto antes de reanudar el vuelo hacia otro destino.<\/p>\n\n<h2 class=\"wp-block-heading\">Estudiar en el Reino Unido: \u00bfqu\u00e9 visado debo obtener?<\/h2>\n\n<p>Si piensas seguir un programa de estudios de larga duraci\u00f3n en el Reino Unido, tendr\u00e1s que solicitar un <a href=\"https:\/\/uk-gb.net\/es\/visa-de-estudiante-para-inglaterra\/\">visado de estudiante<\/a>. Para obtenerlo, generalmente necesitas :<\/p>\n\n<ul class=\"wp-block-list\">\n<li>Presentar una <strong>carta de patrocinio (CAS)<\/strong> expedida por la universidad o escuela.<\/li>\n\n\n\n<li>Acreditar un <strong>nivel suficiente de ingl\u00e9s<\/strong> (se requiere una prueba reconocida).<\/li>\n\n\n\n<li><strong>Acreditar recursos econ\u00f3micos<\/strong> para cubrir los gastos de matr\u00edcula y manutenci\u00f3n.<\/li>\n<\/ul>\n\n<div style=\"height:10px\" aria-hidden=\"true\" class=\"wp-block-spacer\"><\/div>\n\n<h2 class=\"wp-block-heading\">Unirse a un miembro de la familia: visado familiar<\/h2>\n\n<p>El visado <a href=\"https:\/\/uk-gb.net\/es\/visa-familiar-para-inglaterra\/\">familiar brit\u00e1nico<\/a> te permite residir en el Reino Unido durante un periodo superior a seis meses con un pariente cercano: c\u00f3nyuge, hijo, padre u otro familiar. Este tipo de visado est\u00e1 sujeto a criterios de parentesco, ingresos y, a veces, alojamiento. Tambi\u00e9n existe un visado <a href=\"https:\/\/uk-gb.net\/es\/visa-de-nino-para-inglaterra\/\">infantil para el Reino Unido<\/a>.  <\/p>\n\n<h2 class=\"wp-block-heading\">Viajes de negocios: \u00bfcu\u00e1ndo debes solicitar un visado de negocios?<\/h2>\n\n<p>El <a href=\"https:\/\/uk-gb.net\/es\/visa-de-negocios-para-inglaterra-reino-unido\/\">visado de negocios<\/a> est\u00e1 destinado a profesionales extranjeros que viajan al Reino Unido para <strong>realizar actividades ocasionales no remuneradas localmente<\/strong>, como :<\/p>\n\n<ul class=\"wp-block-list\">\n<li>Participar en una reuni\u00f3n o conferencia<\/li>\n\n\n\n<li>Negociar un contrato<\/li>\n\n\n\n<li>Realizar una investigaci\u00f3n o presentar un proyecto acad\u00e9mico<\/li>\n<\/ul>\n\n<div style=\"height:10px\" aria-hidden=\"true\" class=\"wp-block-spacer\"><\/div>\n\n<p>Este visado <strong>no te permite trabajar para una empresa brit\u00e1nica<\/strong> ni establecerte permanentemente en el Reino Unido.<\/p>\n","protected":false},"excerpt":{"rendered":"<p>Los principales visados para el Reino Unido El Reino Unido ofrece varios tipos de visado, adaptados a los distintos perfiles de viajeros: turistas en tr\u00e1nsito, estudiantes, profesionales o familiares que se re\u00fanen con un ser querido. Cada visado cumple unas condiciones espec\u00edficas y permite una estancia de duraci\u00f3n variable en el Reino Unido. Aqu\u00ed tienes [&hellip;]<\/p>\n","protected":false},"author":1,"featured_media":0,"parent":0,"menu_order":0,"comment_status":"closed","ping_status":"closed","template":"","meta":{"footnotes":""},"class_list":["post-770","page","type-page","status-publish","hentry"],"yoast_head":"<!-- This site is optimized with the Yoast SEO plugin v27.4 - https:\/\/yoast.com\/product\/yoast-seo-wordpress\/ -->\n<title>Los diferentes visados para viajar al Reino Unido - UK GB<\/title>\n<meta name=\"description\" content=\"\u00bfQu\u00e9 visados pueden obtener los viajeros extranjeros que deseen visitar el Reino Unido?\" \/>\n<meta name=\"robots\" content=\"index, follow, max-snippet:-1, max-image-preview:large, max-video-preview:-1\" \/>\n<link rel=\"canonical\" href=\"https:\/\/uk-gb.net\/es\/diferentes-tipos-de-visas-britanicas\/\" \/>\n<meta property=\"og:locale\" content=\"es_ES\" \/>\n<meta property=\"og:type\" content=\"article\" \/>\n<meta property=\"og:title\" content=\"Los diferentes visados para viajar al Reino Unido - UK GB\" \/>\n<meta property=\"og:description\" content=\"\u00bfQu\u00e9 visados pueden obtener los viajeros extranjeros que deseen visitar el Reino Unido?\" \/>\n<meta property=\"og:url\" content=\"https:\/\/uk-gb.net\/es\/diferentes-tipos-de-visas-britanicas\/\" \/>\n<meta property=\"og:site_name\" content=\"UK GB\" \/>\n<meta property=\"article:modified_time\" content=\"2026-01-06T13:08:44+00:00\" \/>\n<meta name=\"twitter:card\" content=\"summary_large_image\" \/>\n<meta name=\"twitter:label1\" content=\"Tiempo de lectura\" \/>\n\t<meta name=\"twitter:data1\" content=\"2 minutos\" \/>\n<script type=\"application\/ld+json\" class=\"yoast-schema-graph\">{\"@context\":\"https:\\\/\\\/schema.org\",\"@graph\":[{\"@type\":\"WebPage\",\"@id\":\"https:\\\/\\\/uk-gb.net\\\/es\\\/diferentes-tipos-de-visas-britanicas\\\/\",\"url\":\"https:\\\/\\\/uk-gb.net\\\/es\\\/diferentes-tipos-de-visas-britanicas\\\/\",\"name\":\"Los diferentes visados para viajar al Reino Unido - UK GB\",\"isPartOf\":{\"@id\":\"https:\\\/\\\/uk-gb.net\\\/es\\\/#website\"},\"datePublished\":\"2023-12-07T14:55:09+00:00\",\"dateModified\":\"2026-01-06T13:08:44+00:00\",\"description\":\"\u00bfQu\u00e9 visados pueden obtener los viajeros extranjeros que deseen visitar el Reino Unido?\",\"inLanguage\":\"es\",\"potentialAction\":[{\"@type\":\"ReadAction\",\"target\":[\"https:\\\/\\\/uk-gb.net\\\/es\\\/diferentes-tipos-de-visas-britanicas\\\/\"]}]},{\"@type\":\"WebSite\",\"@id\":\"https:\\\/\\\/uk-gb.net\\\/es\\\/#website\",\"url\":\"https:\\\/\\\/uk-gb.net\\\/es\\\/\",\"name\":\"UK GB\",\"description\":\"Travel to the UK\",\"potentialAction\":[{\"@type\":\"SearchAction\",\"target\":{\"@type\":\"EntryPoint\",\"urlTemplate\":\"https:\\\/\\\/uk-gb.net\\\/es\\\/?s={search_term_string}\"},\"query-input\":{\"@type\":\"PropertyValueSpecification\",\"valueRequired\":true,\"valueName\":\"search_term_string\"}}],\"inLanguage\":\"es\"}]}<\/script>\n<!-- \/ Yoast SEO plugin. -->","yoast_head_json":{"title":"Los diferentes visados para viajar al Reino Unido - UK GB","description":"\u00bfQu\u00e9 visados pueden obtener los viajeros extranjeros que deseen visitar el Reino Unido?","robots":{"index":"index","follow":"follow","max-snippet":"max-snippet:-1","max-image-preview":"max-image-preview:large","max-video-preview":"max-video-preview:-1"},"canonical":"https:\/\/uk-gb.net\/es\/diferentes-tipos-de-visas-britanicas\/","og_locale":"es_ES","og_type":"article","og_title":"Los diferentes visados para viajar al Reino Unido - UK GB","og_description":"\u00bfQu\u00e9 visados pueden obtener los viajeros extranjeros que deseen visitar el Reino Unido?","og_url":"https:\/\/uk-gb.net\/es\/diferentes-tipos-de-visas-britanicas\/","og_site_name":"UK GB","article_modified_time":"2026-01-06T13:08:44+00:00","twitter_card":"summary_large_image","twitter_misc":{"Tiempo de lectura":"2 minutos"},"schema":{"@context":"https:\/\/schema.org","@graph":[{"@type":"WebPage","@id":"https:\/\/uk-gb.net\/es\/diferentes-tipos-de-visas-britanicas\/","url":"https:\/\/uk-gb.net\/es\/diferentes-tipos-de-visas-britanicas\/","name":"Los diferentes visados para viajar al Reino Unido - UK GB","isPartOf":{"@id":"https:\/\/uk-gb.net\/es\/#website"},"datePublished":"2023-12-07T14:55:09+00:00","dateModified":"2026-01-06T13:08:44+00:00","description":"\u00bfQu\u00e9 visados pueden obtener los viajeros extranjeros que deseen visitar el Reino Unido?","inLanguage":"es","potentialAction":[{"@type":"ReadAction","target":["https:\/\/uk-gb.net\/es\/diferentes-tipos-de-visas-britanicas\/"]}]},{"@type":"WebSite","@id":"https:\/\/uk-gb.net\/es\/#website","url":"https:\/\/uk-gb.net\/es\/","name":"UK GB","description":"Travel to the UK","potentialAction":[{"@type":"SearchAction","target":{"@type":"EntryPoint","urlTemplate":"https:\/\/uk-gb.net\/es\/?s={search_term_string}"},"query-input":{"@type":"PropertyValueSpecification","valueRequired":true,"valueName":"search_term_string"}}],"inLanguage":"es"}]}},"_links":{"self":[{"href":"https:\/\/uk-gb.net\/es\/wp-json\/wp\/v2\/pages\/770","targetHints":{"allow":["GET"]}}],"collection":[{"href":"https:\/\/uk-gb.net\/es\/wp-json\/wp\/v2\/pages"}],"about":[{"href":"https:\/\/uk-gb.net\/es\/wp-json\/wp\/v2\/types\/page"}],"author":[{"embeddable":true,"href":"https:\/\/uk-gb.net\/es\/wp-json\/wp\/v2\/users\/1"}],"replies":[{"embeddable":true,"href":"https:\/\/uk-gb.net\/es\/wp-json\/wp\/v2\/comments?post=770"}],"version-history":[{"count":0,"href":"https:\/\/uk-gb.net\/es\/wp-json\/wp\/v2\/pages\/770\/revisions"}],"wp:attachment":[{"href":"https:\/\/uk-gb.net\/es\/wp-json\/wp\/v2\/media?parent=770"}],"curies":[{"name":"wp","href":"https:\/\/api.w.org\/{rel}","templated":true}]}}