{"id":763,"date":"2023-12-07T16:45:33","date_gmt":"2023-12-07T16:45:33","guid":{"rendered":"https:\/\/uk-gb.net\/embajada-britanica-en-espana\/"},"modified":"2025-05-27T08:38:45","modified_gmt":"2025-05-27T07:38:45","slug":"embajada-britanica-en-espana","status":"publish","type":"page","link":"https:\/\/uk-gb.net\/es\/embajada-britanica-en-espana\/","title":{"rendered":"Embajada del Reino Unido en Espana"},"content":{"rendered":"\n<h1 class=\"wp-block-heading\">\u00bfQu\u00e9 es la Embajada del Reino Unido?<\/h1>\n\n<p>Las embajadas del Reino Unido, presentes en la mayor\u00eda de los pa\u00edses, representan oficialmente los intereses brit\u00e1nicos en el extranjero. Su misi\u00f3n principal es proteger a los ciudadanos brit\u00e1nicos en el extranjero, al tiempo que promueven las prioridades diplom\u00e1ticas, econ\u00f3micas y culturales del Reino Unido. Tambi\u00e9n prestan apoyo consular a los ciudadanos que viajan o viven en el extranjero.  <\/p>\n\n<p>En t\u00e9rminos de movilidad, estas representaciones desempe\u00f1an un papel central en la tramitaci\u00f3n de <a href=\"https:\/\/uk-gb.net\/fr\/procedure-demande-visa-royaume-uni\/\">las solicitudes de visado<\/a> para las personas que desean viajar al Reino Unido. Sin embargo, desde 2024, los nacionales de determinados <a href=\"https:\/\/uk-gb.net\/fr\/pays-qui-peuvent-demander-eta-royaume-uni\/\">pa\u00edses que pueden acogerse al Programa de Exenci\u00f3n de Visado<\/a> ya no necesitan solicitar un <a href=\"https:\/\/uk-gb.net\/fr\/visa-touristique-angleterre-royaume-uni\/\">visado de turista<\/a> para estancias cortas. <\/p>\n\n<p><strong>Puedes obtener<\/strong> una <a href=\"https:\/\/uk-gb.net\/fr\/eta-angleterre-royaume-uni\/\">eTA para el Reino Unido<\/a> <strong>por Internet<\/strong> para una estancia tur\u00edstica inferior a 6 meses.<\/p>\n\n<div style=\"height:10px\" aria-hidden=\"true\" class=\"wp-block-spacer\"><\/div>\n\n<h2 class=\"wp-block-heading\">\u00bfD\u00f3nde est\u00e1 la embajada del Reino Unido?<\/h2>\n\n<p>Para localizar tu embajada o consulado brit\u00e1nico m\u00e1s cercano, puedes consultar <a href=\"https:\/\/www.gov.uk\/world\/embassies\">esta p\u00e1gina espec\u00edfica<\/a>, que enumera todas las representaciones diplom\u00e1ticas del Reino Unido en el mundo.<\/p>\n\n<p><strong>La Embajada del Reino Unido en Espana est\u00e1 situada en P.\u00ba de la Castellana, 259, Fuencarral-El Pardo, 28046 Madrid, <\/strong><\/p>\n\n<h2 class=\"wp-block-heading\">\u00bfC\u00f3mo pido cita en una embajada brit\u00e1nica?<\/h2>\n\n<p>Al solicitar un visado para el Reino Unido, normalmente se requiere que los solicitantes asistan a una entrevista consular. Para reservar esta cita, los solicitantes deben visitar el sitio web oficial del gobierno del Reino Unido (gov.uk) y seleccionar una <a href=\"https:\/\/uk-gb.net\/fr\/rendez-vous-visa-ambassade-angleterre\/\">fecha para la entrevista en la embajada<\/a> o centro de solicitud de visados correspondiente. <\/p>\n\n<p>Una vez confirmada la cita, se puede descargar una invitaci\u00f3n oficial. Este documento debe imprimirse y presentarse con todos los justificantes necesarios para la entrevista. <\/p>\n","protected":false},"excerpt":{"rendered":"<p>\u00bfQu\u00e9 es la Embajada del Reino Unido? Las embajadas del Reino Unido, presentes en la mayor\u00eda de los pa\u00edses, representan oficialmente los intereses brit\u00e1nicos en el extranjero. Su misi\u00f3n principal es proteger a los ciudadanos brit\u00e1nicos en el extranjero, al tiempo que promueven las prioridades diplom\u00e1ticas, econ\u00f3micas y culturales del Reino Unido. Tambi\u00e9n prestan apoyo [&hellip;]<\/p>\n","protected":false},"author":1,"featured_media":0,"parent":0,"menu_order":0,"comment_status":"closed","ping_status":"closed","template":"","meta":{"footnotes":""},"class_list":["post-763","page","type-page","status-publish","hentry"],"yoast_head":"<!-- This site is optimized with the Yoast SEO plugin v27.3 - https:\/\/yoast.com\/product\/yoast-seo-wordpress\/ -->\n<title>Embajada del Reino Unido en Espana - UK GB<\/title>\n<meta name=\"description\" content=\"P\u00f3ngase en contacto con la embajada del Reino Unido o el consulado brit\u00e1nico representativo en su pa\u00eds de residencia\" \/>\n<meta name=\"robots\" content=\"index, follow, max-snippet:-1, max-image-preview:large, max-video-preview:-1\" \/>\n<link rel=\"canonical\" href=\"https:\/\/uk-gb.net\/es\/embajada-britanica-en-espana\/\" \/>\n<meta property=\"og:locale\" content=\"es_ES\" \/>\n<meta property=\"og:type\" content=\"article\" \/>\n<meta property=\"og:title\" content=\"Embajada del Reino Unido en Espana - UK GB\" \/>\n<meta property=\"og:description\" content=\"P\u00f3ngase en contacto con la embajada del Reino Unido o el consulado brit\u00e1nico representativo en su pa\u00eds de residencia\" \/>\n<meta property=\"og:url\" content=\"https:\/\/uk-gb.net\/es\/embajada-britanica-en-espana\/\" \/>\n<meta property=\"og:site_name\" content=\"UK GB\" \/>\n<meta property=\"article:modified_time\" content=\"2025-05-27T07:38:45+00:00\" \/>\n<meta name=\"twitter:card\" content=\"summary_large_image\" \/>\n<meta name=\"twitter:label1\" content=\"Tiempo de lectura\" \/>\n\t<meta name=\"twitter:data1\" content=\"1 minuto\" \/>\n<script type=\"application\/ld+json\" class=\"yoast-schema-graph\">{\"@context\":\"https:\\\/\\\/schema.org\",\"@graph\":[{\"@type\":\"WebPage\",\"@id\":\"https:\\\/\\\/uk-gb.net\\\/es\\\/embajada-britanica-en-espana\\\/\",\"url\":\"https:\\\/\\\/uk-gb.net\\\/es\\\/embajada-britanica-en-espana\\\/\",\"name\":\"Embajada del Reino Unido en Espana - UK GB\",\"isPartOf\":{\"@id\":\"https:\\\/\\\/uk-gb.net\\\/es\\\/#website\"},\"datePublished\":\"2023-12-07T16:45:33+00:00\",\"dateModified\":\"2025-05-27T07:38:45+00:00\",\"description\":\"P\u00f3ngase en contacto con la embajada del Reino Unido o el consulado brit\u00e1nico representativo en su pa\u00eds de residencia\",\"inLanguage\":\"es\",\"potentialAction\":[{\"@type\":\"ReadAction\",\"target\":[\"https:\\\/\\\/uk-gb.net\\\/es\\\/embajada-britanica-en-espana\\\/\"]}]},{\"@type\":\"WebSite\",\"@id\":\"https:\\\/\\\/uk-gb.net\\\/es\\\/#website\",\"url\":\"https:\\\/\\\/uk-gb.net\\\/es\\\/\",\"name\":\"UK GB\",\"description\":\"Travel to the UK\",\"potentialAction\":[{\"@type\":\"SearchAction\",\"target\":{\"@type\":\"EntryPoint\",\"urlTemplate\":\"https:\\\/\\\/uk-gb.net\\\/es\\\/?s={search_term_string}\"},\"query-input\":{\"@type\":\"PropertyValueSpecification\",\"valueRequired\":true,\"valueName\":\"search_term_string\"}}],\"inLanguage\":\"es\"}]}<\/script>\n<!-- \/ Yoast SEO plugin. -->","yoast_head_json":{"title":"Embajada del Reino Unido en Espana - UK GB","description":"P\u00f3ngase en contacto con la embajada del Reino Unido o el consulado brit\u00e1nico representativo en su pa\u00eds de residencia","robots":{"index":"index","follow":"follow","max-snippet":"max-snippet:-1","max-image-preview":"max-image-preview:large","max-video-preview":"max-video-preview:-1"},"canonical":"https:\/\/uk-gb.net\/es\/embajada-britanica-en-espana\/","og_locale":"es_ES","og_type":"article","og_title":"Embajada del Reino Unido en Espana - UK GB","og_description":"P\u00f3ngase en contacto con la embajada del Reino Unido o el consulado brit\u00e1nico representativo en su pa\u00eds de residencia","og_url":"https:\/\/uk-gb.net\/es\/embajada-britanica-en-espana\/","og_site_name":"UK GB","article_modified_time":"2025-05-27T07:38:45+00:00","twitter_card":"summary_large_image","twitter_misc":{"Tiempo de lectura":"1 minuto"},"schema":{"@context":"https:\/\/schema.org","@graph":[{"@type":"WebPage","@id":"https:\/\/uk-gb.net\/es\/embajada-britanica-en-espana\/","url":"https:\/\/uk-gb.net\/es\/embajada-britanica-en-espana\/","name":"Embajada del Reino Unido en Espana - UK GB","isPartOf":{"@id":"https:\/\/uk-gb.net\/es\/#website"},"datePublished":"2023-12-07T16:45:33+00:00","dateModified":"2025-05-27T07:38:45+00:00","description":"P\u00f3ngase en contacto con la embajada del Reino Unido o el consulado brit\u00e1nico representativo en su pa\u00eds de residencia","inLanguage":"es","potentialAction":[{"@type":"ReadAction","target":["https:\/\/uk-gb.net\/es\/embajada-britanica-en-espana\/"]}]},{"@type":"WebSite","@id":"https:\/\/uk-gb.net\/es\/#website","url":"https:\/\/uk-gb.net\/es\/","name":"UK GB","description":"Travel to the UK","potentialAction":[{"@type":"SearchAction","target":{"@type":"EntryPoint","urlTemplate":"https:\/\/uk-gb.net\/es\/?s={search_term_string}"},"query-input":{"@type":"PropertyValueSpecification","valueRequired":true,"valueName":"search_term_string"}}],"inLanguage":"es"}]}},"_links":{"self":[{"href":"https:\/\/uk-gb.net\/es\/wp-json\/wp\/v2\/pages\/763","targetHints":{"allow":["GET"]}}],"collection":[{"href":"https:\/\/uk-gb.net\/es\/wp-json\/wp\/v2\/pages"}],"about":[{"href":"https:\/\/uk-gb.net\/es\/wp-json\/wp\/v2\/types\/page"}],"author":[{"embeddable":true,"href":"https:\/\/uk-gb.net\/es\/wp-json\/wp\/v2\/users\/1"}],"replies":[{"embeddable":true,"href":"https:\/\/uk-gb.net\/es\/wp-json\/wp\/v2\/comments?post=763"}],"version-history":[{"count":0,"href":"https:\/\/uk-gb.net\/es\/wp-json\/wp\/v2\/pages\/763\/revisions"}],"wp:attachment":[{"href":"https:\/\/uk-gb.net\/es\/wp-json\/wp\/v2\/media?parent=763"}],"curies":[{"name":"wp","href":"https:\/\/api.w.org\/{rel}","templated":true}]}}