{"id":755,"date":"2023-12-19T16:07:33","date_gmt":"2023-12-19T16:07:33","guid":{"rendered":"https:\/\/uk-gb.net\/aplicacion-iphone-visa-eta-inglaterra\/"},"modified":"2025-11-13T17:57:30","modified_gmt":"2025-11-13T17:57:30","slug":"aplicacion-iphone-visa-eta-inglaterra","status":"publish","type":"page","link":"https:\/\/uk-gb.net\/es\/aplicacion-iphone-visa-eta-inglaterra\/","title":{"rendered":"Solicitud oficial de ETA del Reino Unido"},"content":{"rendered":"\n<h1 class=\"wp-block-heading\">Solicitud ETA Reino Unido<\/h1>\n\n<p>El Reino Unido ha lanzado una aplicaci\u00f3n m\u00f3vil dedicada a gestionar las solicitudes de <a href=\"https:\/\/uk-gb.net\/es\/eta-inglaterra-reino-unido\/\">eTA para el Reino Unido<\/a>. Esta aplicaci\u00f3n digital ofrece una soluci\u00f3n pr\u00e1ctica y eficaz a los viajeros procedentes de <a href=\"https:\/\/uk-gb.net\/es\/paises-que-pueden-solicitar-eta-reino-unido\/\">pa\u00edses que pueden optar a una eTA para viajar al Reino Unido<\/a>.<\/p>\n\n<p><strong>Para obtener esta autorizaci\u00f3n de viaje en s\u00f3lo unos minutos<\/strong>, rellena el <a href=\"https:\/\/uk-gb.net\/es\/formulario-visado-eta-en-linea-inglaterra\/\">formulario ETA en l\u00ednea<\/a>.<\/p>\n\n<h2 class=\"wp-block-heading\">\u00bfQu\u00e9 es la solicitud ETA del Reino Unido?<\/h2>\n\n<p>La aplicaci\u00f3n ha sido creada por el gobierno brit\u00e1nico para facilitar la solicitud de un ETA para entrar en el Reino Unido. Est\u00e1 dirigida a los <g id=\"gid_0\">viajeros que pueden acogerse a la exenci\u00f3n de visado<\/g> y que desean permanecer en el Reino Unido durante un breve periodo. F\u00e1cil de usar y 100% m\u00f3vil, la aplicaci\u00f3n entr\u00f3 en funcionamiento en 2024.  <\/p>\n\n<h2 class=\"wp-block-heading\">\u00bfC\u00f3mo funciona la solicitud de ETA del Reino Unido?<\/h2>\n\n<p>La aplicaci\u00f3n puede descargarse gratuitamente de las tiendas de Android e iOS. Te permite presentar una solicitud de autorizaci\u00f3n de viaje en s\u00f3lo unos minutos. Los viajeros deben :  <\/p>\n\n<ul class=\"wp-block-list\">\n<li>Rellena tus datos personales y los del pasaporte<\/li>\n\n\n\n<li>Responde a un breve cuestionario de seguridad<\/li>\n\n\n\n<li>Pago seguro de las tasas ETA<\/li>\n<\/ul>\n\n<div style=\"height:10px\" aria-hidden=\"true\" class=\"wp-block-spacer\"><\/div>\n\n<p>Una vez validada la solicitud, la ETA se <strong>expide<\/strong> generalmente <strong>en un plazo de tres d\u00edas laborables<\/strong> y se adjunta electr\u00f3nicamente al pasaporte del viajero. No se requiere ning\u00fan documento en papel. <\/p>\n\n<h2 class=\"wp-block-heading\">\u00bfCu\u00e1les son las ventajas de la solicitud ETA del Reino Unido?<\/h2>\n\n<p>La solicitud de ETA para el Reino Unido es r\u00e1pida, intuitiva y completamente sin papeles. Evita los largos tr\u00e1mites que conlleva la obtenci\u00f3n de un <a href=\"https:\/\/uk-gb.net\/es\/visado-turista-inglaterra-reino-unido\/\">visado brit\u00e1nico para visitas tur\u00edsticas<\/a>.  <\/p>\n\n<p>Los viajeros pueden seguir el estado de su solicitud en tiempo real, recibir notificaciones y mantener un registro digital de su autorizaci\u00f3n de viaje. Reduce significativamente los tiempos de espera y simplifica los <a href=\"https:\/\/uk-gb.net\/es\/visado-reino-unido\/\">tr\u00e1mites para entrar en el Reino Unido<\/a>. <\/p>\n\n<h2 class=\"wp-block-heading\">\u00bfHay atenci\u00f3n al cliente en l\u00ednea?<\/h2>\n\n<p>La aplicaci\u00f3n ofrece asistencia en l\u00ednea para ayudar a los usuarios en cada fase del proceso. Un FAQ integrado responde a las preguntas m\u00e1s frecuentes, y un chatbot est\u00e1 disponible para proporcionar respuestas instant\u00e1neas en tiempo real. <\/p>\n\n<p>Estas caracter\u00edsticas hacen de la aplicaci\u00f3n eTA una herramienta esencial para los viajeros, simplificando el proceso de solicitud y proporcionando una experiencia de usuario segura y eficaz. Esto es mucho m\u00e1s sencillo que <a href=\"https:\/\/uk-gb.net\/es\/solicitud-procedimiento-visado-reino-unido\/\">solicitar un visado para el Reino Unido<\/a>. <\/p>\n\n<h2 class=\"wp-block-heading\">Aplicaci\u00f3n UK eTA en el App Store de Apple<\/h2>\n\n<p>Esta es la aplicaci\u00f3n oficial de las autoridades brit\u00e1nicas que permite a los viajeros solicitar la eTA en su m\u00f3vil.<\/p>\n\n<figure class=\"wp-block-image size-full\"><img fetchpriority=\"high\" decoding=\"async\" width=\"486\" height=\"822\" src=\"https:\/\/uk-gb.net\/wp-content\/uploads\/2024\/05\/uk-esta-app.jpg\" alt=\"Aplicaci&#xF3;n eTA UK para iPhone\" class=\"wp-image-2351\" srcset=\"https:\/\/uk-gb.net\/wp-content\/uploads\/2024\/05\/uk-esta-app.jpg 486w, https:\/\/uk-gb.net\/wp-content\/uploads\/2024\/05\/uk-esta-app-177x300.jpg 177w\" sizes=\"(max-width: 486px) 100vw, 486px\" \/><figcaption class=\"wp-element-caption\">Imagen de la aplicaci\u00f3n para IPhone en la App Store para solicitar la eTA Reino Unido<\/figcaption><\/figure>\n\n<p><\/p>\n","protected":false},"excerpt":{"rendered":"<p>Solicitud ETA Reino Unido El Reino Unido ha lanzado una aplicaci\u00f3n m\u00f3vil dedicada a gestionar las solicitudes de eTA para el Reino Unido. Esta aplicaci\u00f3n digital ofrece una soluci\u00f3n pr\u00e1ctica y eficaz a los viajeros procedentes de pa\u00edses que pueden optar a una eTA para viajar al Reino Unido. Para obtener esta autorizaci\u00f3n de viaje [&hellip;]<\/p>\n","protected":false},"author":1,"featured_media":0,"parent":0,"menu_order":0,"comment_status":"closed","ping_status":"closed","template":"","meta":{"footnotes":""},"class_list":["post-755","page","type-page","status-publish","hentry"],"yoast_head":"<!-- This site is optimized with the Yoast SEO plugin v27.3 - https:\/\/yoast.com\/product\/yoast-seo-wordpress\/ -->\n<title>Solicitud oficial de ETA del Reino Unido - UK GB<\/title>\n<meta name=\"description\" content=\"Descubre la aplicaci\u00f3n para IPhone que te permite gestionar tu solicitud de eTA para viajar al Reino Unido\" \/>\n<meta name=\"robots\" content=\"index, follow, max-snippet:-1, max-image-preview:large, max-video-preview:-1\" \/>\n<link rel=\"canonical\" href=\"https:\/\/uk-gb.net\/es\/aplicacion-iphone-visa-eta-inglaterra\/\" \/>\n<meta property=\"og:locale\" content=\"es_ES\" \/>\n<meta property=\"og:type\" content=\"article\" \/>\n<meta property=\"og:title\" content=\"Solicitud oficial de ETA del Reino Unido - UK GB\" \/>\n<meta property=\"og:description\" content=\"Descubre la aplicaci\u00f3n para IPhone que te permite gestionar tu solicitud de eTA para viajar al Reino Unido\" \/>\n<meta property=\"og:url\" content=\"https:\/\/uk-gb.net\/es\/aplicacion-iphone-visa-eta-inglaterra\/\" \/>\n<meta property=\"og:site_name\" content=\"UK GB\" \/>\n<meta property=\"article:modified_time\" content=\"2025-11-13T17:57:30+00:00\" \/>\n<meta property=\"og:image\" content=\"https:\/\/uk-gb.net\/wp-content\/uploads\/2024\/05\/uk-esta-app.jpg\" \/>\n\t<meta property=\"og:image:width\" content=\"486\" \/>\n\t<meta property=\"og:image:height\" content=\"822\" \/>\n\t<meta property=\"og:image:type\" content=\"image\/jpeg\" \/>\n<meta name=\"twitter:card\" content=\"summary_large_image\" \/>\n<meta name=\"twitter:label1\" content=\"Tiempo de lectura\" \/>\n\t<meta name=\"twitter:data1\" content=\"2 minutos\" \/>\n<script type=\"application\/ld+json\" class=\"yoast-schema-graph\">{\"@context\":\"https:\\\/\\\/schema.org\",\"@graph\":[{\"@type\":\"WebPage\",\"@id\":\"https:\\\/\\\/uk-gb.net\\\/es\\\/aplicacion-iphone-visa-eta-inglaterra\\\/\",\"url\":\"https:\\\/\\\/uk-gb.net\\\/es\\\/aplicacion-iphone-visa-eta-inglaterra\\\/\",\"name\":\"Solicitud oficial de ETA del Reino Unido - UK GB\",\"isPartOf\":{\"@id\":\"https:\\\/\\\/uk-gb.net\\\/es\\\/#website\"},\"primaryImageOfPage\":{\"@id\":\"https:\\\/\\\/uk-gb.net\\\/es\\\/aplicacion-iphone-visa-eta-inglaterra\\\/#primaryimage\"},\"image\":{\"@id\":\"https:\\\/\\\/uk-gb.net\\\/es\\\/aplicacion-iphone-visa-eta-inglaterra\\\/#primaryimage\"},\"thumbnailUrl\":\"https:\\\/\\\/uk-gb.net\\\/wp-content\\\/uploads\\\/2024\\\/05\\\/uk-esta-app.jpg\",\"datePublished\":\"2023-12-19T16:07:33+00:00\",\"dateModified\":\"2025-11-13T17:57:30+00:00\",\"description\":\"Descubre la aplicaci\u00f3n para IPhone que te permite gestionar tu solicitud de eTA para viajar al Reino Unido\",\"inLanguage\":\"es\",\"potentialAction\":[{\"@type\":\"ReadAction\",\"target\":[\"https:\\\/\\\/uk-gb.net\\\/es\\\/aplicacion-iphone-visa-eta-inglaterra\\\/\"]}]},{\"@type\":\"ImageObject\",\"inLanguage\":\"es\",\"@id\":\"https:\\\/\\\/uk-gb.net\\\/es\\\/aplicacion-iphone-visa-eta-inglaterra\\\/#primaryimage\",\"url\":\"https:\\\/\\\/uk-gb.net\\\/wp-content\\\/uploads\\\/2024\\\/05\\\/uk-esta-app.jpg\",\"contentUrl\":\"https:\\\/\\\/uk-gb.net\\\/wp-content\\\/uploads\\\/2024\\\/05\\\/uk-esta-app.jpg\"},{\"@type\":\"WebSite\",\"@id\":\"https:\\\/\\\/uk-gb.net\\\/es\\\/#website\",\"url\":\"https:\\\/\\\/uk-gb.net\\\/es\\\/\",\"name\":\"UK GB\",\"description\":\"Travel to the UK\",\"potentialAction\":[{\"@type\":\"SearchAction\",\"target\":{\"@type\":\"EntryPoint\",\"urlTemplate\":\"https:\\\/\\\/uk-gb.net\\\/es\\\/?s={search_term_string}\"},\"query-input\":{\"@type\":\"PropertyValueSpecification\",\"valueRequired\":true,\"valueName\":\"search_term_string\"}}],\"inLanguage\":\"es\"}]}<\/script>\n<!-- \/ Yoast SEO plugin. -->","yoast_head_json":{"title":"Solicitud oficial de ETA del Reino Unido - UK GB","description":"Descubre la aplicaci\u00f3n para IPhone que te permite gestionar tu solicitud de eTA para viajar al Reino Unido","robots":{"index":"index","follow":"follow","max-snippet":"max-snippet:-1","max-image-preview":"max-image-preview:large","max-video-preview":"max-video-preview:-1"},"canonical":"https:\/\/uk-gb.net\/es\/aplicacion-iphone-visa-eta-inglaterra\/","og_locale":"es_ES","og_type":"article","og_title":"Solicitud oficial de ETA del Reino Unido - UK GB","og_description":"Descubre la aplicaci\u00f3n para IPhone que te permite gestionar tu solicitud de eTA para viajar al Reino Unido","og_url":"https:\/\/uk-gb.net\/es\/aplicacion-iphone-visa-eta-inglaterra\/","og_site_name":"UK GB","article_modified_time":"2025-11-13T17:57:30+00:00","og_image":[{"width":486,"height":822,"url":"https:\/\/uk-gb.net\/wp-content\/uploads\/2024\/05\/uk-esta-app.jpg","type":"image\/jpeg"}],"twitter_card":"summary_large_image","twitter_misc":{"Tiempo de lectura":"2 minutos"},"schema":{"@context":"https:\/\/schema.org","@graph":[{"@type":"WebPage","@id":"https:\/\/uk-gb.net\/es\/aplicacion-iphone-visa-eta-inglaterra\/","url":"https:\/\/uk-gb.net\/es\/aplicacion-iphone-visa-eta-inglaterra\/","name":"Solicitud oficial de ETA del Reino Unido - UK GB","isPartOf":{"@id":"https:\/\/uk-gb.net\/es\/#website"},"primaryImageOfPage":{"@id":"https:\/\/uk-gb.net\/es\/aplicacion-iphone-visa-eta-inglaterra\/#primaryimage"},"image":{"@id":"https:\/\/uk-gb.net\/es\/aplicacion-iphone-visa-eta-inglaterra\/#primaryimage"},"thumbnailUrl":"https:\/\/uk-gb.net\/wp-content\/uploads\/2024\/05\/uk-esta-app.jpg","datePublished":"2023-12-19T16:07:33+00:00","dateModified":"2025-11-13T17:57:30+00:00","description":"Descubre la aplicaci\u00f3n para IPhone que te permite gestionar tu solicitud de eTA para viajar al Reino Unido","inLanguage":"es","potentialAction":[{"@type":"ReadAction","target":["https:\/\/uk-gb.net\/es\/aplicacion-iphone-visa-eta-inglaterra\/"]}]},{"@type":"ImageObject","inLanguage":"es","@id":"https:\/\/uk-gb.net\/es\/aplicacion-iphone-visa-eta-inglaterra\/#primaryimage","url":"https:\/\/uk-gb.net\/wp-content\/uploads\/2024\/05\/uk-esta-app.jpg","contentUrl":"https:\/\/uk-gb.net\/wp-content\/uploads\/2024\/05\/uk-esta-app.jpg"},{"@type":"WebSite","@id":"https:\/\/uk-gb.net\/es\/#website","url":"https:\/\/uk-gb.net\/es\/","name":"UK GB","description":"Travel to the UK","potentialAction":[{"@type":"SearchAction","target":{"@type":"EntryPoint","urlTemplate":"https:\/\/uk-gb.net\/es\/?s={search_term_string}"},"query-input":{"@type":"PropertyValueSpecification","valueRequired":true,"valueName":"search_term_string"}}],"inLanguage":"es"}]}},"_links":{"self":[{"href":"https:\/\/uk-gb.net\/es\/wp-json\/wp\/v2\/pages\/755","targetHints":{"allow":["GET"]}}],"collection":[{"href":"https:\/\/uk-gb.net\/es\/wp-json\/wp\/v2\/pages"}],"about":[{"href":"https:\/\/uk-gb.net\/es\/wp-json\/wp\/v2\/types\/page"}],"author":[{"embeddable":true,"href":"https:\/\/uk-gb.net\/es\/wp-json\/wp\/v2\/users\/1"}],"replies":[{"embeddable":true,"href":"https:\/\/uk-gb.net\/es\/wp-json\/wp\/v2\/comments?post=755"}],"version-history":[{"count":0,"href":"https:\/\/uk-gb.net\/es\/wp-json\/wp\/v2\/pages\/755\/revisions"}],"wp:attachment":[{"href":"https:\/\/uk-gb.net\/es\/wp-json\/wp\/v2\/media?parent=755"}],"curies":[{"name":"wp","href":"https:\/\/api.w.org\/{rel}","templated":true}]}}