{"id":6009,"date":"2025-05-21T14:52:45","date_gmt":"2025-05-21T13:52:45","guid":{"rendered":"https:\/\/uk-gb.net\/visita-inverness-escocia\/"},"modified":"2025-05-22T11:45:38","modified_gmt":"2025-05-22T10:45:38","slug":"visita-inverness-escocia","status":"publish","type":"page","link":"https:\/\/uk-gb.net\/es\/visita-inverness-escocia\/","title":{"rendered":"Visita Inverness en Escocia"},"content":{"rendered":"\n<h1 class=\"wp-block-heading\">Gu\u00eda tur\u00edstica de Inverness<\/h1>\n\n<p>Inverness, apodada \u201cla capital de las Highlands\u201d, es una encantadora ciudad escocesa del norte del pa\u00eds. Rodeada de paisajes espectaculares, castillos misteriosos y lagos legendarios, es la base ideal desde la que explorar una de las regiones m\u00e1s salvajes y aut\u00e9nticas del Reino Unido. <\/p>\n\n<h2 class=\"wp-block-heading\">\u00bfPor qu\u00e9 visitar Inverness?<\/h2>\n\n<p>Inverness atrae a los viajeros en busca de naturaleza, historia y tranquilidad. Con su acogedor centro urbano, su castillo con vistas al r\u00edo Ness y su proximidad al m\u00edtico lago Ness, esta ciudad ofrece un fino equilibrio entre cultura escocesa, patrimonio hist\u00f3rico e impresionantes panor\u00e1micas. Inverness es tambi\u00e9n una base excelente para descubrir las Tierras Altas, rutas panor\u00e1micas como la Costa Norte 500 y las numerosas rutas de senderismo de los alrededores.  <\/p>\n\n<figure class=\"wp-block-image size-large\"><img fetchpriority=\"high\" decoding=\"async\" width=\"1024\" height=\"521\" src=\"https:\/\/uk-gb.net\/wp-content\/uploads\/2025\/05\/Inverness-1024x521.jpg\" alt=\"Ciudad de Inverness\" class=\"wp-image-5938\" srcset=\"https:\/\/uk-gb.net\/wp-content\/uploads\/2025\/05\/Inverness-1024x521.jpg 1024w, https:\/\/uk-gb.net\/wp-content\/uploads\/2025\/05\/Inverness-300x153.jpg 300w, https:\/\/uk-gb.net\/wp-content\/uploads\/2025\/05\/Inverness-768x390.jpg 768w, https:\/\/uk-gb.net\/wp-content\/uploads\/2025\/05\/Inverness.jpg 1072w\" sizes=\"(max-width: 1024px) 100vw, 1024px\" \/><figcaption class=\"wp-element-caption\">Ciudad escocesa de Inverness<\/figcaption><\/figure>\n\n<h2 class=\"wp-block-heading\">Lo imprescindible<\/h2>\n\n<ul class=\"wp-block-list\">\n<li><a href=\"https:\/\/invernesscastle.scot\/\">Castillo de Inverness<\/a>: Un edificio emblem\u00e1tico que domina la ciudad, con impresionantes vistas del r\u00edo Ness.<\/li>\n\n\n\n<li><a href=\"https:\/\/www.visitinvernesslochness.com\/\">Lago Ness<\/a>: A pocos kil\u00f3metros, ve en busca de Nessie y explora el castillo de Urquhart.<\/li>\n\n\n\n<li><a href=\"https:\/\/www.highlifehighland.com\/inverness-museum-and-art-gallery\/\">Museo y Galer\u00eda de Arte de Inverness<\/a>: Aprende m\u00e1s sobre la historia, la cultura y las tradiciones de las Tierras Altas.<\/li>\n\n\n\n<li><a href=\"https:\/\/www.visitinvernesslochness.com\/listings\/ness-islands\">Islas Ness<\/a>: Peque\u00f1as islas boscosas unidas por puentes, perfectas para un tranquilo paseo.<\/li>\n\n\n\n<li><a href=\"https:\/\/invernesscathedral.org\/\">Cath\u00e9drale Saint-Andr\u00e9<\/a>: Una magn\u00edfica catedral g\u00f3tica a orillas del r\u00edo.<\/li>\n\n\n\n<li><a href=\"https:\/\/eden-court.co.uk\/\">Teatro Eden Court<\/a>: Un din\u00e1mico centro cultural que ofrece espect\u00e1culos, pel\u00edculas y conciertos.<\/li>\n<\/ul>\n\n<div style=\"height:10px\" aria-hidden=\"true\" class=\"wp-block-spacer\"><\/div>\n\n<h2 class=\"wp-block-heading\">Barrios para explorar<\/h2>\n\n<ul class=\"wp-block-list\">\n<li><strong>Centro de la ciudad<\/strong>: Un animado barrio con tiendas, pubs tradicionales y restaurantes.<\/li>\n\n\n\n<li><strong>Merkinch<\/strong>: Un barrio a orillas del Canal de Caledonia, perfecto para pasear.<\/li>\n\n\n\n<li><strong>Corona<\/strong>: Zona residencial tranquila y frondosa a tiro de piedra del centro.<\/li>\n\n\n\n<li><strong>Zona Sur<\/strong>: Una zona tranquila para pasear junto al r\u00edo.<\/li>\n<\/ul>\n\n<div style=\"height:10px\" aria-hidden=\"true\" class=\"wp-block-spacer\"><\/div>\n\n<h2 class=\"wp-block-heading\">Consejos pr\u00e1cticos<\/h2>\n\n<figure class=\"wp-block-table\"><table><tbody><tr><th>Aspecto<\/th><th>Detalles<\/th><\/tr><tr><td><strong>Transporte<\/strong><\/td><td>F\u00e1cil acceso en tren o avi\u00f3n; autobuses y taxis proporcionan transporte local.<\/td><\/tr><tr><td><strong>Alojamiento<\/strong><\/td><td>Desde B&amp;B familiares hasta hoteles de 4 estrellas y casas rurales con encanto.<\/td><\/tr><tr><td><strong>Moneda<\/strong><\/td><td>Libra esterlina (\u00a3). Se aceptan pagos con tarjeta. <\/td><\/tr><tr><td><strong>Idioma<\/strong><\/td><td>Ingl\u00e9s, con una fuerte identidad cultural escocesa.<\/td><\/tr><tr><td><strong>El tiempo<\/strong><\/td><td>Lleva ropa impermeable, ya que el clima es cambiante.<\/td><\/tr><\/tbody><\/table><\/figure>\n\n<h2 class=\"wp-block-heading\">\u00bfD\u00f3nde comer?<\/h2>\n\n<ul class=\"wp-block-list\">\n<li><a href=\"https:\/\/www.rocpoolrestaurant.com\/\">Restaurante Rocpool<\/a>: Cocina moderna y refinada con vistas al r\u00edo Ness.<\/li>\n\n\n\n<li><a href=\"https:\/\/www.mustardseedrestaurant.co.uk\/\">The Mustard Seed<\/a>: Ubicado en una antigua iglesia, este restaurante sirve cocina escocesa inventiva.<\/li>\n\n\n\n<li><a href=\"https:\/\/www.kitchenrestaurant.co.uk\/\">La Cocina<\/a>: Un entorno elegante para saborear platos locales de temporada.<\/li>\n\n\n\n<li><a href=\"https:\/\/www.macgregorsbars.com\/\">MacGregor&#8217;s Bar<\/a>: Disfruta de especialidades escocesas en un ambiente acogedor.<\/li>\n<\/ul>\n\n<div style=\"height:10px\" aria-hidden=\"true\" class=\"wp-block-spacer\"><\/div>\n\n<h2 class=\"wp-block-heading\">\u00bfCu\u00e1ndo salir?<\/h2>\n\n<p>Se puede visitar Inverness durante todo el a\u00f1o, pero los meses de mayo a septiembre son los mejores para disfrutar al m\u00e1ximo de las actividades al aire libre. En verano, las Highlands pueden explorarse con una luz excepcional, mientras que el oto\u00f1o ofrece paisajes flam\u00edgeros. En invierno, la ciudad se vuelve m\u00e1s tranquila, ideal para los amantes de la paz y la naturaleza.  <\/p>\n\n<h2 class=\"wp-block-heading\">Cosas que debes recordar al viajar a Inverness<\/h2>\n\n<p>Inverness es mucho m\u00e1s que una simple puerta de entrada al lago Ness: es un destino por derecho propio, que combina naturaleza, historia y cultura. Comparada con grandes ciudades como Edimburgo o Glasgow, Inverness ofrece un ritmo m\u00e1s pausado, ideal para alejarse de todo. Menos urbana que Londres o Manchester, su autenticidad y la belleza en bruto de su entorno son su atractivo. Descubre las Tierras Altas desde Inverness y d\u00e9jate hechizar por la magia del norte de Escocia.   <\/p>\n","protected":false},"excerpt":{"rendered":"<p>Gu\u00eda tur\u00edstica de Inverness Inverness, apodada \u201cla capital de las Highlands\u201d, es una encantadora ciudad escocesa del norte del pa\u00eds. Rodeada de paisajes espectaculares, castillos misteriosos y lagos legendarios, es la base ideal desde la que explorar una de las regiones m\u00e1s salvajes y aut\u00e9nticas del Reino Unido. \u00bfPor qu\u00e9 visitar Inverness? Inverness atrae a [&hellip;]<\/p>\n","protected":false},"author":1,"featured_media":0,"parent":0,"menu_order":0,"comment_status":"closed","ping_status":"closed","template":"","meta":{"footnotes":""},"class_list":["post-6009","page","type-page","status-publish","hentry"],"yoast_head":"<!-- This site is optimized with the Yoast SEO plugin v27.4 - https:\/\/yoast.com\/product\/yoast-seo-wordpress\/ -->\n<title>Visita Inverness en Escocia - UK GB<\/title>\n<meta name=\"description\" content=\"Visita la encantadora ciudad de Inverness. Es la capital de las Highlands, una ciudad escocesa del norte del pa\u00eds.\" \/>\n<meta name=\"robots\" content=\"index, follow, max-snippet:-1, max-image-preview:large, max-video-preview:-1\" \/>\n<link rel=\"canonical\" href=\"https:\/\/uk-gb.net\/es\/visita-inverness-escocia\/\" \/>\n<meta property=\"og:locale\" content=\"es_ES\" \/>\n<meta property=\"og:type\" content=\"article\" \/>\n<meta property=\"og:title\" content=\"Visita Inverness en Escocia - UK GB\" \/>\n<meta property=\"og:description\" content=\"Visita la encantadora ciudad de Inverness. Es la capital de las Highlands, una ciudad escocesa del norte del pa\u00eds.\" \/>\n<meta property=\"og:url\" content=\"https:\/\/uk-gb.net\/es\/visita-inverness-escocia\/\" \/>\n<meta property=\"og:site_name\" content=\"UK GB\" \/>\n<meta property=\"article:modified_time\" content=\"2025-05-22T10:45:38+00:00\" \/>\n<meta property=\"og:image\" content=\"https:\/\/uk-gb.net\/wp-content\/uploads\/2025\/05\/Inverness.jpg\" \/>\n\t<meta property=\"og:image:width\" content=\"1072\" \/>\n\t<meta property=\"og:image:height\" content=\"545\" \/>\n\t<meta property=\"og:image:type\" content=\"image\/jpeg\" \/>\n<meta name=\"twitter:card\" content=\"summary_large_image\" \/>\n<meta name=\"twitter:label1\" content=\"Tiempo de lectura\" \/>\n\t<meta name=\"twitter:data1\" content=\"3 minutos\" \/>\n<script type=\"application\/ld+json\" class=\"yoast-schema-graph\">{\"@context\":\"https:\\\/\\\/schema.org\",\"@graph\":[{\"@type\":\"WebPage\",\"@id\":\"https:\\\/\\\/uk-gb.net\\\/es\\\/visita-inverness-escocia\\\/\",\"url\":\"https:\\\/\\\/uk-gb.net\\\/es\\\/visita-inverness-escocia\\\/\",\"name\":\"Visita Inverness en Escocia - UK GB\",\"isPartOf\":{\"@id\":\"https:\\\/\\\/uk-gb.net\\\/es\\\/#website\"},\"primaryImageOfPage\":{\"@id\":\"https:\\\/\\\/uk-gb.net\\\/es\\\/visita-inverness-escocia\\\/#primaryimage\"},\"image\":{\"@id\":\"https:\\\/\\\/uk-gb.net\\\/es\\\/visita-inverness-escocia\\\/#primaryimage\"},\"thumbnailUrl\":\"https:\\\/\\\/uk-gb.net\\\/wp-content\\\/uploads\\\/2025\\\/05\\\/Inverness-1024x521.jpg\",\"datePublished\":\"2025-05-21T13:52:45+00:00\",\"dateModified\":\"2025-05-22T10:45:38+00:00\",\"description\":\"Visita la encantadora ciudad de Inverness. Es la capital de las Highlands, una ciudad escocesa del norte del pa\u00eds.\",\"inLanguage\":\"es\",\"potentialAction\":[{\"@type\":\"ReadAction\",\"target\":[\"https:\\\/\\\/uk-gb.net\\\/es\\\/visita-inverness-escocia\\\/\"]}]},{\"@type\":\"ImageObject\",\"inLanguage\":\"es\",\"@id\":\"https:\\\/\\\/uk-gb.net\\\/es\\\/visita-inverness-escocia\\\/#primaryimage\",\"url\":\"https:\\\/\\\/uk-gb.net\\\/wp-content\\\/uploads\\\/2025\\\/05\\\/Inverness-1024x521.jpg\",\"contentUrl\":\"https:\\\/\\\/uk-gb.net\\\/wp-content\\\/uploads\\\/2025\\\/05\\\/Inverness-1024x521.jpg\"},{\"@type\":\"WebSite\",\"@id\":\"https:\\\/\\\/uk-gb.net\\\/es\\\/#website\",\"url\":\"https:\\\/\\\/uk-gb.net\\\/es\\\/\",\"name\":\"UK GB\",\"description\":\"Travel to the UK\",\"potentialAction\":[{\"@type\":\"SearchAction\",\"target\":{\"@type\":\"EntryPoint\",\"urlTemplate\":\"https:\\\/\\\/uk-gb.net\\\/es\\\/?s={search_term_string}\"},\"query-input\":{\"@type\":\"PropertyValueSpecification\",\"valueRequired\":true,\"valueName\":\"search_term_string\"}}],\"inLanguage\":\"es\"}]}<\/script>\n<!-- \/ Yoast SEO plugin. -->","yoast_head_json":{"title":"Visita Inverness en Escocia - UK GB","description":"Visita la encantadora ciudad de Inverness. Es la capital de las Highlands, una ciudad escocesa del norte del pa\u00eds.","robots":{"index":"index","follow":"follow","max-snippet":"max-snippet:-1","max-image-preview":"max-image-preview:large","max-video-preview":"max-video-preview:-1"},"canonical":"https:\/\/uk-gb.net\/es\/visita-inverness-escocia\/","og_locale":"es_ES","og_type":"article","og_title":"Visita Inverness en Escocia - UK GB","og_description":"Visita la encantadora ciudad de Inverness. Es la capital de las Highlands, una ciudad escocesa del norte del pa\u00eds.","og_url":"https:\/\/uk-gb.net\/es\/visita-inverness-escocia\/","og_site_name":"UK GB","article_modified_time":"2025-05-22T10:45:38+00:00","og_image":[{"width":1072,"height":545,"url":"https:\/\/uk-gb.net\/wp-content\/uploads\/2025\/05\/Inverness.jpg","type":"image\/jpeg"}],"twitter_card":"summary_large_image","twitter_misc":{"Tiempo de lectura":"3 minutos"},"schema":{"@context":"https:\/\/schema.org","@graph":[{"@type":"WebPage","@id":"https:\/\/uk-gb.net\/es\/visita-inverness-escocia\/","url":"https:\/\/uk-gb.net\/es\/visita-inverness-escocia\/","name":"Visita Inverness en Escocia - UK GB","isPartOf":{"@id":"https:\/\/uk-gb.net\/es\/#website"},"primaryImageOfPage":{"@id":"https:\/\/uk-gb.net\/es\/visita-inverness-escocia\/#primaryimage"},"image":{"@id":"https:\/\/uk-gb.net\/es\/visita-inverness-escocia\/#primaryimage"},"thumbnailUrl":"https:\/\/uk-gb.net\/wp-content\/uploads\/2025\/05\/Inverness-1024x521.jpg","datePublished":"2025-05-21T13:52:45+00:00","dateModified":"2025-05-22T10:45:38+00:00","description":"Visita la encantadora ciudad de Inverness. Es la capital de las Highlands, una ciudad escocesa del norte del pa\u00eds.","inLanguage":"es","potentialAction":[{"@type":"ReadAction","target":["https:\/\/uk-gb.net\/es\/visita-inverness-escocia\/"]}]},{"@type":"ImageObject","inLanguage":"es","@id":"https:\/\/uk-gb.net\/es\/visita-inverness-escocia\/#primaryimage","url":"https:\/\/uk-gb.net\/wp-content\/uploads\/2025\/05\/Inverness-1024x521.jpg","contentUrl":"https:\/\/uk-gb.net\/wp-content\/uploads\/2025\/05\/Inverness-1024x521.jpg"},{"@type":"WebSite","@id":"https:\/\/uk-gb.net\/es\/#website","url":"https:\/\/uk-gb.net\/es\/","name":"UK GB","description":"Travel to the UK","potentialAction":[{"@type":"SearchAction","target":{"@type":"EntryPoint","urlTemplate":"https:\/\/uk-gb.net\/es\/?s={search_term_string}"},"query-input":{"@type":"PropertyValueSpecification","valueRequired":true,"valueName":"search_term_string"}}],"inLanguage":"es"}]}},"_links":{"self":[{"href":"https:\/\/uk-gb.net\/es\/wp-json\/wp\/v2\/pages\/6009","targetHints":{"allow":["GET"]}}],"collection":[{"href":"https:\/\/uk-gb.net\/es\/wp-json\/wp\/v2\/pages"}],"about":[{"href":"https:\/\/uk-gb.net\/es\/wp-json\/wp\/v2\/types\/page"}],"author":[{"embeddable":true,"href":"https:\/\/uk-gb.net\/es\/wp-json\/wp\/v2\/users\/1"}],"replies":[{"embeddable":true,"href":"https:\/\/uk-gb.net\/es\/wp-json\/wp\/v2\/comments?post=6009"}],"version-history":[{"count":0,"href":"https:\/\/uk-gb.net\/es\/wp-json\/wp\/v2\/pages\/6009\/revisions"}],"wp:attachment":[{"href":"https:\/\/uk-gb.net\/es\/wp-json\/wp\/v2\/media?parent=6009"}],"curies":[{"name":"wp","href":"https:\/\/api.w.org\/{rel}","templated":true}]}}