{"id":544,"date":"2023-11-21T14:15:17","date_gmt":"2023-11-21T14:15:17","guid":{"rendered":"https:\/\/uk-gb.net\/eta-inglaterra-reino-unido\/"},"modified":"2026-04-02T16:50:22","modified_gmt":"2026-04-02T15:50:22","slug":"eta-inglaterra-reino-unido","status":"publish","type":"page","link":"https:\/\/uk-gb.net\/es\/eta-inglaterra-reino-unido\/","title":{"rendered":"ETA Inglaterra para viajar al Reino Unido"},"content":{"rendered":"\n<h1 class=\"wp-block-heading\">ETA Autorizaci\u00f3n electr\u00f3nica de viaje brit\u00e1nica<\/h1>\n\n<p>La Autorizaci\u00f3n Electr\u00f3nica de Viaje (ETA) es un sistema introducido por el Reino Unido para permitir a determinados ciudadanos extranjeros permanecer en el pa\u00eds sin necesidad de un visado tradicional. Destinada a estancias cortas, la ETA se dirige a los viajeros procedentes de pa\u00edses que se benefician de la exenci\u00f3n de visado. <\/p>\n\n<p><strong>Para obtener esta autorizaci\u00f3n de viaje en s\u00f3lo unos minutos<\/strong>, rellena el <a href=\"https:\/\/uk-gb.net\/es\/formulario-visado-eta-en-linea-inglaterra\/\">formulario ETA en l\u00ednea<\/a>.<\/p>\n\n<div style=\"height:10px\" aria-hidden=\"true\" class=\"wp-block-spacer\"><\/div>\n\n<h2 class=\"wp-block-heading\">\u00bfQu\u00e9 significa ETA para el Reino Unido?<\/h2>\n\n<p>La ETA es una autorizaci\u00f3n digital obligatoria para los nacionales de determinados pa\u00edses que deseen visitar el Reino Unido por turismo, negocios o una escala. V\u00e1lida para estancias cortas, esta autorizaci\u00f3n sustituye parcialmente a los procedimientos tradicionales de visado. La solicitud se realiza en l\u00ednea a trav\u00e9s de un portal seguro y proporciona una respuesta r\u00e1pida, simplificando los tr\u00e1mites para entrar en el Reino Unido.  <\/p>\n\n<h2 class=\"wp-block-heading\">\u00bfQui\u00e9n puede obtener un ETA para el Reino Unido?<\/h2>\n\n<p>La ETA est\u00e1 destinada a los nacionales de pa\u00edses exentos de visado para entrar en el Reino Unido. Las autoridades brit\u00e1nicas actualizan peri\u00f3dicamente la <a href=\"https:\/\/uk-gb.net\/es\/paises-que-pueden-solicitar-eta-reino-unido\/\">lista de pa\u00edses que cumplen los requisitos<\/a>. Por tanto, es esencial que compruebes si tu nacionalidad te permite solicitar un ETA antes de planificar tu estancia.  <\/p>\n\n<p>Cada pasajero debe solicitarlo individualmente, incluidos los menores y los beb\u00e9s. No se permite la entrada a ning\u00fan pasajero sin autorizaci\u00f3n previa. <\/p>\n\n<h2 class=\"wp-block-heading\">\u00bfC\u00f3mo solicito una ETA para el Reino Unido?<\/h2>\n\n<p>La solicitud de la ETA se hace en l\u00ednea a trav\u00e9s <a href=\"https:\/\/www.gov.uk\/guidance\/apply-for-an-electronic-travel-authorisation-eta\">del sitio web oficial del gobierno del Reino Unido<\/a>. El formulario debe cumplimentarse cuidadosamente e incluir la siguiente informaci\u00f3n: <\/p>\n\n<ul class=\"wp-block-list\">\n<li>Datos personales (nombre, fecha de nacimiento, etc.)<\/li>\n\n\n\n<li>Datos del pasaporte utilizado para viajar<\/li>\n\n\n\n<li>Informaci\u00f3n sobre tu estancia (finalidad, duraci\u00f3n, etc.)<\/li>\n<\/ul>\n\n<p>Una vez enviado el <a href=\"https:\/\/uk-gb.net\/es\/formulario-visado-eta-en-linea-inglaterra\/\">formulario en l\u00ednea<\/a>, se requiere el pago de la tasa para validar la solicitud.<\/p>\n\n<h2 class=\"wp-block-heading\">\u00bfDescargar la aplicaci\u00f3n ETA para iPhone?<\/h2>\n\n<p>Para facilitar el proceso, el gobierno brit\u00e1nico ha lanzado una <a href=\"https:\/\/uk-gb.net\/es\/aplicacion-iphone-visa-eta-inglaterra\/\">aplicaci\u00f3n m\u00f3vil ETA espec\u00edfica<\/a>, disponible en el<strong>App Store (iOS)<\/strong> en los pa\u00edses que pueden acogerse al Programa de Exenci\u00f3n de Visado.  <\/p>\n\n<p>La aplicaci\u00f3n te permite cumplimentar, enviar y hacer el seguimiento de tu solicitud directamente desde tu tel\u00e9fono, con total seguridad. S\u00f3lo tienes que buscar \u201cUK ETA\u201d en el App Store e instalarla gratuitamente para iniciar el procedimiento desde tu iPhone. <\/p>\n\n<h2 class=\"wp-block-heading\">\u00bfCu\u00e1ndo debo solicitarlo por Internet?<\/h2>\n\n<p>Es esencial solicitar una ETA <strong>antes de salir<\/strong> hacia el Reino Unido. Aunque la mayor\u00eda de las solicitudes se tramitan en pocas horas, las autoridades te aconsejan que presentes tu solicitud <strong>al menos 3 d\u00edas antes de viajar<\/strong>. Esto es para tener en cuenta cualquier retraso en la tramitaci\u00f3n.  <\/p>\n\n<p>En teor\u00eda, es posible viajar mientras la solicitud est\u00e1 en curso, siempre que se haya presentado v\u00e1lidamente antes del embarque. Sin embargo, existe un riesgo si la autorizaci\u00f3n se retrasa o se deniega. <\/p>\n\n<h2 class=\"wp-block-heading\">\u00bfCu\u00e1nto cuesta la ETA del Reino Unido?<\/h2>\n\n<p>El coste de una ETA para el Reino Unido es fijo, independientemente de la edad del viajero. La tasa cubre los gastos de tramitaci\u00f3n administrativa y debe pagarse directamente en el sitio web oficial en el momento de la solicitud. <\/p>\n\n<p>El precio que pagas cambia regularmente, as\u00ed que comprueba el \u00faltimo <a href=\"https:\/\/uk-gb.net\/es\/precio-eta-reino-unido\/\">precio ETA UK<\/a>.<\/p>\n\n<p>Esta tasa es considerablemente inferior a la del <a href=\"https:\/\/uk-gb.net\/es\/precio-de-visa-para-inglaterra\/\">visado brit\u00e1nico<\/a>, lo que hace que el ETA sea m\u00e1s accesible para estancias tur\u00edsticas o de negocios de corta duraci\u00f3n.<\/p>\n\n<h2 class=\"wp-block-heading\">\u00bfCu\u00e1nto tiempo se tarda en obtener una ETA?<\/h2>\n\n<p>Por lo general, las solicitudes de ETA se tramitan r\u00e1pidamente. En la mayor\u00eda de los casos, se env\u00eda una respuesta a las pocas horas de enviar el <a href=\"https:\/\/uk-gb.net\/es\/formulario-visado-eta-en-linea-inglaterra\/\">formulario ETA en l\u00ednea<\/a>. Sin embargo, algunas solicitudes pueden requerir un examen m\u00e1s detenido. Por tanto, es aconsejable presentar tu solicitud <strong>al menos 72 horas antes de la salida<\/strong>, para limitar el riesgo de retrasos o denegaciones de \u00faltima hora.   <\/p>\n\n<h2 class=\"wp-block-heading\">\u00bfQu\u00e9 debo hacer si rechazan mi ETA?<\/h2>\n\n<p>Si tu solicitud de ETA es rechazada, puede deberse a un error en la informaci\u00f3n facilitada. En este caso, puedes presentar una <strong>nueva solicitud corregida<\/strong>. <\/p>\n\n<p>Sin embargo, si <strong>no puedes acogerte<\/strong> al programa ETA, tendr\u00e1s que solicitar un <a href=\"https:\/\/uk-gb.net\/es\/visado-turista-inglaterra-reino-unido\/\">visado para el Reino Unido<\/a>. Este procedimiento lleva m\u00e1s tiempo e incluye una <a href=\"https:\/\/uk-gb.net\/es\/cita-para-visa-embajada-inglaterra\/\">entrevista consular obligatoria<\/a> en la embajada brit\u00e1nica o centro de solicitud de visados m\u00e1s cercano. <\/p>\n","protected":false},"excerpt":{"rendered":"<p>ETA Autorizaci\u00f3n electr\u00f3nica de viaje brit\u00e1nica La Autorizaci\u00f3n Electr\u00f3nica de Viaje (ETA) es un sistema introducido por el Reino Unido para permitir a determinados ciudadanos extranjeros permanecer en el pa\u00eds sin necesidad de un visado tradicional. Destinada a estancias cortas, la ETA se dirige a los viajeros procedentes de pa\u00edses que se benefician de la [&hellip;]<\/p>\n","protected":false},"author":1,"featured_media":0,"parent":0,"menu_order":0,"comment_status":"closed","ping_status":"closed","template":"","meta":{"footnotes":""},"class_list":["post-544","page","type-page","status-publish","hentry"],"yoast_head":"<!-- This site is optimized with the Yoast SEO plugin v27.4 - https:\/\/yoast.com\/product\/yoast-seo-wordpress\/ -->\n<title>ETA Inglaterra para viajar al Reino Unido<\/title>\n<meta name=\"description\" content=\"Solicite su ETA en l\u00ednea para obtener r\u00e1pidamente su autorizaci\u00f3n de viaje al Reino Unido\" \/>\n<meta name=\"robots\" content=\"index, follow, max-snippet:-1, max-image-preview:large, max-video-preview:-1\" \/>\n<link rel=\"canonical\" href=\"https:\/\/uk-gb.net\/es\/eta-inglaterra-reino-unido\/\" \/>\n<meta property=\"og:locale\" content=\"es_ES\" \/>\n<meta property=\"og:type\" content=\"article\" \/>\n<meta property=\"og:title\" content=\"ETA Inglaterra para viajar al Reino Unido\" \/>\n<meta property=\"og:description\" content=\"Solicite su ETA en l\u00ednea para obtener r\u00e1pidamente su autorizaci\u00f3n de viaje al Reino Unido\" \/>\n<meta property=\"og:url\" content=\"https:\/\/uk-gb.net\/es\/eta-inglaterra-reino-unido\/\" \/>\n<meta property=\"og:site_name\" content=\"UK GB\" \/>\n<meta property=\"article:modified_time\" content=\"2026-04-02T15:50:22+00:00\" \/>\n<meta name=\"twitter:card\" content=\"summary_large_image\" \/>\n<meta name=\"twitter:label1\" content=\"Tiempo de lectura\" \/>\n\t<meta name=\"twitter:data1\" content=\"4 minutos\" \/>\n<script type=\"application\/ld+json\" class=\"yoast-schema-graph\">{\"@context\":\"https:\\\/\\\/schema.org\",\"@graph\":[{\"@type\":\"WebPage\",\"@id\":\"https:\\\/\\\/uk-gb.net\\\/es\\\/eta-inglaterra-reino-unido\\\/\",\"url\":\"https:\\\/\\\/uk-gb.net\\\/es\\\/eta-inglaterra-reino-unido\\\/\",\"name\":\"ETA Inglaterra para viajar al Reino Unido\",\"isPartOf\":{\"@id\":\"https:\\\/\\\/uk-gb.net\\\/es\\\/#website\"},\"datePublished\":\"2023-11-21T14:15:17+00:00\",\"dateModified\":\"2026-04-02T15:50:22+00:00\",\"description\":\"Solicite su ETA en l\u00ednea para obtener r\u00e1pidamente su autorizaci\u00f3n de viaje al Reino Unido\",\"inLanguage\":\"es\",\"potentialAction\":[{\"@type\":\"ReadAction\",\"target\":[\"https:\\\/\\\/uk-gb.net\\\/es\\\/eta-inglaterra-reino-unido\\\/\"]}]},{\"@type\":\"WebSite\",\"@id\":\"https:\\\/\\\/uk-gb.net\\\/es\\\/#website\",\"url\":\"https:\\\/\\\/uk-gb.net\\\/es\\\/\",\"name\":\"UK GB\",\"description\":\"Travel to the UK\",\"potentialAction\":[{\"@type\":\"SearchAction\",\"target\":{\"@type\":\"EntryPoint\",\"urlTemplate\":\"https:\\\/\\\/uk-gb.net\\\/es\\\/?s={search_term_string}\"},\"query-input\":{\"@type\":\"PropertyValueSpecification\",\"valueRequired\":true,\"valueName\":\"search_term_string\"}}],\"inLanguage\":\"es\"}]}<\/script>\n<!-- \/ Yoast SEO plugin. -->","yoast_head_json":{"title":"ETA Inglaterra para viajar al Reino Unido","description":"Solicite su ETA en l\u00ednea para obtener r\u00e1pidamente su autorizaci\u00f3n de viaje al Reino Unido","robots":{"index":"index","follow":"follow","max-snippet":"max-snippet:-1","max-image-preview":"max-image-preview:large","max-video-preview":"max-video-preview:-1"},"canonical":"https:\/\/uk-gb.net\/es\/eta-inglaterra-reino-unido\/","og_locale":"es_ES","og_type":"article","og_title":"ETA Inglaterra para viajar al Reino Unido","og_description":"Solicite su ETA en l\u00ednea para obtener r\u00e1pidamente su autorizaci\u00f3n de viaje al Reino Unido","og_url":"https:\/\/uk-gb.net\/es\/eta-inglaterra-reino-unido\/","og_site_name":"UK GB","article_modified_time":"2026-04-02T15:50:22+00:00","twitter_card":"summary_large_image","twitter_misc":{"Tiempo de lectura":"4 minutos"},"schema":{"@context":"https:\/\/schema.org","@graph":[{"@type":"WebPage","@id":"https:\/\/uk-gb.net\/es\/eta-inglaterra-reino-unido\/","url":"https:\/\/uk-gb.net\/es\/eta-inglaterra-reino-unido\/","name":"ETA Inglaterra para viajar al Reino Unido","isPartOf":{"@id":"https:\/\/uk-gb.net\/es\/#website"},"datePublished":"2023-11-21T14:15:17+00:00","dateModified":"2026-04-02T15:50:22+00:00","description":"Solicite su ETA en l\u00ednea para obtener r\u00e1pidamente su autorizaci\u00f3n de viaje al Reino Unido","inLanguage":"es","potentialAction":[{"@type":"ReadAction","target":["https:\/\/uk-gb.net\/es\/eta-inglaterra-reino-unido\/"]}]},{"@type":"WebSite","@id":"https:\/\/uk-gb.net\/es\/#website","url":"https:\/\/uk-gb.net\/es\/","name":"UK GB","description":"Travel to the UK","potentialAction":[{"@type":"SearchAction","target":{"@type":"EntryPoint","urlTemplate":"https:\/\/uk-gb.net\/es\/?s={search_term_string}"},"query-input":{"@type":"PropertyValueSpecification","valueRequired":true,"valueName":"search_term_string"}}],"inLanguage":"es"}]}},"_links":{"self":[{"href":"https:\/\/uk-gb.net\/es\/wp-json\/wp\/v2\/pages\/544","targetHints":{"allow":["GET"]}}],"collection":[{"href":"https:\/\/uk-gb.net\/es\/wp-json\/wp\/v2\/pages"}],"about":[{"href":"https:\/\/uk-gb.net\/es\/wp-json\/wp\/v2\/types\/page"}],"author":[{"embeddable":true,"href":"https:\/\/uk-gb.net\/es\/wp-json\/wp\/v2\/users\/1"}],"replies":[{"embeddable":true,"href":"https:\/\/uk-gb.net\/es\/wp-json\/wp\/v2\/comments?post=544"}],"version-history":[{"count":0,"href":"https:\/\/uk-gb.net\/es\/wp-json\/wp\/v2\/pages\/544\/revisions"}],"wp:attachment":[{"href":"https:\/\/uk-gb.net\/es\/wp-json\/wp\/v2\/media?parent=544"}],"curies":[{"name":"wp","href":"https:\/\/api.w.org\/{rel}","templated":true}]}}