{"id":537,"date":"2023-11-21T14:40:24","date_gmt":"2023-11-21T14:40:24","guid":{"rendered":"https:\/\/uk-gb.net\/formulario-visado-eta-en-linea-inglaterra\/"},"modified":"2026-01-15T18:46:08","modified_gmt":"2026-01-15T18:46:08","slug":"formulario-visado-eta-en-linea-inglaterra","status":"publish","type":"page","link":"https:\/\/uk-gb.net\/es\/formulario-visado-eta-en-linea-inglaterra\/","title":{"rendered":"Formulario ETA en l\u00ednea para Inglaterra"},"content":{"rendered":"\t\t<div data-elementor-type=\"wp-page\" data-elementor-id=\"537\" class=\"elementor elementor-537 elementor-520\" data-elementor-post-type=\"page\">\n\t\t\t\t\t\t<section class=\"elementor-section elementor-top-section elementor-element elementor-element-c2dd1d6 elementor-section-boxed elementor-section-height-default elementor-section-height-default\" data-id=\"c2dd1d6\" data-element_type=\"section\" data-e-type=\"section\">\n\t\t\t\t\t\t<div class=\"elementor-container elementor-column-gap-default\">\n\t\t\t\t\t<div class=\"elementor-column elementor-col-100 elementor-top-column elementor-element elementor-element-cbe591\" data-id=\"cbe591\" data-element_type=\"column\" data-e-type=\"column\">\n\t\t\t<div class=\"elementor-widget-wrap elementor-element-populated\">\n\t\t\t\t\t\t<div class=\"elementor-element elementor-element-2213ec2d elementor-widget elementor-widget-heading\" data-id=\"2213ec2d\" data-element_type=\"widget\" data-e-type=\"widget\" data-widget_type=\"heading.default\">\n\t\t\t\t<div class=\"elementor-widget-container\">\n\t\t\t\t\t<h1 class=\"elementor-heading-title elementor-size-default\">Formulario ETA en l\u00ednea<\/h1>\t\t\t\t<\/div>\n\t\t\t\t<\/div>\n\t\t\t\t\t<\/div>\n\t\t<\/div>\n\t\t\t\t\t<\/div>\n\t\t<\/section>\n\t\t\t\t<section class=\"elementor-section elementor-top-section elementor-element elementor-element-70d757c3 elementor-section-boxed elementor-section-height-default elementor-section-height-default\" data-id=\"70d757c3\" data-element_type=\"section\" data-e-type=\"section\">\n\t\t\t\t\t\t<div class=\"elementor-container elementor-column-gap-default\">\n\t\t\t\t\t<div class=\"elementor-column elementor-col-100 elementor-top-column elementor-element elementor-element-411bf69e\" data-id=\"411bf69e\" data-element_type=\"column\" data-e-type=\"column\">\n\t\t\t<div class=\"elementor-widget-wrap elementor-element-populated\">\n\t\t\t\t\t\t<div class=\"elementor-element elementor-element-225ba8f6 elementor-widget elementor-widget-text-editor\" data-id=\"225ba8f6\" data-element_type=\"widget\" data-e-type=\"widget\" data-widget_type=\"text-editor.default\">\n\t\t\t\t<div class=\"elementor-widget-container\">\n\t\t\t\t\t\t\t\t\t<p>Para estancias inferiores a 6 meses en el Reino Unido, los tr\u00e1mites de entrada pueden realizarse totalmente por Internet. No es necesario pedir cita en una embajada: una simple Autorizaci\u00f3n Electr\u00f3nica de Viaje (ETA) es todo lo que necesitas. Comprueba si tu <a href=\"https:\/\/uk-gb.net\/es\/paises-que-pueden-solicitar-eta-reino-unido\/\">pa\u00eds es uno de los que pueden optar a la ETA<\/a>.  <\/p>\t\t\t\t\t\t\t\t<\/div>\n\t\t\t\t<\/div>\n\t\t\t\t\t<\/div>\n\t\t<\/div>\n\t\t\t\t\t<\/div>\n\t\t<\/section>\n\t\t\t\t<section class=\"elementor-section elementor-top-section elementor-element elementor-element-70a7e55 elementor-section-boxed elementor-section-height-default elementor-section-height-default\" data-id=\"70a7e55\" data-element_type=\"section\" data-e-type=\"section\">\n\t\t\t\t\t\t<div class=\"elementor-container elementor-column-gap-default\">\n\t\t\t\t\t<div class=\"elementor-column elementor-col-100 elementor-top-column elementor-element elementor-element-8b7d2c5\" data-id=\"8b7d2c5\" data-element_type=\"column\" data-e-type=\"column\">\n\t\t\t<div class=\"elementor-widget-wrap elementor-element-populated\">\n\t\t\t\t\t\t<div class=\"elementor-element elementor-element-ef71c78 elementor-mobile-align-center elementor-widget elementor-widget-button\" data-id=\"ef71c78\" data-element_type=\"widget\" data-e-type=\"widget\" data-widget_type=\"button.default\">\n\t\t\t\t<div class=\"elementor-widget-container\">\n\t\t\t\t\t\t\t\t\t<div class=\"elementor-button-wrapper\">\n\t\t\t\t\t<a class=\"elementor-button elementor-button-link elementor-size-sm\" href=\"https:\/\/uk-gb.net\/fr\/recommends\/eta-uk-es\/\">\n\t\t\t\t\t\t<span class=\"elementor-button-content-wrapper\">\n\t\t\t\t\t\t\t\t\t<span class=\"elementor-button-text\">Rellena el formulario<\/span>\n\t\t\t\t\t<\/span>\n\t\t\t\t\t<\/a>\n\t\t\t\t<\/div>\n\t\t\t\t\t\t\t\t<\/div>\n\t\t\t\t<\/div>\n\t\t\t\t\t<\/div>\n\t\t<\/div>\n\t\t\t\t\t<\/div>\n\t\t<\/section>\n\t\t\t\t<section class=\"elementor-section elementor-top-section elementor-element elementor-element-8041bbd elementor-section-boxed elementor-section-height-default elementor-section-height-default\" data-id=\"8041bbd\" data-element_type=\"section\" data-e-type=\"section\">\n\t\t\t\t\t\t<div class=\"elementor-container elementor-column-gap-default\">\n\t\t\t\t\t<div class=\"elementor-column elementor-col-100 elementor-top-column elementor-element elementor-element-c8c4ad6\" data-id=\"c8c4ad6\" data-element_type=\"column\" data-e-type=\"column\">\n\t\t\t<div class=\"elementor-widget-wrap elementor-element-populated\">\n\t\t\t\t\t\t<div class=\"elementor-element elementor-element-3b0a135 elementor-widget elementor-widget-spacer\" data-id=\"3b0a135\" data-element_type=\"widget\" data-e-type=\"widget\" data-widget_type=\"spacer.default\">\n\t\t\t\t<div class=\"elementor-widget-container\">\n\t\t\t\t\t\t\t<div class=\"elementor-spacer\">\n\t\t\t<div class=\"elementor-spacer-inner\"><\/div>\n\t\t<\/div>\n\t\t\t\t\t\t<\/div>\n\t\t\t\t<\/div>\n\t\t\t\t\t<\/div>\n\t\t<\/div>\n\t\t\t\t\t<\/div>\n\t\t<\/section>\n\t\t\t\t<section class=\"elementor-section elementor-top-section elementor-element elementor-element-38d3e578 elementor-section-boxed elementor-section-height-default elementor-section-height-default\" data-id=\"38d3e578\" data-element_type=\"section\" data-e-type=\"section\">\n\t\t\t\t\t\t<div class=\"elementor-container elementor-column-gap-default\">\n\t\t\t\t\t<div class=\"elementor-column elementor-col-100 elementor-top-column elementor-element elementor-element-1f487c15\" data-id=\"1f487c15\" data-element_type=\"column\" data-e-type=\"column\">\n\t\t\t<div class=\"elementor-widget-wrap elementor-element-populated\">\n\t\t\t\t\t\t<div class=\"elementor-element elementor-element-7ae26322 elementor-widget elementor-widget-text-editor\" data-id=\"7ae26322\" data-element_type=\"widget\" data-e-type=\"widget\" data-widget_type=\"text-editor.default\">\n\t\t\t\t<div class=\"elementor-widget-container\">\n\t\t\t\t\t\t\t\t\t<p>La solicitud en l\u00ednea puede completarse en pocos minutos si dispone de sus documentos de viaje. Debe rellenar los datos personales solicitados para obtener su ETA. El pago se efect\u00faa en l\u00ednea una vez validado el formulario. A continuaci\u00f3n, recibir\u00e1 por correo electr\u00f3nico la confirmaci\u00f3n de su hora prevista de llegada.   <\/p>\t\t\t\t\t\t\t\t<\/div>\n\t\t\t\t<\/div>\n\t\t\t\t<div class=\"elementor-element elementor-element-7e392ed elementor-widget elementor-widget-text-editor\" data-id=\"7e392ed\" data-element_type=\"widget\" data-e-type=\"widget\" data-widget_type=\"text-editor.default\">\n\t\t\t\t<div class=\"elementor-widget-container\">\n\t\t\t\t\t\t\t\t\t<p><strong>Si eres ciudadano de un pa\u00eds europeo<\/strong>, <span style=\"font-weight: 400;\">desde abril de 2025 debes obtener una autorizaci\u00f3n de viaje<\/span> <a href=\"https:\/\/uk-gb.net\/es\/eta-inglaterra-reino-unido\/\">ETA UK<\/a> antes de embarcar en un vuelo con destino a un pa\u00eds del Reino Unido. Tienes que entrar en el sitio web oficial <a href=\"https:\/\/www.gov.uk\/\">gov.uk<\/a> para solicitar la autorizaci\u00f3n electr\u00f3nica de viaje.<\/p><p>Tambi\u00e9n puedes descargar <a href=\"https:\/\/uk-gb.net\/es\/aplicacion-iphone-visa-eta-inglaterra\/\">la aplicaci\u00f3n ETA<\/a> para gestionar tu solicitud de autorizaci\u00f3n para viajar al Reino Unido.<\/p>\t\t\t\t\t\t\t\t<\/div>\n\t\t\t\t<\/div>\n\t\t\t\t\t<\/div>\n\t\t<\/div>\n\t\t\t\t\t<\/div>\n\t\t<\/section>\n\t\t\t\t<section class=\"elementor-section elementor-top-section elementor-element elementor-element-622708a2 elementor-section-boxed elementor-section-height-default elementor-section-height-default\" data-id=\"622708a2\" data-element_type=\"section\" data-e-type=\"section\">\n\t\t\t\t\t\t<div class=\"elementor-container elementor-column-gap-default\">\n\t\t\t\t\t<div class=\"elementor-column elementor-col-100 elementor-top-column elementor-element elementor-element-579ef83\" data-id=\"579ef83\" data-element_type=\"column\" data-e-type=\"column\">\n\t\t\t<div class=\"elementor-widget-wrap elementor-element-populated\">\n\t\t\t\t\t\t<div class=\"elementor-element elementor-element-198e42c1 elementor-widget elementor-widget-heading\" data-id=\"198e42c1\" data-element_type=\"widget\" data-e-type=\"widget\" data-widget_type=\"heading.default\">\n\t\t\t\t<div class=\"elementor-widget-container\">\n\t\t\t\t\t<h2 class=\"elementor-heading-title elementor-size-default\">\u00bfCu\u00e1nto se tarda en tramitar una solicitud de ETA?<\/h2>\t\t\t\t<\/div>\n\t\t\t\t<\/div>\n\t\t\t\t\t<\/div>\n\t\t<\/div>\n\t\t\t\t\t<\/div>\n\t\t<\/section>\n\t\t\t\t<section class=\"elementor-section elementor-top-section elementor-element elementor-element-7152df9 elementor-section-boxed elementor-section-height-default elementor-section-height-default\" data-id=\"7152df9\" data-element_type=\"section\" data-e-type=\"section\">\n\t\t\t\t\t\t<div class=\"elementor-container elementor-column-gap-default\">\n\t\t\t\t\t<div class=\"elementor-column elementor-col-100 elementor-top-column elementor-element elementor-element-3c28bea1\" data-id=\"3c28bea1\" data-element_type=\"column\" data-e-type=\"column\">\n\t\t\t<div class=\"elementor-widget-wrap elementor-element-populated\">\n\t\t\t\t\t\t<div class=\"elementor-element elementor-element-39ba44df elementor-widget elementor-widget-text-editor\" data-id=\"39ba44df\" data-element_type=\"widget\" data-e-type=\"widget\" data-widget_type=\"text-editor.default\">\n\t\t\t\t<div class=\"elementor-widget-container\">\n\t\t\t\t\t\t\t\t\t<p>Una vez efectuado el pago, la solicitud de ETA se env\u00eda autom\u00e1ticamente para su tramitaci\u00f3n. En la mayor\u00eda de los casos, el procedimiento est\u00e1 totalmente informatizado y la respuesta se <strong>env\u00eda por correo electr\u00f3nico en pocos minutos<\/strong>. <\/p><p>Sin embargo, algunas solicitudes pueden requerir un examen m\u00e1s detenido. El gobierno brit\u00e1nico concede un m\u00e1ximo de 3 d\u00edas para tramitar una solicitud. Por tanto, se recomienda encarecidamente que presentes tu solicitud al menos 72 horas antes de salir para el Reino Unido.  <\/p>\t\t\t\t\t\t\t\t<\/div>\n\t\t\t\t<\/div>\n\t\t\t\t\t<\/div>\n\t\t<\/div>\n\t\t\t\t\t<\/div>\n\t\t<\/section>\n\t\t\t\t<section class=\"elementor-section elementor-top-section elementor-element elementor-element-3490f9f1 elementor-section-boxed elementor-section-height-default elementor-section-height-default\" data-id=\"3490f9f1\" data-element_type=\"section\" data-e-type=\"section\">\n\t\t\t\t\t\t<div class=\"elementor-container elementor-column-gap-default\">\n\t\t\t\t\t<div class=\"elementor-column elementor-col-100 elementor-top-column elementor-element elementor-element-4f4a9e0d\" data-id=\"4f4a9e0d\" data-element_type=\"column\" data-e-type=\"column\">\n\t\t\t<div class=\"elementor-widget-wrap elementor-element-populated\">\n\t\t\t\t\t\t<div class=\"elementor-element elementor-element-3d9782f1 elementor-widget elementor-widget-heading\" data-id=\"3d9782f1\" data-element_type=\"widget\" data-e-type=\"widget\" data-widget_type=\"heading.default\">\n\t\t\t\t<div class=\"elementor-widget-container\">\n\t\t\t\t\t<h2 class=\"elementor-heading-title elementor-size-default\">\u00bfCu\u00e1l es el periodo de validez de una ETA?<\/h2>\t\t\t\t<\/div>\n\t\t\t\t<\/div>\n\t\t\t\t\t<\/div>\n\t\t<\/div>\n\t\t\t\t\t<\/div>\n\t\t<\/section>\n\t\t\t\t<section class=\"elementor-section elementor-top-section elementor-element elementor-element-305c39ac elementor-section-boxed elementor-section-height-default elementor-section-height-default\" data-id=\"305c39ac\" data-element_type=\"section\" data-e-type=\"section\">\n\t\t\t\t\t\t<div class=\"elementor-container elementor-column-gap-default\">\n\t\t\t\t\t<div class=\"elementor-column elementor-col-100 elementor-top-column elementor-element elementor-element-4a39538\" data-id=\"4a39538\" data-element_type=\"column\" data-e-type=\"column\">\n\t\t\t<div class=\"elementor-widget-wrap elementor-element-populated\">\n\t\t\t\t\t\t<div class=\"elementor-element elementor-element-4fa20db5 elementor-widget elementor-widget-text-editor\" data-id=\"4fa20db5\" data-element_type=\"widget\" data-e-type=\"widget\" data-widget_type=\"text-editor.default\">\n\t\t\t\t<div class=\"elementor-widget-container\">\n\t\t\t\t\t\t\t\t\t<p>La autorizaci\u00f3n <a href=\"https:\/\/uk-gb.net\/es\/eta-inglaterra-reino-unido\/\">ETA para el Reino Unido<\/a> es <strong>v\u00e1lida durante dos a\u00f1os<\/strong> a partir de la fecha de aprobaci\u00f3n. Durante este periodo, puedes hacer tantas visitas como quieras, siempre que <strong>cada visita no supere los 6 meses<\/strong>.<\/p><p>El ETA est\u00e1 vinculado al pasaporte utilizado en el momento de la solicitud. Si tu pasaporte caduca o se renueva, ser\u00e1 necesario presentar una nueva solicitud de ETA. Para estancias de m\u00e1s de 6 meses, hay que solicitar un <a href=\"https:\/\/uk-gb.net\/es\/diferentes-tipos-de-visas-britanicas\/\">visado para el Reino Unido<\/a>.  <\/p>\t\t\t\t\t\t\t\t<\/div>\n\t\t\t\t<\/div>\n\t\t\t\t\t<\/div>\n\t\t<\/div>\n\t\t\t\t\t<\/div>\n\t\t<\/section>\n\t\t\t\t<section class=\"elementor-section elementor-top-section elementor-element elementor-element-c525af0 elementor-section-boxed elementor-section-height-default elementor-section-height-default\" data-id=\"c525af0\" data-element_type=\"section\" data-e-type=\"section\">\n\t\t\t\t\t\t<div class=\"elementor-container elementor-column-gap-default\">\n\t\t\t\t\t<div class=\"elementor-column elementor-col-100 elementor-top-column elementor-element elementor-element-0665078\" data-id=\"0665078\" data-element_type=\"column\" data-e-type=\"column\">\n\t\t\t<div class=\"elementor-widget-wrap elementor-element-populated\">\n\t\t\t\t\t\t<div class=\"elementor-element elementor-element-74c424d elementor-widget-divider--view-line elementor-widget elementor-widget-divider\" data-id=\"74c424d\" data-element_type=\"widget\" data-e-type=\"widget\" data-widget_type=\"divider.default\">\n\t\t\t\t<div class=\"elementor-widget-container\">\n\t\t\t\t\t\t\t<div class=\"elementor-divider\">\n\t\t\t<span class=\"elementor-divider-separator\">\n\t\t\t\t\t\t<\/span>\n\t\t<\/div>\n\t\t\t\t\t\t<\/div>\n\t\t\t\t<\/div>\n\t\t\t\t\t<\/div>\n\t\t<\/div>\n\t\t\t\t\t<\/div>\n\t\t<\/section>\n\t\t\t\t<\/div>\n\t\t","protected":false},"excerpt":{"rendered":"<p>Formulario ETA en l\u00ednea Para estancias inferiores a 6 meses en el Reino Unido, los tr\u00e1mites de entrada pueden realizarse totalmente por Internet. No es necesario pedir cita en una embajada: una simple Autorizaci\u00f3n Electr\u00f3nica de Viaje (ETA) es todo lo que necesitas. Comprueba si tu pa\u00eds es uno de los que pueden optar a [&hellip;]<\/p>\n","protected":false},"author":1,"featured_media":0,"parent":0,"menu_order":0,"comment_status":"closed","ping_status":"closed","template":"","meta":{"footnotes":""},"class_list":["post-537","page","type-page","status-publish","hentry"],"yoast_head":"<!-- This site is optimized with the Yoast SEO plugin v27.4 - https:\/\/yoast.com\/product\/yoast-seo-wordpress\/ -->\n<title>Formulario ETA en l\u00ednea para Inglaterra - UK GB<\/title>\n<meta name=\"description\" content=\"Formulario de solicitud de visado ETA en l\u00ednea para una estancia en Inglaterra o el Reino Unido con fines tur\u00edsticos o profesionales\" \/>\n<meta name=\"robots\" content=\"index, follow, max-snippet:-1, max-image-preview:large, max-video-preview:-1\" \/>\n<link rel=\"canonical\" href=\"https:\/\/uk-gb.net\/es\/formulario-visado-eta-en-linea-inglaterra\/\" \/>\n<meta property=\"og:locale\" content=\"es_ES\" \/>\n<meta property=\"og:type\" content=\"article\" \/>\n<meta property=\"og:title\" content=\"Formulario ETA en l\u00ednea para Inglaterra - UK GB\" \/>\n<meta property=\"og:description\" content=\"Formulario de solicitud de visado ETA en l\u00ednea para una estancia en Inglaterra o el Reino Unido con fines tur\u00edsticos o profesionales\" \/>\n<meta property=\"og:url\" content=\"https:\/\/uk-gb.net\/es\/formulario-visado-eta-en-linea-inglaterra\/\" \/>\n<meta property=\"og:site_name\" content=\"UK GB\" \/>\n<meta property=\"article:modified_time\" content=\"2026-01-15T18:46:08+00:00\" \/>\n<meta name=\"twitter:card\" content=\"summary_large_image\" \/>\n<meta name=\"twitter:label1\" content=\"Tiempo de lectura\" \/>\n\t<meta name=\"twitter:data1\" content=\"2 minutos\" \/>\n<script type=\"application\/ld+json\" class=\"yoast-schema-graph\">{\"@context\":\"https:\\\/\\\/schema.org\",\"@graph\":[{\"@type\":\"WebPage\",\"@id\":\"https:\\\/\\\/uk-gb.net\\\/es\\\/formulario-visado-eta-en-linea-inglaterra\\\/\",\"url\":\"https:\\\/\\\/uk-gb.net\\\/es\\\/formulario-visado-eta-en-linea-inglaterra\\\/\",\"name\":\"Formulario ETA en l\u00ednea para Inglaterra - UK GB\",\"isPartOf\":{\"@id\":\"https:\\\/\\\/uk-gb.net\\\/es\\\/#website\"},\"datePublished\":\"2023-11-21T14:40:24+00:00\",\"dateModified\":\"2026-01-15T18:46:08+00:00\",\"description\":\"Formulario de solicitud de visado ETA en l\u00ednea para una estancia en Inglaterra o el Reino Unido con fines tur\u00edsticos o profesionales\",\"inLanguage\":\"es\",\"potentialAction\":[{\"@type\":\"ReadAction\",\"target\":[\"https:\\\/\\\/uk-gb.net\\\/es\\\/formulario-visado-eta-en-linea-inglaterra\\\/\"]}]},{\"@type\":\"WebSite\",\"@id\":\"https:\\\/\\\/uk-gb.net\\\/es\\\/#website\",\"url\":\"https:\\\/\\\/uk-gb.net\\\/es\\\/\",\"name\":\"UK GB\",\"description\":\"Travel to the UK\",\"potentialAction\":[{\"@type\":\"SearchAction\",\"target\":{\"@type\":\"EntryPoint\",\"urlTemplate\":\"https:\\\/\\\/uk-gb.net\\\/es\\\/?s={search_term_string}\"},\"query-input\":{\"@type\":\"PropertyValueSpecification\",\"valueRequired\":true,\"valueName\":\"search_term_string\"}}],\"inLanguage\":\"es\"}]}<\/script>\n<!-- \/ Yoast SEO plugin. -->","yoast_head_json":{"title":"Formulario ETA en l\u00ednea para Inglaterra - UK GB","description":"Formulario de solicitud de visado ETA en l\u00ednea para una estancia en Inglaterra o el Reino Unido con fines tur\u00edsticos o profesionales","robots":{"index":"index","follow":"follow","max-snippet":"max-snippet:-1","max-image-preview":"max-image-preview:large","max-video-preview":"max-video-preview:-1"},"canonical":"https:\/\/uk-gb.net\/es\/formulario-visado-eta-en-linea-inglaterra\/","og_locale":"es_ES","og_type":"article","og_title":"Formulario ETA en l\u00ednea para Inglaterra - UK GB","og_description":"Formulario de solicitud de visado ETA en l\u00ednea para una estancia en Inglaterra o el Reino Unido con fines tur\u00edsticos o profesionales","og_url":"https:\/\/uk-gb.net\/es\/formulario-visado-eta-en-linea-inglaterra\/","og_site_name":"UK GB","article_modified_time":"2026-01-15T18:46:08+00:00","twitter_card":"summary_large_image","twitter_misc":{"Tiempo de lectura":"2 minutos"},"schema":{"@context":"https:\/\/schema.org","@graph":[{"@type":"WebPage","@id":"https:\/\/uk-gb.net\/es\/formulario-visado-eta-en-linea-inglaterra\/","url":"https:\/\/uk-gb.net\/es\/formulario-visado-eta-en-linea-inglaterra\/","name":"Formulario ETA en l\u00ednea para Inglaterra - UK GB","isPartOf":{"@id":"https:\/\/uk-gb.net\/es\/#website"},"datePublished":"2023-11-21T14:40:24+00:00","dateModified":"2026-01-15T18:46:08+00:00","description":"Formulario de solicitud de visado ETA en l\u00ednea para una estancia en Inglaterra o el Reino Unido con fines tur\u00edsticos o profesionales","inLanguage":"es","potentialAction":[{"@type":"ReadAction","target":["https:\/\/uk-gb.net\/es\/formulario-visado-eta-en-linea-inglaterra\/"]}]},{"@type":"WebSite","@id":"https:\/\/uk-gb.net\/es\/#website","url":"https:\/\/uk-gb.net\/es\/","name":"UK GB","description":"Travel to the UK","potentialAction":[{"@type":"SearchAction","target":{"@type":"EntryPoint","urlTemplate":"https:\/\/uk-gb.net\/es\/?s={search_term_string}"},"query-input":{"@type":"PropertyValueSpecification","valueRequired":true,"valueName":"search_term_string"}}],"inLanguage":"es"}]}},"_links":{"self":[{"href":"https:\/\/uk-gb.net\/es\/wp-json\/wp\/v2\/pages\/537","targetHints":{"allow":["GET"]}}],"collection":[{"href":"https:\/\/uk-gb.net\/es\/wp-json\/wp\/v2\/pages"}],"about":[{"href":"https:\/\/uk-gb.net\/es\/wp-json\/wp\/v2\/types\/page"}],"author":[{"embeddable":true,"href":"https:\/\/uk-gb.net\/es\/wp-json\/wp\/v2\/users\/1"}],"replies":[{"embeddable":true,"href":"https:\/\/uk-gb.net\/es\/wp-json\/wp\/v2\/comments?post=537"}],"version-history":[{"count":0,"href":"https:\/\/uk-gb.net\/es\/wp-json\/wp\/v2\/pages\/537\/revisions"}],"wp:attachment":[{"href":"https:\/\/uk-gb.net\/es\/wp-json\/wp\/v2\/media?parent=537"}],"curies":[{"name":"wp","href":"https:\/\/api.w.org\/{rel}","templated":true}]}}