{"id":530,"date":"2023-11-21T12:31:09","date_gmt":"2023-11-21T12:31:09","guid":{"rendered":"https:\/\/uk-gb.net\/visado-turista-inglaterra-reino-unido\/"},"modified":"2025-06-04T15:38:23","modified_gmt":"2025-06-04T14:38:23","slug":"visado-turista-inglaterra-reino-unido","status":"publish","type":"page","link":"https:\/\/uk-gb.net\/es\/visado-turista-inglaterra-reino-unido\/","title":{"rendered":"Visado de turista para el Reino Unido"},"content":{"rendered":"\n<h1 class=\"wp-block-heading\">Visado de turista para viajar a Inglaterra<\/h1>\n\n<p>Si quieres visitar <a href=\"https:\/\/uk-gb.net\/es\/londres\/\">Londres<\/a>, <a href=\"https:\/\/uk-gb.net\/es\/manchester\/\">Manchester<\/a>, <a href=\"https:\/\/uk-gb.net\/es\/glasgow\/\">Glasgow<\/a> o explorar la campi\u00f1a de Gales, puede que necesites un visado <strong>de turista para el Reino Unido<\/strong>. Este visado permite a los viajeros permanecer temporalmente en el Reino Unido para pasar las vacaciones, visitar a familiares o realizar visitas culturales o m\u00e9dicas. <\/p>\n\n<p><strong>Para una estancia tur\u00edstica inferior a 6 meses<\/strong>: No es necesario obtener un visado tur\u00edstico brit\u00e1nico, basta con solicitar una Autorizaci\u00f3n Electr\u00f3nica de Viaje (ETA) cumplimentando el <a href=\"https:\/\/uk-gb.net\/es\/formulario-visado-eta-en-linea-inglaterra\/\">formulario ETA en l\u00ednea<\/a>.<\/p>\n\n<div style=\"height:10px\" aria-hidden=\"true\" class=\"wp-block-spacer\"><\/div>\n\n<h2 class=\"wp-block-heading\">\u00bfQu\u00e9 es un visado de turista del Reino Unido?<\/h2>\n\n<p>El visado de turista, conocido oficialmente como <strong>Visado de Visitante Est\u00e1ndar<\/strong>, est\u00e1 destinado a las personas que desean entrar en el Reino Unido para :<\/p>\n\n<ul class=\"wp-block-list\">\n<li><strong>vacaciones<\/strong> o <strong>turismo<\/strong><\/li>\n\n\n\n<li><strong>visitar a familiares o amigos<\/strong><\/li>\n\n\n\n<li>asistir a un <strong>acontecimiento cultural, musical o deportivo<\/strong><\/li>\n\n\n\n<li>recibir <strong>atenci\u00f3n m\u00e9dica<\/strong> no urgente<\/li>\n\n\n\n<li>seguir un <strong>curso corto<\/strong> (m\u00e1ximo 30 d\u00edas)<\/li>\n<\/ul>\n\n<div style=\"height:10px\" aria-hidden=\"true\" class=\"wp-block-spacer\"><\/div>\n\n<p>Este visado no autoriza <strong>el trabajo<\/strong>, los estudios de larga duraci\u00f3n ni la residencia permanente en el Reino Unido.<\/p>\n\n<h2 class=\"wp-block-heading\">\u00bfNecesitas un visado de turista?<\/h2>\n\n<p>Necesitar o no un visado de turista para el Reino Unido depende de <strong>tu nacionalidad<\/strong>:<\/p>\n\n<p><strong>No necesitas visado de turista<\/strong>: Si eres nacional de un <a href=\"https:\/\/uk-gb.net\/es\/paises-que-pueden-solicitar-eta-reino-unido\/\">pa\u00eds que puede acogerse a la Autorizaci\u00f3n Electr\u00f3nica de Viaje ETA<\/a>, por ejemplo: Canad\u00e1, EE.UU., Jap\u00f3n, Australia y pa\u00edses de la UE.<\/p>\n\n<p><strong>Necesitas un visado de turista<\/strong> si :<\/p>\n\n<ul class=\"wp-block-list\">\n<li>Eres nacional de un pa\u00eds que requiere visado (por ejemplo, India, Marruecos, Argelia, T\u00fanez, China, Pakist\u00e1n, etc.)<\/li>\n\n\n\n<li>No cumples las condiciones para la exenci\u00f3n<\/li>\n\n\n\n<li>No puedes solicitar un ETA o ya te lo han denegado<\/li>\n<\/ul>\n\n<blockquote class=\"wp-block-quote is-layout-flow wp-block-quote-is-layout-flow\">\n<p>Para comprobar si necesitas un visado o un ETA, visita el sitio web oficial <a href=\"https:\/\/www.gov.uk\/check-uk-visa\">gov.uk\/check-uk-visa<\/a><\/p>\n<\/blockquote>\n\n<h2 class=\"wp-block-heading\">\u00bfC\u00f3mo solicito un visado para el Reino Unido?<\/h2>\n\n<p>El <a href=\"https:\/\/uk-gb.net\/es\/solicitud-procedimiento-visado-reino-unido\/\">proceso de solicitud de visado<\/a> se realiza en l\u00ednea en el sitio web de la Agencia de Fronteras del Reino Unido. A continuaci\u00f3n se indican los pasos necesarios para solicitar un visado brit\u00e1nico por Internet:<\/p>\n\n<ol class=\"wp-block-list\">\n<li>Visita el sitio web oficial <a href=\"http:\/\/www.gov.uk\">www.gov.uk<\/a><\/li>\n\n\n\n<li>Elige tu tipo de visado<\/li>\n\n\n\n<li>Crea una cuenta y rellena el formulario online<\/li>\n\n\n\n<li>Paga la <a href=\"https:\/\/uk-gb.net\/es\/precio-de-visa-para-inglaterra\/\">tasa de visado<\/a><\/li>\n\n\n\n<li>Pide cita en un centro autorizado para facilitar tus datos biom\u00e9tricos<\/li>\n\n\n\n<li>Presenta tus justificantes y espera la decisi\u00f3n<\/li>\n<\/ol>\n\n<div style=\"height:10px\" aria-hidden=\"true\" class=\"wp-block-spacer\"><\/div>\n\n<h2 class=\"wp-block-heading\">\u00bfCu\u00e1nto cuesta un visado de turista para el Reino Unido?<\/h2>\n\n<p>La tasa administrativa para obtener un visado brit\u00e1nico es de :<\/p>\n\n<figure class=\"wp-block-table\"><table><tbody><tr><td><strong>Tipo de visado brit\u00e1nico<\/strong><\/td><td class=\"has-text-align-center\" data-align=\"center\"><strong>Tasas a pagar<\/strong><\/td><\/tr><tr><td>Visado ordinario hasta 6 meses<\/td><td class=\"has-text-align-center\" data-align=\"center\">\u00a3 115<\/td><\/tr><tr><td>Visado de entrada m\u00faltiple (2 a\u00f1os, pero m\u00e1ximo 6 meses por estancia)<\/td><td class=\"has-text-align-center\" data-align=\"center\">\u00a3 400<\/td><\/tr><tr><td>Visado de entrada m\u00faltiple (5 a\u00f1os, pero m\u00e1ximo 6 meses por estancia)<\/td><td class=\"has-text-align-center\" data-align=\"center\">\u00a3 771<\/td><\/tr><tr><td>Visado de entrada m\u00faltiple (10 a\u00f1os) pero m\u00e1ximo 6 meses por estancia<\/td><td class=\"has-text-align-center\" data-align=\"center\">\u00a3 963<\/td><\/tr><\/tbody><\/table><figcaption class=\"wp-element-caption\">Tasas de los visados tur\u00edsticos<\/figcaption><\/figure>\n\n<h2 class=\"wp-block-heading\">ETA o visado de turista: \u00bfcu\u00e1l es la diferencia?<\/h2>\n\n<figure class=\"wp-block-table\"><table class=\"has-fixed-layout\"><thead><tr><th class=\"has-text-align-center\" data-align=\"center\">Criterios<\/th><th class=\"has-text-align-center\" data-align=\"center\">ETA<\/th><th class=\"has-text-align-center\" data-align=\"center\">Visado de turista<\/th><\/tr><\/thead><tbody><tr><td class=\"has-text-align-center\" data-align=\"center\">Coste<\/td><td class=\"has-text-align-center\" data-align=\"center\">16 \u00a3<\/td><td class=\"has-text-align-center\" data-align=\"center\">Desde 115<\/td><\/tr><tr><td class=\"has-text-align-center\" data-align=\"center\">Plazo<\/td><td class=\"has-text-align-center\" data-align=\"center\">Respuesta en 72 horas<\/td><td class=\"has-text-align-center\" data-align=\"center\">Aproximadamente 3 semanas<\/td><\/tr><tr><td class=\"has-text-align-center\" data-align=\"center\">Periodo de validez<\/td><td class=\"has-text-align-center\" data-align=\"center\">2 a\u00f1os<\/td><td class=\"has-text-align-center\" data-align=\"center\">Hasta 10 a\u00f1os (multientrada)<\/td><\/tr><tr><td class=\"has-text-align-center\" data-align=\"center\">Procedimiento<\/td><td class=\"has-text-align-center\" data-align=\"center\">100% en l\u00ednea<\/td><td class=\"has-text-align-center\" data-align=\"center\">En l\u00ednea + cita consular<\/td><\/tr><tr><td class=\"has-text-align-center\" data-align=\"center\">Nacionalidades afectadas<\/td><td class=\"has-text-align-center\" data-align=\"center\">Pa\u00edses sin visado<\/td><td class=\"has-text-align-center\" data-align=\"center\">Pa\u00edses sujetos a visado<\/td><\/tr><\/tbody><\/table><\/figure>\n\n<h2 class=\"wp-block-heading\">\u00bfCu\u00e1nto tiempo se tarda en solicitar un visado para el Reino Unido?<\/h2>\n\n<ul class=\"wp-block-list\">\n<li>El tiempo medio de tramitaci\u00f3n es de <strong>3 semanas<\/strong> desde la cita biom\u00e9trica.<\/li>\n\n\n\n<li>En algunos pa\u00edses existe un <strong>servicio acelerado<\/strong> (Visado Prioritario) para obtener una respuesta en 5 d\u00edas o menos (con un coste adicional).<\/li>\n<\/ul>\n\n<div style=\"height:10px\" aria-hidden=\"true\" class=\"wp-block-spacer\"><\/div>\n\n<h2 class=\"wp-block-heading\">Imagen de un visado de turista para el Reino Unido<\/h2>\n\n<p>El visado de turista para el Reino Unido adopta la forma de una p\u00e1gina del pasaporte con una foto del titular que cumple unas dimensiones espec\u00edficas. La foto del pasaporte debe tener menos de 6 meses en el momento de presentarla para el visado.<\/p>\n\n<figure class=\"wp-block-image size-full is-resized\" id=\"image-visa-uk-c\"><img fetchpriority=\"high\" decoding=\"async\" width=\"564\" height=\"338\" src=\"https:\/\/uk-gb.net\/wp-content\/uploads\/2024\/03\/UK-visa-C.jpg\" alt=\"Visado fotogr&#xE1;fico Reino Unido\" class=\"wp-image-1890\" style=\"width:800px;height:auto\" title=\"Imagen del visado brit&#xE1;nico\" srcset=\"https:\/\/uk-gb.net\/wp-content\/uploads\/2024\/03\/UK-visa-C.jpg 564w, https:\/\/uk-gb.net\/wp-content\/uploads\/2024\/03\/UK-visa-C-300x180.jpg 300w\" sizes=\"(max-width: 564px) 100vw, 564px\" \/><\/figure>\n","protected":false},"excerpt":{"rendered":"<p>Visado de turista para viajar a Inglaterra Si quieres visitar Londres, Manchester, Glasgow o explorar la campi\u00f1a de Gales, puede que necesites un visado de turista para el Reino Unido. Este visado permite a los viajeros permanecer temporalmente en el Reino Unido para pasar las vacaciones, visitar a familiares o realizar visitas culturales o m\u00e9dicas. [&hellip;]<\/p>\n","protected":false},"author":1,"featured_media":0,"parent":0,"menu_order":0,"comment_status":"closed","ping_status":"closed","template":"","meta":{"footnotes":""},"class_list":["post-530","page","type-page","status-publish","hentry"],"yoast_head":"<!-- This site is optimized with the Yoast SEO plugin v27.3 - https:\/\/yoast.com\/product\/yoast-seo-wordpress\/ -->\n<title>Visado de turista para el Reino Unido<\/title>\n<meta name=\"description\" content=\"Descubre todas las normas para obtener un visado de viaje tur\u00edstico al Reino Unido\" \/>\n<meta name=\"robots\" content=\"index, follow, max-snippet:-1, max-image-preview:large, max-video-preview:-1\" \/>\n<link rel=\"canonical\" href=\"https:\/\/uk-gb.net\/es\/visado-turista-inglaterra-reino-unido\/\" \/>\n<meta property=\"og:locale\" content=\"es_ES\" \/>\n<meta property=\"og:type\" content=\"article\" \/>\n<meta property=\"og:title\" content=\"Visado de turista para el Reino Unido\" \/>\n<meta property=\"og:description\" content=\"Descubre todas las normas para obtener un visado de viaje tur\u00edstico al Reino Unido\" \/>\n<meta property=\"og:url\" content=\"https:\/\/uk-gb.net\/es\/visado-turista-inglaterra-reino-unido\/\" \/>\n<meta property=\"og:site_name\" content=\"UK GB\" \/>\n<meta property=\"article:modified_time\" content=\"2025-06-04T14:38:23+00:00\" \/>\n<meta property=\"og:image\" content=\"https:\/\/uk-gb.net\/wp-content\/uploads\/2024\/03\/UK-visa-C.jpg\" \/>\n<meta name=\"twitter:card\" content=\"summary_large_image\" \/>\n<meta name=\"twitter:label1\" content=\"Tiempo de lectura\" \/>\n\t<meta name=\"twitter:data1\" content=\"3 minutos\" \/>\n<script type=\"application\/ld+json\" class=\"yoast-schema-graph\">{\"@context\":\"https:\\\/\\\/schema.org\",\"@graph\":[{\"@type\":\"WebPage\",\"@id\":\"https:\\\/\\\/uk-gb.net\\\/es\\\/visado-turista-inglaterra-reino-unido\\\/\",\"url\":\"https:\\\/\\\/uk-gb.net\\\/es\\\/visado-turista-inglaterra-reino-unido\\\/\",\"name\":\"Visado de turista para el Reino Unido\",\"isPartOf\":{\"@id\":\"https:\\\/\\\/uk-gb.net\\\/es\\\/#website\"},\"primaryImageOfPage\":{\"@id\":\"https:\\\/\\\/uk-gb.net\\\/es\\\/visado-turista-inglaterra-reino-unido\\\/#primaryimage\"},\"image\":{\"@id\":\"https:\\\/\\\/uk-gb.net\\\/es\\\/visado-turista-inglaterra-reino-unido\\\/#primaryimage\"},\"thumbnailUrl\":\"https:\\\/\\\/uk-gb.net\\\/wp-content\\\/uploads\\\/2024\\\/03\\\/UK-visa-C.jpg\",\"datePublished\":\"2023-11-21T12:31:09+00:00\",\"dateModified\":\"2025-06-04T14:38:23+00:00\",\"description\":\"Descubre todas las normas para obtener un visado de viaje tur\u00edstico al Reino Unido\",\"inLanguage\":\"es\",\"potentialAction\":[{\"@type\":\"ReadAction\",\"target\":[\"https:\\\/\\\/uk-gb.net\\\/es\\\/visado-turista-inglaterra-reino-unido\\\/\"]}]},{\"@type\":\"ImageObject\",\"inLanguage\":\"es\",\"@id\":\"https:\\\/\\\/uk-gb.net\\\/es\\\/visado-turista-inglaterra-reino-unido\\\/#primaryimage\",\"url\":\"https:\\\/\\\/uk-gb.net\\\/wp-content\\\/uploads\\\/2024\\\/03\\\/UK-visa-C.jpg\",\"contentUrl\":\"https:\\\/\\\/uk-gb.net\\\/wp-content\\\/uploads\\\/2024\\\/03\\\/UK-visa-C.jpg\"},{\"@type\":\"WebSite\",\"@id\":\"https:\\\/\\\/uk-gb.net\\\/es\\\/#website\",\"url\":\"https:\\\/\\\/uk-gb.net\\\/es\\\/\",\"name\":\"UK GB\",\"description\":\"Travel to the UK\",\"potentialAction\":[{\"@type\":\"SearchAction\",\"target\":{\"@type\":\"EntryPoint\",\"urlTemplate\":\"https:\\\/\\\/uk-gb.net\\\/es\\\/?s={search_term_string}\"},\"query-input\":{\"@type\":\"PropertyValueSpecification\",\"valueRequired\":true,\"valueName\":\"search_term_string\"}}],\"inLanguage\":\"es\"}]}<\/script>\n<!-- \/ Yoast SEO plugin. -->","yoast_head_json":{"title":"Visado de turista para el Reino Unido","description":"Descubre todas las normas para obtener un visado de viaje tur\u00edstico al Reino Unido","robots":{"index":"index","follow":"follow","max-snippet":"max-snippet:-1","max-image-preview":"max-image-preview:large","max-video-preview":"max-video-preview:-1"},"canonical":"https:\/\/uk-gb.net\/es\/visado-turista-inglaterra-reino-unido\/","og_locale":"es_ES","og_type":"article","og_title":"Visado de turista para el Reino Unido","og_description":"Descubre todas las normas para obtener un visado de viaje tur\u00edstico al Reino Unido","og_url":"https:\/\/uk-gb.net\/es\/visado-turista-inglaterra-reino-unido\/","og_site_name":"UK GB","article_modified_time":"2025-06-04T14:38:23+00:00","og_image":[{"url":"https:\/\/uk-gb.net\/wp-content\/uploads\/2024\/03\/UK-visa-C.jpg","type":"","width":"","height":""}],"twitter_card":"summary_large_image","twitter_misc":{"Tiempo de lectura":"3 minutos"},"schema":{"@context":"https:\/\/schema.org","@graph":[{"@type":"WebPage","@id":"https:\/\/uk-gb.net\/es\/visado-turista-inglaterra-reino-unido\/","url":"https:\/\/uk-gb.net\/es\/visado-turista-inglaterra-reino-unido\/","name":"Visado de turista para el Reino Unido","isPartOf":{"@id":"https:\/\/uk-gb.net\/es\/#website"},"primaryImageOfPage":{"@id":"https:\/\/uk-gb.net\/es\/visado-turista-inglaterra-reino-unido\/#primaryimage"},"image":{"@id":"https:\/\/uk-gb.net\/es\/visado-turista-inglaterra-reino-unido\/#primaryimage"},"thumbnailUrl":"https:\/\/uk-gb.net\/wp-content\/uploads\/2024\/03\/UK-visa-C.jpg","datePublished":"2023-11-21T12:31:09+00:00","dateModified":"2025-06-04T14:38:23+00:00","description":"Descubre todas las normas para obtener un visado de viaje tur\u00edstico al Reino Unido","inLanguage":"es","potentialAction":[{"@type":"ReadAction","target":["https:\/\/uk-gb.net\/es\/visado-turista-inglaterra-reino-unido\/"]}]},{"@type":"ImageObject","inLanguage":"es","@id":"https:\/\/uk-gb.net\/es\/visado-turista-inglaterra-reino-unido\/#primaryimage","url":"https:\/\/uk-gb.net\/wp-content\/uploads\/2024\/03\/UK-visa-C.jpg","contentUrl":"https:\/\/uk-gb.net\/wp-content\/uploads\/2024\/03\/UK-visa-C.jpg"},{"@type":"WebSite","@id":"https:\/\/uk-gb.net\/es\/#website","url":"https:\/\/uk-gb.net\/es\/","name":"UK GB","description":"Travel to the UK","potentialAction":[{"@type":"SearchAction","target":{"@type":"EntryPoint","urlTemplate":"https:\/\/uk-gb.net\/es\/?s={search_term_string}"},"query-input":{"@type":"PropertyValueSpecification","valueRequired":true,"valueName":"search_term_string"}}],"inLanguage":"es"}]}},"_links":{"self":[{"href":"https:\/\/uk-gb.net\/es\/wp-json\/wp\/v2\/pages\/530","targetHints":{"allow":["GET"]}}],"collection":[{"href":"https:\/\/uk-gb.net\/es\/wp-json\/wp\/v2\/pages"}],"about":[{"href":"https:\/\/uk-gb.net\/es\/wp-json\/wp\/v2\/types\/page"}],"author":[{"embeddable":true,"href":"https:\/\/uk-gb.net\/es\/wp-json\/wp\/v2\/users\/1"}],"replies":[{"embeddable":true,"href":"https:\/\/uk-gb.net\/es\/wp-json\/wp\/v2\/comments?post=530"}],"version-history":[{"count":0,"href":"https:\/\/uk-gb.net\/es\/wp-json\/wp\/v2\/pages\/530\/revisions"}],"wp:attachment":[{"href":"https:\/\/uk-gb.net\/es\/wp-json\/wp\/v2\/media?parent=530"}],"curies":[{"name":"wp","href":"https:\/\/api.w.org\/{rel}","templated":true}]}}