{"id":5169,"date":"2025-01-29T16:47:28","date_gmt":"2025-01-29T16:47:28","guid":{"rendered":"https:\/\/uk-gb.net\/cardiff\/"},"modified":"2025-12-28T13:30:25","modified_gmt":"2025-12-28T13:30:25","slug":"cardiff","status":"publish","type":"page","link":"https:\/\/uk-gb.net\/es\/cardiff\/","title":{"rendered":"Gu\u00eda tur\u00edstica de la ciudad de Cardiff"},"content":{"rendered":"\n<h1 class=\"wp-block-heading\">Visita Cardiff, en Gales<\/h1>\n\n<p>Cardiff, la capital de Gales, es una ciudad din\u00e1mica y acogedora que combina historia, cultura y modernidad. Situada en la costa sur del pa\u00eds, es famosa por su castillo medieval, su animado paseo mar\u00edtimo y sus numerosos actos culturales. Cardiff es un destino ideal para una escapada urbana rica en descubrimientos.  <\/p>\n\n<h2 class=\"wp-block-heading\">\u00bfPor qu\u00e9 visitar Cardiff?<\/h2>\n\n<p>Cardiff ofrece una cautivadora mezcla de patrimonio hist\u00f3rico y dinamismo contempor\u00e1neo. Con sus fascinantes museos, frondosos parques y animada escena musical, la ciudad atrae tanto a los aficionados a la historia como a los entusiastas del deporte y la gastronom\u00eda. Su ambiente acogedor la convierte en un destino agradable para explorar en cualquier \u00e9poca del a\u00f1o.  <\/p>\n\n<figure class=\"wp-block-image size-large\"><img fetchpriority=\"high\" decoding=\"async\" width=\"1158\" height=\"367\" src=\"https:\/\/uk-gb.net\/wp-content\/uploads\/2025\/01\/cardiff-e1748002153120.jpg\" alt=\"\" class=\"wp-image-5141\" srcset=\"https:\/\/uk-gb.net\/wp-content\/uploads\/2025\/01\/cardiff-e1748002153120.jpg 1158w, https:\/\/uk-gb.net\/wp-content\/uploads\/2025\/01\/cardiff-e1748002153120-300x95.jpg 300w, https:\/\/uk-gb.net\/wp-content\/uploads\/2025\/01\/cardiff-e1748002153120-1024x325.jpg 1024w, https:\/\/uk-gb.net\/wp-content\/uploads\/2025\/01\/cardiff-e1748002153120-768x243.jpg 768w\" sizes=\"(max-width: 1158px) 100vw, 1158px\" \/><figcaption class=\"wp-element-caption\">Foto de la Bah\u00eda de Cardiff<\/figcaption><\/figure>\n\n<div style=\"height:10px\" aria-hidden=\"true\" class=\"wp-block-spacer\"><\/div>\n\n<h2 class=\"wp-block-heading\">Lo imprescindible<\/h2>\n\n<ul class=\"wp-block-list\">\n<li><a href=\"https:\/\/www.cardiffcastle.com\/\">Castillo de Cardiff<\/a>: Una impresionante fortaleza medieval en el coraz\u00f3n de la ciudad.<\/li>\n\n\n\n<li><a href=\"https:\/\/www.principalitystadium.wales\/\">Principality Stadium<\/a>: Un lugar emblem\u00e1tico para partidos de rugby y conciertos.<\/li>\n\n\n\n<li><a href=\"https:\/\/www.cardiffbay.co.uk\/\">Bah\u00eda de Cardiff<\/a>: Un barrio costero con restaurantes, museos y atracciones modernas.<\/li>\n\n\n\n<li><a href=\"https:\/\/museum.wales\/cardiff\/\">Museo Nacional de Cardiff<\/a>: Un fascinante museo que combina arte, arqueolog\u00eda e historia natural.<\/li>\n\n\n\n<li><a href=\"https:\/\/bute-park.com\/\">Parque Bute<\/a>: Un vasto espacio verde perfecto para pasear o hacer un picnic.<\/li>\n\n\n\n<li><a href=\"https:\/\/museum.wales\/stfagans\/\">Museo Nacional de Historia de St. Fagans <\/a>  Un museo al aire libre que recorre la historia de Gales.<\/li>\n<\/ul>\n\n<div style=\"height:10px\" aria-hidden=\"true\" class=\"wp-block-spacer\"><\/div>\n\n<h2 class=\"wp-block-heading\">Barrios para explorar<\/h2>\n\n<ul class=\"wp-block-list\">\n<li><strong>Centro de la ciudad<\/strong>: El animado coraz\u00f3n de la ciudad, ideal para ir de compras y cenar.<\/li>\n\n\n\n<li><strong>Bah\u00eda de Cardiff<\/strong>: Una zona moderna con atracciones culturales y paseos junto al agua.<\/li>\n\n\n\n<li><strong>Pontcanna<\/strong>: Un barrio elegante y residencial, perfecto para disfrutar de un ambiente relajado y de acogedores caf\u00e9s.<\/li>\n\n\n\n<li><strong>Roath<\/strong>: Conocida por su gran parque y su ambiente bohemio.<\/li>\n<\/ul>\n\n<div style=\"height:10px\" aria-hidden=\"true\" class=\"wp-block-spacer\"><\/div>\n\n<h2 class=\"wp-block-heading\">Consejos pr\u00e1cticos<\/h2>\n\n<figure class=\"wp-block-table\"><table><tbody><tr><th>Aspecto<\/th><th>Detalles<\/th><\/tr><tr><td><strong>Transporte<\/strong><\/td><td>Cardiff est\u00e1 bien comunicada por tren y autob\u00fas, y el centro de la ciudad est\u00e1 a poca distancia a pie.<\/td><\/tr><tr><td><strong>Alojamiento<\/strong><\/td><td>Las opciones van desde hoteles de lujo a albergues econ\u00f3micos.<\/td><\/tr><tr><td><strong>Moneda<\/strong><\/td><td>Libra esterlina (\u00a3). Los pagos sin contacto son ampliamente aceptados. <\/td><\/tr><tr><td><strong>Idioma<\/strong><\/td><td>Ingl\u00e9s y gal\u00e9s.<\/td><\/tr><tr><td><strong>El tiempo<\/strong><\/td><td>Clima oce\u00e1nico, as\u00ed que lleva un paraguas por si llueve con frecuencia.<\/td><\/tr><tr><td><strong>Formalidades<\/strong><\/td><td>Puede que necesites obtener un <a href=\"https:\/\/uk-gb.net\/es\/visado-para-cardiff-gales\/\">visado de Cardiff<\/a> para viajar a Gales.<\/td><\/tr><\/tbody><\/table><\/figure>\n\n<div style=\"height:10px\" aria-hidden=\"true\" class=\"wp-block-spacer\"><\/div>\n\n<h2 class=\"wp-block-heading\">\u00bfD\u00f3nde comer?<\/h2>\n\n<ul class=\"wp-block-list\">\n<li><a href=\"https:\/\/www.thepottedpig.com\/\">The Potted<\/a> Pig: Un elegante restaurante que sirve cocina galesa con un toque especial.<\/li>\n\n\n\n<li><a href=\"https:\/\/www.chapel1877.com\/\">Capilla 1877<\/a>: Un lugar \u00fanico ubicado en una antigua capilla transformada en un refinado restaurante.<\/li>\n\n\n\n<li><a href=\"https:\/\/www.barkerteahouse.com\/\">Barker Tea House<\/a>: El lugar perfecto para un t\u00e9 de la tarde t\u00edpicamente brit\u00e1nico.<\/li>\n\n\n\n<li><a href=\"https:\/\/www.walesonline.co.uk\/whats-on\/whats-on-news\/hmp-cardiffs-clink-restaurant-shut-24948267\">The Clink<\/a>: Un restaurante socialmente responsable que sirve sabrosos platos preparados por presos en rehabilitaci\u00f3n.<\/li>\n\n\n\n<li><a href=\"https:\/\/www.instagram.com\/milgicardiff\/?hl=en\">Milgi<\/a>: Una excelente elecci\u00f3n para los amantes de la cocina vegetariana y ecol\u00f3gica.<\/li>\n<\/ul>\n\n<div style=\"height:10px\" aria-hidden=\"true\" class=\"wp-block-spacer\"><\/div>\n\n<h2 class=\"wp-block-heading\">\u00bfCu\u00e1ndo salir?<\/h2>\n\n<p>Cardiff es agradable todo el a\u00f1o, pero la primavera y el verano son las mejores \u00e9pocas para explorar la ciudad con un clima m\u00e1s suave. El oto\u00f1o es ideal para disfrutar de los colores de la naturaleza en los parques, mientras que el invierno es perfecto para los mercadillos navide\u00f1os y los actos culturales de interior. <\/p>\n\n<h2 class=\"wp-block-heading\">Conclusi\u00f3n<\/h2>\n\n<p>Cardiff es una ciudad vibrante donde tradici\u00f3n y modernidad se mezclan armoniosamente. Tanto si eres aficionado a la historia como al rugby o simplemente buscas una ciudad c\u00e1lida y acogedora, Cardiff te conquistar\u00e1. Planifica tu viaje y d\u00e9jate hechizar por la capital galesa.  <\/p>\n\n<p>Comparada con otras <a href=\"https:\/\/uk-gb.net\/es\/\">grandes ciudades del Reino Unido<\/a>, Cardiff destaca por su ambiente m\u00e1s relajado y su proximidad a la naturaleza. A diferencia de <a href=\"https:\/\/uk-gb.net\/es\/londres\/\">Londres<\/a>, que atrae a los visitantes con su bullicio y diversidad cultural, Cardiff ofrece un ambiente m\u00e1s \u00edntimo y accesible. Mientras <a href=\"https:\/\/uk-gb.net\/es\/oxford\/\">Oxford<\/a> y <a href=\"https:\/\/uk-gb.net\/es\/cambridge\/\">Cambridge<\/a>brillan por su patrimonio acad\u00e9mico, Cardiff exhibe su singular herencia galesa. <a href=\"https:\/\/uk-gb.net\/es\/liverpool\/\">Liverpool<\/a> y <a href=\"https:\/\/uk-gb.net\/es\/manchester\/\">Manchester<\/a>, conocidas por sus escenas musicales y deportivas, son m\u00e1s industriales y animadas, mientras que <a href=\"https:\/\/uk-gb.net\/es\/edimburgo\/\">Edimburgo<\/a> encanta con su arquitectura hist\u00f3rica y su festival internacional. Cada ciudad tiene su propio car\u00e1cter, y visitar Cardiff es una forma estupenda de descubrir una faceta diferente y aut\u00e9ntica del Reino Unido.   <\/p>\n","protected":false},"excerpt":{"rendered":"<p>Visita Cardiff, en Gales Cardiff, la capital de Gales, es una ciudad din\u00e1mica y acogedora que combina historia, cultura y modernidad. Situada en la costa sur del pa\u00eds, es famosa por su castillo medieval, su animado paseo mar\u00edtimo y sus numerosos actos culturales. Cardiff es un destino ideal para una escapada urbana rica en descubrimientos. [&hellip;]<\/p>\n","protected":false},"author":1,"featured_media":0,"parent":0,"menu_order":0,"comment_status":"closed","ping_status":"closed","template":"","meta":{"footnotes":""},"class_list":["post-5169","page","type-page","status-publish","hentry"],"yoast_head":"<!-- This site is optimized with the Yoast SEO plugin v27.3 - https:\/\/yoast.com\/product\/yoast-seo-wordpress\/ -->\n<title>Gu\u00eda tur\u00edstica de la ciudad de Cardiff - UK GB<\/title>\n<meta name=\"robots\" content=\"index, follow, max-snippet:-1, max-image-preview:large, max-video-preview:-1\" \/>\n<link rel=\"canonical\" href=\"https:\/\/uk-gb.net\/es\/cardiff\/\" \/>\n<meta property=\"og:locale\" content=\"es_ES\" \/>\n<meta property=\"og:type\" content=\"article\" \/>\n<meta property=\"og:title\" content=\"Gu\u00eda tur\u00edstica de la ciudad de Cardiff - UK GB\" \/>\n<meta property=\"og:description\" content=\"Visita Cardiff, en Gales Cardiff, la capital de Gales, es una ciudad din\u00e1mica y acogedora que combina historia, cultura y modernidad. Situada en la costa sur del pa\u00eds, es famosa por su castillo medieval, su animado paseo mar\u00edtimo y sus numerosos actos culturales. Cardiff es un destino ideal para una escapada urbana rica en descubrimientos. [&hellip;]\" \/>\n<meta property=\"og:url\" content=\"https:\/\/uk-gb.net\/es\/cardiff\/\" \/>\n<meta property=\"og:site_name\" content=\"UK GB\" \/>\n<meta property=\"article:modified_time\" content=\"2025-12-28T13:30:25+00:00\" \/>\n<meta property=\"og:image\" content=\"https:\/\/uk-gb.net\/wp-content\/uploads\/2025\/01\/cardiff-e1748002153120.jpg\" \/>\n\t<meta property=\"og:image:width\" content=\"1158\" \/>\n\t<meta property=\"og:image:height\" content=\"367\" \/>\n\t<meta property=\"og:image:type\" content=\"image\/jpeg\" \/>\n<meta name=\"twitter:card\" content=\"summary_large_image\" \/>\n<meta name=\"twitter:label1\" content=\"Tiempo de lectura\" \/>\n\t<meta name=\"twitter:data1\" content=\"3 minutos\" \/>\n<script type=\"application\/ld+json\" class=\"yoast-schema-graph\">{\"@context\":\"https:\\\/\\\/schema.org\",\"@graph\":[{\"@type\":\"WebPage\",\"@id\":\"https:\\\/\\\/uk-gb.net\\\/es\\\/cardiff\\\/\",\"url\":\"https:\\\/\\\/uk-gb.net\\\/es\\\/cardiff\\\/\",\"name\":\"Gu\u00eda tur\u00edstica de la ciudad de Cardiff - UK GB\",\"isPartOf\":{\"@id\":\"https:\\\/\\\/uk-gb.net\\\/es\\\/#website\"},\"primaryImageOfPage\":{\"@id\":\"https:\\\/\\\/uk-gb.net\\\/es\\\/cardiff\\\/#primaryimage\"},\"image\":{\"@id\":\"https:\\\/\\\/uk-gb.net\\\/es\\\/cardiff\\\/#primaryimage\"},\"thumbnailUrl\":\"https:\\\/\\\/uk-gb.net\\\/wp-content\\\/uploads\\\/2025\\\/01\\\/cardiff-e1748002153120.jpg\",\"datePublished\":\"2025-01-29T16:47:28+00:00\",\"dateModified\":\"2025-12-28T13:30:25+00:00\",\"inLanguage\":\"es\",\"potentialAction\":[{\"@type\":\"ReadAction\",\"target\":[\"https:\\\/\\\/uk-gb.net\\\/es\\\/cardiff\\\/\"]}]},{\"@type\":\"ImageObject\",\"inLanguage\":\"es\",\"@id\":\"https:\\\/\\\/uk-gb.net\\\/es\\\/cardiff\\\/#primaryimage\",\"url\":\"https:\\\/\\\/uk-gb.net\\\/wp-content\\\/uploads\\\/2025\\\/01\\\/cardiff-e1748002153120.jpg\",\"contentUrl\":\"https:\\\/\\\/uk-gb.net\\\/wp-content\\\/uploads\\\/2025\\\/01\\\/cardiff-e1748002153120.jpg\"},{\"@type\":\"WebSite\",\"@id\":\"https:\\\/\\\/uk-gb.net\\\/es\\\/#website\",\"url\":\"https:\\\/\\\/uk-gb.net\\\/es\\\/\",\"name\":\"UK GB\",\"description\":\"Travel to the UK\",\"potentialAction\":[{\"@type\":\"SearchAction\",\"target\":{\"@type\":\"EntryPoint\",\"urlTemplate\":\"https:\\\/\\\/uk-gb.net\\\/es\\\/?s={search_term_string}\"},\"query-input\":{\"@type\":\"PropertyValueSpecification\",\"valueRequired\":true,\"valueName\":\"search_term_string\"}}],\"inLanguage\":\"es\"}]}<\/script>\n<!-- \/ Yoast SEO plugin. -->","yoast_head_json":{"title":"Gu\u00eda tur\u00edstica de la ciudad de Cardiff - UK GB","robots":{"index":"index","follow":"follow","max-snippet":"max-snippet:-1","max-image-preview":"max-image-preview:large","max-video-preview":"max-video-preview:-1"},"canonical":"https:\/\/uk-gb.net\/es\/cardiff\/","og_locale":"es_ES","og_type":"article","og_title":"Gu\u00eda tur\u00edstica de la ciudad de Cardiff - UK GB","og_description":"Visita Cardiff, en Gales Cardiff, la capital de Gales, es una ciudad din\u00e1mica y acogedora que combina historia, cultura y modernidad. Situada en la costa sur del pa\u00eds, es famosa por su castillo medieval, su animado paseo mar\u00edtimo y sus numerosos actos culturales. Cardiff es un destino ideal para una escapada urbana rica en descubrimientos. [&hellip;]","og_url":"https:\/\/uk-gb.net\/es\/cardiff\/","og_site_name":"UK GB","article_modified_time":"2025-12-28T13:30:25+00:00","og_image":[{"width":1158,"height":367,"url":"https:\/\/uk-gb.net\/wp-content\/uploads\/2025\/01\/cardiff-e1748002153120.jpg","type":"image\/jpeg"}],"twitter_card":"summary_large_image","twitter_misc":{"Tiempo de lectura":"3 minutos"},"schema":{"@context":"https:\/\/schema.org","@graph":[{"@type":"WebPage","@id":"https:\/\/uk-gb.net\/es\/cardiff\/","url":"https:\/\/uk-gb.net\/es\/cardiff\/","name":"Gu\u00eda tur\u00edstica de la ciudad de Cardiff - UK GB","isPartOf":{"@id":"https:\/\/uk-gb.net\/es\/#website"},"primaryImageOfPage":{"@id":"https:\/\/uk-gb.net\/es\/cardiff\/#primaryimage"},"image":{"@id":"https:\/\/uk-gb.net\/es\/cardiff\/#primaryimage"},"thumbnailUrl":"https:\/\/uk-gb.net\/wp-content\/uploads\/2025\/01\/cardiff-e1748002153120.jpg","datePublished":"2025-01-29T16:47:28+00:00","dateModified":"2025-12-28T13:30:25+00:00","inLanguage":"es","potentialAction":[{"@type":"ReadAction","target":["https:\/\/uk-gb.net\/es\/cardiff\/"]}]},{"@type":"ImageObject","inLanguage":"es","@id":"https:\/\/uk-gb.net\/es\/cardiff\/#primaryimage","url":"https:\/\/uk-gb.net\/wp-content\/uploads\/2025\/01\/cardiff-e1748002153120.jpg","contentUrl":"https:\/\/uk-gb.net\/wp-content\/uploads\/2025\/01\/cardiff-e1748002153120.jpg"},{"@type":"WebSite","@id":"https:\/\/uk-gb.net\/es\/#website","url":"https:\/\/uk-gb.net\/es\/","name":"UK GB","description":"Travel to the UK","potentialAction":[{"@type":"SearchAction","target":{"@type":"EntryPoint","urlTemplate":"https:\/\/uk-gb.net\/es\/?s={search_term_string}"},"query-input":{"@type":"PropertyValueSpecification","valueRequired":true,"valueName":"search_term_string"}}],"inLanguage":"es"}]}},"_links":{"self":[{"href":"https:\/\/uk-gb.net\/es\/wp-json\/wp\/v2\/pages\/5169","targetHints":{"allow":["GET"]}}],"collection":[{"href":"https:\/\/uk-gb.net\/es\/wp-json\/wp\/v2\/pages"}],"about":[{"href":"https:\/\/uk-gb.net\/es\/wp-json\/wp\/v2\/types\/page"}],"author":[{"embeddable":true,"href":"https:\/\/uk-gb.net\/es\/wp-json\/wp\/v2\/users\/1"}],"replies":[{"embeddable":true,"href":"https:\/\/uk-gb.net\/es\/wp-json\/wp\/v2\/comments?post=5169"}],"version-history":[{"count":0,"href":"https:\/\/uk-gb.net\/es\/wp-json\/wp\/v2\/pages\/5169\/revisions"}],"wp:attachment":[{"href":"https:\/\/uk-gb.net\/es\/wp-json\/wp\/v2\/media?parent=5169"}],"curies":[{"name":"wp","href":"https:\/\/api.w.org\/{rel}","templated":true}]}}