{"id":5058,"date":"2025-01-23T11:10:46","date_gmt":"2025-01-23T11:10:46","guid":{"rendered":"https:\/\/uk-gb.net\/glasgow\/"},"modified":"2025-08-27T17:26:43","modified_gmt":"2025-08-27T16:26:43","slug":"glasgow","status":"publish","type":"page","link":"https:\/\/uk-gb.net\/es\/glasgow\/","title":{"rendered":"Visita Glasgow en Escocia"},"content":{"rendered":"\n<h1 class=\"wp-block-heading\">Descubre la ciudad de Glasgow<\/h1>\n\n<p>Glasgow cautiva con su energ\u00eda creativa, su majestuosa arquitectura victoriana y su c\u00e1lido ambiente. Cuna de un importante patrimonio industrial y art\u00edstico, la ciudad es ahora un hervidero de cultura, m\u00fasica y dise\u00f1o. Es un punto de parada esencial para explorar una Escocia moderna, vibrante y profundamente aut\u00e9ntica.  <\/p>\n\n<figure class=\"wp-block-image size-large\"><img fetchpriority=\"high\" decoding=\"async\" width=\"1024\" height=\"535\" src=\"https:\/\/uk-gb.net\/wp-content\/uploads\/2025\/01\/Glasgow-1024x535.jpg\" alt=\"\" class=\"wp-image-5016\" srcset=\"https:\/\/uk-gb.net\/wp-content\/uploads\/2025\/01\/Glasgow-1024x535.jpg 1024w, https:\/\/uk-gb.net\/wp-content\/uploads\/2025\/01\/Glasgow-300x157.jpg 300w, https:\/\/uk-gb.net\/wp-content\/uploads\/2025\/01\/Glasgow-768x401.jpg 768w, https:\/\/uk-gb.net\/wp-content\/uploads\/2025\/01\/Glasgow.jpg 1339w\" sizes=\"(max-width: 1024px) 100vw, 1024px\" \/><figcaption class=\"wp-element-caption\">Glasgow, Escocia<\/figcaption><\/figure>\n\n<h2 class=\"wp-block-heading\">\u00bfPor qu\u00e9 visitar Glasgow?<\/h2>\n\n<p><a href=\"https:\/\/en.wikipedia.org\/wiki\/Glasgow\">Glasgow<\/a> es famosa por sus museos de fama mundial, sus edificios victorianos y su escena art\u00edstica. Tanto si eres un aficionado a la historia, un amante de la m\u00fasica o un entusiasta de las compras, Glasgow est\u00e1 llena de cosas interesantes que hacer. Cada barrio revela una faceta \u00fanica de la ciudad, siempre realzada por la calidez y autenticidad de sus gentes.  <\/p>\n\n<h2 class=\"wp-block-heading\">Lugares imprescindibles en Glasgow<\/h2>\n\n<ul class=\"wp-block-list\">\n<li><a href=\"https:\/\/www.historicenvironment.scot\/visit-a-place\/places\/glasgow-cathedral\/\">Catedral de Glasgow<\/a>: Una soberbia catedral medieval del siglo XII, un raro ejemplo de arquitectura g\u00f3tica escocesa que sigue intacto.<\/li>\n\n\n\n<li><a href=\"https:\/\/www.glasgowsciencecentre.org\/\">El Centro de Ciencias de Glasgow<\/a>: centro interactivo de ciencias con divertidas exposiciones, planetario y cine IMAX. Una excursi\u00f3n familiar ideal. <\/li>\n\n\n\n<li><a href=\"https:\/\/www.visitscotland.com\/info\/towns-villages\/george-square-p1976921\">George Square<\/a>: la plaza central de la ciudad, bordeada de majestuosos edificios y llena de acontecimientos durante todo el a\u00f1o.<\/li>\n\n\n\n<li><a href=\"https:\/\/www.glasgowlife.org.uk\/museums\/venues\/kelvingrove-art-gallery-and-museum\">Galer\u00eda de Arte y Museo Kelvingrove<\/a>: este emblem\u00e1tico museo re\u00fane obras de arte, artefactos hist\u00f3ricos y curiosidades en un marco arquitect\u00f3nico extraordinario.<\/li>\n\n\n\n<li><a href=\"https:\/\/www.glasgowlife.org.uk\/museums\/venues\/riverside-museum\">El Museo Riverside<\/a>: un galardonado museo dedicado al transporte y al ingenio tecnol\u00f3gico, perfecto para grandes y peque\u00f1os.<\/li>\n\n\n\n<li><a href=\"https:\/\/glasgowshops.com\/buchanan-street\/\">La calle Buchanan<\/a> La calle comercial m\u00e1s vibrante de Glasgow, con una mezcla de boutiques de dise\u00f1o, nombres de la calle principal y artistas callejeros.<\/li>\n<\/ul>\n\n<div style=\"height:10px\" aria-hidden=\"true\" class=\"wp-block-spacer\"><\/div>\n\n<h2 class=\"wp-block-heading\">Barrios que no debes perderte<\/h2>\n\n<ul class=\"wp-block-list\">\n<li><strong>Merchant City<\/strong>: Una zona moderna, chic y animada, con una mezcla de galer\u00edas de arte, restaurantes modernos y bares de dise\u00f1o.<\/li>\n\n\n\n<li><strong>West End<\/strong>: barrio frondoso y bohemio famoso por sus parques, librer\u00edas, caf\u00e9s y la Universidad de Glasgow.<\/li>\n\n\n\n<li><strong>Glasgow Green<\/strong>: Uno de los parques p\u00fablicos m\u00e1s antiguos de la ciudad, ideal para pasear junto al r\u00edo o hacer un picnic.<\/li>\n\n\n\n<li><strong>Finnieston<\/strong>: epicentro gastron\u00f3mico creativo de Glasgow, con una pr\u00f3spera escena art\u00edstica.<\/li>\n<\/ul>\n\n<div style=\"height:10px\" aria-hidden=\"true\" class=\"wp-block-spacer\"><\/div>\n\n<h2 class=\"wp-block-heading\">Consejos pr\u00e1cticos para tu estancia en Glasgow<\/h2>\n\n<figure class=\"wp-block-table\"><table><tbody><tr><td><strong>Transporte<\/strong><\/td><td>Eficaz red de autobuses y metro. Pases de un d\u00eda disponibles para los visitantes. <\/td><\/tr><tr><td><strong>Alojamiento<\/strong><\/td><td>Una amplia selecci\u00f3n de hoteles, pensiones y albergues para todos los bolsillos.<\/td><\/tr><tr><td><strong>Moneda<\/strong><\/td><td>Libra esterlina (\u00a3). Se aceptan pagos con tarjeta en casi todas partes. <\/td><\/tr><tr><td><strong>Idioma<\/strong><\/td><td>Ingl\u00e9s, con un fuerte pero c\u00e1lido acento escoc\u00e9s.<\/td><\/tr><tr><td><strong>El tiempo<\/strong><\/td><td>Tiempo cambiante. Lleva un impermeable o un paraguas. <\/td><\/tr><tr><td><strong>Visa<\/strong><\/td><td>Comprueba si necesitas un <a href=\"https:\/\/uk-gb.net\/es\/visado-para-glasgow\/\">visado para Glasgow<\/a> o una <a href=\"https:\/\/uk-gb.net\/es\/eta-inglaterra-reino-unido\/\">autorizaci\u00f3n ETA<\/a> antes de salir.<\/td><\/tr><\/tbody><\/table><\/figure>\n\n<div style=\"height:10px\" aria-hidden=\"true\" class=\"wp-block-spacer\"><\/div>\n\n<h2 class=\"wp-block-heading\">\u00bfD\u00f3nde comer?<\/h2>\n\n<ul class=\"wp-block-list\">\n<li><a href=\"https:\/\/www.willowtearooms.co.uk\/\">The Willow Tea Rooms<\/a>: un emblem\u00e1tico sal\u00f3n de t\u00e9 dise\u00f1ado por Charles Rennie Mackintosh, perfecto para tomar un t\u00edpico t\u00e9 escoc\u00e9s por la tarde.<\/li>\n\n\n\n<li><a href=\"https:\/\/www.thegannetgla.com\/\">The Gannet<\/a>: galardonado restaurante gourmet que ofrece productos locales en un ambiente elegante.<\/li>\n\n\n\n<li><a href=\"https:\/\/ubiquitouschip.co.uk\/\">Ubiquitous Chip<\/a>: Una instituci\u00f3n culinaria del West End que ofrece cocina escocesa moderna en un entorno verde y acogedor.<\/li>\n\n\n\n<li><a href=\"https:\/\/www.oxandfinch.com\/\">Buey y Pinz\u00f3n<\/a>: Peque\u00f1os platos ingeniosos para compartir, en un entorno contempor\u00e1neo y refinado.<\/li>\n\n\n\n<li><a href=\"https:\/\/www.paesanopizza.co.uk\/\">Paesano Pizza<\/a>: Una de las mejores pizzer\u00edas de la ciudad, adorada por sus precios asequibles y sus aut\u00e9nticos sabores napolitanos.<\/li>\n<\/ul>\n\n<h2 class=\"wp-block-heading\">Cu\u00e1ndo ir a Glasgow<\/h2>\n\n<p><a href=\"https:\/\/www.visitglasgow.com\/\">Glasgow<\/a> puede visitarse durante todo el a\u00f1o, pero <strong>de mayo a septiembre son los mejores meses<\/strong> para disfrutar de temperaturas suaves y buen tiempo. El verano tambi\u00e9n est\u00e1 marcado por numerosos festivales culturales y conciertos al aire libre. El oto\u00f1o y el invierno son m\u00e1s h\u00famedos, pero el ambiente sigue siendo c\u00e1lido, con museos, pubs acogedores e iluminaciones festivas en diciembre. Recuerda meter en la maleta ropa impermeable sea cual sea la estaci\u00f3n.   <\/p>\n\n<h2 class=\"wp-block-heading\">Por fin<\/h2>\n\n<p>Comparada con otras grandes ciudades brit\u00e1nicas, <strong>Glasgow destaca por su ambiente art\u00edstico, su autenticidad local y su legendaria escena musical<\/strong>. Es menos tur\u00edstica que <a href=\"https:\/\/uk-gb.net\/es\/londres\/\">Londres<\/a> o Edimburgo, pero su energ\u00eda creativa, su gente amable y sus barrios cambiantes te conquistar\u00e1n. <\/p>\n\n<p>Si te encant\u00f3 la elegancia hist\u00f3rica de Oxford, el patrimonio musical de <a href=\"https:\/\/uk-gb.net\/es\/liverpool\/\">Liverpool<\/a> o la emoci\u00f3n de <a href=\"https:\/\/uk-gb.net\/es\/manchester\/\">Manchester<\/a>, te encantar\u00e1 el car\u00e1cter bullicioso y atractivo de Glasgow.<\/p>\n\n<p>Los tr\u00e1mites para visitar Glasgow dependen de la nacionalidad del viajero y de la duraci\u00f3n de su estancia. Para estancias cortas, los nacionales de la Uni\u00f3n Europea, Estados Unidos, Canad\u00e1 y muchos otros pa\u00edses deben <a href=\"https:\/\/uk-gb.net\/es\/formulario-visado-eta-en-linea-inglaterra\/\">obtener ahora un visado ETA<\/a> si no tienen <a href=\"https:\/\/uk-gb.net\/es\/visado-reino-unido\/\">visado para Inglaterra<\/a>. <\/p>\n\n<p>Los ETA del Reino Unido pueden solicitarse a trav\u00e9s <a href=\"https:\/\/uk-gb.net\/es\/aplicacion-iphone-visa-eta-inglaterra\/\">de la aplicaci\u00f3n oficial ETA del Reino Unido<\/a>. No afecta a los residentes en el Reino Unido ni a los ciudadanos irlandeses. <\/p>\n","protected":false},"excerpt":{"rendered":"<p>Descubre la ciudad de Glasgow Glasgow cautiva con su energ\u00eda creativa, su majestuosa arquitectura victoriana y su c\u00e1lido ambiente. Cuna de un importante patrimonio industrial y art\u00edstico, la ciudad es ahora un hervidero de cultura, m\u00fasica y dise\u00f1o. Es un punto de parada esencial para explorar una Escocia moderna, vibrante y profundamente aut\u00e9ntica. \u00bfPor qu\u00e9 [&hellip;]<\/p>\n","protected":false},"author":1,"featured_media":0,"parent":0,"menu_order":0,"comment_status":"closed","ping_status":"closed","template":"","meta":{"footnotes":""},"class_list":["post-5058","page","type-page","status-publish","hentry"],"yoast_head":"<!-- This site is optimized with the Yoast SEO plugin v27.4 - https:\/\/yoast.com\/product\/yoast-seo-wordpress\/ -->\n<title>Visita Glasgow en Escocia - UK GB<\/title>\n<meta name=\"description\" content=\"Descubre Glasgow, una de las principales ciudades de Escocia, famosa por sus museos y sus hist\u00f3ricos edificios victorianos.\" \/>\n<meta name=\"robots\" content=\"index, follow, max-snippet:-1, max-image-preview:large, max-video-preview:-1\" \/>\n<link rel=\"canonical\" href=\"https:\/\/uk-gb.net\/es\/glasgow\/\" \/>\n<meta property=\"og:locale\" content=\"es_ES\" \/>\n<meta property=\"og:type\" content=\"article\" \/>\n<meta property=\"og:title\" content=\"Visita Glasgow en Escocia - UK GB\" \/>\n<meta property=\"og:description\" content=\"Descubre Glasgow, una de las principales ciudades de Escocia, famosa por sus museos y sus hist\u00f3ricos edificios victorianos.\" \/>\n<meta property=\"og:url\" content=\"https:\/\/uk-gb.net\/es\/glasgow\/\" \/>\n<meta property=\"og:site_name\" content=\"UK GB\" \/>\n<meta property=\"article:modified_time\" content=\"2025-08-27T16:26:43+00:00\" \/>\n<meta property=\"og:image\" content=\"https:\/\/uk-gb.net\/wp-content\/uploads\/2025\/01\/Glasgow.jpg\" \/>\n\t<meta property=\"og:image:width\" content=\"1339\" \/>\n\t<meta property=\"og:image:height\" content=\"699\" \/>\n\t<meta property=\"og:image:type\" content=\"image\/jpeg\" \/>\n<meta name=\"twitter:card\" content=\"summary_large_image\" \/>\n<meta name=\"twitter:label1\" content=\"Tiempo de lectura\" \/>\n\t<meta name=\"twitter:data1\" content=\"4 minutos\" \/>\n<script type=\"application\/ld+json\" class=\"yoast-schema-graph\">{\"@context\":\"https:\\\/\\\/schema.org\",\"@graph\":[{\"@type\":\"WebPage\",\"@id\":\"https:\\\/\\\/uk-gb.net\\\/es\\\/glasgow\\\/\",\"url\":\"https:\\\/\\\/uk-gb.net\\\/es\\\/glasgow\\\/\",\"name\":\"Visita Glasgow en Escocia - UK GB\",\"isPartOf\":{\"@id\":\"https:\\\/\\\/uk-gb.net\\\/es\\\/#website\"},\"primaryImageOfPage\":{\"@id\":\"https:\\\/\\\/uk-gb.net\\\/es\\\/glasgow\\\/#primaryimage\"},\"image\":{\"@id\":\"https:\\\/\\\/uk-gb.net\\\/es\\\/glasgow\\\/#primaryimage\"},\"thumbnailUrl\":\"https:\\\/\\\/uk-gb.net\\\/wp-content\\\/uploads\\\/2025\\\/01\\\/Glasgow-1024x535.jpg\",\"datePublished\":\"2025-01-23T11:10:46+00:00\",\"dateModified\":\"2025-08-27T16:26:43+00:00\",\"description\":\"Descubre Glasgow, una de las principales ciudades de Escocia, famosa por sus museos y sus hist\u00f3ricos edificios victorianos.\",\"inLanguage\":\"es\",\"potentialAction\":[{\"@type\":\"ReadAction\",\"target\":[\"https:\\\/\\\/uk-gb.net\\\/es\\\/glasgow\\\/\"]}]},{\"@type\":\"ImageObject\",\"inLanguage\":\"es\",\"@id\":\"https:\\\/\\\/uk-gb.net\\\/es\\\/glasgow\\\/#primaryimage\",\"url\":\"https:\\\/\\\/uk-gb.net\\\/wp-content\\\/uploads\\\/2025\\\/01\\\/Glasgow-1024x535.jpg\",\"contentUrl\":\"https:\\\/\\\/uk-gb.net\\\/wp-content\\\/uploads\\\/2025\\\/01\\\/Glasgow-1024x535.jpg\"},{\"@type\":\"WebSite\",\"@id\":\"https:\\\/\\\/uk-gb.net\\\/es\\\/#website\",\"url\":\"https:\\\/\\\/uk-gb.net\\\/es\\\/\",\"name\":\"UK GB\",\"description\":\"Travel to the UK\",\"potentialAction\":[{\"@type\":\"SearchAction\",\"target\":{\"@type\":\"EntryPoint\",\"urlTemplate\":\"https:\\\/\\\/uk-gb.net\\\/es\\\/?s={search_term_string}\"},\"query-input\":{\"@type\":\"PropertyValueSpecification\",\"valueRequired\":true,\"valueName\":\"search_term_string\"}}],\"inLanguage\":\"es\"}]}<\/script>\n<!-- \/ Yoast SEO plugin. -->","yoast_head_json":{"title":"Visita Glasgow en Escocia - UK GB","description":"Descubre Glasgow, una de las principales ciudades de Escocia, famosa por sus museos y sus hist\u00f3ricos edificios victorianos.","robots":{"index":"index","follow":"follow","max-snippet":"max-snippet:-1","max-image-preview":"max-image-preview:large","max-video-preview":"max-video-preview:-1"},"canonical":"https:\/\/uk-gb.net\/es\/glasgow\/","og_locale":"es_ES","og_type":"article","og_title":"Visita Glasgow en Escocia - UK GB","og_description":"Descubre Glasgow, una de las principales ciudades de Escocia, famosa por sus museos y sus hist\u00f3ricos edificios victorianos.","og_url":"https:\/\/uk-gb.net\/es\/glasgow\/","og_site_name":"UK GB","article_modified_time":"2025-08-27T16:26:43+00:00","og_image":[{"width":1339,"height":699,"url":"https:\/\/uk-gb.net\/wp-content\/uploads\/2025\/01\/Glasgow.jpg","type":"image\/jpeg"}],"twitter_card":"summary_large_image","twitter_misc":{"Tiempo de lectura":"4 minutos"},"schema":{"@context":"https:\/\/schema.org","@graph":[{"@type":"WebPage","@id":"https:\/\/uk-gb.net\/es\/glasgow\/","url":"https:\/\/uk-gb.net\/es\/glasgow\/","name":"Visita Glasgow en Escocia - UK GB","isPartOf":{"@id":"https:\/\/uk-gb.net\/es\/#website"},"primaryImageOfPage":{"@id":"https:\/\/uk-gb.net\/es\/glasgow\/#primaryimage"},"image":{"@id":"https:\/\/uk-gb.net\/es\/glasgow\/#primaryimage"},"thumbnailUrl":"https:\/\/uk-gb.net\/wp-content\/uploads\/2025\/01\/Glasgow-1024x535.jpg","datePublished":"2025-01-23T11:10:46+00:00","dateModified":"2025-08-27T16:26:43+00:00","description":"Descubre Glasgow, una de las principales ciudades de Escocia, famosa por sus museos y sus hist\u00f3ricos edificios victorianos.","inLanguage":"es","potentialAction":[{"@type":"ReadAction","target":["https:\/\/uk-gb.net\/es\/glasgow\/"]}]},{"@type":"ImageObject","inLanguage":"es","@id":"https:\/\/uk-gb.net\/es\/glasgow\/#primaryimage","url":"https:\/\/uk-gb.net\/wp-content\/uploads\/2025\/01\/Glasgow-1024x535.jpg","contentUrl":"https:\/\/uk-gb.net\/wp-content\/uploads\/2025\/01\/Glasgow-1024x535.jpg"},{"@type":"WebSite","@id":"https:\/\/uk-gb.net\/es\/#website","url":"https:\/\/uk-gb.net\/es\/","name":"UK GB","description":"Travel to the UK","potentialAction":[{"@type":"SearchAction","target":{"@type":"EntryPoint","urlTemplate":"https:\/\/uk-gb.net\/es\/?s={search_term_string}"},"query-input":{"@type":"PropertyValueSpecification","valueRequired":true,"valueName":"search_term_string"}}],"inLanguage":"es"}]}},"_links":{"self":[{"href":"https:\/\/uk-gb.net\/es\/wp-json\/wp\/v2\/pages\/5058","targetHints":{"allow":["GET"]}}],"collection":[{"href":"https:\/\/uk-gb.net\/es\/wp-json\/wp\/v2\/pages"}],"about":[{"href":"https:\/\/uk-gb.net\/es\/wp-json\/wp\/v2\/types\/page"}],"author":[{"embeddable":true,"href":"https:\/\/uk-gb.net\/es\/wp-json\/wp\/v2\/users\/1"}],"replies":[{"embeddable":true,"href":"https:\/\/uk-gb.net\/es\/wp-json\/wp\/v2\/comments?post=5058"}],"version-history":[{"count":0,"href":"https:\/\/uk-gb.net\/es\/wp-json\/wp\/v2\/pages\/5058\/revisions"}],"wp:attachment":[{"href":"https:\/\/uk-gb.net\/es\/wp-json\/wp\/v2\/media?parent=5058"}],"curies":[{"name":"wp","href":"https:\/\/api.w.org\/{rel}","templated":true}]}}