{"id":4576,"date":"2025-01-15T13:03:38","date_gmt":"2025-01-15T13:03:38","guid":{"rendered":"https:\/\/uk-gb.net\/cambridge\/"},"modified":"2026-02-06T12:30:41","modified_gmt":"2026-02-06T12:30:41","slug":"cambridge","status":"publish","type":"page","link":"https:\/\/uk-gb.net\/es\/cambridge\/","title":{"rendered":"Visita Cambridge y su arquitectura medieval"},"content":{"rendered":"\n<h1 class=\"wp-block-heading\">Visita Cambridge, al este de Inglaterra<\/h1>\n\n<p><a href=\"https:\/\/en.wikipedia.org\/wiki\/Cambridge\">Cambridge<\/a>, al este de Inglaterra, es una ciudad famosa por su universidad de renombre mundial y su arquitectura medieval. Con sus majestuosos colegios, tranquilos jardines y variadas actividades culturales, Cambridge es un destino obligado para los amantes de la historia, el conocimiento y la belleza natural.<\/p>\n\n<figure class=\"wp-block-image size-full\"><img fetchpriority=\"high\" decoding=\"async\" width=\"1025\" height=\"476\" src=\"https:\/\/uk-gb.net\/wp-content\/uploads\/2025\/01\/Cambridge.jpg\" alt=\"\" class=\"wp-image-4533\" srcset=\"https:\/\/uk-gb.net\/wp-content\/uploads\/2025\/01\/Cambridge.jpg 1025w, https:\/\/uk-gb.net\/wp-content\/uploads\/2025\/01\/Cambridge-300x139.jpg 300w, https:\/\/uk-gb.net\/wp-content\/uploads\/2025\/01\/Cambridge-768x357.jpg 768w\" sizes=\"(max-width: 1025px) 100vw, 1025px\" \/><figcaption class=\"wp-element-caption\">Capilla del Kings College de Cambridge<\/figcaption><\/figure>\n\n<div style=\"height:10px\" aria-hidden=\"true\" class=\"wp-block-spacer\"><\/div>\n\n<h2 class=\"wp-block-heading\">\u00bfPor qu\u00e9 visitar Cambridge?<\/h2>\n\n<p>Cambridge es una ciudad con un ambiente \u00fanico, que combina tradiciones acad\u00e9micas y modernidad. Sus prestigiosos colegios, bibliotecas hist\u00f3ricas y paisajes pintorescos la convierten en un destino cautivador. Tanto si quieres explorar museos fascinantes, remar por el r\u00edo Cam o pasear por callejuelas cargadas de historia, Cambridge tiene algo para todos los gustos.  <\/p>\n\n<div style=\"height:10px\" aria-hidden=\"true\" class=\"wp-block-spacer\"><\/div>\n\n<h2 class=\"wp-block-heading\">Lo imprescindible<\/h2>\n\n<ul class=\"wp-block-list\">\n<li><a href=\"https:\/\/www.cam.ac.uk\/\">Universidad de Cambridge<\/a>: Explora famosos colegios como el King&#8217;s College, el Trinity College y el St John&#8217;s College.<\/li>\n\n\n\n<li><a href=\"https:\/\/www.kings.cam.ac.uk\/chapel\">Capilla del King&#8217;s College<\/a>: Obra maestra de la arquitectura g\u00f3tica, famosa por sus magn\u00edficas vidrieras.<\/li>\n\n\n\n<li><a href=\"https:\/\/www.fitzmuseum.cam.ac.uk\/\">Museo Fitzwilliam<\/a>: Un museo de arte y antig\u00fcedades con impresionantes colecciones.<\/li>\n\n\n\n<li><a href=\"https:\/\/puntcambridge.co.uk\/cambridge-backs\/\">Los Traseros<\/a>: Disfruta de espl\u00e9ndidas vistas de los colegios desde estos jardines ribere\u00f1os.<\/li>\n\n\n\n<li><a href=\"https:\/\/www.botanic.cam.ac.uk\/\">Jard\u00edn Bot\u00e1nico de la Universidad de Cambridge<\/a>: Un remanso de paz con una vasta colecci\u00f3n de plantas de todo el mundo.<\/li>\n\n\n\n<li><a href=\"https:\/\/www.visitcambridge.org\/place-categories\/punting\/\">Punting en el r\u00edo Cam<\/a>: Una actividad emblem\u00e1tica para admirar Cambridge desde el agua.<\/li>\n<\/ul>\n\n<div style=\"height:10px\" aria-hidden=\"true\" class=\"wp-block-spacer\"><\/div>\n\n<h2 class=\"wp-block-heading\">Barrios para explorar<\/h2>\n\n<ul class=\"wp-block-list\">\n<li><strong>Centro de la ciudad<\/strong>: El coraz\u00f3n hist\u00f3rico de Cambridge, con sus tiendas, caf\u00e9s y mercados.<\/li>\n\n\n\n<li><strong>Mill Road<\/strong>: Un barrio ecl\u00e9ctico y multicultural, ideal para restaurantes y tiendas independientes.<\/li>\n\n\n\n<li><strong>Newnham<\/strong>: Una zona tranquila con paseos junto al r\u00edo y espacios verdes.<\/li>\n\n\n\n<li><strong>Chesterton<\/strong>: Perfecto para descubrir un aut\u00e9ntico ambiente local y pubs tradicionales.<\/li>\n<\/ul>\n\n<div style=\"height:10px\" aria-hidden=\"true\" class=\"wp-block-spacer\"><\/div>\n\n<h2 class=\"wp-block-heading\">Consejos pr\u00e1cticos para visitar Cambridge<\/h2>\n\n<figure class=\"wp-block-table\"><table><tbody><tr><th>Aspecto<\/th><th>Detalles<\/th><\/tr><tr><td><strong>Transporte<\/strong><\/td><td>Accesible en tren desde Londres, puedes explorar la ciudad a pie o en bicicleta.<\/td><\/tr><tr><td><strong>Alojamiento<\/strong><\/td><td>Las opciones van desde encantadores B&amp;B hasta hoteles de alta gama.<\/td><\/tr><tr><td><strong>Moneda<\/strong><\/td><td>Libra esterlina (\u00a3). Los pagos sin contacto se aceptan en casi todas partes. <\/td><\/tr><tr><td><strong>Idioma<\/strong><\/td><td>Ingl\u00e9s.<\/td><\/tr><tr><td><strong>El tiempo<\/strong><\/td><td>Lleva un paraguas por si llueve con frecuencia.<\/td><\/tr><tr><td><strong>Visa<\/strong><\/td><td>Recuerda comprobar si necesitas un <a href=\"https:\/\/uk-gb.net\/es\/visa-cambridge\/\" type=\"page\" id=\"710\">visado de Cambridge<\/a> para viajar.<\/td><\/tr><\/tbody><\/table><\/figure>\n\n<div style=\"height:10px\" aria-hidden=\"true\" class=\"wp-block-spacer\"><\/div>\n\n<h2 class=\"wp-block-heading\">\u00bfD\u00f3nde comer?<\/h2>\n\n<ul class=\"wp-block-list\">\n<li><a href=\"https:\/\/midsummerhouse.co.uk\/\">Midsummer House<\/a>: Un restaurante con estrella Michelin que ofrece una cocina refinada.<\/li>\n\n\n\n<li><a href=\"https:\/\/www.greeneking.co.uk\/pubs\/cambridgeshire\/eagle\">El \u00c1guila<\/a>: Un pub hist\u00f3rico donde los cient\u00edficos Watson y Crick anunciaron su descubrimiento del ADN.<\/li>\n\n\n\n<li><a href=\"https:\/\/www.fitzbillies.com\/\">Fitzbillies<\/a>: Famoso por sus deliciosos bollos Chelsea.<\/li>\n\n\n\n<li><a href=\"https:\/\/www.theorchardteagarden.co.uk\/\">El Jard\u00edn de T\u00e9 del Huerto<\/a>: Un lugar pintoresco para disfrutar de una taza de t\u00e9 tradicional.<\/li>\n\n\n\n<li><a href=\"https:\/\/cambridgechophouse.co.uk\/\">St John&#8217;s Chop House<\/a>: Perfecto para disfrutar de platos brit\u00e1nicos cl\u00e1sicos en un entorno acogedor.<\/li>\n<\/ul>\n\n<div style=\"height:10px\" aria-hidden=\"true\" class=\"wp-block-spacer\"><\/div>\n\n<h2 class=\"wp-block-heading\">\u00bfCu\u00e1ndo salir?<\/h2>\n\n<p>Cambridge es un destino agradable todo el a\u00f1o, pero la primavera y el verano son especialmente ideales. La primavera revela jardines en plena floraci\u00f3n, mientras que el verano es perfecto para actividades al aire libre como el punting. El oto\u00f1o ofrece una atm\u00f3sfera apacible y magn\u00edficos colores, mientras que el invierno trae un ambiente tranquilo y festivo, ideal para descubrir los mercados navide\u00f1os.  <\/p>\n\n<div style=\"height:10px\" aria-hidden=\"true\" class=\"wp-block-spacer\"><\/div>\n\n<h2 class=\"wp-block-heading\">Conclusi\u00f3n<\/h2>\n\n<p><a href=\"https:\/\/en.wikipedia.org\/wiki\/Cambridge\">Cambridge<\/a> es una ciudad fascinante que combina historia, cultura y naturaleza. Con sus majestuosos colegios, sus impresionantes museos y su encantador entorno, ofrece una escapada memorable a todos los visitantes. \u00a1Prep\u00e1rate para explorar esta joya inglesa y descubrir su encanto \u00fanico!<\/p>\n\n<p>Para m\u00e1s consejos o recomendaciones personalizadas, no dudes en consultar nuestras otras gu\u00edas sobre las principales ciudades inglesas. Nuestras fichas informativas cubren <a href=\"https:\/\/uk-gb.net\/es\/londres\/\">Londres<\/a>, <a href=\"https:\/\/uk-gb.net\/es\/oxford\/\">Oxford<\/a>, <a href=\"https:\/\/uk-gb.net\/es\/liverpool\/\">Liverpool<\/a> y <a href=\"https:\/\/uk-gb.net\/es\/manchester\/\">Manchester<\/a>. No olvides que debes preparar los <a href=\"https:\/\/uk-gb.net\/es\/visado-reino-unido\/\">tr\u00e1mites para viajar al Reino Unido<\/a> antes de poner rumbo a Cambridge.  <\/p>\n\n<p><\/p>\n","protected":false},"excerpt":{"rendered":"<p>Visita Cambridge, al este de Inglaterra Cambridge, al este de Inglaterra, es una ciudad famosa por su universidad de renombre mundial y su arquitectura medieval. Con sus majestuosos colegios, tranquilos jardines y variadas actividades culturales, Cambridge es un destino obligado para los amantes de la historia, el conocimiento y la belleza natural. \u00bfPor qu\u00e9 visitar [&hellip;]<\/p>\n","protected":false},"author":1,"featured_media":0,"parent":0,"menu_order":0,"comment_status":"closed","ping_status":"closed","template":"","meta":{"footnotes":""},"class_list":["post-4576","page","type-page","status-publish","hentry"],"yoast_head":"<!-- This site is optimized with the Yoast SEO plugin v27.3 - https:\/\/yoast.com\/product\/yoast-seo-wordpress\/ -->\n<title>Visita Cambridge y su arquitectura medieval - UK GB<\/title>\n<meta name=\"description\" content=\"Visita la hist\u00f3rica ciudad de Cambridge, al este de Inglaterra, en unas vacaciones en el Reino Unido\" \/>\n<meta name=\"robots\" content=\"index, follow, max-snippet:-1, max-image-preview:large, max-video-preview:-1\" \/>\n<link rel=\"canonical\" href=\"https:\/\/uk-gb.net\/es\/cambridge\/\" \/>\n<meta property=\"og:locale\" content=\"es_ES\" \/>\n<meta property=\"og:type\" content=\"article\" \/>\n<meta property=\"og:title\" content=\"Visita Cambridge y su arquitectura medieval - UK GB\" \/>\n<meta property=\"og:description\" content=\"Visita la hist\u00f3rica ciudad de Cambridge, al este de Inglaterra, en unas vacaciones en el Reino Unido\" \/>\n<meta property=\"og:url\" content=\"https:\/\/uk-gb.net\/es\/cambridge\/\" \/>\n<meta property=\"og:site_name\" content=\"UK GB\" \/>\n<meta property=\"article:modified_time\" content=\"2026-02-06T12:30:41+00:00\" \/>\n<meta property=\"og:image\" content=\"https:\/\/uk-gb.net\/wp-content\/uploads\/2025\/01\/Cambridge.jpg\" \/>\n\t<meta property=\"og:image:width\" content=\"1025\" \/>\n\t<meta property=\"og:image:height\" content=\"476\" \/>\n\t<meta property=\"og:image:type\" content=\"image\/jpeg\" \/>\n<meta name=\"twitter:card\" content=\"summary_large_image\" \/>\n<meta name=\"twitter:label1\" content=\"Tiempo de lectura\" \/>\n\t<meta name=\"twitter:data1\" content=\"3 minutos\" \/>\n<script type=\"application\/ld+json\" class=\"yoast-schema-graph\">{\"@context\":\"https:\\\/\\\/schema.org\",\"@graph\":[{\"@type\":\"WebPage\",\"@id\":\"https:\\\/\\\/uk-gb.net\\\/es\\\/cambridge\\\/\",\"url\":\"https:\\\/\\\/uk-gb.net\\\/es\\\/cambridge\\\/\",\"name\":\"Visita Cambridge y su arquitectura medieval - UK GB\",\"isPartOf\":{\"@id\":\"https:\\\/\\\/uk-gb.net\\\/es\\\/#website\"},\"primaryImageOfPage\":{\"@id\":\"https:\\\/\\\/uk-gb.net\\\/es\\\/cambridge\\\/#primaryimage\"},\"image\":{\"@id\":\"https:\\\/\\\/uk-gb.net\\\/es\\\/cambridge\\\/#primaryimage\"},\"thumbnailUrl\":\"https:\\\/\\\/uk-gb.net\\\/wp-content\\\/uploads\\\/2025\\\/01\\\/Cambridge.jpg\",\"datePublished\":\"2025-01-15T13:03:38+00:00\",\"dateModified\":\"2026-02-06T12:30:41+00:00\",\"description\":\"Visita la hist\u00f3rica ciudad de Cambridge, al este de Inglaterra, en unas vacaciones en el Reino Unido\",\"inLanguage\":\"es\",\"potentialAction\":[{\"@type\":\"ReadAction\",\"target\":[\"https:\\\/\\\/uk-gb.net\\\/es\\\/cambridge\\\/\"]}]},{\"@type\":\"ImageObject\",\"inLanguage\":\"es\",\"@id\":\"https:\\\/\\\/uk-gb.net\\\/es\\\/cambridge\\\/#primaryimage\",\"url\":\"https:\\\/\\\/uk-gb.net\\\/wp-content\\\/uploads\\\/2025\\\/01\\\/Cambridge.jpg\",\"contentUrl\":\"https:\\\/\\\/uk-gb.net\\\/wp-content\\\/uploads\\\/2025\\\/01\\\/Cambridge.jpg\"},{\"@type\":\"WebSite\",\"@id\":\"https:\\\/\\\/uk-gb.net\\\/es\\\/#website\",\"url\":\"https:\\\/\\\/uk-gb.net\\\/es\\\/\",\"name\":\"UK GB\",\"description\":\"Travel to the UK\",\"potentialAction\":[{\"@type\":\"SearchAction\",\"target\":{\"@type\":\"EntryPoint\",\"urlTemplate\":\"https:\\\/\\\/uk-gb.net\\\/es\\\/?s={search_term_string}\"},\"query-input\":{\"@type\":\"PropertyValueSpecification\",\"valueRequired\":true,\"valueName\":\"search_term_string\"}}],\"inLanguage\":\"es\"}]}<\/script>\n<!-- \/ Yoast SEO plugin. -->","yoast_head_json":{"title":"Visita Cambridge y su arquitectura medieval - UK GB","description":"Visita la hist\u00f3rica ciudad de Cambridge, al este de Inglaterra, en unas vacaciones en el Reino Unido","robots":{"index":"index","follow":"follow","max-snippet":"max-snippet:-1","max-image-preview":"max-image-preview:large","max-video-preview":"max-video-preview:-1"},"canonical":"https:\/\/uk-gb.net\/es\/cambridge\/","og_locale":"es_ES","og_type":"article","og_title":"Visita Cambridge y su arquitectura medieval - UK GB","og_description":"Visita la hist\u00f3rica ciudad de Cambridge, al este de Inglaterra, en unas vacaciones en el Reino Unido","og_url":"https:\/\/uk-gb.net\/es\/cambridge\/","og_site_name":"UK GB","article_modified_time":"2026-02-06T12:30:41+00:00","og_image":[{"width":1025,"height":476,"url":"https:\/\/uk-gb.net\/wp-content\/uploads\/2025\/01\/Cambridge.jpg","type":"image\/jpeg"}],"twitter_card":"summary_large_image","twitter_misc":{"Tiempo de lectura":"3 minutos"},"schema":{"@context":"https:\/\/schema.org","@graph":[{"@type":"WebPage","@id":"https:\/\/uk-gb.net\/es\/cambridge\/","url":"https:\/\/uk-gb.net\/es\/cambridge\/","name":"Visita Cambridge y su arquitectura medieval - UK GB","isPartOf":{"@id":"https:\/\/uk-gb.net\/es\/#website"},"primaryImageOfPage":{"@id":"https:\/\/uk-gb.net\/es\/cambridge\/#primaryimage"},"image":{"@id":"https:\/\/uk-gb.net\/es\/cambridge\/#primaryimage"},"thumbnailUrl":"https:\/\/uk-gb.net\/wp-content\/uploads\/2025\/01\/Cambridge.jpg","datePublished":"2025-01-15T13:03:38+00:00","dateModified":"2026-02-06T12:30:41+00:00","description":"Visita la hist\u00f3rica ciudad de Cambridge, al este de Inglaterra, en unas vacaciones en el Reino Unido","inLanguage":"es","potentialAction":[{"@type":"ReadAction","target":["https:\/\/uk-gb.net\/es\/cambridge\/"]}]},{"@type":"ImageObject","inLanguage":"es","@id":"https:\/\/uk-gb.net\/es\/cambridge\/#primaryimage","url":"https:\/\/uk-gb.net\/wp-content\/uploads\/2025\/01\/Cambridge.jpg","contentUrl":"https:\/\/uk-gb.net\/wp-content\/uploads\/2025\/01\/Cambridge.jpg"},{"@type":"WebSite","@id":"https:\/\/uk-gb.net\/es\/#website","url":"https:\/\/uk-gb.net\/es\/","name":"UK GB","description":"Travel to the UK","potentialAction":[{"@type":"SearchAction","target":{"@type":"EntryPoint","urlTemplate":"https:\/\/uk-gb.net\/es\/?s={search_term_string}"},"query-input":{"@type":"PropertyValueSpecification","valueRequired":true,"valueName":"search_term_string"}}],"inLanguage":"es"}]}},"_links":{"self":[{"href":"https:\/\/uk-gb.net\/es\/wp-json\/wp\/v2\/pages\/4576","targetHints":{"allow":["GET"]}}],"collection":[{"href":"https:\/\/uk-gb.net\/es\/wp-json\/wp\/v2\/pages"}],"about":[{"href":"https:\/\/uk-gb.net\/es\/wp-json\/wp\/v2\/types\/page"}],"author":[{"embeddable":true,"href":"https:\/\/uk-gb.net\/es\/wp-json\/wp\/v2\/users\/1"}],"replies":[{"embeddable":true,"href":"https:\/\/uk-gb.net\/es\/wp-json\/wp\/v2\/comments?post=4576"}],"version-history":[{"count":0,"href":"https:\/\/uk-gb.net\/es\/wp-json\/wp\/v2\/pages\/4576\/revisions"}],"wp:attachment":[{"href":"https:\/\/uk-gb.net\/es\/wp-json\/wp\/v2\/media?parent=4576"}],"curies":[{"name":"wp","href":"https:\/\/api.w.org\/{rel}","templated":true}]}}