{"id":4158,"date":"2025-01-11T14:38:52","date_gmt":"2025-01-11T14:38:52","guid":{"rendered":"https:\/\/uk-gb.net\/liverpool\/"},"modified":"2025-06-12T09:28:59","modified_gmt":"2025-06-12T08:28:59","slug":"liverpool","status":"publish","type":"page","link":"https:\/\/uk-gb.net\/es\/liverpool\/","title":{"rendered":"Gu\u00eda de Liverpool"},"content":{"rendered":"\n<h1 class=\"wp-block-heading\">Visita Liverpool, en el noroeste de Inglaterra<\/h1>\n\n<p>Liverpool es una ciudad portuaria del noroeste de Inglaterra. Liverpool es un importante destino cultural, conocido en todo el mundo por ser la cuna de los Beatles. Impregnada de historia, orgullosa de su identidad mar\u00edtima y apasionada por el arte, la m\u00fasica y el f\u00fatbol, Liverpool es una ciudad animada, acogedora y emocionante para explorar.  <\/p>\n\n<figure class=\"wp-block-image size-large\"><img fetchpriority=\"high\" decoding=\"async\" width=\"1024\" height=\"386\" src=\"https:\/\/uk-gb.net\/wp-content\/uploads\/2025\/01\/Liverpool-1024x386.jpg\" alt=\"\" class=\"wp-image-4137\" srcset=\"https:\/\/uk-gb.net\/wp-content\/uploads\/2025\/01\/Liverpool-1024x386.jpg 1024w, https:\/\/uk-gb.net\/wp-content\/uploads\/2025\/01\/Liverpool-300x113.jpg 300w, https:\/\/uk-gb.net\/wp-content\/uploads\/2025\/01\/Liverpool-768x289.jpg 768w, https:\/\/uk-gb.net\/wp-content\/uploads\/2025\/01\/Liverpool-1536x578.jpg 1536w, https:\/\/uk-gb.net\/wp-content\/uploads\/2025\/01\/Liverpool.jpg 2013w\" sizes=\"(max-width: 1024px) 100vw, 1024px\" \/><figcaption class=\"wp-element-caption\">Catedral de Liverpool<\/figcaption><\/figure>\n\n<div style=\"height:10px\" aria-hidden=\"true\" class=\"wp-block-spacer\"><\/div>\n\n<h2 class=\"wp-block-heading\">\u00bfPor qu\u00e9 visitar Liverpool?<\/h2>\n\n<p>Liverpool es una ciudad con un ambiente \u00fanico. Su pasado mar\u00edtimo, visible en sus muelles rehabilitados, su riqueza cultural, con sus numerosos museos, y el ambiente musical que impregna sus calles, contribuyen a su atractivo. Desde galer\u00edas de arte y estadios legendarios hasta cruceros por el Mersey, Liverpool ofrece una experiencia urbana a la vez din\u00e1mica y profundamente arraigada en la historia brit\u00e1nica.  <\/p>\n\n<div style=\"height:10px\" aria-hidden=\"true\" class=\"wp-block-spacer\"><\/div>\n\n<h2 class=\"wp-block-heading\">Lo imprescindible<\/h2>\n\n<ul class=\"wp-block-list\">\n<li><a href=\"https:\/\/www.beatlesstory.com\/\">La historia de los Beatles<\/a>: Un museo interactivo que recorre la historia de la legendaria banda.<\/li>\n\n\n\n<li><a href=\"https:\/\/albertdock.com\/\">Royal Albert Dock<\/a>: Un antiguo puerto transformado en zona cultural con museos, tiendas y restaurantes.<\/li>\n\n\n\n<li><a href=\"https:\/\/liverpoolcathedral.org.uk\/\">Catedral de Liverpool<\/a>: Una de las mayores catedrales del mundo, con una arquitectura impresionante.<\/li>\n\n\n\n<li><a href=\"https:\/\/www.tate.org.uk\/visit\/tate-liverpool\">Tate Liverpool<\/a>: Una sucursal del museo de arte contempor\u00e1neo situada en los muelles.<\/li>\n\n\n\n<li><a href=\"https:\/\/www.liverpoolfc.com\/info\/anfield\">Estadio de Anfield<\/a>: El legendario estadio del Liverpool FC, lugar de peregrinaci\u00f3n para los aficionados al f\u00fatbol.<\/li>\n\n\n\n<li><a href=\"https:\/\/liverbuildingtour.com\/\">Royal Liver Building<\/a>: Obra maestra de la arquitectura eduardiana y s\u00edmbolo de la ciudad.<\/li>\n<\/ul>\n\n<div style=\"height:10px\" aria-hidden=\"true\" class=\"wp-block-spacer\"><\/div>\n\n<h2 class=\"wp-block-heading\">Barrios para explorar<\/h2>\n\n<ul class=\"wp-block-list\">\n<li><strong>El Barrio Georgiano<\/strong>: Un barrio hist\u00f3rico con elegantes calles y bellos edificios antiguos.<\/li>\n\n\n\n<li><strong>Tri\u00e1ngulo B\u00e1ltico<\/strong>: Una zona de moda y en r\u00e1pido cambio, popular por su arte callejero, sus bares y sus actos culturales.<\/li>\n\n\n\n<li><strong>Ropewalks<\/strong>: Una animada zona con caf\u00e9s, restaurantes y clubes independientes.<\/li>\n\n\n\n<li><strong><strong>Frente mar\u00edtimo<\/strong><\/strong> A lo largo del Mersey, un espacio abierto que combina historia y modernidad.<\/li>\n<\/ul>\n\n<div style=\"height:10px\" aria-hidden=\"true\" class=\"wp-block-spacer\"><\/div>\n\n<h2 class=\"wp-block-heading\">Consejos pr\u00e1cticos<\/h2>\n\n<figure class=\"wp-block-table is-style-regular\"><table><tbody><tr><td><strong>Transporte<\/strong><\/td><td>La ciudad est\u00e1 bien comunicada por tren y autob\u00fas, y el centro es f\u00e1cilmente accesible a pie.<\/td><\/tr><tr><td><strong>Alojamiento<\/strong><\/td><td>Hoteles para todos los bolsillos, especialmente alrededor de los muelles o del centro hist\u00f3rico.<\/td><\/tr><tr><td><strong>Moneda<\/strong><\/td><td>Libra esterlina (\u00a3). Los pagos sin contacto son ampliamente aceptados. <\/td><\/tr><tr><td><strong>Idioma<\/strong><\/td><td>Ingl\u00e9s, con un acento local pronunciado y muy identificable.<\/td><\/tr><tr><td><strong>Formalidades<\/strong><\/td><td>Debes obtener un <a href=\"https:\/\/uk-gb.net\/es\/eta-inglaterra-reino-unido\/\">ETA del Reino Unido<\/a> o un <a href=\"https:\/\/uk-gb.net\/es\/visa-para-liverpool\/\">visado para Liverpool<\/a><\/td><\/tr><tr><td><strong>El tiempo<\/strong><\/td><td>Clima oce\u00e1nico, a menudo cambiante; lleva un mackintosh.<\/td><\/tr><\/tbody><\/table><\/figure>\n\n<div style=\"height:10px\" aria-hidden=\"true\" class=\"wp-block-spacer\"><\/div>\n\n<h2 class=\"wp-block-heading\">\u00bfD\u00f3nde comer?<\/h2>\n\n<ul class=\"wp-block-list\">\n<li><a href=\"https:\/\/www.mowglistreetfood.com\/restaurants\/liverpool-water-street\/\">Mowgli Street Food<\/a>: Ofrece una experiencia culinaria india moderna y deliciosa.<\/li>\n\n\n\n<li><a href=\"https:\/\/www.panoramic34.com\/\">Panoramic 34<\/a>: Restaurante panor\u00e1mico con vistas a la ciudad y al Mersey.<\/li>\n\n\n\n<li><a href=\"https:\/\/www.cavernclub.com\/\">The Cavern Club<\/a>: Para tomar una copa en un local de m\u00fasica legendario.<\/li>\n\n\n\n<li><a href=\"https:\/\/theartschoolrestaurant.co.uk\/\">La Escuela de Arte<\/a>: Gastronom\u00eda refinada en un entorno chic e \u00edntimo.<\/li>\n\n\n\n<li><a href=\"https:\/\/lunya.co.uk\/liverpool\/\">Lunya<\/a>: Tapas y productos catalanes en un ambiente c\u00e1lido.<\/li>\n<\/ul>\n\n<div style=\"height:10px\" aria-hidden=\"true\" class=\"wp-block-spacer\"><\/div>\n\n<h2 class=\"wp-block-heading\">\u00bfCu\u00e1ndo salir?<\/h2>\n\n<p>Liverpool es un lugar estupendo para visitar desde la primavera hasta el oto\u00f1o. El verano es perfecto para los festivales y los paseos por el Mersey. La primavera ofrece un clima suave ideal para visitas culturales, mientras que el oto\u00f1o deleita a los amantes de los museos y los ambientes acogedores. En invierno, los mercados navide\u00f1os y las decoraciones festivas a\u00f1aden un toque m\u00e1gico.   <\/p>\n\n<div style=\"height:10px\" aria-hidden=\"true\" class=\"wp-block-spacer\"><\/div>\n\n<h2 class=\"wp-block-heading\">\u00bfCu\u00e1les son los tr\u00e1mites para visitar Liverpool?<\/h2>\n\n<p>Como ocurre con cualquier entrada en el Reino Unido, los tr\u00e1mites para visitar Liverpool dependen de tu nacionalidad. Los nacionales de la Uni\u00f3n Europea, Estados Unidos, Canad\u00e1 y muchos otros pa\u00edses deben obtener ahora una <a href=\"https:\/\/uk-gb.net\/es\/eta-inglaterra-reino-unido\/\">autorizaci\u00f3n ETA<\/a> si no tienen visado. <\/p>\n\n<p>Esta medida se aplica a las estancias tur\u00edsticas inferiores a seis meses. El <a href=\"https:\/\/uk-gb.net\/es\/formulario-visado-eta-en-linea-inglaterra\/\">formulario ETA puede cumplimentarse en l\u00ednea<\/a> o mediante una <a href=\"https:\/\/uk-gb.net\/es\/aplicacion-iphone-visa-eta-inglaterra\/\">aplicaci\u00f3n digital UK ETA<\/a>. No se aplica a los ciudadanos irlandeses ni a los residentes en el Reino Unido. Aseg\u00farate de comprobar las condiciones antes de salir para evitar sorpresas desagradables.   <\/p>\n\n<p>Para m\u00e1s consejos o recomendaciones personalizadas, no dudes en consultar nuestras otras gu\u00edas sobre las principales ciudades inglesas. Nuestras gu\u00edas cubren <a href=\"https:\/\/uk-gb.net\/es\/londres\/\">Londres<\/a>, <a href=\"https:\/\/uk-gb.net\/es\/oxford\/\">Oxford<\/a> y <a href=\"https:\/\/uk-gb.net\/es\/manchester\/\">Manchester<\/a>. <\/p>\n","protected":false},"excerpt":{"rendered":"<p>Visita Liverpool, en el noroeste de Inglaterra Liverpool es una ciudad portuaria del noroeste de Inglaterra. Liverpool es un importante destino cultural, conocido en todo el mundo por ser la cuna de los Beatles. Impregnada de historia, orgullosa de su identidad mar\u00edtima y apasionada por el arte, la m\u00fasica y el f\u00fatbol, Liverpool es una [&hellip;]<\/p>\n","protected":false},"author":1,"featured_media":0,"parent":0,"menu_order":0,"comment_status":"closed","ping_status":"closed","template":"","meta":{"footnotes":""},"class_list":["post-4158","page","type-page","status-publish","hentry"],"yoast_head":"<!-- This site is optimized with the Yoast SEO plugin v27.3 - https:\/\/yoast.com\/product\/yoast-seo-wordpress\/ -->\n<title>Gu\u00eda de Liverpool - UK GB<\/title>\n<meta name=\"description\" content=\"Descubre la m\u00e1gica ciudad inglesa de Liverpool. Lista de los mejores lugares para una estancia estupenda en Liverpool.\" \/>\n<meta name=\"robots\" content=\"index, follow, max-snippet:-1, max-image-preview:large, max-video-preview:-1\" \/>\n<link rel=\"canonical\" href=\"https:\/\/uk-gb.net\/es\/liverpool\/\" \/>\n<meta property=\"og:locale\" content=\"es_ES\" \/>\n<meta property=\"og:type\" content=\"article\" \/>\n<meta property=\"og:title\" content=\"Gu\u00eda de Liverpool - UK GB\" \/>\n<meta property=\"og:description\" content=\"Descubre la m\u00e1gica ciudad inglesa de Liverpool. Lista de los mejores lugares para una estancia estupenda en Liverpool.\" \/>\n<meta property=\"og:url\" content=\"https:\/\/uk-gb.net\/es\/liverpool\/\" \/>\n<meta property=\"og:site_name\" content=\"UK GB\" \/>\n<meta property=\"article:modified_time\" content=\"2025-06-12T08:28:59+00:00\" \/>\n<meta property=\"og:image\" content=\"https:\/\/uk-gb.net\/wp-content\/uploads\/2025\/01\/Liverpool.jpg\" \/>\n\t<meta property=\"og:image:width\" content=\"2013\" \/>\n\t<meta property=\"og:image:height\" content=\"758\" \/>\n\t<meta property=\"og:image:type\" content=\"image\/jpeg\" \/>\n<meta name=\"twitter:card\" content=\"summary_large_image\" \/>\n<meta name=\"twitter:label1\" content=\"Tiempo de lectura\" \/>\n\t<meta name=\"twitter:data1\" content=\"3 minutos\" \/>\n<script type=\"application\/ld+json\" class=\"yoast-schema-graph\">{\"@context\":\"https:\\\/\\\/schema.org\",\"@graph\":[{\"@type\":\"WebPage\",\"@id\":\"https:\\\/\\\/uk-gb.net\\\/es\\\/liverpool\\\/\",\"url\":\"https:\\\/\\\/uk-gb.net\\\/es\\\/liverpool\\\/\",\"name\":\"Gu\u00eda de Liverpool - UK GB\",\"isPartOf\":{\"@id\":\"https:\\\/\\\/uk-gb.net\\\/es\\\/#website\"},\"primaryImageOfPage\":{\"@id\":\"https:\\\/\\\/uk-gb.net\\\/es\\\/liverpool\\\/#primaryimage\"},\"image\":{\"@id\":\"https:\\\/\\\/uk-gb.net\\\/es\\\/liverpool\\\/#primaryimage\"},\"thumbnailUrl\":\"https:\\\/\\\/uk-gb.net\\\/wp-content\\\/uploads\\\/2025\\\/01\\\/Liverpool-1024x386.jpg\",\"datePublished\":\"2025-01-11T14:38:52+00:00\",\"dateModified\":\"2025-06-12T08:28:59+00:00\",\"description\":\"Descubre la m\u00e1gica ciudad inglesa de Liverpool. Lista de los mejores lugares para una estancia estupenda en Liverpool.\",\"inLanguage\":\"es\",\"potentialAction\":[{\"@type\":\"ReadAction\",\"target\":[\"https:\\\/\\\/uk-gb.net\\\/es\\\/liverpool\\\/\"]}]},{\"@type\":\"ImageObject\",\"inLanguage\":\"es\",\"@id\":\"https:\\\/\\\/uk-gb.net\\\/es\\\/liverpool\\\/#primaryimage\",\"url\":\"https:\\\/\\\/uk-gb.net\\\/wp-content\\\/uploads\\\/2025\\\/01\\\/Liverpool-1024x386.jpg\",\"contentUrl\":\"https:\\\/\\\/uk-gb.net\\\/wp-content\\\/uploads\\\/2025\\\/01\\\/Liverpool-1024x386.jpg\"},{\"@type\":\"WebSite\",\"@id\":\"https:\\\/\\\/uk-gb.net\\\/es\\\/#website\",\"url\":\"https:\\\/\\\/uk-gb.net\\\/es\\\/\",\"name\":\"UK GB\",\"description\":\"Travel to the UK\",\"potentialAction\":[{\"@type\":\"SearchAction\",\"target\":{\"@type\":\"EntryPoint\",\"urlTemplate\":\"https:\\\/\\\/uk-gb.net\\\/es\\\/?s={search_term_string}\"},\"query-input\":{\"@type\":\"PropertyValueSpecification\",\"valueRequired\":true,\"valueName\":\"search_term_string\"}}],\"inLanguage\":\"es\"}]}<\/script>\n<!-- \/ Yoast SEO plugin. -->","yoast_head_json":{"title":"Gu\u00eda de Liverpool - UK GB","description":"Descubre la m\u00e1gica ciudad inglesa de Liverpool. Lista de los mejores lugares para una estancia estupenda en Liverpool.","robots":{"index":"index","follow":"follow","max-snippet":"max-snippet:-1","max-image-preview":"max-image-preview:large","max-video-preview":"max-video-preview:-1"},"canonical":"https:\/\/uk-gb.net\/es\/liverpool\/","og_locale":"es_ES","og_type":"article","og_title":"Gu\u00eda de Liverpool - UK GB","og_description":"Descubre la m\u00e1gica ciudad inglesa de Liverpool. Lista de los mejores lugares para una estancia estupenda en Liverpool.","og_url":"https:\/\/uk-gb.net\/es\/liverpool\/","og_site_name":"UK GB","article_modified_time":"2025-06-12T08:28:59+00:00","og_image":[{"width":2013,"height":758,"url":"https:\/\/uk-gb.net\/wp-content\/uploads\/2025\/01\/Liverpool.jpg","type":"image\/jpeg"}],"twitter_card":"summary_large_image","twitter_misc":{"Tiempo de lectura":"3 minutos"},"schema":{"@context":"https:\/\/schema.org","@graph":[{"@type":"WebPage","@id":"https:\/\/uk-gb.net\/es\/liverpool\/","url":"https:\/\/uk-gb.net\/es\/liverpool\/","name":"Gu\u00eda de Liverpool - UK GB","isPartOf":{"@id":"https:\/\/uk-gb.net\/es\/#website"},"primaryImageOfPage":{"@id":"https:\/\/uk-gb.net\/es\/liverpool\/#primaryimage"},"image":{"@id":"https:\/\/uk-gb.net\/es\/liverpool\/#primaryimage"},"thumbnailUrl":"https:\/\/uk-gb.net\/wp-content\/uploads\/2025\/01\/Liverpool-1024x386.jpg","datePublished":"2025-01-11T14:38:52+00:00","dateModified":"2025-06-12T08:28:59+00:00","description":"Descubre la m\u00e1gica ciudad inglesa de Liverpool. Lista de los mejores lugares para una estancia estupenda en Liverpool.","inLanguage":"es","potentialAction":[{"@type":"ReadAction","target":["https:\/\/uk-gb.net\/es\/liverpool\/"]}]},{"@type":"ImageObject","inLanguage":"es","@id":"https:\/\/uk-gb.net\/es\/liverpool\/#primaryimage","url":"https:\/\/uk-gb.net\/wp-content\/uploads\/2025\/01\/Liverpool-1024x386.jpg","contentUrl":"https:\/\/uk-gb.net\/wp-content\/uploads\/2025\/01\/Liverpool-1024x386.jpg"},{"@type":"WebSite","@id":"https:\/\/uk-gb.net\/es\/#website","url":"https:\/\/uk-gb.net\/es\/","name":"UK GB","description":"Travel to the UK","potentialAction":[{"@type":"SearchAction","target":{"@type":"EntryPoint","urlTemplate":"https:\/\/uk-gb.net\/es\/?s={search_term_string}"},"query-input":{"@type":"PropertyValueSpecification","valueRequired":true,"valueName":"search_term_string"}}],"inLanguage":"es"}]}},"_links":{"self":[{"href":"https:\/\/uk-gb.net\/es\/wp-json\/wp\/v2\/pages\/4158","targetHints":{"allow":["GET"]}}],"collection":[{"href":"https:\/\/uk-gb.net\/es\/wp-json\/wp\/v2\/pages"}],"about":[{"href":"https:\/\/uk-gb.net\/es\/wp-json\/wp\/v2\/types\/page"}],"author":[{"embeddable":true,"href":"https:\/\/uk-gb.net\/es\/wp-json\/wp\/v2\/users\/1"}],"replies":[{"embeddable":true,"href":"https:\/\/uk-gb.net\/es\/wp-json\/wp\/v2\/comments?post=4158"}],"version-history":[{"count":0,"href":"https:\/\/uk-gb.net\/es\/wp-json\/wp\/v2\/pages\/4158\/revisions"}],"wp:attachment":[{"href":"https:\/\/uk-gb.net\/es\/wp-json\/wp\/v2\/media?parent=4158"}],"curies":[{"name":"wp","href":"https:\/\/api.w.org\/{rel}","templated":true}]}}