{"id":412,"date":"2023-11-13T17:36:02","date_gmt":"2023-11-13T17:36:02","guid":{"rendered":"https:\/\/uk-gb.net\/avisos-legales\/"},"modified":"2025-07-17T15:24:02","modified_gmt":"2025-07-17T14:24:02","slug":"avisos-legales","status":"publish","type":"page","link":"https:\/\/uk-gb.net\/es\/avisos-legales\/","title":{"rendered":"Informaci\u00f3n jur\u00eddica"},"content":{"rendered":"\n<h1 class=\"wp-block-heading\">Notas legales<\/h1>\n\n<p>Publicamos un sitio web de informaci\u00f3n sobre estancias tur\u00edsticas en el Reino Unido. El sitio web y la empresa que lo explota son independientes de cualquier administraci\u00f3n p\u00fablica. No tienen ninguna relaci\u00f3n con la administraci\u00f3n brit\u00e1nica.  <\/p>\n\n<h2 class=\"wp-block-heading\">Editor del sitio web<\/h2>\n\n<p>El sitio est\u00e1 publicado por una empresa consultora registrada en Malta, dentro de la Comunidad Europea. Nuestro director de publicaci\u00f3n es el Sr. Manuel Borg.  Para ponerse en contacto con nosotros, utilice el <a href=\"https:\/\/uk-gb.net\/es\/contact\/\">formulario de contacto<\/a>.<\/p>\n\n<p>Somos un sitio web privado dedicado a proporcionar informaci\u00f3n.\nEl sitio web no ofrece servicios comerciales en l\u00ednea. <\/p>\n\n<p>El sitio contiene hiperv\u00ednculos publicitarios que pueden dirigir a los usuarios a sitios web externos de terceros: no somos responsables de sus pol\u00edticas de confidencialidad ni de sus pr\u00e1cticas comerciales.<\/p>\n\n<h2 class=\"wp-block-heading\">Tratamiento de datos personales<\/h2>\n\n<p>No recogemos datos personales a trav\u00e9s de formularios en l\u00ednea.\nEl \u00fanico formulario de nuestro sitio es un simple formulario de contacto.\nLa informaci\u00f3n introducida para ponerse en contacto con nosotros se elimina regularmente.\nLos visitantes tienen derecho a acceder, modificar, rectificar y suprimir estos datos.    Para ejercer este derecho, ponte en <a href=\"https:\/\/uk-gb.net\/es\/contact\/\">contacto con nosotros a trav\u00e9s del formulario de contacto<\/a>.<\/p>\n","protected":false},"excerpt":{"rendered":"<p>Notas legales Publicamos un sitio web de informaci\u00f3n sobre estancias tur\u00edsticas en el Reino Unido. El sitio web y la empresa que lo explota son independientes de cualquier administraci\u00f3n p\u00fablica. No tienen ninguna relaci\u00f3n con la administraci\u00f3n brit\u00e1nica. Editor del sitio web El sitio est\u00e1 publicado por una empresa consultora registrada en Malta, dentro de [&hellip;]<\/p>\n","protected":false},"author":1,"featured_media":0,"parent":0,"menu_order":0,"comment_status":"closed","ping_status":"closed","template":"","meta":{"footnotes":""},"class_list":["post-412","page","type-page","status-publish","hentry"],"yoast_head":"<!-- This site is optimized with the Yoast SEO plugin v27.3 - https:\/\/yoast.com\/product\/yoast-seo-wordpress\/ -->\n<title>Informaci\u00f3n jur\u00eddica - UK GB<\/title>\n<meta name=\"description\" content=\"Aviso legal del sitio web uk-gb.net\" \/>\n<meta name=\"robots\" content=\"noindex, nofollow\" \/>\n<meta property=\"og:locale\" content=\"es_ES\" \/>\n<meta property=\"og:type\" content=\"article\" \/>\n<meta property=\"og:title\" content=\"Informaci\u00f3n jur\u00eddica - UK GB\" \/>\n<meta property=\"og:description\" content=\"Aviso legal del sitio web uk-gb.net\" \/>\n<meta property=\"og:url\" content=\"https:\/\/uk-gb.net\/es\/avisos-legales\/\" \/>\n<meta property=\"og:site_name\" content=\"UK GB\" \/>\n<meta property=\"article:modified_time\" content=\"2025-07-17T14:24:02+00:00\" \/>\n<meta name=\"twitter:card\" content=\"summary_large_image\" \/>\n<meta name=\"twitter:label1\" content=\"Tiempo de lectura\" \/>\n\t<meta name=\"twitter:data1\" content=\"1 minuto\" \/>\n<script type=\"application\/ld+json\" class=\"yoast-schema-graph\">{\"@context\":\"https:\\\/\\\/schema.org\",\"@graph\":[{\"@type\":\"WebPage\",\"@id\":\"https:\\\/\\\/uk-gb.net\\\/es\\\/avisos-legales\\\/\",\"url\":\"https:\\\/\\\/uk-gb.net\\\/es\\\/avisos-legales\\\/\",\"name\":\"Informaci\u00f3n jur\u00eddica - UK GB\",\"isPartOf\":{\"@id\":\"https:\\\/\\\/uk-gb.net\\\/es\\\/#website\"},\"datePublished\":\"2023-11-13T17:36:02+00:00\",\"dateModified\":\"2025-07-17T14:24:02+00:00\",\"description\":\"Aviso legal del sitio web uk-gb.net\",\"inLanguage\":\"es\",\"potentialAction\":[{\"@type\":\"ReadAction\",\"target\":[\"https:\\\/\\\/uk-gb.net\\\/es\\\/avisos-legales\\\/\"]}]},{\"@type\":\"WebSite\",\"@id\":\"https:\\\/\\\/uk-gb.net\\\/es\\\/#website\",\"url\":\"https:\\\/\\\/uk-gb.net\\\/es\\\/\",\"name\":\"UK GB\",\"description\":\"Travel to the UK\",\"potentialAction\":[{\"@type\":\"SearchAction\",\"target\":{\"@type\":\"EntryPoint\",\"urlTemplate\":\"https:\\\/\\\/uk-gb.net\\\/es\\\/?s={search_term_string}\"},\"query-input\":{\"@type\":\"PropertyValueSpecification\",\"valueRequired\":true,\"valueName\":\"search_term_string\"}}],\"inLanguage\":\"es\"}]}<\/script>\n<!-- \/ Yoast SEO plugin. -->","yoast_head_json":{"title":"Informaci\u00f3n jur\u00eddica - UK GB","description":"Aviso legal del sitio web uk-gb.net","robots":{"index":"noindex","follow":"nofollow"},"og_locale":"es_ES","og_type":"article","og_title":"Informaci\u00f3n jur\u00eddica - UK GB","og_description":"Aviso legal del sitio web uk-gb.net","og_url":"https:\/\/uk-gb.net\/es\/avisos-legales\/","og_site_name":"UK GB","article_modified_time":"2025-07-17T14:24:02+00:00","twitter_card":"summary_large_image","twitter_misc":{"Tiempo de lectura":"1 minuto"},"schema":{"@context":"https:\/\/schema.org","@graph":[{"@type":"WebPage","@id":"https:\/\/uk-gb.net\/es\/avisos-legales\/","url":"https:\/\/uk-gb.net\/es\/avisos-legales\/","name":"Informaci\u00f3n jur\u00eddica - UK GB","isPartOf":{"@id":"https:\/\/uk-gb.net\/es\/#website"},"datePublished":"2023-11-13T17:36:02+00:00","dateModified":"2025-07-17T14:24:02+00:00","description":"Aviso legal del sitio web uk-gb.net","inLanguage":"es","potentialAction":[{"@type":"ReadAction","target":["https:\/\/uk-gb.net\/es\/avisos-legales\/"]}]},{"@type":"WebSite","@id":"https:\/\/uk-gb.net\/es\/#website","url":"https:\/\/uk-gb.net\/es\/","name":"UK GB","description":"Travel to the UK","potentialAction":[{"@type":"SearchAction","target":{"@type":"EntryPoint","urlTemplate":"https:\/\/uk-gb.net\/es\/?s={search_term_string}"},"query-input":{"@type":"PropertyValueSpecification","valueRequired":true,"valueName":"search_term_string"}}],"inLanguage":"es"}]}},"_links":{"self":[{"href":"https:\/\/uk-gb.net\/es\/wp-json\/wp\/v2\/pages\/412","targetHints":{"allow":["GET"]}}],"collection":[{"href":"https:\/\/uk-gb.net\/es\/wp-json\/wp\/v2\/pages"}],"about":[{"href":"https:\/\/uk-gb.net\/es\/wp-json\/wp\/v2\/types\/page"}],"author":[{"embeddable":true,"href":"https:\/\/uk-gb.net\/es\/wp-json\/wp\/v2\/users\/1"}],"replies":[{"embeddable":true,"href":"https:\/\/uk-gb.net\/es\/wp-json\/wp\/v2\/comments?post=412"}],"version-history":[{"count":0,"href":"https:\/\/uk-gb.net\/es\/wp-json\/wp\/v2\/pages\/412\/revisions"}],"wp:attachment":[{"href":"https:\/\/uk-gb.net\/es\/wp-json\/wp\/v2\/media?parent=412"}],"curies":[{"name":"wp","href":"https:\/\/api.w.org\/{rel}","templated":true}]}}