{"id":4088,"date":"2025-01-11T11:44:15","date_gmt":"2025-01-11T11:44:15","guid":{"rendered":"https:\/\/uk-gb.net\/manchester\/"},"modified":"2025-11-04T10:51:40","modified_gmt":"2025-11-04T10:51:40","slug":"manchester","status":"publish","type":"page","link":"https:\/\/uk-gb.net\/es\/manchester\/","title":{"rendered":"De visita en Manchester"},"content":{"rendered":"\n<h1 class=\"wp-block-heading\">Visita la ciudad de Manchester, en el norte de Inglaterra<\/h1>\n\n<p>Manchester, antigua ciudad industrial convertida en gran centro cultural, es ahora una de las ciudades m\u00e1s din\u00e1micas de Inglaterra. Conocida por su herencia obrera, su afici\u00f3n al f\u00fatbol, su legendaria escena musical y su energ\u00eda creativa, la ciudad atrae a viajeros en busca de autenticidad y de un ambiente urbano contempor\u00e1neo. Moderna, joven y llena de contrastes, M\u00e1nchester no deja indiferente a nadie.  <\/p>\n\n<figure class=\"wp-block-image size-large\"><img decoding=\"async\" src=\"https:\/\/uk-gb.net\/wp-content\/uploads\/2025\/01\/Manchester-1024x405.jpg\" alt=\"Ciudad de Manchester Norte\" class=\"wp-image-4058\"\/><figcaption class=\"wp-element-caption\">Ciudad de Manchester, en el norte de Inglaterra  <\/figcaption><\/figure>\n\n<h2 class=\"wp-block-heading\">\u00bfPor qu\u00e9 visitar Manchester?<\/h2>\n\n<p>Manchester es una ciudad con car\u00e1cter, que mezcla audazmente su pasado industrial con un renacimiento art\u00edstico. Sus museos interactivos, barrios de moda, caf\u00e9s independientes y ambiente relajado son muy atractivos. Tanto si vienes a descubrir las ra\u00edces del rock brit\u00e1nico, como si visitas sus legendarios estadios o exploras los viejos almacenes transformados en galer\u00edas, M\u00e1nchester es una visita obligada en cualquier <a href=\"https:\/\/uk-gb.net\/es\/\">viaje al Reino Unido<\/a>.  <\/p>\n\n<h2 class=\"wp-block-heading\">Los imprescindibles de Manchester<\/h2>\n\n<ul class=\"wp-block-list\">\n<li><a href=\"https:\/\/www.museum.manchester.ac.uk\/\">Museo de Manchester<\/a>: Un museo integral que combina historia natural, cultura y ciencia.<\/li>\n\n\n\n<li><a href=\"https:\/\/www.scienceandindustrymuseum.org.uk\/\">Museo de la Ciencia y la Industria<\/a>: Una fascinante visi\u00f3n de la historia industrial de la ciudad.<\/li>\n\n\n\n<li><a href=\"https:\/\/www.library.manchester.ac.uk\/rylands\/visit\/\">Biblioteca John Rylands<\/a>: Una magn\u00edfica biblioteca neog\u00f3tica digna de un plat\u00f3 de cine.<\/li>\n\n\n\n<li><a href=\"https:\/\/www.manutd.com\/en\/visit-old-trafford\">Estadio de Old Trafford<\/a>: el emblem\u00e1tico estadio de f\u00fatbol del Manchester United.<\/li>\n\n\n\n<li><a href=\"https:\/\/www.mancity.com\/etihad-stadium\">Estadio Etihad<\/a>: El hogar del otro gran equipo del club de f\u00fatbol Manchester City.<\/li>\n\n\n\n<li><a href=\"https:\/\/northernquartermanchester.com\/\">Northern Quarter<\/a>: Un barrio creativo conocido por sus murales, tiendas de segunda mano y tiendas de discos.<\/li>\n<\/ul>\n\n<div style=\"height:10px\" aria-hidden=\"true\" class=\"wp-block-spacer\"><\/div>\n\n<h2 class=\"wp-block-heading\">Barrios para explorar<\/h2>\n\n<ul class=\"wp-block-list\">\n<li><strong>Barrio Norte<\/strong>: Un lugar de moda con un ambiente art\u00edstico alternativo.<\/li>\n\n\n\n<li><strong>Ancoats<\/strong>: Barrio renovado, popular por sus restaurantes, caf\u00e9s y lofts.<\/li>\n\n\n\n<li><strong>Castlefield <\/strong>: Un barrio hist\u00f3rico junto al canal, tranquilo y frondoso.<\/li>\n\n\n\n<li><strong>Spinningfields<\/strong>: Moderno distrito de negocios con restaurantes, bares chic y boutiques.<\/li>\n\n\n\n<li><strong>Chinatown<\/strong>: Uno de los barrios chinos m\u00e1s grandes y coloridos del Reino Unido.<\/li>\n<\/ul>\n\n<div style=\"height:10px\" aria-hidden=\"true\" class=\"wp-block-spacer\"><\/div>\n\n<h2 class=\"wp-block-heading\">Consejos pr\u00e1cticos para visitar Manchester<\/h2>\n\n<figure class=\"wp-block-table is-style-regular\"><table><tbody><tr><td><strong>Transporte<\/strong><\/td><td>Tranv\u00edas, autobuses y trenes bien comunicados; centro de la ciudad a poca distancia a pie.<\/td><\/tr><tr><td><strong>Alojamiento<\/strong><\/td><td>Una amplia gama de opciones, desde econ\u00f3micas a lujosas, en todos los distritos c\u00e9ntricos.<\/td><\/tr><tr><td><strong>Moneda<\/strong><\/td><td>Libra esterlina (\u00a3). Pago sin contacto generalizado. <\/td><\/tr><tr><td><strong>Visa<\/strong><\/td><td>El <a href=\"https:\/\/uk-gb.net\/es\/visado-para-manchester\/\">visado para Manchester<\/a> no es necesario para una visita tur\u00edstica<\/td><\/tr><tr><td><strong>El tiempo<\/strong><\/td><td>Clima h\u00famedo; lleva un mackintosh incluso en verano.<\/td><\/tr><\/tbody><\/table><\/figure>\n\n<div style=\"height:10px\" aria-hidden=\"true\" class=\"wp-block-spacer\"><\/div>\n\n<h2 class=\"wp-block-heading\">\u00bfD\u00f3nde comer en Manchester?<\/h2>\n\n<ul class=\"wp-block-list\">\n<li><a href=\"https:\/\/www.rudyspizza.co.uk\/\">Rudy&#8217;s Neapolitan Pizza<\/a>: Imprescindible para los amantes de la aut\u00e9ntica pizza napolitana.<\/li>\n\n\n\n<li><a href=\"https:\/\/www.refugemcr.co.uk\/\">El Refugio<\/a>: Cocina creativa en un magn\u00edfico entorno Art Dec\u00f3.<\/li>\n\n\n\n<li><a href=\"https:\/\/www.instagram.com\/mackiemayor\/?hl=en\">Mackie Mayor<\/a>: Un moderno sal\u00f3n de comidas con una amplia gama de puestos.<\/li>\n\n\n\n<li><a href=\"https:\/\/tattu.co.uk\/locations\/manchester\/\">Tattu<\/a>: Cocina asi\u00e1tica contempor\u00e1nea en un entorno espectacular.<\/li>\n\n\n\n<li><a href=\"https:\/\/bundobust.com\/manchester\/\">Bundobust<\/a>: Comida callejera vegetariana india en un ambiente relajado.<\/li>\n<\/ul>\n\n<div style=\"height:10px\" aria-hidden=\"true\" class=\"wp-block-spacer\"><\/div>\n\n<h2 class=\"wp-block-heading\">\u00bfCu\u00e1ndo salir?<\/h2>\n\n<p>M\u00e1nchester puede visitarse durante todo el a\u00f1o, pero la primavera y el verano son ideales para disfrutar de festivales y actividades al aire libre. El oto\u00f1o es perfecto para explorar sus museos y pintorescos barrios, mientras que el invierno ofrece un ambiente c\u00e1lido, especialmente en los famosos mercados navide\u00f1os de la ciudad. <\/p>\n\n<h2 class=\"wp-block-heading\">Ten en cuenta<\/h2>\n\n<p>Los tr\u00e1mites para visitar Manchester dependen de tu nacionalidad. Los nacionales de la Uni\u00f3n Europea, Estados Unidos, Canad\u00e1 y muchos otros pa\u00edses deben obtener ahora una <a href=\"https:\/\/uk-gb.net\/es\/eta-inglaterra-reino-unido\/\">Autorizaci\u00f3n Electr\u00f3nica de Viaje (ETA)<\/a> si no tienen <a href=\"https:\/\/uk-gb.net\/es\/visado-reino-unido\/\">visado para Inglaterra<\/a>. <\/p>\n\n<p>La ETA para el Reino Unido puede solicitarse en l\u00ednea o a trav\u00e9s <a href=\"https:\/\/uk-gb.net\/es\/aplicacion-iphone-visa-eta-inglaterra\/\">de la aplicaci\u00f3n oficial para IPhone<\/a>. Los ciudadanos irlandeses y los residentes en el Reino Unido no se ven afectados.<\/p>\n\n<p>Para m\u00e1s consejos o recomendaciones personalizadas, no dudes en consultar nuestras otras gu\u00edas sobre las principales ciudades inglesas. Nuestras gu\u00edas cubren <a href=\"https:\/\/uk-gb.net\/es\/londres\/\">Londres<\/a>, <a href=\"https:\/\/uk-gb.net\/es\/oxford\/\">Oxford<\/a> y <a href=\"https:\/\/uk-gb.net\/es\/liverpool\/\">Liverpool<\/a>. <\/p>\n\n<p><\/p>\n","protected":false},"excerpt":{"rendered":"<p>Visita la ciudad de Manchester, en el norte de Inglaterra Manchester, antigua ciudad industrial convertida en gran centro cultural, es ahora una de las ciudades m\u00e1s din\u00e1micas de Inglaterra. Conocida por su herencia obrera, su afici\u00f3n al f\u00fatbol, su legendaria escena musical y su energ\u00eda creativa, la ciudad atrae a viajeros en busca de autenticidad [&hellip;]<\/p>\n","protected":false},"author":1,"featured_media":0,"parent":0,"menu_order":0,"comment_status":"closed","ping_status":"closed","template":"","meta":{"footnotes":""},"class_list":["post-4088","page","type-page","status-publish","hentry"],"yoast_head":"<!-- This site is optimized with the Yoast SEO plugin v27.3 - https:\/\/yoast.com\/product\/yoast-seo-wordpress\/ -->\n<title>De visita en Manchester - UK GB<\/title>\n<meta name=\"description\" content=\"Descubre la ciudad inglesa de Manchester, con su pasado industrial y su renacimiento art\u00edstico de moda.\" \/>\n<meta name=\"robots\" content=\"index, follow, max-snippet:-1, max-image-preview:large, max-video-preview:-1\" \/>\n<link rel=\"canonical\" href=\"https:\/\/uk-gb.net\/es\/manchester\/\" \/>\n<meta property=\"og:locale\" content=\"es_ES\" \/>\n<meta property=\"og:type\" content=\"article\" \/>\n<meta property=\"og:title\" content=\"De visita en Manchester - UK GB\" \/>\n<meta property=\"og:description\" content=\"Descubre la ciudad inglesa de Manchester, con su pasado industrial y su renacimiento art\u00edstico de moda.\" \/>\n<meta property=\"og:url\" content=\"https:\/\/uk-gb.net\/es\/manchester\/\" \/>\n<meta property=\"og:site_name\" content=\"UK GB\" \/>\n<meta property=\"article:modified_time\" content=\"2025-11-04T10:51:40+00:00\" \/>\n<meta property=\"og:image\" content=\"https:\/\/uk-gb.net\/wp-content\/uploads\/2025\/01\/Manchester-e1747991434136.jpg\" \/>\n\t<meta property=\"og:image:width\" content=\"1455\" \/>\n\t<meta property=\"og:image:height\" content=\"640\" \/>\n\t<meta property=\"og:image:type\" content=\"image\/jpeg\" \/>\n<meta name=\"twitter:card\" content=\"summary_large_image\" \/>\n<meta name=\"twitter:label1\" content=\"Tiempo de lectura\" \/>\n\t<meta name=\"twitter:data1\" content=\"3 minutos\" \/>\n<script type=\"application\/ld+json\" class=\"yoast-schema-graph\">{\"@context\":\"https:\\\/\\\/schema.org\",\"@graph\":[{\"@type\":\"WebPage\",\"@id\":\"https:\\\/\\\/uk-gb.net\\\/es\\\/manchester\\\/\",\"url\":\"https:\\\/\\\/uk-gb.net\\\/es\\\/manchester\\\/\",\"name\":\"De visita en Manchester - UK GB\",\"isPartOf\":{\"@id\":\"https:\\\/\\\/uk-gb.net\\\/es\\\/#website\"},\"primaryImageOfPage\":{\"@id\":\"https:\\\/\\\/uk-gb.net\\\/es\\\/manchester\\\/#primaryimage\"},\"image\":{\"@id\":\"https:\\\/\\\/uk-gb.net\\\/es\\\/manchester\\\/#primaryimage\"},\"thumbnailUrl\":\"https:\\\/\\\/uk-gb.net\\\/wp-content\\\/uploads\\\/2025\\\/01\\\/Manchester-1024x405.jpg\",\"datePublished\":\"2025-01-11T11:44:15+00:00\",\"dateModified\":\"2025-11-04T10:51:40+00:00\",\"description\":\"Descubre la ciudad inglesa de Manchester, con su pasado industrial y su renacimiento art\u00edstico de moda.\",\"inLanguage\":\"es\",\"potentialAction\":[{\"@type\":\"ReadAction\",\"target\":[\"https:\\\/\\\/uk-gb.net\\\/es\\\/manchester\\\/\"]}]},{\"@type\":\"ImageObject\",\"inLanguage\":\"es\",\"@id\":\"https:\\\/\\\/uk-gb.net\\\/es\\\/manchester\\\/#primaryimage\",\"url\":\"https:\\\/\\\/uk-gb.net\\\/wp-content\\\/uploads\\\/2025\\\/01\\\/Manchester-1024x405.jpg\",\"contentUrl\":\"https:\\\/\\\/uk-gb.net\\\/wp-content\\\/uploads\\\/2025\\\/01\\\/Manchester-1024x405.jpg\"},{\"@type\":\"WebSite\",\"@id\":\"https:\\\/\\\/uk-gb.net\\\/es\\\/#website\",\"url\":\"https:\\\/\\\/uk-gb.net\\\/es\\\/\",\"name\":\"UK GB\",\"description\":\"Travel to the UK\",\"potentialAction\":[{\"@type\":\"SearchAction\",\"target\":{\"@type\":\"EntryPoint\",\"urlTemplate\":\"https:\\\/\\\/uk-gb.net\\\/es\\\/?s={search_term_string}\"},\"query-input\":{\"@type\":\"PropertyValueSpecification\",\"valueRequired\":true,\"valueName\":\"search_term_string\"}}],\"inLanguage\":\"es\"}]}<\/script>\n<!-- \/ Yoast SEO plugin. -->","yoast_head_json":{"title":"De visita en Manchester - UK GB","description":"Descubre la ciudad inglesa de Manchester, con su pasado industrial y su renacimiento art\u00edstico de moda.","robots":{"index":"index","follow":"follow","max-snippet":"max-snippet:-1","max-image-preview":"max-image-preview:large","max-video-preview":"max-video-preview:-1"},"canonical":"https:\/\/uk-gb.net\/es\/manchester\/","og_locale":"es_ES","og_type":"article","og_title":"De visita en Manchester - UK GB","og_description":"Descubre la ciudad inglesa de Manchester, con su pasado industrial y su renacimiento art\u00edstico de moda.","og_url":"https:\/\/uk-gb.net\/es\/manchester\/","og_site_name":"UK GB","article_modified_time":"2025-11-04T10:51:40+00:00","og_image":[{"width":1455,"height":640,"url":"https:\/\/uk-gb.net\/wp-content\/uploads\/2025\/01\/Manchester-e1747991434136.jpg","type":"image\/jpeg"}],"twitter_card":"summary_large_image","twitter_misc":{"Tiempo de lectura":"3 minutos"},"schema":{"@context":"https:\/\/schema.org","@graph":[{"@type":"WebPage","@id":"https:\/\/uk-gb.net\/es\/manchester\/","url":"https:\/\/uk-gb.net\/es\/manchester\/","name":"De visita en Manchester - UK GB","isPartOf":{"@id":"https:\/\/uk-gb.net\/es\/#website"},"primaryImageOfPage":{"@id":"https:\/\/uk-gb.net\/es\/manchester\/#primaryimage"},"image":{"@id":"https:\/\/uk-gb.net\/es\/manchester\/#primaryimage"},"thumbnailUrl":"https:\/\/uk-gb.net\/wp-content\/uploads\/2025\/01\/Manchester-1024x405.jpg","datePublished":"2025-01-11T11:44:15+00:00","dateModified":"2025-11-04T10:51:40+00:00","description":"Descubre la ciudad inglesa de Manchester, con su pasado industrial y su renacimiento art\u00edstico de moda.","inLanguage":"es","potentialAction":[{"@type":"ReadAction","target":["https:\/\/uk-gb.net\/es\/manchester\/"]}]},{"@type":"ImageObject","inLanguage":"es","@id":"https:\/\/uk-gb.net\/es\/manchester\/#primaryimage","url":"https:\/\/uk-gb.net\/wp-content\/uploads\/2025\/01\/Manchester-1024x405.jpg","contentUrl":"https:\/\/uk-gb.net\/wp-content\/uploads\/2025\/01\/Manchester-1024x405.jpg"},{"@type":"WebSite","@id":"https:\/\/uk-gb.net\/es\/#website","url":"https:\/\/uk-gb.net\/es\/","name":"UK GB","description":"Travel to the UK","potentialAction":[{"@type":"SearchAction","target":{"@type":"EntryPoint","urlTemplate":"https:\/\/uk-gb.net\/es\/?s={search_term_string}"},"query-input":{"@type":"PropertyValueSpecification","valueRequired":true,"valueName":"search_term_string"}}],"inLanguage":"es"}]}},"_links":{"self":[{"href":"https:\/\/uk-gb.net\/es\/wp-json\/wp\/v2\/pages\/4088","targetHints":{"allow":["GET"]}}],"collection":[{"href":"https:\/\/uk-gb.net\/es\/wp-json\/wp\/v2\/pages"}],"about":[{"href":"https:\/\/uk-gb.net\/es\/wp-json\/wp\/v2\/types\/page"}],"author":[{"embeddable":true,"href":"https:\/\/uk-gb.net\/es\/wp-json\/wp\/v2\/users\/1"}],"replies":[{"embeddable":true,"href":"https:\/\/uk-gb.net\/es\/wp-json\/wp\/v2\/comments?post=4088"}],"version-history":[{"count":0,"href":"https:\/\/uk-gb.net\/es\/wp-json\/wp\/v2\/pages\/4088\/revisions"}],"wp:attachment":[{"href":"https:\/\/uk-gb.net\/es\/wp-json\/wp\/v2\/media?parent=4088"}],"curies":[{"name":"wp","href":"https:\/\/api.w.org\/{rel}","templated":true}]}}