{"id":3916,"date":"2025-01-11T11:00:01","date_gmt":"2025-01-11T11:00:01","guid":{"rendered":"https:\/\/uk-gb.net\/londres\/"},"modified":"2025-06-09T09:29:30","modified_gmt":"2025-06-09T08:29:30","slug":"londres","status":"publish","type":"page","link":"https:\/\/uk-gb.net\/es\/londres\/","title":{"rendered":"Gu\u00eda de viajes de Londres"},"content":{"rendered":"\n<h1 class=\"wp-block-heading\">Visita la ciudad de Londres en el Reino de Inglaterra<\/h1>\n\n<p>Capital vibrante e influyente, Londres es una encrucijada cultural e hist\u00f3rica. Ciudad de m\u00faltiples facetas, mezcla audazmente la herencia real con la creatividad contempor\u00e1nea. Desde lugares emblem\u00e1ticos como el Big Ben y la Torre de Londres hasta galer\u00edas de arte vanguardistas y barrios cosmopolitas, la capital brit\u00e1nica cautiva tanto por su diversidad como por su energ\u00eda. Tanto si eres un amante de la historia, los museos, la gastronom\u00eda o el entretenimiento, Londres promete una experiencia rica e inagotable.   <\/p>\n\n<figure class=\"wp-block-image size-large\"><img decoding=\"async\" src=\"https:\/\/uk-gb.net\/wp-content\/uploads\/2025\/01\/London-1024x469.jpeg\" alt=\"Ciudad de Londres\" class=\"wp-image-3893\"\/><figcaption class=\"wp-element-caption\">Ciudad de Londres, Inglaterra<\/figcaption><\/figure>\n\n<h2 class=\"wp-block-heading\">\u00bfPor qu\u00e9 visitar Londres?<\/h2>\n\n<p>Londres es un destino con clase propia, que ofrece una gran variedad de experiencias en cada esquina. Encanta a los aficionados a la historia con sus palacios y museos, atrae a los compradores con sus mercados y grandes almacenes, y deleita a los gourmets con su escena culinaria ultradiversa. Tanto si viajas en familia, en pareja o en solitario, Londres es una ciudad de la que siempre vuelves con la sensaci\u00f3n de haber visto s\u00f3lo una parte de lo que ofrece.  <\/p>\n\n<h2 class=\"wp-block-heading\">Lugares imprescindibles de Londres<\/h2>\n\n<ul class=\"wp-block-list\">\n<li><a href=\"https:\/\/www.rct.uk\/visit\/buckingham-palace\">Palacio de Buckingham<\/a>: Residencia oficial de la monarqu\u00eda brit\u00e1nica.<\/li>\n\n\n\n<li><a href=\"https:\/\/www.parliament.uk\/about\/living-heritage\/building\/palace\/big-ben\/\">El Big Ben<\/a> y el <a href=\"https:\/\/www.parliament.uk\/about\/living-heritage\/building\/palace\/\">Palacio de Westminster<\/a>: Uno de los s\u00edmbolos m\u00e1s reconocidos de la ciudad.<\/li>\n\n\n\n<li><a href=\"https:\/\/www.hrp.org.uk\/tower-of-london\/#gs.j42e6u\">La Torre de Londres<\/a>: Una fortaleza milenaria que alberga las Joyas de la Corona.<\/li>\n\n\n\n<li><a href=\"https:\/\/www.westminster-abbey.org\/fr\/visit-us\/\">Abad\u00eda de Westminster<\/a>: Esta antigua abad\u00eda es un hito de la historia brit\u00e1nica.<\/li>\n\n\n\n<li><a href=\"https:\/\/www.londoneye.com\/\">London Eye<\/a>: Una emblem\u00e1tica noria que ofrece vistas panor\u00e1micas de la ciudad.<\/li>\n\n\n\n<li><a href=\"https:\/\/www.britishmuseum.org\/\">Museo Brit\u00e1nico<\/a>: Un museo gratuito con impresionantes colecciones de todo el mundo.<\/li>\n<\/ul>\n\n<div style=\"height:10px\" aria-hidden=\"true\" class=\"wp-block-spacer\"><\/div>\n\n<h2 class=\"wp-block-heading\">Barrios para explorar<\/h2>\n\n<ul class=\"wp-block-list\">\n<li><strong>Notting Hill<\/strong>: Un barrio colorido y pintoresco, famoso por su mercado de Portobello Road.<\/li>\n\n\n\n<li><strong>Camden<\/strong>: barrio alternativo con mercados de moda y una escena musical underground.<\/li>\n\n\n\n<li><strong>South Bank<\/strong>: Ribera cultural con el Shakespeare&#8217;s Globe, el London Eye y la Tate Modern.<\/li>\n\n\n\n<li><strong>Soho<\/strong>: El coraz\u00f3n de la vida nocturna de Londres, con sus teatros y bares de moda.<\/li>\n\n\n\n<li><strong>Covent Garden<\/strong>: Conocido por sus artistas callejeros, sus boutiques \u00fanicas y su animado ambiente.<\/li>\n<\/ul>\n\n<div style=\"height:10px\" aria-hidden=\"true\" class=\"wp-block-spacer\"><\/div>\n\n<h2 class=\"wp-block-heading\">Consejos pr\u00e1cticos para visitar Londres<\/h2>\n\n<figure class=\"wp-block-table is-style-regular\"><table><tbody><tr><th>Aspecto<\/th><th>Detalles<\/th><\/tr><tr><td><strong>Transporte<\/strong><\/td><td>Red de metro, autobuses rojos, trenes y bicicletas de autoservicio. Se recomienda la <a href=\"https:\/\/oyster.tfl.gov.uk\/oyster\/entry.do\">tarjeta Oyster<\/a>.<\/td><\/tr><tr><td><strong>Alojamiento<\/strong><\/td><td>Una amplia gama de opciones: albergues, hoteles boutique, establecimientos de lujo.<\/td><\/tr><tr><td><strong>Moneda<\/strong><\/td><td>Libra esterlina (\u00a3). Los pagos sin contacto est\u00e1n muy extendidos. <\/td><\/tr><tr><td><strong>Visa<\/strong><\/td><td>Comprueba si necesitas una <a href=\"https:\/\/uk-gb.net\/es\/eta-inglaterra-reino-unido\/\">ETA brit\u00e1nica<\/a> o un <a href=\"https:\/\/uk-gb.net\/es\/visado-para-londres\/\">visado para Londres<\/a><\/td><\/tr><tr><td><strong>Tomas de corriente<\/strong><\/td><td>Tipo G (adaptador recomendado).<\/td><\/tr><tr><td><strong>El tiempo<\/strong><\/td><td>Lleva ropa adecuada para la lluvia, que es habitual durante todo el a\u00f1o.<\/td><\/tr><\/tbody><\/table><\/figure>\n\n<div style=\"height:10px\" aria-hidden=\"true\" class=\"wp-block-spacer\"><\/div>\n\n<h2 class=\"wp-block-heading\">\u00bfD\u00f3nde comer en Londres?<\/h2>\n\n<ul class=\"wp-block-list\">\n<li><a href=\"https:\/\/www.thewolseley.com\/\">The Wolseley<\/a>: instituci\u00f3n londinense para desayunar o tomar el t\u00e9 de la tarde.<\/li>\n\n\n\n<li><a href=\"https:\/\/sketch.london\/\">Boceto<\/a>: Gastronom\u00eda y arte contempor\u00e1neo en un entorno \u00fanico.<\/li>\n\n\n\n<li><a href=\"https:\/\/flatironsteak.co.uk\/\">Flat Iron<\/a>: Un lugar popular para disfrutar de un filete de calidad a un precio razonable.<\/li>\n\n\n\n<li><a href=\"https:\/\/boroughmarket.org.uk\/\">Borough Market<\/a>: Templo de la comida callejera y los productos artesanales.<\/li>\n\n\n\n<li><a href=\"https:\/\/www.dishoom.com\/\">Dishoom<\/a>: Un popular restaurante indio, homenaje a los caf\u00e9s de Bombay.<\/li>\n<\/ul>\n\n<div style=\"height:10px\" aria-hidden=\"true\" class=\"wp-block-spacer\"><\/div>\n\n<h2 class=\"wp-block-heading\">\u00bfCu\u00e1ndo ir a Londres?<\/h2>\n\n<p>Londres puede visitarse en cualquier estaci\u00f3n. La primavera es encantadora con sus parques en flor, mientras que el verano ofrece festivales, terrazas y eventos al aire libre. El oto\u00f1o revela colores sublimes en los Jardines Reales. El invierno es m\u00e1gico con sus luces navide\u00f1as, sus mercados festivos y los escaparates de los grandes almacenes.   <\/p>\n\n<h2 class=\"wp-block-heading\">Conclusi\u00f3n<\/h2>\n\n<p><a href=\"https:\/\/www.london.gov.uk\/\">Londres<\/a> es una ciudad mundial, en constante movimiento, que ofrece un abanico infinito de experiencias culturales, hist\u00f3ricas y humanas. M\u00e1s grande y diversa que ciudades como <a href=\"https:\/\/uk-gb.net\/es\/oxford\/\">Oxford<\/a> o Cambridge, m\u00e1s internacional que <a href=\"https:\/\/uk-gb.net\/es\/manchester\/\">Manchester<\/a> o Edimburgo, encarna la esencia del Reino Unido contempor\u00e1neo. Prepara tu estancia, porque Londres no es un lugar para visitar: es un lugar para experimentar.  <\/p>\n\n<p>Los tr\u00e1mites para visitar Londres dependen de tu nacionalidad. Los ciudadanos de la Uni\u00f3n Europea y de muchos otros pa\u00edses deben obtener una <a href=\"https:\/\/uk-gb.net\/es\/eta-inglaterra-reino-unido\/\">Autorizaci\u00f3n Electr\u00f3nica de Viaje (ETA)<\/a> si no tienen <a href=\"https:\/\/uk-gb.net\/es\/visado-para-londres\/\">visado para Londres<\/a>. <\/p>\n\n<p>La ETA para el Reino Unido debe solicitarse por internet a trav\u00e9s <a href=\"https:\/\/uk-gb.net\/es\/aplicacion-iphone-visa-eta-inglaterra\/\">de la aplicaci\u00f3n oficial para IPhone<\/a>. Los ciudadanos irlandeses y los residentes en el Reino Unido no est\u00e1n afectados. <\/p>\n","protected":false},"excerpt":{"rendered":"<p>Visita la ciudad de Londres en el Reino de Inglaterra Capital vibrante e influyente, Londres es una encrucijada cultural e hist\u00f3rica. Ciudad de m\u00faltiples facetas, mezcla audazmente la herencia real con la creatividad contempor\u00e1nea. Desde lugares emblem\u00e1ticos como el Big Ben y la Torre de Londres hasta galer\u00edas de arte vanguardistas y barrios cosmopolitas, la [&hellip;]<\/p>\n","protected":false},"author":1,"featured_media":0,"parent":0,"menu_order":0,"comment_status":"closed","ping_status":"closed","template":"","meta":{"footnotes":""},"class_list":["post-3916","page","type-page","status-publish","hentry"],"yoast_head":"<!-- This site is optimized with the Yoast SEO plugin v27.4 - https:\/\/yoast.com\/product\/yoast-seo-wordpress\/ -->\n<title>Gu\u00eda de viajes de Londres - UK GB<\/title>\n<meta name=\"description\" content=\"Toda la informaci\u00f3n tur\u00edstica que necesitas para aprovechar al m\u00e1ximo tu estancia en esta capital cultural e hist\u00f3rica.\" \/>\n<meta name=\"robots\" content=\"index, follow, max-snippet:-1, max-image-preview:large, max-video-preview:-1\" \/>\n<link rel=\"canonical\" href=\"https:\/\/uk-gb.net\/es\/londres\/\" \/>\n<meta property=\"og:locale\" content=\"es_ES\" \/>\n<meta property=\"og:type\" content=\"article\" \/>\n<meta property=\"og:title\" content=\"Gu\u00eda de viajes de Londres - UK GB\" \/>\n<meta property=\"og:description\" content=\"Toda la informaci\u00f3n tur\u00edstica que necesitas para aprovechar al m\u00e1ximo tu estancia en esta capital cultural e hist\u00f3rica.\" \/>\n<meta property=\"og:url\" content=\"https:\/\/uk-gb.net\/es\/londres\/\" \/>\n<meta property=\"og:site_name\" content=\"UK GB\" \/>\n<meta property=\"article:modified_time\" content=\"2025-06-09T08:29:30+00:00\" \/>\n<meta property=\"og:image\" content=\"https:\/\/uk-gb.net\/wp-content\/uploads\/2025\/01\/London-scaled-e1747988544474.jpeg\" \/>\n\t<meta property=\"og:image:width\" content=\"2103\" \/>\n\t<meta property=\"og:image:height\" content=\"1028\" \/>\n\t<meta property=\"og:image:type\" content=\"image\/jpeg\" \/>\n<meta name=\"twitter:card\" content=\"summary_large_image\" \/>\n<meta name=\"twitter:label1\" content=\"Tiempo de lectura\" \/>\n\t<meta name=\"twitter:data1\" content=\"3 minutos\" \/>\n<script type=\"application\/ld+json\" class=\"yoast-schema-graph\">{\"@context\":\"https:\\\/\\\/schema.org\",\"@graph\":[{\"@type\":\"WebPage\",\"@id\":\"https:\\\/\\\/uk-gb.net\\\/es\\\/londres\\\/\",\"url\":\"https:\\\/\\\/uk-gb.net\\\/es\\\/londres\\\/\",\"name\":\"Gu\u00eda de viajes de Londres - UK GB\",\"isPartOf\":{\"@id\":\"https:\\\/\\\/uk-gb.net\\\/es\\\/#website\"},\"primaryImageOfPage\":{\"@id\":\"https:\\\/\\\/uk-gb.net\\\/es\\\/londres\\\/#primaryimage\"},\"image\":{\"@id\":\"https:\\\/\\\/uk-gb.net\\\/es\\\/londres\\\/#primaryimage\"},\"thumbnailUrl\":\"https:\\\/\\\/uk-gb.net\\\/wp-content\\\/uploads\\\/2025\\\/01\\\/London-1024x469.jpeg\",\"datePublished\":\"2025-01-11T11:00:01+00:00\",\"dateModified\":\"2025-06-09T08:29:30+00:00\",\"description\":\"Toda la informaci\u00f3n tur\u00edstica que necesitas para aprovechar al m\u00e1ximo tu estancia en esta capital cultural e hist\u00f3rica.\",\"inLanguage\":\"es\",\"potentialAction\":[{\"@type\":\"ReadAction\",\"target\":[\"https:\\\/\\\/uk-gb.net\\\/es\\\/londres\\\/\"]}]},{\"@type\":\"ImageObject\",\"inLanguage\":\"es\",\"@id\":\"https:\\\/\\\/uk-gb.net\\\/es\\\/londres\\\/#primaryimage\",\"url\":\"https:\\\/\\\/uk-gb.net\\\/wp-content\\\/uploads\\\/2025\\\/01\\\/London-1024x469.jpeg\",\"contentUrl\":\"https:\\\/\\\/uk-gb.net\\\/wp-content\\\/uploads\\\/2025\\\/01\\\/London-1024x469.jpeg\"},{\"@type\":\"WebSite\",\"@id\":\"https:\\\/\\\/uk-gb.net\\\/es\\\/#website\",\"url\":\"https:\\\/\\\/uk-gb.net\\\/es\\\/\",\"name\":\"UK GB\",\"description\":\"Travel to the UK\",\"potentialAction\":[{\"@type\":\"SearchAction\",\"target\":{\"@type\":\"EntryPoint\",\"urlTemplate\":\"https:\\\/\\\/uk-gb.net\\\/es\\\/?s={search_term_string}\"},\"query-input\":{\"@type\":\"PropertyValueSpecification\",\"valueRequired\":true,\"valueName\":\"search_term_string\"}}],\"inLanguage\":\"es\"}]}<\/script>\n<!-- \/ Yoast SEO plugin. -->","yoast_head_json":{"title":"Gu\u00eda de viajes de Londres - UK GB","description":"Toda la informaci\u00f3n tur\u00edstica que necesitas para aprovechar al m\u00e1ximo tu estancia en esta capital cultural e hist\u00f3rica.","robots":{"index":"index","follow":"follow","max-snippet":"max-snippet:-1","max-image-preview":"max-image-preview:large","max-video-preview":"max-video-preview:-1"},"canonical":"https:\/\/uk-gb.net\/es\/londres\/","og_locale":"es_ES","og_type":"article","og_title":"Gu\u00eda de viajes de Londres - UK GB","og_description":"Toda la informaci\u00f3n tur\u00edstica que necesitas para aprovechar al m\u00e1ximo tu estancia en esta capital cultural e hist\u00f3rica.","og_url":"https:\/\/uk-gb.net\/es\/londres\/","og_site_name":"UK GB","article_modified_time":"2025-06-09T08:29:30+00:00","og_image":[{"width":2103,"height":1028,"url":"https:\/\/uk-gb.net\/wp-content\/uploads\/2025\/01\/London-scaled-e1747988544474.jpeg","type":"image\/jpeg"}],"twitter_card":"summary_large_image","twitter_misc":{"Tiempo de lectura":"3 minutos"},"schema":{"@context":"https:\/\/schema.org","@graph":[{"@type":"WebPage","@id":"https:\/\/uk-gb.net\/es\/londres\/","url":"https:\/\/uk-gb.net\/es\/londres\/","name":"Gu\u00eda de viajes de Londres - UK GB","isPartOf":{"@id":"https:\/\/uk-gb.net\/es\/#website"},"primaryImageOfPage":{"@id":"https:\/\/uk-gb.net\/es\/londres\/#primaryimage"},"image":{"@id":"https:\/\/uk-gb.net\/es\/londres\/#primaryimage"},"thumbnailUrl":"https:\/\/uk-gb.net\/wp-content\/uploads\/2025\/01\/London-1024x469.jpeg","datePublished":"2025-01-11T11:00:01+00:00","dateModified":"2025-06-09T08:29:30+00:00","description":"Toda la informaci\u00f3n tur\u00edstica que necesitas para aprovechar al m\u00e1ximo tu estancia en esta capital cultural e hist\u00f3rica.","inLanguage":"es","potentialAction":[{"@type":"ReadAction","target":["https:\/\/uk-gb.net\/es\/londres\/"]}]},{"@type":"ImageObject","inLanguage":"es","@id":"https:\/\/uk-gb.net\/es\/londres\/#primaryimage","url":"https:\/\/uk-gb.net\/wp-content\/uploads\/2025\/01\/London-1024x469.jpeg","contentUrl":"https:\/\/uk-gb.net\/wp-content\/uploads\/2025\/01\/London-1024x469.jpeg"},{"@type":"WebSite","@id":"https:\/\/uk-gb.net\/es\/#website","url":"https:\/\/uk-gb.net\/es\/","name":"UK GB","description":"Travel to the UK","potentialAction":[{"@type":"SearchAction","target":{"@type":"EntryPoint","urlTemplate":"https:\/\/uk-gb.net\/es\/?s={search_term_string}"},"query-input":{"@type":"PropertyValueSpecification","valueRequired":true,"valueName":"search_term_string"}}],"inLanguage":"es"}]}},"_links":{"self":[{"href":"https:\/\/uk-gb.net\/es\/wp-json\/wp\/v2\/pages\/3916","targetHints":{"allow":["GET"]}}],"collection":[{"href":"https:\/\/uk-gb.net\/es\/wp-json\/wp\/v2\/pages"}],"about":[{"href":"https:\/\/uk-gb.net\/es\/wp-json\/wp\/v2\/types\/page"}],"author":[{"embeddable":true,"href":"https:\/\/uk-gb.net\/es\/wp-json\/wp\/v2\/users\/1"}],"replies":[{"embeddable":true,"href":"https:\/\/uk-gb.net\/es\/wp-json\/wp\/v2\/comments?post=3916"}],"version-history":[{"count":0,"href":"https:\/\/uk-gb.net\/es\/wp-json\/wp\/v2\/pages\/3916\/revisions"}],"wp:attachment":[{"href":"https:\/\/uk-gb.net\/es\/wp-json\/wp\/v2\/media?parent=3916"}],"curies":[{"name":"wp","href":"https:\/\/api.w.org\/{rel}","templated":true}]}}