{"id":381,"date":"2023-11-13T16:38:13","date_gmt":"2023-11-13T16:38:13","guid":{"rendered":"https:\/\/uk-gb.net\/visado-reino-unido\/"},"modified":"2026-03-03T08:33:16","modified_gmt":"2026-03-03T08:33:16","slug":"visado-reino-unido","status":"publish","type":"page","link":"https:\/\/uk-gb.net\/es\/visado-reino-unido\/","title":{"rendered":"Formalidades de viaje para el Reino Unido"},"content":{"rendered":"\n<h1 class=\"wp-block-heading\">Tr\u00e1mites de entrada en el Reino Unido para viajeros internacionales<\/h1>\n\n<p>El Reino Unido ha introducido un sistemade <strong>Autorizaci\u00f3n Electr\u00f3nica de Viaje<\/strong> (ETA) para los nacionales de determinados pa\u00edses exentos de visado. Este procedimiento simplificado permite a las personas entrar en el Reino Unido para una estancia corta sin un visado tradicional. La ETA es necesaria en los siguientes casos Estancias tur\u00edsticas, visitas a familiares, viajes de negocios, estudios de corta duraci\u00f3n o escalas en el Reino Unido.  <\/p>\n\n<p><strong>Para solicitarlo en <strong>unos minutos<\/strong><\/strong>, s\u00f3lo tienes que rellenar el <a href=\"https:\/\/uk-gb.net\/es\/formulario-visado-eta-en-linea-inglaterra\/\">formulario ETA en l\u00ednea<\/a>.<\/p>\n\n<div style=\"height:10px\" aria-hidden=\"true\" class=\"wp-block-spacer\"><\/div>\n\n<h2 class=\"wp-block-heading\">\u00bfA qui\u00e9n afecta la ETA del Reino Unido?<\/h2>\n\n<p>El n\u00famero de <a href=\"https:\/\/uk-gb.net\/es\/paises-que-pueden-solicitar-eta-reino-unido\/\">pa\u00edses que pueden acogerse a la ETA del Reino Unido<\/a> est\u00e1 aumentando gradualmente.<\/p>\n\n<p>El programa se despleg\u00f3 por primera vez en Oriente Medio, con las siguientes fases iniciales:<\/p>\n\n<ul class=\"wp-block-list\">\n<li>Desde 2023, la ETA permite a los ciudadanos qatar\u00edes no tener que solicitar un visado para viajar a Inglaterra desde Qatar.<\/li>\n\n\n\n<li>Desde febrero de 2024: <a href=\"https:\/\/uk-gb.net\/es\/visado-inglaterra-desde-arabia-saudita\/\">los ciudadanos saud\u00edes pueden obtener una ETA<\/a> en lugar de un visado para el Reino Unido.<\/li>\n<\/ul>\n\n<div style=\"height:10px\" aria-hidden=\"true\" class=\"wp-block-spacer\"><\/div>\n\n<p>Se han a\u00f1adido todos los pa\u00edses europeos al sistema de ETA del Reino Unido. Los ciudadanos europeos ya pueden <a href=\"https:\/\/uk-gb.net\/es\/formulario-visado-eta-en-linea-inglaterra\/\">solicitar el ETA por Internet<\/a> antes de viajar al Reino Unido. <\/p>\n\n<h2 class=\"wp-block-heading\">\u00bfQu\u00e9 visados y autorizaciones se necesitan para viajar al Reino Unido?<\/h2>\n\n<p>El Reino Unido ofrece <a href=\"https:\/\/uk-gb.net\/es\/diferentes-tipos-de-visas-britanicas\/\">varios tipos de visado<\/a> o autorizaci\u00f3n en funci\u00f3n del perfil del viajero, el motivo de la estancia y su duraci\u00f3n. Para estancias cortas, algunos nacionales pueden evitar el procedimiento tradicional de visado utilizando la autorizaci\u00f3n electr\u00f3nica ETA. Aqu\u00ed tienes una gu\u00eda clara de las opciones disponibles.  <\/p>\n\n<h3 class=\"wp-block-heading\">\u00bfNecesito un visado para viajar al Reino Unido?<\/h3>\n\n<p>Todo depende de tu nacionalidad y del objetivo de tu viaje. He aqu\u00ed los principales supuestos: <\/p>\n\n<ul class=\"wp-block-list\">\n<li><strong>Si eres ciudadano irland\u00e9s<\/strong>: No necesitas visado ni ETA.<\/li>\n\n\n\n<li><strong>Eres ciudadano de un pa\u00eds que estaba exento de la obligaci\u00f3n de visado<\/strong>: Este es el caso de los ciudadanos de Europa, Estados Unidos y otros pa\u00edses asociados. Desde 2025, para entrar en el Reino Unido se exige un visado <a href=\"https:\/\/uk-gb.net\/es\/eta-inglaterra-reino-unido\/\">brit\u00e1nico ETA<\/a>.   <\/li>\n\n\n\n<li><strong>Procedes de un pa\u00eds que ya forma parte del sistema ETA (Qatar, Arabia Saud\u00ed, etc.)<\/strong>: Debes <a href=\"https:\/\/uk-gb.net\/es\/formulario-visado-eta-en-linea-inglaterra\/\">solicitar una ETA por Internet<\/a>.<\/li>\n\n\n\n<li>Si <strong>eres nacional de un pa\u00eds sujeto a la obligaci\u00f3n de visado<\/strong>: debes solicitar un <a href=\"https:\/\/uk-gb.net\/es\/visado-turista-inglaterra-reino-unido\/\">visado de turista<\/a> por Internet y despu\u00e9s finalizar tu solicitud en una <a href=\"https:\/\/uk-gb.net\/es\/cita-para-visa-embajada-inglaterra\/\">cita en la embajada brit\u00e1nica<\/a>.<\/li>\n\n\n\n<li><strong>Ejemplo<\/strong>: <a href=\"https:\/\/uk-gb.net\/es\/visado-inglaterra-desde-espana\/\" type=\"page\" id=\"972\">eTA de Espa\u00f1a<\/a>.<\/li>\n<\/ul>\n\n<div style=\"height:10px\" aria-hidden=\"true\" class=\"wp-block-spacer\"><\/div>\n\n<h3 class=\"wp-block-heading\">\u00bfQu\u00e9 tipos de visado hay para el Reino Unido?<\/h3>\n\n<p>El tipo de visado depende del motivo de la visita:<\/p>\n\n<figure class=\"wp-block-table\"><table><thead><tr><th>Tipo de visado<\/th><th>Aplicaci\u00f3n principal<\/th><\/tr><\/thead><tbody><tr><td><a href=\"https:\/\/uk-gb.net\/es\/visado-turista-inglaterra-reino-unido\/\">Visado de turista<\/a><\/td><td>Viajes de ocio o visitas a familiares<\/td><\/tr><tr><td><a href=\"https:\/\/uk-gb.net\/es\/visa-de-negocios-para-inglaterra-reino-unido\/\">Visado de negocios<\/a><\/td><td>Reuniones, conferencias, misiones profesionales<\/td><\/tr><tr><td><a href=\"https:\/\/uk-gb.net\/es\/visa-de-estudiante-para-inglaterra\/\">Visado de estudiante<\/a><\/td><td>Estudios de larga duraci\u00f3n o formaci\u00f3n espec\u00edfica<\/td><\/tr><tr><td><a href=\"https:\/\/uk-gb.net\/es\/visa-de-transito-en-inglaterra-reino-unido\/\">Visado de tr\u00e1nsito<\/a><\/td><td>Paso temporal por un aeropuerto brit\u00e1nico<\/td><\/tr><tr><td><a href=\"https:\/\/uk-gb.net\/es\/visa-familiar-para-inglaterra\/\">Visado familiar<\/a><\/td><td>Viajar en familia por el Reino Unido<\/td><\/tr><\/tbody><\/table><\/figure>\n\n<h3 class=\"wp-block-heading\">Tr\u00e1nsito en el Reino Unido: \u00bfETA o visado?<\/h3>\n\n<p>Aunque <strong>s\u00f3lo hagas escala en un aeropuerto<\/strong>, <strong>necesitar\u00e1s<\/strong> una <strong>autorizaci\u00f3n de viaje<\/strong>. Dependiendo de tu nacionalidad, puede tratarse de un visado <a href=\"https:\/\/uk-gb.net\/es\/eta-inglaterra-reino-unido\/\">ETA del Reino Unido<\/a> o de un <a href=\"https:\/\/uk-gb.net\/es\/visa-de-transito-en-inglaterra-reino-unido\/\">visado de tr\u00e1nsito<\/a>. Este requisito se aplica incluso si no pasas por el control fronterizo.  <\/p>\n\n<h3 class=\"wp-block-heading\">\u00bfPuedo viajar con una ETA en lugar de un visado?<\/h3>\n\n<p>La<strong>autorizaci\u00f3n electr\u00f3nica ETA<\/strong> es suficiente si tu estancia cumple estas condiciones:<\/p>\n\n<p>\u2705 Estancia tur\u00edstica, visita familiar, estudios de corta duraci\u00f3n, viaje de negocios<br\/>\u2705 Duraci\u00f3n m\u00e1xima de 6 meses<br\/>\u2705 Tr\u00e1nsito por el Reino Unido<br\/>\u2705 Misi\u00f3n art\u00edstica remunerada de menos de 3 meses (en algunos casos espec\u00edficos)<\/p>\n\n<h3 class=\"wp-block-heading\">Los l\u00edmites de la autorizaci\u00f3n ETA<\/h3>\n\n<p>\u274c La ETA no permite :<\/p>\n\n<ul class=\"wp-block-list\">\n<li>Estancia superior a 6 meses<\/li>\n\n\n\n<li>Trabajar para una empresa brit\u00e1nica<\/li>\n\n\n\n<li>Crear una empresa o hacerse aut\u00f3nomo<\/li>\n\n\n\n<li>Recibir ayuda p\u00fablica<\/li>\n\n\n\n<li>Para casarte o registrar una uni\u00f3n civil<\/li>\n\n\n\n<li>Para establecer permanentemente<\/li>\n<\/ul>\n\n<p>En todos estos casos, se requiere un <a href=\"https:\/\/uk-gb.net\/es\/diferentes-tipos-de-visas-britanicas\/\">visado del Reino Unido<\/a>.<\/p>\n\n<h3 class=\"wp-block-heading\">\u00bfQu\u00e9 destinos son los m\u00e1s populares para solicitar visados?<\/h3>\n\n<p>Londres sigue siendo la principal puerta de entrada al pa\u00eds, pero otras ciudades tambi\u00e9n atraen a muchos visitantes. Los viajeros solicitan un visado <a href=\"https:\/\/uk-gb.net\/es\/visado-para-londres\/\">para Londres<\/a> para aterrizar en Inglaterra. Los turistas extranjeros tambi\u00e9n visitan las otras ciudades principales de Inglaterra solicitando un visado <a href=\"https:\/\/uk-gb.net\/es\/visa-para-liverpool\/\">para Liverpool<\/a>. Tambi\u00e9n hay muchas solicitudes de visado <a href=\"https:\/\/uk-gb.net\/es\/visado-para-manchester\/\">para Manchester<\/a>.   <\/p>\n\n<p>Las principales ciudades universitarias de Inglaterra tambi\u00e9n atraen a muchos turistas para estancias acad\u00e9micas: <a href=\"https:\/\/uk-gb.net\/es\/visado-para-oxford\/\">Oxford exige visado<\/a>, y Cambridge, m\u00e1s al norte de Londres.<\/p>\n\n<p>En el norte del Reino Unido, los viajeros solicitan un visado para Birmingham. Algunos viajan incluso m\u00e1s al norte, a Escocia, solicitando un visado para Edimburgo o un <a href=\"https:\/\/uk-gb.net\/es\/visado-para-glasgow\/\">visado para Glasgow<\/a>. <\/p>\n\n<p>Gales es tambi\u00e9n un destino popular para los viajeros extranjeros. Los turistas necesitan un visado para Cardiff. <\/p>\n","protected":false},"excerpt":{"rendered":"<p>Tr\u00e1mites de entrada en el Reino Unido para viajeros internacionales El Reino Unido ha introducido un sistemade Autorizaci\u00f3n Electr\u00f3nica de Viaje (ETA) para los nacionales de determinados pa\u00edses exentos de visado. Este procedimiento simplificado permite a las personas entrar en el Reino Unido para una estancia corta sin un visado tradicional. La ETA es necesaria [&hellip;]<\/p>\n","protected":false},"author":1,"featured_media":0,"parent":0,"menu_order":0,"comment_status":"closed","ping_status":"closed","template":"","meta":{"footnotes":""},"class_list":["post-381","page","type-page","status-publish","hentry"],"yoast_head":"<!-- This site is optimized with the Yoast SEO plugin v27.3 - https:\/\/yoast.com\/product\/yoast-seo-wordpress\/ -->\n<title>Formalidades de viaje para el Reino Unido<\/title>\n<meta name=\"description\" content=\"Las normas para los viajeros extranjeros que entran en el Reino Unido han cambiado con la introducci\u00f3n de la eTA brit\u00e1nica.\" \/>\n<meta name=\"robots\" content=\"index, follow, max-snippet:-1, max-image-preview:large, max-video-preview:-1\" \/>\n<link rel=\"canonical\" href=\"https:\/\/uk-gb.net\/es\/visado-reino-unido\/\" \/>\n<meta property=\"og:locale\" content=\"es_ES\" \/>\n<meta property=\"og:type\" content=\"article\" \/>\n<meta property=\"og:title\" content=\"Formalidades de viaje para el Reino Unido\" \/>\n<meta property=\"og:description\" content=\"Las normas para los viajeros extranjeros que entran en el Reino Unido han cambiado con la introducci\u00f3n de la eTA brit\u00e1nica.\" \/>\n<meta property=\"og:url\" content=\"https:\/\/uk-gb.net\/es\/visado-reino-unido\/\" \/>\n<meta property=\"og:site_name\" content=\"UK GB\" \/>\n<meta property=\"article:modified_time\" content=\"2026-03-03T08:33:16+00:00\" \/>\n<meta name=\"twitter:card\" content=\"summary_large_image\" \/>\n<meta name=\"twitter:label1\" content=\"Tiempo de lectura\" \/>\n\t<meta name=\"twitter:data1\" content=\"4 minutos\" \/>\n<script type=\"application\/ld+json\" class=\"yoast-schema-graph\">{\"@context\":\"https:\\\/\\\/schema.org\",\"@graph\":[{\"@type\":\"WebPage\",\"@id\":\"https:\\\/\\\/uk-gb.net\\\/es\\\/visado-reino-unido\\\/\",\"url\":\"https:\\\/\\\/uk-gb.net\\\/es\\\/visado-reino-unido\\\/\",\"name\":\"Formalidades de viaje para el Reino Unido\",\"isPartOf\":{\"@id\":\"https:\\\/\\\/uk-gb.net\\\/es\\\/#website\"},\"datePublished\":\"2023-11-13T16:38:13+00:00\",\"dateModified\":\"2026-03-03T08:33:16+00:00\",\"description\":\"Las normas para los viajeros extranjeros que entran en el Reino Unido han cambiado con la introducci\u00f3n de la eTA brit\u00e1nica.\",\"inLanguage\":\"es\",\"potentialAction\":[{\"@type\":\"ReadAction\",\"target\":[\"https:\\\/\\\/uk-gb.net\\\/es\\\/visado-reino-unido\\\/\"]}]},{\"@type\":\"WebSite\",\"@id\":\"https:\\\/\\\/uk-gb.net\\\/es\\\/#website\",\"url\":\"https:\\\/\\\/uk-gb.net\\\/es\\\/\",\"name\":\"UK GB\",\"description\":\"Travel to the UK\",\"potentialAction\":[{\"@type\":\"SearchAction\",\"target\":{\"@type\":\"EntryPoint\",\"urlTemplate\":\"https:\\\/\\\/uk-gb.net\\\/es\\\/?s={search_term_string}\"},\"query-input\":{\"@type\":\"PropertyValueSpecification\",\"valueRequired\":true,\"valueName\":\"search_term_string\"}}],\"inLanguage\":\"es\"}]}<\/script>\n<!-- \/ Yoast SEO plugin. -->","yoast_head_json":{"title":"Formalidades de viaje para el Reino Unido","description":"Las normas para los viajeros extranjeros que entran en el Reino Unido han cambiado con la introducci\u00f3n de la eTA brit\u00e1nica.","robots":{"index":"index","follow":"follow","max-snippet":"max-snippet:-1","max-image-preview":"max-image-preview:large","max-video-preview":"max-video-preview:-1"},"canonical":"https:\/\/uk-gb.net\/es\/visado-reino-unido\/","og_locale":"es_ES","og_type":"article","og_title":"Formalidades de viaje para el Reino Unido","og_description":"Las normas para los viajeros extranjeros que entran en el Reino Unido han cambiado con la introducci\u00f3n de la eTA brit\u00e1nica.","og_url":"https:\/\/uk-gb.net\/es\/visado-reino-unido\/","og_site_name":"UK GB","article_modified_time":"2026-03-03T08:33:16+00:00","twitter_card":"summary_large_image","twitter_misc":{"Tiempo de lectura":"4 minutos"},"schema":{"@context":"https:\/\/schema.org","@graph":[{"@type":"WebPage","@id":"https:\/\/uk-gb.net\/es\/visado-reino-unido\/","url":"https:\/\/uk-gb.net\/es\/visado-reino-unido\/","name":"Formalidades de viaje para el Reino Unido","isPartOf":{"@id":"https:\/\/uk-gb.net\/es\/#website"},"datePublished":"2023-11-13T16:38:13+00:00","dateModified":"2026-03-03T08:33:16+00:00","description":"Las normas para los viajeros extranjeros que entran en el Reino Unido han cambiado con la introducci\u00f3n de la eTA brit\u00e1nica.","inLanguage":"es","potentialAction":[{"@type":"ReadAction","target":["https:\/\/uk-gb.net\/es\/visado-reino-unido\/"]}]},{"@type":"WebSite","@id":"https:\/\/uk-gb.net\/es\/#website","url":"https:\/\/uk-gb.net\/es\/","name":"UK GB","description":"Travel to the UK","potentialAction":[{"@type":"SearchAction","target":{"@type":"EntryPoint","urlTemplate":"https:\/\/uk-gb.net\/es\/?s={search_term_string}"},"query-input":{"@type":"PropertyValueSpecification","valueRequired":true,"valueName":"search_term_string"}}],"inLanguage":"es"}]}},"_links":{"self":[{"href":"https:\/\/uk-gb.net\/es\/wp-json\/wp\/v2\/pages\/381","targetHints":{"allow":["GET"]}}],"collection":[{"href":"https:\/\/uk-gb.net\/es\/wp-json\/wp\/v2\/pages"}],"about":[{"href":"https:\/\/uk-gb.net\/es\/wp-json\/wp\/v2\/types\/page"}],"author":[{"embeddable":true,"href":"https:\/\/uk-gb.net\/es\/wp-json\/wp\/v2\/users\/1"}],"replies":[{"embeddable":true,"href":"https:\/\/uk-gb.net\/es\/wp-json\/wp\/v2\/comments?post=381"}],"version-history":[{"count":0,"href":"https:\/\/uk-gb.net\/es\/wp-json\/wp\/v2\/pages\/381\/revisions"}],"wp:attachment":[{"href":"https:\/\/uk-gb.net\/es\/wp-json\/wp\/v2\/media?parent=381"}],"curies":[{"name":"wp","href":"https:\/\/api.w.org\/{rel}","templated":true}]}}