{"id":1267,"date":"2024-02-25T10:29:22","date_gmt":"2024-02-25T10:29:22","guid":{"rendered":"https:\/\/uk-gb.net\/precio-eta-reino-unido\/"},"modified":"2026-04-02T11:24:54","modified_gmt":"2026-04-02T10:24:54","slug":"precio-eta-reino-unido","status":"publish","type":"page","link":"https:\/\/uk-gb.net\/es\/precio-eta-reino-unido\/","title":{"rendered":"Premio ETA para el Reino Unido"},"content":{"rendered":"\n<h1 class=\"wp-block-heading\">\u00bfCu\u00e1nto cuesta una autorizaci\u00f3n ETA para el Reino Unido?<\/h1>\n\n<p>Si eres nacional de un pa\u00eds que puede acogerse <strong>al Programa de Exenci\u00f3n de Visado<\/strong> del Reino Unido, puedes <a href=\"https:\/\/uk-gb.net\/es\/formulario-visado-eta-en-linea-inglaterra\/\">solicitar un ETA<\/a> para entrar en el Reino Unido sin <a href=\"https:\/\/uk-gb.net\/es\/diferentes-tipos-de-visas-britanicas\/\">visado brit\u00e1nico<\/a>.  <\/p>\n\n<p><strong>El procedimiento es r\u00e1pido y 100% online<\/strong>, rellenando el <a href=\"https:\/\/uk-gb.net\/es\/formulario-visado-eta-en-linea-inglaterra\/\">formulario ETA online<\/a>.<\/p>\n\n<div style=\"height:10px\" aria-hidden=\"true\" class=\"wp-block-spacer\"><\/div>\n\n<h2 class=\"wp-block-heading\">Tarifa ETA para el Reino Unido<\/h2>\n\n<p>El precio oficial de una ETA es de <strong>20 libras esterlinas<\/strong> desde el 8 de abril de 2026, es decir, unos <strong>23 euros<\/strong>. Se trata de una <strong>tarifa plana<\/strong>, id\u00e9ntica para todos los solicitantes, independientemente de su edad o pa\u00eds de origen. <\/p>\n\n<p>Esto es considerablemente menos que el coste de un <a href=\"https:\/\/uk-gb.net\/es\/visado-turista-inglaterra-reino-unido\/\">visado de turista<\/a>, que es de un m\u00ednimo de <strong>115 \u00a3<\/strong> para una estancia de corta duraci\u00f3n.<\/p>\n\n<h2 class=\"wp-block-heading\">\u00bfC\u00f3mo programo el tiempo estimado de llegada?<\/h2>\n\n<p>El pago se realiza <strong>directamente en l\u00ednea<\/strong> en el momento de la solicitud, mediante tarjeta de cr\u00e9dito (Visa, Mastercard, etc.). El pago es <strong>obligatorio<\/strong> para que se tenga en cuenta la solicitud: no se iniciar\u00e1 ning\u00fan tratamiento hasta que se haya validado el pago. <\/p>\n\n<p>Una vez efectuado el pago, el sistema comienza inmediatamente a examinar tu expediente, y la respuesta se env\u00eda generalmente por correo electr\u00f3nico en pocas horas (o hasta 3 d\u00edas si se requiere un an\u00e1lisis m\u00e1s detallado).<\/p>\n\n<h2 class=\"wp-block-heading\">No hay devoluci\u00f3n posible<\/h2>\n\n<p>El importe pagado por un ETA <strong>no es reembolsable<\/strong>, ni siquiera si tu solicitud es denegada, cancelada o si cambias tus planes de viaje. Por tanto, es esencial que compruebes <strong>si cumples los requisitos<\/strong> antes de iniciar el procedimiento, sobre todo si cambias de pasaporte o si no tienes la nacionalidad de un <a href=\"https:\/\/uk-gb.net\/es\/paises-que-pueden-solicitar-eta-reino-unido\/\">pa\u00eds que pueda acogerse al programa ETA<\/a>. <\/p>\n\n<h2 class=\"wp-block-heading\">Un ETA tiene una validez de 2 a\u00f1os<\/h2>\n\n<p>La ETA es <strong>v\u00e1lida durante 2 a\u00f1os<\/strong> o hasta que caduque tu pasaporte, lo que ocurra primero. Te permite entrar en el Reino Unido varias veces durante este periodo, para estancias <strong>inferiores a 6 meses<\/strong> cada vez. <\/p>\n","protected":false},"excerpt":{"rendered":"<p>\u00bfCu\u00e1nto cuesta una autorizaci\u00f3n ETA para el Reino Unido? Si eres nacional de un pa\u00eds que puede acogerse al Programa de Exenci\u00f3n de Visado del Reino Unido, puedes solicitar un ETA para entrar en el Reino Unido sin visado brit\u00e1nico. El procedimiento es r\u00e1pido y 100% online, rellenando el formulario ETA online. Tarifa ETA para [&hellip;]<\/p>\n","protected":false},"author":1,"featured_media":0,"parent":0,"menu_order":0,"comment_status":"closed","ping_status":"closed","template":"","meta":{"footnotes":""},"class_list":["post-1267","page","type-page","status-publish","hentry"],"yoast_head":"<!-- This site is optimized with the Yoast SEO plugin v27.4 - https:\/\/yoast.com\/product\/yoast-seo-wordpress\/ -->\n<title>Premio ETA para el Reino Unido - UK GB<\/title>\n<meta name=\"description\" content=\"\u00bfCu\u00e1l es la tasa administrativa que hay que pagar por Internet para validar una solicitud de autorizaci\u00f3n electr\u00f3nica de viaje ETA?\" \/>\n<meta name=\"robots\" content=\"index, follow, max-snippet:-1, max-image-preview:large, max-video-preview:-1\" \/>\n<link rel=\"canonical\" href=\"https:\/\/uk-gb.net\/es\/precio-eta-reino-unido\/\" \/>\n<meta property=\"og:locale\" content=\"es_ES\" \/>\n<meta property=\"og:type\" content=\"article\" \/>\n<meta property=\"og:title\" content=\"Premio ETA para el Reino Unido - UK GB\" \/>\n<meta property=\"og:description\" content=\"\u00bfCu\u00e1l es la tasa administrativa que hay que pagar por Internet para validar una solicitud de autorizaci\u00f3n electr\u00f3nica de viaje ETA?\" \/>\n<meta property=\"og:url\" content=\"https:\/\/uk-gb.net\/es\/precio-eta-reino-unido\/\" \/>\n<meta property=\"og:site_name\" content=\"UK GB\" \/>\n<meta property=\"article:modified_time\" content=\"2026-04-02T10:24:54+00:00\" \/>\n<meta name=\"twitter:card\" content=\"summary_large_image\" \/>\n<meta name=\"twitter:label1\" content=\"Tiempo de lectura\" \/>\n\t<meta name=\"twitter:data1\" content=\"2 minutos\" \/>\n<script type=\"application\/ld+json\" class=\"yoast-schema-graph\">{\"@context\":\"https:\\\/\\\/schema.org\",\"@graph\":[{\"@type\":\"WebPage\",\"@id\":\"https:\\\/\\\/uk-gb.net\\\/es\\\/precio-eta-reino-unido\\\/\",\"url\":\"https:\\\/\\\/uk-gb.net\\\/es\\\/precio-eta-reino-unido\\\/\",\"name\":\"Premio ETA para el Reino Unido - UK GB\",\"isPartOf\":{\"@id\":\"https:\\\/\\\/uk-gb.net\\\/es\\\/#website\"},\"datePublished\":\"2024-02-25T10:29:22+00:00\",\"dateModified\":\"2026-04-02T10:24:54+00:00\",\"description\":\"\u00bfCu\u00e1l es la tasa administrativa que hay que pagar por Internet para validar una solicitud de autorizaci\u00f3n electr\u00f3nica de viaje ETA?\",\"inLanguage\":\"es\",\"potentialAction\":[{\"@type\":\"ReadAction\",\"target\":[\"https:\\\/\\\/uk-gb.net\\\/es\\\/precio-eta-reino-unido\\\/\"]}]},{\"@type\":\"WebSite\",\"@id\":\"https:\\\/\\\/uk-gb.net\\\/es\\\/#website\",\"url\":\"https:\\\/\\\/uk-gb.net\\\/es\\\/\",\"name\":\"UK GB\",\"description\":\"Travel to the UK\",\"potentialAction\":[{\"@type\":\"SearchAction\",\"target\":{\"@type\":\"EntryPoint\",\"urlTemplate\":\"https:\\\/\\\/uk-gb.net\\\/es\\\/?s={search_term_string}\"},\"query-input\":{\"@type\":\"PropertyValueSpecification\",\"valueRequired\":true,\"valueName\":\"search_term_string\"}}],\"inLanguage\":\"es\"}]}<\/script>\n<!-- \/ Yoast SEO plugin. -->","yoast_head_json":{"title":"Premio ETA para el Reino Unido - UK GB","description":"\u00bfCu\u00e1l es la tasa administrativa que hay que pagar por Internet para validar una solicitud de autorizaci\u00f3n electr\u00f3nica de viaje ETA?","robots":{"index":"index","follow":"follow","max-snippet":"max-snippet:-1","max-image-preview":"max-image-preview:large","max-video-preview":"max-video-preview:-1"},"canonical":"https:\/\/uk-gb.net\/es\/precio-eta-reino-unido\/","og_locale":"es_ES","og_type":"article","og_title":"Premio ETA para el Reino Unido - UK GB","og_description":"\u00bfCu\u00e1l es la tasa administrativa que hay que pagar por Internet para validar una solicitud de autorizaci\u00f3n electr\u00f3nica de viaje ETA?","og_url":"https:\/\/uk-gb.net\/es\/precio-eta-reino-unido\/","og_site_name":"UK GB","article_modified_time":"2026-04-02T10:24:54+00:00","twitter_card":"summary_large_image","twitter_misc":{"Tiempo de lectura":"2 minutos"},"schema":{"@context":"https:\/\/schema.org","@graph":[{"@type":"WebPage","@id":"https:\/\/uk-gb.net\/es\/precio-eta-reino-unido\/","url":"https:\/\/uk-gb.net\/es\/precio-eta-reino-unido\/","name":"Premio ETA para el Reino Unido - UK GB","isPartOf":{"@id":"https:\/\/uk-gb.net\/es\/#website"},"datePublished":"2024-02-25T10:29:22+00:00","dateModified":"2026-04-02T10:24:54+00:00","description":"\u00bfCu\u00e1l es la tasa administrativa que hay que pagar por Internet para validar una solicitud de autorizaci\u00f3n electr\u00f3nica de viaje ETA?","inLanguage":"es","potentialAction":[{"@type":"ReadAction","target":["https:\/\/uk-gb.net\/es\/precio-eta-reino-unido\/"]}]},{"@type":"WebSite","@id":"https:\/\/uk-gb.net\/es\/#website","url":"https:\/\/uk-gb.net\/es\/","name":"UK GB","description":"Travel to the UK","potentialAction":[{"@type":"SearchAction","target":{"@type":"EntryPoint","urlTemplate":"https:\/\/uk-gb.net\/es\/?s={search_term_string}"},"query-input":{"@type":"PropertyValueSpecification","valueRequired":true,"valueName":"search_term_string"}}],"inLanguage":"es"}]}},"_links":{"self":[{"href":"https:\/\/uk-gb.net\/es\/wp-json\/wp\/v2\/pages\/1267","targetHints":{"allow":["GET"]}}],"collection":[{"href":"https:\/\/uk-gb.net\/es\/wp-json\/wp\/v2\/pages"}],"about":[{"href":"https:\/\/uk-gb.net\/es\/wp-json\/wp\/v2\/types\/page"}],"author":[{"embeddable":true,"href":"https:\/\/uk-gb.net\/es\/wp-json\/wp\/v2\/users\/1"}],"replies":[{"embeddable":true,"href":"https:\/\/uk-gb.net\/es\/wp-json\/wp\/v2\/comments?post=1267"}],"version-history":[{"count":0,"href":"https:\/\/uk-gb.net\/es\/wp-json\/wp\/v2\/pages\/1267\/revisions"}],"wp:attachment":[{"href":"https:\/\/uk-gb.net\/es\/wp-json\/wp\/v2\/media?parent=1267"}],"curies":[{"name":"wp","href":"https:\/\/api.w.org\/{rel}","templated":true}]}}