{"id":1253,"date":"2024-02-25T10:31:56","date_gmt":"2024-02-25T10:31:56","guid":{"rendered":"https:\/\/uk-gb.net\/solicitud-procedimiento-visado-reino-unido\/"},"modified":"2025-07-17T15:24:14","modified_gmt":"2025-07-17T14:24:14","slug":"solicitud-procedimiento-visado-reino-unido","status":"publish","type":"page","link":"https:\/\/uk-gb.net\/es\/solicitud-procedimiento-visado-reino-unido\/","title":{"rendered":"Procedimiento de solicitud de visado para el Reino Unido"},"content":{"rendered":"\n<h1 class=\"wp-block-heading\">El procedimiento para obtener un visado para viajar al Reino Unido<\/h1>\n\n<p>Si no puedes optar a un <a href=\"https:\/\/uk-gb.net\/es\/eta-inglaterra-reino-unido\/\">visado ETA<\/a>, tendr\u00e1s que obtener un <a href=\"https:\/\/uk-gb.net\/fr\/differents-types-visas-britanniques\/\">visado brit\u00e1nico<\/a> para entrar en el Reino Unido. La solicitud se realiza en varias fases, empezando siempre por un formulario en l\u00ednea, seguido de una cita en una embajada o centro de solicitud autorizado. <\/p>\n\n<p><strong>Para una estancia tur\u00edstica o de negocios<\/strong> <strong>inferior a 6 meses<\/strong>: Los nacionales de los pa\u00edses que cumplan los requisitos pueden <a href=\"https:\/\/uk-gb.net\/es\/formulario-visado-eta-en-linea-inglaterra\/\">solicitar un ETA por Internet<\/a> en lugar de un visado. Este procedimiento es m\u00e1s r\u00e1pido y 100% online. <\/p>\n\n<div style=\"height:10px\" aria-hidden=\"true\" class=\"wp-block-spacer\"><\/div>\n\n<h2 class=\"wp-block-heading\">\u00bfC\u00f3mo solicito un visado para el Reino Unido?<\/h2>\n\n<p>Puedes solicitar un visado para el Reino Unido por Internet. El procedimiento de solicitud del visado brit\u00e1nico consta de varias fases obligatorias: <\/p>\n\n<ol class=\"wp-block-list\">\n<li>Determina el <a href=\"https:\/\/uk-gb.net\/fr\/differents-types-visas-britanniques\/\">tipo de visado brit\u00e1nico<\/a> necesario en funci\u00f3n del motivo del viaje (turismo, estudios, trabajo, tr\u00e1nsito);<\/li>\n\n\n\n<li>Re\u00fane todos los justificantes exigidos por las autoridades brit\u00e1nicas;<\/li>\n\n\n\n<li>Rellena el formulario de solicitud de visado en el sitio web oficial del gobierno del Reino Unido: <a class=\"\" href=\"https:\/\/www.gov.uk\/\">gov.uk<\/a>;<\/li>\n\n\n\n<li>Paga la <a href=\"https:\/\/uk-gb.net\/fr\/combien-coute-visa-angleterre\/\">tasa de visado<\/a> en l\u00ednea en el momento de la presentaci\u00f3n;<\/li>\n\n\n\n<li>Pide cita en una <a href=\"https:\/\/uk-gb.net\/fr\/rendez-vous-visa-ambassade-angleterre\/\">embajada brit\u00e1nica<\/a> o en un centro autorizado de solicitud de visados;<\/li>\n\n\n\n<li>Presenta todos los documentos originales y justificantes en la <a href=\"https:\/\/uk-gb.net\/fr\/rendez-vous-visa-ambassade-angleterre\/\">cita para el visado en la embajada<\/a>;<\/li>\n\n\n\n<li>Asiste a una entrevista con un funcionario consular si as\u00ed lo exige tu tipo de visado.<\/li>\n<\/ol>\n\n<div style=\"height:10px\" aria-hidden=\"true\" class=\"wp-block-spacer\"><\/div>\n\n<h2 class=\"wp-block-heading\">\u00bfQu\u00e9 documentos son necesarios?<\/h2>\n\n<p>Los documentos exigidos dependen del visado solicitado, pero en general deben permitir a las autoridades brit\u00e1nicas :<\/p>\n\n<ul class=\"wp-block-list\">\n<li>Comprueba que entras en el Reino Unido para una <strong>actividad autorizada<\/strong>;<\/li>\n\n\n\n<li>Confirma que <strong>saldr\u00e1s del pa\u00eds cuando caduque tu visado<\/strong>;<\/li>\n\n\n\n<li>Demuestra que puedes <strong>financiar tu estancia<\/strong> y la de tus acompa\u00f1antes;<\/li>\n\n\n\n<li>Demuestra que <strong>puedes pagar el viaje de vuelta<\/strong> o tu pr\u00f3ximo destino.<\/li>\n<\/ul>\n\n<div style=\"height:10px\" aria-hidden=\"true\" class=\"wp-block-spacer\"><\/div>\n\n<p>Todos los justificantes deben presentarse en <strong>formato digital escaneados<\/strong> a partir de los <strong>documentos originales<\/strong>. Las fotocopias o traducciones no compulsadas pueden ser motivo de denegaci\u00f3n. <\/p>\n\n<h2 class=\"wp-block-heading\">Tiempos de tramitaci\u00f3n y anticipaci\u00f3n<\/h2>\n\n<p>El plazo medio de tramitaci\u00f3n de una solicitud de visado es de <strong>3 semanas<\/strong> a partir de la fecha de la cita consular. Es aconsejable presentar la solicitud <strong>al menos un mes antes de la fecha de salida prevista<\/strong>, sobre todo en periodos de gran afluencia. <\/p>\n\n<p>Las opciones de <strong>servicio<\/strong> prioritario tienen un coste adicional.<\/p>\n\n<h2 class=\"wp-block-heading\">\u00bfPuedo modificar o anular mi solicitud de visado?<\/h2>\n\n<p>Una vez que hayas presentado tu solicitud y pagado la <a href=\"https:\/\/uk-gb.net\/fr\/combien-coute-visa-angleterre\/\">tasa de visado<\/a>, no podr\u00e1s <strong>cambiar la informaci\u00f3n que hayas introducido<\/strong> ni recibir un reembolso en caso de cancelaci\u00f3n. Si te has equivocado o has cambiado de planes, tendr\u00e1s que presentar <strong>una nueva solicitud completa<\/strong> con nuevas tasas. <\/p>\n\n<h2 class=\"wp-block-heading\">\u00bfCu\u00e1l es la diferencia entre un visado y un ETA?<\/h2>\n\n<p>El <strong>visado<\/strong> es una autorizaci\u00f3n normalizada que se expide tras un examen minucioso y que suele ser necesaria para estancias largas o para nacionales de pa\u00edses no incluidos en el programa ETA.<\/p>\n\n<p>El <strong>ETA<\/strong> es <strong>m\u00e1s r\u00e1pido<\/strong>, m\u00e1s <strong>barato<\/strong> (16 \u00a3) y est\u00e1 destinado a determinados viajeros exentos de visado. Tiene una validez de <strong>2 a\u00f1os<\/strong> para estancias <strong>inferiores a 6 meses<\/strong>. <\/p>\n","protected":false},"excerpt":{"rendered":"<p>El procedimiento para obtener un visado para viajar al Reino Unido Si no puedes optar a un visado ETA, tendr\u00e1s que obtener un visado brit\u00e1nico para entrar en el Reino Unido. La solicitud se realiza en varias fases, empezando siempre por un formulario en l\u00ednea, seguido de una cita en una embajada o centro de [&hellip;]<\/p>\n","protected":false},"author":1,"featured_media":0,"parent":0,"menu_order":0,"comment_status":"closed","ping_status":"closed","template":"","meta":{"footnotes":""},"class_list":["post-1253","page","type-page","status-publish","hentry"],"yoast_head":"<!-- This site is optimized with the Yoast SEO plugin v27.3 - https:\/\/yoast.com\/product\/yoast-seo-wordpress\/ -->\n<title>Procedimiento de solicitud de visado para el Reino Unido - UK GB<\/title>\n<meta name=\"description\" content=\"Descubre c\u00f3mo solicitar un visado por Internet para viajar al Reino Unido en unos pocos pasos.\" \/>\n<meta name=\"robots\" content=\"index, follow, max-snippet:-1, max-image-preview:large, max-video-preview:-1\" \/>\n<link rel=\"canonical\" href=\"https:\/\/uk-gb.net\/es\/solicitud-procedimiento-visado-reino-unido\/\" \/>\n<meta property=\"og:locale\" content=\"es_ES\" \/>\n<meta property=\"og:type\" content=\"article\" \/>\n<meta property=\"og:title\" content=\"Procedimiento de solicitud de visado para el Reino Unido - UK GB\" \/>\n<meta property=\"og:description\" content=\"Descubre c\u00f3mo solicitar un visado por Internet para viajar al Reino Unido en unos pocos pasos.\" \/>\n<meta property=\"og:url\" content=\"https:\/\/uk-gb.net\/es\/solicitud-procedimiento-visado-reino-unido\/\" \/>\n<meta property=\"og:site_name\" content=\"UK GB\" \/>\n<meta property=\"article:modified_time\" content=\"2025-07-17T14:24:14+00:00\" \/>\n<meta name=\"twitter:card\" content=\"summary_large_image\" \/>\n<meta name=\"twitter:label1\" content=\"Tiempo de lectura\" \/>\n\t<meta name=\"twitter:data1\" content=\"3 minutos\" \/>\n<script type=\"application\/ld+json\" class=\"yoast-schema-graph\">{\"@context\":\"https:\\\/\\\/schema.org\",\"@graph\":[{\"@type\":\"WebPage\",\"@id\":\"https:\\\/\\\/uk-gb.net\\\/es\\\/solicitud-procedimiento-visado-reino-unido\\\/\",\"url\":\"https:\\\/\\\/uk-gb.net\\\/es\\\/solicitud-procedimiento-visado-reino-unido\\\/\",\"name\":\"Procedimiento de solicitud de visado para el Reino Unido - UK GB\",\"isPartOf\":{\"@id\":\"https:\\\/\\\/uk-gb.net\\\/es\\\/#website\"},\"datePublished\":\"2024-02-25T10:31:56+00:00\",\"dateModified\":\"2025-07-17T14:24:14+00:00\",\"description\":\"Descubre c\u00f3mo solicitar un visado por Internet para viajar al Reino Unido en unos pocos pasos.\",\"inLanguage\":\"es\",\"potentialAction\":[{\"@type\":\"ReadAction\",\"target\":[\"https:\\\/\\\/uk-gb.net\\\/es\\\/solicitud-procedimiento-visado-reino-unido\\\/\"]}]},{\"@type\":\"WebSite\",\"@id\":\"https:\\\/\\\/uk-gb.net\\\/es\\\/#website\",\"url\":\"https:\\\/\\\/uk-gb.net\\\/es\\\/\",\"name\":\"UK GB\",\"description\":\"Travel to the UK\",\"potentialAction\":[{\"@type\":\"SearchAction\",\"target\":{\"@type\":\"EntryPoint\",\"urlTemplate\":\"https:\\\/\\\/uk-gb.net\\\/es\\\/?s={search_term_string}\"},\"query-input\":{\"@type\":\"PropertyValueSpecification\",\"valueRequired\":true,\"valueName\":\"search_term_string\"}}],\"inLanguage\":\"es\"}]}<\/script>\n<!-- \/ Yoast SEO plugin. -->","yoast_head_json":{"title":"Procedimiento de solicitud de visado para el Reino Unido - UK GB","description":"Descubre c\u00f3mo solicitar un visado por Internet para viajar al Reino Unido en unos pocos pasos.","robots":{"index":"index","follow":"follow","max-snippet":"max-snippet:-1","max-image-preview":"max-image-preview:large","max-video-preview":"max-video-preview:-1"},"canonical":"https:\/\/uk-gb.net\/es\/solicitud-procedimiento-visado-reino-unido\/","og_locale":"es_ES","og_type":"article","og_title":"Procedimiento de solicitud de visado para el Reino Unido - UK GB","og_description":"Descubre c\u00f3mo solicitar un visado por Internet para viajar al Reino Unido en unos pocos pasos.","og_url":"https:\/\/uk-gb.net\/es\/solicitud-procedimiento-visado-reino-unido\/","og_site_name":"UK GB","article_modified_time":"2025-07-17T14:24:14+00:00","twitter_card":"summary_large_image","twitter_misc":{"Tiempo de lectura":"3 minutos"},"schema":{"@context":"https:\/\/schema.org","@graph":[{"@type":"WebPage","@id":"https:\/\/uk-gb.net\/es\/solicitud-procedimiento-visado-reino-unido\/","url":"https:\/\/uk-gb.net\/es\/solicitud-procedimiento-visado-reino-unido\/","name":"Procedimiento de solicitud de visado para el Reino Unido - UK GB","isPartOf":{"@id":"https:\/\/uk-gb.net\/es\/#website"},"datePublished":"2024-02-25T10:31:56+00:00","dateModified":"2025-07-17T14:24:14+00:00","description":"Descubre c\u00f3mo solicitar un visado por Internet para viajar al Reino Unido en unos pocos pasos.","inLanguage":"es","potentialAction":[{"@type":"ReadAction","target":["https:\/\/uk-gb.net\/es\/solicitud-procedimiento-visado-reino-unido\/"]}]},{"@type":"WebSite","@id":"https:\/\/uk-gb.net\/es\/#website","url":"https:\/\/uk-gb.net\/es\/","name":"UK GB","description":"Travel to the UK","potentialAction":[{"@type":"SearchAction","target":{"@type":"EntryPoint","urlTemplate":"https:\/\/uk-gb.net\/es\/?s={search_term_string}"},"query-input":{"@type":"PropertyValueSpecification","valueRequired":true,"valueName":"search_term_string"}}],"inLanguage":"es"}]}},"_links":{"self":[{"href":"https:\/\/uk-gb.net\/es\/wp-json\/wp\/v2\/pages\/1253","targetHints":{"allow":["GET"]}}],"collection":[{"href":"https:\/\/uk-gb.net\/es\/wp-json\/wp\/v2\/pages"}],"about":[{"href":"https:\/\/uk-gb.net\/es\/wp-json\/wp\/v2\/types\/page"}],"author":[{"embeddable":true,"href":"https:\/\/uk-gb.net\/es\/wp-json\/wp\/v2\/users\/1"}],"replies":[{"embeddable":true,"href":"https:\/\/uk-gb.net\/es\/wp-json\/wp\/v2\/comments?post=1253"}],"version-history":[{"count":0,"href":"https:\/\/uk-gb.net\/es\/wp-json\/wp\/v2\/pages\/1253\/revisions"}],"wp:attachment":[{"href":"https:\/\/uk-gb.net\/es\/wp-json\/wp\/v2\/media?parent=1253"}],"curies":[{"name":"wp","href":"https:\/\/api.w.org\/{rel}","templated":true}]}}