{"id":1035,"date":"2023-12-31T15:10:49","date_gmt":"2023-12-31T15:10:49","guid":{"rendered":"https:\/\/uk-gb.net\/visado-inglaterra-desde-espana\/"},"modified":"2026-03-02T14:12:38","modified_gmt":"2026-03-02T14:12:38","slug":"visado-inglaterra-desde-espana","status":"publish","type":"page","link":"https:\/\/uk-gb.net\/es\/visado-inglaterra-desde-espana\/","title":{"rendered":"Visado para Inglaterra desde Espa\u00f1a"},"content":{"rendered":"\n<h1 class=\"wp-block-heading\">Tr\u00e1mites para viajar a Inglaterra desde Espa\u00f1a<\/h1>\n\n<h2 class=\"wp-block-heading\">\u00bfNecesitan visado los espa\u00f1oles para viajar a Inglaterra?<\/h2>\n\n<p><strong>Un ciudadano espa\u00f1ol no necesita visado para el Reino Unido para una estancia inferior a 6<\/strong> meses gracias al Programa de Exenci\u00f3n de Visado del Reino Unido. Todo lo que tienen que hacer es solicitar una autorizaci\u00f3n electr\u00f3nica de viaje cumplimentando el <a href=\"https:\/\/uk-gb.net\/es\/formulario-visado-eta-en-linea-inglaterra\/\">formulario eTA UK en l\u00ednea<\/a>.<\/p>\n\n<div style=\"height:20px\" aria-hidden=\"true\" class=\"wp-block-spacer\"><\/div>\n\n<h2 class=\"wp-block-heading\">\u00bfLos extranjeros residentes en Espa\u00f1a necesitan visado para el Reino Unido?<\/h2>\n\n<p>Los tr\u00e1mites necesarios para entrar en el Reino Unido dependen de la nacionalidad del viajero:<\/p>\n\n<ul class=\"wp-block-list\">\n<li>Si el extranjero residente en Espa\u00f1a es ciudadano de un <a href=\"https:\/\/uk-gb.net\/es\/paises-que-pueden-solicitar-eta-reino-unido\/\">pa\u00eds beneficiario del programa de exenci\u00f3n de visado<\/a>, puede solicitar un <a href=\"https:\/\/uk-gb.net\/es\/eta-inglaterra-reino-unido\/\">visado brit\u00e1nico ETA<\/a> para una estancia inferior a 6 meses.<\/li>\n\n\n\n<li>De lo contrario, deber\u00e1n obtener un <a href=\"https:\/\/uk-gb.net\/es\/diferentes-tipos-de-visas-britanicas\/\">visado para viajar a Inglaterra<\/a>.<\/li>\n<\/ul>\n\n<p>As\u00ed pues, un extranjero residente en Espa\u00f1a puede obtener un ETA si su pa\u00eds de origen se beneficia de la exenci\u00f3n de visado brit\u00e1nica.<\/p>\n\n<h2 class=\"wp-block-heading\">\u00bfC\u00f3mo solicitar un visado para Inglaterra desde Espa\u00f1a?<\/h2>\n\n<p>Para obtener un visado para el Reino Unido, debe cumplimentar el formulario en l\u00ednea de la p\u00e1gina web de la Agencia de Fronteras del Reino Unido. El proceso se desarrolla en varias etapas, totalmente en l\u00ednea. <\/p>\n\n<p>El proceso para obtener un <a href=\"https:\/\/uk-gb.net\/es\/precio-de-visa-para-inglaterra\/\">visado y las tasas a pagar<\/a> dependen del motivo de su estancia en el Reino Unido.<\/p>\n\n<h3 class=\"wp-block-heading\">\u00bfC\u00f3mo solicitar un visado de turista para Inglaterra en Espa\u00f1a?<\/h3>\n\n<p>Si tu estancia en el Reino Unido es superior a 6 meses, tendr\u00e1s que solicitar un <a href=\"https:\/\/uk-gb.net\/es\/visado-turista-inglaterra-reino-unido\/\">visado de turista brit\u00e1nico<\/a>. Su solicitud ser\u00e1 tramitada por la <a href=\"https:\/\/uk-gb.net\/es\/embajada-britanica-en-espana\/\">Embajada Brit\u00e1nica<\/a>. <\/p>\n\n<h3 class=\"wp-block-heading\">\u00bfC\u00f3mo puede un ciudadano espa\u00f1ol obtener un visado de trabajo para Inglaterra?<\/h3>\n\n<p>Para obtener un visado de trabajo para el Reino Unido, primero debe obtener una oferta de trabajo de una empresa brit\u00e1nica. A continuaci\u00f3n, esta empresa tendr\u00e1 que obtener la certificaci\u00f3n de su destino y patrocinar su visado para el Reino Unido. <\/p>\n\n<h3 class=\"wp-block-heading\">\u00bfC\u00f3mo consigo una cita para el visado brit\u00e1nico?<\/h3>\n\n<p>Si su solicitud requiere un proceso diferente, es posible que pueda obtener una <a href=\"https:\/\/uk-gb.net\/es\/cita-para-visa-embajada-inglaterra\/\">cita en la Embajada Brit\u00e1nica<\/a>.<\/p>\n\n<p><\/p>\n","protected":false},"excerpt":{"rendered":"<p>Tr\u00e1mites para viajar a Inglaterra desde Espa\u00f1a \u00bfNecesitan visado los espa\u00f1oles para viajar a Inglaterra? Un ciudadano espa\u00f1ol no necesita visado para el Reino Unido para una estancia inferior a 6 meses gracias al Programa de Exenci\u00f3n de Visado del Reino Unido. Todo lo que tienen que hacer es solicitar una autorizaci\u00f3n electr\u00f3nica de viaje [&hellip;]<\/p>\n","protected":false},"author":1,"featured_media":0,"parent":0,"menu_order":0,"comment_status":"closed","ping_status":"closed","template":"","meta":{"footnotes":""},"class_list":["post-1035","page","type-page","status-publish","hentry"],"yoast_head":"<!-- This site is optimized with the Yoast SEO plugin v27.4 - https:\/\/yoast.com\/product\/yoast-seo-wordpress\/ -->\n<title>Visado para Inglaterra desde Espa\u00f1a - UK GB<\/title>\n<meta name=\"description\" content=\"C\u00f3mo obtener un visado en l\u00ednea para viajar al Reino Unido desde Espa\u00f1a en s\u00f3lo unos minutos utilizando su pasaporte\" \/>\n<meta name=\"robots\" content=\"index, follow, max-snippet:-1, max-image-preview:large, max-video-preview:-1\" \/>\n<link rel=\"canonical\" href=\"https:\/\/uk-gb.net\/es\/visado-inglaterra-desde-espana\/\" \/>\n<meta property=\"og:locale\" content=\"es_ES\" \/>\n<meta property=\"og:type\" content=\"article\" \/>\n<meta property=\"og:title\" content=\"Visado para Inglaterra desde Espa\u00f1a - UK GB\" \/>\n<meta property=\"og:description\" content=\"C\u00f3mo obtener un visado en l\u00ednea para viajar al Reino Unido desde Espa\u00f1a en s\u00f3lo unos minutos utilizando su pasaporte\" \/>\n<meta property=\"og:url\" content=\"https:\/\/uk-gb.net\/es\/visado-inglaterra-desde-espana\/\" \/>\n<meta property=\"og:site_name\" content=\"UK GB\" \/>\n<meta property=\"article:modified_time\" content=\"2026-03-02T14:12:38+00:00\" \/>\n<meta name=\"twitter:card\" content=\"summary_large_image\" \/>\n<meta name=\"twitter:label1\" content=\"Tiempo de lectura\" \/>\n\t<meta name=\"twitter:data1\" content=\"2 minutos\" \/>\n<script type=\"application\/ld+json\" class=\"yoast-schema-graph\">{\"@context\":\"https:\\\/\\\/schema.org\",\"@graph\":[{\"@type\":\"WebPage\",\"@id\":\"https:\\\/\\\/uk-gb.net\\\/es\\\/visado-inglaterra-desde-espana\\\/\",\"url\":\"https:\\\/\\\/uk-gb.net\\\/es\\\/visado-inglaterra-desde-espana\\\/\",\"name\":\"Visado para Inglaterra desde Espa\u00f1a - UK GB\",\"isPartOf\":{\"@id\":\"https:\\\/\\\/uk-gb.net\\\/es\\\/#website\"},\"datePublished\":\"2023-12-31T15:10:49+00:00\",\"dateModified\":\"2026-03-02T14:12:38+00:00\",\"description\":\"C\u00f3mo obtener un visado en l\u00ednea para viajar al Reino Unido desde Espa\u00f1a en s\u00f3lo unos minutos utilizando su pasaporte\",\"inLanguage\":\"es\",\"potentialAction\":[{\"@type\":\"ReadAction\",\"target\":[\"https:\\\/\\\/uk-gb.net\\\/es\\\/visado-inglaterra-desde-espana\\\/\"]}]},{\"@type\":\"WebSite\",\"@id\":\"https:\\\/\\\/uk-gb.net\\\/es\\\/#website\",\"url\":\"https:\\\/\\\/uk-gb.net\\\/es\\\/\",\"name\":\"UK GB\",\"description\":\"Travel to the UK\",\"potentialAction\":[{\"@type\":\"SearchAction\",\"target\":{\"@type\":\"EntryPoint\",\"urlTemplate\":\"https:\\\/\\\/uk-gb.net\\\/es\\\/?s={search_term_string}\"},\"query-input\":{\"@type\":\"PropertyValueSpecification\",\"valueRequired\":true,\"valueName\":\"search_term_string\"}}],\"inLanguage\":\"es\"}]}<\/script>\n<!-- \/ Yoast SEO plugin. -->","yoast_head_json":{"title":"Visado para Inglaterra desde Espa\u00f1a - UK GB","description":"C\u00f3mo obtener un visado en l\u00ednea para viajar al Reino Unido desde Espa\u00f1a en s\u00f3lo unos minutos utilizando su pasaporte","robots":{"index":"index","follow":"follow","max-snippet":"max-snippet:-1","max-image-preview":"max-image-preview:large","max-video-preview":"max-video-preview:-1"},"canonical":"https:\/\/uk-gb.net\/es\/visado-inglaterra-desde-espana\/","og_locale":"es_ES","og_type":"article","og_title":"Visado para Inglaterra desde Espa\u00f1a - UK GB","og_description":"C\u00f3mo obtener un visado en l\u00ednea para viajar al Reino Unido desde Espa\u00f1a en s\u00f3lo unos minutos utilizando su pasaporte","og_url":"https:\/\/uk-gb.net\/es\/visado-inglaterra-desde-espana\/","og_site_name":"UK GB","article_modified_time":"2026-03-02T14:12:38+00:00","twitter_card":"summary_large_image","twitter_misc":{"Tiempo de lectura":"2 minutos"},"schema":{"@context":"https:\/\/schema.org","@graph":[{"@type":"WebPage","@id":"https:\/\/uk-gb.net\/es\/visado-inglaterra-desde-espana\/","url":"https:\/\/uk-gb.net\/es\/visado-inglaterra-desde-espana\/","name":"Visado para Inglaterra desde Espa\u00f1a - UK GB","isPartOf":{"@id":"https:\/\/uk-gb.net\/es\/#website"},"datePublished":"2023-12-31T15:10:49+00:00","dateModified":"2026-03-02T14:12:38+00:00","description":"C\u00f3mo obtener un visado en l\u00ednea para viajar al Reino Unido desde Espa\u00f1a en s\u00f3lo unos minutos utilizando su pasaporte","inLanguage":"es","potentialAction":[{"@type":"ReadAction","target":["https:\/\/uk-gb.net\/es\/visado-inglaterra-desde-espana\/"]}]},{"@type":"WebSite","@id":"https:\/\/uk-gb.net\/es\/#website","url":"https:\/\/uk-gb.net\/es\/","name":"UK GB","description":"Travel to the UK","potentialAction":[{"@type":"SearchAction","target":{"@type":"EntryPoint","urlTemplate":"https:\/\/uk-gb.net\/es\/?s={search_term_string}"},"query-input":{"@type":"PropertyValueSpecification","valueRequired":true,"valueName":"search_term_string"}}],"inLanguage":"es"}]}},"_links":{"self":[{"href":"https:\/\/uk-gb.net\/es\/wp-json\/wp\/v2\/pages\/1035","targetHints":{"allow":["GET"]}}],"collection":[{"href":"https:\/\/uk-gb.net\/es\/wp-json\/wp\/v2\/pages"}],"about":[{"href":"https:\/\/uk-gb.net\/es\/wp-json\/wp\/v2\/types\/page"}],"author":[{"embeddable":true,"href":"https:\/\/uk-gb.net\/es\/wp-json\/wp\/v2\/users\/1"}],"replies":[{"embeddable":true,"href":"https:\/\/uk-gb.net\/es\/wp-json\/wp\/v2\/comments?post=1035"}],"version-history":[{"count":0,"href":"https:\/\/uk-gb.net\/es\/wp-json\/wp\/v2\/pages\/1035\/revisions"}],"wp:attachment":[{"href":"https:\/\/uk-gb.net\/es\/wp-json\/wp\/v2\/media?parent=1035"}],"curies":[{"name":"wp","href":"https:\/\/api.w.org\/{rel}","templated":true}]}}