{"id":9873,"date":"2026-02-25T16:17:50","date_gmt":"2026-02-25T16:17:50","guid":{"rendered":"https:\/\/uk-gb.net\/causeway-coastal-route-de\/"},"modified":"2026-03-02T15:04:52","modified_gmt":"2026-03-02T15:04:52","slug":"causeway-coastal-route-de","status":"publish","type":"page","link":"https:\/\/uk-gb.net\/de\/causeway-coastal-route-de\/","title":{"rendered":"Causeway Coastal Route: Vollst\u00e4ndige Route durch Nordirland, Karte und Tipps"},"content":{"rendered":"\n<h1 class=\"wp-block-heading\">Entdecken Sie die Causeway Coastal Route in Nordirland<\/h1>\n\n<p>Die Causeway Coastal Route ist einer der sch\u00f6nsten Roadtrips in Europa. Zwischen dramatischen Klippen, Burgruinen, wilden Str\u00e4nden und malerischen D\u00f6rfern verl\u00e4uft diese Route von <a href=\"https:\/\/uk-gb.net\/de\/belfast\/\" type=\"page\" id=\"5344\">Belfast<\/a> nach Derry (Londonderry) \u00fcber etwa 200 km. <\/p>\n\n<p>Diese Route ist ein Muss, um <strong>Nordirland<\/strong> auf eine immersive Weise zu erleben.<\/p>\n\n<figure class=\"wp-block-image size-large\"><img fetchpriority=\"high\" decoding=\"async\" width=\"1024\" height=\"458\" src=\"https:\/\/uk-gb.net\/wp-content\/uploads\/2026\/02\/causeway-carrick-a-rede-rope-bridge-1024x458.jpg\" alt=\"\" class=\"wp-image-9843\" srcset=\"https:\/\/uk-gb.net\/wp-content\/uploads\/2026\/02\/causeway-carrick-a-rede-rope-bridge-1024x458.jpg 1024w, https:\/\/uk-gb.net\/wp-content\/uploads\/2026\/02\/causeway-carrick-a-rede-rope-bridge-300x134.jpg 300w, https:\/\/uk-gb.net\/wp-content\/uploads\/2026\/02\/causeway-carrick-a-rede-rope-bridge-768x344.jpg 768w, https:\/\/uk-gb.net\/wp-content\/uploads\/2026\/02\/causeway-carrick-a-rede-rope-bridge.jpg 1050w\" sizes=\"(max-width: 1024px) 100vw, 1024px\" \/><\/figure>\n\n<h2 class=\"wp-block-heading\">Reiseroute der Causeway Coastal Route<\/h2>\n\n<p>Die Route verl\u00e4uft entlang der Nordk\u00fcste Nordirlands und kann in 1 bis 3 Tagen zur\u00fcckgelegt werden, je nach Ihrem Tempo.<\/p>\n\n<p>\ud83d\udccd Hauptschritte:<\/p>\n\n<ol class=\"wp-block-list\">\n<li>Belfast &#8211; Ausgangspunkt<\/li>\n\n\n\n<li>Carrickfergus Castle<\/li>\n\n\n\n<li>Carnlough &#8211; authentisches Dorf<\/li>\n\n\n\n<li>Carrick-a-Rede Rope Bridge<\/li>\n\n\n\n<li>Giant&#8217;s Causeway (UNESCO-Weltkulturerbe)<\/li>\n\n\n\n<li>Dunluce Castle<\/li>\n\n\n\n<li>Portrush &amp; Portstewart<\/li>\n\n\n\n<li>Mussenden Temple<\/li>\n\n\n\n<li>Derry \/ Londonderry<\/li>\n<\/ol>\n\n<div style=\"height:10px\" aria-hidden=\"true\" class=\"wp-block-spacer\"><\/div>\n\n<h2 class=\"wp-block-heading\">Was Sie unbedingt sehen sollten<\/h2>\n\n<p><strong>Giant&#8217;s Causeway<\/strong>: Dieses UNESCO-Weltkulturerbe ist ber\u00fchmt f\u00fcr seine sechseckigen Basalts\u00e4ulen, die durch einen Vulkanausbruch entstanden sind. Es handelt sich um eine weltweit einzigartige Naturlandschaft, die aus 40.000 Basalts\u00e4ulen besteht, die durch eine fr\u00fchere vulkanische Aktivit\u00e4t entstanden sind. Erkunden Sie die Wanderwege, bewundern Sie die Felsformationen und besuchen Sie das Besucherzentrum, um mehr \u00fcber die Legende zu erfahren, die diesen Ort umgibt.  <\/p>\n\n<figure class=\"wp-block-gallery has-nested-images columns-default is-cropped wp-block-gallery-1 is-layout-flex wp-block-gallery-is-layout-flex\">\n<figure class=\"wp-block-image size-large\"><img decoding=\"async\" width=\"1024\" height=\"566\" data-id=\"9845\" src=\"https:\/\/uk-gb.net\/wp-content\/uploads\/2026\/02\/giant-causeway-1-1024x566.jpg\" alt=\"\" class=\"wp-image-9845\" srcset=\"https:\/\/uk-gb.net\/wp-content\/uploads\/2026\/02\/giant-causeway-1-1024x566.jpg 1024w, https:\/\/uk-gb.net\/wp-content\/uploads\/2026\/02\/giant-causeway-1-300x166.jpg 300w, https:\/\/uk-gb.net\/wp-content\/uploads\/2026\/02\/giant-causeway-1-768x424.jpg 768w, https:\/\/uk-gb.net\/wp-content\/uploads\/2026\/02\/giant-causeway-1-1536x849.jpg 1536w, https:\/\/uk-gb.net\/wp-content\/uploads\/2026\/02\/giant-causeway-1.jpg 1549w\" sizes=\"(max-width: 1024px) 100vw, 1024px\" \/><figcaption class=\"wp-element-caption\"><strong>Giant&#8217;s Causeway<\/strong><\/figcaption><\/figure>\n<\/figure>\n\n<p><strong>Carrick-a-Rede Rope Bridge<\/strong>: Diese H\u00e4ngebr\u00fccke bietet einen spektakul\u00e4ren Blick auf das Meer und die umliegenden Klippen. \u00dcberqueren Sie die Br\u00fccke f\u00fcr einen Adrenalinsto\u00df und genie\u00dfen Sie die nat\u00fcrliche Sch\u00f6nheit der Umgebung. <\/p>\n\n<figure class=\"wp-block-image size-full\"><img decoding=\"async\" width=\"964\" height=\"522\" src=\"https:\/\/uk-gb.net\/wp-content\/uploads\/2026\/03\/carrick-a-rede-rope-bridge.jpg\" alt=\"\" class=\"wp-image-9849\" srcset=\"https:\/\/uk-gb.net\/wp-content\/uploads\/2026\/03\/carrick-a-rede-rope-bridge.jpg 964w, https:\/\/uk-gb.net\/wp-content\/uploads\/2026\/03\/carrick-a-rede-rope-bridge-300x162.jpg 300w, https:\/\/uk-gb.net\/wp-content\/uploads\/2026\/03\/carrick-a-rede-rope-bridge-768x416.jpg 768w\" sizes=\"(max-width: 964px) 100vw, 964px\" \/><figcaption class=\"wp-element-caption\"><strong>Carrick-a-Rede Rope Bridge<\/strong><\/figcaption><\/figure>\n\n<p><strong>Dunluce Castle<\/strong>: Hoch auf den Klippen gelegen, bietet diese mittelalterliche Burg einen atemberaubenden Blick auf den Atlantischen Ozean. Besuchen Sie die Ruinen, erfahren Sie mehr \u00fcber seine faszinierende Geschichte und genie\u00dfen Sie die umliegende Landschaft. <\/p>\n\n<figure class=\"wp-block-image size-large\"><img loading=\"lazy\" decoding=\"async\" width=\"1024\" height=\"509\" src=\"https:\/\/uk-gb.net\/wp-content\/uploads\/2026\/03\/Dunluce-castle-1024x509.jpg\" alt=\"\" class=\"wp-image-9848\" srcset=\"https:\/\/uk-gb.net\/wp-content\/uploads\/2026\/03\/Dunluce-castle-1024x509.jpg 1024w, https:\/\/uk-gb.net\/wp-content\/uploads\/2026\/03\/Dunluce-castle-300x149.jpg 300w, https:\/\/uk-gb.net\/wp-content\/uploads\/2026\/03\/Dunluce-castle-768x382.jpg 768w, https:\/\/uk-gb.net\/wp-content\/uploads\/2026\/03\/Dunluce-castle.jpg 1142w\" sizes=\"(max-width: 1024px) 100vw, 1024px\" \/><figcaption class=\"wp-element-caption\"><strong>Dunluce Castle<\/strong><\/figcaption><\/figure>\n\n<p>Praktische Tipps f\u00fcr Ihren Road Trip<\/p>\n\n<ul class=\"wp-block-list\">\n<li><strong>Beste Reisezeit<\/strong>: Die Monate Mai bis September bieten ein milderes Klima und l\u00e4ngere Tage.<\/li>\n\n\n\n<li><strong>Mietwagen<\/strong>: W\u00e4hlen Sie einen komfortablen Wagen, um die Landschaft zu genie\u00dfen. Denken Sie daran, im Voraus zu buchen, besonders in der Hochsaison. <\/li>\n\n\n\n<li><strong>Unterkunft<\/strong>: W\u00e4hlen Sie B&amp;B, Hotels oder Campingpl\u00e4tze entlang der Route f\u00fcr ein authentisches Erlebnis.<\/li>\n\n\n\n<li><strong>Respektieren Sie die Umwelt<\/strong>: Achten Sie auf die Sehensw\u00fcrdigkeiten, die Sie besuchen, nehmen Sie Ihren M\u00fcll mit und respektieren Sie die lokale Fauna.<\/li>\n\n\n\n<li><strong>Reiseformalit\u00e4ten<\/strong>: Denken Sie daran, Ihre <a href=\"https:\/\/uk-gb.net\/de\/visum-vereinigtes-konigreich\/\" type=\"page\" id=\"373\">Formalit\u00e4ten f\u00fcr das Vereinigte K\u00f6nigreich im<\/a> Voraus zu erledigen.<\/li>\n<\/ul>\n\n<div style=\"height:10px\" aria-hidden=\"true\" class=\"wp-block-spacer\"><\/div>\n\n<h2 class=\"wp-block-heading\">Warum die Causeway Coastal Route?<\/h2>\n\n<p>Ein Roadtrip entlang der Causeway Coastal Route ist ein unvergessliches Erlebnis, das nat\u00fcrliche Sch\u00f6nheit, Geschichte und Abenteuer miteinander verbindet. Ob Sie nun ikonische Sehensw\u00fcrdigkeiten erkunden oder einfach nur die Landschaft genie\u00dfen wollen, diese Route ist ein Muss f\u00fcr jeden Nordirland-Besucher.   <\/p>\n\n<p>Planen Sie Ihre Route, schnappen Sie sich Ihre Kamera und machen Sie sich auf den Weg, um diesen verborgenen Schatz zu entdecken.<\/p>\n","protected":false},"excerpt":{"rendered":"<p>Entdecken Sie die Causeway Coastal Route in Nordirland Die Causeway Coastal Route ist einer der sch\u00f6nsten Roadtrips in Europa. Zwischen dramatischen Klippen, Burgruinen, wilden Str\u00e4nden und malerischen D\u00f6rfern verl\u00e4uft diese Route von Belfast nach Derry (Londonderry) \u00fcber etwa 200 km. Diese Route ist ein Muss, um Nordirland auf eine immersive Weise zu erleben. Reiseroute der [&hellip;]<\/p>\n","protected":false},"author":1,"featured_media":0,"parent":0,"menu_order":0,"comment_status":"closed","ping_status":"closed","template":"","meta":{"footnotes":""},"class_list":["post-9873","page","type-page","status-publish","hentry"],"yoast_head":"<!-- This site is optimized with the Yoast SEO plugin v27.4 - https:\/\/yoast.com\/product\/yoast-seo-wordpress\/ -->\n<title>Causeway Coastal Route: Vollst\u00e4ndige Route durch Nordirland, Karte und Tipps - UK GB<\/title>\n<meta name=\"description\" content=\"Causeway Coastal Route in Nordirland: detaillierte Wegbeschreibung, Karte, Meilensteine und Sehensw\u00fcrdigkeiten zwischen Belfast und Derry.\" \/>\n<meta name=\"robots\" content=\"index, follow, max-snippet:-1, max-image-preview:large, max-video-preview:-1\" \/>\n<link rel=\"canonical\" href=\"https:\/\/uk-gb.net\/de\/causeway-coastal-route-de\/\" \/>\n<meta property=\"og:locale\" content=\"de_DE\" \/>\n<meta property=\"og:type\" content=\"article\" \/>\n<meta property=\"og:title\" content=\"Causeway Coastal Route: Vollst\u00e4ndige Route durch Nordirland, Karte und Tipps - UK GB\" \/>\n<meta property=\"og:description\" content=\"Causeway Coastal Route in Nordirland: detaillierte Wegbeschreibung, Karte, Meilensteine und Sehensw\u00fcrdigkeiten zwischen Belfast und Derry.\" \/>\n<meta property=\"og:url\" content=\"https:\/\/uk-gb.net\/de\/causeway-coastal-route-de\/\" \/>\n<meta property=\"og:site_name\" content=\"UK GB\" \/>\n<meta property=\"article:modified_time\" content=\"2026-03-02T15:04:52+00:00\" \/>\n<meta property=\"og:image\" content=\"https:\/\/uk-gb.net\/wp-content\/uploads\/2026\/02\/causeway-carrick-a-rede-rope-bridge.jpg\" \/>\n\t<meta property=\"og:image:width\" content=\"1050\" \/>\n\t<meta property=\"og:image:height\" content=\"470\" \/>\n\t<meta property=\"og:image:type\" content=\"image\/jpeg\" \/>\n<meta name=\"twitter:card\" content=\"summary_large_image\" \/>\n<meta name=\"twitter:label1\" content=\"Gesch\u00e4tzte Lesezeit\" \/>\n\t<meta name=\"twitter:data1\" content=\"2\u00a0Minuten\" \/>\n<script type=\"application\/ld+json\" class=\"yoast-schema-graph\">{\"@context\":\"https:\\\/\\\/schema.org\",\"@graph\":[{\"@type\":\"WebPage\",\"@id\":\"https:\\\/\\\/uk-gb.net\\\/de\\\/causeway-coastal-route-de\\\/\",\"url\":\"https:\\\/\\\/uk-gb.net\\\/de\\\/causeway-coastal-route-de\\\/\",\"name\":\"Causeway Coastal Route: Vollst\u00e4ndige Route durch Nordirland, Karte und Tipps - UK GB\",\"isPartOf\":{\"@id\":\"https:\\\/\\\/uk-gb.net\\\/de\\\/#website\"},\"primaryImageOfPage\":{\"@id\":\"https:\\\/\\\/uk-gb.net\\\/de\\\/causeway-coastal-route-de\\\/#primaryimage\"},\"image\":{\"@id\":\"https:\\\/\\\/uk-gb.net\\\/de\\\/causeway-coastal-route-de\\\/#primaryimage\"},\"thumbnailUrl\":\"https:\\\/\\\/uk-gb.net\\\/wp-content\\\/uploads\\\/2026\\\/02\\\/causeway-carrick-a-rede-rope-bridge-1024x458.jpg\",\"datePublished\":\"2026-02-25T16:17:50+00:00\",\"dateModified\":\"2026-03-02T15:04:52+00:00\",\"description\":\"Causeway Coastal Route in Nordirland: detaillierte Wegbeschreibung, Karte, Meilensteine und Sehensw\u00fcrdigkeiten zwischen Belfast und Derry.\",\"inLanguage\":\"de\",\"potentialAction\":[{\"@type\":\"ReadAction\",\"target\":[\"https:\\\/\\\/uk-gb.net\\\/de\\\/causeway-coastal-route-de\\\/\"]}]},{\"@type\":\"ImageObject\",\"inLanguage\":\"de\",\"@id\":\"https:\\\/\\\/uk-gb.net\\\/de\\\/causeway-coastal-route-de\\\/#primaryimage\",\"url\":\"https:\\\/\\\/uk-gb.net\\\/wp-content\\\/uploads\\\/2026\\\/02\\\/causeway-carrick-a-rede-rope-bridge-1024x458.jpg\",\"contentUrl\":\"https:\\\/\\\/uk-gb.net\\\/wp-content\\\/uploads\\\/2026\\\/02\\\/causeway-carrick-a-rede-rope-bridge-1024x458.jpg\"},{\"@type\":\"WebSite\",\"@id\":\"https:\\\/\\\/uk-gb.net\\\/de\\\/#website\",\"url\":\"https:\\\/\\\/uk-gb.net\\\/de\\\/\",\"name\":\"UK GB\",\"description\":\"Travel to the UK\",\"potentialAction\":[{\"@type\":\"SearchAction\",\"target\":{\"@type\":\"EntryPoint\",\"urlTemplate\":\"https:\\\/\\\/uk-gb.net\\\/de\\\/?s={search_term_string}\"},\"query-input\":{\"@type\":\"PropertyValueSpecification\",\"valueRequired\":true,\"valueName\":\"search_term_string\"}}],\"inLanguage\":\"de\"}]}<\/script>\n<!-- \/ Yoast SEO plugin. -->","yoast_head_json":{"title":"Causeway Coastal Route: Vollst\u00e4ndige Route durch Nordirland, Karte und Tipps - UK GB","description":"Causeway Coastal Route in Nordirland: detaillierte Wegbeschreibung, Karte, Meilensteine und Sehensw\u00fcrdigkeiten zwischen Belfast und Derry.","robots":{"index":"index","follow":"follow","max-snippet":"max-snippet:-1","max-image-preview":"max-image-preview:large","max-video-preview":"max-video-preview:-1"},"canonical":"https:\/\/uk-gb.net\/de\/causeway-coastal-route-de\/","og_locale":"de_DE","og_type":"article","og_title":"Causeway Coastal Route: Vollst\u00e4ndige Route durch Nordirland, Karte und Tipps - UK GB","og_description":"Causeway Coastal Route in Nordirland: detaillierte Wegbeschreibung, Karte, Meilensteine und Sehensw\u00fcrdigkeiten zwischen Belfast und Derry.","og_url":"https:\/\/uk-gb.net\/de\/causeway-coastal-route-de\/","og_site_name":"UK GB","article_modified_time":"2026-03-02T15:04:52+00:00","og_image":[{"width":1050,"height":470,"url":"https:\/\/uk-gb.net\/wp-content\/uploads\/2026\/02\/causeway-carrick-a-rede-rope-bridge.jpg","type":"image\/jpeg"}],"twitter_card":"summary_large_image","twitter_misc":{"Gesch\u00e4tzte Lesezeit":"2\u00a0Minuten"},"schema":{"@context":"https:\/\/schema.org","@graph":[{"@type":"WebPage","@id":"https:\/\/uk-gb.net\/de\/causeway-coastal-route-de\/","url":"https:\/\/uk-gb.net\/de\/causeway-coastal-route-de\/","name":"Causeway Coastal Route: Vollst\u00e4ndige Route durch Nordirland, Karte und Tipps - UK GB","isPartOf":{"@id":"https:\/\/uk-gb.net\/de\/#website"},"primaryImageOfPage":{"@id":"https:\/\/uk-gb.net\/de\/causeway-coastal-route-de\/#primaryimage"},"image":{"@id":"https:\/\/uk-gb.net\/de\/causeway-coastal-route-de\/#primaryimage"},"thumbnailUrl":"https:\/\/uk-gb.net\/wp-content\/uploads\/2026\/02\/causeway-carrick-a-rede-rope-bridge-1024x458.jpg","datePublished":"2026-02-25T16:17:50+00:00","dateModified":"2026-03-02T15:04:52+00:00","description":"Causeway Coastal Route in Nordirland: detaillierte Wegbeschreibung, Karte, Meilensteine und Sehensw\u00fcrdigkeiten zwischen Belfast und Derry.","inLanguage":"de","potentialAction":[{"@type":"ReadAction","target":["https:\/\/uk-gb.net\/de\/causeway-coastal-route-de\/"]}]},{"@type":"ImageObject","inLanguage":"de","@id":"https:\/\/uk-gb.net\/de\/causeway-coastal-route-de\/#primaryimage","url":"https:\/\/uk-gb.net\/wp-content\/uploads\/2026\/02\/causeway-carrick-a-rede-rope-bridge-1024x458.jpg","contentUrl":"https:\/\/uk-gb.net\/wp-content\/uploads\/2026\/02\/causeway-carrick-a-rede-rope-bridge-1024x458.jpg"},{"@type":"WebSite","@id":"https:\/\/uk-gb.net\/de\/#website","url":"https:\/\/uk-gb.net\/de\/","name":"UK GB","description":"Travel to the UK","potentialAction":[{"@type":"SearchAction","target":{"@type":"EntryPoint","urlTemplate":"https:\/\/uk-gb.net\/de\/?s={search_term_string}"},"query-input":{"@type":"PropertyValueSpecification","valueRequired":true,"valueName":"search_term_string"}}],"inLanguage":"de"}]}},"_links":{"self":[{"href":"https:\/\/uk-gb.net\/de\/wp-json\/wp\/v2\/pages\/9873","targetHints":{"allow":["GET"]}}],"collection":[{"href":"https:\/\/uk-gb.net\/de\/wp-json\/wp\/v2\/pages"}],"about":[{"href":"https:\/\/uk-gb.net\/de\/wp-json\/wp\/v2\/types\/page"}],"author":[{"embeddable":true,"href":"https:\/\/uk-gb.net\/de\/wp-json\/wp\/v2\/users\/1"}],"replies":[{"embeddable":true,"href":"https:\/\/uk-gb.net\/de\/wp-json\/wp\/v2\/comments?post=9873"}],"version-history":[{"count":0,"href":"https:\/\/uk-gb.net\/de\/wp-json\/wp\/v2\/pages\/9873\/revisions"}],"wp:attachment":[{"href":"https:\/\/uk-gb.net\/de\/wp-json\/wp\/v2\/media?parent=9873"}],"curies":[{"name":"wp","href":"https:\/\/api.w.org\/{rel}","templated":true}]}}